{"id":139,"date":"2023-05-08T16:13:15","date_gmt":"2023-05-08T16:13:15","guid":{"rendered":"http:\/\/booksfrommexico.com\/product\/dia-de-muertos\/"},"modified":"2024-12-27T19:13:36","modified_gmt":"2024-12-27T19:13:36","slug":"dia-de-muertos","status":"publish","type":"product","link":"https:\/\/booksfrommexico.com\/es\/producto\/dia-de-muertos\/","title":{"rendered":"Antolog\u00eda del cuento mexicano: D\u00eda de muertos"},"content":{"rendered":"<p><span style=\"font-weight: 400;\">Esta antolog\u00eda de cuentos de escritores mexicanos coordinada y seleccionada por Jorge Volpi no busca contribuir al basto folklor de la fiesta de los difuntos, sino m\u00e1s bien aprovechar sus met\u00e1foras, connotaciones y el poder de seducci\u00f3n que la muerte ejerce en las mentes contempor\u00e1neas. Estos 13 autores, cuyas trayectorias y estilos son muy diversos, ofrecen una visi\u00f3n particular del 1\u00ba de noviembre. Para ello, dejan de lado los elementos caracter\u00edsticos como las calaveras de az\u00facar, las ofrendas y el cempas\u00fachil, as\u00ed como los t\u00f3picos comunes y el estigma de lo que es \u201cmexicano\u201d, para adentrarse en estilos y tem\u00e1ticas que van desde el humor a lo macabro.<\/span><\/p>\n","protected":false},"excerpt":{"rendered":"<p>ANTOLOG\u00cdA DEL CUENTO MEXICANO : D\u00cdA DE MUERTOS<span style=\"font-weight: 400;\">. \/ Eduardo Antonio Parra, Rosa Beltr\u00e1n, Mario Bellat\u00edn, Adri\u00e1n Curiel Rivera, Alejandra Bernal, Pedro \u00c1ngel Palou, Eloy Urroz, Ana Garc\u00eda Bergua, Pablo Soler, Mart\u00edn Solares, Guadalupe Nettel, Ignacio Padilla. Madrid, Espa\u00f1a: Plaza y Jan\u00e9s Editores ; Nuevas Ediciones DeBolsillo, 2001. 156 pages ; includes semblances at the end of each chapter; 18 cm. (Colecci\u00f3n Ave F\u00e9nix Bolsillo). ISBN : 8484507394 ; <\/span><span style=\"font-weight: 400;\">9788484507390.<\/span><\/p>\n","protected":false},"featured_media":138,"template":"","meta":{"_acf_changed":false,"inline_featured_image":false},"product_brand":[],"product_cat":[37,25],"product_tag":[4127,3603,3740,4481],"class_list":{"0":"post-139","1":"product","2":"type-product","3":"status-publish","4":"has-post-thumbnail","6":"product_cat-cuento-literatura","7":"product_cat-literatura","8":"product_tag-cuento","9":"product_tag-cuentos-mexicanos","10":"product_tag-dia-de-muertos","11":"product_tag-tradicion-y-costumbres","13":"first","14":"outofstock","15":"sale","16":"taxable","17":"shipping-taxable","18":"purchasable","19":"product-type-simple"},"acf":[],"yoast_head":"<!-- This site is optimized with the Yoast SEO plugin v27.3 - https:\/\/yoast.com\/product\/yoast-seo-wordpress\/ -->\n<title>Antolog\u00eda del cuento mexicano: D\u00eda de muertos<\/title>\n<meta name=\"description\" content=\"ANTOLOG\u00cdA DEL CUENTO MEXICANO : D\u00cdA DE MUERTOS. \/ Madrid, Espa\u00f1a: Plaza y Jan\u00e9s Editores; Nuevas Ediciones DeBolsillo, 2001. (Colecci\u00f3n Ave F\u00e9nix Bolsillo).\" \/>\n<meta name=\"robots\" content=\"index, follow, max-snippet:-1, max-image-preview:large, max-video-preview:-1\" \/>\n<link rel=\"canonical\" href=\"https:\/\/booksfrommexico.com\/es\/producto\/dia-de-muertos\/\" \/>\n<meta property=\"og:locale\" content=\"es_ES\" \/>\n<meta property=\"og:type\" content=\"article\" \/>\n<meta property=\"og:title\" content=\"Antolog\u00eda del cuento mexicano: D\u00eda de muertos\" \/>\n<meta property=\"og:description\" content=\"ANTOLOG\u00cdA DEL CUENTO MEXICANO : D\u00cdA DE MUERTOS. \/ Madrid, Espa\u00f1a: Plaza y Jan\u00e9s Editores; Nuevas Ediciones DeBolsillo, 2001. (Colecci\u00f3n Ave F\u00e9nix Bolsillo).\" \/>\n<meta property=\"og:url\" content=\"https:\/\/booksfrommexico.com\/es\/producto\/dia-de-muertos\/\" \/>\n<meta property=\"og:site_name\" content=\"Books From Mexico\" \/>\n<meta property=\"article:modified_time\" content=\"2024-12-27T19:13:36+00:00\" \/>\n<meta property=\"og:image\" content=\"http:\/\/booksfrommexico.com\/app\/uploads\/2023\/05\/115929.jpeg\" \/>\n\t<meta property=\"og:image:width\" content=\"434\" \/>\n\t<meta property=\"og:image:height\" content=\"678\" \/>\n\t<meta property=\"og:image:type\" content=\"image\/jpeg\" \/>\n<meta name=\"twitter:card\" content=\"summary_large_image\" \/>\n<meta name=\"twitter:label1\" content=\"Tiempo de lectura\" \/>\n\t<meta name=\"twitter:data1\" content=\"1 minuto\" \/>\n<script type=\"application\/ld+json\" class=\"yoast-schema-graph\">{\"@context\":\"https:\\\/\\\/schema.org\",\"@graph\":[{\"@type\":\"WebPage\",\"@id\":\"https:\\\/\\\/booksfrommexico.com\\\/es\\\/producto\\\/dia-de-muertos\\\/\",\"url\":\"https:\\\/\\\/booksfrommexico.com\\\/es\\\/producto\\\/dia-de-muertos\\\/\",\"name\":\"Antolog\u00eda del cuento mexicano: D\u00eda de muertos\",\"isPartOf\":{\"@id\":\"https:\\\/\\\/booksfrommexico.com\\\/#website\"},\"primaryImageOfPage\":{\"@id\":\"https:\\\/\\\/booksfrommexico.com\\\/es\\\/producto\\\/dia-de-muertos\\\/#primaryimage\"},\"image\":{\"@id\":\"https:\\\/\\\/booksfrommexico.com\\\/es\\\/producto\\\/dia-de-muertos\\\/#primaryimage\"},\"thumbnailUrl\":\"https:\\\/\\\/booksfrommexico.com\\\/app\\\/uploads\\\/2023\\\/05\\\/115929.jpeg\",\"datePublished\":\"2023-05-08T16:13:15+00:00\",\"dateModified\":\"2024-12-27T19:13:36+00:00\",\"description\":\"ANTOLOG\u00cdA DEL CUENTO MEXICANO : D\u00cdA DE MUERTOS. \\\/ Madrid, Espa\u00f1a: Plaza y Jan\u00e9s Editores; Nuevas Ediciones DeBolsillo, 2001. (Colecci\u00f3n Ave F\u00e9nix Bolsillo).\",\"breadcrumb\":{\"@id\":\"https:\\\/\\\/booksfrommexico.com\\\/es\\\/producto\\\/dia-de-muertos\\\/#breadcrumb\"},\"inLanguage\":\"es\",\"potentialAction\":[{\"@type\":\"ReadAction\",\"target\":[\"https:\\\/\\\/booksfrommexico.com\\\/es\\\/producto\\\/dia-de-muertos\\\/\"]}]},{\"@type\":\"ImageObject\",\"inLanguage\":\"es\",\"@id\":\"https:\\\/\\\/booksfrommexico.com\\\/es\\\/producto\\\/dia-de-muertos\\\/#primaryimage\",\"url\":\"https:\\\/\\\/booksfrommexico.com\\\/app\\\/uploads\\\/2023\\\/05\\\/115929.jpeg\",\"contentUrl\":\"https:\\\/\\\/booksfrommexico.com\\\/app\\\/uploads\\\/2023\\\/05\\\/115929.jpeg\",\"width\":434,\"height\":678,\"caption\":\"D\u00eda de muertos\"},{\"@type\":\"BreadcrumbList\",\"@id\":\"https:\\\/\\\/booksfrommexico.com\\\/es\\\/producto\\\/dia-de-muertos\\\/#breadcrumb\",\"itemListElement\":[{\"@type\":\"ListItem\",\"position\":1,\"name\":\"Home\",\"item\":\"https:\\\/\\\/booksfrommexico.com\\\/es\\\/\"},{\"@type\":\"ListItem\",\"position\":2,\"name\":\"Libros\",\"item\":\"https:\\\/\\\/booksfrommexico.com\\\/es\\\/libros\\\/\"},{\"@type\":\"ListItem\",\"position\":3,\"name\":\"Antolog\u00eda del cuento mexicano: D\u00eda de muertos\"}]},{\"@type\":\"WebSite\",\"@id\":\"https:\\\/\\\/booksfrommexico.com\\\/#website\",\"url\":\"https:\\\/\\\/booksfrommexico.com\\\/\",\"name\":\"Books From Mexico\",\"description\":\"\",\"publisher\":{\"@id\":\"https:\\\/\\\/booksfrommexico.com\\\/#organization\"},\"potentialAction\":[{\"@type\":\"SearchAction\",\"target\":{\"@type\":\"EntryPoint\",\"urlTemplate\":\"https:\\\/\\\/booksfrommexico.com\\\/?s={search_term_string}\"},\"query-input\":{\"@type\":\"PropertyValueSpecification\",\"valueRequired\":true,\"valueName\":\"search_term_string\"}}],\"inLanguage\":\"es\"},{\"@type\":\"Organization\",\"@id\":\"https:\\\/\\\/booksfrommexico.com\\\/#organization\",\"name\":\"Books From Mexico\",\"url\":\"https:\\\/\\\/booksfrommexico.com\\\/\",\"logo\":{\"@type\":\"ImageObject\",\"inLanguage\":\"es\",\"@id\":\"https:\\\/\\\/booksfrommexico.com\\\/#\\\/schema\\\/logo\\\/image\\\/\",\"url\":\"https:\\\/\\\/booksfrommexico.com\\\/app\\\/uploads\\\/2023\\\/05\\\/logo-booksfrommexico.svg\",\"contentUrl\":\"https:\\\/\\\/booksfrommexico.com\\\/app\\\/uploads\\\/2023\\\/05\\\/logo-booksfrommexico.svg\",\"width\":86,\"height\":56,\"caption\":\"Books From Mexico\"},\"image\":{\"@id\":\"https:\\\/\\\/booksfrommexico.com\\\/#\\\/schema\\\/logo\\\/image\\\/\"}}]}<\/script>\n<!-- \/ Yoast SEO plugin. -->","yoast_head_json":{"title":"Antolog\u00eda del cuento mexicano: D\u00eda de muertos","description":"ANTOLOG\u00cdA DEL CUENTO MEXICANO : D\u00cdA DE MUERTOS. \/ Madrid, Espa\u00f1a: Plaza y Jan\u00e9s Editores; Nuevas Ediciones DeBolsillo, 2001. (Colecci\u00f3n Ave F\u00e9nix Bolsillo).","robots":{"index":"index","follow":"follow","max-snippet":"max-snippet:-1","max-image-preview":"max-image-preview:large","max-video-preview":"max-video-preview:-1"},"canonical":"https:\/\/booksfrommexico.com\/es\/producto\/dia-de-muertos\/","og_locale":"es_ES","og_type":"article","og_title":"Antolog\u00eda del cuento mexicano: D\u00eda de muertos","og_description":"ANTOLOG\u00cdA DEL CUENTO MEXICANO : D\u00cdA DE MUERTOS. \/ Madrid, Espa\u00f1a: Plaza y Jan\u00e9s Editores; Nuevas Ediciones DeBolsillo, 2001. (Colecci\u00f3n Ave F\u00e9nix Bolsillo).","og_url":"https:\/\/booksfrommexico.com\/es\/producto\/dia-de-muertos\/","og_site_name":"Books From Mexico","article_modified_time":"2024-12-27T19:13:36+00:00","og_image":[{"width":434,"height":678,"url":"http:\/\/booksfrommexico.com\/app\/uploads\/2023\/05\/115929.jpeg","type":"image\/jpeg"}],"twitter_card":"summary_large_image","twitter_misc":{"Tiempo de lectura":"1 minuto"},"schema":{"@context":"https:\/\/schema.org","@graph":[{"@type":"WebPage","@id":"https:\/\/booksfrommexico.com\/es\/producto\/dia-de-muertos\/","url":"https:\/\/booksfrommexico.com\/es\/producto\/dia-de-muertos\/","name":"Antolog\u00eda del cuento mexicano: D\u00eda de muertos","isPartOf":{"@id":"https:\/\/booksfrommexico.com\/#website"},"primaryImageOfPage":{"@id":"https:\/\/booksfrommexico.com\/es\/producto\/dia-de-muertos\/#primaryimage"},"image":{"@id":"https:\/\/booksfrommexico.com\/es\/producto\/dia-de-muertos\/#primaryimage"},"thumbnailUrl":"https:\/\/booksfrommexico.com\/app\/uploads\/2023\/05\/115929.jpeg","datePublished":"2023-05-08T16:13:15+00:00","dateModified":"2024-12-27T19:13:36+00:00","description":"ANTOLOG\u00cdA DEL CUENTO MEXICANO : D\u00cdA DE MUERTOS. \/ Madrid, Espa\u00f1a: Plaza y Jan\u00e9s Editores; Nuevas Ediciones DeBolsillo, 2001. (Colecci\u00f3n Ave F\u00e9nix Bolsillo).","breadcrumb":{"@id":"https:\/\/booksfrommexico.com\/es\/producto\/dia-de-muertos\/#breadcrumb"},"inLanguage":"es","potentialAction":[{"@type":"ReadAction","target":["https:\/\/booksfrommexico.com\/es\/producto\/dia-de-muertos\/"]}]},{"@type":"ImageObject","inLanguage":"es","@id":"https:\/\/booksfrommexico.com\/es\/producto\/dia-de-muertos\/#primaryimage","url":"https:\/\/booksfrommexico.com\/app\/uploads\/2023\/05\/115929.jpeg","contentUrl":"https:\/\/booksfrommexico.com\/app\/uploads\/2023\/05\/115929.jpeg","width":434,"height":678,"caption":"D\u00eda de muertos"},{"@type":"BreadcrumbList","@id":"https:\/\/booksfrommexico.com\/es\/producto\/dia-de-muertos\/#breadcrumb","itemListElement":[{"@type":"ListItem","position":1,"name":"Home","item":"https:\/\/booksfrommexico.com\/es\/"},{"@type":"ListItem","position":2,"name":"Libros","item":"https:\/\/booksfrommexico.com\/es\/libros\/"},{"@type":"ListItem","position":3,"name":"Antolog\u00eda del cuento mexicano: D\u00eda de muertos"}]},{"@type":"WebSite","@id":"https:\/\/booksfrommexico.com\/#website","url":"https:\/\/booksfrommexico.com\/","name":"Books From Mexico","description":"","publisher":{"@id":"https:\/\/booksfrommexico.com\/#organization"},"potentialAction":[{"@type":"SearchAction","target":{"@type":"EntryPoint","urlTemplate":"https:\/\/booksfrommexico.com\/?s={search_term_string}"},"query-input":{"@type":"PropertyValueSpecification","valueRequired":true,"valueName":"search_term_string"}}],"inLanguage":"es"},{"@type":"Organization","@id":"https:\/\/booksfrommexico.com\/#organization","name":"Books From Mexico","url":"https:\/\/booksfrommexico.com\/","logo":{"@type":"ImageObject","inLanguage":"es","@id":"https:\/\/booksfrommexico.com\/#\/schema\/logo\/image\/","url":"https:\/\/booksfrommexico.com\/app\/uploads\/2023\/05\/logo-booksfrommexico.svg","contentUrl":"https:\/\/booksfrommexico.com\/app\/uploads\/2023\/05\/logo-booksfrommexico.svg","width":86,"height":56,"caption":"Books From Mexico"},"image":{"@id":"https:\/\/booksfrommexico.com\/#\/schema\/logo\/image\/"}}]}},"_links":{"self":[{"href":"https:\/\/booksfrommexico.com\/es\/wp-json\/wp\/v2\/product\/139","targetHints":{"allow":["GET"]}}],"collection":[{"href":"https:\/\/booksfrommexico.com\/es\/wp-json\/wp\/v2\/product"}],"about":[{"href":"https:\/\/booksfrommexico.com\/es\/wp-json\/wp\/v2\/types\/product"}],"wp:featuredmedia":[{"embeddable":true,"href":"https:\/\/booksfrommexico.com\/es\/wp-json\/wp\/v2\/media\/138"}],"wp:attachment":[{"href":"https:\/\/booksfrommexico.com\/es\/wp-json\/wp\/v2\/media?parent=139"}],"wp:term":[{"taxonomy":"product_brand","embeddable":true,"href":"https:\/\/booksfrommexico.com\/es\/wp-json\/wp\/v2\/product_brand?post=139"},{"taxonomy":"product_cat","embeddable":true,"href":"https:\/\/booksfrommexico.com\/es\/wp-json\/wp\/v2\/product_cat?post=139"},{"taxonomy":"product_tag","embeddable":true,"href":"https:\/\/booksfrommexico.com\/es\/wp-json\/wp\/v2\/product_tag?post=139"}],"curies":[{"name":"wp","href":"https:\/\/api.w.org\/{rel}","templated":true}]}}