{"id":141,"date":"2023-05-08T16:13:26","date_gmt":"2023-05-08T16:13:26","guid":{"rendered":"http:\/\/booksfrommexico.com\/product\/miradas-y-voces-en-torno-a-la-educacion-bilingue-indigena\/"},"modified":"2024-10-02T23:08:42","modified_gmt":"2024-10-02T23:08:42","slug":"miradas-y-voces-en-torno-a-la-educacion-bilingue-indigena","status":"publish","type":"product","link":"https:\/\/booksfrommexico.com\/es\/producto\/miradas-y-voces-en-torno-a-la-educacion-bilingue-indigena\/","title":{"rendered":"Miradas y voces en torno a la educaci\u00f3n biling\u00fce ind\u00edgena"},"content":{"rendered":"<p id=\"tw-target-text\" class=\"tw-data-text tw-text-large tw-ta\" dir=\"ltr\" data-placeholder=\"Traducci\u00f3n\" data-ved=\"2ahUKEwil57KdrICDAxXBLUQIHXxTDMgQ3ewLegQIBRAQ\"><span style=\"font-weight: 400;\">En este volumen se recopilan versiones editadas de todos los reportes finales elaborados por maestros rurales chilenos seleccionados por el Programa de Becas en el Exterior para Profesionales de la Educaci\u00f3n del Ministerio de Educaci\u00f3n, Rep\u00fablica de Chile, que participaron en las Pasant\u00edas en \u201cAn\u00e1lisis y gesti\u00f3n de la educaci\u00f3n intercultural biling\u00fce\u201d, desarrolladas en Oaxaca, en los a\u00f1os 1998 y 1999. Bajo la premisa de que el maestro de grupo puede ser el mejor investigador y analista de los procesos de ense\u00f1anza y aprendizaje que \u00e9l fomenta, se ha motivado a experiencias espec\u00edficas como las de estas Pasant\u00edas, que pueden llegar a tener un gran potencial innovador.<\/span><\/p>\n","protected":false},"excerpt":{"rendered":"<p>MIRADAS Y VOCES EN TORNO A LA EDUCACI\u00d3N BILING\u00dcE IND\u00cdGENA<span style=\"font-weight: 400;\">. \/ H\u00e9ctor Mu\u00f1oz Cruz (editor).\u00a0 Oaxaca, M\u00e9xico : Universidad Pedag\u00f3gica Nacional Oaxaca ; Rep\u00fablica de Chile : Ministerio de Educaci\u00f3n , Rep\u00fablica de Chile, 2000. 273 pages : includes tables, bibliography at the end of each chapter ; 28 cm. <\/span><\/p>\n","protected":false},"featured_media":140,"template":"","meta":{"_acf_changed":false,"inline_featured_image":false},"product_brand":[],"product_cat":[59,3166],"product_tag":[3742,4209,3711,3744],"class_list":{"0":"post-141","1":"product","2":"type-product","3":"status-publish","4":"has-post-thumbnail","6":"product_cat-educacion","7":"product_cat-lenguas-y-linguisticas-indigenas-lengua-y-linguistica","8":"product_tag-educacion-bilingue","9":"product_tag-educacion-rural","10":"product_tag-estudio-y-ensenanza","11":"product_tag-lenguaje-mazateco","13":"first","14":"instock","15":"sale","16":"taxable","17":"shipping-taxable","18":"purchasable","19":"product-type-simple"},"acf":[],"yoast_head":"<!-- This site is optimized with the Yoast SEO plugin v27.3 - https:\/\/yoast.com\/product\/yoast-seo-wordpress\/ -->\n<title>Miradas y voces en torno a la educaci\u00f3n biling\u00fce ind\u00edgena<\/title>\n<meta name=\"description\" content=\"MIRADAS Y VOCES EN TORNO A LA EDUCACI\u00d3N BILING\u00dcE IND\u00cdGENA. \/ H\u00e9ctor Mu\u00f1oz Cruz (editor). Oaxaca, M\u00e9xico : UPN Oaxaca ; Chile : Ministerio de Educaci\u00f3n.\" \/>\n<meta name=\"robots\" content=\"index, follow, max-snippet:-1, max-image-preview:large, max-video-preview:-1\" \/>\n<link rel=\"canonical\" href=\"https:\/\/booksfrommexico.com\/es\/producto\/miradas-y-voces-en-torno-a-la-educacion-bilingue-indigena\/\" \/>\n<meta property=\"og:locale\" content=\"es_ES\" \/>\n<meta property=\"og:type\" content=\"article\" \/>\n<meta property=\"og:title\" content=\"Miradas y voces en torno a la educaci\u00f3n biling\u00fce ind\u00edgena\" \/>\n<meta property=\"og:description\" content=\"MIRADAS Y VOCES EN TORNO A LA EDUCACI\u00d3N BILING\u00dcE IND\u00cdGENA. \/ H\u00e9ctor Mu\u00f1oz Cruz (editor). Oaxaca, M\u00e9xico : UPN Oaxaca ; Chile : Ministerio de Educaci\u00f3n.\" \/>\n<meta property=\"og:url\" content=\"https:\/\/booksfrommexico.com\/es\/producto\/miradas-y-voces-en-torno-a-la-educacion-bilingue-indigena\/\" \/>\n<meta property=\"og:site_name\" content=\"Books From Mexico\" \/>\n<meta property=\"article:modified_time\" content=\"2024-10-02T23:08:42+00:00\" \/>\n<meta property=\"og:image\" content=\"http:\/\/booksfrommexico.com\/app\/uploads\/2023\/05\/112048.jpeg\" \/>\n\t<meta property=\"og:image:width\" content=\"743\" \/>\n\t<meta property=\"og:image:height\" content=\"1042\" \/>\n\t<meta property=\"og:image:type\" content=\"image\/jpeg\" \/>\n<meta name=\"twitter:card\" content=\"summary_large_image\" \/>\n<meta name=\"twitter:label1\" content=\"Tiempo de lectura\" \/>\n\t<meta name=\"twitter:data1\" content=\"1 minuto\" \/>\n<script type=\"application\/ld+json\" class=\"yoast-schema-graph\">{\"@context\":\"https:\\\/\\\/schema.org\",\"@graph\":[{\"@type\":\"WebPage\",\"@id\":\"https:\\\/\\\/booksfrommexico.com\\\/es\\\/producto\\\/miradas-y-voces-en-torno-a-la-educacion-bilingue-indigena\\\/\",\"url\":\"https:\\\/\\\/booksfrommexico.com\\\/es\\\/producto\\\/miradas-y-voces-en-torno-a-la-educacion-bilingue-indigena\\\/\",\"name\":\"Miradas y voces en torno a la educaci\u00f3n biling\u00fce ind\u00edgena\",\"isPartOf\":{\"@id\":\"https:\\\/\\\/booksfrommexico.com\\\/#website\"},\"primaryImageOfPage\":{\"@id\":\"https:\\\/\\\/booksfrommexico.com\\\/es\\\/producto\\\/miradas-y-voces-en-torno-a-la-educacion-bilingue-indigena\\\/#primaryimage\"},\"image\":{\"@id\":\"https:\\\/\\\/booksfrommexico.com\\\/es\\\/producto\\\/miradas-y-voces-en-torno-a-la-educacion-bilingue-indigena\\\/#primaryimage\"},\"thumbnailUrl\":\"https:\\\/\\\/booksfrommexico.com\\\/app\\\/uploads\\\/2023\\\/05\\\/112048.jpeg\",\"datePublished\":\"2023-05-08T16:13:26+00:00\",\"dateModified\":\"2024-10-02T23:08:42+00:00\",\"description\":\"MIRADAS Y VOCES EN TORNO A LA EDUCACI\u00d3N BILING\u00dcE IND\u00cdGENA. \\\/ H\u00e9ctor Mu\u00f1oz Cruz (editor). Oaxaca, M\u00e9xico : UPN Oaxaca ; Chile : Ministerio de Educaci\u00f3n.\",\"breadcrumb\":{\"@id\":\"https:\\\/\\\/booksfrommexico.com\\\/es\\\/producto\\\/miradas-y-voces-en-torno-a-la-educacion-bilingue-indigena\\\/#breadcrumb\"},\"inLanguage\":\"es\",\"potentialAction\":[{\"@type\":\"ReadAction\",\"target\":[\"https:\\\/\\\/booksfrommexico.com\\\/es\\\/producto\\\/miradas-y-voces-en-torno-a-la-educacion-bilingue-indigena\\\/\"]}]},{\"@type\":\"ImageObject\",\"inLanguage\":\"es\",\"@id\":\"https:\\\/\\\/booksfrommexico.com\\\/es\\\/producto\\\/miradas-y-voces-en-torno-a-la-educacion-bilingue-indigena\\\/#primaryimage\",\"url\":\"https:\\\/\\\/booksfrommexico.com\\\/app\\\/uploads\\\/2023\\\/05\\\/112048.jpeg\",\"contentUrl\":\"https:\\\/\\\/booksfrommexico.com\\\/app\\\/uploads\\\/2023\\\/05\\\/112048.jpeg\",\"width\":743,\"height\":1042,\"caption\":\"Miradas y voces en torno a la educaci\u00f3n biling\u00fce ind\u00edgena\"},{\"@type\":\"BreadcrumbList\",\"@id\":\"https:\\\/\\\/booksfrommexico.com\\\/es\\\/producto\\\/miradas-y-voces-en-torno-a-la-educacion-bilingue-indigena\\\/#breadcrumb\",\"itemListElement\":[{\"@type\":\"ListItem\",\"position\":1,\"name\":\"Home\",\"item\":\"https:\\\/\\\/booksfrommexico.com\\\/es\\\/\"},{\"@type\":\"ListItem\",\"position\":2,\"name\":\"Libros\",\"item\":\"https:\\\/\\\/booksfrommexico.com\\\/es\\\/libros\\\/\"},{\"@type\":\"ListItem\",\"position\":3,\"name\":\"Miradas y voces en torno a la educaci\u00f3n biling\u00fce ind\u00edgena\"}]},{\"@type\":\"WebSite\",\"@id\":\"https:\\\/\\\/booksfrommexico.com\\\/#website\",\"url\":\"https:\\\/\\\/booksfrommexico.com\\\/\",\"name\":\"Books From Mexico\",\"description\":\"\",\"publisher\":{\"@id\":\"https:\\\/\\\/booksfrommexico.com\\\/#organization\"},\"potentialAction\":[{\"@type\":\"SearchAction\",\"target\":{\"@type\":\"EntryPoint\",\"urlTemplate\":\"https:\\\/\\\/booksfrommexico.com\\\/?s={search_term_string}\"},\"query-input\":{\"@type\":\"PropertyValueSpecification\",\"valueRequired\":true,\"valueName\":\"search_term_string\"}}],\"inLanguage\":\"es\"},{\"@type\":\"Organization\",\"@id\":\"https:\\\/\\\/booksfrommexico.com\\\/#organization\",\"name\":\"Books From Mexico\",\"url\":\"https:\\\/\\\/booksfrommexico.com\\\/\",\"logo\":{\"@type\":\"ImageObject\",\"inLanguage\":\"es\",\"@id\":\"https:\\\/\\\/booksfrommexico.com\\\/#\\\/schema\\\/logo\\\/image\\\/\",\"url\":\"https:\\\/\\\/booksfrommexico.com\\\/app\\\/uploads\\\/2023\\\/05\\\/logo-booksfrommexico.svg\",\"contentUrl\":\"https:\\\/\\\/booksfrommexico.com\\\/app\\\/uploads\\\/2023\\\/05\\\/logo-booksfrommexico.svg\",\"width\":86,\"height\":56,\"caption\":\"Books From Mexico\"},\"image\":{\"@id\":\"https:\\\/\\\/booksfrommexico.com\\\/#\\\/schema\\\/logo\\\/image\\\/\"}}]}<\/script>\n<!-- \/ Yoast SEO plugin. -->","yoast_head_json":{"title":"Miradas y voces en torno a la educaci\u00f3n biling\u00fce ind\u00edgena","description":"MIRADAS Y VOCES EN TORNO A LA EDUCACI\u00d3N BILING\u00dcE IND\u00cdGENA. \/ H\u00e9ctor Mu\u00f1oz Cruz (editor). Oaxaca, M\u00e9xico : UPN Oaxaca ; Chile : Ministerio de Educaci\u00f3n.","robots":{"index":"index","follow":"follow","max-snippet":"max-snippet:-1","max-image-preview":"max-image-preview:large","max-video-preview":"max-video-preview:-1"},"canonical":"https:\/\/booksfrommexico.com\/es\/producto\/miradas-y-voces-en-torno-a-la-educacion-bilingue-indigena\/","og_locale":"es_ES","og_type":"article","og_title":"Miradas y voces en torno a la educaci\u00f3n biling\u00fce ind\u00edgena","og_description":"MIRADAS Y VOCES EN TORNO A LA EDUCACI\u00d3N BILING\u00dcE IND\u00cdGENA. \/ H\u00e9ctor Mu\u00f1oz Cruz (editor). Oaxaca, M\u00e9xico : UPN Oaxaca ; Chile : Ministerio de Educaci\u00f3n.","og_url":"https:\/\/booksfrommexico.com\/es\/producto\/miradas-y-voces-en-torno-a-la-educacion-bilingue-indigena\/","og_site_name":"Books From Mexico","article_modified_time":"2024-10-02T23:08:42+00:00","og_image":[{"width":743,"height":1042,"url":"http:\/\/booksfrommexico.com\/app\/uploads\/2023\/05\/112048.jpeg","type":"image\/jpeg"}],"twitter_card":"summary_large_image","twitter_misc":{"Tiempo de lectura":"1 minuto"},"schema":{"@context":"https:\/\/schema.org","@graph":[{"@type":"WebPage","@id":"https:\/\/booksfrommexico.com\/es\/producto\/miradas-y-voces-en-torno-a-la-educacion-bilingue-indigena\/","url":"https:\/\/booksfrommexico.com\/es\/producto\/miradas-y-voces-en-torno-a-la-educacion-bilingue-indigena\/","name":"Miradas y voces en torno a la educaci\u00f3n biling\u00fce ind\u00edgena","isPartOf":{"@id":"https:\/\/booksfrommexico.com\/#website"},"primaryImageOfPage":{"@id":"https:\/\/booksfrommexico.com\/es\/producto\/miradas-y-voces-en-torno-a-la-educacion-bilingue-indigena\/#primaryimage"},"image":{"@id":"https:\/\/booksfrommexico.com\/es\/producto\/miradas-y-voces-en-torno-a-la-educacion-bilingue-indigena\/#primaryimage"},"thumbnailUrl":"https:\/\/booksfrommexico.com\/app\/uploads\/2023\/05\/112048.jpeg","datePublished":"2023-05-08T16:13:26+00:00","dateModified":"2024-10-02T23:08:42+00:00","description":"MIRADAS Y VOCES EN TORNO A LA EDUCACI\u00d3N BILING\u00dcE IND\u00cdGENA. \/ H\u00e9ctor Mu\u00f1oz Cruz (editor). Oaxaca, M\u00e9xico : UPN Oaxaca ; Chile : Ministerio de Educaci\u00f3n.","breadcrumb":{"@id":"https:\/\/booksfrommexico.com\/es\/producto\/miradas-y-voces-en-torno-a-la-educacion-bilingue-indigena\/#breadcrumb"},"inLanguage":"es","potentialAction":[{"@type":"ReadAction","target":["https:\/\/booksfrommexico.com\/es\/producto\/miradas-y-voces-en-torno-a-la-educacion-bilingue-indigena\/"]}]},{"@type":"ImageObject","inLanguage":"es","@id":"https:\/\/booksfrommexico.com\/es\/producto\/miradas-y-voces-en-torno-a-la-educacion-bilingue-indigena\/#primaryimage","url":"https:\/\/booksfrommexico.com\/app\/uploads\/2023\/05\/112048.jpeg","contentUrl":"https:\/\/booksfrommexico.com\/app\/uploads\/2023\/05\/112048.jpeg","width":743,"height":1042,"caption":"Miradas y voces en torno a la educaci\u00f3n biling\u00fce ind\u00edgena"},{"@type":"BreadcrumbList","@id":"https:\/\/booksfrommexico.com\/es\/producto\/miradas-y-voces-en-torno-a-la-educacion-bilingue-indigena\/#breadcrumb","itemListElement":[{"@type":"ListItem","position":1,"name":"Home","item":"https:\/\/booksfrommexico.com\/es\/"},{"@type":"ListItem","position":2,"name":"Libros","item":"https:\/\/booksfrommexico.com\/es\/libros\/"},{"@type":"ListItem","position":3,"name":"Miradas y voces en torno a la educaci\u00f3n biling\u00fce ind\u00edgena"}]},{"@type":"WebSite","@id":"https:\/\/booksfrommexico.com\/#website","url":"https:\/\/booksfrommexico.com\/","name":"Books From Mexico","description":"","publisher":{"@id":"https:\/\/booksfrommexico.com\/#organization"},"potentialAction":[{"@type":"SearchAction","target":{"@type":"EntryPoint","urlTemplate":"https:\/\/booksfrommexico.com\/?s={search_term_string}"},"query-input":{"@type":"PropertyValueSpecification","valueRequired":true,"valueName":"search_term_string"}}],"inLanguage":"es"},{"@type":"Organization","@id":"https:\/\/booksfrommexico.com\/#organization","name":"Books From Mexico","url":"https:\/\/booksfrommexico.com\/","logo":{"@type":"ImageObject","inLanguage":"es","@id":"https:\/\/booksfrommexico.com\/#\/schema\/logo\/image\/","url":"https:\/\/booksfrommexico.com\/app\/uploads\/2023\/05\/logo-booksfrommexico.svg","contentUrl":"https:\/\/booksfrommexico.com\/app\/uploads\/2023\/05\/logo-booksfrommexico.svg","width":86,"height":56,"caption":"Books From Mexico"},"image":{"@id":"https:\/\/booksfrommexico.com\/#\/schema\/logo\/image\/"}}]}},"_links":{"self":[{"href":"https:\/\/booksfrommexico.com\/es\/wp-json\/wp\/v2\/product\/141","targetHints":{"allow":["GET"]}}],"collection":[{"href":"https:\/\/booksfrommexico.com\/es\/wp-json\/wp\/v2\/product"}],"about":[{"href":"https:\/\/booksfrommexico.com\/es\/wp-json\/wp\/v2\/types\/product"}],"wp:featuredmedia":[{"embeddable":true,"href":"https:\/\/booksfrommexico.com\/es\/wp-json\/wp\/v2\/media\/140"}],"wp:attachment":[{"href":"https:\/\/booksfrommexico.com\/es\/wp-json\/wp\/v2\/media?parent=141"}],"wp:term":[{"taxonomy":"product_brand","embeddable":true,"href":"https:\/\/booksfrommexico.com\/es\/wp-json\/wp\/v2\/product_brand?post=141"},{"taxonomy":"product_cat","embeddable":true,"href":"https:\/\/booksfrommexico.com\/es\/wp-json\/wp\/v2\/product_cat?post=141"},{"taxonomy":"product_tag","embeddable":true,"href":"https:\/\/booksfrommexico.com\/es\/wp-json\/wp\/v2\/product_tag?post=141"}],"curies":[{"name":"wp","href":"https:\/\/api.w.org\/{rel}","templated":true}]}}