{"id":143,"date":"2023-05-08T16:13:30","date_gmt":"2023-05-08T16:13:30","guid":{"rendered":"http:\/\/booksfrommexico.com\/product\/diccionario-analitico-del-popoluca-de-texistepec\/"},"modified":"2024-10-02T23:08:15","modified_gmt":"2024-10-02T23:08:15","slug":"diccionario-analitico-del-popoluca-de-texistepec","status":"publish","type":"product","link":"https:\/\/booksfrommexico.com\/es\/producto\/diccionario-analitico-del-popoluca-de-texistepec\/","title":{"rendered":"Diccionario anal\u00edtico del popoluca de Texistepec"},"content":{"rendered":"<p><span style=\"font-weight: 400;\">Soren Wichmann, especializado en lenguas mesoamericanas y epigraf\u00eda logra, a trav\u00e9s del trabajo de campo, conseguir entrevistas con hablantes del popolpuca de Texistepec, Veracruz para as\u00ed recopilar el material aqu\u00ed contenido. Esta lengua, tambi\u00e9n conocido como mixezoqueana, pertenece, junto con el zoque de Ayapa en Tabasco y el popolpuca de la Sierra en el municipio de Soteapan, Veracruz, al subgrupo zoqueano del Golfo. En este diccionario se pueden encontrar traducciones de palabras al espa\u00f1ol, acompa\u00f1adas de abreviaturas que indican qu\u00e9 tipo de verbo, alternante o pronombre se trata, junto con su alfabeto y estructura.<\/span><\/p>\n","protected":false},"excerpt":{"rendered":"<p>DICCIONARIO ANAL\u00cdTICO DEL POPOLUCA DE TEXISTEPEC<span style=\"font-weight: 400;\">. \/ Soren Wichmann. M\u00e9xico, D.F. : Universidad Nacional Aut\u00f3noma de M\u00e9xico , Instituto de Investigaciones Filol\u00f3gicas, 2002. 171 pages :\u00a0 includes bibliography ; 23 cm. ISBN : 9703202322.<\/span><\/p>\n","protected":false},"featured_media":142,"template":"","meta":{"_acf_changed":false,"inline_featured_image":false},"product_brand":[],"product_cat":[451,452],"product_tag":[4059,4060,3916],"class_list":{"0":"post-143","1":"product","2":"type-product","3":"status-publish","4":"has-post-thumbnail","6":"product_cat-diccionarios-y-enciclopedias-referencias","7":"product_cat-lenguas-indigenas-diccionarios-y-enciclopedias-referencias","8":"product_tag-diccionario-es","9":"product_tag-lenguas-indigenas-es","10":"product_tag-popolocas","12":"first","13":"outofstock","14":"sale","15":"taxable","16":"shipping-taxable","17":"purchasable","18":"product-type-simple"},"acf":[],"yoast_head":"<!-- This site is optimized with the Yoast SEO plugin v27.3 - https:\/\/yoast.com\/product\/yoast-seo-wordpress\/ -->\n<title>Diccionario anal\u00edtico del popoluca de Texistepec<\/title>\n<meta name=\"description\" content=\"Soren Wichmann. M\u00e9xico, D.F. : Universidad Nacional Aut\u00f3noma de M\u00e9xico , Instituto de Investigaciones Filol\u00f3gicas, 2002. 171 pages. ISBN : 9703202322.\" \/>\n<meta name=\"robots\" content=\"index, follow, max-snippet:-1, max-image-preview:large, max-video-preview:-1\" \/>\n<link rel=\"canonical\" href=\"https:\/\/booksfrommexico.com\/es\/producto\/diccionario-analitico-del-popoluca-de-texistepec\/\" \/>\n<meta property=\"og:locale\" content=\"es_ES\" \/>\n<meta property=\"og:type\" content=\"article\" \/>\n<meta property=\"og:title\" content=\"Diccionario anal\u00edtico del popoluca de Texistepec\" \/>\n<meta property=\"og:description\" content=\"Soren Wichmann. M\u00e9xico, D.F. : Universidad Nacional Aut\u00f3noma de M\u00e9xico , Instituto de Investigaciones Filol\u00f3gicas, 2002. 171 pages. ISBN : 9703202322.\" \/>\n<meta property=\"og:url\" content=\"https:\/\/booksfrommexico.com\/es\/producto\/diccionario-analitico-del-popoluca-de-texistepec\/\" \/>\n<meta property=\"og:site_name\" content=\"Books From Mexico\" \/>\n<meta property=\"article:modified_time\" content=\"2024-10-02T23:08:15+00:00\" \/>\n<meta property=\"og:image\" content=\"http:\/\/booksfrommexico.com\/app\/uploads\/2023\/05\/111582.jpeg\" \/>\n\t<meta property=\"og:image:width\" content=\"440\" \/>\n\t<meta property=\"og:image:height\" content=\"645\" \/>\n\t<meta property=\"og:image:type\" content=\"image\/jpeg\" \/>\n<meta name=\"twitter:card\" content=\"summary_large_image\" \/>\n<meta name=\"twitter:label1\" content=\"Tiempo de lectura\" \/>\n\t<meta name=\"twitter:data1\" content=\"1 minuto\" \/>\n<script type=\"application\/ld+json\" class=\"yoast-schema-graph\">{\"@context\":\"https:\\\/\\\/schema.org\",\"@graph\":[{\"@type\":\"WebPage\",\"@id\":\"https:\\\/\\\/booksfrommexico.com\\\/es\\\/producto\\\/diccionario-analitico-del-popoluca-de-texistepec\\\/\",\"url\":\"https:\\\/\\\/booksfrommexico.com\\\/es\\\/producto\\\/diccionario-analitico-del-popoluca-de-texistepec\\\/\",\"name\":\"Diccionario anal\u00edtico del popoluca de Texistepec\",\"isPartOf\":{\"@id\":\"https:\\\/\\\/booksfrommexico.com\\\/#website\"},\"primaryImageOfPage\":{\"@id\":\"https:\\\/\\\/booksfrommexico.com\\\/es\\\/producto\\\/diccionario-analitico-del-popoluca-de-texistepec\\\/#primaryimage\"},\"image\":{\"@id\":\"https:\\\/\\\/booksfrommexico.com\\\/es\\\/producto\\\/diccionario-analitico-del-popoluca-de-texistepec\\\/#primaryimage\"},\"thumbnailUrl\":\"https:\\\/\\\/booksfrommexico.com\\\/app\\\/uploads\\\/2023\\\/05\\\/111582.jpeg\",\"datePublished\":\"2023-05-08T16:13:30+00:00\",\"dateModified\":\"2024-10-02T23:08:15+00:00\",\"description\":\"Soren Wichmann. M\u00e9xico, D.F. : Universidad Nacional Aut\u00f3noma de M\u00e9xico , Instituto de Investigaciones Filol\u00f3gicas, 2002. 171 pages. ISBN : 9703202322.\",\"breadcrumb\":{\"@id\":\"https:\\\/\\\/booksfrommexico.com\\\/es\\\/producto\\\/diccionario-analitico-del-popoluca-de-texistepec\\\/#breadcrumb\"},\"inLanguage\":\"es\",\"potentialAction\":[{\"@type\":\"ReadAction\",\"target\":[\"https:\\\/\\\/booksfrommexico.com\\\/es\\\/producto\\\/diccionario-analitico-del-popoluca-de-texistepec\\\/\"]}]},{\"@type\":\"ImageObject\",\"inLanguage\":\"es\",\"@id\":\"https:\\\/\\\/booksfrommexico.com\\\/es\\\/producto\\\/diccionario-analitico-del-popoluca-de-texistepec\\\/#primaryimage\",\"url\":\"https:\\\/\\\/booksfrommexico.com\\\/app\\\/uploads\\\/2023\\\/05\\\/111582.jpeg\",\"contentUrl\":\"https:\\\/\\\/booksfrommexico.com\\\/app\\\/uploads\\\/2023\\\/05\\\/111582.jpeg\",\"width\":440,\"height\":645,\"caption\":\"Diccionario anal\u00edtico del popoluca de Texistepec\"},{\"@type\":\"BreadcrumbList\",\"@id\":\"https:\\\/\\\/booksfrommexico.com\\\/es\\\/producto\\\/diccionario-analitico-del-popoluca-de-texistepec\\\/#breadcrumb\",\"itemListElement\":[{\"@type\":\"ListItem\",\"position\":1,\"name\":\"Home\",\"item\":\"https:\\\/\\\/booksfrommexico.com\\\/es\\\/\"},{\"@type\":\"ListItem\",\"position\":2,\"name\":\"Libros\",\"item\":\"https:\\\/\\\/booksfrommexico.com\\\/es\\\/libros\\\/\"},{\"@type\":\"ListItem\",\"position\":3,\"name\":\"Diccionario anal\u00edtico del popoluca de Texistepec\"}]},{\"@type\":\"WebSite\",\"@id\":\"https:\\\/\\\/booksfrommexico.com\\\/#website\",\"url\":\"https:\\\/\\\/booksfrommexico.com\\\/\",\"name\":\"Books From Mexico\",\"description\":\"\",\"publisher\":{\"@id\":\"https:\\\/\\\/booksfrommexico.com\\\/#organization\"},\"potentialAction\":[{\"@type\":\"SearchAction\",\"target\":{\"@type\":\"EntryPoint\",\"urlTemplate\":\"https:\\\/\\\/booksfrommexico.com\\\/?s={search_term_string}\"},\"query-input\":{\"@type\":\"PropertyValueSpecification\",\"valueRequired\":true,\"valueName\":\"search_term_string\"}}],\"inLanguage\":\"es\"},{\"@type\":\"Organization\",\"@id\":\"https:\\\/\\\/booksfrommexico.com\\\/#organization\",\"name\":\"Books From Mexico\",\"url\":\"https:\\\/\\\/booksfrommexico.com\\\/\",\"logo\":{\"@type\":\"ImageObject\",\"inLanguage\":\"es\",\"@id\":\"https:\\\/\\\/booksfrommexico.com\\\/#\\\/schema\\\/logo\\\/image\\\/\",\"url\":\"https:\\\/\\\/booksfrommexico.com\\\/app\\\/uploads\\\/2023\\\/05\\\/logo-booksfrommexico.svg\",\"contentUrl\":\"https:\\\/\\\/booksfrommexico.com\\\/app\\\/uploads\\\/2023\\\/05\\\/logo-booksfrommexico.svg\",\"width\":86,\"height\":56,\"caption\":\"Books From Mexico\"},\"image\":{\"@id\":\"https:\\\/\\\/booksfrommexico.com\\\/#\\\/schema\\\/logo\\\/image\\\/\"}}]}<\/script>\n<!-- \/ Yoast SEO plugin. -->","yoast_head_json":{"title":"Diccionario anal\u00edtico del popoluca de Texistepec","description":"Soren Wichmann. M\u00e9xico, D.F. : Universidad Nacional Aut\u00f3noma de M\u00e9xico , Instituto de Investigaciones Filol\u00f3gicas, 2002. 171 pages. ISBN : 9703202322.","robots":{"index":"index","follow":"follow","max-snippet":"max-snippet:-1","max-image-preview":"max-image-preview:large","max-video-preview":"max-video-preview:-1"},"canonical":"https:\/\/booksfrommexico.com\/es\/producto\/diccionario-analitico-del-popoluca-de-texistepec\/","og_locale":"es_ES","og_type":"article","og_title":"Diccionario anal\u00edtico del popoluca de Texistepec","og_description":"Soren Wichmann. M\u00e9xico, D.F. : Universidad Nacional Aut\u00f3noma de M\u00e9xico , Instituto de Investigaciones Filol\u00f3gicas, 2002. 171 pages. ISBN : 9703202322.","og_url":"https:\/\/booksfrommexico.com\/es\/producto\/diccionario-analitico-del-popoluca-de-texistepec\/","og_site_name":"Books From Mexico","article_modified_time":"2024-10-02T23:08:15+00:00","og_image":[{"width":440,"height":645,"url":"http:\/\/booksfrommexico.com\/app\/uploads\/2023\/05\/111582.jpeg","type":"image\/jpeg"}],"twitter_card":"summary_large_image","twitter_misc":{"Tiempo de lectura":"1 minuto"},"schema":{"@context":"https:\/\/schema.org","@graph":[{"@type":"WebPage","@id":"https:\/\/booksfrommexico.com\/es\/producto\/diccionario-analitico-del-popoluca-de-texistepec\/","url":"https:\/\/booksfrommexico.com\/es\/producto\/diccionario-analitico-del-popoluca-de-texistepec\/","name":"Diccionario anal\u00edtico del popoluca de Texistepec","isPartOf":{"@id":"https:\/\/booksfrommexico.com\/#website"},"primaryImageOfPage":{"@id":"https:\/\/booksfrommexico.com\/es\/producto\/diccionario-analitico-del-popoluca-de-texistepec\/#primaryimage"},"image":{"@id":"https:\/\/booksfrommexico.com\/es\/producto\/diccionario-analitico-del-popoluca-de-texistepec\/#primaryimage"},"thumbnailUrl":"https:\/\/booksfrommexico.com\/app\/uploads\/2023\/05\/111582.jpeg","datePublished":"2023-05-08T16:13:30+00:00","dateModified":"2024-10-02T23:08:15+00:00","description":"Soren Wichmann. M\u00e9xico, D.F. : Universidad Nacional Aut\u00f3noma de M\u00e9xico , Instituto de Investigaciones Filol\u00f3gicas, 2002. 171 pages. ISBN : 9703202322.","breadcrumb":{"@id":"https:\/\/booksfrommexico.com\/es\/producto\/diccionario-analitico-del-popoluca-de-texistepec\/#breadcrumb"},"inLanguage":"es","potentialAction":[{"@type":"ReadAction","target":["https:\/\/booksfrommexico.com\/es\/producto\/diccionario-analitico-del-popoluca-de-texistepec\/"]}]},{"@type":"ImageObject","inLanguage":"es","@id":"https:\/\/booksfrommexico.com\/es\/producto\/diccionario-analitico-del-popoluca-de-texistepec\/#primaryimage","url":"https:\/\/booksfrommexico.com\/app\/uploads\/2023\/05\/111582.jpeg","contentUrl":"https:\/\/booksfrommexico.com\/app\/uploads\/2023\/05\/111582.jpeg","width":440,"height":645,"caption":"Diccionario anal\u00edtico del popoluca de Texistepec"},{"@type":"BreadcrumbList","@id":"https:\/\/booksfrommexico.com\/es\/producto\/diccionario-analitico-del-popoluca-de-texistepec\/#breadcrumb","itemListElement":[{"@type":"ListItem","position":1,"name":"Home","item":"https:\/\/booksfrommexico.com\/es\/"},{"@type":"ListItem","position":2,"name":"Libros","item":"https:\/\/booksfrommexico.com\/es\/libros\/"},{"@type":"ListItem","position":3,"name":"Diccionario anal\u00edtico del popoluca de Texistepec"}]},{"@type":"WebSite","@id":"https:\/\/booksfrommexico.com\/#website","url":"https:\/\/booksfrommexico.com\/","name":"Books From Mexico","description":"","publisher":{"@id":"https:\/\/booksfrommexico.com\/#organization"},"potentialAction":[{"@type":"SearchAction","target":{"@type":"EntryPoint","urlTemplate":"https:\/\/booksfrommexico.com\/?s={search_term_string}"},"query-input":{"@type":"PropertyValueSpecification","valueRequired":true,"valueName":"search_term_string"}}],"inLanguage":"es"},{"@type":"Organization","@id":"https:\/\/booksfrommexico.com\/#organization","name":"Books From Mexico","url":"https:\/\/booksfrommexico.com\/","logo":{"@type":"ImageObject","inLanguage":"es","@id":"https:\/\/booksfrommexico.com\/#\/schema\/logo\/image\/","url":"https:\/\/booksfrommexico.com\/app\/uploads\/2023\/05\/logo-booksfrommexico.svg","contentUrl":"https:\/\/booksfrommexico.com\/app\/uploads\/2023\/05\/logo-booksfrommexico.svg","width":86,"height":56,"caption":"Books From Mexico"},"image":{"@id":"https:\/\/booksfrommexico.com\/#\/schema\/logo\/image\/"}}]}},"_links":{"self":[{"href":"https:\/\/booksfrommexico.com\/es\/wp-json\/wp\/v2\/product\/143","targetHints":{"allow":["GET"]}}],"collection":[{"href":"https:\/\/booksfrommexico.com\/es\/wp-json\/wp\/v2\/product"}],"about":[{"href":"https:\/\/booksfrommexico.com\/es\/wp-json\/wp\/v2\/types\/product"}],"wp:featuredmedia":[{"embeddable":true,"href":"https:\/\/booksfrommexico.com\/es\/wp-json\/wp\/v2\/media\/142"}],"wp:attachment":[{"href":"https:\/\/booksfrommexico.com\/es\/wp-json\/wp\/v2\/media?parent=143"}],"wp:term":[{"taxonomy":"product_brand","embeddable":true,"href":"https:\/\/booksfrommexico.com\/es\/wp-json\/wp\/v2\/product_brand?post=143"},{"taxonomy":"product_cat","embeddable":true,"href":"https:\/\/booksfrommexico.com\/es\/wp-json\/wp\/v2\/product_cat?post=143"},{"taxonomy":"product_tag","embeddable":true,"href":"https:\/\/booksfrommexico.com\/es\/wp-json\/wp\/v2\/product_tag?post=143"}],"curies":[{"name":"wp","href":"https:\/\/api.w.org\/{rel}","templated":true}]}}