{"id":147,"date":"2023-05-08T16:13:33","date_gmt":"2023-05-08T16:13:33","guid":{"rendered":"http:\/\/booksfrommexico.com\/product\/mujeres-mexicanas-del-siglo-xx-la-otra-revolucion-tomo-3\/"},"modified":"2025-04-21T17:57:22","modified_gmt":"2025-04-21T17:57:22","slug":"mujeres-mexicanas-del-siglo-xx-la-otra-revolucion-tomo-3","status":"publish","type":"product","link":"https:\/\/booksfrommexico.com\/es\/producto\/mujeres-mexicanas-del-siglo-xx-la-otra-revolucion-tomo-3\/","title":{"rendered":"Mujeres mexicanas del siglo XX: La otra revoluci\u00f3n, tomo 3"},"content":{"rendered":"<p id=\"tw-target-text\" class=\"tw-data-text tw-text-large tw-ta\" dir=\"ltr\" data-placeholder=\"Traducci\u00f3n\" data-ved=\"2ahUKEwil57KdrICDAxXBLUQIHXxTDMgQ3ewLegQIBRAQ\"><span class=\"Y2IQFc\" lang=\"es\">Recopilaci\u00f3n de 208 entrevistas a mujeres mexicanas en todos los campos del conocimiento. Proporciona datos sobre desigualdad de g\u00e9nero en M\u00e9xico, acceso a la educaci\u00f3n, trabajo digno y legislaci\u00f3n laboral en M\u00e9xico, violencia dom\u00e9stica y sexual, y desigualdad que enfrentan las mujeres en las universidades mexicanas.<\/span><\/p>\n","protected":false},"excerpt":{"rendered":"<p>MUJERES MEXICANAS DEL SIGLO XX : LA OTRA REVOLUCI\u00d3N, TOMO 3. \/ Bajo la direcci\u00f3n de Francisco Blanco Figueroa. M\u00e9xico : Editorial Edicol; Universidad Aut\u00f3noma Metropolitana, Difusi\u00f3n Cultural; Instituto Polit\u00e9cnico Nacional; Universidad Nacional Aut\u00f3noma de M\u00e9xico; Universidad Aut\u00f3noma de Nuevo Le\u00f3n; Universidad Aut\u00f3noma del Estado de M\u00e9xico; Universidad Aut\u00f3noma de Ciudad Juarez, 2001. 675 pages : 21 cm. Bibliography at end of each chapter. ISBN 9706545425 (Tomo 3) ISBN 9706542949 (Obra completa)<\/p>\n","protected":false},"featured_media":146,"template":"","meta":{"_acf_changed":false,"inline_featured_image":false},"product_brand":[],"product_cat":[112,148],"product_tag":[3630,3659,3752],"class_list":{"0":"post-147","1":"product","2":"type-product","3":"status-publish","4":"has-post-thumbnail","6":"product_cat-contemporanea-historia","7":"product_cat-estudios-sobre-las-mujeres-estudios-de-genero","8":"product_tag-biografia","9":"product_tag-condiciones-sociales","10":"product_tag-derechos-mujeres","12":"first","13":"outofstock","14":"sale","15":"taxable","16":"shipping-taxable","17":"purchasable","18":"product-type-simple"},"acf":[],"yoast_head":"<!-- This site is optimized with the Yoast SEO plugin v27.3 - https:\/\/yoast.com\/product\/yoast-seo-wordpress\/ -->\n<title>Mujeres mexicanas del siglo XX: La otra revoluci\u00f3n, tomo 3<\/title>\n<meta name=\"description\" content=\"MUJERES MEXICANAS DEL SIGLO XX: LA OTRA REVOLUCI\u00d3N. \/ Francisco Blanco Figueroa. M\u00e9xico: Editorial Edicol, 2001. 9706545425, 9706542949\" \/>\n<meta name=\"robots\" content=\"index, follow, max-snippet:-1, max-image-preview:large, max-video-preview:-1\" \/>\n<link rel=\"canonical\" href=\"https:\/\/booksfrommexico.com\/es\/producto\/mujeres-mexicanas-del-siglo-xx-la-otra-revolucion-tomo-3\/\" \/>\n<meta property=\"og:locale\" content=\"es_ES\" \/>\n<meta property=\"og:type\" content=\"article\" \/>\n<meta property=\"og:title\" content=\"Mujeres mexicanas del siglo XX: La otra revoluci\u00f3n, tomo 3\" \/>\n<meta property=\"og:description\" content=\"MUJERES MEXICANAS DEL SIGLO XX: LA OTRA REVOLUCI\u00d3N. \/ Francisco Blanco Figueroa. M\u00e9xico: Editorial Edicol, 2001. 9706545425, 9706542949\" \/>\n<meta property=\"og:url\" content=\"https:\/\/booksfrommexico.com\/es\/producto\/mujeres-mexicanas-del-siglo-xx-la-otra-revolucion-tomo-3\/\" \/>\n<meta property=\"og:site_name\" content=\"Books From Mexico\" \/>\n<meta property=\"article:modified_time\" content=\"2025-04-21T17:57:22+00:00\" \/>\n<meta property=\"og:image\" content=\"http:\/\/booksfrommexico.com\/app\/uploads\/2023\/05\/113711.jpeg\" \/>\n\t<meta property=\"og:image:width\" content=\"533\" \/>\n\t<meta property=\"og:image:height\" content=\"801\" \/>\n\t<meta property=\"og:image:type\" content=\"image\/jpeg\" \/>\n<meta name=\"twitter:card\" content=\"summary_large_image\" \/>\n<meta name=\"twitter:label1\" content=\"Tiempo de lectura\" \/>\n\t<meta name=\"twitter:data1\" content=\"1 minuto\" \/>\n<script type=\"application\/ld+json\" class=\"yoast-schema-graph\">{\"@context\":\"https:\\\/\\\/schema.org\",\"@graph\":[{\"@type\":\"WebPage\",\"@id\":\"https:\\\/\\\/booksfrommexico.com\\\/es\\\/producto\\\/mujeres-mexicanas-del-siglo-xx-la-otra-revolucion-tomo-3\\\/\",\"url\":\"https:\\\/\\\/booksfrommexico.com\\\/es\\\/producto\\\/mujeres-mexicanas-del-siglo-xx-la-otra-revolucion-tomo-3\\\/\",\"name\":\"Mujeres mexicanas del siglo XX: La otra revoluci\u00f3n, tomo 3\",\"isPartOf\":{\"@id\":\"https:\\\/\\\/booksfrommexico.com\\\/#website\"},\"primaryImageOfPage\":{\"@id\":\"https:\\\/\\\/booksfrommexico.com\\\/es\\\/producto\\\/mujeres-mexicanas-del-siglo-xx-la-otra-revolucion-tomo-3\\\/#primaryimage\"},\"image\":{\"@id\":\"https:\\\/\\\/booksfrommexico.com\\\/es\\\/producto\\\/mujeres-mexicanas-del-siglo-xx-la-otra-revolucion-tomo-3\\\/#primaryimage\"},\"thumbnailUrl\":\"https:\\\/\\\/booksfrommexico.com\\\/app\\\/uploads\\\/2023\\\/05\\\/113711.jpeg\",\"datePublished\":\"2023-05-08T16:13:33+00:00\",\"dateModified\":\"2025-04-21T17:57:22+00:00\",\"description\":\"MUJERES MEXICANAS DEL SIGLO XX: LA OTRA REVOLUCI\u00d3N. \\\/ Francisco Blanco Figueroa. M\u00e9xico: Editorial Edicol, 2001. 9706545425, 9706542949\",\"breadcrumb\":{\"@id\":\"https:\\\/\\\/booksfrommexico.com\\\/es\\\/producto\\\/mujeres-mexicanas-del-siglo-xx-la-otra-revolucion-tomo-3\\\/#breadcrumb\"},\"inLanguage\":\"es\",\"potentialAction\":[{\"@type\":\"ReadAction\",\"target\":[\"https:\\\/\\\/booksfrommexico.com\\\/es\\\/producto\\\/mujeres-mexicanas-del-siglo-xx-la-otra-revolucion-tomo-3\\\/\"]}]},{\"@type\":\"ImageObject\",\"inLanguage\":\"es\",\"@id\":\"https:\\\/\\\/booksfrommexico.com\\\/es\\\/producto\\\/mujeres-mexicanas-del-siglo-xx-la-otra-revolucion-tomo-3\\\/#primaryimage\",\"url\":\"https:\\\/\\\/booksfrommexico.com\\\/app\\\/uploads\\\/2023\\\/05\\\/113711.jpeg\",\"contentUrl\":\"https:\\\/\\\/booksfrommexico.com\\\/app\\\/uploads\\\/2023\\\/05\\\/113711.jpeg\",\"width\":533,\"height\":801,\"caption\":\"Mujeres mexicanas del siglo XX La otra revoluci\u00f3n, tomo 3\"},{\"@type\":\"BreadcrumbList\",\"@id\":\"https:\\\/\\\/booksfrommexico.com\\\/es\\\/producto\\\/mujeres-mexicanas-del-siglo-xx-la-otra-revolucion-tomo-3\\\/#breadcrumb\",\"itemListElement\":[{\"@type\":\"ListItem\",\"position\":1,\"name\":\"Home\",\"item\":\"https:\\\/\\\/booksfrommexico.com\\\/es\\\/\"},{\"@type\":\"ListItem\",\"position\":2,\"name\":\"Libros\",\"item\":\"https:\\\/\\\/booksfrommexico.com\\\/es\\\/libros\\\/\"},{\"@type\":\"ListItem\",\"position\":3,\"name\":\"Mujeres mexicanas del siglo XX: La otra revoluci\u00f3n, tomo 3\"}]},{\"@type\":\"WebSite\",\"@id\":\"https:\\\/\\\/booksfrommexico.com\\\/#website\",\"url\":\"https:\\\/\\\/booksfrommexico.com\\\/\",\"name\":\"Books From Mexico\",\"description\":\"\",\"publisher\":{\"@id\":\"https:\\\/\\\/booksfrommexico.com\\\/#organization\"},\"potentialAction\":[{\"@type\":\"SearchAction\",\"target\":{\"@type\":\"EntryPoint\",\"urlTemplate\":\"https:\\\/\\\/booksfrommexico.com\\\/?s={search_term_string}\"},\"query-input\":{\"@type\":\"PropertyValueSpecification\",\"valueRequired\":true,\"valueName\":\"search_term_string\"}}],\"inLanguage\":\"es\"},{\"@type\":\"Organization\",\"@id\":\"https:\\\/\\\/booksfrommexico.com\\\/#organization\",\"name\":\"Books From Mexico\",\"url\":\"https:\\\/\\\/booksfrommexico.com\\\/\",\"logo\":{\"@type\":\"ImageObject\",\"inLanguage\":\"es\",\"@id\":\"https:\\\/\\\/booksfrommexico.com\\\/#\\\/schema\\\/logo\\\/image\\\/\",\"url\":\"https:\\\/\\\/booksfrommexico.com\\\/app\\\/uploads\\\/2023\\\/05\\\/logo-booksfrommexico.svg\",\"contentUrl\":\"https:\\\/\\\/booksfrommexico.com\\\/app\\\/uploads\\\/2023\\\/05\\\/logo-booksfrommexico.svg\",\"width\":86,\"height\":56,\"caption\":\"Books From Mexico\"},\"image\":{\"@id\":\"https:\\\/\\\/booksfrommexico.com\\\/#\\\/schema\\\/logo\\\/image\\\/\"}}]}<\/script>\n<!-- \/ Yoast SEO plugin. -->","yoast_head_json":{"title":"Mujeres mexicanas del siglo XX: La otra revoluci\u00f3n, tomo 3","description":"MUJERES MEXICANAS DEL SIGLO XX: LA OTRA REVOLUCI\u00d3N. \/ Francisco Blanco Figueroa. M\u00e9xico: Editorial Edicol, 2001. 9706545425, 9706542949","robots":{"index":"index","follow":"follow","max-snippet":"max-snippet:-1","max-image-preview":"max-image-preview:large","max-video-preview":"max-video-preview:-1"},"canonical":"https:\/\/booksfrommexico.com\/es\/producto\/mujeres-mexicanas-del-siglo-xx-la-otra-revolucion-tomo-3\/","og_locale":"es_ES","og_type":"article","og_title":"Mujeres mexicanas del siglo XX: La otra revoluci\u00f3n, tomo 3","og_description":"MUJERES MEXICANAS DEL SIGLO XX: LA OTRA REVOLUCI\u00d3N. \/ Francisco Blanco Figueroa. M\u00e9xico: Editorial Edicol, 2001. 9706545425, 9706542949","og_url":"https:\/\/booksfrommexico.com\/es\/producto\/mujeres-mexicanas-del-siglo-xx-la-otra-revolucion-tomo-3\/","og_site_name":"Books From Mexico","article_modified_time":"2025-04-21T17:57:22+00:00","og_image":[{"width":533,"height":801,"url":"http:\/\/booksfrommexico.com\/app\/uploads\/2023\/05\/113711.jpeg","type":"image\/jpeg"}],"twitter_card":"summary_large_image","twitter_misc":{"Tiempo de lectura":"1 minuto"},"schema":{"@context":"https:\/\/schema.org","@graph":[{"@type":"WebPage","@id":"https:\/\/booksfrommexico.com\/es\/producto\/mujeres-mexicanas-del-siglo-xx-la-otra-revolucion-tomo-3\/","url":"https:\/\/booksfrommexico.com\/es\/producto\/mujeres-mexicanas-del-siglo-xx-la-otra-revolucion-tomo-3\/","name":"Mujeres mexicanas del siglo XX: La otra revoluci\u00f3n, tomo 3","isPartOf":{"@id":"https:\/\/booksfrommexico.com\/#website"},"primaryImageOfPage":{"@id":"https:\/\/booksfrommexico.com\/es\/producto\/mujeres-mexicanas-del-siglo-xx-la-otra-revolucion-tomo-3\/#primaryimage"},"image":{"@id":"https:\/\/booksfrommexico.com\/es\/producto\/mujeres-mexicanas-del-siglo-xx-la-otra-revolucion-tomo-3\/#primaryimage"},"thumbnailUrl":"https:\/\/booksfrommexico.com\/app\/uploads\/2023\/05\/113711.jpeg","datePublished":"2023-05-08T16:13:33+00:00","dateModified":"2025-04-21T17:57:22+00:00","description":"MUJERES MEXICANAS DEL SIGLO XX: LA OTRA REVOLUCI\u00d3N. \/ Francisco Blanco Figueroa. M\u00e9xico: Editorial Edicol, 2001. 9706545425, 9706542949","breadcrumb":{"@id":"https:\/\/booksfrommexico.com\/es\/producto\/mujeres-mexicanas-del-siglo-xx-la-otra-revolucion-tomo-3\/#breadcrumb"},"inLanguage":"es","potentialAction":[{"@type":"ReadAction","target":["https:\/\/booksfrommexico.com\/es\/producto\/mujeres-mexicanas-del-siglo-xx-la-otra-revolucion-tomo-3\/"]}]},{"@type":"ImageObject","inLanguage":"es","@id":"https:\/\/booksfrommexico.com\/es\/producto\/mujeres-mexicanas-del-siglo-xx-la-otra-revolucion-tomo-3\/#primaryimage","url":"https:\/\/booksfrommexico.com\/app\/uploads\/2023\/05\/113711.jpeg","contentUrl":"https:\/\/booksfrommexico.com\/app\/uploads\/2023\/05\/113711.jpeg","width":533,"height":801,"caption":"Mujeres mexicanas del siglo XX La otra revoluci\u00f3n, tomo 3"},{"@type":"BreadcrumbList","@id":"https:\/\/booksfrommexico.com\/es\/producto\/mujeres-mexicanas-del-siglo-xx-la-otra-revolucion-tomo-3\/#breadcrumb","itemListElement":[{"@type":"ListItem","position":1,"name":"Home","item":"https:\/\/booksfrommexico.com\/es\/"},{"@type":"ListItem","position":2,"name":"Libros","item":"https:\/\/booksfrommexico.com\/es\/libros\/"},{"@type":"ListItem","position":3,"name":"Mujeres mexicanas del siglo XX: La otra revoluci\u00f3n, tomo 3"}]},{"@type":"WebSite","@id":"https:\/\/booksfrommexico.com\/#website","url":"https:\/\/booksfrommexico.com\/","name":"Books From Mexico","description":"","publisher":{"@id":"https:\/\/booksfrommexico.com\/#organization"},"potentialAction":[{"@type":"SearchAction","target":{"@type":"EntryPoint","urlTemplate":"https:\/\/booksfrommexico.com\/?s={search_term_string}"},"query-input":{"@type":"PropertyValueSpecification","valueRequired":true,"valueName":"search_term_string"}}],"inLanguage":"es"},{"@type":"Organization","@id":"https:\/\/booksfrommexico.com\/#organization","name":"Books From Mexico","url":"https:\/\/booksfrommexico.com\/","logo":{"@type":"ImageObject","inLanguage":"es","@id":"https:\/\/booksfrommexico.com\/#\/schema\/logo\/image\/","url":"https:\/\/booksfrommexico.com\/app\/uploads\/2023\/05\/logo-booksfrommexico.svg","contentUrl":"https:\/\/booksfrommexico.com\/app\/uploads\/2023\/05\/logo-booksfrommexico.svg","width":86,"height":56,"caption":"Books From Mexico"},"image":{"@id":"https:\/\/booksfrommexico.com\/#\/schema\/logo\/image\/"}}]}},"_links":{"self":[{"href":"https:\/\/booksfrommexico.com\/es\/wp-json\/wp\/v2\/product\/147","targetHints":{"allow":["GET"]}}],"collection":[{"href":"https:\/\/booksfrommexico.com\/es\/wp-json\/wp\/v2\/product"}],"about":[{"href":"https:\/\/booksfrommexico.com\/es\/wp-json\/wp\/v2\/types\/product"}],"wp:featuredmedia":[{"embeddable":true,"href":"https:\/\/booksfrommexico.com\/es\/wp-json\/wp\/v2\/media\/146"}],"wp:attachment":[{"href":"https:\/\/booksfrommexico.com\/es\/wp-json\/wp\/v2\/media?parent=147"}],"wp:term":[{"taxonomy":"product_brand","embeddable":true,"href":"https:\/\/booksfrommexico.com\/es\/wp-json\/wp\/v2\/product_brand?post=147"},{"taxonomy":"product_cat","embeddable":true,"href":"https:\/\/booksfrommexico.com\/es\/wp-json\/wp\/v2\/product_cat?post=147"},{"taxonomy":"product_tag","embeddable":true,"href":"https:\/\/booksfrommexico.com\/es\/wp-json\/wp\/v2\/product_tag?post=147"}],"curies":[{"name":"wp","href":"https:\/\/api.w.org\/{rel}","templated":true}]}}