{"id":149,"date":"2023-05-08T16:13:45","date_gmt":"2023-05-08T16:13:45","guid":{"rendered":"http:\/\/booksfrommexico.com\/product\/vocabulario-ingles-maya-espanol\/"},"modified":"2024-10-02T23:08:54","modified_gmt":"2024-10-02T23:08:54","slug":"vocabulario-ingles-maya-espanol","status":"publish","type":"product","link":"https:\/\/booksfrommexico.com\/es\/producto\/vocabulario-ingles-maya-espanol\/","title":{"rendered":"Vocabulario Ingl\u00e9s-maya-espa\u00f1ol"},"content":{"rendered":"<p id=\"tw-target-text\" class=\"tw-data-text tw-text-large tw-ta\" dir=\"ltr\" data-placeholder=\"Traducci\u00f3n\" data-ved=\"2ahUKEwil57KdrICDAxXBLUQIHXxTDMgQ3ewLegQIBRAQ\"><span style=\"font-weight: 400;\">Este no es un diccionario triling\u00fce sino, como su t\u00edtulo lo indica, un vocabulario que tiene por objetivo facilitar el conocimiento de 5300 palabras con sus equivalentes en tres idiomas. Se encuentra dividido en tres cap\u00edtulos en que est\u00e1n clasificadas las palabras de cada idioma en orden alfab\u00e9tico, de modo que sea posible encontrar la palabra equivalente a partir de la que se tenga en cualquiera de los tres idiomas. Para su elaboraci\u00f3n se utilizaron los diccionarios Cordemex, Calepino de Motul y Solis de Alcal\u00e1 para el idioma Maya; el New College Spanish and English Dictionary para el ingl\u00e9s; para el espa\u00f1ol se tom\u00f3 como referencia la Enciclopedia Espasa Calpe.<\/span><\/p>\n","protected":false},"excerpt":{"rendered":"<p>VOCABULARIO INGL\u00c9S-MAYA-ESPA\u00d1OL<span style=\"font-weight: 400;\">. \/ Paulino Romero Conde. Second edition. M\u00e9rida, Yucat\u00e1n : Centro de Estudios del Mundo Maya ; Compa\u00f1\u00eda Editorial de la Pen\u00ednsula, 2000. 395 pages ; 21 cm. ISBN : 154864.<\/span><\/p>\n<p><br style=\"font-weight: 400;\" \/><br style=\"font-weight: 400;\" \/><\/p>\n","protected":false},"featured_media":148,"template":"","meta":{"_acf_changed":false,"inline_featured_image":false},"product_brand":[],"product_cat":[3345,169,452,450],"product_tag":[4383,3711,3754,4060,4333,3756],"class_list":{"0":"post-149","1":"product","2":"type-product","3":"status-publish","4":"has-post-thumbnail","6":"product_cat-lengua-maya-lenguas-y-linguisticas-indigenas","7":"product_cat-lengua-y-linguistica","8":"product_cat-lenguas-indigenas-diccionarios-y-enciclopedias-referencias","9":"product_cat-referencias","10":"product_tag-edicion-multilingue","11":"product_tag-estudio-y-ensenanza","12":"product_tag-lenguaje-maya","13":"product_tag-lenguas-indigenas-es","14":"product_tag-mayas","15":"product_tag-poliglota","17":"first","18":"instock","19":"sale","20":"taxable","21":"shipping-taxable","22":"purchasable","23":"product-type-simple"},"acf":[],"yoast_head":"<!-- This site is optimized with the Yoast SEO plugin v27.2 - https:\/\/yoast.com\/product\/yoast-seo-wordpress\/ -->\n<title>Vocabulario Ingl\u00e9s-maya-espa\u00f1ol<\/title>\n<meta name=\"description\" content=\"VOCABULARIO INGL\u00c9S-MAYA-ESPA\u00d1OL. \/ Paulino Romero Conde. Second edition. Centro de Estudios del Mundo Maya ; Compa\u00f1\u00eda Editorial de la Pen\u00ednsula, 2000.\" \/>\n<meta name=\"robots\" content=\"index, follow, max-snippet:-1, max-image-preview:large, max-video-preview:-1\" \/>\n<link rel=\"canonical\" href=\"https:\/\/booksfrommexico.com\/es\/producto\/vocabulario-ingles-maya-espanol\/\" \/>\n<meta property=\"og:locale\" content=\"es_ES\" \/>\n<meta property=\"og:type\" content=\"article\" \/>\n<meta property=\"og:title\" content=\"Vocabulario Ingl\u00e9s-maya-espa\u00f1ol\" \/>\n<meta property=\"og:description\" content=\"VOCABULARIO INGL\u00c9S-MAYA-ESPA\u00d1OL. \/ Paulino Romero Conde. Second edition. Centro de Estudios del Mundo Maya ; Compa\u00f1\u00eda Editorial de la Pen\u00ednsula, 2000.\" \/>\n<meta property=\"og:url\" content=\"https:\/\/booksfrommexico.com\/es\/producto\/vocabulario-ingles-maya-espanol\/\" \/>\n<meta property=\"og:site_name\" content=\"Books From Mexico\" \/>\n<meta property=\"article:modified_time\" content=\"2024-10-02T23:08:54+00:00\" \/>\n<meta property=\"og:image\" content=\"http:\/\/booksfrommexico.com\/app\/uploads\/2023\/05\/113198.jpeg\" \/>\n\t<meta property=\"og:image:width\" content=\"533\" \/>\n\t<meta property=\"og:image:height\" content=\"801\" \/>\n\t<meta property=\"og:image:type\" content=\"image\/jpeg\" \/>\n<meta name=\"twitter:card\" content=\"summary_large_image\" \/>\n<meta name=\"twitter:label1\" content=\"Tiempo de lectura\" \/>\n\t<meta name=\"twitter:data1\" content=\"1 minuto\" \/>\n<script type=\"application\/ld+json\" class=\"yoast-schema-graph\">{\"@context\":\"https:\/\/schema.org\",\"@graph\":[{\"@type\":\"WebPage\",\"@id\":\"https:\/\/booksfrommexico.com\/es\/producto\/vocabulario-ingles-maya-espanol\/\",\"url\":\"https:\/\/booksfrommexico.com\/es\/producto\/vocabulario-ingles-maya-espanol\/\",\"name\":\"Vocabulario Ingl\u00e9s-maya-espa\u00f1ol\",\"isPartOf\":{\"@id\":\"https:\/\/booksfrommexico.com\/#website\"},\"primaryImageOfPage\":{\"@id\":\"https:\/\/booksfrommexico.com\/es\/producto\/vocabulario-ingles-maya-espanol\/#primaryimage\"},\"image\":{\"@id\":\"https:\/\/booksfrommexico.com\/es\/producto\/vocabulario-ingles-maya-espanol\/#primaryimage\"},\"thumbnailUrl\":\"https:\/\/booksfrommexico.com\/app\/uploads\/2023\/05\/113198.jpeg\",\"datePublished\":\"2023-05-08T16:13:45+00:00\",\"dateModified\":\"2024-10-02T23:08:54+00:00\",\"description\":\"VOCABULARIO INGL\u00c9S-MAYA-ESPA\u00d1OL. \/ Paulino Romero Conde. Second edition. Centro de Estudios del Mundo Maya ; Compa\u00f1\u00eda Editorial de la Pen\u00ednsula, 2000.\",\"breadcrumb\":{\"@id\":\"https:\/\/booksfrommexico.com\/es\/producto\/vocabulario-ingles-maya-espanol\/#breadcrumb\"},\"inLanguage\":\"es\",\"potentialAction\":[{\"@type\":\"ReadAction\",\"target\":[\"https:\/\/booksfrommexico.com\/es\/producto\/vocabulario-ingles-maya-espanol\/\"]}]},{\"@type\":\"ImageObject\",\"inLanguage\":\"es\",\"@id\":\"https:\/\/booksfrommexico.com\/es\/producto\/vocabulario-ingles-maya-espanol\/#primaryimage\",\"url\":\"https:\/\/booksfrommexico.com\/app\/uploads\/2023\/05\/113198.jpeg\",\"contentUrl\":\"https:\/\/booksfrommexico.com\/app\/uploads\/2023\/05\/113198.jpeg\",\"width\":533,\"height\":801,\"caption\":\"Vocabulario ingl\u00e9s-maya-espa\u00f1ol\"},{\"@type\":\"BreadcrumbList\",\"@id\":\"https:\/\/booksfrommexico.com\/es\/producto\/vocabulario-ingles-maya-espanol\/#breadcrumb\",\"itemListElement\":[{\"@type\":\"ListItem\",\"position\":1,\"name\":\"Home\",\"item\":\"https:\/\/booksfrommexico.com\/es\/\"},{\"@type\":\"ListItem\",\"position\":2,\"name\":\"Libros\",\"item\":\"https:\/\/booksfrommexico.com\/es\/libros\/\"},{\"@type\":\"ListItem\",\"position\":3,\"name\":\"Vocabulario Ingl\u00e9s-maya-espa\u00f1ol\"}]},{\"@type\":\"WebSite\",\"@id\":\"https:\/\/booksfrommexico.com\/#website\",\"url\":\"https:\/\/booksfrommexico.com\/\",\"name\":\"Books From Mexico\",\"description\":\"\",\"publisher\":{\"@id\":\"https:\/\/booksfrommexico.com\/#organization\"},\"potentialAction\":[{\"@type\":\"SearchAction\",\"target\":{\"@type\":\"EntryPoint\",\"urlTemplate\":\"https:\/\/booksfrommexico.com\/?s={search_term_string}\"},\"query-input\":{\"@type\":\"PropertyValueSpecification\",\"valueRequired\":true,\"valueName\":\"search_term_string\"}}],\"inLanguage\":\"es\"},{\"@type\":\"Organization\",\"@id\":\"https:\/\/booksfrommexico.com\/#organization\",\"name\":\"Books From Mexico\",\"url\":\"https:\/\/booksfrommexico.com\/\",\"logo\":{\"@type\":\"ImageObject\",\"inLanguage\":\"es\",\"@id\":\"https:\/\/booksfrommexico.com\/#\/schema\/logo\/image\/\",\"url\":\"https:\/\/booksfrommexico.com\/app\/uploads\/2023\/05\/logo-booksfrommexico.svg\",\"contentUrl\":\"https:\/\/booksfrommexico.com\/app\/uploads\/2023\/05\/logo-booksfrommexico.svg\",\"width\":86,\"height\":56,\"caption\":\"Books From Mexico\"},\"image\":{\"@id\":\"https:\/\/booksfrommexico.com\/#\/schema\/logo\/image\/\"}}]}<\/script>\n<!-- \/ Yoast SEO plugin. -->","yoast_head_json":{"title":"Vocabulario Ingl\u00e9s-maya-espa\u00f1ol","description":"VOCABULARIO INGL\u00c9S-MAYA-ESPA\u00d1OL. \/ Paulino Romero Conde. Second edition. Centro de Estudios del Mundo Maya ; Compa\u00f1\u00eda Editorial de la Pen\u00ednsula, 2000.","robots":{"index":"index","follow":"follow","max-snippet":"max-snippet:-1","max-image-preview":"max-image-preview:large","max-video-preview":"max-video-preview:-1"},"canonical":"https:\/\/booksfrommexico.com\/es\/producto\/vocabulario-ingles-maya-espanol\/","og_locale":"es_ES","og_type":"article","og_title":"Vocabulario Ingl\u00e9s-maya-espa\u00f1ol","og_description":"VOCABULARIO INGL\u00c9S-MAYA-ESPA\u00d1OL. \/ Paulino Romero Conde. Second edition. Centro de Estudios del Mundo Maya ; Compa\u00f1\u00eda Editorial de la Pen\u00ednsula, 2000.","og_url":"https:\/\/booksfrommexico.com\/es\/producto\/vocabulario-ingles-maya-espanol\/","og_site_name":"Books From Mexico","article_modified_time":"2024-10-02T23:08:54+00:00","og_image":[{"width":533,"height":801,"url":"http:\/\/booksfrommexico.com\/app\/uploads\/2023\/05\/113198.jpeg","type":"image\/jpeg"}],"twitter_card":"summary_large_image","twitter_misc":{"Tiempo de lectura":"1 minuto"},"schema":{"@context":"https:\/\/schema.org","@graph":[{"@type":"WebPage","@id":"https:\/\/booksfrommexico.com\/es\/producto\/vocabulario-ingles-maya-espanol\/","url":"https:\/\/booksfrommexico.com\/es\/producto\/vocabulario-ingles-maya-espanol\/","name":"Vocabulario Ingl\u00e9s-maya-espa\u00f1ol","isPartOf":{"@id":"https:\/\/booksfrommexico.com\/#website"},"primaryImageOfPage":{"@id":"https:\/\/booksfrommexico.com\/es\/producto\/vocabulario-ingles-maya-espanol\/#primaryimage"},"image":{"@id":"https:\/\/booksfrommexico.com\/es\/producto\/vocabulario-ingles-maya-espanol\/#primaryimage"},"thumbnailUrl":"https:\/\/booksfrommexico.com\/app\/uploads\/2023\/05\/113198.jpeg","datePublished":"2023-05-08T16:13:45+00:00","dateModified":"2024-10-02T23:08:54+00:00","description":"VOCABULARIO INGL\u00c9S-MAYA-ESPA\u00d1OL. \/ Paulino Romero Conde. Second edition. Centro de Estudios del Mundo Maya ; Compa\u00f1\u00eda Editorial de la Pen\u00ednsula, 2000.","breadcrumb":{"@id":"https:\/\/booksfrommexico.com\/es\/producto\/vocabulario-ingles-maya-espanol\/#breadcrumb"},"inLanguage":"es","potentialAction":[{"@type":"ReadAction","target":["https:\/\/booksfrommexico.com\/es\/producto\/vocabulario-ingles-maya-espanol\/"]}]},{"@type":"ImageObject","inLanguage":"es","@id":"https:\/\/booksfrommexico.com\/es\/producto\/vocabulario-ingles-maya-espanol\/#primaryimage","url":"https:\/\/booksfrommexico.com\/app\/uploads\/2023\/05\/113198.jpeg","contentUrl":"https:\/\/booksfrommexico.com\/app\/uploads\/2023\/05\/113198.jpeg","width":533,"height":801,"caption":"Vocabulario ingl\u00e9s-maya-espa\u00f1ol"},{"@type":"BreadcrumbList","@id":"https:\/\/booksfrommexico.com\/es\/producto\/vocabulario-ingles-maya-espanol\/#breadcrumb","itemListElement":[{"@type":"ListItem","position":1,"name":"Home","item":"https:\/\/booksfrommexico.com\/es\/"},{"@type":"ListItem","position":2,"name":"Libros","item":"https:\/\/booksfrommexico.com\/es\/libros\/"},{"@type":"ListItem","position":3,"name":"Vocabulario Ingl\u00e9s-maya-espa\u00f1ol"}]},{"@type":"WebSite","@id":"https:\/\/booksfrommexico.com\/#website","url":"https:\/\/booksfrommexico.com\/","name":"Books From Mexico","description":"","publisher":{"@id":"https:\/\/booksfrommexico.com\/#organization"},"potentialAction":[{"@type":"SearchAction","target":{"@type":"EntryPoint","urlTemplate":"https:\/\/booksfrommexico.com\/?s={search_term_string}"},"query-input":{"@type":"PropertyValueSpecification","valueRequired":true,"valueName":"search_term_string"}}],"inLanguage":"es"},{"@type":"Organization","@id":"https:\/\/booksfrommexico.com\/#organization","name":"Books From Mexico","url":"https:\/\/booksfrommexico.com\/","logo":{"@type":"ImageObject","inLanguage":"es","@id":"https:\/\/booksfrommexico.com\/#\/schema\/logo\/image\/","url":"https:\/\/booksfrommexico.com\/app\/uploads\/2023\/05\/logo-booksfrommexico.svg","contentUrl":"https:\/\/booksfrommexico.com\/app\/uploads\/2023\/05\/logo-booksfrommexico.svg","width":86,"height":56,"caption":"Books From Mexico"},"image":{"@id":"https:\/\/booksfrommexico.com\/#\/schema\/logo\/image\/"}}]}},"_links":{"self":[{"href":"https:\/\/booksfrommexico.com\/es\/wp-json\/wp\/v2\/product\/149","targetHints":{"allow":["GET"]}}],"collection":[{"href":"https:\/\/booksfrommexico.com\/es\/wp-json\/wp\/v2\/product"}],"about":[{"href":"https:\/\/booksfrommexico.com\/es\/wp-json\/wp\/v2\/types\/product"}],"wp:featuredmedia":[{"embeddable":true,"href":"https:\/\/booksfrommexico.com\/es\/wp-json\/wp\/v2\/media\/148"}],"wp:attachment":[{"href":"https:\/\/booksfrommexico.com\/es\/wp-json\/wp\/v2\/media?parent=149"}],"wp:term":[{"taxonomy":"product_brand","embeddable":true,"href":"https:\/\/booksfrommexico.com\/es\/wp-json\/wp\/v2\/product_brand?post=149"},{"taxonomy":"product_cat","embeddable":true,"href":"https:\/\/booksfrommexico.com\/es\/wp-json\/wp\/v2\/product_cat?post=149"},{"taxonomy":"product_tag","embeddable":true,"href":"https:\/\/booksfrommexico.com\/es\/wp-json\/wp\/v2\/product_tag?post=149"}],"curies":[{"name":"wp","href":"https:\/\/api.w.org\/{rel}","templated":true}]}}