{"id":151,"date":"2023-05-08T16:13:46","date_gmt":"2023-05-08T16:13:46","guid":{"rendered":"http:\/\/booksfrommexico.com\/product\/por-fin-ya-podemos-elegir-y-ser-electas\/"},"modified":"2024-10-02T23:15:23","modified_gmt":"2024-10-02T23:15:23","slug":"por-fin-ya-podemos-elegir-y-ser-electas","status":"publish","type":"product","link":"https:\/\/booksfrommexico.com\/es\/producto\/por-fin-ya-podemos-elegir-y-ser-electas\/","title":{"rendered":"\u00a1Por fin&#8230; ya podemos elegir y ser electas!"},"content":{"rendered":"<p><span style=\"font-weight: 400;\">En este estudio se describe y analiza el proceso mediante el cual las mujeres mexicanas obtuvieron el derecho a votar y ser votadas. El trabajo se centra en dilucidar si las mujeres emprendieron alg\u00fan movimiento con esta finalidad y analizar si \u00e9ste incidi\u00f3 en la decisi\u00f3n adoptada por Adolfo Ruiz Cortines en 1953, cuando envi\u00f3 a las c\u00e1maras una iniciativa de Ley encaminada a otorgar a las mujeres el derecho al sufragio. La autora busca superar la perspectiva de la historia oficial, que s\u00f3lo ve el tema incorporado a la suma de las acciones presidenciales del periodo, y llenar un vac\u00edo existente en el conocimiento de la participaci\u00f3n de los sujetos sociales en la historia nacional, desde el punto de vista de las mujeres.<\/span><\/p>\n","protected":false},"excerpt":{"rendered":"<p>\u00a1POR FIN&#8230; YA PODEMOS ELEGIR Y SER ELECTAS!<span style=\"font-weight: 400;\">. \/ Enriqueta Tu\u00f1\u00f3n Pablos. M\u00e9xico, D.F. : Consejo Nacional para la Cultura y las Artes , Instituto Nacional de Antropolog\u00eda e Historia ; Plaza y Vald\u00e9s Editores, 2002. 305 pages : includes tables, references, notes, bibliographic references, bibliography ; 26 cm. (Colecci\u00f3n Historia). ISBN :\u00a0 9701883187. <\/span><\/p>\n","protected":false},"featured_media":150,"template":"","meta":{"_acf_changed":false,"inline_featured_image":false},"product_brand":[],"product_cat":[147,148],"product_tag":[3752,4398,4101,3758],"class_list":{"0":"post-151","1":"product","2":"type-product","3":"status-publish","4":"has-post-thumbnail","6":"product_cat-estudios-de-genero","7":"product_cat-estudios-sobre-las-mujeres-estudios-de-genero","8":"product_tag-derechos-mujeres","9":"product_tag-historia-mexico","10":"product_tag-mujeres-es","11":"product_tag-sufragio","13":"first","14":"instock","15":"sale","16":"taxable","17":"shipping-taxable","18":"purchasable","19":"product-type-simple"},"acf":[],"yoast_head":"<!-- This site is optimized with the Yoast SEO plugin v27.3 - https:\/\/yoast.com\/product\/yoast-seo-wordpress\/ -->\n<title>\u00a1Por fin... ya podemos elegir y ser electas!<\/title>\n<meta name=\"description\" content=\"\u00a1POR FIN... YA PODEMOS ELEGIR Y SER ELECTAS!. \/ Enriqueta Tu\u00f1\u00f3n Pablos. M\u00e9xico, D.F. : CONACULTA , INAH ; Plaza y Vald\u00e9s Editores, 2002. ISBN : 9701883187.\" \/>\n<meta name=\"robots\" content=\"index, follow, max-snippet:-1, max-image-preview:large, max-video-preview:-1\" \/>\n<link rel=\"canonical\" href=\"https:\/\/booksfrommexico.com\/es\/producto\/por-fin-ya-podemos-elegir-y-ser-electas\/\" \/>\n<meta property=\"og:locale\" content=\"es_ES\" \/>\n<meta property=\"og:type\" content=\"article\" \/>\n<meta property=\"og:title\" content=\"\u00a1Por fin... ya podemos elegir y ser electas!\" \/>\n<meta property=\"og:description\" content=\"\u00a1POR FIN... YA PODEMOS ELEGIR Y SER ELECTAS!. \/ Enriqueta Tu\u00f1\u00f3n Pablos. M\u00e9xico, D.F. : CONACULTA , INAH ; Plaza y Vald\u00e9s Editores, 2002. ISBN : 9701883187.\" \/>\n<meta property=\"og:url\" content=\"https:\/\/booksfrommexico.com\/es\/producto\/por-fin-ya-podemos-elegir-y-ser-electas\/\" \/>\n<meta property=\"og:site_name\" content=\"Books From Mexico\" \/>\n<meta property=\"article:modified_time\" content=\"2024-10-02T23:15:23+00:00\" \/>\n<meta property=\"og:image\" content=\"http:\/\/booksfrommexico.com\/app\/uploads\/2023\/05\/118296.jpeg\" \/>\n\t<meta property=\"og:image:width\" content=\"699\" \/>\n\t<meta property=\"og:image:height\" content=\"1003\" \/>\n\t<meta property=\"og:image:type\" content=\"image\/jpeg\" \/>\n<meta name=\"twitter:card\" content=\"summary_large_image\" \/>\n<meta name=\"twitter:label1\" content=\"Tiempo de lectura\" \/>\n\t<meta name=\"twitter:data1\" content=\"1 minuto\" \/>\n<script type=\"application\/ld+json\" class=\"yoast-schema-graph\">{\"@context\":\"https:\\\/\\\/schema.org\",\"@graph\":[{\"@type\":\"WebPage\",\"@id\":\"https:\\\/\\\/booksfrommexico.com\\\/es\\\/producto\\\/por-fin-ya-podemos-elegir-y-ser-electas\\\/\",\"url\":\"https:\\\/\\\/booksfrommexico.com\\\/es\\\/producto\\\/por-fin-ya-podemos-elegir-y-ser-electas\\\/\",\"name\":\"\u00a1Por fin... ya podemos elegir y ser electas!\",\"isPartOf\":{\"@id\":\"https:\\\/\\\/booksfrommexico.com\\\/#website\"},\"primaryImageOfPage\":{\"@id\":\"https:\\\/\\\/booksfrommexico.com\\\/es\\\/producto\\\/por-fin-ya-podemos-elegir-y-ser-electas\\\/#primaryimage\"},\"image\":{\"@id\":\"https:\\\/\\\/booksfrommexico.com\\\/es\\\/producto\\\/por-fin-ya-podemos-elegir-y-ser-electas\\\/#primaryimage\"},\"thumbnailUrl\":\"https:\\\/\\\/booksfrommexico.com\\\/app\\\/uploads\\\/2023\\\/05\\\/118296.jpeg\",\"datePublished\":\"2023-05-08T16:13:46+00:00\",\"dateModified\":\"2024-10-02T23:15:23+00:00\",\"description\":\"\u00a1POR FIN... YA PODEMOS ELEGIR Y SER ELECTAS!. \\\/ Enriqueta Tu\u00f1\u00f3n Pablos. M\u00e9xico, D.F. : CONACULTA , INAH ; Plaza y Vald\u00e9s Editores, 2002. ISBN : 9701883187.\",\"breadcrumb\":{\"@id\":\"https:\\\/\\\/booksfrommexico.com\\\/es\\\/producto\\\/por-fin-ya-podemos-elegir-y-ser-electas\\\/#breadcrumb\"},\"inLanguage\":\"es\",\"potentialAction\":[{\"@type\":\"ReadAction\",\"target\":[\"https:\\\/\\\/booksfrommexico.com\\\/es\\\/producto\\\/por-fin-ya-podemos-elegir-y-ser-electas\\\/\"]}]},{\"@type\":\"ImageObject\",\"inLanguage\":\"es\",\"@id\":\"https:\\\/\\\/booksfrommexico.com\\\/es\\\/producto\\\/por-fin-ya-podemos-elegir-y-ser-electas\\\/#primaryimage\",\"url\":\"https:\\\/\\\/booksfrommexico.com\\\/app\\\/uploads\\\/2023\\\/05\\\/118296.jpeg\",\"contentUrl\":\"https:\\\/\\\/booksfrommexico.com\\\/app\\\/uploads\\\/2023\\\/05\\\/118296.jpeg\",\"width\":699,\"height\":1003,\"caption\":\"\u00a1Por fin... ya podemos elegir y ser electas!\"},{\"@type\":\"BreadcrumbList\",\"@id\":\"https:\\\/\\\/booksfrommexico.com\\\/es\\\/producto\\\/por-fin-ya-podemos-elegir-y-ser-electas\\\/#breadcrumb\",\"itemListElement\":[{\"@type\":\"ListItem\",\"position\":1,\"name\":\"Home\",\"item\":\"https:\\\/\\\/booksfrommexico.com\\\/es\\\/\"},{\"@type\":\"ListItem\",\"position\":2,\"name\":\"Libros\",\"item\":\"https:\\\/\\\/booksfrommexico.com\\\/es\\\/libros\\\/\"},{\"@type\":\"ListItem\",\"position\":3,\"name\":\"\u00a1Por fin&#8230; ya podemos elegir y ser electas!\"}]},{\"@type\":\"WebSite\",\"@id\":\"https:\\\/\\\/booksfrommexico.com\\\/#website\",\"url\":\"https:\\\/\\\/booksfrommexico.com\\\/\",\"name\":\"Books From Mexico\",\"description\":\"\",\"publisher\":{\"@id\":\"https:\\\/\\\/booksfrommexico.com\\\/#organization\"},\"potentialAction\":[{\"@type\":\"SearchAction\",\"target\":{\"@type\":\"EntryPoint\",\"urlTemplate\":\"https:\\\/\\\/booksfrommexico.com\\\/?s={search_term_string}\"},\"query-input\":{\"@type\":\"PropertyValueSpecification\",\"valueRequired\":true,\"valueName\":\"search_term_string\"}}],\"inLanguage\":\"es\"},{\"@type\":\"Organization\",\"@id\":\"https:\\\/\\\/booksfrommexico.com\\\/#organization\",\"name\":\"Books From Mexico\",\"url\":\"https:\\\/\\\/booksfrommexico.com\\\/\",\"logo\":{\"@type\":\"ImageObject\",\"inLanguage\":\"es\",\"@id\":\"https:\\\/\\\/booksfrommexico.com\\\/#\\\/schema\\\/logo\\\/image\\\/\",\"url\":\"https:\\\/\\\/booksfrommexico.com\\\/app\\\/uploads\\\/2023\\\/05\\\/logo-booksfrommexico.svg\",\"contentUrl\":\"https:\\\/\\\/booksfrommexico.com\\\/app\\\/uploads\\\/2023\\\/05\\\/logo-booksfrommexico.svg\",\"width\":86,\"height\":56,\"caption\":\"Books From Mexico\"},\"image\":{\"@id\":\"https:\\\/\\\/booksfrommexico.com\\\/#\\\/schema\\\/logo\\\/image\\\/\"}}]}<\/script>\n<!-- \/ Yoast SEO plugin. -->","yoast_head_json":{"title":"\u00a1Por fin... ya podemos elegir y ser electas!","description":"\u00a1POR FIN... YA PODEMOS ELEGIR Y SER ELECTAS!. \/ Enriqueta Tu\u00f1\u00f3n Pablos. M\u00e9xico, D.F. : CONACULTA , INAH ; Plaza y Vald\u00e9s Editores, 2002. ISBN : 9701883187.","robots":{"index":"index","follow":"follow","max-snippet":"max-snippet:-1","max-image-preview":"max-image-preview:large","max-video-preview":"max-video-preview:-1"},"canonical":"https:\/\/booksfrommexico.com\/es\/producto\/por-fin-ya-podemos-elegir-y-ser-electas\/","og_locale":"es_ES","og_type":"article","og_title":"\u00a1Por fin... ya podemos elegir y ser electas!","og_description":"\u00a1POR FIN... YA PODEMOS ELEGIR Y SER ELECTAS!. \/ Enriqueta Tu\u00f1\u00f3n Pablos. M\u00e9xico, D.F. : CONACULTA , INAH ; Plaza y Vald\u00e9s Editores, 2002. ISBN : 9701883187.","og_url":"https:\/\/booksfrommexico.com\/es\/producto\/por-fin-ya-podemos-elegir-y-ser-electas\/","og_site_name":"Books From Mexico","article_modified_time":"2024-10-02T23:15:23+00:00","og_image":[{"width":699,"height":1003,"url":"http:\/\/booksfrommexico.com\/app\/uploads\/2023\/05\/118296.jpeg","type":"image\/jpeg"}],"twitter_card":"summary_large_image","twitter_misc":{"Tiempo de lectura":"1 minuto"},"schema":{"@context":"https:\/\/schema.org","@graph":[{"@type":"WebPage","@id":"https:\/\/booksfrommexico.com\/es\/producto\/por-fin-ya-podemos-elegir-y-ser-electas\/","url":"https:\/\/booksfrommexico.com\/es\/producto\/por-fin-ya-podemos-elegir-y-ser-electas\/","name":"\u00a1Por fin... ya podemos elegir y ser electas!","isPartOf":{"@id":"https:\/\/booksfrommexico.com\/#website"},"primaryImageOfPage":{"@id":"https:\/\/booksfrommexico.com\/es\/producto\/por-fin-ya-podemos-elegir-y-ser-electas\/#primaryimage"},"image":{"@id":"https:\/\/booksfrommexico.com\/es\/producto\/por-fin-ya-podemos-elegir-y-ser-electas\/#primaryimage"},"thumbnailUrl":"https:\/\/booksfrommexico.com\/app\/uploads\/2023\/05\/118296.jpeg","datePublished":"2023-05-08T16:13:46+00:00","dateModified":"2024-10-02T23:15:23+00:00","description":"\u00a1POR FIN... YA PODEMOS ELEGIR Y SER ELECTAS!. \/ Enriqueta Tu\u00f1\u00f3n Pablos. M\u00e9xico, D.F. : CONACULTA , INAH ; Plaza y Vald\u00e9s Editores, 2002. ISBN : 9701883187.","breadcrumb":{"@id":"https:\/\/booksfrommexico.com\/es\/producto\/por-fin-ya-podemos-elegir-y-ser-electas\/#breadcrumb"},"inLanguage":"es","potentialAction":[{"@type":"ReadAction","target":["https:\/\/booksfrommexico.com\/es\/producto\/por-fin-ya-podemos-elegir-y-ser-electas\/"]}]},{"@type":"ImageObject","inLanguage":"es","@id":"https:\/\/booksfrommexico.com\/es\/producto\/por-fin-ya-podemos-elegir-y-ser-electas\/#primaryimage","url":"https:\/\/booksfrommexico.com\/app\/uploads\/2023\/05\/118296.jpeg","contentUrl":"https:\/\/booksfrommexico.com\/app\/uploads\/2023\/05\/118296.jpeg","width":699,"height":1003,"caption":"\u00a1Por fin... ya podemos elegir y ser electas!"},{"@type":"BreadcrumbList","@id":"https:\/\/booksfrommexico.com\/es\/producto\/por-fin-ya-podemos-elegir-y-ser-electas\/#breadcrumb","itemListElement":[{"@type":"ListItem","position":1,"name":"Home","item":"https:\/\/booksfrommexico.com\/es\/"},{"@type":"ListItem","position":2,"name":"Libros","item":"https:\/\/booksfrommexico.com\/es\/libros\/"},{"@type":"ListItem","position":3,"name":"\u00a1Por fin&#8230; ya podemos elegir y ser electas!"}]},{"@type":"WebSite","@id":"https:\/\/booksfrommexico.com\/#website","url":"https:\/\/booksfrommexico.com\/","name":"Books From Mexico","description":"","publisher":{"@id":"https:\/\/booksfrommexico.com\/#organization"},"potentialAction":[{"@type":"SearchAction","target":{"@type":"EntryPoint","urlTemplate":"https:\/\/booksfrommexico.com\/?s={search_term_string}"},"query-input":{"@type":"PropertyValueSpecification","valueRequired":true,"valueName":"search_term_string"}}],"inLanguage":"es"},{"@type":"Organization","@id":"https:\/\/booksfrommexico.com\/#organization","name":"Books From Mexico","url":"https:\/\/booksfrommexico.com\/","logo":{"@type":"ImageObject","inLanguage":"es","@id":"https:\/\/booksfrommexico.com\/#\/schema\/logo\/image\/","url":"https:\/\/booksfrommexico.com\/app\/uploads\/2023\/05\/logo-booksfrommexico.svg","contentUrl":"https:\/\/booksfrommexico.com\/app\/uploads\/2023\/05\/logo-booksfrommexico.svg","width":86,"height":56,"caption":"Books From Mexico"},"image":{"@id":"https:\/\/booksfrommexico.com\/#\/schema\/logo\/image\/"}}]}},"_links":{"self":[{"href":"https:\/\/booksfrommexico.com\/es\/wp-json\/wp\/v2\/product\/151","targetHints":{"allow":["GET"]}}],"collection":[{"href":"https:\/\/booksfrommexico.com\/es\/wp-json\/wp\/v2\/product"}],"about":[{"href":"https:\/\/booksfrommexico.com\/es\/wp-json\/wp\/v2\/types\/product"}],"wp:featuredmedia":[{"embeddable":true,"href":"https:\/\/booksfrommexico.com\/es\/wp-json\/wp\/v2\/media\/150"}],"wp:attachment":[{"href":"https:\/\/booksfrommexico.com\/es\/wp-json\/wp\/v2\/media?parent=151"}],"wp:term":[{"taxonomy":"product_brand","embeddable":true,"href":"https:\/\/booksfrommexico.com\/es\/wp-json\/wp\/v2\/product_brand?post=151"},{"taxonomy":"product_cat","embeddable":true,"href":"https:\/\/booksfrommexico.com\/es\/wp-json\/wp\/v2\/product_cat?post=151"},{"taxonomy":"product_tag","embeddable":true,"href":"https:\/\/booksfrommexico.com\/es\/wp-json\/wp\/v2\/product_tag?post=151"}],"curies":[{"name":"wp","href":"https:\/\/api.w.org\/{rel}","templated":true}]}}