{"id":153,"date":"2023-05-08T16:13:48","date_gmt":"2023-05-08T16:13:48","guid":{"rendered":"http:\/\/booksfrommexico.com\/product\/creo-para-poder-entender-la-vida-religiosa-en-los-barrios-de-cholula\/"},"modified":"2024-10-02T23:15:36","modified_gmt":"2024-10-02T23:15:36","slug":"creo-para-poder-entender-la-vida-religiosa-en-los-barrios-de-cholula","status":"publish","type":"product","link":"https:\/\/booksfrommexico.com\/es\/producto\/creo-para-poder-entender-la-vida-religiosa-en-los-barrios-de-cholula\/","title":{"rendered":"La vida religiosa en los barrios de Cholula"},"content":{"rendered":"<p><span style=\"font-weight: 400;\">Relato tra\u00eddo de primera mano acerca de la forma de vida y las creencias en los barrios de Cholula, Puebla. Atra\u00edda por la ciudad, su gente y sus tradiciones, la autora dedic\u00f3 dos a\u00f1os de su vida (1996-1998) al estudio de procesiones, peregrinaciones y fiestas religiosas de los cat\u00f3licos de esta regi\u00f3n de M\u00e9xico. Asistiendo con mucha discreci\u00f3n en los eventos p\u00fablicos, tambi\u00e9n logr\u00f3 recibir invitaciones a participar en reuniones religiosas privadas en hogares de los lugare\u00f1os o templos. En esta narraci\u00f3n podemos encontrar detalles, an\u00e9cdotas y descripciones de lugares que le dan a los cholultecas su sentido de identidad y pertenencia a trav\u00e9s de la pr\u00e1ctica de su religi\u00f3n.<\/span><\/p>\n","protected":false},"excerpt":{"rendered":"<p>CREO PARA PODER ENTENDER : LA VIDA RELIGIOSA EN LOS BARRIOS DE CHOLULA.<span style=\"font-weight: 400;\"> \/ Anamar\u00eda Ashwell. Second edition. Puebla, M\u00e9xico : Benem\u00e9rita Universidad Aut\u00f3noma de Puebla ;\u00a0 Secretar\u00eda de Cultura del Gobierno del Estado de Puebla, 2002.\u00a0 199 pages : includes photos, bibliography ; 20 cm. ISBN : 968863607X.<\/span><\/p>\n","protected":false},"featured_media":152,"template":"","meta":{"_acf_changed":false,"inline_featured_image":false},"product_brand":[],"product_cat":[524,158],"product_tag":[3828,3760,3762],"class_list":{"0":"post-153","1":"product","2":"type-product","3":"status-publish","4":"has-post-thumbnail","6":"product_cat-expresiones-sociales-de-la-religion-religion-y-sociedad","7":"product_cat-religion-y-sociedad","8":"product_tag-culto","9":"product_tag-puebla-mexico","10":"product_tag-vida-religiosa-y-costumbres","12":"first","13":"instock","14":"sale","15":"taxable","16":"shipping-taxable","17":"purchasable","18":"product-type-simple"},"acf":[],"yoast_head":"<!-- This site is optimized with the Yoast SEO plugin v27.3 - https:\/\/yoast.com\/product\/yoast-seo-wordpress\/ -->\n<title>La vida religiosa en los barrios de Cholula<\/title>\n<meta name=\"description\" content=\"Creo para poder entender: La vida religiosa en los barrios de Cholula. \/ Anamar\u00eda Ashwell. M\u00e9xico, Puebla. 2002. Second edition. ISBN : 968863607X.\" \/>\n<meta name=\"robots\" content=\"index, follow, max-snippet:-1, max-image-preview:large, max-video-preview:-1\" \/>\n<link rel=\"canonical\" href=\"https:\/\/booksfrommexico.com\/es\/producto\/creo-para-poder-entender-la-vida-religiosa-en-los-barrios-de-cholula\/\" \/>\n<meta property=\"og:locale\" content=\"es_ES\" \/>\n<meta property=\"og:type\" content=\"article\" \/>\n<meta property=\"og:title\" content=\"La vida religiosa en los barrios de Cholula\" \/>\n<meta property=\"og:description\" content=\"Creo para poder entender: La vida religiosa en los barrios de Cholula. \/ Anamar\u00eda Ashwell. M\u00e9xico, Puebla. 2002. Second edition. ISBN : 968863607X.\" \/>\n<meta property=\"og:url\" content=\"https:\/\/booksfrommexico.com\/es\/producto\/creo-para-poder-entender-la-vida-religiosa-en-los-barrios-de-cholula\/\" \/>\n<meta property=\"og:site_name\" content=\"Books From Mexico\" \/>\n<meta property=\"article:modified_time\" content=\"2024-10-02T23:15:36+00:00\" \/>\n<meta property=\"og:image\" content=\"http:\/\/booksfrommexico.com\/app\/uploads\/2023\/05\/118811.jpeg\" \/>\n\t<meta property=\"og:image:width\" content=\"534\" \/>\n\t<meta property=\"og:image:height\" content=\"806\" \/>\n\t<meta property=\"og:image:type\" content=\"image\/jpeg\" \/>\n<meta name=\"twitter:card\" content=\"summary_large_image\" \/>\n<meta name=\"twitter:label1\" content=\"Tiempo de lectura\" \/>\n\t<meta name=\"twitter:data1\" content=\"1 minuto\" \/>\n<script type=\"application\/ld+json\" class=\"yoast-schema-graph\">{\"@context\":\"https:\\\/\\\/schema.org\",\"@graph\":[{\"@type\":\"WebPage\",\"@id\":\"https:\\\/\\\/booksfrommexico.com\\\/es\\\/producto\\\/creo-para-poder-entender-la-vida-religiosa-en-los-barrios-de-cholula\\\/\",\"url\":\"https:\\\/\\\/booksfrommexico.com\\\/es\\\/producto\\\/creo-para-poder-entender-la-vida-religiosa-en-los-barrios-de-cholula\\\/\",\"name\":\"La vida religiosa en los barrios de Cholula\",\"isPartOf\":{\"@id\":\"https:\\\/\\\/booksfrommexico.com\\\/#website\"},\"primaryImageOfPage\":{\"@id\":\"https:\\\/\\\/booksfrommexico.com\\\/es\\\/producto\\\/creo-para-poder-entender-la-vida-religiosa-en-los-barrios-de-cholula\\\/#primaryimage\"},\"image\":{\"@id\":\"https:\\\/\\\/booksfrommexico.com\\\/es\\\/producto\\\/creo-para-poder-entender-la-vida-religiosa-en-los-barrios-de-cholula\\\/#primaryimage\"},\"thumbnailUrl\":\"https:\\\/\\\/booksfrommexico.com\\\/app\\\/uploads\\\/2023\\\/05\\\/118811.jpeg\",\"datePublished\":\"2023-05-08T16:13:48+00:00\",\"dateModified\":\"2024-10-02T23:15:36+00:00\",\"description\":\"Creo para poder entender: La vida religiosa en los barrios de Cholula. \\\/ Anamar\u00eda Ashwell. M\u00e9xico, Puebla. 2002. Second edition. ISBN : 968863607X.\",\"breadcrumb\":{\"@id\":\"https:\\\/\\\/booksfrommexico.com\\\/es\\\/producto\\\/creo-para-poder-entender-la-vida-religiosa-en-los-barrios-de-cholula\\\/#breadcrumb\"},\"inLanguage\":\"es\",\"potentialAction\":[{\"@type\":\"ReadAction\",\"target\":[\"https:\\\/\\\/booksfrommexico.com\\\/es\\\/producto\\\/creo-para-poder-entender-la-vida-religiosa-en-los-barrios-de-cholula\\\/\"]}]},{\"@type\":\"ImageObject\",\"inLanguage\":\"es\",\"@id\":\"https:\\\/\\\/booksfrommexico.com\\\/es\\\/producto\\\/creo-para-poder-entender-la-vida-religiosa-en-los-barrios-de-cholula\\\/#primaryimage\",\"url\":\"https:\\\/\\\/booksfrommexico.com\\\/app\\\/uploads\\\/2023\\\/05\\\/118811.jpeg\",\"contentUrl\":\"https:\\\/\\\/booksfrommexico.com\\\/app\\\/uploads\\\/2023\\\/05\\\/118811.jpeg\",\"width\":534,\"height\":806,\"caption\":\"Creo para poder entender La vida religiosa en los barrios de Cholula\"},{\"@type\":\"BreadcrumbList\",\"@id\":\"https:\\\/\\\/booksfrommexico.com\\\/es\\\/producto\\\/creo-para-poder-entender-la-vida-religiosa-en-los-barrios-de-cholula\\\/#breadcrumb\",\"itemListElement\":[{\"@type\":\"ListItem\",\"position\":1,\"name\":\"Home\",\"item\":\"https:\\\/\\\/booksfrommexico.com\\\/es\\\/\"},{\"@type\":\"ListItem\",\"position\":2,\"name\":\"Libros\",\"item\":\"https:\\\/\\\/booksfrommexico.com\\\/es\\\/libros\\\/\"},{\"@type\":\"ListItem\",\"position\":3,\"name\":\"La vida religiosa en los barrios de Cholula\"}]},{\"@type\":\"WebSite\",\"@id\":\"https:\\\/\\\/booksfrommexico.com\\\/#website\",\"url\":\"https:\\\/\\\/booksfrommexico.com\\\/\",\"name\":\"Books From Mexico\",\"description\":\"\",\"publisher\":{\"@id\":\"https:\\\/\\\/booksfrommexico.com\\\/#organization\"},\"potentialAction\":[{\"@type\":\"SearchAction\",\"target\":{\"@type\":\"EntryPoint\",\"urlTemplate\":\"https:\\\/\\\/booksfrommexico.com\\\/?s={search_term_string}\"},\"query-input\":{\"@type\":\"PropertyValueSpecification\",\"valueRequired\":true,\"valueName\":\"search_term_string\"}}],\"inLanguage\":\"es\"},{\"@type\":\"Organization\",\"@id\":\"https:\\\/\\\/booksfrommexico.com\\\/#organization\",\"name\":\"Books From Mexico\",\"url\":\"https:\\\/\\\/booksfrommexico.com\\\/\",\"logo\":{\"@type\":\"ImageObject\",\"inLanguage\":\"es\",\"@id\":\"https:\\\/\\\/booksfrommexico.com\\\/#\\\/schema\\\/logo\\\/image\\\/\",\"url\":\"https:\\\/\\\/booksfrommexico.com\\\/app\\\/uploads\\\/2023\\\/05\\\/logo-booksfrommexico.svg\",\"contentUrl\":\"https:\\\/\\\/booksfrommexico.com\\\/app\\\/uploads\\\/2023\\\/05\\\/logo-booksfrommexico.svg\",\"width\":86,\"height\":56,\"caption\":\"Books From Mexico\"},\"image\":{\"@id\":\"https:\\\/\\\/booksfrommexico.com\\\/#\\\/schema\\\/logo\\\/image\\\/\"}}]}<\/script>\n<!-- \/ Yoast SEO plugin. -->","yoast_head_json":{"title":"La vida religiosa en los barrios de Cholula","description":"Creo para poder entender: La vida religiosa en los barrios de Cholula. \/ Anamar\u00eda Ashwell. M\u00e9xico, Puebla. 2002. Second edition. ISBN : 968863607X.","robots":{"index":"index","follow":"follow","max-snippet":"max-snippet:-1","max-image-preview":"max-image-preview:large","max-video-preview":"max-video-preview:-1"},"canonical":"https:\/\/booksfrommexico.com\/es\/producto\/creo-para-poder-entender-la-vida-religiosa-en-los-barrios-de-cholula\/","og_locale":"es_ES","og_type":"article","og_title":"La vida religiosa en los barrios de Cholula","og_description":"Creo para poder entender: La vida religiosa en los barrios de Cholula. \/ Anamar\u00eda Ashwell. M\u00e9xico, Puebla. 2002. Second edition. ISBN : 968863607X.","og_url":"https:\/\/booksfrommexico.com\/es\/producto\/creo-para-poder-entender-la-vida-religiosa-en-los-barrios-de-cholula\/","og_site_name":"Books From Mexico","article_modified_time":"2024-10-02T23:15:36+00:00","og_image":[{"width":534,"height":806,"url":"http:\/\/booksfrommexico.com\/app\/uploads\/2023\/05\/118811.jpeg","type":"image\/jpeg"}],"twitter_card":"summary_large_image","twitter_misc":{"Tiempo de lectura":"1 minuto"},"schema":{"@context":"https:\/\/schema.org","@graph":[{"@type":"WebPage","@id":"https:\/\/booksfrommexico.com\/es\/producto\/creo-para-poder-entender-la-vida-religiosa-en-los-barrios-de-cholula\/","url":"https:\/\/booksfrommexico.com\/es\/producto\/creo-para-poder-entender-la-vida-religiosa-en-los-barrios-de-cholula\/","name":"La vida religiosa en los barrios de Cholula","isPartOf":{"@id":"https:\/\/booksfrommexico.com\/#website"},"primaryImageOfPage":{"@id":"https:\/\/booksfrommexico.com\/es\/producto\/creo-para-poder-entender-la-vida-religiosa-en-los-barrios-de-cholula\/#primaryimage"},"image":{"@id":"https:\/\/booksfrommexico.com\/es\/producto\/creo-para-poder-entender-la-vida-religiosa-en-los-barrios-de-cholula\/#primaryimage"},"thumbnailUrl":"https:\/\/booksfrommexico.com\/app\/uploads\/2023\/05\/118811.jpeg","datePublished":"2023-05-08T16:13:48+00:00","dateModified":"2024-10-02T23:15:36+00:00","description":"Creo para poder entender: La vida religiosa en los barrios de Cholula. \/ Anamar\u00eda Ashwell. M\u00e9xico, Puebla. 2002. Second edition. ISBN : 968863607X.","breadcrumb":{"@id":"https:\/\/booksfrommexico.com\/es\/producto\/creo-para-poder-entender-la-vida-religiosa-en-los-barrios-de-cholula\/#breadcrumb"},"inLanguage":"es","potentialAction":[{"@type":"ReadAction","target":["https:\/\/booksfrommexico.com\/es\/producto\/creo-para-poder-entender-la-vida-religiosa-en-los-barrios-de-cholula\/"]}]},{"@type":"ImageObject","inLanguage":"es","@id":"https:\/\/booksfrommexico.com\/es\/producto\/creo-para-poder-entender-la-vida-religiosa-en-los-barrios-de-cholula\/#primaryimage","url":"https:\/\/booksfrommexico.com\/app\/uploads\/2023\/05\/118811.jpeg","contentUrl":"https:\/\/booksfrommexico.com\/app\/uploads\/2023\/05\/118811.jpeg","width":534,"height":806,"caption":"Creo para poder entender La vida religiosa en los barrios de Cholula"},{"@type":"BreadcrumbList","@id":"https:\/\/booksfrommexico.com\/es\/producto\/creo-para-poder-entender-la-vida-religiosa-en-los-barrios-de-cholula\/#breadcrumb","itemListElement":[{"@type":"ListItem","position":1,"name":"Home","item":"https:\/\/booksfrommexico.com\/es\/"},{"@type":"ListItem","position":2,"name":"Libros","item":"https:\/\/booksfrommexico.com\/es\/libros\/"},{"@type":"ListItem","position":3,"name":"La vida religiosa en los barrios de Cholula"}]},{"@type":"WebSite","@id":"https:\/\/booksfrommexico.com\/#website","url":"https:\/\/booksfrommexico.com\/","name":"Books From Mexico","description":"","publisher":{"@id":"https:\/\/booksfrommexico.com\/#organization"},"potentialAction":[{"@type":"SearchAction","target":{"@type":"EntryPoint","urlTemplate":"https:\/\/booksfrommexico.com\/?s={search_term_string}"},"query-input":{"@type":"PropertyValueSpecification","valueRequired":true,"valueName":"search_term_string"}}],"inLanguage":"es"},{"@type":"Organization","@id":"https:\/\/booksfrommexico.com\/#organization","name":"Books From Mexico","url":"https:\/\/booksfrommexico.com\/","logo":{"@type":"ImageObject","inLanguage":"es","@id":"https:\/\/booksfrommexico.com\/#\/schema\/logo\/image\/","url":"https:\/\/booksfrommexico.com\/app\/uploads\/2023\/05\/logo-booksfrommexico.svg","contentUrl":"https:\/\/booksfrommexico.com\/app\/uploads\/2023\/05\/logo-booksfrommexico.svg","width":86,"height":56,"caption":"Books From Mexico"},"image":{"@id":"https:\/\/booksfrommexico.com\/#\/schema\/logo\/image\/"}}]}},"_links":{"self":[{"href":"https:\/\/booksfrommexico.com\/es\/wp-json\/wp\/v2\/product\/153","targetHints":{"allow":["GET"]}}],"collection":[{"href":"https:\/\/booksfrommexico.com\/es\/wp-json\/wp\/v2\/product"}],"about":[{"href":"https:\/\/booksfrommexico.com\/es\/wp-json\/wp\/v2\/types\/product"}],"wp:featuredmedia":[{"embeddable":true,"href":"https:\/\/booksfrommexico.com\/es\/wp-json\/wp\/v2\/media\/152"}],"wp:attachment":[{"href":"https:\/\/booksfrommexico.com\/es\/wp-json\/wp\/v2\/media?parent=153"}],"wp:term":[{"taxonomy":"product_brand","embeddable":true,"href":"https:\/\/booksfrommexico.com\/es\/wp-json\/wp\/v2\/product_brand?post=153"},{"taxonomy":"product_cat","embeddable":true,"href":"https:\/\/booksfrommexico.com\/es\/wp-json\/wp\/v2\/product_cat?post=153"},{"taxonomy":"product_tag","embeddable":true,"href":"https:\/\/booksfrommexico.com\/es\/wp-json\/wp\/v2\/product_tag?post=153"}],"curies":[{"name":"wp","href":"https:\/\/api.w.org\/{rel}","templated":true}]}}