{"id":157,"date":"2023-05-08T16:14:11","date_gmt":"2023-05-08T16:14:11","guid":{"rendered":"http:\/\/booksfrommexico.com\/product\/everardo-rivera\/"},"modified":"2024-10-02T23:16:20","modified_gmt":"2024-10-02T23:16:20","slug":"everardo-rivera","status":"publish","type":"product","link":"https:\/\/booksfrommexico.com\/es\/producto\/everardo-rivera\/","title":{"rendered":"Everardo Rivera"},"content":{"rendered":"<p id=\"tw-target-text\" class=\"tw-data-text tw-text-large tw-ta\" dir=\"ltr\" data-placeholder=\"Traducci\u00f3n\" data-ved=\"2ahUKEwil57KdrICDAxXBLUQIHXxTDMgQ3ewLegQIBRAQ\"><span style=\"font-weight: 400;\">Francisco Everardo Rivera Flores tiene una larga y rica trayectoria que incluye participaciones en diversas exposiciones en M\u00e9xico, Jap\u00f3n, Alemania, Italia, Brasil y Yugoslavia, as\u00ed como colaborado desde 1980 en publicaciones cient\u00edficas y culturales. Las im\u00e1genes de este libro fueron realizadas entre 1978 y 1988 en diferentes comunidades del estado de Puebla, M\u00e9xico. A trav\u00e9s de estas fotograf\u00edas se puede conocer la vida cotidiana de los pobladores, sus festividades, estilo de vida, vestimentas t\u00edpicas, ritos religiosos y, especialmente, a su gente. <\/span><\/p>\n","protected":false},"excerpt":{"rendered":"<p>EVERARDO RIVERA<span style=\"font-weight: 400;\">. \/ Francisco Everado Rivera Flores. Puebla, M\u00e9xico : Benem\u00e9rita Universidad Aut\u00f3noma de Puebla , Instituto de Ciencias Sociales y Humanidades, 2002. [37 unpaged sheets] : includes chiefly photos ; 20 cm. ISBN : 9688635979. <\/span><\/p>\n","protected":false},"featured_media":156,"template":"","meta":{"_acf_changed":false,"inline_featured_image":false},"product_brand":[],"product_cat":[87,165],"product_tag":[4044,3991,4043,3607,3760,3608],"class_list":{"0":"post-157","1":"product","2":"type-product","3":"status-publish","4":"has-post-thumbnail","6":"product_cat-arte","7":"product_cat-fotografia-arte","8":"product_tag-arte","9":"product_tag-conducta-de-vida","10":"product_tag-fotografia","11":"product_tag-historia-local","12":"product_tag-puebla-mexico","13":"product_tag-vida-social-y-costumbres","15":"first","16":"instock","17":"sale","18":"taxable","19":"shipping-taxable","20":"purchasable","21":"product-type-simple"},"acf":[],"yoast_head":"<!-- This site is optimized with the Yoast SEO plugin v27.3 - https:\/\/yoast.com\/product\/yoast-seo-wordpress\/ -->\n<title>Everardo Rivera<\/title>\n<meta name=\"description\" content=\"EVERARDO RIVERA. \/ Francisco Everado Rivera Flores. Puebla, M\u00e9xico : BUAP , Instituto de Ciencias Sociales y Humanidades, 2002.ISBN : 9688635979.\" \/>\n<meta name=\"robots\" content=\"index, follow, max-snippet:-1, max-image-preview:large, max-video-preview:-1\" \/>\n<link rel=\"canonical\" href=\"https:\/\/booksfrommexico.com\/es\/producto\/everardo-rivera\/\" \/>\n<meta property=\"og:locale\" content=\"es_ES\" \/>\n<meta property=\"og:type\" content=\"article\" \/>\n<meta property=\"og:title\" content=\"Everardo Rivera\" \/>\n<meta property=\"og:description\" content=\"EVERARDO RIVERA. \/ Francisco Everado Rivera Flores. Puebla, M\u00e9xico : BUAP , Instituto de Ciencias Sociales y Humanidades, 2002.ISBN : 9688635979.\" \/>\n<meta property=\"og:url\" content=\"https:\/\/booksfrommexico.com\/es\/producto\/everardo-rivera\/\" \/>\n<meta property=\"og:site_name\" content=\"Books From Mexico\" \/>\n<meta property=\"article:modified_time\" content=\"2024-10-02T23:16:20+00:00\" \/>\n<meta property=\"og:image\" content=\"http:\/\/booksfrommexico.com\/app\/uploads\/2023\/05\/118834.jpeg\" \/>\n\t<meta property=\"og:image:width\" content=\"765\" \/>\n\t<meta property=\"og:image:height\" content=\"767\" \/>\n\t<meta property=\"og:image:type\" content=\"image\/jpeg\" \/>\n<meta name=\"twitter:card\" content=\"summary_large_image\" \/>\n<meta name=\"twitter:label1\" content=\"Tiempo de lectura\" \/>\n\t<meta name=\"twitter:data1\" content=\"1 minuto\" \/>\n<script type=\"application\/ld+json\" class=\"yoast-schema-graph\">{\"@context\":\"https:\\\/\\\/schema.org\",\"@graph\":[{\"@type\":\"WebPage\",\"@id\":\"https:\\\/\\\/booksfrommexico.com\\\/es\\\/producto\\\/everardo-rivera\\\/\",\"url\":\"https:\\\/\\\/booksfrommexico.com\\\/es\\\/producto\\\/everardo-rivera\\\/\",\"name\":\"Everardo Rivera\",\"isPartOf\":{\"@id\":\"https:\\\/\\\/booksfrommexico.com\\\/#website\"},\"primaryImageOfPage\":{\"@id\":\"https:\\\/\\\/booksfrommexico.com\\\/es\\\/producto\\\/everardo-rivera\\\/#primaryimage\"},\"image\":{\"@id\":\"https:\\\/\\\/booksfrommexico.com\\\/es\\\/producto\\\/everardo-rivera\\\/#primaryimage\"},\"thumbnailUrl\":\"https:\\\/\\\/booksfrommexico.com\\\/app\\\/uploads\\\/2023\\\/05\\\/118834.jpeg\",\"datePublished\":\"2023-05-08T16:14:11+00:00\",\"dateModified\":\"2024-10-02T23:16:20+00:00\",\"description\":\"EVERARDO RIVERA. \\\/ Francisco Everado Rivera Flores. Puebla, M\u00e9xico : BUAP , Instituto de Ciencias Sociales y Humanidades, 2002.ISBN : 9688635979.\",\"breadcrumb\":{\"@id\":\"https:\\\/\\\/booksfrommexico.com\\\/es\\\/producto\\\/everardo-rivera\\\/#breadcrumb\"},\"inLanguage\":\"es\",\"potentialAction\":[{\"@type\":\"ReadAction\",\"target\":[\"https:\\\/\\\/booksfrommexico.com\\\/es\\\/producto\\\/everardo-rivera\\\/\"]}]},{\"@type\":\"ImageObject\",\"inLanguage\":\"es\",\"@id\":\"https:\\\/\\\/booksfrommexico.com\\\/es\\\/producto\\\/everardo-rivera\\\/#primaryimage\",\"url\":\"https:\\\/\\\/booksfrommexico.com\\\/app\\\/uploads\\\/2023\\\/05\\\/118834.jpeg\",\"contentUrl\":\"https:\\\/\\\/booksfrommexico.com\\\/app\\\/uploads\\\/2023\\\/05\\\/118834.jpeg\",\"width\":765,\"height\":767,\"caption\":\"Everardo Rivera\"},{\"@type\":\"BreadcrumbList\",\"@id\":\"https:\\\/\\\/booksfrommexico.com\\\/es\\\/producto\\\/everardo-rivera\\\/#breadcrumb\",\"itemListElement\":[{\"@type\":\"ListItem\",\"position\":1,\"name\":\"Home\",\"item\":\"https:\\\/\\\/booksfrommexico.com\\\/es\\\/\"},{\"@type\":\"ListItem\",\"position\":2,\"name\":\"Libros\",\"item\":\"https:\\\/\\\/booksfrommexico.com\\\/es\\\/libros\\\/\"},{\"@type\":\"ListItem\",\"position\":3,\"name\":\"Everardo Rivera\"}]},{\"@type\":\"WebSite\",\"@id\":\"https:\\\/\\\/booksfrommexico.com\\\/#website\",\"url\":\"https:\\\/\\\/booksfrommexico.com\\\/\",\"name\":\"Books From Mexico\",\"description\":\"\",\"publisher\":{\"@id\":\"https:\\\/\\\/booksfrommexico.com\\\/#organization\"},\"potentialAction\":[{\"@type\":\"SearchAction\",\"target\":{\"@type\":\"EntryPoint\",\"urlTemplate\":\"https:\\\/\\\/booksfrommexico.com\\\/?s={search_term_string}\"},\"query-input\":{\"@type\":\"PropertyValueSpecification\",\"valueRequired\":true,\"valueName\":\"search_term_string\"}}],\"inLanguage\":\"es\"},{\"@type\":\"Organization\",\"@id\":\"https:\\\/\\\/booksfrommexico.com\\\/#organization\",\"name\":\"Books From Mexico\",\"url\":\"https:\\\/\\\/booksfrommexico.com\\\/\",\"logo\":{\"@type\":\"ImageObject\",\"inLanguage\":\"es\",\"@id\":\"https:\\\/\\\/booksfrommexico.com\\\/#\\\/schema\\\/logo\\\/image\\\/\",\"url\":\"https:\\\/\\\/booksfrommexico.com\\\/app\\\/uploads\\\/2023\\\/05\\\/logo-booksfrommexico.svg\",\"contentUrl\":\"https:\\\/\\\/booksfrommexico.com\\\/app\\\/uploads\\\/2023\\\/05\\\/logo-booksfrommexico.svg\",\"width\":86,\"height\":56,\"caption\":\"Books From Mexico\"},\"image\":{\"@id\":\"https:\\\/\\\/booksfrommexico.com\\\/#\\\/schema\\\/logo\\\/image\\\/\"}}]}<\/script>\n<!-- \/ Yoast SEO plugin. -->","yoast_head_json":{"title":"Everardo Rivera","description":"EVERARDO RIVERA. \/ Francisco Everado Rivera Flores. Puebla, M\u00e9xico : BUAP , Instituto de Ciencias Sociales y Humanidades, 2002.ISBN : 9688635979.","robots":{"index":"index","follow":"follow","max-snippet":"max-snippet:-1","max-image-preview":"max-image-preview:large","max-video-preview":"max-video-preview:-1"},"canonical":"https:\/\/booksfrommexico.com\/es\/producto\/everardo-rivera\/","og_locale":"es_ES","og_type":"article","og_title":"Everardo Rivera","og_description":"EVERARDO RIVERA. \/ Francisco Everado Rivera Flores. Puebla, M\u00e9xico : BUAP , Instituto de Ciencias Sociales y Humanidades, 2002.ISBN : 9688635979.","og_url":"https:\/\/booksfrommexico.com\/es\/producto\/everardo-rivera\/","og_site_name":"Books From Mexico","article_modified_time":"2024-10-02T23:16:20+00:00","og_image":[{"width":765,"height":767,"url":"http:\/\/booksfrommexico.com\/app\/uploads\/2023\/05\/118834.jpeg","type":"image\/jpeg"}],"twitter_card":"summary_large_image","twitter_misc":{"Tiempo de lectura":"1 minuto"},"schema":{"@context":"https:\/\/schema.org","@graph":[{"@type":"WebPage","@id":"https:\/\/booksfrommexico.com\/es\/producto\/everardo-rivera\/","url":"https:\/\/booksfrommexico.com\/es\/producto\/everardo-rivera\/","name":"Everardo Rivera","isPartOf":{"@id":"https:\/\/booksfrommexico.com\/#website"},"primaryImageOfPage":{"@id":"https:\/\/booksfrommexico.com\/es\/producto\/everardo-rivera\/#primaryimage"},"image":{"@id":"https:\/\/booksfrommexico.com\/es\/producto\/everardo-rivera\/#primaryimage"},"thumbnailUrl":"https:\/\/booksfrommexico.com\/app\/uploads\/2023\/05\/118834.jpeg","datePublished":"2023-05-08T16:14:11+00:00","dateModified":"2024-10-02T23:16:20+00:00","description":"EVERARDO RIVERA. \/ Francisco Everado Rivera Flores. Puebla, M\u00e9xico : BUAP , Instituto de Ciencias Sociales y Humanidades, 2002.ISBN : 9688635979.","breadcrumb":{"@id":"https:\/\/booksfrommexico.com\/es\/producto\/everardo-rivera\/#breadcrumb"},"inLanguage":"es","potentialAction":[{"@type":"ReadAction","target":["https:\/\/booksfrommexico.com\/es\/producto\/everardo-rivera\/"]}]},{"@type":"ImageObject","inLanguage":"es","@id":"https:\/\/booksfrommexico.com\/es\/producto\/everardo-rivera\/#primaryimage","url":"https:\/\/booksfrommexico.com\/app\/uploads\/2023\/05\/118834.jpeg","contentUrl":"https:\/\/booksfrommexico.com\/app\/uploads\/2023\/05\/118834.jpeg","width":765,"height":767,"caption":"Everardo Rivera"},{"@type":"BreadcrumbList","@id":"https:\/\/booksfrommexico.com\/es\/producto\/everardo-rivera\/#breadcrumb","itemListElement":[{"@type":"ListItem","position":1,"name":"Home","item":"https:\/\/booksfrommexico.com\/es\/"},{"@type":"ListItem","position":2,"name":"Libros","item":"https:\/\/booksfrommexico.com\/es\/libros\/"},{"@type":"ListItem","position":3,"name":"Everardo Rivera"}]},{"@type":"WebSite","@id":"https:\/\/booksfrommexico.com\/#website","url":"https:\/\/booksfrommexico.com\/","name":"Books From Mexico","description":"","publisher":{"@id":"https:\/\/booksfrommexico.com\/#organization"},"potentialAction":[{"@type":"SearchAction","target":{"@type":"EntryPoint","urlTemplate":"https:\/\/booksfrommexico.com\/?s={search_term_string}"},"query-input":{"@type":"PropertyValueSpecification","valueRequired":true,"valueName":"search_term_string"}}],"inLanguage":"es"},{"@type":"Organization","@id":"https:\/\/booksfrommexico.com\/#organization","name":"Books From Mexico","url":"https:\/\/booksfrommexico.com\/","logo":{"@type":"ImageObject","inLanguage":"es","@id":"https:\/\/booksfrommexico.com\/#\/schema\/logo\/image\/","url":"https:\/\/booksfrommexico.com\/app\/uploads\/2023\/05\/logo-booksfrommexico.svg","contentUrl":"https:\/\/booksfrommexico.com\/app\/uploads\/2023\/05\/logo-booksfrommexico.svg","width":86,"height":56,"caption":"Books From Mexico"},"image":{"@id":"https:\/\/booksfrommexico.com\/#\/schema\/logo\/image\/"}}]}},"_links":{"self":[{"href":"https:\/\/booksfrommexico.com\/es\/wp-json\/wp\/v2\/product\/157","targetHints":{"allow":["GET"]}}],"collection":[{"href":"https:\/\/booksfrommexico.com\/es\/wp-json\/wp\/v2\/product"}],"about":[{"href":"https:\/\/booksfrommexico.com\/es\/wp-json\/wp\/v2\/types\/product"}],"wp:featuredmedia":[{"embeddable":true,"href":"https:\/\/booksfrommexico.com\/es\/wp-json\/wp\/v2\/media\/156"}],"wp:attachment":[{"href":"https:\/\/booksfrommexico.com\/es\/wp-json\/wp\/v2\/media?parent=157"}],"wp:term":[{"taxonomy":"product_brand","embeddable":true,"href":"https:\/\/booksfrommexico.com\/es\/wp-json\/wp\/v2\/product_brand?post=157"},{"taxonomy":"product_cat","embeddable":true,"href":"https:\/\/booksfrommexico.com\/es\/wp-json\/wp\/v2\/product_cat?post=157"},{"taxonomy":"product_tag","embeddable":true,"href":"https:\/\/booksfrommexico.com\/es\/wp-json\/wp\/v2\/product_tag?post=157"}],"curies":[{"name":"wp","href":"https:\/\/api.w.org\/{rel}","templated":true}]}}