{"id":161,"date":"2023-05-08T16:14:16","date_gmt":"2023-05-08T16:14:16","guid":{"rendered":"http:\/\/booksfrommexico.com\/product\/el-hombre-maya-en-la-plastica-antigua\/"},"modified":"2024-10-02T23:09:17","modified_gmt":"2024-10-02T23:09:17","slug":"el-hombre-maya-en-la-plastica-antigua","status":"publish","type":"product","link":"https:\/\/booksfrommexico.com\/es\/producto\/el-hombre-maya-en-la-plastica-antigua\/","title":{"rendered":"El hombre maya en la pl\u00e1stica antigua"},"content":{"rendered":"<p><span style=\"font-weight: 400;\">Este t\u00edtulo busca ahondar sobre la imagen del ser humano entre los mayas, ya que el arte maya se caracteriza por ser profundamente humanista al estar llena de abundantes significados propios de la cosmovisi\u00f3n de \u00e9se pueblo. A trav\u00e9s de m\u00faltiples ejemplos en piedra, estuco, cer\u00e1mica, pintura y madera \u2013los cuales est\u00e1n representados aqu\u00ed en ilustraciones y fotograf\u00edas\u2013, los autores plantean un an\u00e1lisis de las variaciones de la representaci\u00f3n humana y sus atav\u00edos. Este estudio aporta datos valiosos sobre la visi\u00f3n que ten\u00edan los mayas antiguos sobre la libre plenitud en donde el ser humano se introduce en el mundo sobrenatural que lo explica todo en sus ra\u00edces.<\/span><\/p>\n","protected":false},"excerpt":{"rendered":"<p>EL HOMBRE MAYA EN LA PL\u00c1STICA ANTIGUA<span style=\"font-weight: 400;\">. \/ Beatriz de la Fuente, Alfonso Arellano H. M\u00e9xico, D.F. : Universidad Nacional Aut\u00f3noma de M\u00e9xico , Coordinaci\u00f3n de Humanidades , Programa Editorial, 2001. 135 pages : includes photos, color photos, illustrations ; 24 cm. ISBN : 9683685536.<\/span><\/p>\n","protected":false},"featured_media":160,"template":"","meta":{"_acf_changed":false,"inline_featured_image":false},"product_brand":[],"product_cat":[19,4240,3219],"product_tag":[3779,3777,4331,3781,4262,4333],"class_list":{"0":"post-161","1":"product","2":"type-product","3":"status-publish","4":"has-post-thumbnail","6":"product_cat-antropologia","7":"product_cat-arte-plastico","8":"product_cat-prehispanica","9":"product_tag-america-central","10":"product_tag-arte-indigena","11":"product_tag-arte-prehispanico","12":"product_tag-cultura-maya","13":"product_tag-cultura-prehispanica","14":"product_tag-mayas","16":"first","17":"instock","18":"sale","19":"taxable","20":"shipping-taxable","21":"purchasable","22":"product-type-simple"},"acf":[],"yoast_head":"<!-- This site is optimized with the Yoast SEO plugin v27.3 - https:\/\/yoast.com\/product\/yoast-seo-wordpress\/ -->\n<title>El hombre maya en la pl\u00e1stica antigua<\/title>\n<meta name=\"description\" content=\"EL HOMBRE MAYA EN LA PL\u00c1STICA ANTIGUA. \/ Beatriz de la Fuente, Alfonso Arellano H. M\u00e9xico, D.F. : UNAM , Coordinaci\u00f3n de Humanidades. ISBN : 9683685536.\" \/>\n<meta name=\"robots\" content=\"index, follow, max-snippet:-1, max-image-preview:large, max-video-preview:-1\" \/>\n<link rel=\"canonical\" href=\"https:\/\/booksfrommexico.com\/es\/producto\/el-hombre-maya-en-la-plastica-antigua\/\" \/>\n<meta property=\"og:locale\" content=\"es_ES\" \/>\n<meta property=\"og:type\" content=\"article\" \/>\n<meta property=\"og:title\" content=\"El hombre maya en la pl\u00e1stica antigua\" \/>\n<meta property=\"og:description\" content=\"EL HOMBRE MAYA EN LA PL\u00c1STICA ANTIGUA. \/ Beatriz de la Fuente, Alfonso Arellano H. M\u00e9xico, D.F. : UNAM , Coordinaci\u00f3n de Humanidades. ISBN : 9683685536.\" \/>\n<meta property=\"og:url\" content=\"https:\/\/booksfrommexico.com\/es\/producto\/el-hombre-maya-en-la-plastica-antigua\/\" \/>\n<meta property=\"og:site_name\" content=\"Books From Mexico\" \/>\n<meta property=\"article:modified_time\" content=\"2024-10-02T23:09:17+00:00\" \/>\n<meta property=\"og:image\" content=\"http:\/\/booksfrommexico.com\/app\/uploads\/2023\/05\/114536-1.jpeg\" \/>\n\t<meta property=\"og:image:width\" content=\"579\" \/>\n\t<meta property=\"og:image:height\" content=\"669\" \/>\n\t<meta property=\"og:image:type\" content=\"image\/jpeg\" \/>\n<meta name=\"twitter:card\" content=\"summary_large_image\" \/>\n<meta name=\"twitter:label1\" content=\"Tiempo de lectura\" \/>\n\t<meta name=\"twitter:data1\" content=\"1 minuto\" \/>\n<script type=\"application\/ld+json\" class=\"yoast-schema-graph\">{\"@context\":\"https:\\\/\\\/schema.org\",\"@graph\":[{\"@type\":\"WebPage\",\"@id\":\"https:\\\/\\\/booksfrommexico.com\\\/es\\\/producto\\\/el-hombre-maya-en-la-plastica-antigua\\\/\",\"url\":\"https:\\\/\\\/booksfrommexico.com\\\/es\\\/producto\\\/el-hombre-maya-en-la-plastica-antigua\\\/\",\"name\":\"El hombre maya en la pl\u00e1stica antigua\",\"isPartOf\":{\"@id\":\"https:\\\/\\\/booksfrommexico.com\\\/#website\"},\"primaryImageOfPage\":{\"@id\":\"https:\\\/\\\/booksfrommexico.com\\\/es\\\/producto\\\/el-hombre-maya-en-la-plastica-antigua\\\/#primaryimage\"},\"image\":{\"@id\":\"https:\\\/\\\/booksfrommexico.com\\\/es\\\/producto\\\/el-hombre-maya-en-la-plastica-antigua\\\/#primaryimage\"},\"thumbnailUrl\":\"https:\\\/\\\/booksfrommexico.com\\\/app\\\/uploads\\\/2023\\\/05\\\/114536-1.jpeg\",\"datePublished\":\"2023-05-08T16:14:16+00:00\",\"dateModified\":\"2024-10-02T23:09:17+00:00\",\"description\":\"EL HOMBRE MAYA EN LA PL\u00c1STICA ANTIGUA. \\\/ Beatriz de la Fuente, Alfonso Arellano H. M\u00e9xico, D.F. : UNAM , Coordinaci\u00f3n de Humanidades. ISBN : 9683685536.\",\"breadcrumb\":{\"@id\":\"https:\\\/\\\/booksfrommexico.com\\\/es\\\/producto\\\/el-hombre-maya-en-la-plastica-antigua\\\/#breadcrumb\"},\"inLanguage\":\"es\",\"potentialAction\":[{\"@type\":\"ReadAction\",\"target\":[\"https:\\\/\\\/booksfrommexico.com\\\/es\\\/producto\\\/el-hombre-maya-en-la-plastica-antigua\\\/\"]}]},{\"@type\":\"ImageObject\",\"inLanguage\":\"es\",\"@id\":\"https:\\\/\\\/booksfrommexico.com\\\/es\\\/producto\\\/el-hombre-maya-en-la-plastica-antigua\\\/#primaryimage\",\"url\":\"https:\\\/\\\/booksfrommexico.com\\\/app\\\/uploads\\\/2023\\\/05\\\/114536-1.jpeg\",\"contentUrl\":\"https:\\\/\\\/booksfrommexico.com\\\/app\\\/uploads\\\/2023\\\/05\\\/114536-1.jpeg\",\"width\":579,\"height\":669,\"caption\":\"El Hombre maya en la pl\u00e1stica antigua\"},{\"@type\":\"BreadcrumbList\",\"@id\":\"https:\\\/\\\/booksfrommexico.com\\\/es\\\/producto\\\/el-hombre-maya-en-la-plastica-antigua\\\/#breadcrumb\",\"itemListElement\":[{\"@type\":\"ListItem\",\"position\":1,\"name\":\"Home\",\"item\":\"https:\\\/\\\/booksfrommexico.com\\\/es\\\/\"},{\"@type\":\"ListItem\",\"position\":2,\"name\":\"Libros\",\"item\":\"https:\\\/\\\/booksfrommexico.com\\\/es\\\/libros\\\/\"},{\"@type\":\"ListItem\",\"position\":3,\"name\":\"El hombre maya en la pl\u00e1stica antigua\"}]},{\"@type\":\"WebSite\",\"@id\":\"https:\\\/\\\/booksfrommexico.com\\\/#website\",\"url\":\"https:\\\/\\\/booksfrommexico.com\\\/\",\"name\":\"Books From Mexico\",\"description\":\"\",\"publisher\":{\"@id\":\"https:\\\/\\\/booksfrommexico.com\\\/#organization\"},\"potentialAction\":[{\"@type\":\"SearchAction\",\"target\":{\"@type\":\"EntryPoint\",\"urlTemplate\":\"https:\\\/\\\/booksfrommexico.com\\\/?s={search_term_string}\"},\"query-input\":{\"@type\":\"PropertyValueSpecification\",\"valueRequired\":true,\"valueName\":\"search_term_string\"}}],\"inLanguage\":\"es\"},{\"@type\":\"Organization\",\"@id\":\"https:\\\/\\\/booksfrommexico.com\\\/#organization\",\"name\":\"Books From Mexico\",\"url\":\"https:\\\/\\\/booksfrommexico.com\\\/\",\"logo\":{\"@type\":\"ImageObject\",\"inLanguage\":\"es\",\"@id\":\"https:\\\/\\\/booksfrommexico.com\\\/#\\\/schema\\\/logo\\\/image\\\/\",\"url\":\"https:\\\/\\\/booksfrommexico.com\\\/app\\\/uploads\\\/2023\\\/05\\\/logo-booksfrommexico.svg\",\"contentUrl\":\"https:\\\/\\\/booksfrommexico.com\\\/app\\\/uploads\\\/2023\\\/05\\\/logo-booksfrommexico.svg\",\"width\":86,\"height\":56,\"caption\":\"Books From Mexico\"},\"image\":{\"@id\":\"https:\\\/\\\/booksfrommexico.com\\\/#\\\/schema\\\/logo\\\/image\\\/\"}}]}<\/script>\n<!-- \/ Yoast SEO plugin. -->","yoast_head_json":{"title":"El hombre maya en la pl\u00e1stica antigua","description":"EL HOMBRE MAYA EN LA PL\u00c1STICA ANTIGUA. \/ Beatriz de la Fuente, Alfonso Arellano H. M\u00e9xico, D.F. : UNAM , Coordinaci\u00f3n de Humanidades. ISBN : 9683685536.","robots":{"index":"index","follow":"follow","max-snippet":"max-snippet:-1","max-image-preview":"max-image-preview:large","max-video-preview":"max-video-preview:-1"},"canonical":"https:\/\/booksfrommexico.com\/es\/producto\/el-hombre-maya-en-la-plastica-antigua\/","og_locale":"es_ES","og_type":"article","og_title":"El hombre maya en la pl\u00e1stica antigua","og_description":"EL HOMBRE MAYA EN LA PL\u00c1STICA ANTIGUA. \/ Beatriz de la Fuente, Alfonso Arellano H. M\u00e9xico, D.F. : UNAM , Coordinaci\u00f3n de Humanidades. ISBN : 9683685536.","og_url":"https:\/\/booksfrommexico.com\/es\/producto\/el-hombre-maya-en-la-plastica-antigua\/","og_site_name":"Books From Mexico","article_modified_time":"2024-10-02T23:09:17+00:00","og_image":[{"width":579,"height":669,"url":"http:\/\/booksfrommexico.com\/app\/uploads\/2023\/05\/114536-1.jpeg","type":"image\/jpeg"}],"twitter_card":"summary_large_image","twitter_misc":{"Tiempo de lectura":"1 minuto"},"schema":{"@context":"https:\/\/schema.org","@graph":[{"@type":"WebPage","@id":"https:\/\/booksfrommexico.com\/es\/producto\/el-hombre-maya-en-la-plastica-antigua\/","url":"https:\/\/booksfrommexico.com\/es\/producto\/el-hombre-maya-en-la-plastica-antigua\/","name":"El hombre maya en la pl\u00e1stica antigua","isPartOf":{"@id":"https:\/\/booksfrommexico.com\/#website"},"primaryImageOfPage":{"@id":"https:\/\/booksfrommexico.com\/es\/producto\/el-hombre-maya-en-la-plastica-antigua\/#primaryimage"},"image":{"@id":"https:\/\/booksfrommexico.com\/es\/producto\/el-hombre-maya-en-la-plastica-antigua\/#primaryimage"},"thumbnailUrl":"https:\/\/booksfrommexico.com\/app\/uploads\/2023\/05\/114536-1.jpeg","datePublished":"2023-05-08T16:14:16+00:00","dateModified":"2024-10-02T23:09:17+00:00","description":"EL HOMBRE MAYA EN LA PL\u00c1STICA ANTIGUA. \/ Beatriz de la Fuente, Alfonso Arellano H. M\u00e9xico, D.F. : UNAM , Coordinaci\u00f3n de Humanidades. ISBN : 9683685536.","breadcrumb":{"@id":"https:\/\/booksfrommexico.com\/es\/producto\/el-hombre-maya-en-la-plastica-antigua\/#breadcrumb"},"inLanguage":"es","potentialAction":[{"@type":"ReadAction","target":["https:\/\/booksfrommexico.com\/es\/producto\/el-hombre-maya-en-la-plastica-antigua\/"]}]},{"@type":"ImageObject","inLanguage":"es","@id":"https:\/\/booksfrommexico.com\/es\/producto\/el-hombre-maya-en-la-plastica-antigua\/#primaryimage","url":"https:\/\/booksfrommexico.com\/app\/uploads\/2023\/05\/114536-1.jpeg","contentUrl":"https:\/\/booksfrommexico.com\/app\/uploads\/2023\/05\/114536-1.jpeg","width":579,"height":669,"caption":"El Hombre maya en la pl\u00e1stica antigua"},{"@type":"BreadcrumbList","@id":"https:\/\/booksfrommexico.com\/es\/producto\/el-hombre-maya-en-la-plastica-antigua\/#breadcrumb","itemListElement":[{"@type":"ListItem","position":1,"name":"Home","item":"https:\/\/booksfrommexico.com\/es\/"},{"@type":"ListItem","position":2,"name":"Libros","item":"https:\/\/booksfrommexico.com\/es\/libros\/"},{"@type":"ListItem","position":3,"name":"El hombre maya en la pl\u00e1stica antigua"}]},{"@type":"WebSite","@id":"https:\/\/booksfrommexico.com\/#website","url":"https:\/\/booksfrommexico.com\/","name":"Books From Mexico","description":"","publisher":{"@id":"https:\/\/booksfrommexico.com\/#organization"},"potentialAction":[{"@type":"SearchAction","target":{"@type":"EntryPoint","urlTemplate":"https:\/\/booksfrommexico.com\/?s={search_term_string}"},"query-input":{"@type":"PropertyValueSpecification","valueRequired":true,"valueName":"search_term_string"}}],"inLanguage":"es"},{"@type":"Organization","@id":"https:\/\/booksfrommexico.com\/#organization","name":"Books From Mexico","url":"https:\/\/booksfrommexico.com\/","logo":{"@type":"ImageObject","inLanguage":"es","@id":"https:\/\/booksfrommexico.com\/#\/schema\/logo\/image\/","url":"https:\/\/booksfrommexico.com\/app\/uploads\/2023\/05\/logo-booksfrommexico.svg","contentUrl":"https:\/\/booksfrommexico.com\/app\/uploads\/2023\/05\/logo-booksfrommexico.svg","width":86,"height":56,"caption":"Books From Mexico"},"image":{"@id":"https:\/\/booksfrommexico.com\/#\/schema\/logo\/image\/"}}]}},"_links":{"self":[{"href":"https:\/\/booksfrommexico.com\/es\/wp-json\/wp\/v2\/product\/161","targetHints":{"allow":["GET"]}}],"collection":[{"href":"https:\/\/booksfrommexico.com\/es\/wp-json\/wp\/v2\/product"}],"about":[{"href":"https:\/\/booksfrommexico.com\/es\/wp-json\/wp\/v2\/types\/product"}],"wp:featuredmedia":[{"embeddable":true,"href":"https:\/\/booksfrommexico.com\/es\/wp-json\/wp\/v2\/media\/160"}],"wp:attachment":[{"href":"https:\/\/booksfrommexico.com\/es\/wp-json\/wp\/v2\/media?parent=161"}],"wp:term":[{"taxonomy":"product_brand","embeddable":true,"href":"https:\/\/booksfrommexico.com\/es\/wp-json\/wp\/v2\/product_brand?post=161"},{"taxonomy":"product_cat","embeddable":true,"href":"https:\/\/booksfrommexico.com\/es\/wp-json\/wp\/v2\/product_cat?post=161"},{"taxonomy":"product_tag","embeddable":true,"href":"https:\/\/booksfrommexico.com\/es\/wp-json\/wp\/v2\/product_tag?post=161"}],"curies":[{"name":"wp","href":"https:\/\/api.w.org\/{rel}","templated":true}]}}