{"id":165,"date":"2023-05-08T16:14:36","date_gmt":"2023-05-08T16:14:36","guid":{"rendered":"http:\/\/booksfrommexico.com\/product\/je-rika-raicha-ocherame\/"},"modified":"2025-01-22T18:24:17","modified_gmt":"2025-01-22T18:24:17","slug":"je-rika-raicha-ocherame","status":"publish","type":"product","link":"https:\/\/booksfrommexico.com\/es\/producto\/je-rika-raicha-ocherame\/","title":{"rendered":"Je rik\u00e1 ra&#8217;icha och\u00e9rame: As\u00ed cuentan los mayores"},"content":{"rendered":"<p><span style=\"font-weight: 400;\">Los relatos que se contienen en este libro son producto de la necesidad de contar con materiales escritos de f\u00e1cil lectura para los neolectores de la Sierra Tarahumara; son originalmente relatos orales que fueron recogidos por los habitantes de diferentes comunidades tarahumaras de esa zona. Los temas van desde los or\u00edgenes y tiempos pasados \u200b\u200bdel pueblo Tarahumara, sus costumbres y tradiciones, las relaciones con la naturaleza \u2013especialmente los animales que los rodean\u2013, e historias de fantas\u00eda contadas de generaci\u00f3n en generaci\u00f3n, preservando conocimientos y sabidur\u00eda ancestrales. \u00c9sta se trata de una edici\u00f3n biling\u00fce tarahumar-espa\u00f1ol.<\/span><\/p>\n","protected":false},"excerpt":{"rendered":"<p>JE RIK\u00c1 RA&#8217;ICHA OCH\u00c9RAME : AS\u00cd CUENTAN LOS MAYORES<span style=\"font-weight: 400;\">. \/ Clemente Cruz Huahuichi. Chihuahua, M\u00e9xico : Consejo Nacional para la Cultura y las Artes , Programa de Apoyo a las Culturas Municipales Comunitarias ; Culturas Populares , Unidad Regional ; Instituto Chihuahuense de Educaci\u00f3n para los Adultos ; Instituto Chihuahuense de la Cultura ; Doble H\u00e9lice Ediciones, 2000. 60 pages : includes illustrations ; 23 cm. (Colecci\u00f3n Chihuahua y sus regiones ; Serie Relatos, Tradiciones y costumbres). ISBN : 9687731133. <\/span><\/p>\n","protected":false},"featured_media":164,"template":"","meta":{"_acf_changed":false,"inline_featured_image":false},"product_brand":[],"product_cat":[3166,25],"product_tag":[3788,4382,4060,3790,3608],"class_list":{"0":"post-165","1":"product","2":"type-product","3":"status-publish","4":"has-post-thumbnail","6":"product_cat-lenguas-y-linguisticas-indigenas-lengua-y-linguistica","7":"product_cat-literatura","8":"product_tag-chihuahua-mexico","9":"product_tag-edicion-bilingue","10":"product_tag-lenguas-indigenas-es","11":"product_tag-literatura-tarahumara","12":"product_tag-vida-social-y-costumbres","14":"first","15":"instock","16":"sale","17":"taxable","18":"shipping-taxable","19":"purchasable","20":"product-type-simple"},"acf":[],"yoast_head":"<!-- This site is optimized with the Yoast SEO plugin v27.3 - https:\/\/yoast.com\/product\/yoast-seo-wordpress\/ -->\n<title>Je rik\u00e1 ra&#039;icha och\u00e9rame: As\u00ed cuentan los mayores<\/title>\n<meta name=\"description\" content=\"JE RIK\u00c1 RA&#039;ICHA OCH\u00c9RAME : AS\u00cd CUENTAN LOS MAYORES. \/ Clemente Cruz Huahuichi. Chihuahua, M\u00e9xico : CONACULTA , PACMyC ; Doble H\u00e9lice Ediciones, 2000.\" \/>\n<meta name=\"robots\" content=\"index, follow, max-snippet:-1, max-image-preview:large, max-video-preview:-1\" \/>\n<link rel=\"canonical\" href=\"https:\/\/booksfrommexico.com\/es\/producto\/je-rika-raicha-ocherame\/\" \/>\n<meta property=\"og:locale\" content=\"es_ES\" \/>\n<meta property=\"og:type\" content=\"article\" \/>\n<meta property=\"og:title\" content=\"Je rik\u00e1 ra&#039;icha och\u00e9rame: As\u00ed cuentan los mayores\" \/>\n<meta property=\"og:description\" content=\"JE RIK\u00c1 RA&#039;ICHA OCH\u00c9RAME : AS\u00cd CUENTAN LOS MAYORES. \/ Clemente Cruz Huahuichi. Chihuahua, M\u00e9xico : CONACULTA , PACMyC ; Doble H\u00e9lice Ediciones, 2000.\" \/>\n<meta property=\"og:url\" content=\"https:\/\/booksfrommexico.com\/es\/producto\/je-rika-raicha-ocherame\/\" \/>\n<meta property=\"og:site_name\" content=\"Books From Mexico\" \/>\n<meta property=\"article:modified_time\" content=\"2025-01-22T18:24:17+00:00\" \/>\n<meta property=\"og:image\" content=\"http:\/\/booksfrommexico.com\/app\/uploads\/2023\/05\/115225.jpg\" \/>\n\t<meta property=\"og:image:width\" content=\"1070\" \/>\n\t<meta property=\"og:image:height\" content=\"1324\" \/>\n\t<meta property=\"og:image:type\" content=\"image\/jpeg\" \/>\n<meta name=\"twitter:card\" content=\"summary_large_image\" \/>\n<meta name=\"twitter:label1\" content=\"Tiempo de lectura\" \/>\n\t<meta name=\"twitter:data1\" content=\"1 minuto\" \/>\n<script type=\"application\/ld+json\" class=\"yoast-schema-graph\">{\"@context\":\"https:\\\/\\\/schema.org\",\"@graph\":[{\"@type\":\"WebPage\",\"@id\":\"https:\\\/\\\/booksfrommexico.com\\\/es\\\/producto\\\/je-rika-raicha-ocherame\\\/\",\"url\":\"https:\\\/\\\/booksfrommexico.com\\\/es\\\/producto\\\/je-rika-raicha-ocherame\\\/\",\"name\":\"Je rik\u00e1 ra'icha och\u00e9rame: As\u00ed cuentan los mayores\",\"isPartOf\":{\"@id\":\"https:\\\/\\\/booksfrommexico.com\\\/#website\"},\"primaryImageOfPage\":{\"@id\":\"https:\\\/\\\/booksfrommexico.com\\\/es\\\/producto\\\/je-rika-raicha-ocherame\\\/#primaryimage\"},\"image\":{\"@id\":\"https:\\\/\\\/booksfrommexico.com\\\/es\\\/producto\\\/je-rika-raicha-ocherame\\\/#primaryimage\"},\"thumbnailUrl\":\"https:\\\/\\\/booksfrommexico.com\\\/app\\\/uploads\\\/2023\\\/05\\\/115225.jpg\",\"datePublished\":\"2023-05-08T16:14:36+00:00\",\"dateModified\":\"2025-01-22T18:24:17+00:00\",\"description\":\"JE RIK\u00c1 RA'ICHA OCH\u00c9RAME : AS\u00cd CUENTAN LOS MAYORES. \\\/ Clemente Cruz Huahuichi. Chihuahua, M\u00e9xico : CONACULTA , PACMyC ; Doble H\u00e9lice Ediciones, 2000.\",\"breadcrumb\":{\"@id\":\"https:\\\/\\\/booksfrommexico.com\\\/es\\\/producto\\\/je-rika-raicha-ocherame\\\/#breadcrumb\"},\"inLanguage\":\"es\",\"potentialAction\":[{\"@type\":\"ReadAction\",\"target\":[\"https:\\\/\\\/booksfrommexico.com\\\/es\\\/producto\\\/je-rika-raicha-ocherame\\\/\"]}]},{\"@type\":\"ImageObject\",\"inLanguage\":\"es\",\"@id\":\"https:\\\/\\\/booksfrommexico.com\\\/es\\\/producto\\\/je-rika-raicha-ocherame\\\/#primaryimage\",\"url\":\"https:\\\/\\\/booksfrommexico.com\\\/app\\\/uploads\\\/2023\\\/05\\\/115225.jpg\",\"contentUrl\":\"https:\\\/\\\/booksfrommexico.com\\\/app\\\/uploads\\\/2023\\\/05\\\/115225.jpg\",\"width\":1070,\"height\":1324,\"caption\":\"Je rik\u00e1 ra'icha och\u00e9rame\"},{\"@type\":\"BreadcrumbList\",\"@id\":\"https:\\\/\\\/booksfrommexico.com\\\/es\\\/producto\\\/je-rika-raicha-ocherame\\\/#breadcrumb\",\"itemListElement\":[{\"@type\":\"ListItem\",\"position\":1,\"name\":\"Home\",\"item\":\"https:\\\/\\\/booksfrommexico.com\\\/es\\\/\"},{\"@type\":\"ListItem\",\"position\":2,\"name\":\"Libros\",\"item\":\"https:\\\/\\\/booksfrommexico.com\\\/es\\\/libros\\\/\"},{\"@type\":\"ListItem\",\"position\":3,\"name\":\"Je rik\u00e1 ra&#8217;icha och\u00e9rame: As\u00ed cuentan los mayores\"}]},{\"@type\":\"WebSite\",\"@id\":\"https:\\\/\\\/booksfrommexico.com\\\/#website\",\"url\":\"https:\\\/\\\/booksfrommexico.com\\\/\",\"name\":\"Books From Mexico\",\"description\":\"\",\"publisher\":{\"@id\":\"https:\\\/\\\/booksfrommexico.com\\\/#organization\"},\"potentialAction\":[{\"@type\":\"SearchAction\",\"target\":{\"@type\":\"EntryPoint\",\"urlTemplate\":\"https:\\\/\\\/booksfrommexico.com\\\/?s={search_term_string}\"},\"query-input\":{\"@type\":\"PropertyValueSpecification\",\"valueRequired\":true,\"valueName\":\"search_term_string\"}}],\"inLanguage\":\"es\"},{\"@type\":\"Organization\",\"@id\":\"https:\\\/\\\/booksfrommexico.com\\\/#organization\",\"name\":\"Books From Mexico\",\"url\":\"https:\\\/\\\/booksfrommexico.com\\\/\",\"logo\":{\"@type\":\"ImageObject\",\"inLanguage\":\"es\",\"@id\":\"https:\\\/\\\/booksfrommexico.com\\\/#\\\/schema\\\/logo\\\/image\\\/\",\"url\":\"https:\\\/\\\/booksfrommexico.com\\\/app\\\/uploads\\\/2023\\\/05\\\/logo-booksfrommexico.svg\",\"contentUrl\":\"https:\\\/\\\/booksfrommexico.com\\\/app\\\/uploads\\\/2023\\\/05\\\/logo-booksfrommexico.svg\",\"width\":86,\"height\":56,\"caption\":\"Books From Mexico\"},\"image\":{\"@id\":\"https:\\\/\\\/booksfrommexico.com\\\/#\\\/schema\\\/logo\\\/image\\\/\"}}]}<\/script>\n<!-- \/ Yoast SEO plugin. -->","yoast_head_json":{"title":"Je rik\u00e1 ra'icha och\u00e9rame: As\u00ed cuentan los mayores","description":"JE RIK\u00c1 RA'ICHA OCH\u00c9RAME : AS\u00cd CUENTAN LOS MAYORES. \/ Clemente Cruz Huahuichi. Chihuahua, M\u00e9xico : CONACULTA , PACMyC ; Doble H\u00e9lice Ediciones, 2000.","robots":{"index":"index","follow":"follow","max-snippet":"max-snippet:-1","max-image-preview":"max-image-preview:large","max-video-preview":"max-video-preview:-1"},"canonical":"https:\/\/booksfrommexico.com\/es\/producto\/je-rika-raicha-ocherame\/","og_locale":"es_ES","og_type":"article","og_title":"Je rik\u00e1 ra'icha och\u00e9rame: As\u00ed cuentan los mayores","og_description":"JE RIK\u00c1 RA'ICHA OCH\u00c9RAME : AS\u00cd CUENTAN LOS MAYORES. \/ Clemente Cruz Huahuichi. Chihuahua, M\u00e9xico : CONACULTA , PACMyC ; Doble H\u00e9lice Ediciones, 2000.","og_url":"https:\/\/booksfrommexico.com\/es\/producto\/je-rika-raicha-ocherame\/","og_site_name":"Books From Mexico","article_modified_time":"2025-01-22T18:24:17+00:00","og_image":[{"width":1070,"height":1324,"url":"http:\/\/booksfrommexico.com\/app\/uploads\/2023\/05\/115225.jpg","type":"image\/jpeg"}],"twitter_card":"summary_large_image","twitter_misc":{"Tiempo de lectura":"1 minuto"},"schema":{"@context":"https:\/\/schema.org","@graph":[{"@type":"WebPage","@id":"https:\/\/booksfrommexico.com\/es\/producto\/je-rika-raicha-ocherame\/","url":"https:\/\/booksfrommexico.com\/es\/producto\/je-rika-raicha-ocherame\/","name":"Je rik\u00e1 ra'icha och\u00e9rame: As\u00ed cuentan los mayores","isPartOf":{"@id":"https:\/\/booksfrommexico.com\/#website"},"primaryImageOfPage":{"@id":"https:\/\/booksfrommexico.com\/es\/producto\/je-rika-raicha-ocherame\/#primaryimage"},"image":{"@id":"https:\/\/booksfrommexico.com\/es\/producto\/je-rika-raicha-ocherame\/#primaryimage"},"thumbnailUrl":"https:\/\/booksfrommexico.com\/app\/uploads\/2023\/05\/115225.jpg","datePublished":"2023-05-08T16:14:36+00:00","dateModified":"2025-01-22T18:24:17+00:00","description":"JE RIK\u00c1 RA'ICHA OCH\u00c9RAME : AS\u00cd CUENTAN LOS MAYORES. \/ Clemente Cruz Huahuichi. Chihuahua, M\u00e9xico : CONACULTA , PACMyC ; Doble H\u00e9lice Ediciones, 2000.","breadcrumb":{"@id":"https:\/\/booksfrommexico.com\/es\/producto\/je-rika-raicha-ocherame\/#breadcrumb"},"inLanguage":"es","potentialAction":[{"@type":"ReadAction","target":["https:\/\/booksfrommexico.com\/es\/producto\/je-rika-raicha-ocherame\/"]}]},{"@type":"ImageObject","inLanguage":"es","@id":"https:\/\/booksfrommexico.com\/es\/producto\/je-rika-raicha-ocherame\/#primaryimage","url":"https:\/\/booksfrommexico.com\/app\/uploads\/2023\/05\/115225.jpg","contentUrl":"https:\/\/booksfrommexico.com\/app\/uploads\/2023\/05\/115225.jpg","width":1070,"height":1324,"caption":"Je rik\u00e1 ra'icha och\u00e9rame"},{"@type":"BreadcrumbList","@id":"https:\/\/booksfrommexico.com\/es\/producto\/je-rika-raicha-ocherame\/#breadcrumb","itemListElement":[{"@type":"ListItem","position":1,"name":"Home","item":"https:\/\/booksfrommexico.com\/es\/"},{"@type":"ListItem","position":2,"name":"Libros","item":"https:\/\/booksfrommexico.com\/es\/libros\/"},{"@type":"ListItem","position":3,"name":"Je rik\u00e1 ra&#8217;icha och\u00e9rame: As\u00ed cuentan los mayores"}]},{"@type":"WebSite","@id":"https:\/\/booksfrommexico.com\/#website","url":"https:\/\/booksfrommexico.com\/","name":"Books From Mexico","description":"","publisher":{"@id":"https:\/\/booksfrommexico.com\/#organization"},"potentialAction":[{"@type":"SearchAction","target":{"@type":"EntryPoint","urlTemplate":"https:\/\/booksfrommexico.com\/?s={search_term_string}"},"query-input":{"@type":"PropertyValueSpecification","valueRequired":true,"valueName":"search_term_string"}}],"inLanguage":"es"},{"@type":"Organization","@id":"https:\/\/booksfrommexico.com\/#organization","name":"Books From Mexico","url":"https:\/\/booksfrommexico.com\/","logo":{"@type":"ImageObject","inLanguage":"es","@id":"https:\/\/booksfrommexico.com\/#\/schema\/logo\/image\/","url":"https:\/\/booksfrommexico.com\/app\/uploads\/2023\/05\/logo-booksfrommexico.svg","contentUrl":"https:\/\/booksfrommexico.com\/app\/uploads\/2023\/05\/logo-booksfrommexico.svg","width":86,"height":56,"caption":"Books From Mexico"},"image":{"@id":"https:\/\/booksfrommexico.com\/#\/schema\/logo\/image\/"}}]}},"_links":{"self":[{"href":"https:\/\/booksfrommexico.com\/es\/wp-json\/wp\/v2\/product\/165","targetHints":{"allow":["GET"]}}],"collection":[{"href":"https:\/\/booksfrommexico.com\/es\/wp-json\/wp\/v2\/product"}],"about":[{"href":"https:\/\/booksfrommexico.com\/es\/wp-json\/wp\/v2\/types\/product"}],"wp:featuredmedia":[{"embeddable":true,"href":"https:\/\/booksfrommexico.com\/es\/wp-json\/wp\/v2\/media\/164"}],"wp:attachment":[{"href":"https:\/\/booksfrommexico.com\/es\/wp-json\/wp\/v2\/media?parent=165"}],"wp:term":[{"taxonomy":"product_brand","embeddable":true,"href":"https:\/\/booksfrommexico.com\/es\/wp-json\/wp\/v2\/product_brand?post=165"},{"taxonomy":"product_cat","embeddable":true,"href":"https:\/\/booksfrommexico.com\/es\/wp-json\/wp\/v2\/product_cat?post=165"},{"taxonomy":"product_tag","embeddable":true,"href":"https:\/\/booksfrommexico.com\/es\/wp-json\/wp\/v2\/product_tag?post=165"}],"curies":[{"name":"wp","href":"https:\/\/api.w.org\/{rel}","templated":true}]}}