{"id":167,"date":"2023-05-08T16:14:39","date_gmt":"2023-05-08T16:14:39","guid":{"rendered":"http:\/\/booksfrommexico.com\/product\/la-endoculturacion-entre-huicholes\/"},"modified":"2024-10-02T23:13:07","modified_gmt":"2024-10-02T23:13:07","slug":"la-endoculturacion-entre-huicholes","status":"publish","type":"product","link":"https:\/\/booksfrommexico.com\/es\/producto\/la-endoculturacion-entre-huicholes\/","title":{"rendered":"La endoculturaci\u00f3n entre Huicholes"},"content":{"rendered":"<p id=\"tw-target-text\" class=\"tw-data-text tw-text-large tw-ta\" dir=\"ltr\" data-placeholder=\"Traducci\u00f3n\" data-ved=\"2ahUKEwjUzrib7oCDAxXiLUQIHZpNDNUQ3ewLegQIBRAQ\"><span style=\"font-weight: 400;\">En 1900 Carl Lumhotlz hizo la publicaci\u00f3n de la cl\u00e1sica monograf\u00eda <\/span><i><span style=\"font-weight: 400;\">Symbolism of the Huichol Indians<\/span><\/i><span style=\"font-weight: 400;\">, convirti\u00e9ndose as\u00ed en el precursor de los estudios sobre los habitantes de la Sierra Madre Occidental de M\u00e9xico, exponiendo lo que \u00e9l denomin\u00f3 \u201cfiesta de las calabazas tiernas\u201d.<\/span> <span style=\"font-weight: 400;\">El territorio que los actuales huicholes consideran propio est\u00e1 constituido por cinco regiones separadas y, desde el punto de vista ind\u00edgena, auto-gobernadas, llamadas <\/span><i><span style=\"font-weight: 400;\">comunidades<\/span><\/i><span style=\"font-weight: 400;\">, cada una con sus autoridades nativas y un <\/span><i><span style=\"font-weight: 400;\">gobernador, <\/span><\/i><span style=\"font-weight: 400;\">as\u00ed como con tradiciones diversas. Aqu\u00ed se re\u00fanen algunos relatos y se recogen los antecedentes de ciertas festividades y ceremonias de las comunidades.<\/span><\/p>\n","protected":false},"excerpt":{"rendered":"<p>LA ENDOCULTURACI\u00d3N ENTRE HUICHOLES<span style=\"font-weight: 400;\">. \/ Marina Anguiano, Peter T. Furst. M\u00e9xico, D.F. : Instituto Nacional Indigenista, 1978. 116 pages : includes photos, notes, references, bibliography ; 22 cm. (Serie Investigaciones Sociales). ISBN : 9688220787.<\/span><\/p>\n","protected":false},"featured_media":166,"template":"","meta":{"_acf_changed":false,"inline_featured_image":false},"product_brand":[],"product_cat":[182],"product_tag":[3793,3795,4481,3762],"class_list":{"0":"post-167","1":"product","2":"type-product","3":"status-publish","4":"has-post-thumbnail","6":"product_cat-estudios-culturales-y-de-identidad-sociologia","7":"product_tag-huicholes","8":"product_tag-ritos-y-ceremonias","9":"product_tag-tradicion-y-costumbres","10":"product_tag-vida-religiosa-y-costumbres","12":"first","13":"instock","14":"sale","15":"taxable","16":"shipping-taxable","17":"purchasable","18":"product-type-simple"},"acf":[],"yoast_head":"<!-- This site is optimized with the Yoast SEO plugin v27.2 - https:\/\/yoast.com\/product\/yoast-seo-wordpress\/ -->\n<title>La endoculturaci\u00f3n entre Huicholes<\/title>\n<meta name=\"description\" content=\"LA ENDOCULTURACI\u00d3N ENTRE HUICHOLES. \/ Marina Anguiano, Peter T. Furst. Instituto Nacional Indigenista, 1978. (Serie Investigaciones Sociales).\" \/>\n<meta name=\"robots\" content=\"index, follow, max-snippet:-1, max-image-preview:large, max-video-preview:-1\" \/>\n<link rel=\"canonical\" href=\"https:\/\/booksfrommexico.com\/es\/producto\/la-endoculturacion-entre-huicholes\/\" \/>\n<meta property=\"og:locale\" content=\"es_ES\" \/>\n<meta property=\"og:type\" content=\"article\" \/>\n<meta property=\"og:title\" content=\"La endoculturaci\u00f3n entre Huicholes\" \/>\n<meta property=\"og:description\" content=\"LA ENDOCULTURACI\u00d3N ENTRE HUICHOLES. \/ Marina Anguiano, Peter T. Furst. Instituto Nacional Indigenista, 1978. (Serie Investigaciones Sociales).\" \/>\n<meta property=\"og:url\" content=\"https:\/\/booksfrommexico.com\/es\/producto\/la-endoculturacion-entre-huicholes\/\" \/>\n<meta property=\"og:site_name\" content=\"Books From Mexico\" \/>\n<meta property=\"article:modified_time\" content=\"2024-10-02T23:13:07+00:00\" \/>\n<meta property=\"og:image\" content=\"http:\/\/booksfrommexico.com\/app\/uploads\/2023\/05\/116426.jpg\" \/>\n\t<meta property=\"og:image:width\" content=\"914\" \/>\n\t<meta property=\"og:image:height\" content=\"1258\" \/>\n\t<meta property=\"og:image:type\" content=\"image\/jpeg\" \/>\n<meta name=\"twitter:card\" content=\"summary_large_image\" \/>\n<meta name=\"twitter:label1\" content=\"Tiempo de lectura\" \/>\n\t<meta name=\"twitter:data1\" content=\"1 minuto\" \/>\n<script type=\"application\/ld+json\" class=\"yoast-schema-graph\">{\"@context\":\"https:\/\/schema.org\",\"@graph\":[{\"@type\":\"WebPage\",\"@id\":\"https:\/\/booksfrommexico.com\/es\/producto\/la-endoculturacion-entre-huicholes\/\",\"url\":\"https:\/\/booksfrommexico.com\/es\/producto\/la-endoculturacion-entre-huicholes\/\",\"name\":\"La endoculturaci\u00f3n entre Huicholes\",\"isPartOf\":{\"@id\":\"https:\/\/booksfrommexico.com\/#website\"},\"primaryImageOfPage\":{\"@id\":\"https:\/\/booksfrommexico.com\/es\/producto\/la-endoculturacion-entre-huicholes\/#primaryimage\"},\"image\":{\"@id\":\"https:\/\/booksfrommexico.com\/es\/producto\/la-endoculturacion-entre-huicholes\/#primaryimage\"},\"thumbnailUrl\":\"https:\/\/booksfrommexico.com\/app\/uploads\/2023\/05\/116426.jpg\",\"datePublished\":\"2023-05-08T16:14:39+00:00\",\"dateModified\":\"2024-10-02T23:13:07+00:00\",\"description\":\"LA ENDOCULTURACI\u00d3N ENTRE HUICHOLES. \/ Marina Anguiano, Peter T. Furst. Instituto Nacional Indigenista, 1978. (Serie Investigaciones Sociales).\",\"breadcrumb\":{\"@id\":\"https:\/\/booksfrommexico.com\/es\/producto\/la-endoculturacion-entre-huicholes\/#breadcrumb\"},\"inLanguage\":\"es\",\"potentialAction\":[{\"@type\":\"ReadAction\",\"target\":[\"https:\/\/booksfrommexico.com\/es\/producto\/la-endoculturacion-entre-huicholes\/\"]}]},{\"@type\":\"ImageObject\",\"inLanguage\":\"es\",\"@id\":\"https:\/\/booksfrommexico.com\/es\/producto\/la-endoculturacion-entre-huicholes\/#primaryimage\",\"url\":\"https:\/\/booksfrommexico.com\/app\/uploads\/2023\/05\/116426.jpg\",\"contentUrl\":\"https:\/\/booksfrommexico.com\/app\/uploads\/2023\/05\/116426.jpg\",\"width\":914,\"height\":1258},{\"@type\":\"BreadcrumbList\",\"@id\":\"https:\/\/booksfrommexico.com\/es\/producto\/la-endoculturacion-entre-huicholes\/#breadcrumb\",\"itemListElement\":[{\"@type\":\"ListItem\",\"position\":1,\"name\":\"Home\",\"item\":\"https:\/\/booksfrommexico.com\/es\/\"},{\"@type\":\"ListItem\",\"position\":2,\"name\":\"Libros\",\"item\":\"https:\/\/booksfrommexico.com\/es\/libros\/\"},{\"@type\":\"ListItem\",\"position\":3,\"name\":\"La endoculturaci\u00f3n entre Huicholes\"}]},{\"@type\":\"WebSite\",\"@id\":\"https:\/\/booksfrommexico.com\/#website\",\"url\":\"https:\/\/booksfrommexico.com\/\",\"name\":\"Books From Mexico\",\"description\":\"\",\"publisher\":{\"@id\":\"https:\/\/booksfrommexico.com\/#organization\"},\"potentialAction\":[{\"@type\":\"SearchAction\",\"target\":{\"@type\":\"EntryPoint\",\"urlTemplate\":\"https:\/\/booksfrommexico.com\/?s={search_term_string}\"},\"query-input\":{\"@type\":\"PropertyValueSpecification\",\"valueRequired\":true,\"valueName\":\"search_term_string\"}}],\"inLanguage\":\"es\"},{\"@type\":\"Organization\",\"@id\":\"https:\/\/booksfrommexico.com\/#organization\",\"name\":\"Books From Mexico\",\"url\":\"https:\/\/booksfrommexico.com\/\",\"logo\":{\"@type\":\"ImageObject\",\"inLanguage\":\"es\",\"@id\":\"https:\/\/booksfrommexico.com\/#\/schema\/logo\/image\/\",\"url\":\"https:\/\/booksfrommexico.com\/app\/uploads\/2023\/05\/logo-booksfrommexico.svg\",\"contentUrl\":\"https:\/\/booksfrommexico.com\/app\/uploads\/2023\/05\/logo-booksfrommexico.svg\",\"width\":86,\"height\":56,\"caption\":\"Books From Mexico\"},\"image\":{\"@id\":\"https:\/\/booksfrommexico.com\/#\/schema\/logo\/image\/\"}}]}<\/script>\n<!-- \/ Yoast SEO plugin. -->","yoast_head_json":{"title":"La endoculturaci\u00f3n entre Huicholes","description":"LA ENDOCULTURACI\u00d3N ENTRE HUICHOLES. \/ Marina Anguiano, Peter T. Furst. Instituto Nacional Indigenista, 1978. (Serie Investigaciones Sociales).","robots":{"index":"index","follow":"follow","max-snippet":"max-snippet:-1","max-image-preview":"max-image-preview:large","max-video-preview":"max-video-preview:-1"},"canonical":"https:\/\/booksfrommexico.com\/es\/producto\/la-endoculturacion-entre-huicholes\/","og_locale":"es_ES","og_type":"article","og_title":"La endoculturaci\u00f3n entre Huicholes","og_description":"LA ENDOCULTURACI\u00d3N ENTRE HUICHOLES. \/ Marina Anguiano, Peter T. Furst. Instituto Nacional Indigenista, 1978. (Serie Investigaciones Sociales).","og_url":"https:\/\/booksfrommexico.com\/es\/producto\/la-endoculturacion-entre-huicholes\/","og_site_name":"Books From Mexico","article_modified_time":"2024-10-02T23:13:07+00:00","og_image":[{"width":914,"height":1258,"url":"http:\/\/booksfrommexico.com\/app\/uploads\/2023\/05\/116426.jpg","type":"image\/jpeg"}],"twitter_card":"summary_large_image","twitter_misc":{"Tiempo de lectura":"1 minuto"},"schema":{"@context":"https:\/\/schema.org","@graph":[{"@type":"WebPage","@id":"https:\/\/booksfrommexico.com\/es\/producto\/la-endoculturacion-entre-huicholes\/","url":"https:\/\/booksfrommexico.com\/es\/producto\/la-endoculturacion-entre-huicholes\/","name":"La endoculturaci\u00f3n entre Huicholes","isPartOf":{"@id":"https:\/\/booksfrommexico.com\/#website"},"primaryImageOfPage":{"@id":"https:\/\/booksfrommexico.com\/es\/producto\/la-endoculturacion-entre-huicholes\/#primaryimage"},"image":{"@id":"https:\/\/booksfrommexico.com\/es\/producto\/la-endoculturacion-entre-huicholes\/#primaryimage"},"thumbnailUrl":"https:\/\/booksfrommexico.com\/app\/uploads\/2023\/05\/116426.jpg","datePublished":"2023-05-08T16:14:39+00:00","dateModified":"2024-10-02T23:13:07+00:00","description":"LA ENDOCULTURACI\u00d3N ENTRE HUICHOLES. \/ Marina Anguiano, Peter T. Furst. Instituto Nacional Indigenista, 1978. (Serie Investigaciones Sociales).","breadcrumb":{"@id":"https:\/\/booksfrommexico.com\/es\/producto\/la-endoculturacion-entre-huicholes\/#breadcrumb"},"inLanguage":"es","potentialAction":[{"@type":"ReadAction","target":["https:\/\/booksfrommexico.com\/es\/producto\/la-endoculturacion-entre-huicholes\/"]}]},{"@type":"ImageObject","inLanguage":"es","@id":"https:\/\/booksfrommexico.com\/es\/producto\/la-endoculturacion-entre-huicholes\/#primaryimage","url":"https:\/\/booksfrommexico.com\/app\/uploads\/2023\/05\/116426.jpg","contentUrl":"https:\/\/booksfrommexico.com\/app\/uploads\/2023\/05\/116426.jpg","width":914,"height":1258},{"@type":"BreadcrumbList","@id":"https:\/\/booksfrommexico.com\/es\/producto\/la-endoculturacion-entre-huicholes\/#breadcrumb","itemListElement":[{"@type":"ListItem","position":1,"name":"Home","item":"https:\/\/booksfrommexico.com\/es\/"},{"@type":"ListItem","position":2,"name":"Libros","item":"https:\/\/booksfrommexico.com\/es\/libros\/"},{"@type":"ListItem","position":3,"name":"La endoculturaci\u00f3n entre Huicholes"}]},{"@type":"WebSite","@id":"https:\/\/booksfrommexico.com\/#website","url":"https:\/\/booksfrommexico.com\/","name":"Books From Mexico","description":"","publisher":{"@id":"https:\/\/booksfrommexico.com\/#organization"},"potentialAction":[{"@type":"SearchAction","target":{"@type":"EntryPoint","urlTemplate":"https:\/\/booksfrommexico.com\/?s={search_term_string}"},"query-input":{"@type":"PropertyValueSpecification","valueRequired":true,"valueName":"search_term_string"}}],"inLanguage":"es"},{"@type":"Organization","@id":"https:\/\/booksfrommexico.com\/#organization","name":"Books From Mexico","url":"https:\/\/booksfrommexico.com\/","logo":{"@type":"ImageObject","inLanguage":"es","@id":"https:\/\/booksfrommexico.com\/#\/schema\/logo\/image\/","url":"https:\/\/booksfrommexico.com\/app\/uploads\/2023\/05\/logo-booksfrommexico.svg","contentUrl":"https:\/\/booksfrommexico.com\/app\/uploads\/2023\/05\/logo-booksfrommexico.svg","width":86,"height":56,"caption":"Books From Mexico"},"image":{"@id":"https:\/\/booksfrommexico.com\/#\/schema\/logo\/image\/"}}]}},"_links":{"self":[{"href":"https:\/\/booksfrommexico.com\/es\/wp-json\/wp\/v2\/product\/167","targetHints":{"allow":["GET"]}}],"collection":[{"href":"https:\/\/booksfrommexico.com\/es\/wp-json\/wp\/v2\/product"}],"about":[{"href":"https:\/\/booksfrommexico.com\/es\/wp-json\/wp\/v2\/types\/product"}],"wp:featuredmedia":[{"embeddable":true,"href":"https:\/\/booksfrommexico.com\/es\/wp-json\/wp\/v2\/media\/166"}],"wp:attachment":[{"href":"https:\/\/booksfrommexico.com\/es\/wp-json\/wp\/v2\/media?parent=167"}],"wp:term":[{"taxonomy":"product_brand","embeddable":true,"href":"https:\/\/booksfrommexico.com\/es\/wp-json\/wp\/v2\/product_brand?post=167"},{"taxonomy":"product_cat","embeddable":true,"href":"https:\/\/booksfrommexico.com\/es\/wp-json\/wp\/v2\/product_cat?post=167"},{"taxonomy":"product_tag","embeddable":true,"href":"https:\/\/booksfrommexico.com\/es\/wp-json\/wp\/v2\/product_tag?post=167"}],"curies":[{"name":"wp","href":"https:\/\/api.w.org\/{rel}","templated":true}]}}