{"id":169,"date":"2023-05-08T16:15:14","date_gmt":"2023-05-08T16:15:14","guid":{"rendered":"http:\/\/booksfrommexico.com\/product\/lengua-y-cultura-mayas\/"},"modified":"2024-10-02T23:13:23","modified_gmt":"2024-10-02T23:13:23","slug":"lengua-y-cultura-mayas","status":"publish","type":"product","link":"https:\/\/booksfrommexico.com\/es\/producto\/lengua-y-cultura-mayas\/","title":{"rendered":"Lengua y cultura mayas"},"content":{"rendered":"<p id=\"tw-target-text\" class=\"tw-data-text tw-text-large tw-ta\" dir=\"ltr\" data-placeholder=\"Traducci\u00f3n\" data-ved=\"2ahUKEwiZ06-Vh4iDAxWYDkQIHQsuCbwQ3ewLegQIBRAQ\"><span style=\"font-weight: 400;\">Bajo el nombre de <\/span><i><span style=\"font-weight: 400;\">Lengua y Cultura Mayas <\/span><\/i><span style=\"font-weight: 400;\">se organiz\u00f3 un simposio en Antigua, Guatemala, que se desarroll\u00f3 en el marco del IV Congreso Internacional de Mayistas, de donde se recopilan los trabajos que se presentan en este t\u00edtulo. Estas contribuciones cumplen, de una u otra forma, con el prop\u00f3sito inicial del simposio: dar cabida a una serie de trabajos que fueron resultado de investigaciones realizadas desde diferentes disciplinas, enfoques y tendencias en el campo de la cultura maya. Estas investigaciones se insertan en diversos campos como la epigraf\u00eda, la arqueolog\u00eda, la antropolog\u00eda social e incluso la literatura con el an\u00e1lisis de ciertos textos seleccionados.<\/span><\/p>\n","protected":false},"excerpt":{"rendered":"<p>LENGUA Y CULTURA MAYAS<span style=\"font-weight: 400;\">. \/ Lorenzo Ochoa, Patricia Martell (editors). M\u00e9xico, D.F. Universidad Nacional Aut\u00f3noma de M\u00e9xico , Instituto de Investigaciones Antropol\u00f3gicas, 2002. 118 pages :\u00a0 includes illustrations, photos, tables, charts, notes, bibliography ; 23 cm. ISBN : 9703200893.\u00a0<\/span><\/p>\n","protected":false},"featured_media":168,"template":"","meta":{"_acf_changed":false,"inline_featured_image":false},"product_brand":[],"product_cat":[19,3342,372],"product_tag":[3781,4262,3754,4333,3608,3831],"class_list":{"0":"post-169","1":"product","2":"type-product","3":"status-publish","4":"has-post-thumbnail","6":"product_cat-antropologia","7":"product_cat-linguistica","8":"product_cat-tradiciones-culturales","9":"product_tag-cultura-maya","10":"product_tag-cultura-prehispanica","11":"product_tag-lenguaje-maya","12":"product_tag-mayas","13":"product_tag-vida-social-y-costumbres","14":"product_tag-yucatan-mexico","16":"first","17":"instock","18":"sale","19":"taxable","20":"shipping-taxable","21":"purchasable","22":"product-type-simple"},"acf":[],"yoast_head":"<!-- This site is optimized with the Yoast SEO plugin v27.2 - https:\/\/yoast.com\/product\/yoast-seo-wordpress\/ -->\n<title>Lengua y cultura mayas<\/title>\n<meta name=\"description\" content=\"LENGUA Y CULTURA MAYAS. \/ Lorenzo Ochoa, Patricia Martell (editors). UNAM , Instituto de Investigaciones Antropol\u00f3gicas, 2002. ISBN : 9703200893.\" \/>\n<meta name=\"robots\" content=\"index, follow, max-snippet:-1, max-image-preview:large, max-video-preview:-1\" \/>\n<link rel=\"canonical\" href=\"https:\/\/booksfrommexico.com\/es\/producto\/lengua-y-cultura-mayas\/\" \/>\n<meta property=\"og:locale\" content=\"es_ES\" \/>\n<meta property=\"og:type\" content=\"article\" \/>\n<meta property=\"og:title\" content=\"Lengua y cultura mayas\" \/>\n<meta property=\"og:description\" content=\"LENGUA Y CULTURA MAYAS. \/ Lorenzo Ochoa, Patricia Martell (editors). UNAM , Instituto de Investigaciones Antropol\u00f3gicas, 2002. ISBN : 9703200893.\" \/>\n<meta property=\"og:url\" content=\"https:\/\/booksfrommexico.com\/es\/producto\/lengua-y-cultura-mayas\/\" \/>\n<meta property=\"og:site_name\" content=\"Books From Mexico\" \/>\n<meta property=\"article:modified_time\" content=\"2024-10-02T23:13:23+00:00\" \/>\n<meta property=\"og:image\" content=\"http:\/\/booksfrommexico.com\/app\/uploads\/2023\/05\/116728.jpeg\" \/>\n\t<meta property=\"og:image:width\" content=\"571\" \/>\n\t<meta property=\"og:image:height\" content=\"878\" \/>\n\t<meta property=\"og:image:type\" content=\"image\/jpeg\" \/>\n<meta name=\"twitter:card\" content=\"summary_large_image\" \/>\n<meta name=\"twitter:label1\" content=\"Tiempo de lectura\" \/>\n\t<meta name=\"twitter:data1\" content=\"1 minuto\" \/>\n<script type=\"application\/ld+json\" class=\"yoast-schema-graph\">{\"@context\":\"https:\/\/schema.org\",\"@graph\":[{\"@type\":\"WebPage\",\"@id\":\"https:\/\/booksfrommexico.com\/es\/producto\/lengua-y-cultura-mayas\/\",\"url\":\"https:\/\/booksfrommexico.com\/es\/producto\/lengua-y-cultura-mayas\/\",\"name\":\"Lengua y cultura mayas\",\"isPartOf\":{\"@id\":\"https:\/\/booksfrommexico.com\/#website\"},\"primaryImageOfPage\":{\"@id\":\"https:\/\/booksfrommexico.com\/es\/producto\/lengua-y-cultura-mayas\/#primaryimage\"},\"image\":{\"@id\":\"https:\/\/booksfrommexico.com\/es\/producto\/lengua-y-cultura-mayas\/#primaryimage\"},\"thumbnailUrl\":\"https:\/\/booksfrommexico.com\/app\/uploads\/2023\/05\/116728.jpeg\",\"datePublished\":\"2023-05-08T16:15:14+00:00\",\"dateModified\":\"2024-10-02T23:13:23+00:00\",\"description\":\"LENGUA Y CULTURA MAYAS. \/ Lorenzo Ochoa, Patricia Martell (editors). UNAM , Instituto de Investigaciones Antropol\u00f3gicas, 2002. ISBN : 9703200893.\",\"breadcrumb\":{\"@id\":\"https:\/\/booksfrommexico.com\/es\/producto\/lengua-y-cultura-mayas\/#breadcrumb\"},\"inLanguage\":\"es\",\"potentialAction\":[{\"@type\":\"ReadAction\",\"target\":[\"https:\/\/booksfrommexico.com\/es\/producto\/lengua-y-cultura-mayas\/\"]}]},{\"@type\":\"ImageObject\",\"inLanguage\":\"es\",\"@id\":\"https:\/\/booksfrommexico.com\/es\/producto\/lengua-y-cultura-mayas\/#primaryimage\",\"url\":\"https:\/\/booksfrommexico.com\/app\/uploads\/2023\/05\/116728.jpeg\",\"contentUrl\":\"https:\/\/booksfrommexico.com\/app\/uploads\/2023\/05\/116728.jpeg\",\"width\":571,\"height\":878,\"caption\":\"Lengua y cultura mayas\"},{\"@type\":\"BreadcrumbList\",\"@id\":\"https:\/\/booksfrommexico.com\/es\/producto\/lengua-y-cultura-mayas\/#breadcrumb\",\"itemListElement\":[{\"@type\":\"ListItem\",\"position\":1,\"name\":\"Home\",\"item\":\"https:\/\/booksfrommexico.com\/es\/\"},{\"@type\":\"ListItem\",\"position\":2,\"name\":\"Libros\",\"item\":\"https:\/\/booksfrommexico.com\/es\/libros\/\"},{\"@type\":\"ListItem\",\"position\":3,\"name\":\"Lengua y cultura mayas\"}]},{\"@type\":\"WebSite\",\"@id\":\"https:\/\/booksfrommexico.com\/#website\",\"url\":\"https:\/\/booksfrommexico.com\/\",\"name\":\"Books From Mexico\",\"description\":\"\",\"publisher\":{\"@id\":\"https:\/\/booksfrommexico.com\/#organization\"},\"potentialAction\":[{\"@type\":\"SearchAction\",\"target\":{\"@type\":\"EntryPoint\",\"urlTemplate\":\"https:\/\/booksfrommexico.com\/?s={search_term_string}\"},\"query-input\":{\"@type\":\"PropertyValueSpecification\",\"valueRequired\":true,\"valueName\":\"search_term_string\"}}],\"inLanguage\":\"es\"},{\"@type\":\"Organization\",\"@id\":\"https:\/\/booksfrommexico.com\/#organization\",\"name\":\"Books From Mexico\",\"url\":\"https:\/\/booksfrommexico.com\/\",\"logo\":{\"@type\":\"ImageObject\",\"inLanguage\":\"es\",\"@id\":\"https:\/\/booksfrommexico.com\/#\/schema\/logo\/image\/\",\"url\":\"https:\/\/booksfrommexico.com\/app\/uploads\/2023\/05\/logo-booksfrommexico.svg\",\"contentUrl\":\"https:\/\/booksfrommexico.com\/app\/uploads\/2023\/05\/logo-booksfrommexico.svg\",\"width\":86,\"height\":56,\"caption\":\"Books From Mexico\"},\"image\":{\"@id\":\"https:\/\/booksfrommexico.com\/#\/schema\/logo\/image\/\"}}]}<\/script>\n<!-- \/ Yoast SEO plugin. -->","yoast_head_json":{"title":"Lengua y cultura mayas","description":"LENGUA Y CULTURA MAYAS. \/ Lorenzo Ochoa, Patricia Martell (editors). UNAM , Instituto de Investigaciones Antropol\u00f3gicas, 2002. ISBN : 9703200893.","robots":{"index":"index","follow":"follow","max-snippet":"max-snippet:-1","max-image-preview":"max-image-preview:large","max-video-preview":"max-video-preview:-1"},"canonical":"https:\/\/booksfrommexico.com\/es\/producto\/lengua-y-cultura-mayas\/","og_locale":"es_ES","og_type":"article","og_title":"Lengua y cultura mayas","og_description":"LENGUA Y CULTURA MAYAS. \/ Lorenzo Ochoa, Patricia Martell (editors). UNAM , Instituto de Investigaciones Antropol\u00f3gicas, 2002. ISBN : 9703200893.","og_url":"https:\/\/booksfrommexico.com\/es\/producto\/lengua-y-cultura-mayas\/","og_site_name":"Books From Mexico","article_modified_time":"2024-10-02T23:13:23+00:00","og_image":[{"width":571,"height":878,"url":"http:\/\/booksfrommexico.com\/app\/uploads\/2023\/05\/116728.jpeg","type":"image\/jpeg"}],"twitter_card":"summary_large_image","twitter_misc":{"Tiempo de lectura":"1 minuto"},"schema":{"@context":"https:\/\/schema.org","@graph":[{"@type":"WebPage","@id":"https:\/\/booksfrommexico.com\/es\/producto\/lengua-y-cultura-mayas\/","url":"https:\/\/booksfrommexico.com\/es\/producto\/lengua-y-cultura-mayas\/","name":"Lengua y cultura mayas","isPartOf":{"@id":"https:\/\/booksfrommexico.com\/#website"},"primaryImageOfPage":{"@id":"https:\/\/booksfrommexico.com\/es\/producto\/lengua-y-cultura-mayas\/#primaryimage"},"image":{"@id":"https:\/\/booksfrommexico.com\/es\/producto\/lengua-y-cultura-mayas\/#primaryimage"},"thumbnailUrl":"https:\/\/booksfrommexico.com\/app\/uploads\/2023\/05\/116728.jpeg","datePublished":"2023-05-08T16:15:14+00:00","dateModified":"2024-10-02T23:13:23+00:00","description":"LENGUA Y CULTURA MAYAS. \/ Lorenzo Ochoa, Patricia Martell (editors). UNAM , Instituto de Investigaciones Antropol\u00f3gicas, 2002. ISBN : 9703200893.","breadcrumb":{"@id":"https:\/\/booksfrommexico.com\/es\/producto\/lengua-y-cultura-mayas\/#breadcrumb"},"inLanguage":"es","potentialAction":[{"@type":"ReadAction","target":["https:\/\/booksfrommexico.com\/es\/producto\/lengua-y-cultura-mayas\/"]}]},{"@type":"ImageObject","inLanguage":"es","@id":"https:\/\/booksfrommexico.com\/es\/producto\/lengua-y-cultura-mayas\/#primaryimage","url":"https:\/\/booksfrommexico.com\/app\/uploads\/2023\/05\/116728.jpeg","contentUrl":"https:\/\/booksfrommexico.com\/app\/uploads\/2023\/05\/116728.jpeg","width":571,"height":878,"caption":"Lengua y cultura mayas"},{"@type":"BreadcrumbList","@id":"https:\/\/booksfrommexico.com\/es\/producto\/lengua-y-cultura-mayas\/#breadcrumb","itemListElement":[{"@type":"ListItem","position":1,"name":"Home","item":"https:\/\/booksfrommexico.com\/es\/"},{"@type":"ListItem","position":2,"name":"Libros","item":"https:\/\/booksfrommexico.com\/es\/libros\/"},{"@type":"ListItem","position":3,"name":"Lengua y cultura mayas"}]},{"@type":"WebSite","@id":"https:\/\/booksfrommexico.com\/#website","url":"https:\/\/booksfrommexico.com\/","name":"Books From Mexico","description":"","publisher":{"@id":"https:\/\/booksfrommexico.com\/#organization"},"potentialAction":[{"@type":"SearchAction","target":{"@type":"EntryPoint","urlTemplate":"https:\/\/booksfrommexico.com\/?s={search_term_string}"},"query-input":{"@type":"PropertyValueSpecification","valueRequired":true,"valueName":"search_term_string"}}],"inLanguage":"es"},{"@type":"Organization","@id":"https:\/\/booksfrommexico.com\/#organization","name":"Books From Mexico","url":"https:\/\/booksfrommexico.com\/","logo":{"@type":"ImageObject","inLanguage":"es","@id":"https:\/\/booksfrommexico.com\/#\/schema\/logo\/image\/","url":"https:\/\/booksfrommexico.com\/app\/uploads\/2023\/05\/logo-booksfrommexico.svg","contentUrl":"https:\/\/booksfrommexico.com\/app\/uploads\/2023\/05\/logo-booksfrommexico.svg","width":86,"height":56,"caption":"Books From Mexico"},"image":{"@id":"https:\/\/booksfrommexico.com\/#\/schema\/logo\/image\/"}}]}},"_links":{"self":[{"href":"https:\/\/booksfrommexico.com\/es\/wp-json\/wp\/v2\/product\/169","targetHints":{"allow":["GET"]}}],"collection":[{"href":"https:\/\/booksfrommexico.com\/es\/wp-json\/wp\/v2\/product"}],"about":[{"href":"https:\/\/booksfrommexico.com\/es\/wp-json\/wp\/v2\/types\/product"}],"wp:featuredmedia":[{"embeddable":true,"href":"https:\/\/booksfrommexico.com\/es\/wp-json\/wp\/v2\/media\/168"}],"wp:attachment":[{"href":"https:\/\/booksfrommexico.com\/es\/wp-json\/wp\/v2\/media?parent=169"}],"wp:term":[{"taxonomy":"product_brand","embeddable":true,"href":"https:\/\/booksfrommexico.com\/es\/wp-json\/wp\/v2\/product_brand?post=169"},{"taxonomy":"product_cat","embeddable":true,"href":"https:\/\/booksfrommexico.com\/es\/wp-json\/wp\/v2\/product_cat?post=169"},{"taxonomy":"product_tag","embeddable":true,"href":"https:\/\/booksfrommexico.com\/es\/wp-json\/wp\/v2\/product_tag?post=169"}],"curies":[{"name":"wp","href":"https:\/\/api.w.org\/{rel}","templated":true}]}}