{"id":171,"date":"2023-05-08T16:15:16","date_gmt":"2023-05-08T16:15:16","guid":{"rendered":"http:\/\/booksfrommexico.com\/product\/historia-de-la-revolucion-mexicana-1914-1917-tomo-6-la-constitucion-de-1917\/"},"modified":"2024-10-02T23:14:20","modified_gmt":"2024-10-02T23:14:20","slug":"historia-de-la-revolucion-mexicana-1914-1917-tomo-6-la-constitucion-de-1917","status":"publish","type":"product","link":"https:\/\/booksfrommexico.com\/es\/producto\/historia-de-la-revolucion-mexicana-1914-1917-tomo-6-la-constitucion-de-1917\/","title":{"rendered":"Historia de la revoluci\u00f3n mexicana, 1914-1917:  La constituci\u00f3n de 1917, Tomo 6"},"content":{"rendered":"<p id=\"tw-target-text\" class=\"tw-data-text tw-text-large tw-ta\" dir=\"ltr\" data-placeholder=\"Traducci\u00f3n\" data-ved=\"2ahUKEwiZ06-Vh4iDAxWYDkQIHQsuCbwQ3ewLegQIBRAQ\"><span style=\"font-weight: 400;\">Este es el tomo 6 de la Colecci\u00f3n Historia de la Revoluci\u00f3n Mexicana, editada por El Colegio de M\u00e9xico y que abarca los a\u00f1os de 1914 a 1917. En este periodo de tiempo se hace referencia al gobierno de Venustiano Carranza desde su partida del puerto de Veracruz hasta la proclamaci\u00f3n de la Constituci\u00f3n de 1917, en la que se plasmaron los ideales de los revolucionarios. La mayor\u00eda de los cap\u00edtulos est\u00e1 dedicada al an\u00e1lisis de los principales problemas del pa\u00eds que ocasionaron la revoluci\u00f3n, los cuales trat\u00f3 de resolver el gobierno carrancista primero por decretos y luego reformando la Constituci\u00f3n de 1857. Este estudio est\u00e1 acompa\u00f1ado de fotograf\u00edas, tablas de datos e ilustraciones.<\/span><\/p>\n","protected":false},"excerpt":{"rendered":"<p>HISTORIA DE LA REVOLUCI\u00d3N MEXICANA, 1914-1917 : LA CONSTITUCI\u00d3N DE 1917, TOMO 6<span style=\"font-weight: 400;\">. \/ Berta Ulloa. Second print. M\u00e9xico, D.F. : El Colegio de M\u00e9xico, 2005. 569 pages : includes photos, illustrations, tables, references, bibliographic references, analytic index, bibliography ; 21 cm. (Colecci\u00f3n Historia de la Revoluci\u00f3n Mexicana). ISBN : 96812023250 (collection) ; 96812023250 (volumen).<\/span><\/p>\n","protected":false},"featured_media":170,"template":"","meta":{"_acf_changed":false,"inline_featured_image":false},"product_brand":[],"product_cat":[27,73],"product_tag":[4398,3588,3594,3627,4092],"class_list":{"0":"post-171","1":"product","2":"type-product","3":"status-publish","4":"has-post-thumbnail","6":"product_cat-historia","7":"product_cat-revolucion-historia","8":"product_tag-historia-mexico","9":"product_tag-historia-constitucional","10":"product_tag-mexico","11":"product_tag-politica-y-gobierno","12":"product_tag-revolucion-mexicana","14":"first","15":"instock","16":"sale","17":"taxable","18":"shipping-taxable","19":"purchasable","20":"product-type-simple"},"acf":[],"yoast_head":"<!-- This site is optimized with the Yoast SEO plugin v27.3 - https:\/\/yoast.com\/product\/yoast-seo-wordpress\/ -->\n<title>Historia de la revoluci\u00f3n mexicana: La constituci\u00f3n de 1917, tomo 6<\/title>\n<meta name=\"description\" content=\"HISTORIA DE LA REVOLUCI\u00d3N MEXICANA, 1914-1917 : LA CONSTITUCI\u00d3N DE 1917, TOMO 6. \/ Berta Ulloa. Second print. M\u00e9xico, D.F. : El Colegio de M\u00e9xico, 2005.\" \/>\n<meta name=\"robots\" content=\"index, follow, max-snippet:-1, max-image-preview:large, max-video-preview:-1\" \/>\n<link rel=\"canonical\" href=\"https:\/\/booksfrommexico.com\/es\/producto\/historia-de-la-revolucion-mexicana-1914-1917-tomo-6-la-constitucion-de-1917\/\" \/>\n<meta property=\"og:locale\" content=\"es_ES\" \/>\n<meta property=\"og:type\" content=\"article\" \/>\n<meta property=\"og:title\" content=\"Historia de la revoluci\u00f3n mexicana: La constituci\u00f3n de 1917, tomo 6\" \/>\n<meta property=\"og:description\" content=\"HISTORIA DE LA REVOLUCI\u00d3N MEXICANA, 1914-1917 : LA CONSTITUCI\u00d3N DE 1917, TOMO 6. \/ Berta Ulloa. Second print. M\u00e9xico, D.F. : El Colegio de M\u00e9xico, 2005.\" \/>\n<meta property=\"og:url\" content=\"https:\/\/booksfrommexico.com\/es\/producto\/historia-de-la-revolucion-mexicana-1914-1917-tomo-6-la-constitucion-de-1917\/\" \/>\n<meta property=\"og:site_name\" content=\"Books From Mexico\" \/>\n<meta property=\"article:modified_time\" content=\"2024-10-02T23:14:20+00:00\" \/>\n<meta property=\"og:image\" content=\"http:\/\/booksfrommexico.com\/app\/uploads\/2023\/05\/117316.jpeg\" \/>\n\t<meta property=\"og:image:width\" content=\"524\" \/>\n\t<meta property=\"og:image:height\" content=\"806\" \/>\n\t<meta property=\"og:image:type\" content=\"image\/jpeg\" \/>\n<meta name=\"twitter:card\" content=\"summary_large_image\" \/>\n<meta name=\"twitter:label1\" content=\"Tiempo de lectura\" \/>\n\t<meta name=\"twitter:data1\" content=\"1 minuto\" \/>\n<script type=\"application\/ld+json\" class=\"yoast-schema-graph\">{\"@context\":\"https:\\\/\\\/schema.org\",\"@graph\":[{\"@type\":\"WebPage\",\"@id\":\"https:\\\/\\\/booksfrommexico.com\\\/es\\\/producto\\\/historia-de-la-revolucion-mexicana-1914-1917-tomo-6-la-constitucion-de-1917\\\/\",\"url\":\"https:\\\/\\\/booksfrommexico.com\\\/es\\\/producto\\\/historia-de-la-revolucion-mexicana-1914-1917-tomo-6-la-constitucion-de-1917\\\/\",\"name\":\"Historia de la revoluci\u00f3n mexicana: La constituci\u00f3n de 1917, tomo 6\",\"isPartOf\":{\"@id\":\"https:\\\/\\\/booksfrommexico.com\\\/#website\"},\"primaryImageOfPage\":{\"@id\":\"https:\\\/\\\/booksfrommexico.com\\\/es\\\/producto\\\/historia-de-la-revolucion-mexicana-1914-1917-tomo-6-la-constitucion-de-1917\\\/#primaryimage\"},\"image\":{\"@id\":\"https:\\\/\\\/booksfrommexico.com\\\/es\\\/producto\\\/historia-de-la-revolucion-mexicana-1914-1917-tomo-6-la-constitucion-de-1917\\\/#primaryimage\"},\"thumbnailUrl\":\"https:\\\/\\\/booksfrommexico.com\\\/app\\\/uploads\\\/2023\\\/05\\\/117316.jpeg\",\"datePublished\":\"2023-05-08T16:15:16+00:00\",\"dateModified\":\"2024-10-02T23:14:20+00:00\",\"description\":\"HISTORIA DE LA REVOLUCI\u00d3N MEXICANA, 1914-1917 : LA CONSTITUCI\u00d3N DE 1917, TOMO 6. \\\/ Berta Ulloa. Second print. M\u00e9xico, D.F. : El Colegio de M\u00e9xico, 2005.\",\"breadcrumb\":{\"@id\":\"https:\\\/\\\/booksfrommexico.com\\\/es\\\/producto\\\/historia-de-la-revolucion-mexicana-1914-1917-tomo-6-la-constitucion-de-1917\\\/#breadcrumb\"},\"inLanguage\":\"es\",\"potentialAction\":[{\"@type\":\"ReadAction\",\"target\":[\"https:\\\/\\\/booksfrommexico.com\\\/es\\\/producto\\\/historia-de-la-revolucion-mexicana-1914-1917-tomo-6-la-constitucion-de-1917\\\/\"]}]},{\"@type\":\"ImageObject\",\"inLanguage\":\"es\",\"@id\":\"https:\\\/\\\/booksfrommexico.com\\\/es\\\/producto\\\/historia-de-la-revolucion-mexicana-1914-1917-tomo-6-la-constitucion-de-1917\\\/#primaryimage\",\"url\":\"https:\\\/\\\/booksfrommexico.com\\\/app\\\/uploads\\\/2023\\\/05\\\/117316.jpeg\",\"contentUrl\":\"https:\\\/\\\/booksfrommexico.com\\\/app\\\/uploads\\\/2023\\\/05\\\/117316.jpeg\",\"width\":524,\"height\":806,\"caption\":\"Historia de la revoluci\u00f3n mexicana, 1914-1917, Tomo 6 La constituci\u00f3n de 1917\"},{\"@type\":\"BreadcrumbList\",\"@id\":\"https:\\\/\\\/booksfrommexico.com\\\/es\\\/producto\\\/historia-de-la-revolucion-mexicana-1914-1917-tomo-6-la-constitucion-de-1917\\\/#breadcrumb\",\"itemListElement\":[{\"@type\":\"ListItem\",\"position\":1,\"name\":\"Home\",\"item\":\"https:\\\/\\\/booksfrommexico.com\\\/es\\\/\"},{\"@type\":\"ListItem\",\"position\":2,\"name\":\"Libros\",\"item\":\"https:\\\/\\\/booksfrommexico.com\\\/es\\\/libros\\\/\"},{\"@type\":\"ListItem\",\"position\":3,\"name\":\"Historia de la revoluci\u00f3n mexicana, 1914-1917: La constituci\u00f3n de 1917, Tomo 6\"}]},{\"@type\":\"WebSite\",\"@id\":\"https:\\\/\\\/booksfrommexico.com\\\/#website\",\"url\":\"https:\\\/\\\/booksfrommexico.com\\\/\",\"name\":\"Books From Mexico\",\"description\":\"\",\"publisher\":{\"@id\":\"https:\\\/\\\/booksfrommexico.com\\\/#organization\"},\"potentialAction\":[{\"@type\":\"SearchAction\",\"target\":{\"@type\":\"EntryPoint\",\"urlTemplate\":\"https:\\\/\\\/booksfrommexico.com\\\/?s={search_term_string}\"},\"query-input\":{\"@type\":\"PropertyValueSpecification\",\"valueRequired\":true,\"valueName\":\"search_term_string\"}}],\"inLanguage\":\"es\"},{\"@type\":\"Organization\",\"@id\":\"https:\\\/\\\/booksfrommexico.com\\\/#organization\",\"name\":\"Books From Mexico\",\"url\":\"https:\\\/\\\/booksfrommexico.com\\\/\",\"logo\":{\"@type\":\"ImageObject\",\"inLanguage\":\"es\",\"@id\":\"https:\\\/\\\/booksfrommexico.com\\\/#\\\/schema\\\/logo\\\/image\\\/\",\"url\":\"https:\\\/\\\/booksfrommexico.com\\\/app\\\/uploads\\\/2023\\\/05\\\/logo-booksfrommexico.svg\",\"contentUrl\":\"https:\\\/\\\/booksfrommexico.com\\\/app\\\/uploads\\\/2023\\\/05\\\/logo-booksfrommexico.svg\",\"width\":86,\"height\":56,\"caption\":\"Books From Mexico\"},\"image\":{\"@id\":\"https:\\\/\\\/booksfrommexico.com\\\/#\\\/schema\\\/logo\\\/image\\\/\"}}]}<\/script>\n<!-- \/ Yoast SEO plugin. -->","yoast_head_json":{"title":"Historia de la revoluci\u00f3n mexicana: La constituci\u00f3n de 1917, tomo 6","description":"HISTORIA DE LA REVOLUCI\u00d3N MEXICANA, 1914-1917 : LA CONSTITUCI\u00d3N DE 1917, TOMO 6. \/ Berta Ulloa. Second print. M\u00e9xico, D.F. : El Colegio de M\u00e9xico, 2005.","robots":{"index":"index","follow":"follow","max-snippet":"max-snippet:-1","max-image-preview":"max-image-preview:large","max-video-preview":"max-video-preview:-1"},"canonical":"https:\/\/booksfrommexico.com\/es\/producto\/historia-de-la-revolucion-mexicana-1914-1917-tomo-6-la-constitucion-de-1917\/","og_locale":"es_ES","og_type":"article","og_title":"Historia de la revoluci\u00f3n mexicana: La constituci\u00f3n de 1917, tomo 6","og_description":"HISTORIA DE LA REVOLUCI\u00d3N MEXICANA, 1914-1917 : LA CONSTITUCI\u00d3N DE 1917, TOMO 6. \/ Berta Ulloa. Second print. M\u00e9xico, D.F. : El Colegio de M\u00e9xico, 2005.","og_url":"https:\/\/booksfrommexico.com\/es\/producto\/historia-de-la-revolucion-mexicana-1914-1917-tomo-6-la-constitucion-de-1917\/","og_site_name":"Books From Mexico","article_modified_time":"2024-10-02T23:14:20+00:00","og_image":[{"width":524,"height":806,"url":"http:\/\/booksfrommexico.com\/app\/uploads\/2023\/05\/117316.jpeg","type":"image\/jpeg"}],"twitter_card":"summary_large_image","twitter_misc":{"Tiempo de lectura":"1 minuto"},"schema":{"@context":"https:\/\/schema.org","@graph":[{"@type":"WebPage","@id":"https:\/\/booksfrommexico.com\/es\/producto\/historia-de-la-revolucion-mexicana-1914-1917-tomo-6-la-constitucion-de-1917\/","url":"https:\/\/booksfrommexico.com\/es\/producto\/historia-de-la-revolucion-mexicana-1914-1917-tomo-6-la-constitucion-de-1917\/","name":"Historia de la revoluci\u00f3n mexicana: La constituci\u00f3n de 1917, tomo 6","isPartOf":{"@id":"https:\/\/booksfrommexico.com\/#website"},"primaryImageOfPage":{"@id":"https:\/\/booksfrommexico.com\/es\/producto\/historia-de-la-revolucion-mexicana-1914-1917-tomo-6-la-constitucion-de-1917\/#primaryimage"},"image":{"@id":"https:\/\/booksfrommexico.com\/es\/producto\/historia-de-la-revolucion-mexicana-1914-1917-tomo-6-la-constitucion-de-1917\/#primaryimage"},"thumbnailUrl":"https:\/\/booksfrommexico.com\/app\/uploads\/2023\/05\/117316.jpeg","datePublished":"2023-05-08T16:15:16+00:00","dateModified":"2024-10-02T23:14:20+00:00","description":"HISTORIA DE LA REVOLUCI\u00d3N MEXICANA, 1914-1917 : LA CONSTITUCI\u00d3N DE 1917, TOMO 6. \/ Berta Ulloa. Second print. M\u00e9xico, D.F. : El Colegio de M\u00e9xico, 2005.","breadcrumb":{"@id":"https:\/\/booksfrommexico.com\/es\/producto\/historia-de-la-revolucion-mexicana-1914-1917-tomo-6-la-constitucion-de-1917\/#breadcrumb"},"inLanguage":"es","potentialAction":[{"@type":"ReadAction","target":["https:\/\/booksfrommexico.com\/es\/producto\/historia-de-la-revolucion-mexicana-1914-1917-tomo-6-la-constitucion-de-1917\/"]}]},{"@type":"ImageObject","inLanguage":"es","@id":"https:\/\/booksfrommexico.com\/es\/producto\/historia-de-la-revolucion-mexicana-1914-1917-tomo-6-la-constitucion-de-1917\/#primaryimage","url":"https:\/\/booksfrommexico.com\/app\/uploads\/2023\/05\/117316.jpeg","contentUrl":"https:\/\/booksfrommexico.com\/app\/uploads\/2023\/05\/117316.jpeg","width":524,"height":806,"caption":"Historia de la revoluci\u00f3n mexicana, 1914-1917, Tomo 6 La constituci\u00f3n de 1917"},{"@type":"BreadcrumbList","@id":"https:\/\/booksfrommexico.com\/es\/producto\/historia-de-la-revolucion-mexicana-1914-1917-tomo-6-la-constitucion-de-1917\/#breadcrumb","itemListElement":[{"@type":"ListItem","position":1,"name":"Home","item":"https:\/\/booksfrommexico.com\/es\/"},{"@type":"ListItem","position":2,"name":"Libros","item":"https:\/\/booksfrommexico.com\/es\/libros\/"},{"@type":"ListItem","position":3,"name":"Historia de la revoluci\u00f3n mexicana, 1914-1917: La constituci\u00f3n de 1917, Tomo 6"}]},{"@type":"WebSite","@id":"https:\/\/booksfrommexico.com\/#website","url":"https:\/\/booksfrommexico.com\/","name":"Books From Mexico","description":"","publisher":{"@id":"https:\/\/booksfrommexico.com\/#organization"},"potentialAction":[{"@type":"SearchAction","target":{"@type":"EntryPoint","urlTemplate":"https:\/\/booksfrommexico.com\/?s={search_term_string}"},"query-input":{"@type":"PropertyValueSpecification","valueRequired":true,"valueName":"search_term_string"}}],"inLanguage":"es"},{"@type":"Organization","@id":"https:\/\/booksfrommexico.com\/#organization","name":"Books From Mexico","url":"https:\/\/booksfrommexico.com\/","logo":{"@type":"ImageObject","inLanguage":"es","@id":"https:\/\/booksfrommexico.com\/#\/schema\/logo\/image\/","url":"https:\/\/booksfrommexico.com\/app\/uploads\/2023\/05\/logo-booksfrommexico.svg","contentUrl":"https:\/\/booksfrommexico.com\/app\/uploads\/2023\/05\/logo-booksfrommexico.svg","width":86,"height":56,"caption":"Books From Mexico"},"image":{"@id":"https:\/\/booksfrommexico.com\/#\/schema\/logo\/image\/"}}]}},"_links":{"self":[{"href":"https:\/\/booksfrommexico.com\/es\/wp-json\/wp\/v2\/product\/171","targetHints":{"allow":["GET"]}}],"collection":[{"href":"https:\/\/booksfrommexico.com\/es\/wp-json\/wp\/v2\/product"}],"about":[{"href":"https:\/\/booksfrommexico.com\/es\/wp-json\/wp\/v2\/types\/product"}],"wp:featuredmedia":[{"embeddable":true,"href":"https:\/\/booksfrommexico.com\/es\/wp-json\/wp\/v2\/media\/170"}],"wp:attachment":[{"href":"https:\/\/booksfrommexico.com\/es\/wp-json\/wp\/v2\/media?parent=171"}],"wp:term":[{"taxonomy":"product_brand","embeddable":true,"href":"https:\/\/booksfrommexico.com\/es\/wp-json\/wp\/v2\/product_brand?post=171"},{"taxonomy":"product_cat","embeddable":true,"href":"https:\/\/booksfrommexico.com\/es\/wp-json\/wp\/v2\/product_cat?post=171"},{"taxonomy":"product_tag","embeddable":true,"href":"https:\/\/booksfrommexico.com\/es\/wp-json\/wp\/v2\/product_tag?post=171"}],"curies":[{"name":"wp","href":"https:\/\/api.w.org\/{rel}","templated":true}]}}