{"id":175,"date":"2023-05-08T16:15:37","date_gmt":"2023-05-08T16:15:37","guid":{"rendered":"http:\/\/booksfrommexico.com\/product\/kan-maaya-yeetel-mejen-tsikbaloob\/"},"modified":"2024-03-21T19:56:05","modified_gmt":"2024-03-21T19:56:05","slug":"kan-maaya-yeetel-mejen-tsikbaloob","status":"publish","type":"product","link":"https:\/\/booksfrommexico.com\/es\/producto\/kan-maaya-yeetel-mejen-tsikbaloob\/","title":{"rendered":"Kan maaya y\u00e9etel mejen tsikbalo&#8217;ob = Aprenda Maya con breves di\u00e1logos"},"content":{"rendered":"<p id=\"tw-target-text\" class=\"tw-data-text tw-text-large tw-ta\" dir=\"ltr\" data-placeholder=\"Traducci\u00f3n\" data-ved=\"2ahUKEwiZ06-Vh4iDAxWYDkQIHQsuCbwQ3ewLegQIBRAQ\"><span class=\"Y2IQFc\" lang=\"es\">Seis di\u00e1logos breves para ayudar a preparar a los lectores para la comprensi\u00f3n de textos, aumentar el vocabulario y aprender la estructura del idioma maya. Presenta coloquialismos en contexto y referencias que transmiten la complejidad ling\u00fc\u00edstica de la gram\u00e1tica maya en un estilo accesible.<\/span><\/p>\n","protected":false},"excerpt":{"rendered":"<p>May May, Ismael. KAN MAAYA Y\u00c9ETEL MEJEN TSIKBALO&#8217;OB = APRENDA MAYA CON BREVES DI\u00c1LOGOS \/ Ismael May May. M\u00e9rida, Yucat\u00e1n: Instituto de Cultura de Yucat\u00e1n; Gobierno del Estado de Yucat\u00e1n; Direcci\u00f3n de Culturas Populares e Ind\u00edgenas de Yucat\u00e1n, 2002. 88 pages: 20 cm. ISBN: 9685480044<\/p>\n","protected":false},"featured_media":174,"template":"","meta":{"_acf_changed":false,"inline_featured_image":false},"product_brand":[],"product_cat":[3345,169,3166],"product_tag":[3833,3711,3754],"class_list":{"0":"post-175","1":"product","2":"type-product","3":"status-publish","4":"has-post-thumbnail","6":"product_cat-lengua-maya-lenguas-y-linguisticas-indigenas","7":"product_cat-lengua-y-linguistica","8":"product_cat-lenguas-y-linguisticas-indigenas-lengua-y-linguistica","9":"product_tag-escritura","10":"product_tag-estudio-y-ensenanza","11":"product_tag-lenguaje-maya","13":"first","14":"outofstock","15":"taxable","16":"shipping-taxable","17":"purchasable","18":"product-type-simple"},"acf":[],"yoast_head":"<!-- This site is optimized with the Yoast SEO plugin v27.2 - https:\/\/yoast.com\/product\/yoast-seo-wordpress\/ -->\n<title>Kan maaya y\u00e9etel mejen tsikbalo&#039;ob = Aprenda Maya con breves di\u00e1logos - Books From Mexico<\/title>\n<meta name=\"description\" content=\"KAN MAAYA Y\u00c9ETEL MEJEN TSIKBALO&#039;OB. \/ Ismael May May M\u00e9rida, Yucat\u00e1n: Instituto de Cultura de Yucat\u00e1n; 2002. ISBN 9685480044.\" \/>\n<meta name=\"robots\" content=\"index, follow, max-snippet:-1, max-image-preview:large, max-video-preview:-1\" \/>\n<link rel=\"canonical\" href=\"https:\/\/booksfrommexico.com\/es\/producto\/kan-maaya-yeetel-mejen-tsikbaloob\/\" \/>\n<meta property=\"og:locale\" content=\"es_ES\" \/>\n<meta property=\"og:type\" content=\"article\" \/>\n<meta property=\"og:title\" content=\"Kan maaya y\u00e9etel mejen tsikbalo&#039;ob = Aprenda Maya con breves di\u00e1logos - Books From Mexico\" \/>\n<meta property=\"og:description\" content=\"KAN MAAYA Y\u00c9ETEL MEJEN TSIKBALO&#039;OB. \/ Ismael May May M\u00e9rida, Yucat\u00e1n: Instituto de Cultura de Yucat\u00e1n; 2002. ISBN 9685480044.\" \/>\n<meta property=\"og:url\" content=\"https:\/\/booksfrommexico.com\/es\/producto\/kan-maaya-yeetel-mejen-tsikbaloob\/\" \/>\n<meta property=\"og:site_name\" content=\"Books From Mexico\" \/>\n<meta property=\"article:modified_time\" content=\"2024-03-21T19:56:05+00:00\" \/>\n<meta property=\"og:image\" content=\"http:\/\/booksfrommexico.com\/app\/uploads\/2023\/05\/119351.jpeg\" \/>\n\t<meta property=\"og:image:width\" content=\"812\" \/>\n\t<meta property=\"og:image:height\" content=\"829\" \/>\n\t<meta property=\"og:image:type\" content=\"image\/jpeg\" \/>\n<meta name=\"twitter:card\" content=\"summary_large_image\" \/>\n<meta name=\"twitter:label1\" content=\"Tiempo de lectura\" \/>\n\t<meta name=\"twitter:data1\" content=\"1 minuto\" \/>\n<script type=\"application\/ld+json\" class=\"yoast-schema-graph\">{\"@context\":\"https:\/\/schema.org\",\"@graph\":[{\"@type\":\"WebPage\",\"@id\":\"https:\/\/booksfrommexico.com\/es\/producto\/kan-maaya-yeetel-mejen-tsikbaloob\/\",\"url\":\"https:\/\/booksfrommexico.com\/es\/producto\/kan-maaya-yeetel-mejen-tsikbaloob\/\",\"name\":\"Kan maaya y\u00e9etel mejen tsikbalo'ob = Aprenda Maya con breves di\u00e1logos - Books From Mexico\",\"isPartOf\":{\"@id\":\"https:\/\/booksfrommexico.com\/#website\"},\"primaryImageOfPage\":{\"@id\":\"https:\/\/booksfrommexico.com\/es\/producto\/kan-maaya-yeetel-mejen-tsikbaloob\/#primaryimage\"},\"image\":{\"@id\":\"https:\/\/booksfrommexico.com\/es\/producto\/kan-maaya-yeetel-mejen-tsikbaloob\/#primaryimage\"},\"thumbnailUrl\":\"https:\/\/booksfrommexico.com\/app\/uploads\/2023\/05\/119351.jpeg\",\"datePublished\":\"2023-05-08T16:15:37+00:00\",\"dateModified\":\"2024-03-21T19:56:05+00:00\",\"description\":\"KAN MAAYA Y\u00c9ETEL MEJEN TSIKBALO'OB. \/ Ismael May May M\u00e9rida, Yucat\u00e1n: Instituto de Cultura de Yucat\u00e1n; 2002. ISBN 9685480044.\",\"breadcrumb\":{\"@id\":\"https:\/\/booksfrommexico.com\/es\/producto\/kan-maaya-yeetel-mejen-tsikbaloob\/#breadcrumb\"},\"inLanguage\":\"es\",\"potentialAction\":[{\"@type\":\"ReadAction\",\"target\":[\"https:\/\/booksfrommexico.com\/es\/producto\/kan-maaya-yeetel-mejen-tsikbaloob\/\"]}]},{\"@type\":\"ImageObject\",\"inLanguage\":\"es\",\"@id\":\"https:\/\/booksfrommexico.com\/es\/producto\/kan-maaya-yeetel-mejen-tsikbaloob\/#primaryimage\",\"url\":\"https:\/\/booksfrommexico.com\/app\/uploads\/2023\/05\/119351.jpeg\",\"contentUrl\":\"https:\/\/booksfrommexico.com\/app\/uploads\/2023\/05\/119351.jpeg\",\"width\":812,\"height\":829,\"caption\":\"Kan maaya y\u00e9etel mejen tsikbalo'ob\"},{\"@type\":\"BreadcrumbList\",\"@id\":\"https:\/\/booksfrommexico.com\/es\/producto\/kan-maaya-yeetel-mejen-tsikbaloob\/#breadcrumb\",\"itemListElement\":[{\"@type\":\"ListItem\",\"position\":1,\"name\":\"Home\",\"item\":\"https:\/\/booksfrommexico.com\/es\/\"},{\"@type\":\"ListItem\",\"position\":2,\"name\":\"Libros\",\"item\":\"https:\/\/booksfrommexico.com\/es\/libros\/\"},{\"@type\":\"ListItem\",\"position\":3,\"name\":\"Kan maaya y\u00e9etel mejen tsikbalo&#8217;ob = Aprenda Maya con breves di\u00e1logos\"}]},{\"@type\":\"WebSite\",\"@id\":\"https:\/\/booksfrommexico.com\/#website\",\"url\":\"https:\/\/booksfrommexico.com\/\",\"name\":\"Books From Mexico\",\"description\":\"\",\"publisher\":{\"@id\":\"https:\/\/booksfrommexico.com\/#organization\"},\"potentialAction\":[{\"@type\":\"SearchAction\",\"target\":{\"@type\":\"EntryPoint\",\"urlTemplate\":\"https:\/\/booksfrommexico.com\/?s={search_term_string}\"},\"query-input\":{\"@type\":\"PropertyValueSpecification\",\"valueRequired\":true,\"valueName\":\"search_term_string\"}}],\"inLanguage\":\"es\"},{\"@type\":\"Organization\",\"@id\":\"https:\/\/booksfrommexico.com\/#organization\",\"name\":\"Books From Mexico\",\"url\":\"https:\/\/booksfrommexico.com\/\",\"logo\":{\"@type\":\"ImageObject\",\"inLanguage\":\"es\",\"@id\":\"https:\/\/booksfrommexico.com\/#\/schema\/logo\/image\/\",\"url\":\"https:\/\/booksfrommexico.com\/app\/uploads\/2023\/05\/logo-booksfrommexico.svg\",\"contentUrl\":\"https:\/\/booksfrommexico.com\/app\/uploads\/2023\/05\/logo-booksfrommexico.svg\",\"width\":86,\"height\":56,\"caption\":\"Books From Mexico\"},\"image\":{\"@id\":\"https:\/\/booksfrommexico.com\/#\/schema\/logo\/image\/\"}}]}<\/script>\n<!-- \/ Yoast SEO plugin. -->","yoast_head_json":{"title":"Kan maaya y\u00e9etel mejen tsikbalo'ob = Aprenda Maya con breves di\u00e1logos - Books From Mexico","description":"KAN MAAYA Y\u00c9ETEL MEJEN TSIKBALO'OB. \/ Ismael May May M\u00e9rida, Yucat\u00e1n: Instituto de Cultura de Yucat\u00e1n; 2002. ISBN 9685480044.","robots":{"index":"index","follow":"follow","max-snippet":"max-snippet:-1","max-image-preview":"max-image-preview:large","max-video-preview":"max-video-preview:-1"},"canonical":"https:\/\/booksfrommexico.com\/es\/producto\/kan-maaya-yeetel-mejen-tsikbaloob\/","og_locale":"es_ES","og_type":"article","og_title":"Kan maaya y\u00e9etel mejen tsikbalo'ob = Aprenda Maya con breves di\u00e1logos - Books From Mexico","og_description":"KAN MAAYA Y\u00c9ETEL MEJEN TSIKBALO'OB. \/ Ismael May May M\u00e9rida, Yucat\u00e1n: Instituto de Cultura de Yucat\u00e1n; 2002. ISBN 9685480044.","og_url":"https:\/\/booksfrommexico.com\/es\/producto\/kan-maaya-yeetel-mejen-tsikbaloob\/","og_site_name":"Books From Mexico","article_modified_time":"2024-03-21T19:56:05+00:00","og_image":[{"width":812,"height":829,"url":"http:\/\/booksfrommexico.com\/app\/uploads\/2023\/05\/119351.jpeg","type":"image\/jpeg"}],"twitter_card":"summary_large_image","twitter_misc":{"Tiempo de lectura":"1 minuto"},"schema":{"@context":"https:\/\/schema.org","@graph":[{"@type":"WebPage","@id":"https:\/\/booksfrommexico.com\/es\/producto\/kan-maaya-yeetel-mejen-tsikbaloob\/","url":"https:\/\/booksfrommexico.com\/es\/producto\/kan-maaya-yeetel-mejen-tsikbaloob\/","name":"Kan maaya y\u00e9etel mejen tsikbalo'ob = Aprenda Maya con breves di\u00e1logos - Books From Mexico","isPartOf":{"@id":"https:\/\/booksfrommexico.com\/#website"},"primaryImageOfPage":{"@id":"https:\/\/booksfrommexico.com\/es\/producto\/kan-maaya-yeetel-mejen-tsikbaloob\/#primaryimage"},"image":{"@id":"https:\/\/booksfrommexico.com\/es\/producto\/kan-maaya-yeetel-mejen-tsikbaloob\/#primaryimage"},"thumbnailUrl":"https:\/\/booksfrommexico.com\/app\/uploads\/2023\/05\/119351.jpeg","datePublished":"2023-05-08T16:15:37+00:00","dateModified":"2024-03-21T19:56:05+00:00","description":"KAN MAAYA Y\u00c9ETEL MEJEN TSIKBALO'OB. \/ Ismael May May M\u00e9rida, Yucat\u00e1n: Instituto de Cultura de Yucat\u00e1n; 2002. ISBN 9685480044.","breadcrumb":{"@id":"https:\/\/booksfrommexico.com\/es\/producto\/kan-maaya-yeetel-mejen-tsikbaloob\/#breadcrumb"},"inLanguage":"es","potentialAction":[{"@type":"ReadAction","target":["https:\/\/booksfrommexico.com\/es\/producto\/kan-maaya-yeetel-mejen-tsikbaloob\/"]}]},{"@type":"ImageObject","inLanguage":"es","@id":"https:\/\/booksfrommexico.com\/es\/producto\/kan-maaya-yeetel-mejen-tsikbaloob\/#primaryimage","url":"https:\/\/booksfrommexico.com\/app\/uploads\/2023\/05\/119351.jpeg","contentUrl":"https:\/\/booksfrommexico.com\/app\/uploads\/2023\/05\/119351.jpeg","width":812,"height":829,"caption":"Kan maaya y\u00e9etel mejen tsikbalo'ob"},{"@type":"BreadcrumbList","@id":"https:\/\/booksfrommexico.com\/es\/producto\/kan-maaya-yeetel-mejen-tsikbaloob\/#breadcrumb","itemListElement":[{"@type":"ListItem","position":1,"name":"Home","item":"https:\/\/booksfrommexico.com\/es\/"},{"@type":"ListItem","position":2,"name":"Libros","item":"https:\/\/booksfrommexico.com\/es\/libros\/"},{"@type":"ListItem","position":3,"name":"Kan maaya y\u00e9etel mejen tsikbalo&#8217;ob = Aprenda Maya con breves di\u00e1logos"}]},{"@type":"WebSite","@id":"https:\/\/booksfrommexico.com\/#website","url":"https:\/\/booksfrommexico.com\/","name":"Books From Mexico","description":"","publisher":{"@id":"https:\/\/booksfrommexico.com\/#organization"},"potentialAction":[{"@type":"SearchAction","target":{"@type":"EntryPoint","urlTemplate":"https:\/\/booksfrommexico.com\/?s={search_term_string}"},"query-input":{"@type":"PropertyValueSpecification","valueRequired":true,"valueName":"search_term_string"}}],"inLanguage":"es"},{"@type":"Organization","@id":"https:\/\/booksfrommexico.com\/#organization","name":"Books From Mexico","url":"https:\/\/booksfrommexico.com\/","logo":{"@type":"ImageObject","inLanguage":"es","@id":"https:\/\/booksfrommexico.com\/#\/schema\/logo\/image\/","url":"https:\/\/booksfrommexico.com\/app\/uploads\/2023\/05\/logo-booksfrommexico.svg","contentUrl":"https:\/\/booksfrommexico.com\/app\/uploads\/2023\/05\/logo-booksfrommexico.svg","width":86,"height":56,"caption":"Books From Mexico"},"image":{"@id":"https:\/\/booksfrommexico.com\/#\/schema\/logo\/image\/"}}]}},"_links":{"self":[{"href":"https:\/\/booksfrommexico.com\/es\/wp-json\/wp\/v2\/product\/175","targetHints":{"allow":["GET"]}}],"collection":[{"href":"https:\/\/booksfrommexico.com\/es\/wp-json\/wp\/v2\/product"}],"about":[{"href":"https:\/\/booksfrommexico.com\/es\/wp-json\/wp\/v2\/types\/product"}],"wp:featuredmedia":[{"embeddable":true,"href":"https:\/\/booksfrommexico.com\/es\/wp-json\/wp\/v2\/media\/174"}],"wp:attachment":[{"href":"https:\/\/booksfrommexico.com\/es\/wp-json\/wp\/v2\/media?parent=175"}],"wp:term":[{"taxonomy":"product_brand","embeddable":true,"href":"https:\/\/booksfrommexico.com\/es\/wp-json\/wp\/v2\/product_brand?post=175"},{"taxonomy":"product_cat","embeddable":true,"href":"https:\/\/booksfrommexico.com\/es\/wp-json\/wp\/v2\/product_cat?post=175"},{"taxonomy":"product_tag","embeddable":true,"href":"https:\/\/booksfrommexico.com\/es\/wp-json\/wp\/v2\/product_tag?post=175"}],"curies":[{"name":"wp","href":"https:\/\/api.w.org\/{rel}","templated":true}]}}