{"id":177,"date":"2023-05-08T16:15:39","date_gmt":"2023-05-08T16:15:39","guid":{"rendered":"http:\/\/booksfrommexico.com\/product\/metodo-facil-para-leer-escribir-y-hablar-la-lengua-maya\/"},"modified":"2024-03-22T13:52:50","modified_gmt":"2024-03-22T13:52:50","slug":"metodo-facil-para-leer-escribir-y-hablar-la-lengua-maya","status":"publish","type":"product","link":"https:\/\/booksfrommexico.com\/es\/producto\/metodo-facil-para-leer-escribir-y-hablar-la-lengua-maya\/","title":{"rendered":"M\u00e9todo f\u00e1cil para leer, escribir y hablar la lengua maya"},"content":{"rendered":"<p id=\"tw-target-text\" class=\"tw-data-text tw-text-large tw-ta\" dir=\"ltr\" data-placeholder=\"Traducci\u00f3n\" data-ved=\"2ahUKEwiZ06-Vh4iDAxWYDkQIHQsuCbwQ3ewLegQIBRAQ\"><span class=\"Y2IQFc\" lang=\"es\">Recopila vocabulario maya para personas que podr\u00edan trabajar o estudiar en comunidades ind\u00edgenas. M\u00e9todo simplificado para leer, escribir y hablar el idioma maya. Edici\u00f3n triling\u00fce en ingl\u00e9s, espa\u00f1ol y maya con 34 lecciones y ejercicios pr\u00e1cticos.<\/span><\/p>\n","protected":false},"excerpt":{"rendered":"<p>Rivero Azcorra, Jes\u00fas. M\u00c9TODO F\u00c1CIL PARA LEER, ESCRIBIR Y HABLAR LA LENGUA MAYA \/ Jes\u00fas Rivero Azcorra. M\u00e9rida, Yucat\u00e1n: Edisal, 2002. 184 pages: 20 cm.<\/p>\n","protected":false},"featured_media":176,"template":"","meta":{"_acf_changed":false,"inline_featured_image":false},"product_brand":[],"product_cat":[169,3166],"product_tag":[3711,3847,3754],"class_list":{"0":"post-177","1":"product","2":"type-product","3":"status-publish","4":"has-post-thumbnail","6":"product_cat-lengua-y-linguistica","7":"product_cat-lenguas-y-linguisticas-indigenas-lengua-y-linguistica","8":"product_tag-estudio-y-ensenanza","9":"product_tag-lenguaje-espanol","10":"product_tag-lenguaje-maya","12":"first","13":"outofstock","14":"taxable","15":"shipping-taxable","16":"purchasable","17":"product-type-simple"},"acf":[],"yoast_head":"<!-- This site is optimized with the Yoast SEO plugin v27.3 - https:\/\/yoast.com\/product\/yoast-seo-wordpress\/ -->\n<title>M\u00e9todo f\u00e1cil para leer, escribir y hablar la lengua maya - Books From Mexico<\/title>\n<meta name=\"description\" content=\"M\u00c9TODO F\u00c1CIL PARA LEER, ESCRIBIR Y HABLAR LA LENGUA MAYA. \/ Jes\u00fas Rivero Azcorra M\u00e9rida, Yucat\u00e1n: Edisal, 2002. Vocabulario maya para leer y escribir.\" \/>\n<meta name=\"robots\" content=\"index, follow, max-snippet:-1, max-image-preview:large, max-video-preview:-1\" \/>\n<link rel=\"canonical\" href=\"https:\/\/booksfrommexico.com\/es\/producto\/metodo-facil-para-leer-escribir-y-hablar-la-lengua-maya\/\" \/>\n<meta property=\"og:locale\" content=\"es_ES\" \/>\n<meta property=\"og:type\" content=\"article\" \/>\n<meta property=\"og:title\" content=\"M\u00e9todo f\u00e1cil para leer, escribir y hablar la lengua maya - Books From Mexico\" \/>\n<meta property=\"og:description\" content=\"M\u00c9TODO F\u00c1CIL PARA LEER, ESCRIBIR Y HABLAR LA LENGUA MAYA. \/ Jes\u00fas Rivero Azcorra M\u00e9rida, Yucat\u00e1n: Edisal, 2002. Vocabulario maya para leer y escribir.\" \/>\n<meta property=\"og:url\" content=\"https:\/\/booksfrommexico.com\/es\/producto\/metodo-facil-para-leer-escribir-y-hablar-la-lengua-maya\/\" \/>\n<meta property=\"og:site_name\" content=\"Books From Mexico\" \/>\n<meta property=\"article:modified_time\" content=\"2024-03-22T13:52:50+00:00\" \/>\n<meta property=\"og:image\" content=\"http:\/\/booksfrommexico.com\/app\/uploads\/2023\/05\/119366.jpeg\" \/>\n\t<meta property=\"og:image:width\" content=\"522\" \/>\n\t<meta property=\"og:image:height\" content=\"804\" \/>\n\t<meta property=\"og:image:type\" content=\"image\/jpeg\" \/>\n<meta name=\"twitter:card\" content=\"summary_large_image\" \/>\n<meta name=\"twitter:label1\" content=\"Tiempo de lectura\" \/>\n\t<meta name=\"twitter:data1\" content=\"1 minuto\" \/>\n<script type=\"application\/ld+json\" class=\"yoast-schema-graph\">{\"@context\":\"https:\\\/\\\/schema.org\",\"@graph\":[{\"@type\":\"WebPage\",\"@id\":\"https:\\\/\\\/booksfrommexico.com\\\/es\\\/producto\\\/metodo-facil-para-leer-escribir-y-hablar-la-lengua-maya\\\/\",\"url\":\"https:\\\/\\\/booksfrommexico.com\\\/es\\\/producto\\\/metodo-facil-para-leer-escribir-y-hablar-la-lengua-maya\\\/\",\"name\":\"M\u00e9todo f\u00e1cil para leer, escribir y hablar la lengua maya - Books From Mexico\",\"isPartOf\":{\"@id\":\"https:\\\/\\\/booksfrommexico.com\\\/#website\"},\"primaryImageOfPage\":{\"@id\":\"https:\\\/\\\/booksfrommexico.com\\\/es\\\/producto\\\/metodo-facil-para-leer-escribir-y-hablar-la-lengua-maya\\\/#primaryimage\"},\"image\":{\"@id\":\"https:\\\/\\\/booksfrommexico.com\\\/es\\\/producto\\\/metodo-facil-para-leer-escribir-y-hablar-la-lengua-maya\\\/#primaryimage\"},\"thumbnailUrl\":\"https:\\\/\\\/booksfrommexico.com\\\/app\\\/uploads\\\/2023\\\/05\\\/119366.jpeg\",\"datePublished\":\"2023-05-08T16:15:39+00:00\",\"dateModified\":\"2024-03-22T13:52:50+00:00\",\"description\":\"M\u00c9TODO F\u00c1CIL PARA LEER, ESCRIBIR Y HABLAR LA LENGUA MAYA. \\\/ Jes\u00fas Rivero Azcorra M\u00e9rida, Yucat\u00e1n: Edisal, 2002. Vocabulario maya para leer y escribir.\",\"breadcrumb\":{\"@id\":\"https:\\\/\\\/booksfrommexico.com\\\/es\\\/producto\\\/metodo-facil-para-leer-escribir-y-hablar-la-lengua-maya\\\/#breadcrumb\"},\"inLanguage\":\"es\",\"potentialAction\":[{\"@type\":\"ReadAction\",\"target\":[\"https:\\\/\\\/booksfrommexico.com\\\/es\\\/producto\\\/metodo-facil-para-leer-escribir-y-hablar-la-lengua-maya\\\/\"]}]},{\"@type\":\"ImageObject\",\"inLanguage\":\"es\",\"@id\":\"https:\\\/\\\/booksfrommexico.com\\\/es\\\/producto\\\/metodo-facil-para-leer-escribir-y-hablar-la-lengua-maya\\\/#primaryimage\",\"url\":\"https:\\\/\\\/booksfrommexico.com\\\/app\\\/uploads\\\/2023\\\/05\\\/119366.jpeg\",\"contentUrl\":\"https:\\\/\\\/booksfrommexico.com\\\/app\\\/uploads\\\/2023\\\/05\\\/119366.jpeg\",\"width\":522,\"height\":804,\"caption\":\"M\u00e9todo f\u00e1cil para leer, escribir y hablar la lengua maya\"},{\"@type\":\"BreadcrumbList\",\"@id\":\"https:\\\/\\\/booksfrommexico.com\\\/es\\\/producto\\\/metodo-facil-para-leer-escribir-y-hablar-la-lengua-maya\\\/#breadcrumb\",\"itemListElement\":[{\"@type\":\"ListItem\",\"position\":1,\"name\":\"Home\",\"item\":\"https:\\\/\\\/booksfrommexico.com\\\/es\\\/\"},{\"@type\":\"ListItem\",\"position\":2,\"name\":\"Libros\",\"item\":\"https:\\\/\\\/booksfrommexico.com\\\/es\\\/libros\\\/\"},{\"@type\":\"ListItem\",\"position\":3,\"name\":\"M\u00e9todo f\u00e1cil para leer, escribir y hablar la lengua maya\"}]},{\"@type\":\"WebSite\",\"@id\":\"https:\\\/\\\/booksfrommexico.com\\\/#website\",\"url\":\"https:\\\/\\\/booksfrommexico.com\\\/\",\"name\":\"Books From Mexico\",\"description\":\"\",\"publisher\":{\"@id\":\"https:\\\/\\\/booksfrommexico.com\\\/#organization\"},\"potentialAction\":[{\"@type\":\"SearchAction\",\"target\":{\"@type\":\"EntryPoint\",\"urlTemplate\":\"https:\\\/\\\/booksfrommexico.com\\\/?s={search_term_string}\"},\"query-input\":{\"@type\":\"PropertyValueSpecification\",\"valueRequired\":true,\"valueName\":\"search_term_string\"}}],\"inLanguage\":\"es\"},{\"@type\":\"Organization\",\"@id\":\"https:\\\/\\\/booksfrommexico.com\\\/#organization\",\"name\":\"Books From Mexico\",\"url\":\"https:\\\/\\\/booksfrommexico.com\\\/\",\"logo\":{\"@type\":\"ImageObject\",\"inLanguage\":\"es\",\"@id\":\"https:\\\/\\\/booksfrommexico.com\\\/#\\\/schema\\\/logo\\\/image\\\/\",\"url\":\"https:\\\/\\\/booksfrommexico.com\\\/app\\\/uploads\\\/2023\\\/05\\\/logo-booksfrommexico.svg\",\"contentUrl\":\"https:\\\/\\\/booksfrommexico.com\\\/app\\\/uploads\\\/2023\\\/05\\\/logo-booksfrommexico.svg\",\"width\":86,\"height\":56,\"caption\":\"Books From Mexico\"},\"image\":{\"@id\":\"https:\\\/\\\/booksfrommexico.com\\\/#\\\/schema\\\/logo\\\/image\\\/\"}}]}<\/script>\n<!-- \/ Yoast SEO plugin. -->","yoast_head_json":{"title":"M\u00e9todo f\u00e1cil para leer, escribir y hablar la lengua maya - Books From Mexico","description":"M\u00c9TODO F\u00c1CIL PARA LEER, ESCRIBIR Y HABLAR LA LENGUA MAYA. \/ Jes\u00fas Rivero Azcorra M\u00e9rida, Yucat\u00e1n: Edisal, 2002. Vocabulario maya para leer y escribir.","robots":{"index":"index","follow":"follow","max-snippet":"max-snippet:-1","max-image-preview":"max-image-preview:large","max-video-preview":"max-video-preview:-1"},"canonical":"https:\/\/booksfrommexico.com\/es\/producto\/metodo-facil-para-leer-escribir-y-hablar-la-lengua-maya\/","og_locale":"es_ES","og_type":"article","og_title":"M\u00e9todo f\u00e1cil para leer, escribir y hablar la lengua maya - Books From Mexico","og_description":"M\u00c9TODO F\u00c1CIL PARA LEER, ESCRIBIR Y HABLAR LA LENGUA MAYA. \/ Jes\u00fas Rivero Azcorra M\u00e9rida, Yucat\u00e1n: Edisal, 2002. Vocabulario maya para leer y escribir.","og_url":"https:\/\/booksfrommexico.com\/es\/producto\/metodo-facil-para-leer-escribir-y-hablar-la-lengua-maya\/","og_site_name":"Books From Mexico","article_modified_time":"2024-03-22T13:52:50+00:00","og_image":[{"width":522,"height":804,"url":"http:\/\/booksfrommexico.com\/app\/uploads\/2023\/05\/119366.jpeg","type":"image\/jpeg"}],"twitter_card":"summary_large_image","twitter_misc":{"Tiempo de lectura":"1 minuto"},"schema":{"@context":"https:\/\/schema.org","@graph":[{"@type":"WebPage","@id":"https:\/\/booksfrommexico.com\/es\/producto\/metodo-facil-para-leer-escribir-y-hablar-la-lengua-maya\/","url":"https:\/\/booksfrommexico.com\/es\/producto\/metodo-facil-para-leer-escribir-y-hablar-la-lengua-maya\/","name":"M\u00e9todo f\u00e1cil para leer, escribir y hablar la lengua maya - Books From Mexico","isPartOf":{"@id":"https:\/\/booksfrommexico.com\/#website"},"primaryImageOfPage":{"@id":"https:\/\/booksfrommexico.com\/es\/producto\/metodo-facil-para-leer-escribir-y-hablar-la-lengua-maya\/#primaryimage"},"image":{"@id":"https:\/\/booksfrommexico.com\/es\/producto\/metodo-facil-para-leer-escribir-y-hablar-la-lengua-maya\/#primaryimage"},"thumbnailUrl":"https:\/\/booksfrommexico.com\/app\/uploads\/2023\/05\/119366.jpeg","datePublished":"2023-05-08T16:15:39+00:00","dateModified":"2024-03-22T13:52:50+00:00","description":"M\u00c9TODO F\u00c1CIL PARA LEER, ESCRIBIR Y HABLAR LA LENGUA MAYA. \/ Jes\u00fas Rivero Azcorra M\u00e9rida, Yucat\u00e1n: Edisal, 2002. Vocabulario maya para leer y escribir.","breadcrumb":{"@id":"https:\/\/booksfrommexico.com\/es\/producto\/metodo-facil-para-leer-escribir-y-hablar-la-lengua-maya\/#breadcrumb"},"inLanguage":"es","potentialAction":[{"@type":"ReadAction","target":["https:\/\/booksfrommexico.com\/es\/producto\/metodo-facil-para-leer-escribir-y-hablar-la-lengua-maya\/"]}]},{"@type":"ImageObject","inLanguage":"es","@id":"https:\/\/booksfrommexico.com\/es\/producto\/metodo-facil-para-leer-escribir-y-hablar-la-lengua-maya\/#primaryimage","url":"https:\/\/booksfrommexico.com\/app\/uploads\/2023\/05\/119366.jpeg","contentUrl":"https:\/\/booksfrommexico.com\/app\/uploads\/2023\/05\/119366.jpeg","width":522,"height":804,"caption":"M\u00e9todo f\u00e1cil para leer, escribir y hablar la lengua maya"},{"@type":"BreadcrumbList","@id":"https:\/\/booksfrommexico.com\/es\/producto\/metodo-facil-para-leer-escribir-y-hablar-la-lengua-maya\/#breadcrumb","itemListElement":[{"@type":"ListItem","position":1,"name":"Home","item":"https:\/\/booksfrommexico.com\/es\/"},{"@type":"ListItem","position":2,"name":"Libros","item":"https:\/\/booksfrommexico.com\/es\/libros\/"},{"@type":"ListItem","position":3,"name":"M\u00e9todo f\u00e1cil para leer, escribir y hablar la lengua maya"}]},{"@type":"WebSite","@id":"https:\/\/booksfrommexico.com\/#website","url":"https:\/\/booksfrommexico.com\/","name":"Books From Mexico","description":"","publisher":{"@id":"https:\/\/booksfrommexico.com\/#organization"},"potentialAction":[{"@type":"SearchAction","target":{"@type":"EntryPoint","urlTemplate":"https:\/\/booksfrommexico.com\/?s={search_term_string}"},"query-input":{"@type":"PropertyValueSpecification","valueRequired":true,"valueName":"search_term_string"}}],"inLanguage":"es"},{"@type":"Organization","@id":"https:\/\/booksfrommexico.com\/#organization","name":"Books From Mexico","url":"https:\/\/booksfrommexico.com\/","logo":{"@type":"ImageObject","inLanguage":"es","@id":"https:\/\/booksfrommexico.com\/#\/schema\/logo\/image\/","url":"https:\/\/booksfrommexico.com\/app\/uploads\/2023\/05\/logo-booksfrommexico.svg","contentUrl":"https:\/\/booksfrommexico.com\/app\/uploads\/2023\/05\/logo-booksfrommexico.svg","width":86,"height":56,"caption":"Books From Mexico"},"image":{"@id":"https:\/\/booksfrommexico.com\/#\/schema\/logo\/image\/"}}]}},"_links":{"self":[{"href":"https:\/\/booksfrommexico.com\/es\/wp-json\/wp\/v2\/product\/177","targetHints":{"allow":["GET"]}}],"collection":[{"href":"https:\/\/booksfrommexico.com\/es\/wp-json\/wp\/v2\/product"}],"about":[{"href":"https:\/\/booksfrommexico.com\/es\/wp-json\/wp\/v2\/types\/product"}],"wp:featuredmedia":[{"embeddable":true,"href":"https:\/\/booksfrommexico.com\/es\/wp-json\/wp\/v2\/media\/176"}],"wp:attachment":[{"href":"https:\/\/booksfrommexico.com\/es\/wp-json\/wp\/v2\/media?parent=177"}],"wp:term":[{"taxonomy":"product_brand","embeddable":true,"href":"https:\/\/booksfrommexico.com\/es\/wp-json\/wp\/v2\/product_brand?post=177"},{"taxonomy":"product_cat","embeddable":true,"href":"https:\/\/booksfrommexico.com\/es\/wp-json\/wp\/v2\/product_cat?post=177"},{"taxonomy":"product_tag","embeddable":true,"href":"https:\/\/booksfrommexico.com\/es\/wp-json\/wp\/v2\/product_tag?post=177"}],"curies":[{"name":"wp","href":"https:\/\/api.w.org\/{rel}","templated":true}]}}