{"id":179,"date":"2023-05-08T16:15:41","date_gmt":"2023-05-08T16:15:41","guid":{"rendered":"http:\/\/booksfrommexico.com\/product\/baalcheob-yeetel-chiichoob\/"},"modified":"2024-03-21T19:54:26","modified_gmt":"2024-03-21T19:54:26","slug":"baalcheob-yeetel-chiichoob","status":"publish","type":"product","link":"https:\/\/booksfrommexico.com\/es\/producto\/baalcheob-yeetel-chiichoob\/","title":{"rendered":"Ba&#8217;alche\u00f3b y\u00e9etel Ch&#8217;iich&#8217;o&#8217;ob"},"content":{"rendered":"<p id=\"tw-target-text\" class=\"tw-data-text tw-text-large tw-ta\" dir=\"ltr\" data-placeholder=\"Traducci\u00f3n\" data-ved=\"2ahUKEwiZ06-Vh4iDAxWYDkQIHQsuCbwQ3ewLegQIBRAQ\"><span class=\"Y2IQFc\" lang=\"es\">Segundo volumen que recopila la narrativa oral tradicional maya. Transcripciones y traducciones de cuentos pertenecientes a la memoria cultural maya, contribuyendo al di\u00e1logo generacional y prevenci\u00f3n de su desaparici\u00f3n. Incluye ilustraciones de cuentos de ni\u00f1os de la regi\u00f3n.<\/span><\/p>\n","protected":false},"excerpt":{"rendered":"<p>BA&#8217;ALCHE\u00d3B Y\u00c9ETEL CH&#8217;IICH&#8217;O&#8217;OB = Animales y p\u00e1jaros. \/ Feliciano S\u00e1nchez Chan, coordinador. M\u00e9rida, Yucat\u00e1n: Instituto de Cultura de Yucat\u00e1n, 2002. 135 pages: 21 cm. Illustrations.\u00a0 ISBN: 9685480079.<\/p>\n","protected":false},"featured_media":178,"template":"","meta":{"_acf_changed":false,"inline_featured_image":false},"product_brand":[],"product_cat":[37,25],"product_tag":[3603,3835,3831],"class_list":{"0":"post-179","1":"product","2":"type-product","3":"status-publish","4":"has-post-thumbnail","6":"product_cat-cuento-literatura","7":"product_cat-literatura","8":"product_tag-cuentos-mexicanos","9":"product_tag-literatura-maya","10":"product_tag-yucatan-mexico","12":"first","13":"outofstock","14":"taxable","15":"shipping-taxable","16":"purchasable","17":"product-type-simple"},"acf":[],"yoast_head":"<!-- This site is optimized with the Yoast SEO plugin v27.3 - https:\/\/yoast.com\/product\/yoast-seo-wordpress\/ -->\n<title>Ba&#039;alche\u00f3b y\u00e9etel Ch&#039;iich&#039;o&#039;ob - Books From Mexico<\/title>\n<meta name=\"description\" content=\"Feliciano S\u00e1nchez Chan. M\u00e9rida, Yucat\u00e1n: Instituto de Cultura de Yucat\u00e1n, 2002. ISBN: 9685480079. Traducciones de cuentos sobre la memoria cultural maya.\" \/>\n<meta name=\"robots\" content=\"index, follow, max-snippet:-1, max-image-preview:large, max-video-preview:-1\" \/>\n<link rel=\"canonical\" href=\"https:\/\/booksfrommexico.com\/es\/producto\/baalcheob-yeetel-chiichoob\/\" \/>\n<meta property=\"og:locale\" content=\"es_ES\" \/>\n<meta property=\"og:type\" content=\"article\" \/>\n<meta property=\"og:title\" content=\"Ba&#039;alche\u00f3b y\u00e9etel Ch&#039;iich&#039;o&#039;ob - Books From Mexico\" \/>\n<meta property=\"og:description\" content=\"Feliciano S\u00e1nchez Chan. M\u00e9rida, Yucat\u00e1n: Instituto de Cultura de Yucat\u00e1n, 2002. ISBN: 9685480079. Traducciones de cuentos sobre la memoria cultural maya.\" \/>\n<meta property=\"og:url\" content=\"https:\/\/booksfrommexico.com\/es\/producto\/baalcheob-yeetel-chiichoob\/\" \/>\n<meta property=\"og:site_name\" content=\"Books From Mexico\" \/>\n<meta property=\"article:modified_time\" content=\"2024-03-21T19:54:26+00:00\" \/>\n<meta property=\"og:image\" content=\"http:\/\/booksfrommexico.com\/app\/uploads\/2023\/05\/119371.jpeg\" \/>\n\t<meta property=\"og:image:width\" content=\"522\" \/>\n\t<meta property=\"og:image:height\" content=\"804\" \/>\n\t<meta property=\"og:image:type\" content=\"image\/jpeg\" \/>\n<meta name=\"twitter:card\" content=\"summary_large_image\" \/>\n<meta name=\"twitter:label1\" content=\"Tiempo de lectura\" \/>\n\t<meta name=\"twitter:data1\" content=\"1 minuto\" \/>\n<script type=\"application\/ld+json\" class=\"yoast-schema-graph\">{\"@context\":\"https:\\\/\\\/schema.org\",\"@graph\":[{\"@type\":\"WebPage\",\"@id\":\"https:\\\/\\\/booksfrommexico.com\\\/es\\\/producto\\\/baalcheob-yeetel-chiichoob\\\/\",\"url\":\"https:\\\/\\\/booksfrommexico.com\\\/es\\\/producto\\\/baalcheob-yeetel-chiichoob\\\/\",\"name\":\"Ba'alche\u00f3b y\u00e9etel Ch'iich'o'ob - Books From Mexico\",\"isPartOf\":{\"@id\":\"https:\\\/\\\/booksfrommexico.com\\\/#website\"},\"primaryImageOfPage\":{\"@id\":\"https:\\\/\\\/booksfrommexico.com\\\/es\\\/producto\\\/baalcheob-yeetel-chiichoob\\\/#primaryimage\"},\"image\":{\"@id\":\"https:\\\/\\\/booksfrommexico.com\\\/es\\\/producto\\\/baalcheob-yeetel-chiichoob\\\/#primaryimage\"},\"thumbnailUrl\":\"https:\\\/\\\/booksfrommexico.com\\\/app\\\/uploads\\\/2023\\\/05\\\/119371.jpeg\",\"datePublished\":\"2023-05-08T16:15:41+00:00\",\"dateModified\":\"2024-03-21T19:54:26+00:00\",\"description\":\"Feliciano S\u00e1nchez Chan. M\u00e9rida, Yucat\u00e1n: Instituto de Cultura de Yucat\u00e1n, 2002. ISBN: 9685480079. Traducciones de cuentos sobre la memoria cultural maya.\",\"breadcrumb\":{\"@id\":\"https:\\\/\\\/booksfrommexico.com\\\/es\\\/producto\\\/baalcheob-yeetel-chiichoob\\\/#breadcrumb\"},\"inLanguage\":\"es\",\"potentialAction\":[{\"@type\":\"ReadAction\",\"target\":[\"https:\\\/\\\/booksfrommexico.com\\\/es\\\/producto\\\/baalcheob-yeetel-chiichoob\\\/\"]}]},{\"@type\":\"ImageObject\",\"inLanguage\":\"es\",\"@id\":\"https:\\\/\\\/booksfrommexico.com\\\/es\\\/producto\\\/baalcheob-yeetel-chiichoob\\\/#primaryimage\",\"url\":\"https:\\\/\\\/booksfrommexico.com\\\/app\\\/uploads\\\/2023\\\/05\\\/119371.jpeg\",\"contentUrl\":\"https:\\\/\\\/booksfrommexico.com\\\/app\\\/uploads\\\/2023\\\/05\\\/119371.jpeg\",\"width\":522,\"height\":804,\"caption\":\"Ba'alche\u00f3b y\u00e9etel Ch'iich'o'ob\"},{\"@type\":\"BreadcrumbList\",\"@id\":\"https:\\\/\\\/booksfrommexico.com\\\/es\\\/producto\\\/baalcheob-yeetel-chiichoob\\\/#breadcrumb\",\"itemListElement\":[{\"@type\":\"ListItem\",\"position\":1,\"name\":\"Home\",\"item\":\"https:\\\/\\\/booksfrommexico.com\\\/es\\\/\"},{\"@type\":\"ListItem\",\"position\":2,\"name\":\"Libros\",\"item\":\"https:\\\/\\\/booksfrommexico.com\\\/es\\\/libros\\\/\"},{\"@type\":\"ListItem\",\"position\":3,\"name\":\"Ba&#8217;alche\u00f3b y\u00e9etel Ch&#8217;iich&#8217;o&#8217;ob\"}]},{\"@type\":\"WebSite\",\"@id\":\"https:\\\/\\\/booksfrommexico.com\\\/#website\",\"url\":\"https:\\\/\\\/booksfrommexico.com\\\/\",\"name\":\"Books From Mexico\",\"description\":\"\",\"publisher\":{\"@id\":\"https:\\\/\\\/booksfrommexico.com\\\/#organization\"},\"potentialAction\":[{\"@type\":\"SearchAction\",\"target\":{\"@type\":\"EntryPoint\",\"urlTemplate\":\"https:\\\/\\\/booksfrommexico.com\\\/?s={search_term_string}\"},\"query-input\":{\"@type\":\"PropertyValueSpecification\",\"valueRequired\":true,\"valueName\":\"search_term_string\"}}],\"inLanguage\":\"es\"},{\"@type\":\"Organization\",\"@id\":\"https:\\\/\\\/booksfrommexico.com\\\/#organization\",\"name\":\"Books From Mexico\",\"url\":\"https:\\\/\\\/booksfrommexico.com\\\/\",\"logo\":{\"@type\":\"ImageObject\",\"inLanguage\":\"es\",\"@id\":\"https:\\\/\\\/booksfrommexico.com\\\/#\\\/schema\\\/logo\\\/image\\\/\",\"url\":\"https:\\\/\\\/booksfrommexico.com\\\/app\\\/uploads\\\/2023\\\/05\\\/logo-booksfrommexico.svg\",\"contentUrl\":\"https:\\\/\\\/booksfrommexico.com\\\/app\\\/uploads\\\/2023\\\/05\\\/logo-booksfrommexico.svg\",\"width\":86,\"height\":56,\"caption\":\"Books From Mexico\"},\"image\":{\"@id\":\"https:\\\/\\\/booksfrommexico.com\\\/#\\\/schema\\\/logo\\\/image\\\/\"}}]}<\/script>\n<!-- \/ Yoast SEO plugin. -->","yoast_head_json":{"title":"Ba'alche\u00f3b y\u00e9etel Ch'iich'o'ob - Books From Mexico","description":"Feliciano S\u00e1nchez Chan. M\u00e9rida, Yucat\u00e1n: Instituto de Cultura de Yucat\u00e1n, 2002. ISBN: 9685480079. Traducciones de cuentos sobre la memoria cultural maya.","robots":{"index":"index","follow":"follow","max-snippet":"max-snippet:-1","max-image-preview":"max-image-preview:large","max-video-preview":"max-video-preview:-1"},"canonical":"https:\/\/booksfrommexico.com\/es\/producto\/baalcheob-yeetel-chiichoob\/","og_locale":"es_ES","og_type":"article","og_title":"Ba'alche\u00f3b y\u00e9etel Ch'iich'o'ob - Books From Mexico","og_description":"Feliciano S\u00e1nchez Chan. M\u00e9rida, Yucat\u00e1n: Instituto de Cultura de Yucat\u00e1n, 2002. ISBN: 9685480079. Traducciones de cuentos sobre la memoria cultural maya.","og_url":"https:\/\/booksfrommexico.com\/es\/producto\/baalcheob-yeetel-chiichoob\/","og_site_name":"Books From Mexico","article_modified_time":"2024-03-21T19:54:26+00:00","og_image":[{"width":522,"height":804,"url":"http:\/\/booksfrommexico.com\/app\/uploads\/2023\/05\/119371.jpeg","type":"image\/jpeg"}],"twitter_card":"summary_large_image","twitter_misc":{"Tiempo de lectura":"1 minuto"},"schema":{"@context":"https:\/\/schema.org","@graph":[{"@type":"WebPage","@id":"https:\/\/booksfrommexico.com\/es\/producto\/baalcheob-yeetel-chiichoob\/","url":"https:\/\/booksfrommexico.com\/es\/producto\/baalcheob-yeetel-chiichoob\/","name":"Ba'alche\u00f3b y\u00e9etel Ch'iich'o'ob - Books From Mexico","isPartOf":{"@id":"https:\/\/booksfrommexico.com\/#website"},"primaryImageOfPage":{"@id":"https:\/\/booksfrommexico.com\/es\/producto\/baalcheob-yeetel-chiichoob\/#primaryimage"},"image":{"@id":"https:\/\/booksfrommexico.com\/es\/producto\/baalcheob-yeetel-chiichoob\/#primaryimage"},"thumbnailUrl":"https:\/\/booksfrommexico.com\/app\/uploads\/2023\/05\/119371.jpeg","datePublished":"2023-05-08T16:15:41+00:00","dateModified":"2024-03-21T19:54:26+00:00","description":"Feliciano S\u00e1nchez Chan. M\u00e9rida, Yucat\u00e1n: Instituto de Cultura de Yucat\u00e1n, 2002. ISBN: 9685480079. Traducciones de cuentos sobre la memoria cultural maya.","breadcrumb":{"@id":"https:\/\/booksfrommexico.com\/es\/producto\/baalcheob-yeetel-chiichoob\/#breadcrumb"},"inLanguage":"es","potentialAction":[{"@type":"ReadAction","target":["https:\/\/booksfrommexico.com\/es\/producto\/baalcheob-yeetel-chiichoob\/"]}]},{"@type":"ImageObject","inLanguage":"es","@id":"https:\/\/booksfrommexico.com\/es\/producto\/baalcheob-yeetel-chiichoob\/#primaryimage","url":"https:\/\/booksfrommexico.com\/app\/uploads\/2023\/05\/119371.jpeg","contentUrl":"https:\/\/booksfrommexico.com\/app\/uploads\/2023\/05\/119371.jpeg","width":522,"height":804,"caption":"Ba'alche\u00f3b y\u00e9etel Ch'iich'o'ob"},{"@type":"BreadcrumbList","@id":"https:\/\/booksfrommexico.com\/es\/producto\/baalcheob-yeetel-chiichoob\/#breadcrumb","itemListElement":[{"@type":"ListItem","position":1,"name":"Home","item":"https:\/\/booksfrommexico.com\/es\/"},{"@type":"ListItem","position":2,"name":"Libros","item":"https:\/\/booksfrommexico.com\/es\/libros\/"},{"@type":"ListItem","position":3,"name":"Ba&#8217;alche\u00f3b y\u00e9etel Ch&#8217;iich&#8217;o&#8217;ob"}]},{"@type":"WebSite","@id":"https:\/\/booksfrommexico.com\/#website","url":"https:\/\/booksfrommexico.com\/","name":"Books From Mexico","description":"","publisher":{"@id":"https:\/\/booksfrommexico.com\/#organization"},"potentialAction":[{"@type":"SearchAction","target":{"@type":"EntryPoint","urlTemplate":"https:\/\/booksfrommexico.com\/?s={search_term_string}"},"query-input":{"@type":"PropertyValueSpecification","valueRequired":true,"valueName":"search_term_string"}}],"inLanguage":"es"},{"@type":"Organization","@id":"https:\/\/booksfrommexico.com\/#organization","name":"Books From Mexico","url":"https:\/\/booksfrommexico.com\/","logo":{"@type":"ImageObject","inLanguage":"es","@id":"https:\/\/booksfrommexico.com\/#\/schema\/logo\/image\/","url":"https:\/\/booksfrommexico.com\/app\/uploads\/2023\/05\/logo-booksfrommexico.svg","contentUrl":"https:\/\/booksfrommexico.com\/app\/uploads\/2023\/05\/logo-booksfrommexico.svg","width":86,"height":56,"caption":"Books From Mexico"},"image":{"@id":"https:\/\/booksfrommexico.com\/#\/schema\/logo\/image\/"}}]}},"_links":{"self":[{"href":"https:\/\/booksfrommexico.com\/es\/wp-json\/wp\/v2\/product\/179","targetHints":{"allow":["GET"]}}],"collection":[{"href":"https:\/\/booksfrommexico.com\/es\/wp-json\/wp\/v2\/product"}],"about":[{"href":"https:\/\/booksfrommexico.com\/es\/wp-json\/wp\/v2\/types\/product"}],"wp:featuredmedia":[{"embeddable":true,"href":"https:\/\/booksfrommexico.com\/es\/wp-json\/wp\/v2\/media\/178"}],"wp:attachment":[{"href":"https:\/\/booksfrommexico.com\/es\/wp-json\/wp\/v2\/media?parent=179"}],"wp:term":[{"taxonomy":"product_brand","embeddable":true,"href":"https:\/\/booksfrommexico.com\/es\/wp-json\/wp\/v2\/product_brand?post=179"},{"taxonomy":"product_cat","embeddable":true,"href":"https:\/\/booksfrommexico.com\/es\/wp-json\/wp\/v2\/product_cat?post=179"},{"taxonomy":"product_tag","embeddable":true,"href":"https:\/\/booksfrommexico.com\/es\/wp-json\/wp\/v2\/product_tag?post=179"}],"curies":[{"name":"wp","href":"https:\/\/api.w.org\/{rel}","templated":true}]}}