{"id":181,"date":"2023-05-08T16:15:43","date_gmt":"2023-05-08T16:15:43","guid":{"rendered":"http:\/\/booksfrommexico.com\/product\/abusos-de-la-patrulla-fronteriza-de-estados-unidos-trabajadores-indocumentados-mexicanos-y-derechos-humanos\/"},"modified":"2024-10-02T23:17:19","modified_gmt":"2024-10-02T23:17:19","slug":"abusos-de-la-patrulla-fronteriza-de-estados-unidos-trabajadores-indocumentados-mexicanos-y-derechos-humanos","status":"publish","type":"product","link":"https:\/\/booksfrommexico.com\/es\/producto\/abusos-de-la-patrulla-fronteriza-de-estados-unidos-trabajadores-indocumentados-mexicanos-y-derechos-humanos\/","title":{"rendered":"Abusos de la Patrulla Fronteriza de Estados Unidos, trabajadores indocumentados mexicanos y Derechos Humanos internacionales"},"content":{"rendered":"<p id=\"tw-target-text\" class=\"tw-data-text tw-text-large tw-ta\" dir=\"ltr\" data-placeholder=\"Traducci\u00f3n\" data-ved=\"2ahUKEwiZ06-Vh4iDAxWYDkQIHQsuCbwQ3ewLegQIBRAQ\"><span style=\"font-weight: 400;\">Anualmente, agentes de la Patrulla Fronteriza de Estados Unidos maltratan, abusan, hieren y matan a cientos de migrantes indocumentados a lo largo de la frontera con M\u00e9xico. No obstante, sin importar la calidad migratoria, cualquier extranjero en Estados Unidos, merece un trato digno y respetuoso, y se le debe conferir un trato humano, acorde a los principios internacionales de Derechos Humanos. Esta investigaci\u00f3n trata sobre cuestiones complejas que involucran principalmente a trabajadores mexicanos migratorios, las cuales act\u00faan directamente sobre temas cercanos a la econom\u00eda y la psique de Estados Unidos, as\u00ed como sus leyes pol\u00edticas y migratorias. <\/span><\/p>\n","protected":false},"excerpt":{"rendered":"<p>Vargas, Jorge A. ABUSOS DE LA PATRULLA FRONTERIZA DE ESTADOS UNIDOS, TRABAJADORES INDOCUMENTADOS MEXICANOS Y DERECHOS HUMANOS. \/ Jorge A Vargas. M\u00e9xico, D.F.: Comisi\u00f3n Nacional de Derechos Humanos, 2002. 127 pages:\u00a0 22 cm. Includes bibliographic references. ISBN 9706442693.<\/p>\n","protected":false},"featured_media":180,"template":"","meta":{"_acf_changed":false,"inline_featured_image":false},"product_brand":[],"product_cat":[1065,42],"product_tag":[3837,4411,3685,3839],"class_list":{"0":"post-181","1":"product","2":"type-product","3":"status-publish","4":"has-post-thumbnail","6":"product_cat-condiciones-sociales-y-politicas-de-la-migracion","7":"product_cat-temas-de-inmigracion-y-migraciones-humanas","8":"product_tag-derechos-humanos","9":"product_tag-frontera-norte","10":"product_tag-inmigracion","11":"product_tag-trabajadores","13":"first","14":"instock","15":"sale","16":"taxable","17":"shipping-taxable","18":"purchasable","19":"product-type-simple"},"acf":[],"yoast_head":"<!-- This site is optimized with the Yoast SEO plugin v27.3 - https:\/\/yoast.com\/product\/yoast-seo-wordpress\/ -->\n<title>Abusos de la Patrulla Fronteriza de Estados Unidos...<\/title>\n<meta name=\"description\" content=\"ABUSOS DE LA PATRULLA FRONTERIZA DE ESTADOS UNIDOS, TRABAJADORES INDOCUMENTADOS MEXICANOS Y DERECHOS HUMANOS INTERNACIONALES. \/ Jorge A. Vargas. 2002.\" \/>\n<meta name=\"robots\" content=\"index, follow, max-snippet:-1, max-image-preview:large, max-video-preview:-1\" \/>\n<link rel=\"canonical\" href=\"https:\/\/booksfrommexico.com\/es\/producto\/abusos-de-la-patrulla-fronteriza-de-estados-unidos-trabajadores-indocumentados-mexicanos-y-derechos-humanos\/\" \/>\n<meta property=\"og:locale\" content=\"es_ES\" \/>\n<meta property=\"og:type\" content=\"article\" \/>\n<meta property=\"og:title\" content=\"Abusos de la Patrulla Fronteriza de Estados Unidos...\" \/>\n<meta property=\"og:description\" content=\"ABUSOS DE LA PATRULLA FRONTERIZA DE ESTADOS UNIDOS, TRABAJADORES INDOCUMENTADOS MEXICANOS Y DERECHOS HUMANOS INTERNACIONALES. \/ Jorge A. Vargas. 2002.\" \/>\n<meta property=\"og:url\" content=\"https:\/\/booksfrommexico.com\/es\/producto\/abusos-de-la-patrulla-fronteriza-de-estados-unidos-trabajadores-indocumentados-mexicanos-y-derechos-humanos\/\" \/>\n<meta property=\"og:site_name\" content=\"Books From Mexico\" \/>\n<meta property=\"article:modified_time\" content=\"2024-10-02T23:17:19+00:00\" \/>\n<meta property=\"og:image\" content=\"http:\/\/booksfrommexico.com\/app\/uploads\/2023\/05\/119550.jpeg\" \/>\n\t<meta property=\"og:image:width\" content=\"605\" \/>\n\t<meta property=\"og:image:height\" content=\"818\" \/>\n\t<meta property=\"og:image:type\" content=\"image\/jpeg\" \/>\n<meta name=\"twitter:card\" content=\"summary_large_image\" \/>\n<meta name=\"twitter:label1\" content=\"Tiempo de lectura\" \/>\n\t<meta name=\"twitter:data1\" content=\"1 minuto\" \/>\n<script type=\"application\/ld+json\" class=\"yoast-schema-graph\">{\"@context\":\"https:\\\/\\\/schema.org\",\"@graph\":[{\"@type\":\"WebPage\",\"@id\":\"https:\\\/\\\/booksfrommexico.com\\\/es\\\/producto\\\/abusos-de-la-patrulla-fronteriza-de-estados-unidos-trabajadores-indocumentados-mexicanos-y-derechos-humanos\\\/\",\"url\":\"https:\\\/\\\/booksfrommexico.com\\\/es\\\/producto\\\/abusos-de-la-patrulla-fronteriza-de-estados-unidos-trabajadores-indocumentados-mexicanos-y-derechos-humanos\\\/\",\"name\":\"Abusos de la Patrulla Fronteriza de Estados Unidos...\",\"isPartOf\":{\"@id\":\"https:\\\/\\\/booksfrommexico.com\\\/#website\"},\"primaryImageOfPage\":{\"@id\":\"https:\\\/\\\/booksfrommexico.com\\\/es\\\/producto\\\/abusos-de-la-patrulla-fronteriza-de-estados-unidos-trabajadores-indocumentados-mexicanos-y-derechos-humanos\\\/#primaryimage\"},\"image\":{\"@id\":\"https:\\\/\\\/booksfrommexico.com\\\/es\\\/producto\\\/abusos-de-la-patrulla-fronteriza-de-estados-unidos-trabajadores-indocumentados-mexicanos-y-derechos-humanos\\\/#primaryimage\"},\"thumbnailUrl\":\"https:\\\/\\\/booksfrommexico.com\\\/app\\\/uploads\\\/2023\\\/05\\\/119550.jpeg\",\"datePublished\":\"2023-05-08T16:15:43+00:00\",\"dateModified\":\"2024-10-02T23:17:19+00:00\",\"description\":\"ABUSOS DE LA PATRULLA FRONTERIZA DE ESTADOS UNIDOS, TRABAJADORES INDOCUMENTADOS MEXICANOS Y DERECHOS HUMANOS INTERNACIONALES. \\\/ Jorge A. Vargas. 2002.\",\"breadcrumb\":{\"@id\":\"https:\\\/\\\/booksfrommexico.com\\\/es\\\/producto\\\/abusos-de-la-patrulla-fronteriza-de-estados-unidos-trabajadores-indocumentados-mexicanos-y-derechos-humanos\\\/#breadcrumb\"},\"inLanguage\":\"es\",\"potentialAction\":[{\"@type\":\"ReadAction\",\"target\":[\"https:\\\/\\\/booksfrommexico.com\\\/es\\\/producto\\\/abusos-de-la-patrulla-fronteriza-de-estados-unidos-trabajadores-indocumentados-mexicanos-y-derechos-humanos\\\/\"]}]},{\"@type\":\"ImageObject\",\"inLanguage\":\"es\",\"@id\":\"https:\\\/\\\/booksfrommexico.com\\\/es\\\/producto\\\/abusos-de-la-patrulla-fronteriza-de-estados-unidos-trabajadores-indocumentados-mexicanos-y-derechos-humanos\\\/#primaryimage\",\"url\":\"https:\\\/\\\/booksfrommexico.com\\\/app\\\/uploads\\\/2023\\\/05\\\/119550.jpeg\",\"contentUrl\":\"https:\\\/\\\/booksfrommexico.com\\\/app\\\/uploads\\\/2023\\\/05\\\/119550.jpeg\",\"width\":605,\"height\":818,\"caption\":\"Abusos de la patrulla fronteriza de Estados Unidos, trabajadores indocumentados mexicanos y derechos humanos\"},{\"@type\":\"BreadcrumbList\",\"@id\":\"https:\\\/\\\/booksfrommexico.com\\\/es\\\/producto\\\/abusos-de-la-patrulla-fronteriza-de-estados-unidos-trabajadores-indocumentados-mexicanos-y-derechos-humanos\\\/#breadcrumb\",\"itemListElement\":[{\"@type\":\"ListItem\",\"position\":1,\"name\":\"Home\",\"item\":\"https:\\\/\\\/booksfrommexico.com\\\/es\\\/\"},{\"@type\":\"ListItem\",\"position\":2,\"name\":\"Libros\",\"item\":\"https:\\\/\\\/booksfrommexico.com\\\/es\\\/libros\\\/\"},{\"@type\":\"ListItem\",\"position\":3,\"name\":\"Abusos de la Patrulla Fronteriza de Estados Unidos, trabajadores indocumentados mexicanos y Derechos Humanos internacionales\"}]},{\"@type\":\"WebSite\",\"@id\":\"https:\\\/\\\/booksfrommexico.com\\\/#website\",\"url\":\"https:\\\/\\\/booksfrommexico.com\\\/\",\"name\":\"Books From Mexico\",\"description\":\"\",\"publisher\":{\"@id\":\"https:\\\/\\\/booksfrommexico.com\\\/#organization\"},\"potentialAction\":[{\"@type\":\"SearchAction\",\"target\":{\"@type\":\"EntryPoint\",\"urlTemplate\":\"https:\\\/\\\/booksfrommexico.com\\\/?s={search_term_string}\"},\"query-input\":{\"@type\":\"PropertyValueSpecification\",\"valueRequired\":true,\"valueName\":\"search_term_string\"}}],\"inLanguage\":\"es\"},{\"@type\":\"Organization\",\"@id\":\"https:\\\/\\\/booksfrommexico.com\\\/#organization\",\"name\":\"Books From Mexico\",\"url\":\"https:\\\/\\\/booksfrommexico.com\\\/\",\"logo\":{\"@type\":\"ImageObject\",\"inLanguage\":\"es\",\"@id\":\"https:\\\/\\\/booksfrommexico.com\\\/#\\\/schema\\\/logo\\\/image\\\/\",\"url\":\"https:\\\/\\\/booksfrommexico.com\\\/app\\\/uploads\\\/2023\\\/05\\\/logo-booksfrommexico.svg\",\"contentUrl\":\"https:\\\/\\\/booksfrommexico.com\\\/app\\\/uploads\\\/2023\\\/05\\\/logo-booksfrommexico.svg\",\"width\":86,\"height\":56,\"caption\":\"Books From Mexico\"},\"image\":{\"@id\":\"https:\\\/\\\/booksfrommexico.com\\\/#\\\/schema\\\/logo\\\/image\\\/\"}}]}<\/script>\n<!-- \/ Yoast SEO plugin. -->","yoast_head_json":{"title":"Abusos de la Patrulla Fronteriza de Estados Unidos...","description":"ABUSOS DE LA PATRULLA FRONTERIZA DE ESTADOS UNIDOS, TRABAJADORES INDOCUMENTADOS MEXICANOS Y DERECHOS HUMANOS INTERNACIONALES. \/ Jorge A. Vargas. 2002.","robots":{"index":"index","follow":"follow","max-snippet":"max-snippet:-1","max-image-preview":"max-image-preview:large","max-video-preview":"max-video-preview:-1"},"canonical":"https:\/\/booksfrommexico.com\/es\/producto\/abusos-de-la-patrulla-fronteriza-de-estados-unidos-trabajadores-indocumentados-mexicanos-y-derechos-humanos\/","og_locale":"es_ES","og_type":"article","og_title":"Abusos de la Patrulla Fronteriza de Estados Unidos...","og_description":"ABUSOS DE LA PATRULLA FRONTERIZA DE ESTADOS UNIDOS, TRABAJADORES INDOCUMENTADOS MEXICANOS Y DERECHOS HUMANOS INTERNACIONALES. \/ Jorge A. Vargas. 2002.","og_url":"https:\/\/booksfrommexico.com\/es\/producto\/abusos-de-la-patrulla-fronteriza-de-estados-unidos-trabajadores-indocumentados-mexicanos-y-derechos-humanos\/","og_site_name":"Books From Mexico","article_modified_time":"2024-10-02T23:17:19+00:00","og_image":[{"width":605,"height":818,"url":"http:\/\/booksfrommexico.com\/app\/uploads\/2023\/05\/119550.jpeg","type":"image\/jpeg"}],"twitter_card":"summary_large_image","twitter_misc":{"Tiempo de lectura":"1 minuto"},"schema":{"@context":"https:\/\/schema.org","@graph":[{"@type":"WebPage","@id":"https:\/\/booksfrommexico.com\/es\/producto\/abusos-de-la-patrulla-fronteriza-de-estados-unidos-trabajadores-indocumentados-mexicanos-y-derechos-humanos\/","url":"https:\/\/booksfrommexico.com\/es\/producto\/abusos-de-la-patrulla-fronteriza-de-estados-unidos-trabajadores-indocumentados-mexicanos-y-derechos-humanos\/","name":"Abusos de la Patrulla Fronteriza de Estados Unidos...","isPartOf":{"@id":"https:\/\/booksfrommexico.com\/#website"},"primaryImageOfPage":{"@id":"https:\/\/booksfrommexico.com\/es\/producto\/abusos-de-la-patrulla-fronteriza-de-estados-unidos-trabajadores-indocumentados-mexicanos-y-derechos-humanos\/#primaryimage"},"image":{"@id":"https:\/\/booksfrommexico.com\/es\/producto\/abusos-de-la-patrulla-fronteriza-de-estados-unidos-trabajadores-indocumentados-mexicanos-y-derechos-humanos\/#primaryimage"},"thumbnailUrl":"https:\/\/booksfrommexico.com\/app\/uploads\/2023\/05\/119550.jpeg","datePublished":"2023-05-08T16:15:43+00:00","dateModified":"2024-10-02T23:17:19+00:00","description":"ABUSOS DE LA PATRULLA FRONTERIZA DE ESTADOS UNIDOS, TRABAJADORES INDOCUMENTADOS MEXICANOS Y DERECHOS HUMANOS INTERNACIONALES. \/ Jorge A. Vargas. 2002.","breadcrumb":{"@id":"https:\/\/booksfrommexico.com\/es\/producto\/abusos-de-la-patrulla-fronteriza-de-estados-unidos-trabajadores-indocumentados-mexicanos-y-derechos-humanos\/#breadcrumb"},"inLanguage":"es","potentialAction":[{"@type":"ReadAction","target":["https:\/\/booksfrommexico.com\/es\/producto\/abusos-de-la-patrulla-fronteriza-de-estados-unidos-trabajadores-indocumentados-mexicanos-y-derechos-humanos\/"]}]},{"@type":"ImageObject","inLanguage":"es","@id":"https:\/\/booksfrommexico.com\/es\/producto\/abusos-de-la-patrulla-fronteriza-de-estados-unidos-trabajadores-indocumentados-mexicanos-y-derechos-humanos\/#primaryimage","url":"https:\/\/booksfrommexico.com\/app\/uploads\/2023\/05\/119550.jpeg","contentUrl":"https:\/\/booksfrommexico.com\/app\/uploads\/2023\/05\/119550.jpeg","width":605,"height":818,"caption":"Abusos de la patrulla fronteriza de Estados Unidos, trabajadores indocumentados mexicanos y derechos humanos"},{"@type":"BreadcrumbList","@id":"https:\/\/booksfrommexico.com\/es\/producto\/abusos-de-la-patrulla-fronteriza-de-estados-unidos-trabajadores-indocumentados-mexicanos-y-derechos-humanos\/#breadcrumb","itemListElement":[{"@type":"ListItem","position":1,"name":"Home","item":"https:\/\/booksfrommexico.com\/es\/"},{"@type":"ListItem","position":2,"name":"Libros","item":"https:\/\/booksfrommexico.com\/es\/libros\/"},{"@type":"ListItem","position":3,"name":"Abusos de la Patrulla Fronteriza de Estados Unidos, trabajadores indocumentados mexicanos y Derechos Humanos internacionales"}]},{"@type":"WebSite","@id":"https:\/\/booksfrommexico.com\/#website","url":"https:\/\/booksfrommexico.com\/","name":"Books From Mexico","description":"","publisher":{"@id":"https:\/\/booksfrommexico.com\/#organization"},"potentialAction":[{"@type":"SearchAction","target":{"@type":"EntryPoint","urlTemplate":"https:\/\/booksfrommexico.com\/?s={search_term_string}"},"query-input":{"@type":"PropertyValueSpecification","valueRequired":true,"valueName":"search_term_string"}}],"inLanguage":"es"},{"@type":"Organization","@id":"https:\/\/booksfrommexico.com\/#organization","name":"Books From Mexico","url":"https:\/\/booksfrommexico.com\/","logo":{"@type":"ImageObject","inLanguage":"es","@id":"https:\/\/booksfrommexico.com\/#\/schema\/logo\/image\/","url":"https:\/\/booksfrommexico.com\/app\/uploads\/2023\/05\/logo-booksfrommexico.svg","contentUrl":"https:\/\/booksfrommexico.com\/app\/uploads\/2023\/05\/logo-booksfrommexico.svg","width":86,"height":56,"caption":"Books From Mexico"},"image":{"@id":"https:\/\/booksfrommexico.com\/#\/schema\/logo\/image\/"}}]}},"_links":{"self":[{"href":"https:\/\/booksfrommexico.com\/es\/wp-json\/wp\/v2\/product\/181","targetHints":{"allow":["GET"]}}],"collection":[{"href":"https:\/\/booksfrommexico.com\/es\/wp-json\/wp\/v2\/product"}],"about":[{"href":"https:\/\/booksfrommexico.com\/es\/wp-json\/wp\/v2\/types\/product"}],"wp:featuredmedia":[{"embeddable":true,"href":"https:\/\/booksfrommexico.com\/es\/wp-json\/wp\/v2\/media\/180"}],"wp:attachment":[{"href":"https:\/\/booksfrommexico.com\/es\/wp-json\/wp\/v2\/media?parent=181"}],"wp:term":[{"taxonomy":"product_brand","embeddable":true,"href":"https:\/\/booksfrommexico.com\/es\/wp-json\/wp\/v2\/product_brand?post=181"},{"taxonomy":"product_cat","embeddable":true,"href":"https:\/\/booksfrommexico.com\/es\/wp-json\/wp\/v2\/product_cat?post=181"},{"taxonomy":"product_tag","embeddable":true,"href":"https:\/\/booksfrommexico.com\/es\/wp-json\/wp\/v2\/product_tag?post=181"}],"curies":[{"name":"wp","href":"https:\/\/api.w.org\/{rel}","templated":true}]}}