{"id":183,"date":"2023-05-08T16:15:44","date_gmt":"2023-05-08T16:15:44","guid":{"rendered":"http:\/\/booksfrommexico.com\/product\/el-beaterio-historia-de-los-jesuitas-en-xalapa-trasfondo-y-panorama-historico-de-la-compania-de-jesus\/"},"modified":"2024-10-02T23:17:30","modified_gmt":"2024-10-02T23:17:30","slug":"el-beaterio-historia-de-los-jesuitas-en-xalapa-trasfondo-y-panorama-historico-de-la-compania-de-jesus","status":"publish","type":"product","link":"https:\/\/booksfrommexico.com\/es\/producto\/el-beaterio-historia-de-los-jesuitas-en-xalapa-trasfondo-y-panorama-historico-de-la-compania-de-jesus\/","title":{"rendered":"El Beaterio: Historia de los jesuitas en Xalapa"},"content":{"rendered":"<p><span style=\"font-weight: 400;\">La historia del templo de Beaterio ubicado en el centro hist\u00f3rico de Xalapa, tiene sus ra\u00edces en el siglo XVII, dise\u00f1ado inicialmente para las \u201cbeatas\u201d \u2013no refiri\u00e9ndose de forma despectiva sino para indicar el deseo de llevar una vida religiosa\u2013. Pese a no existir una historia \u00fanica que narre el paso del tiempo de este lugar, es a partir de 1881 que la historia se vuelve m\u00e1s clara al ser encomendada al cuidado de la Compa\u00f1\u00eda de Jes\u00fas; es gracias a ello que es posible documentar en este t\u00edtulo lo que sucedi\u00f3 bajo la atenci\u00f3n de los padres jesuitas, contando a la vez la historia de los jesuitas en Xalapa.<\/span><\/p>\n","protected":false},"excerpt":{"rendered":"<p>EL BEATERIO : HISTORIA DE LOS JESUITAS EN XALAPA : TRASFONDO Y PANORAMA HIST\u00d3RICO DE LA COMPA\u00d1\u00cdA DE JES\u00daS<span style=\"font-weight: 400;\">. \/ Agust\u00edn Churruca Pel\u00e1ez. Xalapa, Veracruz, M\u00e9xico : Ediciones San Jos\u00e9, 2000. 162 pages : includes photos, table, bibliographic references ; 21 cm. <\/span><\/p>\n","protected":false},"featured_media":182,"template":"","meta":{"_acf_changed":false,"inline_featured_image":false},"product_brand":[],"product_cat":[27,158],"product_tag":[3843,3607,3841,3748],"class_list":{"0":"post-183","1":"product","2":"type-product","3":"status-publish","4":"has-post-thumbnail","6":"product_cat-historia","7":"product_cat-religion-y-sociedad","8":"product_tag-historia-eclesiastica","9":"product_tag-historia-local","10":"product_tag-jesuitas","11":"product_tag-veracruz-mexico","13":"first","14":"instock","15":"sale","16":"taxable","17":"shipping-taxable","18":"purchasable","19":"product-type-simple"},"acf":[],"yoast_head":"<!-- This site is optimized with the Yoast SEO plugin v27.3 - https:\/\/yoast.com\/product\/yoast-seo-wordpress\/ -->\n<title>El Beaterio: Historia de los jesuitas en Xalapa<\/title>\n<meta name=\"description\" content=\"EL BEATERIO : HISTORIA DE LOS JESUITAS EN XALAPA : TRASFONDO Y PANORAMA HIST\u00d3RICO DE LA COMPA\u00d1\u00cdA DE JES\u00daS. \/ Agust\u00edn Churruca Pel\u00e1ez. Ediciones San Jos\u00e9.\" \/>\n<meta name=\"robots\" content=\"index, follow, max-snippet:-1, max-image-preview:large, max-video-preview:-1\" \/>\n<link rel=\"canonical\" href=\"https:\/\/booksfrommexico.com\/es\/producto\/el-beaterio-historia-de-los-jesuitas-en-xalapa-trasfondo-y-panorama-historico-de-la-compania-de-jesus\/\" \/>\n<meta property=\"og:locale\" content=\"es_ES\" \/>\n<meta property=\"og:type\" content=\"article\" \/>\n<meta property=\"og:title\" content=\"El Beaterio: Historia de los jesuitas en Xalapa\" \/>\n<meta property=\"og:description\" content=\"EL BEATERIO : HISTORIA DE LOS JESUITAS EN XALAPA : TRASFONDO Y PANORAMA HIST\u00d3RICO DE LA COMPA\u00d1\u00cdA DE JES\u00daS. \/ Agust\u00edn Churruca Pel\u00e1ez. Ediciones San Jos\u00e9.\" \/>\n<meta property=\"og:url\" content=\"https:\/\/booksfrommexico.com\/es\/producto\/el-beaterio-historia-de-los-jesuitas-en-xalapa-trasfondo-y-panorama-historico-de-la-compania-de-jesus\/\" \/>\n<meta property=\"og:site_name\" content=\"Books From Mexico\" \/>\n<meta property=\"article:modified_time\" content=\"2024-10-02T23:17:30+00:00\" \/>\n<meta property=\"og:image\" content=\"http:\/\/booksfrommexico.com\/app\/uploads\/2023\/05\/119567.jpeg\" \/>\n\t<meta property=\"og:image:width\" content=\"522\" \/>\n\t<meta property=\"og:image:height\" content=\"818\" \/>\n\t<meta property=\"og:image:type\" content=\"image\/jpeg\" \/>\n<meta name=\"twitter:card\" content=\"summary_large_image\" \/>\n<meta name=\"twitter:label1\" content=\"Tiempo de lectura\" \/>\n\t<meta name=\"twitter:data1\" content=\"1 minuto\" \/>\n<script type=\"application\/ld+json\" class=\"yoast-schema-graph\">{\"@context\":\"https:\\\/\\\/schema.org\",\"@graph\":[{\"@type\":\"WebPage\",\"@id\":\"https:\\\/\\\/booksfrommexico.com\\\/es\\\/producto\\\/el-beaterio-historia-de-los-jesuitas-en-xalapa-trasfondo-y-panorama-historico-de-la-compania-de-jesus\\\/\",\"url\":\"https:\\\/\\\/booksfrommexico.com\\\/es\\\/producto\\\/el-beaterio-historia-de-los-jesuitas-en-xalapa-trasfondo-y-panorama-historico-de-la-compania-de-jesus\\\/\",\"name\":\"El Beaterio: Historia de los jesuitas en Xalapa\",\"isPartOf\":{\"@id\":\"https:\\\/\\\/booksfrommexico.com\\\/#website\"},\"primaryImageOfPage\":{\"@id\":\"https:\\\/\\\/booksfrommexico.com\\\/es\\\/producto\\\/el-beaterio-historia-de-los-jesuitas-en-xalapa-trasfondo-y-panorama-historico-de-la-compania-de-jesus\\\/#primaryimage\"},\"image\":{\"@id\":\"https:\\\/\\\/booksfrommexico.com\\\/es\\\/producto\\\/el-beaterio-historia-de-los-jesuitas-en-xalapa-trasfondo-y-panorama-historico-de-la-compania-de-jesus\\\/#primaryimage\"},\"thumbnailUrl\":\"https:\\\/\\\/booksfrommexico.com\\\/app\\\/uploads\\\/2023\\\/05\\\/119567.jpeg\",\"datePublished\":\"2023-05-08T16:15:44+00:00\",\"dateModified\":\"2024-10-02T23:17:30+00:00\",\"description\":\"EL BEATERIO : HISTORIA DE LOS JESUITAS EN XALAPA : TRASFONDO Y PANORAMA HIST\u00d3RICO DE LA COMPA\u00d1\u00cdA DE JES\u00daS. \\\/ Agust\u00edn Churruca Pel\u00e1ez. Ediciones San Jos\u00e9.\",\"breadcrumb\":{\"@id\":\"https:\\\/\\\/booksfrommexico.com\\\/es\\\/producto\\\/el-beaterio-historia-de-los-jesuitas-en-xalapa-trasfondo-y-panorama-historico-de-la-compania-de-jesus\\\/#breadcrumb\"},\"inLanguage\":\"es\",\"potentialAction\":[{\"@type\":\"ReadAction\",\"target\":[\"https:\\\/\\\/booksfrommexico.com\\\/es\\\/producto\\\/el-beaterio-historia-de-los-jesuitas-en-xalapa-trasfondo-y-panorama-historico-de-la-compania-de-jesus\\\/\"]}]},{\"@type\":\"ImageObject\",\"inLanguage\":\"es\",\"@id\":\"https:\\\/\\\/booksfrommexico.com\\\/es\\\/producto\\\/el-beaterio-historia-de-los-jesuitas-en-xalapa-trasfondo-y-panorama-historico-de-la-compania-de-jesus\\\/#primaryimage\",\"url\":\"https:\\\/\\\/booksfrommexico.com\\\/app\\\/uploads\\\/2023\\\/05\\\/119567.jpeg\",\"contentUrl\":\"https:\\\/\\\/booksfrommexico.com\\\/app\\\/uploads\\\/2023\\\/05\\\/119567.jpeg\",\"width\":522,\"height\":818,\"caption\":\"El Beaterio Historia de los jesuitas en Xalapa. Trasfondo y panorama hist\u00f3rico de la compa\u00f1ia de Jes\u00fas\"},{\"@type\":\"BreadcrumbList\",\"@id\":\"https:\\\/\\\/booksfrommexico.com\\\/es\\\/producto\\\/el-beaterio-historia-de-los-jesuitas-en-xalapa-trasfondo-y-panorama-historico-de-la-compania-de-jesus\\\/#breadcrumb\",\"itemListElement\":[{\"@type\":\"ListItem\",\"position\":1,\"name\":\"Home\",\"item\":\"https:\\\/\\\/booksfrommexico.com\\\/es\\\/\"},{\"@type\":\"ListItem\",\"position\":2,\"name\":\"Libros\",\"item\":\"https:\\\/\\\/booksfrommexico.com\\\/es\\\/libros\\\/\"},{\"@type\":\"ListItem\",\"position\":3,\"name\":\"El Beaterio: Historia de los jesuitas en Xalapa\"}]},{\"@type\":\"WebSite\",\"@id\":\"https:\\\/\\\/booksfrommexico.com\\\/#website\",\"url\":\"https:\\\/\\\/booksfrommexico.com\\\/\",\"name\":\"Books From Mexico\",\"description\":\"\",\"publisher\":{\"@id\":\"https:\\\/\\\/booksfrommexico.com\\\/#organization\"},\"potentialAction\":[{\"@type\":\"SearchAction\",\"target\":{\"@type\":\"EntryPoint\",\"urlTemplate\":\"https:\\\/\\\/booksfrommexico.com\\\/?s={search_term_string}\"},\"query-input\":{\"@type\":\"PropertyValueSpecification\",\"valueRequired\":true,\"valueName\":\"search_term_string\"}}],\"inLanguage\":\"es\"},{\"@type\":\"Organization\",\"@id\":\"https:\\\/\\\/booksfrommexico.com\\\/#organization\",\"name\":\"Books From Mexico\",\"url\":\"https:\\\/\\\/booksfrommexico.com\\\/\",\"logo\":{\"@type\":\"ImageObject\",\"inLanguage\":\"es\",\"@id\":\"https:\\\/\\\/booksfrommexico.com\\\/#\\\/schema\\\/logo\\\/image\\\/\",\"url\":\"https:\\\/\\\/booksfrommexico.com\\\/app\\\/uploads\\\/2023\\\/05\\\/logo-booksfrommexico.svg\",\"contentUrl\":\"https:\\\/\\\/booksfrommexico.com\\\/app\\\/uploads\\\/2023\\\/05\\\/logo-booksfrommexico.svg\",\"width\":86,\"height\":56,\"caption\":\"Books From Mexico\"},\"image\":{\"@id\":\"https:\\\/\\\/booksfrommexico.com\\\/#\\\/schema\\\/logo\\\/image\\\/\"}}]}<\/script>\n<!-- \/ Yoast SEO plugin. -->","yoast_head_json":{"title":"El Beaterio: Historia de los jesuitas en Xalapa","description":"EL BEATERIO : HISTORIA DE LOS JESUITAS EN XALAPA : TRASFONDO Y PANORAMA HIST\u00d3RICO DE LA COMPA\u00d1\u00cdA DE JES\u00daS. \/ Agust\u00edn Churruca Pel\u00e1ez. Ediciones San Jos\u00e9.","robots":{"index":"index","follow":"follow","max-snippet":"max-snippet:-1","max-image-preview":"max-image-preview:large","max-video-preview":"max-video-preview:-1"},"canonical":"https:\/\/booksfrommexico.com\/es\/producto\/el-beaterio-historia-de-los-jesuitas-en-xalapa-trasfondo-y-panorama-historico-de-la-compania-de-jesus\/","og_locale":"es_ES","og_type":"article","og_title":"El Beaterio: Historia de los jesuitas en Xalapa","og_description":"EL BEATERIO : HISTORIA DE LOS JESUITAS EN XALAPA : TRASFONDO Y PANORAMA HIST\u00d3RICO DE LA COMPA\u00d1\u00cdA DE JES\u00daS. \/ Agust\u00edn Churruca Pel\u00e1ez. Ediciones San Jos\u00e9.","og_url":"https:\/\/booksfrommexico.com\/es\/producto\/el-beaterio-historia-de-los-jesuitas-en-xalapa-trasfondo-y-panorama-historico-de-la-compania-de-jesus\/","og_site_name":"Books From Mexico","article_modified_time":"2024-10-02T23:17:30+00:00","og_image":[{"width":522,"height":818,"url":"http:\/\/booksfrommexico.com\/app\/uploads\/2023\/05\/119567.jpeg","type":"image\/jpeg"}],"twitter_card":"summary_large_image","twitter_misc":{"Tiempo de lectura":"1 minuto"},"schema":{"@context":"https:\/\/schema.org","@graph":[{"@type":"WebPage","@id":"https:\/\/booksfrommexico.com\/es\/producto\/el-beaterio-historia-de-los-jesuitas-en-xalapa-trasfondo-y-panorama-historico-de-la-compania-de-jesus\/","url":"https:\/\/booksfrommexico.com\/es\/producto\/el-beaterio-historia-de-los-jesuitas-en-xalapa-trasfondo-y-panorama-historico-de-la-compania-de-jesus\/","name":"El Beaterio: Historia de los jesuitas en Xalapa","isPartOf":{"@id":"https:\/\/booksfrommexico.com\/#website"},"primaryImageOfPage":{"@id":"https:\/\/booksfrommexico.com\/es\/producto\/el-beaterio-historia-de-los-jesuitas-en-xalapa-trasfondo-y-panorama-historico-de-la-compania-de-jesus\/#primaryimage"},"image":{"@id":"https:\/\/booksfrommexico.com\/es\/producto\/el-beaterio-historia-de-los-jesuitas-en-xalapa-trasfondo-y-panorama-historico-de-la-compania-de-jesus\/#primaryimage"},"thumbnailUrl":"https:\/\/booksfrommexico.com\/app\/uploads\/2023\/05\/119567.jpeg","datePublished":"2023-05-08T16:15:44+00:00","dateModified":"2024-10-02T23:17:30+00:00","description":"EL BEATERIO : HISTORIA DE LOS JESUITAS EN XALAPA : TRASFONDO Y PANORAMA HIST\u00d3RICO DE LA COMPA\u00d1\u00cdA DE JES\u00daS. \/ Agust\u00edn Churruca Pel\u00e1ez. Ediciones San Jos\u00e9.","breadcrumb":{"@id":"https:\/\/booksfrommexico.com\/es\/producto\/el-beaterio-historia-de-los-jesuitas-en-xalapa-trasfondo-y-panorama-historico-de-la-compania-de-jesus\/#breadcrumb"},"inLanguage":"es","potentialAction":[{"@type":"ReadAction","target":["https:\/\/booksfrommexico.com\/es\/producto\/el-beaterio-historia-de-los-jesuitas-en-xalapa-trasfondo-y-panorama-historico-de-la-compania-de-jesus\/"]}]},{"@type":"ImageObject","inLanguage":"es","@id":"https:\/\/booksfrommexico.com\/es\/producto\/el-beaterio-historia-de-los-jesuitas-en-xalapa-trasfondo-y-panorama-historico-de-la-compania-de-jesus\/#primaryimage","url":"https:\/\/booksfrommexico.com\/app\/uploads\/2023\/05\/119567.jpeg","contentUrl":"https:\/\/booksfrommexico.com\/app\/uploads\/2023\/05\/119567.jpeg","width":522,"height":818,"caption":"El Beaterio Historia de los jesuitas en Xalapa. Trasfondo y panorama hist\u00f3rico de la compa\u00f1ia de Jes\u00fas"},{"@type":"BreadcrumbList","@id":"https:\/\/booksfrommexico.com\/es\/producto\/el-beaterio-historia-de-los-jesuitas-en-xalapa-trasfondo-y-panorama-historico-de-la-compania-de-jesus\/#breadcrumb","itemListElement":[{"@type":"ListItem","position":1,"name":"Home","item":"https:\/\/booksfrommexico.com\/es\/"},{"@type":"ListItem","position":2,"name":"Libros","item":"https:\/\/booksfrommexico.com\/es\/libros\/"},{"@type":"ListItem","position":3,"name":"El Beaterio: Historia de los jesuitas en Xalapa"}]},{"@type":"WebSite","@id":"https:\/\/booksfrommexico.com\/#website","url":"https:\/\/booksfrommexico.com\/","name":"Books From Mexico","description":"","publisher":{"@id":"https:\/\/booksfrommexico.com\/#organization"},"potentialAction":[{"@type":"SearchAction","target":{"@type":"EntryPoint","urlTemplate":"https:\/\/booksfrommexico.com\/?s={search_term_string}"},"query-input":{"@type":"PropertyValueSpecification","valueRequired":true,"valueName":"search_term_string"}}],"inLanguage":"es"},{"@type":"Organization","@id":"https:\/\/booksfrommexico.com\/#organization","name":"Books From Mexico","url":"https:\/\/booksfrommexico.com\/","logo":{"@type":"ImageObject","inLanguage":"es","@id":"https:\/\/booksfrommexico.com\/#\/schema\/logo\/image\/","url":"https:\/\/booksfrommexico.com\/app\/uploads\/2023\/05\/logo-booksfrommexico.svg","contentUrl":"https:\/\/booksfrommexico.com\/app\/uploads\/2023\/05\/logo-booksfrommexico.svg","width":86,"height":56,"caption":"Books From Mexico"},"image":{"@id":"https:\/\/booksfrommexico.com\/#\/schema\/logo\/image\/"}}]}},"_links":{"self":[{"href":"https:\/\/booksfrommexico.com\/es\/wp-json\/wp\/v2\/product\/183","targetHints":{"allow":["GET"]}}],"collection":[{"href":"https:\/\/booksfrommexico.com\/es\/wp-json\/wp\/v2\/product"}],"about":[{"href":"https:\/\/booksfrommexico.com\/es\/wp-json\/wp\/v2\/types\/product"}],"wp:featuredmedia":[{"embeddable":true,"href":"https:\/\/booksfrommexico.com\/es\/wp-json\/wp\/v2\/media\/182"}],"wp:attachment":[{"href":"https:\/\/booksfrommexico.com\/es\/wp-json\/wp\/v2\/media?parent=183"}],"wp:term":[{"taxonomy":"product_brand","embeddable":true,"href":"https:\/\/booksfrommexico.com\/es\/wp-json\/wp\/v2\/product_brand?post=183"},{"taxonomy":"product_cat","embeddable":true,"href":"https:\/\/booksfrommexico.com\/es\/wp-json\/wp\/v2\/product_cat?post=183"},{"taxonomy":"product_tag","embeddable":true,"href":"https:\/\/booksfrommexico.com\/es\/wp-json\/wp\/v2\/product_tag?post=183"}],"curies":[{"name":"wp","href":"https:\/\/api.w.org\/{rel}","templated":true}]}}