{"id":185,"date":"2023-05-08T16:15:46","date_gmt":"2023-05-08T16:15:46","guid":{"rendered":"http:\/\/booksfrommexico.com\/product\/punicion-y-rebeldia-de-los-negros-en-la-nueva-espana-en-los-siglos-xvi-y-xvii\/"},"modified":"2024-04-18T20:52:14","modified_gmt":"2024-04-18T20:52:14","slug":"punicion-y-rebeldia-de-los-negros-en-la-nueva-espana-en-los-siglos-xvi-y-xvii","status":"publish","type":"product","link":"https:\/\/booksfrommexico.com\/es\/producto\/punicion-y-rebeldia-de-los-negros-en-la-nueva-espana-en-los-siglos-xvi-y-xvii\/","title":{"rendered":"Punici\u00f3n y rebeld\u00eda en Nueva Espa\u00f1a"},"content":{"rendered":"<p id=\"tw-target-text\" class=\"tw-data-text tw-text-large tw-ta\" dir=\"ltr\" data-placeholder=\"Traducci\u00f3n\" data-ved=\"2ahUKEwja-bOlr4qDAxXePkQIHYhLB1MQ3ewLegQIBRAQ\"><span class=\"Y2IQFc\" lang=\"es\">Narra y analiza episodios de la historia de los africanos tra\u00eddos a M\u00e9xico para servir como esclavos durante la colonia. Observa levantamiento y rebeli\u00f3n contra el trato inhumano por parte de los espa\u00f1oles. Explora las condiciones de su transporte, en barcos mal construidos y mal equipados, su esclavitud y el proceso de rebeli\u00f3n mediante el cual obtuvieron su libertad.<\/span><\/p>\n","protected":false},"excerpt":{"rendered":"<p>Casta\u00f1\u00f3n Gonz\u00e1lez, Guadalupe. PUNICI\u00d3N Y REBELD\u00cdA DE LOS NEGROS EN LA NUEVA ESPA\u00d1A EN LOS SIGLOS XVI Y XVII. \/ Guadalupe Casta\u00f1\u00f3n Gonz\u00e1lez. Veracruz: Instituto Veracruzano de la Cultura, 2002. 147 pages: 22 cm. ISBN: 970687027X.<\/p>\n","protected":false},"featured_media":184,"template":"","meta":{"_acf_changed":false,"inline_featured_image":false},"product_brand":[],"product_cat":[129,113],"product_tag":[3845,3657,3725],"class_list":{"0":"post-185","1":"product","2":"type-product","3":"status-publish","4":"has-post-thumbnail","6":"product_cat-colonial-historia","7":"product_cat-historia-social","8":"product_tag-esclavitud","9":"product_tag-historia","10":"product_tag-nueva-espana","12":"first","13":"outofstock","14":"taxable","15":"shipping-taxable","16":"purchasable","17":"product-type-simple"},"acf":[],"yoast_head":"<!-- This site is optimized with the Yoast SEO plugin v27.3 - https:\/\/yoast.com\/product\/yoast-seo-wordpress\/ -->\n<title>Punici\u00f3n y rebeld\u00eda en Nueva Espa\u00f1a - Books From Mexico<\/title>\n<meta name=\"description\" content=\"Guadalupe Casta\u00f1on Gonz\u00e1lez. Veracruz: Instituto Veracruzano de la Cultura, 2002. ISBN 970687027X. Africanos tra\u00eddos a M\u00e9xico durante la colonia.\" \/>\n<meta name=\"robots\" content=\"index, follow, max-snippet:-1, max-image-preview:large, max-video-preview:-1\" \/>\n<link rel=\"canonical\" href=\"https:\/\/booksfrommexico.com\/es\/producto\/punicion-y-rebeldia-de-los-negros-en-la-nueva-espana-en-los-siglos-xvi-y-xvii\/\" \/>\n<meta property=\"og:locale\" content=\"es_ES\" \/>\n<meta property=\"og:type\" content=\"article\" \/>\n<meta property=\"og:title\" content=\"Punici\u00f3n y rebeld\u00eda en Nueva Espa\u00f1a - Books From Mexico\" \/>\n<meta property=\"og:description\" content=\"Guadalupe Casta\u00f1on Gonz\u00e1lez. Veracruz: Instituto Veracruzano de la Cultura, 2002. ISBN 970687027X. Africanos tra\u00eddos a M\u00e9xico durante la colonia.\" \/>\n<meta property=\"og:url\" content=\"https:\/\/booksfrommexico.com\/es\/producto\/punicion-y-rebeldia-de-los-negros-en-la-nueva-espana-en-los-siglos-xvi-y-xvii\/\" \/>\n<meta property=\"og:site_name\" content=\"Books From Mexico\" \/>\n<meta property=\"article:modified_time\" content=\"2024-04-18T20:52:14+00:00\" \/>\n<meta property=\"og:image\" content=\"http:\/\/booksfrommexico.com\/app\/uploads\/2023\/05\/119589.jpeg\" \/>\n\t<meta property=\"og:image:width\" content=\"583\" \/>\n\t<meta property=\"og:image:height\" content=\"881\" \/>\n\t<meta property=\"og:image:type\" content=\"image\/jpeg\" \/>\n<meta name=\"twitter:card\" content=\"summary_large_image\" \/>\n<meta name=\"twitter:label1\" content=\"Tiempo de lectura\" \/>\n\t<meta name=\"twitter:data1\" content=\"1 minuto\" \/>\n<script type=\"application\/ld+json\" class=\"yoast-schema-graph\">{\"@context\":\"https:\\\/\\\/schema.org\",\"@graph\":[{\"@type\":\"WebPage\",\"@id\":\"https:\\\/\\\/booksfrommexico.com\\\/es\\\/producto\\\/punicion-y-rebeldia-de-los-negros-en-la-nueva-espana-en-los-siglos-xvi-y-xvii\\\/\",\"url\":\"https:\\\/\\\/booksfrommexico.com\\\/es\\\/producto\\\/punicion-y-rebeldia-de-los-negros-en-la-nueva-espana-en-los-siglos-xvi-y-xvii\\\/\",\"name\":\"Punici\u00f3n y rebeld\u00eda en Nueva Espa\u00f1a - Books From Mexico\",\"isPartOf\":{\"@id\":\"https:\\\/\\\/booksfrommexico.com\\\/#website\"},\"primaryImageOfPage\":{\"@id\":\"https:\\\/\\\/booksfrommexico.com\\\/es\\\/producto\\\/punicion-y-rebeldia-de-los-negros-en-la-nueva-espana-en-los-siglos-xvi-y-xvii\\\/#primaryimage\"},\"image\":{\"@id\":\"https:\\\/\\\/booksfrommexico.com\\\/es\\\/producto\\\/punicion-y-rebeldia-de-los-negros-en-la-nueva-espana-en-los-siglos-xvi-y-xvii\\\/#primaryimage\"},\"thumbnailUrl\":\"https:\\\/\\\/booksfrommexico.com\\\/app\\\/uploads\\\/2023\\\/05\\\/119589.jpeg\",\"datePublished\":\"2023-05-08T16:15:46+00:00\",\"dateModified\":\"2024-04-18T20:52:14+00:00\",\"description\":\"Guadalupe Casta\u00f1on Gonz\u00e1lez. Veracruz: Instituto Veracruzano de la Cultura, 2002. ISBN 970687027X. Africanos tra\u00eddos a M\u00e9xico durante la colonia.\",\"breadcrumb\":{\"@id\":\"https:\\\/\\\/booksfrommexico.com\\\/es\\\/producto\\\/punicion-y-rebeldia-de-los-negros-en-la-nueva-espana-en-los-siglos-xvi-y-xvii\\\/#breadcrumb\"},\"inLanguage\":\"es\",\"potentialAction\":[{\"@type\":\"ReadAction\",\"target\":[\"https:\\\/\\\/booksfrommexico.com\\\/es\\\/producto\\\/punicion-y-rebeldia-de-los-negros-en-la-nueva-espana-en-los-siglos-xvi-y-xvii\\\/\"]}]},{\"@type\":\"ImageObject\",\"inLanguage\":\"es\",\"@id\":\"https:\\\/\\\/booksfrommexico.com\\\/es\\\/producto\\\/punicion-y-rebeldia-de-los-negros-en-la-nueva-espana-en-los-siglos-xvi-y-xvii\\\/#primaryimage\",\"url\":\"https:\\\/\\\/booksfrommexico.com\\\/app\\\/uploads\\\/2023\\\/05\\\/119589.jpeg\",\"contentUrl\":\"https:\\\/\\\/booksfrommexico.com\\\/app\\\/uploads\\\/2023\\\/05\\\/119589.jpeg\",\"width\":583,\"height\":881,\"caption\":\"Punici\u00f3n y rebeld\u00eda de los negros en la Nueva Espa\u00f1a en los siglos XVI y XVII\"},{\"@type\":\"BreadcrumbList\",\"@id\":\"https:\\\/\\\/booksfrommexico.com\\\/es\\\/producto\\\/punicion-y-rebeldia-de-los-negros-en-la-nueva-espana-en-los-siglos-xvi-y-xvii\\\/#breadcrumb\",\"itemListElement\":[{\"@type\":\"ListItem\",\"position\":1,\"name\":\"Home\",\"item\":\"https:\\\/\\\/booksfrommexico.com\\\/es\\\/\"},{\"@type\":\"ListItem\",\"position\":2,\"name\":\"Libros\",\"item\":\"https:\\\/\\\/booksfrommexico.com\\\/es\\\/libros\\\/\"},{\"@type\":\"ListItem\",\"position\":3,\"name\":\"Punici\u00f3n y rebeld\u00eda en Nueva Espa\u00f1a\"}]},{\"@type\":\"WebSite\",\"@id\":\"https:\\\/\\\/booksfrommexico.com\\\/#website\",\"url\":\"https:\\\/\\\/booksfrommexico.com\\\/\",\"name\":\"Books From Mexico\",\"description\":\"\",\"publisher\":{\"@id\":\"https:\\\/\\\/booksfrommexico.com\\\/#organization\"},\"potentialAction\":[{\"@type\":\"SearchAction\",\"target\":{\"@type\":\"EntryPoint\",\"urlTemplate\":\"https:\\\/\\\/booksfrommexico.com\\\/?s={search_term_string}\"},\"query-input\":{\"@type\":\"PropertyValueSpecification\",\"valueRequired\":true,\"valueName\":\"search_term_string\"}}],\"inLanguage\":\"es\"},{\"@type\":\"Organization\",\"@id\":\"https:\\\/\\\/booksfrommexico.com\\\/#organization\",\"name\":\"Books From Mexico\",\"url\":\"https:\\\/\\\/booksfrommexico.com\\\/\",\"logo\":{\"@type\":\"ImageObject\",\"inLanguage\":\"es\",\"@id\":\"https:\\\/\\\/booksfrommexico.com\\\/#\\\/schema\\\/logo\\\/image\\\/\",\"url\":\"https:\\\/\\\/booksfrommexico.com\\\/app\\\/uploads\\\/2023\\\/05\\\/logo-booksfrommexico.svg\",\"contentUrl\":\"https:\\\/\\\/booksfrommexico.com\\\/app\\\/uploads\\\/2023\\\/05\\\/logo-booksfrommexico.svg\",\"width\":86,\"height\":56,\"caption\":\"Books From Mexico\"},\"image\":{\"@id\":\"https:\\\/\\\/booksfrommexico.com\\\/#\\\/schema\\\/logo\\\/image\\\/\"}}]}<\/script>\n<!-- \/ Yoast SEO plugin. -->","yoast_head_json":{"title":"Punici\u00f3n y rebeld\u00eda en Nueva Espa\u00f1a - Books From Mexico","description":"Guadalupe Casta\u00f1on Gonz\u00e1lez. Veracruz: Instituto Veracruzano de la Cultura, 2002. ISBN 970687027X. Africanos tra\u00eddos a M\u00e9xico durante la colonia.","robots":{"index":"index","follow":"follow","max-snippet":"max-snippet:-1","max-image-preview":"max-image-preview:large","max-video-preview":"max-video-preview:-1"},"canonical":"https:\/\/booksfrommexico.com\/es\/producto\/punicion-y-rebeldia-de-los-negros-en-la-nueva-espana-en-los-siglos-xvi-y-xvii\/","og_locale":"es_ES","og_type":"article","og_title":"Punici\u00f3n y rebeld\u00eda en Nueva Espa\u00f1a - Books From Mexico","og_description":"Guadalupe Casta\u00f1on Gonz\u00e1lez. Veracruz: Instituto Veracruzano de la Cultura, 2002. ISBN 970687027X. Africanos tra\u00eddos a M\u00e9xico durante la colonia.","og_url":"https:\/\/booksfrommexico.com\/es\/producto\/punicion-y-rebeldia-de-los-negros-en-la-nueva-espana-en-los-siglos-xvi-y-xvii\/","og_site_name":"Books From Mexico","article_modified_time":"2024-04-18T20:52:14+00:00","og_image":[{"width":583,"height":881,"url":"http:\/\/booksfrommexico.com\/app\/uploads\/2023\/05\/119589.jpeg","type":"image\/jpeg"}],"twitter_card":"summary_large_image","twitter_misc":{"Tiempo de lectura":"1 minuto"},"schema":{"@context":"https:\/\/schema.org","@graph":[{"@type":"WebPage","@id":"https:\/\/booksfrommexico.com\/es\/producto\/punicion-y-rebeldia-de-los-negros-en-la-nueva-espana-en-los-siglos-xvi-y-xvii\/","url":"https:\/\/booksfrommexico.com\/es\/producto\/punicion-y-rebeldia-de-los-negros-en-la-nueva-espana-en-los-siglos-xvi-y-xvii\/","name":"Punici\u00f3n y rebeld\u00eda en Nueva Espa\u00f1a - Books From Mexico","isPartOf":{"@id":"https:\/\/booksfrommexico.com\/#website"},"primaryImageOfPage":{"@id":"https:\/\/booksfrommexico.com\/es\/producto\/punicion-y-rebeldia-de-los-negros-en-la-nueva-espana-en-los-siglos-xvi-y-xvii\/#primaryimage"},"image":{"@id":"https:\/\/booksfrommexico.com\/es\/producto\/punicion-y-rebeldia-de-los-negros-en-la-nueva-espana-en-los-siglos-xvi-y-xvii\/#primaryimage"},"thumbnailUrl":"https:\/\/booksfrommexico.com\/app\/uploads\/2023\/05\/119589.jpeg","datePublished":"2023-05-08T16:15:46+00:00","dateModified":"2024-04-18T20:52:14+00:00","description":"Guadalupe Casta\u00f1on Gonz\u00e1lez. Veracruz: Instituto Veracruzano de la Cultura, 2002. ISBN 970687027X. Africanos tra\u00eddos a M\u00e9xico durante la colonia.","breadcrumb":{"@id":"https:\/\/booksfrommexico.com\/es\/producto\/punicion-y-rebeldia-de-los-negros-en-la-nueva-espana-en-los-siglos-xvi-y-xvii\/#breadcrumb"},"inLanguage":"es","potentialAction":[{"@type":"ReadAction","target":["https:\/\/booksfrommexico.com\/es\/producto\/punicion-y-rebeldia-de-los-negros-en-la-nueva-espana-en-los-siglos-xvi-y-xvii\/"]}]},{"@type":"ImageObject","inLanguage":"es","@id":"https:\/\/booksfrommexico.com\/es\/producto\/punicion-y-rebeldia-de-los-negros-en-la-nueva-espana-en-los-siglos-xvi-y-xvii\/#primaryimage","url":"https:\/\/booksfrommexico.com\/app\/uploads\/2023\/05\/119589.jpeg","contentUrl":"https:\/\/booksfrommexico.com\/app\/uploads\/2023\/05\/119589.jpeg","width":583,"height":881,"caption":"Punici\u00f3n y rebeld\u00eda de los negros en la Nueva Espa\u00f1a en los siglos XVI y XVII"},{"@type":"BreadcrumbList","@id":"https:\/\/booksfrommexico.com\/es\/producto\/punicion-y-rebeldia-de-los-negros-en-la-nueva-espana-en-los-siglos-xvi-y-xvii\/#breadcrumb","itemListElement":[{"@type":"ListItem","position":1,"name":"Home","item":"https:\/\/booksfrommexico.com\/es\/"},{"@type":"ListItem","position":2,"name":"Libros","item":"https:\/\/booksfrommexico.com\/es\/libros\/"},{"@type":"ListItem","position":3,"name":"Punici\u00f3n y rebeld\u00eda en Nueva Espa\u00f1a"}]},{"@type":"WebSite","@id":"https:\/\/booksfrommexico.com\/#website","url":"https:\/\/booksfrommexico.com\/","name":"Books From Mexico","description":"","publisher":{"@id":"https:\/\/booksfrommexico.com\/#organization"},"potentialAction":[{"@type":"SearchAction","target":{"@type":"EntryPoint","urlTemplate":"https:\/\/booksfrommexico.com\/?s={search_term_string}"},"query-input":{"@type":"PropertyValueSpecification","valueRequired":true,"valueName":"search_term_string"}}],"inLanguage":"es"},{"@type":"Organization","@id":"https:\/\/booksfrommexico.com\/#organization","name":"Books From Mexico","url":"https:\/\/booksfrommexico.com\/","logo":{"@type":"ImageObject","inLanguage":"es","@id":"https:\/\/booksfrommexico.com\/#\/schema\/logo\/image\/","url":"https:\/\/booksfrommexico.com\/app\/uploads\/2023\/05\/logo-booksfrommexico.svg","contentUrl":"https:\/\/booksfrommexico.com\/app\/uploads\/2023\/05\/logo-booksfrommexico.svg","width":86,"height":56,"caption":"Books From Mexico"},"image":{"@id":"https:\/\/booksfrommexico.com\/#\/schema\/logo\/image\/"}}]}},"_links":{"self":[{"href":"https:\/\/booksfrommexico.com\/es\/wp-json\/wp\/v2\/product\/185","targetHints":{"allow":["GET"]}}],"collection":[{"href":"https:\/\/booksfrommexico.com\/es\/wp-json\/wp\/v2\/product"}],"about":[{"href":"https:\/\/booksfrommexico.com\/es\/wp-json\/wp\/v2\/types\/product"}],"wp:featuredmedia":[{"embeddable":true,"href":"https:\/\/booksfrommexico.com\/es\/wp-json\/wp\/v2\/media\/184"}],"wp:attachment":[{"href":"https:\/\/booksfrommexico.com\/es\/wp-json\/wp\/v2\/media?parent=185"}],"wp:term":[{"taxonomy":"product_brand","embeddable":true,"href":"https:\/\/booksfrommexico.com\/es\/wp-json\/wp\/v2\/product_brand?post=185"},{"taxonomy":"product_cat","embeddable":true,"href":"https:\/\/booksfrommexico.com\/es\/wp-json\/wp\/v2\/product_cat?post=185"},{"taxonomy":"product_tag","embeddable":true,"href":"https:\/\/booksfrommexico.com\/es\/wp-json\/wp\/v2\/product_tag?post=185"}],"curies":[{"name":"wp","href":"https:\/\/api.w.org\/{rel}","templated":true}]}}