{"id":189,"date":"2023-05-08T16:16:20","date_gmt":"2023-05-08T16:16:20","guid":{"rendered":"http:\/\/booksfrommexico.com\/product\/historia-social-de-la-revolucion-cubana-1952-1959\/"},"modified":"2024-10-02T23:18:28","modified_gmt":"2024-10-02T23:18:28","slug":"historia-social-de-la-revolucion-cubana-1952-1959","status":"publish","type":"product","link":"https:\/\/booksfrommexico.com\/es\/producto\/historia-social-de-la-revolucion-cubana-1952-1959\/","title":{"rendered":"Historia social de la revoluci\u00f3n cubana, 1952-1959: Las clases olvidadas en el an\u00e1lisis hist\u00f3rico"},"content":{"rendered":"<p id=\"tw-target-text\" class=\"tw-data-text tw-text-large tw-ta\" dir=\"ltr\" data-placeholder=\"Traducci\u00f3n\" data-ved=\"2ahUKEwja-bOlr4qDAxXePkQIHYhLB1MQ3ewLegQIBRAQ\"><span style=\"font-weight: 400;\">Realizar una investigaci\u00f3n de la historia contempor\u00e1nea es complicado, ya que f\u00edsicamente vive el protagonista junto al historiador, lo que dificulta encontrar un tono imparcial y solemne al respecto de los hechos. Sin embargo, tambi\u00e9n ofrece otras ventajas, como el poder encontrar testimonios y evidencias de primera mano para construir un estudio m\u00e1s completo, como es el caso de este t\u00edtulo. Aqu\u00ed, el autor analiza la actitud y el papel que desempe\u00f1aron las clases sociales de obreros, campesinos y la burgues\u00eda azucarera en los a\u00f1os cincuenta, demostrando que el triunfo de la revoluci\u00f3n cubana se produjo, en funci\u00f3n de su realidad nacional, a trav\u00e9s de un desarrollo original de la lucha de clases. <\/span><\/p>\n","protected":false},"excerpt":{"rendered":"<p>HISTORIA SOCIAL DE LA REVOLUCI\u00d3N CUBANA, 1952-1959 : LAS CLASES OLVIDADAS EN EL AN\u00c1LISIS HIST\u00d3RICO<span style=\"font-weight: 400;\">. \/ Marcos Winocur. M\u00e9xico, D.F. : Universidad Nacional Aut\u00f3noma de M\u00e9xico , Facultad de Econom\u00eda, 1989. 170 pages : includes notes, bibliographic notes, tables ; 20 cm. ISBN : 8474230780. <\/span><\/p>\n","protected":false},"featured_media":188,"template":"","meta":{"_acf_changed":false,"inline_featured_image":false},"product_brand":[],"product_cat":[27,113,73],"product_tag":[3659,3849,3657,3799,3627],"class_list":{"0":"post-189","1":"product","2":"type-product","3":"status-publish","4":"has-post-thumbnail","6":"product_cat-historia","7":"product_cat-historia-social","8":"product_cat-revolucion-historia","9":"product_tag-condiciones-sociales","10":"product_tag-cuba","11":"product_tag-historia","12":"product_tag-historia-politica","13":"product_tag-politica-y-gobierno","15":"first","16":"instock","17":"sale","18":"taxable","19":"shipping-taxable","20":"purchasable","21":"product-type-simple"},"acf":[],"yoast_head":"<!-- This site is optimized with the Yoast SEO plugin v27.3 - https:\/\/yoast.com\/product\/yoast-seo-wordpress\/ -->\n<title>Historia social de la revoluci\u00f3n cubana: Las clases olvidadas...<\/title>\n<meta name=\"description\" content=\"HISTORIA SOCIAL DE LA REVOLUCI\u00d3N CUBANA, 1952-1959 : LAS CLASES OLVIDADAS EN EL AN\u00c1LISIS HIST\u00d3RICO. \/ Marcos Winocur. M\u00e9xico, D.F. : UNAM, 1989.\" \/>\n<meta name=\"robots\" content=\"index, follow, max-snippet:-1, max-image-preview:large, max-video-preview:-1\" \/>\n<link rel=\"canonical\" href=\"https:\/\/booksfrommexico.com\/es\/producto\/historia-social-de-la-revolucion-cubana-1952-1959\/\" \/>\n<meta property=\"og:locale\" content=\"es_ES\" \/>\n<meta property=\"og:type\" content=\"article\" \/>\n<meta property=\"og:title\" content=\"Historia social de la revoluci\u00f3n cubana: Las clases olvidadas...\" \/>\n<meta property=\"og:description\" content=\"HISTORIA SOCIAL DE LA REVOLUCI\u00d3N CUBANA, 1952-1959 : LAS CLASES OLVIDADAS EN EL AN\u00c1LISIS HIST\u00d3RICO. \/ Marcos Winocur. M\u00e9xico, D.F. : UNAM, 1989.\" \/>\n<meta property=\"og:url\" content=\"https:\/\/booksfrommexico.com\/es\/producto\/historia-social-de-la-revolucion-cubana-1952-1959\/\" \/>\n<meta property=\"og:site_name\" content=\"Books From Mexico\" \/>\n<meta property=\"article:modified_time\" content=\"2024-10-02T23:18:28+00:00\" \/>\n<meta property=\"og:image\" content=\"http:\/\/booksfrommexico.com\/app\/uploads\/2023\/05\/120331.jpeg\" \/>\n\t<meta property=\"og:image:width\" content=\"480\" \/>\n\t<meta property=\"og:image:height\" content=\"765\" \/>\n\t<meta property=\"og:image:type\" content=\"image\/jpeg\" \/>\n<meta name=\"twitter:card\" content=\"summary_large_image\" \/>\n<meta name=\"twitter:label1\" content=\"Tiempo de lectura\" \/>\n\t<meta name=\"twitter:data1\" content=\"1 minuto\" \/>\n<script type=\"application\/ld+json\" class=\"yoast-schema-graph\">{\"@context\":\"https:\\\/\\\/schema.org\",\"@graph\":[{\"@type\":\"WebPage\",\"@id\":\"https:\\\/\\\/booksfrommexico.com\\\/es\\\/producto\\\/historia-social-de-la-revolucion-cubana-1952-1959\\\/\",\"url\":\"https:\\\/\\\/booksfrommexico.com\\\/es\\\/producto\\\/historia-social-de-la-revolucion-cubana-1952-1959\\\/\",\"name\":\"Historia social de la revoluci\u00f3n cubana: Las clases olvidadas...\",\"isPartOf\":{\"@id\":\"https:\\\/\\\/booksfrommexico.com\\\/#website\"},\"primaryImageOfPage\":{\"@id\":\"https:\\\/\\\/booksfrommexico.com\\\/es\\\/producto\\\/historia-social-de-la-revolucion-cubana-1952-1959\\\/#primaryimage\"},\"image\":{\"@id\":\"https:\\\/\\\/booksfrommexico.com\\\/es\\\/producto\\\/historia-social-de-la-revolucion-cubana-1952-1959\\\/#primaryimage\"},\"thumbnailUrl\":\"https:\\\/\\\/booksfrommexico.com\\\/app\\\/uploads\\\/2023\\\/05\\\/120331.jpeg\",\"datePublished\":\"2023-05-08T16:16:20+00:00\",\"dateModified\":\"2024-10-02T23:18:28+00:00\",\"description\":\"HISTORIA SOCIAL DE LA REVOLUCI\u00d3N CUBANA, 1952-1959 : LAS CLASES OLVIDADAS EN EL AN\u00c1LISIS HIST\u00d3RICO. \\\/ Marcos Winocur. M\u00e9xico, D.F. : UNAM, 1989.\",\"breadcrumb\":{\"@id\":\"https:\\\/\\\/booksfrommexico.com\\\/es\\\/producto\\\/historia-social-de-la-revolucion-cubana-1952-1959\\\/#breadcrumb\"},\"inLanguage\":\"es\",\"potentialAction\":[{\"@type\":\"ReadAction\",\"target\":[\"https:\\\/\\\/booksfrommexico.com\\\/es\\\/producto\\\/historia-social-de-la-revolucion-cubana-1952-1959\\\/\"]}]},{\"@type\":\"ImageObject\",\"inLanguage\":\"es\",\"@id\":\"https:\\\/\\\/booksfrommexico.com\\\/es\\\/producto\\\/historia-social-de-la-revolucion-cubana-1952-1959\\\/#primaryimage\",\"url\":\"https:\\\/\\\/booksfrommexico.com\\\/app\\\/uploads\\\/2023\\\/05\\\/120331.jpeg\",\"contentUrl\":\"https:\\\/\\\/booksfrommexico.com\\\/app\\\/uploads\\\/2023\\\/05\\\/120331.jpeg\",\"width\":480,\"height\":765,\"caption\":\"Historia social de la revoluci\u00f3n cubana, 1952-1959\"},{\"@type\":\"BreadcrumbList\",\"@id\":\"https:\\\/\\\/booksfrommexico.com\\\/es\\\/producto\\\/historia-social-de-la-revolucion-cubana-1952-1959\\\/#breadcrumb\",\"itemListElement\":[{\"@type\":\"ListItem\",\"position\":1,\"name\":\"Home\",\"item\":\"https:\\\/\\\/booksfrommexico.com\\\/es\\\/\"},{\"@type\":\"ListItem\",\"position\":2,\"name\":\"Libros\",\"item\":\"https:\\\/\\\/booksfrommexico.com\\\/es\\\/libros\\\/\"},{\"@type\":\"ListItem\",\"position\":3,\"name\":\"Historia social de la revoluci\u00f3n cubana, 1952-1959: Las clases olvidadas en el an\u00e1lisis hist\u00f3rico\"}]},{\"@type\":\"WebSite\",\"@id\":\"https:\\\/\\\/booksfrommexico.com\\\/#website\",\"url\":\"https:\\\/\\\/booksfrommexico.com\\\/\",\"name\":\"Books From Mexico\",\"description\":\"\",\"publisher\":{\"@id\":\"https:\\\/\\\/booksfrommexico.com\\\/#organization\"},\"potentialAction\":[{\"@type\":\"SearchAction\",\"target\":{\"@type\":\"EntryPoint\",\"urlTemplate\":\"https:\\\/\\\/booksfrommexico.com\\\/?s={search_term_string}\"},\"query-input\":{\"@type\":\"PropertyValueSpecification\",\"valueRequired\":true,\"valueName\":\"search_term_string\"}}],\"inLanguage\":\"es\"},{\"@type\":\"Organization\",\"@id\":\"https:\\\/\\\/booksfrommexico.com\\\/#organization\",\"name\":\"Books From Mexico\",\"url\":\"https:\\\/\\\/booksfrommexico.com\\\/\",\"logo\":{\"@type\":\"ImageObject\",\"inLanguage\":\"es\",\"@id\":\"https:\\\/\\\/booksfrommexico.com\\\/#\\\/schema\\\/logo\\\/image\\\/\",\"url\":\"https:\\\/\\\/booksfrommexico.com\\\/app\\\/uploads\\\/2023\\\/05\\\/logo-booksfrommexico.svg\",\"contentUrl\":\"https:\\\/\\\/booksfrommexico.com\\\/app\\\/uploads\\\/2023\\\/05\\\/logo-booksfrommexico.svg\",\"width\":86,\"height\":56,\"caption\":\"Books From Mexico\"},\"image\":{\"@id\":\"https:\\\/\\\/booksfrommexico.com\\\/#\\\/schema\\\/logo\\\/image\\\/\"}}]}<\/script>\n<!-- \/ Yoast SEO plugin. -->","yoast_head_json":{"title":"Historia social de la revoluci\u00f3n cubana: Las clases olvidadas...","description":"HISTORIA SOCIAL DE LA REVOLUCI\u00d3N CUBANA, 1952-1959 : LAS CLASES OLVIDADAS EN EL AN\u00c1LISIS HIST\u00d3RICO. \/ Marcos Winocur. M\u00e9xico, D.F. : UNAM, 1989.","robots":{"index":"index","follow":"follow","max-snippet":"max-snippet:-1","max-image-preview":"max-image-preview:large","max-video-preview":"max-video-preview:-1"},"canonical":"https:\/\/booksfrommexico.com\/es\/producto\/historia-social-de-la-revolucion-cubana-1952-1959\/","og_locale":"es_ES","og_type":"article","og_title":"Historia social de la revoluci\u00f3n cubana: Las clases olvidadas...","og_description":"HISTORIA SOCIAL DE LA REVOLUCI\u00d3N CUBANA, 1952-1959 : LAS CLASES OLVIDADAS EN EL AN\u00c1LISIS HIST\u00d3RICO. \/ Marcos Winocur. M\u00e9xico, D.F. : UNAM, 1989.","og_url":"https:\/\/booksfrommexico.com\/es\/producto\/historia-social-de-la-revolucion-cubana-1952-1959\/","og_site_name":"Books From Mexico","article_modified_time":"2024-10-02T23:18:28+00:00","og_image":[{"width":480,"height":765,"url":"http:\/\/booksfrommexico.com\/app\/uploads\/2023\/05\/120331.jpeg","type":"image\/jpeg"}],"twitter_card":"summary_large_image","twitter_misc":{"Tiempo de lectura":"1 minuto"},"schema":{"@context":"https:\/\/schema.org","@graph":[{"@type":"WebPage","@id":"https:\/\/booksfrommexico.com\/es\/producto\/historia-social-de-la-revolucion-cubana-1952-1959\/","url":"https:\/\/booksfrommexico.com\/es\/producto\/historia-social-de-la-revolucion-cubana-1952-1959\/","name":"Historia social de la revoluci\u00f3n cubana: Las clases olvidadas...","isPartOf":{"@id":"https:\/\/booksfrommexico.com\/#website"},"primaryImageOfPage":{"@id":"https:\/\/booksfrommexico.com\/es\/producto\/historia-social-de-la-revolucion-cubana-1952-1959\/#primaryimage"},"image":{"@id":"https:\/\/booksfrommexico.com\/es\/producto\/historia-social-de-la-revolucion-cubana-1952-1959\/#primaryimage"},"thumbnailUrl":"https:\/\/booksfrommexico.com\/app\/uploads\/2023\/05\/120331.jpeg","datePublished":"2023-05-08T16:16:20+00:00","dateModified":"2024-10-02T23:18:28+00:00","description":"HISTORIA SOCIAL DE LA REVOLUCI\u00d3N CUBANA, 1952-1959 : LAS CLASES OLVIDADAS EN EL AN\u00c1LISIS HIST\u00d3RICO. \/ Marcos Winocur. M\u00e9xico, D.F. : UNAM, 1989.","breadcrumb":{"@id":"https:\/\/booksfrommexico.com\/es\/producto\/historia-social-de-la-revolucion-cubana-1952-1959\/#breadcrumb"},"inLanguage":"es","potentialAction":[{"@type":"ReadAction","target":["https:\/\/booksfrommexico.com\/es\/producto\/historia-social-de-la-revolucion-cubana-1952-1959\/"]}]},{"@type":"ImageObject","inLanguage":"es","@id":"https:\/\/booksfrommexico.com\/es\/producto\/historia-social-de-la-revolucion-cubana-1952-1959\/#primaryimage","url":"https:\/\/booksfrommexico.com\/app\/uploads\/2023\/05\/120331.jpeg","contentUrl":"https:\/\/booksfrommexico.com\/app\/uploads\/2023\/05\/120331.jpeg","width":480,"height":765,"caption":"Historia social de la revoluci\u00f3n cubana, 1952-1959"},{"@type":"BreadcrumbList","@id":"https:\/\/booksfrommexico.com\/es\/producto\/historia-social-de-la-revolucion-cubana-1952-1959\/#breadcrumb","itemListElement":[{"@type":"ListItem","position":1,"name":"Home","item":"https:\/\/booksfrommexico.com\/es\/"},{"@type":"ListItem","position":2,"name":"Libros","item":"https:\/\/booksfrommexico.com\/es\/libros\/"},{"@type":"ListItem","position":3,"name":"Historia social de la revoluci\u00f3n cubana, 1952-1959: Las clases olvidadas en el an\u00e1lisis hist\u00f3rico"}]},{"@type":"WebSite","@id":"https:\/\/booksfrommexico.com\/#website","url":"https:\/\/booksfrommexico.com\/","name":"Books From Mexico","description":"","publisher":{"@id":"https:\/\/booksfrommexico.com\/#organization"},"potentialAction":[{"@type":"SearchAction","target":{"@type":"EntryPoint","urlTemplate":"https:\/\/booksfrommexico.com\/?s={search_term_string}"},"query-input":{"@type":"PropertyValueSpecification","valueRequired":true,"valueName":"search_term_string"}}],"inLanguage":"es"},{"@type":"Organization","@id":"https:\/\/booksfrommexico.com\/#organization","name":"Books From Mexico","url":"https:\/\/booksfrommexico.com\/","logo":{"@type":"ImageObject","inLanguage":"es","@id":"https:\/\/booksfrommexico.com\/#\/schema\/logo\/image\/","url":"https:\/\/booksfrommexico.com\/app\/uploads\/2023\/05\/logo-booksfrommexico.svg","contentUrl":"https:\/\/booksfrommexico.com\/app\/uploads\/2023\/05\/logo-booksfrommexico.svg","width":86,"height":56,"caption":"Books From Mexico"},"image":{"@id":"https:\/\/booksfrommexico.com\/#\/schema\/logo\/image\/"}}]}},"_links":{"self":[{"href":"https:\/\/booksfrommexico.com\/es\/wp-json\/wp\/v2\/product\/189","targetHints":{"allow":["GET"]}}],"collection":[{"href":"https:\/\/booksfrommexico.com\/es\/wp-json\/wp\/v2\/product"}],"about":[{"href":"https:\/\/booksfrommexico.com\/es\/wp-json\/wp\/v2\/types\/product"}],"wp:featuredmedia":[{"embeddable":true,"href":"https:\/\/booksfrommexico.com\/es\/wp-json\/wp\/v2\/media\/188"}],"wp:attachment":[{"href":"https:\/\/booksfrommexico.com\/es\/wp-json\/wp\/v2\/media?parent=189"}],"wp:term":[{"taxonomy":"product_brand","embeddable":true,"href":"https:\/\/booksfrommexico.com\/es\/wp-json\/wp\/v2\/product_brand?post=189"},{"taxonomy":"product_cat","embeddable":true,"href":"https:\/\/booksfrommexico.com\/es\/wp-json\/wp\/v2\/product_cat?post=189"},{"taxonomy":"product_tag","embeddable":true,"href":"https:\/\/booksfrommexico.com\/es\/wp-json\/wp\/v2\/product_tag?post=189"}],"curies":[{"name":"wp","href":"https:\/\/api.w.org\/{rel}","templated":true}]}}