{"id":191,"date":"2023-05-08T16:16:22","date_gmt":"2023-05-08T16:16:22","guid":{"rendered":"http:\/\/booksfrommexico.com\/product\/la-memoria-de-las-olvidadas-las-mujeres-asesinadas-en-ciudad-juarez\/"},"modified":"2024-10-02T23:18:37","modified_gmt":"2024-10-02T23:18:37","slug":"la-memoria-de-las-olvidadas-las-mujeres-asesinadas-en-ciudad-juarez","status":"publish","type":"product","link":"https:\/\/booksfrommexico.com\/es\/producto\/la-memoria-de-las-olvidadas-las-mujeres-asesinadas-en-ciudad-juarez\/","title":{"rendered":"La memoria de las olvidadas: Las mujeres asesinadas en Ciudad Ju\u00e1rez"},"content":{"rendered":"<p><span style=\"font-weight: 400;\">Los trabajos que aqu\u00ed se presentan fueron recuperados de la mesa redonda \u201cViolencia y Muerte en Ciudad Ju\u00e1rez\u201d, organizada por el Instituto de Investigaciones Jur\u00eddicas de la UNAM, los cuales analizaron desde un punto de vista multidisciplinario, los no resueltos casos de mujeres asesinadas en Ciudad Ju\u00e1rez, Chihuahua. Las perspectivas expuestas, desde diversos enfoques disciplinarios, permite que haya un an\u00e1lisis m\u00e1s completo acerca del fen\u00f3meno denominado \u201cLa muertas de Ju\u00e1rez\u201d. A lo largo de los estudios, se exponen elementos que evidencian no solamente la violaci\u00f3n de los derechos humanos de las v\u00edctimas y sus familiares, sino el clima de violencia e impunidad que se vive en esa regi\u00f3n. <\/span><\/p>\n","protected":false},"excerpt":{"rendered":"<p>LA MEMORIA DE LAS OLVIDADAS : LAS MUJERES ASESINADAS EN CIUDAD JU\u00c1REZ<span style=\"font-weight: 400;\">. \/ Rosa Mar\u00eda Alvarez de Lara (coordinator). M\u00e9xico, D.F. : Universidad Nacional Aut\u00f3noma de M\u00e9xico , Instituto de Investigaciones Jur\u00eddicas, 2003. 135 pages : includes tables, chart, notes, references, bibliographic references ; 16 cm. (Serie Ensayos Jur\u00eddicos). ISBN : 9703208924. <\/span><\/p>\n","protected":false},"featured_media":190,"template":"","meta":{"_acf_changed":false,"inline_featured_image":false},"product_brand":[],"product_cat":[78,217,699],"product_tag":[3788,3673,4101,3675,4422],"class_list":{"0":"post-191","1":"product","2":"type-product","3":"status-publish","4":"has-post-thumbnail","6":"product_cat-sociologia","7":"product_cat-violencia-contra-las-mujeres-estudios-de-genero","8":"product_cat-violencia-en-la-sociedad-sociologia","9":"product_tag-chihuahua-mexico","10":"product_tag-delitos-contra-mujeres","11":"product_tag-mujeres-es","12":"product_tag-mujeres-maltratadas","13":"product_tag-violencia-de-genero","15":"first","16":"instock","17":"sale","18":"taxable","19":"shipping-taxable","20":"purchasable","21":"product-type-simple"},"acf":[],"yoast_head":"<!-- This site is optimized with the Yoast SEO plugin v27.3 - https:\/\/yoast.com\/product\/yoast-seo-wordpress\/ -->\n<title>La memoria de las olvidadas<\/title>\n<meta name=\"description\" content=\"LA MEMORIA DE LAS OLVIDADAS : LAS MUJERES ASESINADAS EN CIUDAD JU\u00c1REZ. \/ Rosa Mar\u00eda Alvarez de Lara (coordinator).UNAM, 2003. (Serie Ensayos Jur\u00eddicos).\" \/>\n<meta name=\"robots\" content=\"index, follow, max-snippet:-1, max-image-preview:large, max-video-preview:-1\" \/>\n<link rel=\"canonical\" href=\"https:\/\/booksfrommexico.com\/es\/producto\/la-memoria-de-las-olvidadas-las-mujeres-asesinadas-en-ciudad-juarez\/\" \/>\n<meta property=\"og:locale\" content=\"es_ES\" \/>\n<meta property=\"og:type\" content=\"article\" \/>\n<meta property=\"og:title\" content=\"La memoria de las olvidadas\" \/>\n<meta property=\"og:description\" content=\"LA MEMORIA DE LAS OLVIDADAS : LAS MUJERES ASESINADAS EN CIUDAD JU\u00c1REZ. \/ Rosa Mar\u00eda Alvarez de Lara (coordinator).UNAM, 2003. (Serie Ensayos Jur\u00eddicos).\" \/>\n<meta property=\"og:url\" content=\"https:\/\/booksfrommexico.com\/es\/producto\/la-memoria-de-las-olvidadas-las-mujeres-asesinadas-en-ciudad-juarez\/\" \/>\n<meta property=\"og:site_name\" content=\"Books From Mexico\" \/>\n<meta property=\"article:modified_time\" content=\"2024-10-02T23:18:37+00:00\" \/>\n<meta property=\"og:image\" content=\"http:\/\/booksfrommexico.com\/app\/uploads\/2023\/05\/120356.jpeg\" \/>\n\t<meta property=\"og:image:width\" content=\"418\" \/>\n\t<meta property=\"og:image:height\" content=\"616\" \/>\n\t<meta property=\"og:image:type\" content=\"image\/jpeg\" \/>\n<meta name=\"twitter:card\" content=\"summary_large_image\" \/>\n<meta name=\"twitter:label1\" content=\"Tiempo de lectura\" \/>\n\t<meta name=\"twitter:data1\" content=\"1 minuto\" \/>\n<script type=\"application\/ld+json\" class=\"yoast-schema-graph\">{\"@context\":\"https:\\\/\\\/schema.org\",\"@graph\":[{\"@type\":\"WebPage\",\"@id\":\"https:\\\/\\\/booksfrommexico.com\\\/es\\\/producto\\\/la-memoria-de-las-olvidadas-las-mujeres-asesinadas-en-ciudad-juarez\\\/\",\"url\":\"https:\\\/\\\/booksfrommexico.com\\\/es\\\/producto\\\/la-memoria-de-las-olvidadas-las-mujeres-asesinadas-en-ciudad-juarez\\\/\",\"name\":\"La memoria de las olvidadas\",\"isPartOf\":{\"@id\":\"https:\\\/\\\/booksfrommexico.com\\\/#website\"},\"primaryImageOfPage\":{\"@id\":\"https:\\\/\\\/booksfrommexico.com\\\/es\\\/producto\\\/la-memoria-de-las-olvidadas-las-mujeres-asesinadas-en-ciudad-juarez\\\/#primaryimage\"},\"image\":{\"@id\":\"https:\\\/\\\/booksfrommexico.com\\\/es\\\/producto\\\/la-memoria-de-las-olvidadas-las-mujeres-asesinadas-en-ciudad-juarez\\\/#primaryimage\"},\"thumbnailUrl\":\"https:\\\/\\\/booksfrommexico.com\\\/app\\\/uploads\\\/2023\\\/05\\\/120356.jpeg\",\"datePublished\":\"2023-05-08T16:16:22+00:00\",\"dateModified\":\"2024-10-02T23:18:37+00:00\",\"description\":\"LA MEMORIA DE LAS OLVIDADAS : LAS MUJERES ASESINADAS EN CIUDAD JU\u00c1REZ. \\\/ Rosa Mar\u00eda Alvarez de Lara (coordinator).UNAM, 2003. (Serie Ensayos Jur\u00eddicos).\",\"breadcrumb\":{\"@id\":\"https:\\\/\\\/booksfrommexico.com\\\/es\\\/producto\\\/la-memoria-de-las-olvidadas-las-mujeres-asesinadas-en-ciudad-juarez\\\/#breadcrumb\"},\"inLanguage\":\"es\",\"potentialAction\":[{\"@type\":\"ReadAction\",\"target\":[\"https:\\\/\\\/booksfrommexico.com\\\/es\\\/producto\\\/la-memoria-de-las-olvidadas-las-mujeres-asesinadas-en-ciudad-juarez\\\/\"]}]},{\"@type\":\"ImageObject\",\"inLanguage\":\"es\",\"@id\":\"https:\\\/\\\/booksfrommexico.com\\\/es\\\/producto\\\/la-memoria-de-las-olvidadas-las-mujeres-asesinadas-en-ciudad-juarez\\\/#primaryimage\",\"url\":\"https:\\\/\\\/booksfrommexico.com\\\/app\\\/uploads\\\/2023\\\/05\\\/120356.jpeg\",\"contentUrl\":\"https:\\\/\\\/booksfrommexico.com\\\/app\\\/uploads\\\/2023\\\/05\\\/120356.jpeg\",\"width\":418,\"height\":616,\"caption\":\"La Memoria de las olvidadas Las mujeres asesinadas en Ciudad Ju\u00e1rez\"},{\"@type\":\"BreadcrumbList\",\"@id\":\"https:\\\/\\\/booksfrommexico.com\\\/es\\\/producto\\\/la-memoria-de-las-olvidadas-las-mujeres-asesinadas-en-ciudad-juarez\\\/#breadcrumb\",\"itemListElement\":[{\"@type\":\"ListItem\",\"position\":1,\"name\":\"Home\",\"item\":\"https:\\\/\\\/booksfrommexico.com\\\/es\\\/\"},{\"@type\":\"ListItem\",\"position\":2,\"name\":\"Libros\",\"item\":\"https:\\\/\\\/booksfrommexico.com\\\/es\\\/libros\\\/\"},{\"@type\":\"ListItem\",\"position\":3,\"name\":\"La memoria de las olvidadas: Las mujeres asesinadas en Ciudad Ju\u00e1rez\"}]},{\"@type\":\"WebSite\",\"@id\":\"https:\\\/\\\/booksfrommexico.com\\\/#website\",\"url\":\"https:\\\/\\\/booksfrommexico.com\\\/\",\"name\":\"Books From Mexico\",\"description\":\"\",\"publisher\":{\"@id\":\"https:\\\/\\\/booksfrommexico.com\\\/#organization\"},\"potentialAction\":[{\"@type\":\"SearchAction\",\"target\":{\"@type\":\"EntryPoint\",\"urlTemplate\":\"https:\\\/\\\/booksfrommexico.com\\\/?s={search_term_string}\"},\"query-input\":{\"@type\":\"PropertyValueSpecification\",\"valueRequired\":true,\"valueName\":\"search_term_string\"}}],\"inLanguage\":\"es\"},{\"@type\":\"Organization\",\"@id\":\"https:\\\/\\\/booksfrommexico.com\\\/#organization\",\"name\":\"Books From Mexico\",\"url\":\"https:\\\/\\\/booksfrommexico.com\\\/\",\"logo\":{\"@type\":\"ImageObject\",\"inLanguage\":\"es\",\"@id\":\"https:\\\/\\\/booksfrommexico.com\\\/#\\\/schema\\\/logo\\\/image\\\/\",\"url\":\"https:\\\/\\\/booksfrommexico.com\\\/app\\\/uploads\\\/2023\\\/05\\\/logo-booksfrommexico.svg\",\"contentUrl\":\"https:\\\/\\\/booksfrommexico.com\\\/app\\\/uploads\\\/2023\\\/05\\\/logo-booksfrommexico.svg\",\"width\":86,\"height\":56,\"caption\":\"Books From Mexico\"},\"image\":{\"@id\":\"https:\\\/\\\/booksfrommexico.com\\\/#\\\/schema\\\/logo\\\/image\\\/\"}}]}<\/script>\n<!-- \/ Yoast SEO plugin. -->","yoast_head_json":{"title":"La memoria de las olvidadas","description":"LA MEMORIA DE LAS OLVIDADAS : LAS MUJERES ASESINADAS EN CIUDAD JU\u00c1REZ. \/ Rosa Mar\u00eda Alvarez de Lara (coordinator).UNAM, 2003. (Serie Ensayos Jur\u00eddicos).","robots":{"index":"index","follow":"follow","max-snippet":"max-snippet:-1","max-image-preview":"max-image-preview:large","max-video-preview":"max-video-preview:-1"},"canonical":"https:\/\/booksfrommexico.com\/es\/producto\/la-memoria-de-las-olvidadas-las-mujeres-asesinadas-en-ciudad-juarez\/","og_locale":"es_ES","og_type":"article","og_title":"La memoria de las olvidadas","og_description":"LA MEMORIA DE LAS OLVIDADAS : LAS MUJERES ASESINADAS EN CIUDAD JU\u00c1REZ. \/ Rosa Mar\u00eda Alvarez de Lara (coordinator).UNAM, 2003. (Serie Ensayos Jur\u00eddicos).","og_url":"https:\/\/booksfrommexico.com\/es\/producto\/la-memoria-de-las-olvidadas-las-mujeres-asesinadas-en-ciudad-juarez\/","og_site_name":"Books From Mexico","article_modified_time":"2024-10-02T23:18:37+00:00","og_image":[{"width":418,"height":616,"url":"http:\/\/booksfrommexico.com\/app\/uploads\/2023\/05\/120356.jpeg","type":"image\/jpeg"}],"twitter_card":"summary_large_image","twitter_misc":{"Tiempo de lectura":"1 minuto"},"schema":{"@context":"https:\/\/schema.org","@graph":[{"@type":"WebPage","@id":"https:\/\/booksfrommexico.com\/es\/producto\/la-memoria-de-las-olvidadas-las-mujeres-asesinadas-en-ciudad-juarez\/","url":"https:\/\/booksfrommexico.com\/es\/producto\/la-memoria-de-las-olvidadas-las-mujeres-asesinadas-en-ciudad-juarez\/","name":"La memoria de las olvidadas","isPartOf":{"@id":"https:\/\/booksfrommexico.com\/#website"},"primaryImageOfPage":{"@id":"https:\/\/booksfrommexico.com\/es\/producto\/la-memoria-de-las-olvidadas-las-mujeres-asesinadas-en-ciudad-juarez\/#primaryimage"},"image":{"@id":"https:\/\/booksfrommexico.com\/es\/producto\/la-memoria-de-las-olvidadas-las-mujeres-asesinadas-en-ciudad-juarez\/#primaryimage"},"thumbnailUrl":"https:\/\/booksfrommexico.com\/app\/uploads\/2023\/05\/120356.jpeg","datePublished":"2023-05-08T16:16:22+00:00","dateModified":"2024-10-02T23:18:37+00:00","description":"LA MEMORIA DE LAS OLVIDADAS : LAS MUJERES ASESINADAS EN CIUDAD JU\u00c1REZ. \/ Rosa Mar\u00eda Alvarez de Lara (coordinator).UNAM, 2003. (Serie Ensayos Jur\u00eddicos).","breadcrumb":{"@id":"https:\/\/booksfrommexico.com\/es\/producto\/la-memoria-de-las-olvidadas-las-mujeres-asesinadas-en-ciudad-juarez\/#breadcrumb"},"inLanguage":"es","potentialAction":[{"@type":"ReadAction","target":["https:\/\/booksfrommexico.com\/es\/producto\/la-memoria-de-las-olvidadas-las-mujeres-asesinadas-en-ciudad-juarez\/"]}]},{"@type":"ImageObject","inLanguage":"es","@id":"https:\/\/booksfrommexico.com\/es\/producto\/la-memoria-de-las-olvidadas-las-mujeres-asesinadas-en-ciudad-juarez\/#primaryimage","url":"https:\/\/booksfrommexico.com\/app\/uploads\/2023\/05\/120356.jpeg","contentUrl":"https:\/\/booksfrommexico.com\/app\/uploads\/2023\/05\/120356.jpeg","width":418,"height":616,"caption":"La Memoria de las olvidadas Las mujeres asesinadas en Ciudad Ju\u00e1rez"},{"@type":"BreadcrumbList","@id":"https:\/\/booksfrommexico.com\/es\/producto\/la-memoria-de-las-olvidadas-las-mujeres-asesinadas-en-ciudad-juarez\/#breadcrumb","itemListElement":[{"@type":"ListItem","position":1,"name":"Home","item":"https:\/\/booksfrommexico.com\/es\/"},{"@type":"ListItem","position":2,"name":"Libros","item":"https:\/\/booksfrommexico.com\/es\/libros\/"},{"@type":"ListItem","position":3,"name":"La memoria de las olvidadas: Las mujeres asesinadas en Ciudad Ju\u00e1rez"}]},{"@type":"WebSite","@id":"https:\/\/booksfrommexico.com\/#website","url":"https:\/\/booksfrommexico.com\/","name":"Books From Mexico","description":"","publisher":{"@id":"https:\/\/booksfrommexico.com\/#organization"},"potentialAction":[{"@type":"SearchAction","target":{"@type":"EntryPoint","urlTemplate":"https:\/\/booksfrommexico.com\/?s={search_term_string}"},"query-input":{"@type":"PropertyValueSpecification","valueRequired":true,"valueName":"search_term_string"}}],"inLanguage":"es"},{"@type":"Organization","@id":"https:\/\/booksfrommexico.com\/#organization","name":"Books From Mexico","url":"https:\/\/booksfrommexico.com\/","logo":{"@type":"ImageObject","inLanguage":"es","@id":"https:\/\/booksfrommexico.com\/#\/schema\/logo\/image\/","url":"https:\/\/booksfrommexico.com\/app\/uploads\/2023\/05\/logo-booksfrommexico.svg","contentUrl":"https:\/\/booksfrommexico.com\/app\/uploads\/2023\/05\/logo-booksfrommexico.svg","width":86,"height":56,"caption":"Books From Mexico"},"image":{"@id":"https:\/\/booksfrommexico.com\/#\/schema\/logo\/image\/"}}]}},"_links":{"self":[{"href":"https:\/\/booksfrommexico.com\/es\/wp-json\/wp\/v2\/product\/191","targetHints":{"allow":["GET"]}}],"collection":[{"href":"https:\/\/booksfrommexico.com\/es\/wp-json\/wp\/v2\/product"}],"about":[{"href":"https:\/\/booksfrommexico.com\/es\/wp-json\/wp\/v2\/types\/product"}],"wp:featuredmedia":[{"embeddable":true,"href":"https:\/\/booksfrommexico.com\/es\/wp-json\/wp\/v2\/media\/190"}],"wp:attachment":[{"href":"https:\/\/booksfrommexico.com\/es\/wp-json\/wp\/v2\/media?parent=191"}],"wp:term":[{"taxonomy":"product_brand","embeddable":true,"href":"https:\/\/booksfrommexico.com\/es\/wp-json\/wp\/v2\/product_brand?post=191"},{"taxonomy":"product_cat","embeddable":true,"href":"https:\/\/booksfrommexico.com\/es\/wp-json\/wp\/v2\/product_cat?post=191"},{"taxonomy":"product_tag","embeddable":true,"href":"https:\/\/booksfrommexico.com\/es\/wp-json\/wp\/v2\/product_tag?post=191"}],"curies":[{"name":"wp","href":"https:\/\/api.w.org\/{rel}","templated":true}]}}