{"id":193,"date":"2023-05-08T16:16:34","date_gmt":"2023-05-08T16:16:34","guid":{"rendered":"http:\/\/booksfrommexico.com\/product\/historias-y-palabras-de-los-antepasados-investigacion-y-devolucion-social-de-la-informacion-antropologica\/"},"modified":"2024-10-02T23:18:55","modified_gmt":"2024-10-02T23:18:55","slug":"historias-y-palabras-de-los-antepasados-investigacion-y-devolucion-social-de-la-informacion-antropologica","status":"publish","type":"product","link":"https:\/\/booksfrommexico.com\/es\/producto\/historias-y-palabras-de-los-antepasados-investigacion-y-devolucion-social-de-la-informacion-antropologica\/","title":{"rendered":"Historias y palabras de los antepasados: Investigaci\u00f3n y devoluci\u00f3n social de la informaci\u00f3n antropol\u00f3gica"},"content":{"rendered":"<p id=\"tw-target-text\" class=\"tw-data-text tw-text-large tw-ta\" dir=\"ltr\" data-placeholder=\"Traducci\u00f3n\" data-ved=\"2ahUKEwja-bOlr4qDAxXePkQIHYhLB1MQ3ewLegQIBRAQ\"><span style=\"font-weight: 400;\">Este es el resultado de un proyecto creado para investigar y lograr la retribuci\u00f3n social por parte de los autores de la informaci\u00f3n antropol\u00f3gica proporcionada por diversos grupos minoritarios, \u00e9tnicos e ind\u00edgenas en Oaxaca. Gran parte de los conocimientos ind\u00edgenas est\u00e1n atesorados en la tradici\u00f3n oral de cada cultura y expresados en los t\u00e9rminos de cada lengua, es por ello que este estudio busca dar a conocer y valorar el pasado de la tradici\u00f3n oral. Aqu\u00ed se recuperan narraciones antiguas, con lo que se pretende contribuir a la consolidaci\u00f3n cultural de los pueblos y ofrecerlo a generaciones futuras con ra\u00edces s\u00f3lidas. <\/span><\/p>\n","protected":false},"excerpt":{"rendered":"<p>HISTORIAS Y PALABRAS DE LOS ANTEPASADOS : INVESTIGACI\u00d3N Y DEVOLUCI\u00d3N SOCIAL DE LA INFORMACI\u00d3N ANTROPOL\u00d3GICA<span style=\"font-weight: 400;\">. \/ Alicia M. Barabas, Miguel A. Bartolom\u00e9. Oaxaca, M\u00e9xico : Gobierno del Estado de Oaxaca , Secretar\u00eda de Asuntos Ind\u00edgenas, 2003. 328 pages : includes photos, illustrations, maps, notes, bibliography at the end of each chapter ; 22 cm. <\/span><\/p>\n","protected":false},"featured_media":192,"template":"","meta":{"_acf_changed":false,"inline_featured_image":false},"product_brand":[],"product_cat":[19,66,372],"product_tag":[4054,3607,3797,4481,3608],"class_list":{"0":"post-193","1":"product","2":"type-product","3":"status-publish","4":"has-post-thumbnail","6":"product_cat-antropologia","7":"product_cat-sociocultural","8":"product_cat-tradiciones-culturales","9":"product_tag-antropologia-es","10":"product_tag-historia-local","11":"product_tag-oaxaca-mexico","12":"product_tag-tradicion-y-costumbres","13":"product_tag-vida-social-y-costumbres","15":"first","16":"instock","17":"sale","18":"taxable","19":"shipping-taxable","20":"purchasable","21":"product-type-simple"},"acf":[],"yoast_head":"<!-- This site is optimized with the Yoast SEO plugin v27.3 - https:\/\/yoast.com\/product\/yoast-seo-wordpress\/ -->\n<title>Historias y palabras de los antepasados<\/title>\n<meta name=\"description\" content=\"HISTORIAS Y PALABRAS DE LOS ANTEPASADOS : INVESTIGACI\u00d3N Y DEVOLUCI\u00d3N SOCIAL DE LA INFORMACI\u00d3N ANTROPOL\u00d3GICA. \/ Alicia M. Barabas, Miguel A. Bartolom\u00e9. 2003.\" \/>\n<meta name=\"robots\" content=\"index, follow, max-snippet:-1, max-image-preview:large, max-video-preview:-1\" \/>\n<link rel=\"canonical\" href=\"https:\/\/booksfrommexico.com\/es\/producto\/historias-y-palabras-de-los-antepasados-investigacion-y-devolucion-social-de-la-informacion-antropologica\/\" \/>\n<meta property=\"og:locale\" content=\"es_ES\" \/>\n<meta property=\"og:type\" content=\"article\" \/>\n<meta property=\"og:title\" content=\"Historias y palabras de los antepasados\" \/>\n<meta property=\"og:description\" content=\"HISTORIAS Y PALABRAS DE LOS ANTEPASADOS : INVESTIGACI\u00d3N Y DEVOLUCI\u00d3N SOCIAL DE LA INFORMACI\u00d3N ANTROPOL\u00d3GICA. \/ Alicia M. Barabas, Miguel A. Bartolom\u00e9. 2003.\" \/>\n<meta property=\"og:url\" content=\"https:\/\/booksfrommexico.com\/es\/producto\/historias-y-palabras-de-los-antepasados-investigacion-y-devolucion-social-de-la-informacion-antropologica\/\" \/>\n<meta property=\"og:site_name\" content=\"Books From Mexico\" \/>\n<meta property=\"article:modified_time\" content=\"2024-10-02T23:18:55+00:00\" \/>\n<meta property=\"og:image\" content=\"http:\/\/booksfrommexico.com\/app\/uploads\/2023\/05\/120379.jpeg\" \/>\n\t<meta property=\"og:image:width\" content=\"604\" \/>\n\t<meta property=\"og:image:height\" content=\"849\" \/>\n\t<meta property=\"og:image:type\" content=\"image\/jpeg\" \/>\n<meta name=\"twitter:card\" content=\"summary_large_image\" \/>\n<meta name=\"twitter:label1\" content=\"Tiempo de lectura\" \/>\n\t<meta name=\"twitter:data1\" content=\"1 minuto\" \/>\n<script type=\"application\/ld+json\" class=\"yoast-schema-graph\">{\"@context\":\"https:\\\/\\\/schema.org\",\"@graph\":[{\"@type\":\"WebPage\",\"@id\":\"https:\\\/\\\/booksfrommexico.com\\\/es\\\/producto\\\/historias-y-palabras-de-los-antepasados-investigacion-y-devolucion-social-de-la-informacion-antropologica\\\/\",\"url\":\"https:\\\/\\\/booksfrommexico.com\\\/es\\\/producto\\\/historias-y-palabras-de-los-antepasados-investigacion-y-devolucion-social-de-la-informacion-antropologica\\\/\",\"name\":\"Historias y palabras de los antepasados\",\"isPartOf\":{\"@id\":\"https:\\\/\\\/booksfrommexico.com\\\/#website\"},\"primaryImageOfPage\":{\"@id\":\"https:\\\/\\\/booksfrommexico.com\\\/es\\\/producto\\\/historias-y-palabras-de-los-antepasados-investigacion-y-devolucion-social-de-la-informacion-antropologica\\\/#primaryimage\"},\"image\":{\"@id\":\"https:\\\/\\\/booksfrommexico.com\\\/es\\\/producto\\\/historias-y-palabras-de-los-antepasados-investigacion-y-devolucion-social-de-la-informacion-antropologica\\\/#primaryimage\"},\"thumbnailUrl\":\"https:\\\/\\\/booksfrommexico.com\\\/app\\\/uploads\\\/2023\\\/05\\\/120379.jpeg\",\"datePublished\":\"2023-05-08T16:16:34+00:00\",\"dateModified\":\"2024-10-02T23:18:55+00:00\",\"description\":\"HISTORIAS Y PALABRAS DE LOS ANTEPASADOS : INVESTIGACI\u00d3N Y DEVOLUCI\u00d3N SOCIAL DE LA INFORMACI\u00d3N ANTROPOL\u00d3GICA. \\\/ Alicia M. Barabas, Miguel A. Bartolom\u00e9. 2003.\",\"breadcrumb\":{\"@id\":\"https:\\\/\\\/booksfrommexico.com\\\/es\\\/producto\\\/historias-y-palabras-de-los-antepasados-investigacion-y-devolucion-social-de-la-informacion-antropologica\\\/#breadcrumb\"},\"inLanguage\":\"es\",\"potentialAction\":[{\"@type\":\"ReadAction\",\"target\":[\"https:\\\/\\\/booksfrommexico.com\\\/es\\\/producto\\\/historias-y-palabras-de-los-antepasados-investigacion-y-devolucion-social-de-la-informacion-antropologica\\\/\"]}]},{\"@type\":\"ImageObject\",\"inLanguage\":\"es\",\"@id\":\"https:\\\/\\\/booksfrommexico.com\\\/es\\\/producto\\\/historias-y-palabras-de-los-antepasados-investigacion-y-devolucion-social-de-la-informacion-antropologica\\\/#primaryimage\",\"url\":\"https:\\\/\\\/booksfrommexico.com\\\/app\\\/uploads\\\/2023\\\/05\\\/120379.jpeg\",\"contentUrl\":\"https:\\\/\\\/booksfrommexico.com\\\/app\\\/uploads\\\/2023\\\/05\\\/120379.jpeg\",\"width\":604,\"height\":849,\"caption\":\"Historias y palabras de los antepasados Investigaci\u00f3n y devoluci\u00f3n social de la informaci\u00f3n antropol\u00f3gica\"},{\"@type\":\"BreadcrumbList\",\"@id\":\"https:\\\/\\\/booksfrommexico.com\\\/es\\\/producto\\\/historias-y-palabras-de-los-antepasados-investigacion-y-devolucion-social-de-la-informacion-antropologica\\\/#breadcrumb\",\"itemListElement\":[{\"@type\":\"ListItem\",\"position\":1,\"name\":\"Home\",\"item\":\"https:\\\/\\\/booksfrommexico.com\\\/es\\\/\"},{\"@type\":\"ListItem\",\"position\":2,\"name\":\"Libros\",\"item\":\"https:\\\/\\\/booksfrommexico.com\\\/es\\\/libros\\\/\"},{\"@type\":\"ListItem\",\"position\":3,\"name\":\"Historias y palabras de los antepasados: Investigaci\u00f3n y devoluci\u00f3n social de la informaci\u00f3n antropol\u00f3gica\"}]},{\"@type\":\"WebSite\",\"@id\":\"https:\\\/\\\/booksfrommexico.com\\\/#website\",\"url\":\"https:\\\/\\\/booksfrommexico.com\\\/\",\"name\":\"Books From Mexico\",\"description\":\"\",\"publisher\":{\"@id\":\"https:\\\/\\\/booksfrommexico.com\\\/#organization\"},\"potentialAction\":[{\"@type\":\"SearchAction\",\"target\":{\"@type\":\"EntryPoint\",\"urlTemplate\":\"https:\\\/\\\/booksfrommexico.com\\\/?s={search_term_string}\"},\"query-input\":{\"@type\":\"PropertyValueSpecification\",\"valueRequired\":true,\"valueName\":\"search_term_string\"}}],\"inLanguage\":\"es\"},{\"@type\":\"Organization\",\"@id\":\"https:\\\/\\\/booksfrommexico.com\\\/#organization\",\"name\":\"Books From Mexico\",\"url\":\"https:\\\/\\\/booksfrommexico.com\\\/\",\"logo\":{\"@type\":\"ImageObject\",\"inLanguage\":\"es\",\"@id\":\"https:\\\/\\\/booksfrommexico.com\\\/#\\\/schema\\\/logo\\\/image\\\/\",\"url\":\"https:\\\/\\\/booksfrommexico.com\\\/app\\\/uploads\\\/2023\\\/05\\\/logo-booksfrommexico.svg\",\"contentUrl\":\"https:\\\/\\\/booksfrommexico.com\\\/app\\\/uploads\\\/2023\\\/05\\\/logo-booksfrommexico.svg\",\"width\":86,\"height\":56,\"caption\":\"Books From Mexico\"},\"image\":{\"@id\":\"https:\\\/\\\/booksfrommexico.com\\\/#\\\/schema\\\/logo\\\/image\\\/\"}}]}<\/script>\n<!-- \/ Yoast SEO plugin. -->","yoast_head_json":{"title":"Historias y palabras de los antepasados","description":"HISTORIAS Y PALABRAS DE LOS ANTEPASADOS : INVESTIGACI\u00d3N Y DEVOLUCI\u00d3N SOCIAL DE LA INFORMACI\u00d3N ANTROPOL\u00d3GICA. \/ Alicia M. Barabas, Miguel A. Bartolom\u00e9. 2003.","robots":{"index":"index","follow":"follow","max-snippet":"max-snippet:-1","max-image-preview":"max-image-preview:large","max-video-preview":"max-video-preview:-1"},"canonical":"https:\/\/booksfrommexico.com\/es\/producto\/historias-y-palabras-de-los-antepasados-investigacion-y-devolucion-social-de-la-informacion-antropologica\/","og_locale":"es_ES","og_type":"article","og_title":"Historias y palabras de los antepasados","og_description":"HISTORIAS Y PALABRAS DE LOS ANTEPASADOS : INVESTIGACI\u00d3N Y DEVOLUCI\u00d3N SOCIAL DE LA INFORMACI\u00d3N ANTROPOL\u00d3GICA. \/ Alicia M. Barabas, Miguel A. Bartolom\u00e9. 2003.","og_url":"https:\/\/booksfrommexico.com\/es\/producto\/historias-y-palabras-de-los-antepasados-investigacion-y-devolucion-social-de-la-informacion-antropologica\/","og_site_name":"Books From Mexico","article_modified_time":"2024-10-02T23:18:55+00:00","og_image":[{"width":604,"height":849,"url":"http:\/\/booksfrommexico.com\/app\/uploads\/2023\/05\/120379.jpeg","type":"image\/jpeg"}],"twitter_card":"summary_large_image","twitter_misc":{"Tiempo de lectura":"1 minuto"},"schema":{"@context":"https:\/\/schema.org","@graph":[{"@type":"WebPage","@id":"https:\/\/booksfrommexico.com\/es\/producto\/historias-y-palabras-de-los-antepasados-investigacion-y-devolucion-social-de-la-informacion-antropologica\/","url":"https:\/\/booksfrommexico.com\/es\/producto\/historias-y-palabras-de-los-antepasados-investigacion-y-devolucion-social-de-la-informacion-antropologica\/","name":"Historias y palabras de los antepasados","isPartOf":{"@id":"https:\/\/booksfrommexico.com\/#website"},"primaryImageOfPage":{"@id":"https:\/\/booksfrommexico.com\/es\/producto\/historias-y-palabras-de-los-antepasados-investigacion-y-devolucion-social-de-la-informacion-antropologica\/#primaryimage"},"image":{"@id":"https:\/\/booksfrommexico.com\/es\/producto\/historias-y-palabras-de-los-antepasados-investigacion-y-devolucion-social-de-la-informacion-antropologica\/#primaryimage"},"thumbnailUrl":"https:\/\/booksfrommexico.com\/app\/uploads\/2023\/05\/120379.jpeg","datePublished":"2023-05-08T16:16:34+00:00","dateModified":"2024-10-02T23:18:55+00:00","description":"HISTORIAS Y PALABRAS DE LOS ANTEPASADOS : INVESTIGACI\u00d3N Y DEVOLUCI\u00d3N SOCIAL DE LA INFORMACI\u00d3N ANTROPOL\u00d3GICA. \/ Alicia M. Barabas, Miguel A. Bartolom\u00e9. 2003.","breadcrumb":{"@id":"https:\/\/booksfrommexico.com\/es\/producto\/historias-y-palabras-de-los-antepasados-investigacion-y-devolucion-social-de-la-informacion-antropologica\/#breadcrumb"},"inLanguage":"es","potentialAction":[{"@type":"ReadAction","target":["https:\/\/booksfrommexico.com\/es\/producto\/historias-y-palabras-de-los-antepasados-investigacion-y-devolucion-social-de-la-informacion-antropologica\/"]}]},{"@type":"ImageObject","inLanguage":"es","@id":"https:\/\/booksfrommexico.com\/es\/producto\/historias-y-palabras-de-los-antepasados-investigacion-y-devolucion-social-de-la-informacion-antropologica\/#primaryimage","url":"https:\/\/booksfrommexico.com\/app\/uploads\/2023\/05\/120379.jpeg","contentUrl":"https:\/\/booksfrommexico.com\/app\/uploads\/2023\/05\/120379.jpeg","width":604,"height":849,"caption":"Historias y palabras de los antepasados Investigaci\u00f3n y devoluci\u00f3n social de la informaci\u00f3n antropol\u00f3gica"},{"@type":"BreadcrumbList","@id":"https:\/\/booksfrommexico.com\/es\/producto\/historias-y-palabras-de-los-antepasados-investigacion-y-devolucion-social-de-la-informacion-antropologica\/#breadcrumb","itemListElement":[{"@type":"ListItem","position":1,"name":"Home","item":"https:\/\/booksfrommexico.com\/es\/"},{"@type":"ListItem","position":2,"name":"Libros","item":"https:\/\/booksfrommexico.com\/es\/libros\/"},{"@type":"ListItem","position":3,"name":"Historias y palabras de los antepasados: Investigaci\u00f3n y devoluci\u00f3n social de la informaci\u00f3n antropol\u00f3gica"}]},{"@type":"WebSite","@id":"https:\/\/booksfrommexico.com\/#website","url":"https:\/\/booksfrommexico.com\/","name":"Books From Mexico","description":"","publisher":{"@id":"https:\/\/booksfrommexico.com\/#organization"},"potentialAction":[{"@type":"SearchAction","target":{"@type":"EntryPoint","urlTemplate":"https:\/\/booksfrommexico.com\/?s={search_term_string}"},"query-input":{"@type":"PropertyValueSpecification","valueRequired":true,"valueName":"search_term_string"}}],"inLanguage":"es"},{"@type":"Organization","@id":"https:\/\/booksfrommexico.com\/#organization","name":"Books From Mexico","url":"https:\/\/booksfrommexico.com\/","logo":{"@type":"ImageObject","inLanguage":"es","@id":"https:\/\/booksfrommexico.com\/#\/schema\/logo\/image\/","url":"https:\/\/booksfrommexico.com\/app\/uploads\/2023\/05\/logo-booksfrommexico.svg","contentUrl":"https:\/\/booksfrommexico.com\/app\/uploads\/2023\/05\/logo-booksfrommexico.svg","width":86,"height":56,"caption":"Books From Mexico"},"image":{"@id":"https:\/\/booksfrommexico.com\/#\/schema\/logo\/image\/"}}]}},"_links":{"self":[{"href":"https:\/\/booksfrommexico.com\/es\/wp-json\/wp\/v2\/product\/193","targetHints":{"allow":["GET"]}}],"collection":[{"href":"https:\/\/booksfrommexico.com\/es\/wp-json\/wp\/v2\/product"}],"about":[{"href":"https:\/\/booksfrommexico.com\/es\/wp-json\/wp\/v2\/types\/product"}],"wp:featuredmedia":[{"embeddable":true,"href":"https:\/\/booksfrommexico.com\/es\/wp-json\/wp\/v2\/media\/192"}],"wp:attachment":[{"href":"https:\/\/booksfrommexico.com\/es\/wp-json\/wp\/v2\/media?parent=193"}],"wp:term":[{"taxonomy":"product_brand","embeddable":true,"href":"https:\/\/booksfrommexico.com\/es\/wp-json\/wp\/v2\/product_brand?post=193"},{"taxonomy":"product_cat","embeddable":true,"href":"https:\/\/booksfrommexico.com\/es\/wp-json\/wp\/v2\/product_cat?post=193"},{"taxonomy":"product_tag","embeddable":true,"href":"https:\/\/booksfrommexico.com\/es\/wp-json\/wp\/v2\/product_tag?post=193"}],"curies":[{"name":"wp","href":"https:\/\/api.w.org\/{rel}","templated":true}]}}