{"id":199,"date":"2023-05-08T16:16:51","date_gmt":"2023-05-08T16:16:51","guid":{"rendered":"http:\/\/booksfrommexico.com\/product\/snopbenal-kop-ayej-pensamiento-y-palabra\/"},"modified":"2023-12-13T18:24:34","modified_gmt":"2023-12-13T18:24:34","slug":"snopbenal-kop-ayej-pensamiento-y-palabra","status":"publish","type":"product","link":"https:\/\/booksfrommexico.com\/es\/producto\/snopbenal-kop-ayej-pensamiento-y-palabra\/","title":{"rendered":"Snopbenal k&#8217;op a&#8217;yej Pensamiento y palabra"},"content":{"rendered":"","protected":false},"excerpt":{"rendered":"<p>&nbsp;<\/p>\n<div>L\u00f3pez G\u00f3mez, Jos\u00edas SNOPBENAL K&#8217;OP A&#8217;YEJ : PENSAMIENTO Y PALABRA. \/ Jos\u00edas L\u00f3pez G\u00f3mez &amp; Hermenegildo Hern\u00e1ndez N\u00fa\u00f1ez. Chiapas: Consejo Estatal para las Culturas y las Artes de Chiapas, 2003. 79 pages : 19 cm. ISBN 970697086X.<\/div>\n","protected":false},"featured_media":198,"template":"","meta":{"_acf_changed":false,"inline_featured_image":false},"product_brand":[],"product_cat":[25],"product_tag":[3659,3781,3855],"class_list":{"0":"post-199","1":"product","2":"type-product","3":"status-publish","4":"has-post-thumbnail","6":"product_cat-literatura","7":"product_tag-condiciones-sociales","8":"product_tag-cultura-maya","9":"product_tag-ensayos","11":"first","12":"outofstock","13":"taxable","14":"shipping-taxable","15":"purchasable","16":"product-type-simple"},"acf":[],"yoast_head":"<!-- This site is optimized with the Yoast SEO plugin v27.3 - https:\/\/yoast.com\/product\/yoast-seo-wordpress\/ -->\n<title>Snopbenal k&#039;op a&#039;yej Pensamiento y palabra - Books From Mexico<\/title>\n<meta name=\"description\" content=\"SNOPBENAL K&#039;OP A&#039;YEJ : PENSAMIENTO Y PALABRA. \/ Jos\u00edas L\u00f3pez G\u00f3mez. Consejo Estatal para las Culturas y las Artes de Chiapas, 2003. ISBN 970697086X.\" \/>\n<meta name=\"robots\" content=\"index, follow, max-snippet:-1, max-image-preview:large, max-video-preview:-1\" \/>\n<link rel=\"canonical\" href=\"https:\/\/booksfrommexico.com\/es\/producto\/snopbenal-kop-ayej-pensamiento-y-palabra\/\" \/>\n<meta property=\"og:locale\" content=\"es_ES\" \/>\n<meta property=\"og:type\" content=\"article\" \/>\n<meta property=\"og:title\" content=\"Snopbenal k&#039;op a&#039;yej Pensamiento y palabra - Books From Mexico\" \/>\n<meta property=\"og:description\" content=\"SNOPBENAL K&#039;OP A&#039;YEJ : PENSAMIENTO Y PALABRA. \/ Jos\u00edas L\u00f3pez G\u00f3mez. Consejo Estatal para las Culturas y las Artes de Chiapas, 2003. ISBN 970697086X.\" \/>\n<meta property=\"og:url\" content=\"https:\/\/booksfrommexico.com\/es\/producto\/snopbenal-kop-ayej-pensamiento-y-palabra\/\" \/>\n<meta property=\"og:site_name\" content=\"Books From Mexico\" \/>\n<meta property=\"article:modified_time\" content=\"2023-12-13T18:24:34+00:00\" \/>\n<meta property=\"og:image\" content=\"http:\/\/booksfrommexico.com\/app\/uploads\/2023\/05\/120387.jpeg\" \/>\n\t<meta property=\"og:image:width\" content=\"507\" \/>\n\t<meta property=\"og:image:height\" content=\"733\" \/>\n\t<meta property=\"og:image:type\" content=\"image\/jpeg\" \/>\n<meta name=\"twitter:card\" content=\"summary_large_image\" \/>\n<script type=\"application\/ld+json\" class=\"yoast-schema-graph\">{\"@context\":\"https:\\\/\\\/schema.org\",\"@graph\":[{\"@type\":\"WebPage\",\"@id\":\"https:\\\/\\\/booksfrommexico.com\\\/es\\\/producto\\\/snopbenal-kop-ayej-pensamiento-y-palabra\\\/\",\"url\":\"https:\\\/\\\/booksfrommexico.com\\\/es\\\/producto\\\/snopbenal-kop-ayej-pensamiento-y-palabra\\\/\",\"name\":\"Snopbenal k'op a'yej Pensamiento y palabra - Books From Mexico\",\"isPartOf\":{\"@id\":\"https:\\\/\\\/booksfrommexico.com\\\/#website\"},\"primaryImageOfPage\":{\"@id\":\"https:\\\/\\\/booksfrommexico.com\\\/es\\\/producto\\\/snopbenal-kop-ayej-pensamiento-y-palabra\\\/#primaryimage\"},\"image\":{\"@id\":\"https:\\\/\\\/booksfrommexico.com\\\/es\\\/producto\\\/snopbenal-kop-ayej-pensamiento-y-palabra\\\/#primaryimage\"},\"thumbnailUrl\":\"https:\\\/\\\/booksfrommexico.com\\\/app\\\/uploads\\\/2023\\\/05\\\/120387.jpeg\",\"datePublished\":\"2023-05-08T16:16:51+00:00\",\"dateModified\":\"2023-12-13T18:24:34+00:00\",\"description\":\"SNOPBENAL K'OP A'YEJ : PENSAMIENTO Y PALABRA. \\\/ Jos\u00edas L\u00f3pez G\u00f3mez. Consejo Estatal para las Culturas y las Artes de Chiapas, 2003. ISBN 970697086X.\",\"breadcrumb\":{\"@id\":\"https:\\\/\\\/booksfrommexico.com\\\/es\\\/producto\\\/snopbenal-kop-ayej-pensamiento-y-palabra\\\/#breadcrumb\"},\"inLanguage\":\"es\",\"potentialAction\":[{\"@type\":\"ReadAction\",\"target\":[\"https:\\\/\\\/booksfrommexico.com\\\/es\\\/producto\\\/snopbenal-kop-ayej-pensamiento-y-palabra\\\/\"]}]},{\"@type\":\"ImageObject\",\"inLanguage\":\"es\",\"@id\":\"https:\\\/\\\/booksfrommexico.com\\\/es\\\/producto\\\/snopbenal-kop-ayej-pensamiento-y-palabra\\\/#primaryimage\",\"url\":\"https:\\\/\\\/booksfrommexico.com\\\/app\\\/uploads\\\/2023\\\/05\\\/120387.jpeg\",\"contentUrl\":\"https:\\\/\\\/booksfrommexico.com\\\/app\\\/uploads\\\/2023\\\/05\\\/120387.jpeg\",\"width\":507,\"height\":733,\"caption\":\"SNOPBENAL K'OP A'YEJ : PENSAMIENTO Y PALABRA\"},{\"@type\":\"BreadcrumbList\",\"@id\":\"https:\\\/\\\/booksfrommexico.com\\\/es\\\/producto\\\/snopbenal-kop-ayej-pensamiento-y-palabra\\\/#breadcrumb\",\"itemListElement\":[{\"@type\":\"ListItem\",\"position\":1,\"name\":\"Home\",\"item\":\"https:\\\/\\\/booksfrommexico.com\\\/es\\\/\"},{\"@type\":\"ListItem\",\"position\":2,\"name\":\"Libros\",\"item\":\"https:\\\/\\\/booksfrommexico.com\\\/es\\\/libros\\\/\"},{\"@type\":\"ListItem\",\"position\":3,\"name\":\"Snopbenal k&#8217;op a&#8217;yej Pensamiento y palabra\"}]},{\"@type\":\"WebSite\",\"@id\":\"https:\\\/\\\/booksfrommexico.com\\\/#website\",\"url\":\"https:\\\/\\\/booksfrommexico.com\\\/\",\"name\":\"Books From Mexico\",\"description\":\"\",\"publisher\":{\"@id\":\"https:\\\/\\\/booksfrommexico.com\\\/#organization\"},\"potentialAction\":[{\"@type\":\"SearchAction\",\"target\":{\"@type\":\"EntryPoint\",\"urlTemplate\":\"https:\\\/\\\/booksfrommexico.com\\\/?s={search_term_string}\"},\"query-input\":{\"@type\":\"PropertyValueSpecification\",\"valueRequired\":true,\"valueName\":\"search_term_string\"}}],\"inLanguage\":\"es\"},{\"@type\":\"Organization\",\"@id\":\"https:\\\/\\\/booksfrommexico.com\\\/#organization\",\"name\":\"Books From Mexico\",\"url\":\"https:\\\/\\\/booksfrommexico.com\\\/\",\"logo\":{\"@type\":\"ImageObject\",\"inLanguage\":\"es\",\"@id\":\"https:\\\/\\\/booksfrommexico.com\\\/#\\\/schema\\\/logo\\\/image\\\/\",\"url\":\"https:\\\/\\\/booksfrommexico.com\\\/app\\\/uploads\\\/2023\\\/05\\\/logo-booksfrommexico.svg\",\"contentUrl\":\"https:\\\/\\\/booksfrommexico.com\\\/app\\\/uploads\\\/2023\\\/05\\\/logo-booksfrommexico.svg\",\"width\":86,\"height\":56,\"caption\":\"Books From Mexico\"},\"image\":{\"@id\":\"https:\\\/\\\/booksfrommexico.com\\\/#\\\/schema\\\/logo\\\/image\\\/\"}}]}<\/script>\n<!-- \/ Yoast SEO plugin. -->","yoast_head_json":{"title":"Snopbenal k'op a'yej Pensamiento y palabra - Books From Mexico","description":"SNOPBENAL K'OP A'YEJ : PENSAMIENTO Y PALABRA. \/ Jos\u00edas L\u00f3pez G\u00f3mez. Consejo Estatal para las Culturas y las Artes de Chiapas, 2003. ISBN 970697086X.","robots":{"index":"index","follow":"follow","max-snippet":"max-snippet:-1","max-image-preview":"max-image-preview:large","max-video-preview":"max-video-preview:-1"},"canonical":"https:\/\/booksfrommexico.com\/es\/producto\/snopbenal-kop-ayej-pensamiento-y-palabra\/","og_locale":"es_ES","og_type":"article","og_title":"Snopbenal k'op a'yej Pensamiento y palabra - Books From Mexico","og_description":"SNOPBENAL K'OP A'YEJ : PENSAMIENTO Y PALABRA. \/ Jos\u00edas L\u00f3pez G\u00f3mez. Consejo Estatal para las Culturas y las Artes de Chiapas, 2003. ISBN 970697086X.","og_url":"https:\/\/booksfrommexico.com\/es\/producto\/snopbenal-kop-ayej-pensamiento-y-palabra\/","og_site_name":"Books From Mexico","article_modified_time":"2023-12-13T18:24:34+00:00","og_image":[{"width":507,"height":733,"url":"http:\/\/booksfrommexico.com\/app\/uploads\/2023\/05\/120387.jpeg","type":"image\/jpeg"}],"twitter_card":"summary_large_image","schema":{"@context":"https:\/\/schema.org","@graph":[{"@type":"WebPage","@id":"https:\/\/booksfrommexico.com\/es\/producto\/snopbenal-kop-ayej-pensamiento-y-palabra\/","url":"https:\/\/booksfrommexico.com\/es\/producto\/snopbenal-kop-ayej-pensamiento-y-palabra\/","name":"Snopbenal k'op a'yej Pensamiento y palabra - Books From Mexico","isPartOf":{"@id":"https:\/\/booksfrommexico.com\/#website"},"primaryImageOfPage":{"@id":"https:\/\/booksfrommexico.com\/es\/producto\/snopbenal-kop-ayej-pensamiento-y-palabra\/#primaryimage"},"image":{"@id":"https:\/\/booksfrommexico.com\/es\/producto\/snopbenal-kop-ayej-pensamiento-y-palabra\/#primaryimage"},"thumbnailUrl":"https:\/\/booksfrommexico.com\/app\/uploads\/2023\/05\/120387.jpeg","datePublished":"2023-05-08T16:16:51+00:00","dateModified":"2023-12-13T18:24:34+00:00","description":"SNOPBENAL K'OP A'YEJ : PENSAMIENTO Y PALABRA. \/ Jos\u00edas L\u00f3pez G\u00f3mez. Consejo Estatal para las Culturas y las Artes de Chiapas, 2003. ISBN 970697086X.","breadcrumb":{"@id":"https:\/\/booksfrommexico.com\/es\/producto\/snopbenal-kop-ayej-pensamiento-y-palabra\/#breadcrumb"},"inLanguage":"es","potentialAction":[{"@type":"ReadAction","target":["https:\/\/booksfrommexico.com\/es\/producto\/snopbenal-kop-ayej-pensamiento-y-palabra\/"]}]},{"@type":"ImageObject","inLanguage":"es","@id":"https:\/\/booksfrommexico.com\/es\/producto\/snopbenal-kop-ayej-pensamiento-y-palabra\/#primaryimage","url":"https:\/\/booksfrommexico.com\/app\/uploads\/2023\/05\/120387.jpeg","contentUrl":"https:\/\/booksfrommexico.com\/app\/uploads\/2023\/05\/120387.jpeg","width":507,"height":733,"caption":"SNOPBENAL K'OP A'YEJ : PENSAMIENTO Y PALABRA"},{"@type":"BreadcrumbList","@id":"https:\/\/booksfrommexico.com\/es\/producto\/snopbenal-kop-ayej-pensamiento-y-palabra\/#breadcrumb","itemListElement":[{"@type":"ListItem","position":1,"name":"Home","item":"https:\/\/booksfrommexico.com\/es\/"},{"@type":"ListItem","position":2,"name":"Libros","item":"https:\/\/booksfrommexico.com\/es\/libros\/"},{"@type":"ListItem","position":3,"name":"Snopbenal k&#8217;op a&#8217;yej Pensamiento y palabra"}]},{"@type":"WebSite","@id":"https:\/\/booksfrommexico.com\/#website","url":"https:\/\/booksfrommexico.com\/","name":"Books From Mexico","description":"","publisher":{"@id":"https:\/\/booksfrommexico.com\/#organization"},"potentialAction":[{"@type":"SearchAction","target":{"@type":"EntryPoint","urlTemplate":"https:\/\/booksfrommexico.com\/?s={search_term_string}"},"query-input":{"@type":"PropertyValueSpecification","valueRequired":true,"valueName":"search_term_string"}}],"inLanguage":"es"},{"@type":"Organization","@id":"https:\/\/booksfrommexico.com\/#organization","name":"Books From Mexico","url":"https:\/\/booksfrommexico.com\/","logo":{"@type":"ImageObject","inLanguage":"es","@id":"https:\/\/booksfrommexico.com\/#\/schema\/logo\/image\/","url":"https:\/\/booksfrommexico.com\/app\/uploads\/2023\/05\/logo-booksfrommexico.svg","contentUrl":"https:\/\/booksfrommexico.com\/app\/uploads\/2023\/05\/logo-booksfrommexico.svg","width":86,"height":56,"caption":"Books From Mexico"},"image":{"@id":"https:\/\/booksfrommexico.com\/#\/schema\/logo\/image\/"}}]}},"_links":{"self":[{"href":"https:\/\/booksfrommexico.com\/es\/wp-json\/wp\/v2\/product\/199","targetHints":{"allow":["GET"]}}],"collection":[{"href":"https:\/\/booksfrommexico.com\/es\/wp-json\/wp\/v2\/product"}],"about":[{"href":"https:\/\/booksfrommexico.com\/es\/wp-json\/wp\/v2\/types\/product"}],"wp:featuredmedia":[{"embeddable":true,"href":"https:\/\/booksfrommexico.com\/es\/wp-json\/wp\/v2\/media\/198"}],"wp:attachment":[{"href":"https:\/\/booksfrommexico.com\/es\/wp-json\/wp\/v2\/media?parent=199"}],"wp:term":[{"taxonomy":"product_brand","embeddable":true,"href":"https:\/\/booksfrommexico.com\/es\/wp-json\/wp\/v2\/product_brand?post=199"},{"taxonomy":"product_cat","embeddable":true,"href":"https:\/\/booksfrommexico.com\/es\/wp-json\/wp\/v2\/product_cat?post=199"},{"taxonomy":"product_tag","embeddable":true,"href":"https:\/\/booksfrommexico.com\/es\/wp-json\/wp\/v2\/product_tag?post=199"}],"curies":[{"name":"wp","href":"https:\/\/api.w.org\/{rel}","templated":true}]}}