{"id":201,"date":"2023-05-08T16:16:53","date_gmt":"2023-05-08T16:16:53","guid":{"rendered":"http:\/\/booksfrommexico.com\/product\/y-el-bolom-dice-antologia-de-cuentos-volumen-v\/"},"modified":"2025-03-01T00:08:49","modified_gmt":"2025-03-01T00:08:49","slug":"y-el-bolom-dice-antologia-de-cuentos-volumen-v","status":"publish","type":"product","link":"https:\/\/booksfrommexico.com\/es\/producto\/y-el-bolom-dice-antologia-de-cuentos-volumen-v\/","title":{"rendered":"Y el bolom dice&#8230; Antolog\u00eda de cuentos, volumen V"},"content":{"rendered":"<p><span style=\"font-weight: 400;\">Con el fin de promover la lectura y escritura, el Centro Estatal de Lenguas, Arte y Literatura Ind\u00edgenas ha convocado desde 1997 al concurso literario <\/span><i><span style=\"font-weight: 400;\">Y el bolom dice\u2026<\/span><\/i><span style=\"font-weight: 400;\">, siendo este el quinto volumen y una demostraci\u00f3n del pensamiento ind\u00edgena as\u00ed como de su trabajo escrito. La composici\u00f3n de las narraciones que aqu\u00ed se contienen adentran al lector en un mundo ajeno y en ocasiones incomprensible, envuelto en sus distintas particularidades antropol\u00f3gicas, religiosas, econ\u00f3micas y culturales. Esta se trata adem\u00e1s de una edici\u00f3n que incluye las narraciones en su lengua original y con su respectiva traducci\u00f3n en espa\u00f1ol.<\/span><\/p>\n","protected":false},"excerpt":{"rendered":"<p>Y EL BOLOM DICE&#8230; : ANTOLOG\u00cdA DE CUENTOS, VOLUMEN V<span style=\"font-weight: 400;\">. \/ Chiapas, M\u00e9xico : Consejo Estatal para las Culturas y las Artes de Chiapas, 2002. 236 pages ; 19 cm. (Colecci\u00f3n Biblioteca Popular de Chiapas ; Serie Literatura, Narrativa). ISBN : 9706970789.<\/span><\/p>\n","protected":false},"featured_media":200,"template":"","meta":{"_acf_changed":false,"inline_featured_image":false},"product_brand":[],"product_cat":[37,25],"product_tag":[4112,3700,3603,4383,4503],"class_list":{"0":"post-201","1":"product","2":"type-product","3":"status-publish","4":"has-post-thumbnail","6":"product_cat-cuento-literatura","7":"product_cat-literatura","8":"product_tag-antologia","9":"product_tag-chiapas-mexico","10":"product_tag-cuentos-mexicanos","11":"product_tag-edicion-multilingue","12":"product_tag-literatura-indigena","14":"first","15":"outofstock","16":"sale","17":"taxable","18":"shipping-taxable","19":"purchasable","20":"product-type-simple"},"acf":[],"yoast_head":"<!-- This site is optimized with the Yoast SEO plugin v27.3 - https:\/\/yoast.com\/product\/yoast-seo-wordpress\/ -->\n<title>Y el bolom dice... Antolog\u00eda de cuentos, volumen V<\/title>\n<meta name=\"description\" content=\"Y EL BOLOM DICE... : ANTOLOG\u00cdA DE CUENTOS, VOLUMEN V. \/ Chiapas, M\u00e9xico : Consejo Estatal para las Culturas y las Artes de Chiapas, 2002. ISBN : 9706970789.\" \/>\n<meta name=\"robots\" content=\"index, follow, max-snippet:-1, max-image-preview:large, max-video-preview:-1\" \/>\n<link rel=\"canonical\" href=\"https:\/\/booksfrommexico.com\/es\/producto\/y-el-bolom-dice-antologia-de-cuentos-volumen-v\/\" \/>\n<meta property=\"og:locale\" content=\"es_ES\" \/>\n<meta property=\"og:type\" content=\"article\" \/>\n<meta property=\"og:title\" content=\"Y el bolom dice... Antolog\u00eda de cuentos, volumen V\" \/>\n<meta property=\"og:description\" content=\"Y EL BOLOM DICE... : ANTOLOG\u00cdA DE CUENTOS, VOLUMEN V. \/ Chiapas, M\u00e9xico : Consejo Estatal para las Culturas y las Artes de Chiapas, 2002. ISBN : 9706970789.\" \/>\n<meta property=\"og:url\" content=\"https:\/\/booksfrommexico.com\/es\/producto\/y-el-bolom-dice-antologia-de-cuentos-volumen-v\/\" \/>\n<meta property=\"og:site_name\" content=\"Books From Mexico\" \/>\n<meta property=\"article:modified_time\" content=\"2025-03-01T00:08:49+00:00\" \/>\n<meta property=\"og:image\" content=\"http:\/\/booksfrommexico.com\/app\/uploads\/2023\/05\/120388.jpeg\" \/>\n\t<meta property=\"og:image:width\" content=\"361\" \/>\n\t<meta property=\"og:image:height\" content=\"542\" \/>\n\t<meta property=\"og:image:type\" content=\"image\/jpeg\" \/>\n<meta name=\"twitter:card\" content=\"summary_large_image\" \/>\n<meta name=\"twitter:label1\" content=\"Tiempo de lectura\" \/>\n\t<meta name=\"twitter:data1\" content=\"1 minuto\" \/>\n<script type=\"application\/ld+json\" class=\"yoast-schema-graph\">{\"@context\":\"https:\\\/\\\/schema.org\",\"@graph\":[{\"@type\":\"WebPage\",\"@id\":\"https:\\\/\\\/booksfrommexico.com\\\/es\\\/producto\\\/y-el-bolom-dice-antologia-de-cuentos-volumen-v\\\/\",\"url\":\"https:\\\/\\\/booksfrommexico.com\\\/es\\\/producto\\\/y-el-bolom-dice-antologia-de-cuentos-volumen-v\\\/\",\"name\":\"Y el bolom dice... Antolog\u00eda de cuentos, volumen V\",\"isPartOf\":{\"@id\":\"https:\\\/\\\/booksfrommexico.com\\\/#website\"},\"primaryImageOfPage\":{\"@id\":\"https:\\\/\\\/booksfrommexico.com\\\/es\\\/producto\\\/y-el-bolom-dice-antologia-de-cuentos-volumen-v\\\/#primaryimage\"},\"image\":{\"@id\":\"https:\\\/\\\/booksfrommexico.com\\\/es\\\/producto\\\/y-el-bolom-dice-antologia-de-cuentos-volumen-v\\\/#primaryimage\"},\"thumbnailUrl\":\"https:\\\/\\\/booksfrommexico.com\\\/app\\\/uploads\\\/2023\\\/05\\\/120388.jpeg\",\"datePublished\":\"2023-05-08T16:16:53+00:00\",\"dateModified\":\"2025-03-01T00:08:49+00:00\",\"description\":\"Y EL BOLOM DICE... : ANTOLOG\u00cdA DE CUENTOS, VOLUMEN V. \\\/ Chiapas, M\u00e9xico : Consejo Estatal para las Culturas y las Artes de Chiapas, 2002. ISBN : 9706970789.\",\"breadcrumb\":{\"@id\":\"https:\\\/\\\/booksfrommexico.com\\\/es\\\/producto\\\/y-el-bolom-dice-antologia-de-cuentos-volumen-v\\\/#breadcrumb\"},\"inLanguage\":\"es\",\"potentialAction\":[{\"@type\":\"ReadAction\",\"target\":[\"https:\\\/\\\/booksfrommexico.com\\\/es\\\/producto\\\/y-el-bolom-dice-antologia-de-cuentos-volumen-v\\\/\"]}]},{\"@type\":\"ImageObject\",\"inLanguage\":\"es\",\"@id\":\"https:\\\/\\\/booksfrommexico.com\\\/es\\\/producto\\\/y-el-bolom-dice-antologia-de-cuentos-volumen-v\\\/#primaryimage\",\"url\":\"https:\\\/\\\/booksfrommexico.com\\\/app\\\/uploads\\\/2023\\\/05\\\/120388.jpeg\",\"contentUrl\":\"https:\\\/\\\/booksfrommexico.com\\\/app\\\/uploads\\\/2023\\\/05\\\/120388.jpeg\",\"width\":361,\"height\":542,\"caption\":\"Y EL BOLOM DICE... : ANTOLOG\u00cdA DE CUENTOS, VOLUMEN V\"},{\"@type\":\"BreadcrumbList\",\"@id\":\"https:\\\/\\\/booksfrommexico.com\\\/es\\\/producto\\\/y-el-bolom-dice-antologia-de-cuentos-volumen-v\\\/#breadcrumb\",\"itemListElement\":[{\"@type\":\"ListItem\",\"position\":1,\"name\":\"Home\",\"item\":\"https:\\\/\\\/booksfrommexico.com\\\/es\\\/\"},{\"@type\":\"ListItem\",\"position\":2,\"name\":\"Libros\",\"item\":\"https:\\\/\\\/booksfrommexico.com\\\/es\\\/libros\\\/\"},{\"@type\":\"ListItem\",\"position\":3,\"name\":\"Y el bolom dice&#8230; Antolog\u00eda de cuentos, volumen V\"}]},{\"@type\":\"WebSite\",\"@id\":\"https:\\\/\\\/booksfrommexico.com\\\/#website\",\"url\":\"https:\\\/\\\/booksfrommexico.com\\\/\",\"name\":\"Books From Mexico\",\"description\":\"\",\"publisher\":{\"@id\":\"https:\\\/\\\/booksfrommexico.com\\\/#organization\"},\"potentialAction\":[{\"@type\":\"SearchAction\",\"target\":{\"@type\":\"EntryPoint\",\"urlTemplate\":\"https:\\\/\\\/booksfrommexico.com\\\/?s={search_term_string}\"},\"query-input\":{\"@type\":\"PropertyValueSpecification\",\"valueRequired\":true,\"valueName\":\"search_term_string\"}}],\"inLanguage\":\"es\"},{\"@type\":\"Organization\",\"@id\":\"https:\\\/\\\/booksfrommexico.com\\\/#organization\",\"name\":\"Books From Mexico\",\"url\":\"https:\\\/\\\/booksfrommexico.com\\\/\",\"logo\":{\"@type\":\"ImageObject\",\"inLanguage\":\"es\",\"@id\":\"https:\\\/\\\/booksfrommexico.com\\\/#\\\/schema\\\/logo\\\/image\\\/\",\"url\":\"https:\\\/\\\/booksfrommexico.com\\\/app\\\/uploads\\\/2023\\\/05\\\/logo-booksfrommexico.svg\",\"contentUrl\":\"https:\\\/\\\/booksfrommexico.com\\\/app\\\/uploads\\\/2023\\\/05\\\/logo-booksfrommexico.svg\",\"width\":86,\"height\":56,\"caption\":\"Books From Mexico\"},\"image\":{\"@id\":\"https:\\\/\\\/booksfrommexico.com\\\/#\\\/schema\\\/logo\\\/image\\\/\"}}]}<\/script>\n<!-- \/ Yoast SEO plugin. -->","yoast_head_json":{"title":"Y el bolom dice... Antolog\u00eda de cuentos, volumen V","description":"Y EL BOLOM DICE... : ANTOLOG\u00cdA DE CUENTOS, VOLUMEN V. \/ Chiapas, M\u00e9xico : Consejo Estatal para las Culturas y las Artes de Chiapas, 2002. ISBN : 9706970789.","robots":{"index":"index","follow":"follow","max-snippet":"max-snippet:-1","max-image-preview":"max-image-preview:large","max-video-preview":"max-video-preview:-1"},"canonical":"https:\/\/booksfrommexico.com\/es\/producto\/y-el-bolom-dice-antologia-de-cuentos-volumen-v\/","og_locale":"es_ES","og_type":"article","og_title":"Y el bolom dice... Antolog\u00eda de cuentos, volumen V","og_description":"Y EL BOLOM DICE... : ANTOLOG\u00cdA DE CUENTOS, VOLUMEN V. \/ Chiapas, M\u00e9xico : Consejo Estatal para las Culturas y las Artes de Chiapas, 2002. ISBN : 9706970789.","og_url":"https:\/\/booksfrommexico.com\/es\/producto\/y-el-bolom-dice-antologia-de-cuentos-volumen-v\/","og_site_name":"Books From Mexico","article_modified_time":"2025-03-01T00:08:49+00:00","og_image":[{"width":361,"height":542,"url":"http:\/\/booksfrommexico.com\/app\/uploads\/2023\/05\/120388.jpeg","type":"image\/jpeg"}],"twitter_card":"summary_large_image","twitter_misc":{"Tiempo de lectura":"1 minuto"},"schema":{"@context":"https:\/\/schema.org","@graph":[{"@type":"WebPage","@id":"https:\/\/booksfrommexico.com\/es\/producto\/y-el-bolom-dice-antologia-de-cuentos-volumen-v\/","url":"https:\/\/booksfrommexico.com\/es\/producto\/y-el-bolom-dice-antologia-de-cuentos-volumen-v\/","name":"Y el bolom dice... Antolog\u00eda de cuentos, volumen V","isPartOf":{"@id":"https:\/\/booksfrommexico.com\/#website"},"primaryImageOfPage":{"@id":"https:\/\/booksfrommexico.com\/es\/producto\/y-el-bolom-dice-antologia-de-cuentos-volumen-v\/#primaryimage"},"image":{"@id":"https:\/\/booksfrommexico.com\/es\/producto\/y-el-bolom-dice-antologia-de-cuentos-volumen-v\/#primaryimage"},"thumbnailUrl":"https:\/\/booksfrommexico.com\/app\/uploads\/2023\/05\/120388.jpeg","datePublished":"2023-05-08T16:16:53+00:00","dateModified":"2025-03-01T00:08:49+00:00","description":"Y EL BOLOM DICE... : ANTOLOG\u00cdA DE CUENTOS, VOLUMEN V. \/ Chiapas, M\u00e9xico : Consejo Estatal para las Culturas y las Artes de Chiapas, 2002. ISBN : 9706970789.","breadcrumb":{"@id":"https:\/\/booksfrommexico.com\/es\/producto\/y-el-bolom-dice-antologia-de-cuentos-volumen-v\/#breadcrumb"},"inLanguage":"es","potentialAction":[{"@type":"ReadAction","target":["https:\/\/booksfrommexico.com\/es\/producto\/y-el-bolom-dice-antologia-de-cuentos-volumen-v\/"]}]},{"@type":"ImageObject","inLanguage":"es","@id":"https:\/\/booksfrommexico.com\/es\/producto\/y-el-bolom-dice-antologia-de-cuentos-volumen-v\/#primaryimage","url":"https:\/\/booksfrommexico.com\/app\/uploads\/2023\/05\/120388.jpeg","contentUrl":"https:\/\/booksfrommexico.com\/app\/uploads\/2023\/05\/120388.jpeg","width":361,"height":542,"caption":"Y EL BOLOM DICE... : ANTOLOG\u00cdA DE CUENTOS, VOLUMEN V"},{"@type":"BreadcrumbList","@id":"https:\/\/booksfrommexico.com\/es\/producto\/y-el-bolom-dice-antologia-de-cuentos-volumen-v\/#breadcrumb","itemListElement":[{"@type":"ListItem","position":1,"name":"Home","item":"https:\/\/booksfrommexico.com\/es\/"},{"@type":"ListItem","position":2,"name":"Libros","item":"https:\/\/booksfrommexico.com\/es\/libros\/"},{"@type":"ListItem","position":3,"name":"Y el bolom dice&#8230; Antolog\u00eda de cuentos, volumen V"}]},{"@type":"WebSite","@id":"https:\/\/booksfrommexico.com\/#website","url":"https:\/\/booksfrommexico.com\/","name":"Books From Mexico","description":"","publisher":{"@id":"https:\/\/booksfrommexico.com\/#organization"},"potentialAction":[{"@type":"SearchAction","target":{"@type":"EntryPoint","urlTemplate":"https:\/\/booksfrommexico.com\/?s={search_term_string}"},"query-input":{"@type":"PropertyValueSpecification","valueRequired":true,"valueName":"search_term_string"}}],"inLanguage":"es"},{"@type":"Organization","@id":"https:\/\/booksfrommexico.com\/#organization","name":"Books From Mexico","url":"https:\/\/booksfrommexico.com\/","logo":{"@type":"ImageObject","inLanguage":"es","@id":"https:\/\/booksfrommexico.com\/#\/schema\/logo\/image\/","url":"https:\/\/booksfrommexico.com\/app\/uploads\/2023\/05\/logo-booksfrommexico.svg","contentUrl":"https:\/\/booksfrommexico.com\/app\/uploads\/2023\/05\/logo-booksfrommexico.svg","width":86,"height":56,"caption":"Books From Mexico"},"image":{"@id":"https:\/\/booksfrommexico.com\/#\/schema\/logo\/image\/"}}]}},"_links":{"self":[{"href":"https:\/\/booksfrommexico.com\/es\/wp-json\/wp\/v2\/product\/201","targetHints":{"allow":["GET"]}}],"collection":[{"href":"https:\/\/booksfrommexico.com\/es\/wp-json\/wp\/v2\/product"}],"about":[{"href":"https:\/\/booksfrommexico.com\/es\/wp-json\/wp\/v2\/types\/product"}],"wp:featuredmedia":[{"embeddable":true,"href":"https:\/\/booksfrommexico.com\/es\/wp-json\/wp\/v2\/media\/200"}],"wp:attachment":[{"href":"https:\/\/booksfrommexico.com\/es\/wp-json\/wp\/v2\/media?parent=201"}],"wp:term":[{"taxonomy":"product_brand","embeddable":true,"href":"https:\/\/booksfrommexico.com\/es\/wp-json\/wp\/v2\/product_brand?post=201"},{"taxonomy":"product_cat","embeddable":true,"href":"https:\/\/booksfrommexico.com\/es\/wp-json\/wp\/v2\/product_cat?post=201"},{"taxonomy":"product_tag","embeddable":true,"href":"https:\/\/booksfrommexico.com\/es\/wp-json\/wp\/v2\/product_tag?post=201"}],"curies":[{"name":"wp","href":"https:\/\/api.w.org\/{rel}","templated":true}]}}