{"id":207,"date":"2023-05-08T16:17:50","date_gmt":"2023-05-08T16:17:50","guid":{"rendered":"http:\/\/booksfrommexico.com\/product\/diario-de-san-pablo-chalchihuitan\/"},"modified":"2024-10-02T23:19:37","modified_gmt":"2024-10-02T23:19:37","slug":"diario-de-san-pablo-chalchihuitan","status":"publish","type":"product","link":"https:\/\/booksfrommexico.com\/es\/producto\/diario-de-san-pablo-chalchihuitan\/","title":{"rendered":"Diario de San Pablo Chalchihuit\u00e1n"},"content":{"rendered":"<p><span style=\"font-weight: 400;\">El <\/span><i><span style=\"font-weight: 400;\">Diario de San Pablo Chalchihuit\u00e1n <\/span><\/i><span style=\"font-weight: 400;\">contiene informaci\u00f3n diversa y asistem\u00e1tica, la cual puede ser analizada e interpretada bajo distintas materias y \u00f3pticas; en \u00e9l son f\u00e1cilmente perceptibles las limitaciones que la autora tuvo en el acopio de su informaci\u00f3n. Con este t\u00edtulo llena un vac\u00edo etnogr\u00e1fico y rescata un documento hist\u00f3rico que durante 50 a\u00f1os qued\u00f3 dejado de lado, siento de gran utilidad para los estudiosos de los pueblos ind\u00edgenas. En este estudio se re\u00fanen descripciones del pueblo de San Pablo Chalchihuit\u00e1n, de los lugare\u00f1os dedicados al cultivo de ma\u00edz, frijol y cafeticultura, de su trato social y\u00a0 su religiosidad, as\u00ed como sus modos de vida.<\/span><\/p>\n","protected":false},"excerpt":{"rendered":"<p>DIARIO DE SAN PABLO CHALCHIHUIT\u00c1N<span style=\"font-weight: 400;\">. \/ Calixta Guiteras Holmes. Chiapas, M\u00e9xico : Consejo Estatal para las Culturas y las Artes de Chiapas, 2002. 368 pages : includes notes, lists, charts ; 19 cm. (Colecci\u00f3n Biblioteca Popular de Chiapas ; Serie Pensamiento Contempor\u00e1neo). ISBN : 9706970800.\u00a0<\/span><\/p>\n","protected":false},"featured_media":206,"template":"","meta":{"_acf_changed":false,"inline_featured_image":false},"product_brand":[],"product_cat":[117,66],"product_tag":[3700,3607,4041,4301,3608],"class_list":{"0":"post-207","1":"product","2":"type-product","3":"status-publish","4":"has-post-thumbnail","6":"product_cat-etnoantropolgia","7":"product_cat-sociocultural","8":"product_tag-chiapas-mexico","9":"product_tag-historia-local","10":"product_tag-pueblos-indigenas","11":"product_tag-tsotsil-es","12":"product_tag-vida-social-y-costumbres","14":"first","15":"instock","16":"sale","17":"taxable","18":"shipping-taxable","19":"purchasable","20":"product-type-simple"},"acf":[],"yoast_head":"<!-- This site is optimized with the Yoast SEO plugin v27.2 - https:\/\/yoast.com\/product\/yoast-seo-wordpress\/ -->\n<title>Diario de San Pablo Chalchihuit\u00e1n<\/title>\n<meta name=\"description\" content=\"DIARIO DE SAN PABLO CHALCHIHUIT\u00c1N. \/ Calixta Guiteras Holmes. Chiapas, M\u00e9xico : Consejo Estatal para las Culturas y las Artes de Chiapas, 2002.\" \/>\n<meta name=\"robots\" content=\"index, follow, max-snippet:-1, max-image-preview:large, max-video-preview:-1\" \/>\n<link rel=\"canonical\" href=\"https:\/\/booksfrommexico.com\/es\/producto\/diario-de-san-pablo-chalchihuitan\/\" \/>\n<meta property=\"og:locale\" content=\"es_ES\" \/>\n<meta property=\"og:type\" content=\"article\" \/>\n<meta property=\"og:title\" content=\"Diario de San Pablo Chalchihuit\u00e1n\" \/>\n<meta property=\"og:description\" content=\"DIARIO DE SAN PABLO CHALCHIHUIT\u00c1N. \/ Calixta Guiteras Holmes. Chiapas, M\u00e9xico : Consejo Estatal para las Culturas y las Artes de Chiapas, 2002.\" \/>\n<meta property=\"og:url\" content=\"https:\/\/booksfrommexico.com\/es\/producto\/diario-de-san-pablo-chalchihuitan\/\" \/>\n<meta property=\"og:site_name\" content=\"Books From Mexico\" \/>\n<meta property=\"article:modified_time\" content=\"2024-10-02T23:19:37+00:00\" \/>\n<meta property=\"og:image\" content=\"http:\/\/booksfrommexico.com\/app\/uploads\/2023\/05\/120393.jpeg\" \/>\n\t<meta property=\"og:image:width\" content=\"1013\" \/>\n\t<meta property=\"og:image:height\" content=\"1466\" \/>\n\t<meta property=\"og:image:type\" content=\"image\/jpeg\" \/>\n<meta name=\"twitter:card\" content=\"summary_large_image\" \/>\n<meta name=\"twitter:label1\" content=\"Tiempo de lectura\" \/>\n\t<meta name=\"twitter:data1\" content=\"1 minuto\" \/>\n<script type=\"application\/ld+json\" class=\"yoast-schema-graph\">{\"@context\":\"https:\/\/schema.org\",\"@graph\":[{\"@type\":\"WebPage\",\"@id\":\"https:\/\/booksfrommexico.com\/es\/producto\/diario-de-san-pablo-chalchihuitan\/\",\"url\":\"https:\/\/booksfrommexico.com\/es\/producto\/diario-de-san-pablo-chalchihuitan\/\",\"name\":\"Diario de San Pablo Chalchihuit\u00e1n\",\"isPartOf\":{\"@id\":\"https:\/\/booksfrommexico.com\/#website\"},\"primaryImageOfPage\":{\"@id\":\"https:\/\/booksfrommexico.com\/es\/producto\/diario-de-san-pablo-chalchihuitan\/#primaryimage\"},\"image\":{\"@id\":\"https:\/\/booksfrommexico.com\/es\/producto\/diario-de-san-pablo-chalchihuitan\/#primaryimage\"},\"thumbnailUrl\":\"https:\/\/booksfrommexico.com\/app\/uploads\/2023\/05\/120393.jpeg\",\"datePublished\":\"2023-05-08T16:17:50+00:00\",\"dateModified\":\"2024-10-02T23:19:37+00:00\",\"description\":\"DIARIO DE SAN PABLO CHALCHIHUIT\u00c1N. \/ Calixta Guiteras Holmes. Chiapas, M\u00e9xico : Consejo Estatal para las Culturas y las Artes de Chiapas, 2002.\",\"breadcrumb\":{\"@id\":\"https:\/\/booksfrommexico.com\/es\/producto\/diario-de-san-pablo-chalchihuitan\/#breadcrumb\"},\"inLanguage\":\"es\",\"potentialAction\":[{\"@type\":\"ReadAction\",\"target\":[\"https:\/\/booksfrommexico.com\/es\/producto\/diario-de-san-pablo-chalchihuitan\/\"]}]},{\"@type\":\"ImageObject\",\"inLanguage\":\"es\",\"@id\":\"https:\/\/booksfrommexico.com\/es\/producto\/diario-de-san-pablo-chalchihuitan\/#primaryimage\",\"url\":\"https:\/\/booksfrommexico.com\/app\/uploads\/2023\/05\/120393.jpeg\",\"contentUrl\":\"https:\/\/booksfrommexico.com\/app\/uploads\/2023\/05\/120393.jpeg\",\"width\":1013,\"height\":1466,\"caption\":\"Diario de San Pablo Chalchihuit\u00e1n\"},{\"@type\":\"BreadcrumbList\",\"@id\":\"https:\/\/booksfrommexico.com\/es\/producto\/diario-de-san-pablo-chalchihuitan\/#breadcrumb\",\"itemListElement\":[{\"@type\":\"ListItem\",\"position\":1,\"name\":\"Home\",\"item\":\"https:\/\/booksfrommexico.com\/es\/\"},{\"@type\":\"ListItem\",\"position\":2,\"name\":\"Libros\",\"item\":\"https:\/\/booksfrommexico.com\/es\/libros\/\"},{\"@type\":\"ListItem\",\"position\":3,\"name\":\"Diario de San Pablo Chalchihuit\u00e1n\"}]},{\"@type\":\"WebSite\",\"@id\":\"https:\/\/booksfrommexico.com\/#website\",\"url\":\"https:\/\/booksfrommexico.com\/\",\"name\":\"Books From Mexico\",\"description\":\"\",\"publisher\":{\"@id\":\"https:\/\/booksfrommexico.com\/#organization\"},\"potentialAction\":[{\"@type\":\"SearchAction\",\"target\":{\"@type\":\"EntryPoint\",\"urlTemplate\":\"https:\/\/booksfrommexico.com\/?s={search_term_string}\"},\"query-input\":{\"@type\":\"PropertyValueSpecification\",\"valueRequired\":true,\"valueName\":\"search_term_string\"}}],\"inLanguage\":\"es\"},{\"@type\":\"Organization\",\"@id\":\"https:\/\/booksfrommexico.com\/#organization\",\"name\":\"Books From Mexico\",\"url\":\"https:\/\/booksfrommexico.com\/\",\"logo\":{\"@type\":\"ImageObject\",\"inLanguage\":\"es\",\"@id\":\"https:\/\/booksfrommexico.com\/#\/schema\/logo\/image\/\",\"url\":\"https:\/\/booksfrommexico.com\/app\/uploads\/2023\/05\/logo-booksfrommexico.svg\",\"contentUrl\":\"https:\/\/booksfrommexico.com\/app\/uploads\/2023\/05\/logo-booksfrommexico.svg\",\"width\":86,\"height\":56,\"caption\":\"Books From Mexico\"},\"image\":{\"@id\":\"https:\/\/booksfrommexico.com\/#\/schema\/logo\/image\/\"}}]}<\/script>\n<!-- \/ Yoast SEO plugin. -->","yoast_head_json":{"title":"Diario de San Pablo Chalchihuit\u00e1n","description":"DIARIO DE SAN PABLO CHALCHIHUIT\u00c1N. \/ Calixta Guiteras Holmes. Chiapas, M\u00e9xico : Consejo Estatal para las Culturas y las Artes de Chiapas, 2002.","robots":{"index":"index","follow":"follow","max-snippet":"max-snippet:-1","max-image-preview":"max-image-preview:large","max-video-preview":"max-video-preview:-1"},"canonical":"https:\/\/booksfrommexico.com\/es\/producto\/diario-de-san-pablo-chalchihuitan\/","og_locale":"es_ES","og_type":"article","og_title":"Diario de San Pablo Chalchihuit\u00e1n","og_description":"DIARIO DE SAN PABLO CHALCHIHUIT\u00c1N. \/ Calixta Guiteras Holmes. Chiapas, M\u00e9xico : Consejo Estatal para las Culturas y las Artes de Chiapas, 2002.","og_url":"https:\/\/booksfrommexico.com\/es\/producto\/diario-de-san-pablo-chalchihuitan\/","og_site_name":"Books From Mexico","article_modified_time":"2024-10-02T23:19:37+00:00","og_image":[{"width":1013,"height":1466,"url":"http:\/\/booksfrommexico.com\/app\/uploads\/2023\/05\/120393.jpeg","type":"image\/jpeg"}],"twitter_card":"summary_large_image","twitter_misc":{"Tiempo de lectura":"1 minuto"},"schema":{"@context":"https:\/\/schema.org","@graph":[{"@type":"WebPage","@id":"https:\/\/booksfrommexico.com\/es\/producto\/diario-de-san-pablo-chalchihuitan\/","url":"https:\/\/booksfrommexico.com\/es\/producto\/diario-de-san-pablo-chalchihuitan\/","name":"Diario de San Pablo Chalchihuit\u00e1n","isPartOf":{"@id":"https:\/\/booksfrommexico.com\/#website"},"primaryImageOfPage":{"@id":"https:\/\/booksfrommexico.com\/es\/producto\/diario-de-san-pablo-chalchihuitan\/#primaryimage"},"image":{"@id":"https:\/\/booksfrommexico.com\/es\/producto\/diario-de-san-pablo-chalchihuitan\/#primaryimage"},"thumbnailUrl":"https:\/\/booksfrommexico.com\/app\/uploads\/2023\/05\/120393.jpeg","datePublished":"2023-05-08T16:17:50+00:00","dateModified":"2024-10-02T23:19:37+00:00","description":"DIARIO DE SAN PABLO CHALCHIHUIT\u00c1N. \/ Calixta Guiteras Holmes. Chiapas, M\u00e9xico : Consejo Estatal para las Culturas y las Artes de Chiapas, 2002.","breadcrumb":{"@id":"https:\/\/booksfrommexico.com\/es\/producto\/diario-de-san-pablo-chalchihuitan\/#breadcrumb"},"inLanguage":"es","potentialAction":[{"@type":"ReadAction","target":["https:\/\/booksfrommexico.com\/es\/producto\/diario-de-san-pablo-chalchihuitan\/"]}]},{"@type":"ImageObject","inLanguage":"es","@id":"https:\/\/booksfrommexico.com\/es\/producto\/diario-de-san-pablo-chalchihuitan\/#primaryimage","url":"https:\/\/booksfrommexico.com\/app\/uploads\/2023\/05\/120393.jpeg","contentUrl":"https:\/\/booksfrommexico.com\/app\/uploads\/2023\/05\/120393.jpeg","width":1013,"height":1466,"caption":"Diario de San Pablo Chalchihuit\u00e1n"},{"@type":"BreadcrumbList","@id":"https:\/\/booksfrommexico.com\/es\/producto\/diario-de-san-pablo-chalchihuitan\/#breadcrumb","itemListElement":[{"@type":"ListItem","position":1,"name":"Home","item":"https:\/\/booksfrommexico.com\/es\/"},{"@type":"ListItem","position":2,"name":"Libros","item":"https:\/\/booksfrommexico.com\/es\/libros\/"},{"@type":"ListItem","position":3,"name":"Diario de San Pablo Chalchihuit\u00e1n"}]},{"@type":"WebSite","@id":"https:\/\/booksfrommexico.com\/#website","url":"https:\/\/booksfrommexico.com\/","name":"Books From Mexico","description":"","publisher":{"@id":"https:\/\/booksfrommexico.com\/#organization"},"potentialAction":[{"@type":"SearchAction","target":{"@type":"EntryPoint","urlTemplate":"https:\/\/booksfrommexico.com\/?s={search_term_string}"},"query-input":{"@type":"PropertyValueSpecification","valueRequired":true,"valueName":"search_term_string"}}],"inLanguage":"es"},{"@type":"Organization","@id":"https:\/\/booksfrommexico.com\/#organization","name":"Books From Mexico","url":"https:\/\/booksfrommexico.com\/","logo":{"@type":"ImageObject","inLanguage":"es","@id":"https:\/\/booksfrommexico.com\/#\/schema\/logo\/image\/","url":"https:\/\/booksfrommexico.com\/app\/uploads\/2023\/05\/logo-booksfrommexico.svg","contentUrl":"https:\/\/booksfrommexico.com\/app\/uploads\/2023\/05\/logo-booksfrommexico.svg","width":86,"height":56,"caption":"Books From Mexico"},"image":{"@id":"https:\/\/booksfrommexico.com\/#\/schema\/logo\/image\/"}}]}},"_links":{"self":[{"href":"https:\/\/booksfrommexico.com\/es\/wp-json\/wp\/v2\/product\/207","targetHints":{"allow":["GET"]}}],"collection":[{"href":"https:\/\/booksfrommexico.com\/es\/wp-json\/wp\/v2\/product"}],"about":[{"href":"https:\/\/booksfrommexico.com\/es\/wp-json\/wp\/v2\/types\/product"}],"wp:featuredmedia":[{"embeddable":true,"href":"https:\/\/booksfrommexico.com\/es\/wp-json\/wp\/v2\/media\/206"}],"wp:attachment":[{"href":"https:\/\/booksfrommexico.com\/es\/wp-json\/wp\/v2\/media?parent=207"}],"wp:term":[{"taxonomy":"product_brand","embeddable":true,"href":"https:\/\/booksfrommexico.com\/es\/wp-json\/wp\/v2\/product_brand?post=207"},{"taxonomy":"product_cat","embeddable":true,"href":"https:\/\/booksfrommexico.com\/es\/wp-json\/wp\/v2\/product_cat?post=207"},{"taxonomy":"product_tag","embeddable":true,"href":"https:\/\/booksfrommexico.com\/es\/wp-json\/wp\/v2\/product_tag?post=207"}],"curies":[{"name":"wp","href":"https:\/\/api.w.org\/{rel}","templated":true}]}}