{"id":209,"date":"2023-05-08T16:19:31","date_gmt":"2023-05-08T16:19:31","guid":{"rendered":"http:\/\/booksfrommexico.com\/product\/la-danza-en-mexico-visiones-de-cinco-siglos-2-vols\/"},"modified":"2023-12-14T17:43:40","modified_gmt":"2023-12-14T17:43:40","slug":"la-danza-en-mexico-visiones-de-cinco-siglos-2-vols","status":"publish","type":"product","link":"https:\/\/booksfrommexico.com\/es\/producto\/la-danza-en-mexico-visiones-de-cinco-siglos-2-vols\/","title":{"rendered":"Danza en M\u00e9xico Visiones de cinco siglos, 2 vols"},"content":{"rendered":"","protected":false},"excerpt":{"rendered":"<div>LA DANZA EN M\u00c9XICO : VISIONES DE CINCO SIGLOS, 2 VOLS. \/ Maya Ramos Smith, Patricia Cardona Lang. M\u00e9xico, D.F.: Instituto Nacional de Bellas Artes; Consejo Nacional para la Cultura y las Artes, Fondo Editorial Tierra Adentro; Escenolog\u00eda, 2002. 680 pages : 24 cm. ISBN 9701879562.<\/div>\n","protected":false},"featured_media":208,"template":"","meta":{"_acf_changed":false,"inline_featured_image":false},"product_brand":[],"product_cat":[3347],"product_tag":[3859,3657,3594],"class_list":{"0":"post-209","1":"product","2":"type-product","3":"status-publish","4":"has-post-thumbnail","6":"product_cat-drama-danza-y-teatro","7":"product_tag-danza","8":"product_tag-historia","9":"product_tag-mexico","11":"first","12":"outofstock","13":"taxable","14":"shipping-taxable","15":"purchasable","16":"product-type-simple"},"acf":[],"yoast_head":"<!-- This site is optimized with the Yoast SEO plugin v27.2 - https:\/\/yoast.com\/product\/yoast-seo-wordpress\/ -->\n<title>Danza en M\u00e9xico Visiones de cinco siglos, 2 vols - Books From Mexico<\/title>\n<meta name=\"description\" content=\"Maya Ramos Smith, Patricia Cardona Lang. M\u00e9xico, D.F.: Instituto Nacional de Bellas Artes, 2002. ISBN 9701879562. Colecci\u00f3n de documentos de cinco siglos.\" \/>\n<meta name=\"robots\" content=\"index, follow, max-snippet:-1, max-image-preview:large, max-video-preview:-1\" \/>\n<link rel=\"canonical\" href=\"https:\/\/booksfrommexico.com\/es\/producto\/la-danza-en-mexico-visiones-de-cinco-siglos-2-vols\/\" \/>\n<meta property=\"og:locale\" content=\"es_ES\" \/>\n<meta property=\"og:type\" content=\"article\" \/>\n<meta property=\"og:title\" content=\"Danza en M\u00e9xico Visiones de cinco siglos, 2 vols - Books From Mexico\" \/>\n<meta property=\"og:description\" content=\"Maya Ramos Smith, Patricia Cardona Lang. M\u00e9xico, D.F.: Instituto Nacional de Bellas Artes, 2002. ISBN 9701879562. Colecci\u00f3n de documentos de cinco siglos.\" \/>\n<meta property=\"og:url\" content=\"https:\/\/booksfrommexico.com\/es\/producto\/la-danza-en-mexico-visiones-de-cinco-siglos-2-vols\/\" \/>\n<meta property=\"og:site_name\" content=\"Books From Mexico\" \/>\n<meta property=\"article:modified_time\" content=\"2023-12-14T17:43:40+00:00\" \/>\n<meta property=\"og:image\" content=\"http:\/\/booksfrommexico.com\/app\/uploads\/2023\/05\/120412.jpeg\" \/>\n\t<meta property=\"og:image:width\" content=\"1312\" \/>\n\t<meta property=\"og:image:height\" content=\"1802\" \/>\n\t<meta property=\"og:image:type\" content=\"image\/jpeg\" \/>\n<meta name=\"twitter:card\" content=\"summary_large_image\" \/>\n<script type=\"application\/ld+json\" class=\"yoast-schema-graph\">{\"@context\":\"https:\/\/schema.org\",\"@graph\":[{\"@type\":\"WebPage\",\"@id\":\"https:\/\/booksfrommexico.com\/es\/producto\/la-danza-en-mexico-visiones-de-cinco-siglos-2-vols\/\",\"url\":\"https:\/\/booksfrommexico.com\/es\/producto\/la-danza-en-mexico-visiones-de-cinco-siglos-2-vols\/\",\"name\":\"Danza en M\u00e9xico Visiones de cinco siglos, 2 vols - Books From Mexico\",\"isPartOf\":{\"@id\":\"https:\/\/booksfrommexico.com\/#website\"},\"primaryImageOfPage\":{\"@id\":\"https:\/\/booksfrommexico.com\/es\/producto\/la-danza-en-mexico-visiones-de-cinco-siglos-2-vols\/#primaryimage\"},\"image\":{\"@id\":\"https:\/\/booksfrommexico.com\/es\/producto\/la-danza-en-mexico-visiones-de-cinco-siglos-2-vols\/#primaryimage\"},\"thumbnailUrl\":\"https:\/\/booksfrommexico.com\/app\/uploads\/2023\/05\/120412.jpeg\",\"datePublished\":\"2023-05-08T16:19:31+00:00\",\"dateModified\":\"2023-12-14T17:43:40+00:00\",\"description\":\"Maya Ramos Smith, Patricia Cardona Lang. M\u00e9xico, D.F.: Instituto Nacional de Bellas Artes, 2002. ISBN 9701879562. Colecci\u00f3n de documentos de cinco siglos.\",\"breadcrumb\":{\"@id\":\"https:\/\/booksfrommexico.com\/es\/producto\/la-danza-en-mexico-visiones-de-cinco-siglos-2-vols\/#breadcrumb\"},\"inLanguage\":\"es\",\"potentialAction\":[{\"@type\":\"ReadAction\",\"target\":[\"https:\/\/booksfrommexico.com\/es\/producto\/la-danza-en-mexico-visiones-de-cinco-siglos-2-vols\/\"]}]},{\"@type\":\"ImageObject\",\"inLanguage\":\"es\",\"@id\":\"https:\/\/booksfrommexico.com\/es\/producto\/la-danza-en-mexico-visiones-de-cinco-siglos-2-vols\/#primaryimage\",\"url\":\"https:\/\/booksfrommexico.com\/app\/uploads\/2023\/05\/120412.jpeg\",\"contentUrl\":\"https:\/\/booksfrommexico.com\/app\/uploads\/2023\/05\/120412.jpeg\",\"width\":1312,\"height\":1802,\"caption\":\"La Danza en M\u00e9xico Visiones de cinco siglos, 2 vols\"},{\"@type\":\"BreadcrumbList\",\"@id\":\"https:\/\/booksfrommexico.com\/es\/producto\/la-danza-en-mexico-visiones-de-cinco-siglos-2-vols\/#breadcrumb\",\"itemListElement\":[{\"@type\":\"ListItem\",\"position\":1,\"name\":\"Home\",\"item\":\"https:\/\/booksfrommexico.com\/es\/\"},{\"@type\":\"ListItem\",\"position\":2,\"name\":\"Libros\",\"item\":\"https:\/\/booksfrommexico.com\/es\/libros\/\"},{\"@type\":\"ListItem\",\"position\":3,\"name\":\"Danza en M\u00e9xico Visiones de cinco siglos, 2 vols\"}]},{\"@type\":\"WebSite\",\"@id\":\"https:\/\/booksfrommexico.com\/#website\",\"url\":\"https:\/\/booksfrommexico.com\/\",\"name\":\"Books From Mexico\",\"description\":\"\",\"publisher\":{\"@id\":\"https:\/\/booksfrommexico.com\/#organization\"},\"potentialAction\":[{\"@type\":\"SearchAction\",\"target\":{\"@type\":\"EntryPoint\",\"urlTemplate\":\"https:\/\/booksfrommexico.com\/?s={search_term_string}\"},\"query-input\":{\"@type\":\"PropertyValueSpecification\",\"valueRequired\":true,\"valueName\":\"search_term_string\"}}],\"inLanguage\":\"es\"},{\"@type\":\"Organization\",\"@id\":\"https:\/\/booksfrommexico.com\/#organization\",\"name\":\"Books From Mexico\",\"url\":\"https:\/\/booksfrommexico.com\/\",\"logo\":{\"@type\":\"ImageObject\",\"inLanguage\":\"es\",\"@id\":\"https:\/\/booksfrommexico.com\/#\/schema\/logo\/image\/\",\"url\":\"https:\/\/booksfrommexico.com\/app\/uploads\/2023\/05\/logo-booksfrommexico.svg\",\"contentUrl\":\"https:\/\/booksfrommexico.com\/app\/uploads\/2023\/05\/logo-booksfrommexico.svg\",\"width\":86,\"height\":56,\"caption\":\"Books From Mexico\"},\"image\":{\"@id\":\"https:\/\/booksfrommexico.com\/#\/schema\/logo\/image\/\"}}]}<\/script>\n<!-- \/ Yoast SEO plugin. -->","yoast_head_json":{"title":"Danza en M\u00e9xico Visiones de cinco siglos, 2 vols - Books From Mexico","description":"Maya Ramos Smith, Patricia Cardona Lang. M\u00e9xico, D.F.: Instituto Nacional de Bellas Artes, 2002. ISBN 9701879562. Colecci\u00f3n de documentos de cinco siglos.","robots":{"index":"index","follow":"follow","max-snippet":"max-snippet:-1","max-image-preview":"max-image-preview:large","max-video-preview":"max-video-preview:-1"},"canonical":"https:\/\/booksfrommexico.com\/es\/producto\/la-danza-en-mexico-visiones-de-cinco-siglos-2-vols\/","og_locale":"es_ES","og_type":"article","og_title":"Danza en M\u00e9xico Visiones de cinco siglos, 2 vols - Books From Mexico","og_description":"Maya Ramos Smith, Patricia Cardona Lang. M\u00e9xico, D.F.: Instituto Nacional de Bellas Artes, 2002. ISBN 9701879562. Colecci\u00f3n de documentos de cinco siglos.","og_url":"https:\/\/booksfrommexico.com\/es\/producto\/la-danza-en-mexico-visiones-de-cinco-siglos-2-vols\/","og_site_name":"Books From Mexico","article_modified_time":"2023-12-14T17:43:40+00:00","og_image":[{"width":1312,"height":1802,"url":"http:\/\/booksfrommexico.com\/app\/uploads\/2023\/05\/120412.jpeg","type":"image\/jpeg"}],"twitter_card":"summary_large_image","schema":{"@context":"https:\/\/schema.org","@graph":[{"@type":"WebPage","@id":"https:\/\/booksfrommexico.com\/es\/producto\/la-danza-en-mexico-visiones-de-cinco-siglos-2-vols\/","url":"https:\/\/booksfrommexico.com\/es\/producto\/la-danza-en-mexico-visiones-de-cinco-siglos-2-vols\/","name":"Danza en M\u00e9xico Visiones de cinco siglos, 2 vols - Books From Mexico","isPartOf":{"@id":"https:\/\/booksfrommexico.com\/#website"},"primaryImageOfPage":{"@id":"https:\/\/booksfrommexico.com\/es\/producto\/la-danza-en-mexico-visiones-de-cinco-siglos-2-vols\/#primaryimage"},"image":{"@id":"https:\/\/booksfrommexico.com\/es\/producto\/la-danza-en-mexico-visiones-de-cinco-siglos-2-vols\/#primaryimage"},"thumbnailUrl":"https:\/\/booksfrommexico.com\/app\/uploads\/2023\/05\/120412.jpeg","datePublished":"2023-05-08T16:19:31+00:00","dateModified":"2023-12-14T17:43:40+00:00","description":"Maya Ramos Smith, Patricia Cardona Lang. M\u00e9xico, D.F.: Instituto Nacional de Bellas Artes, 2002. ISBN 9701879562. Colecci\u00f3n de documentos de cinco siglos.","breadcrumb":{"@id":"https:\/\/booksfrommexico.com\/es\/producto\/la-danza-en-mexico-visiones-de-cinco-siglos-2-vols\/#breadcrumb"},"inLanguage":"es","potentialAction":[{"@type":"ReadAction","target":["https:\/\/booksfrommexico.com\/es\/producto\/la-danza-en-mexico-visiones-de-cinco-siglos-2-vols\/"]}]},{"@type":"ImageObject","inLanguage":"es","@id":"https:\/\/booksfrommexico.com\/es\/producto\/la-danza-en-mexico-visiones-de-cinco-siglos-2-vols\/#primaryimage","url":"https:\/\/booksfrommexico.com\/app\/uploads\/2023\/05\/120412.jpeg","contentUrl":"https:\/\/booksfrommexico.com\/app\/uploads\/2023\/05\/120412.jpeg","width":1312,"height":1802,"caption":"La Danza en M\u00e9xico Visiones de cinco siglos, 2 vols"},{"@type":"BreadcrumbList","@id":"https:\/\/booksfrommexico.com\/es\/producto\/la-danza-en-mexico-visiones-de-cinco-siglos-2-vols\/#breadcrumb","itemListElement":[{"@type":"ListItem","position":1,"name":"Home","item":"https:\/\/booksfrommexico.com\/es\/"},{"@type":"ListItem","position":2,"name":"Libros","item":"https:\/\/booksfrommexico.com\/es\/libros\/"},{"@type":"ListItem","position":3,"name":"Danza en M\u00e9xico Visiones de cinco siglos, 2 vols"}]},{"@type":"WebSite","@id":"https:\/\/booksfrommexico.com\/#website","url":"https:\/\/booksfrommexico.com\/","name":"Books From Mexico","description":"","publisher":{"@id":"https:\/\/booksfrommexico.com\/#organization"},"potentialAction":[{"@type":"SearchAction","target":{"@type":"EntryPoint","urlTemplate":"https:\/\/booksfrommexico.com\/?s={search_term_string}"},"query-input":{"@type":"PropertyValueSpecification","valueRequired":true,"valueName":"search_term_string"}}],"inLanguage":"es"},{"@type":"Organization","@id":"https:\/\/booksfrommexico.com\/#organization","name":"Books From Mexico","url":"https:\/\/booksfrommexico.com\/","logo":{"@type":"ImageObject","inLanguage":"es","@id":"https:\/\/booksfrommexico.com\/#\/schema\/logo\/image\/","url":"https:\/\/booksfrommexico.com\/app\/uploads\/2023\/05\/logo-booksfrommexico.svg","contentUrl":"https:\/\/booksfrommexico.com\/app\/uploads\/2023\/05\/logo-booksfrommexico.svg","width":86,"height":56,"caption":"Books From Mexico"},"image":{"@id":"https:\/\/booksfrommexico.com\/#\/schema\/logo\/image\/"}}]}},"_links":{"self":[{"href":"https:\/\/booksfrommexico.com\/es\/wp-json\/wp\/v2\/product\/209","targetHints":{"allow":["GET"]}}],"collection":[{"href":"https:\/\/booksfrommexico.com\/es\/wp-json\/wp\/v2\/product"}],"about":[{"href":"https:\/\/booksfrommexico.com\/es\/wp-json\/wp\/v2\/types\/product"}],"wp:featuredmedia":[{"embeddable":true,"href":"https:\/\/booksfrommexico.com\/es\/wp-json\/wp\/v2\/media\/208"}],"wp:attachment":[{"href":"https:\/\/booksfrommexico.com\/es\/wp-json\/wp\/v2\/media?parent=209"}],"wp:term":[{"taxonomy":"product_brand","embeddable":true,"href":"https:\/\/booksfrommexico.com\/es\/wp-json\/wp\/v2\/product_brand?post=209"},{"taxonomy":"product_cat","embeddable":true,"href":"https:\/\/booksfrommexico.com\/es\/wp-json\/wp\/v2\/product_cat?post=209"},{"taxonomy":"product_tag","embeddable":true,"href":"https:\/\/booksfrommexico.com\/es\/wp-json\/wp\/v2\/product_tag?post=209"}],"curies":[{"name":"wp","href":"https:\/\/api.w.org\/{rel}","templated":true}]}}