{"id":218,"date":"2023-05-08T16:58:40","date_gmt":"2023-05-08T16:58:40","guid":{"rendered":"http:\/\/booksfrommexico.com\/product\/lecturas-retoricas-de-la-sociedad\/"},"modified":"2024-10-02T23:19:56","modified_gmt":"2024-10-02T23:19:56","slug":"lecturas-retoricas-de-la-sociedad","status":"publish","type":"product","link":"https:\/\/booksfrommexico.com\/es\/producto\/lecturas-retoricas-de-la-sociedad\/","title":{"rendered":"Lecturas ret\u00f3ricas de la sociedad"},"content":{"rendered":"<p id=\"tw-target-text\" class=\"tw-data-text tw-text-large tw-ta\" dir=\"ltr\" data-placeholder=\"Traducci\u00f3n\" data-ved=\"2ahUKEwiq-sWcwY-DAxVeh-4BHQPtBAkQ3ewLegQIBRAQ\"><span style=\"font-weight: 400;\">En el M\u00e9xico contempor\u00e1neo, a pesar de que los estudios acerca de la retoricidad del lenguaje y de su disciplina se han dado s\u00f3lo de manera aislada y dispersa, un n\u00famero cada vez mayor de universitarios dirige su atenci\u00f3n a ella, considerando la ret\u00f3rica como un medio de relaci\u00f3n y de entendimiento. Este t\u00edtulo es parte del esfuerzo colectivo para entender la historia, la naturaleza, los m\u00e9todos y el objeto de la disciplina ret\u00f3rica, desde la perspectiva de diversos autores. A trav\u00e9s de estos ensayos se tratan diversas situaciones del uso de la ret\u00f3rica y su impacto en diferentes aspectos de la sociedad mexicana: financiero, cultural, educativo y pol\u00edtico. <\/span><\/p>\n","protected":false},"excerpt":{"rendered":"<p>LECTURAS RET\u00d3RICAS DE LA SOCIEDAD<span style=\"font-weight: 400;\">. \/ Helena Berist\u00e1in (compilator). M\u00e9xico, D.F. : Universidad Nacional Aut\u00f3noma de M\u00e9xico , Instituto de Investigaciones Filol\u00f3gicas, 2002. 349 pages : includes tables, notes, bibliography at the end of each chapter ; 20 cm. (Colecci\u00f3n Bit\u00e1cora de Ret\u00f3rica). ISBN : 9703200613. <\/span><\/p>\n","protected":false},"featured_media":217,"template":"","meta":{"_acf_changed":false,"inline_featured_image":false},"product_brand":[],"product_cat":[898,78],"product_tag":[3869,3855,4406,3867],"class_list":{"0":"post-218","1":"product","2":"type-product","3":"status-publish","4":"has-post-thumbnail","6":"product_cat-filosofia","7":"product_cat-sociologia","8":"product_tag-critica-y-estudios","9":"product_tag-ensayos","10":"product_tag-filosofia","11":"product_tag-retorica","13":"first","14":"instock","15":"sale","16":"taxable","17":"shipping-taxable","18":"purchasable","19":"product-type-simple"},"acf":[],"yoast_head":"<!-- This site is optimized with the Yoast SEO plugin v27.3 - https:\/\/yoast.com\/product\/yoast-seo-wordpress\/ -->\n<title>Lecturas ret\u00f3ricas de la sociedad<\/title>\n<meta name=\"description\" content=\"LECTURAS RET\u00d3RICAS DE LA SOCIEDAD. \/ Helena Berist\u00e1in (compilator). UNAM , Instituto de Investigaciones Filol\u00f3gicas, 2002. (Colecci\u00f3n Bit\u00e1cora de Ret\u00f3rica).\" \/>\n<meta name=\"robots\" content=\"index, follow, max-snippet:-1, max-image-preview:large, max-video-preview:-1\" \/>\n<link rel=\"canonical\" href=\"https:\/\/booksfrommexico.com\/es\/producto\/lecturas-retoricas-de-la-sociedad\/\" \/>\n<meta property=\"og:locale\" content=\"es_ES\" \/>\n<meta property=\"og:type\" content=\"article\" \/>\n<meta property=\"og:title\" content=\"Lecturas ret\u00f3ricas de la sociedad\" \/>\n<meta property=\"og:description\" content=\"LECTURAS RET\u00d3RICAS DE LA SOCIEDAD. \/ Helena Berist\u00e1in (compilator). UNAM , Instituto de Investigaciones Filol\u00f3gicas, 2002. (Colecci\u00f3n Bit\u00e1cora de Ret\u00f3rica).\" \/>\n<meta property=\"og:url\" content=\"https:\/\/booksfrommexico.com\/es\/producto\/lecturas-retoricas-de-la-sociedad\/\" \/>\n<meta property=\"og:site_name\" content=\"Books From Mexico\" \/>\n<meta property=\"article:modified_time\" content=\"2024-10-02T23:19:56+00:00\" \/>\n<meta property=\"og:image\" content=\"http:\/\/booksfrommexico.com\/app\/uploads\/2023\/05\/120420.jpeg\" \/>\n\t<meta property=\"og:image:width\" content=\"979\" \/>\n\t<meta property=\"og:image:height\" content=\"1535\" \/>\n\t<meta property=\"og:image:type\" content=\"image\/jpeg\" \/>\n<meta name=\"twitter:card\" content=\"summary_large_image\" \/>\n<meta name=\"twitter:label1\" content=\"Tiempo de lectura\" \/>\n\t<meta name=\"twitter:data1\" content=\"1 minuto\" \/>\n<script type=\"application\/ld+json\" class=\"yoast-schema-graph\">{\"@context\":\"https:\\\/\\\/schema.org\",\"@graph\":[{\"@type\":\"WebPage\",\"@id\":\"https:\\\/\\\/booksfrommexico.com\\\/es\\\/producto\\\/lecturas-retoricas-de-la-sociedad\\\/\",\"url\":\"https:\\\/\\\/booksfrommexico.com\\\/es\\\/producto\\\/lecturas-retoricas-de-la-sociedad\\\/\",\"name\":\"Lecturas ret\u00f3ricas de la sociedad\",\"isPartOf\":{\"@id\":\"https:\\\/\\\/booksfrommexico.com\\\/#website\"},\"primaryImageOfPage\":{\"@id\":\"https:\\\/\\\/booksfrommexico.com\\\/es\\\/producto\\\/lecturas-retoricas-de-la-sociedad\\\/#primaryimage\"},\"image\":{\"@id\":\"https:\\\/\\\/booksfrommexico.com\\\/es\\\/producto\\\/lecturas-retoricas-de-la-sociedad\\\/#primaryimage\"},\"thumbnailUrl\":\"https:\\\/\\\/booksfrommexico.com\\\/app\\\/uploads\\\/2023\\\/05\\\/120420.jpeg\",\"datePublished\":\"2023-05-08T16:58:40+00:00\",\"dateModified\":\"2024-10-02T23:19:56+00:00\",\"description\":\"LECTURAS RET\u00d3RICAS DE LA SOCIEDAD. \\\/ Helena Berist\u00e1in (compilator). UNAM , Instituto de Investigaciones Filol\u00f3gicas, 2002. (Colecci\u00f3n Bit\u00e1cora de Ret\u00f3rica).\",\"breadcrumb\":{\"@id\":\"https:\\\/\\\/booksfrommexico.com\\\/es\\\/producto\\\/lecturas-retoricas-de-la-sociedad\\\/#breadcrumb\"},\"inLanguage\":\"es\",\"potentialAction\":[{\"@type\":\"ReadAction\",\"target\":[\"https:\\\/\\\/booksfrommexico.com\\\/es\\\/producto\\\/lecturas-retoricas-de-la-sociedad\\\/\"]}]},{\"@type\":\"ImageObject\",\"inLanguage\":\"es\",\"@id\":\"https:\\\/\\\/booksfrommexico.com\\\/es\\\/producto\\\/lecturas-retoricas-de-la-sociedad\\\/#primaryimage\",\"url\":\"https:\\\/\\\/booksfrommexico.com\\\/app\\\/uploads\\\/2023\\\/05\\\/120420.jpeg\",\"contentUrl\":\"https:\\\/\\\/booksfrommexico.com\\\/app\\\/uploads\\\/2023\\\/05\\\/120420.jpeg\",\"width\":979,\"height\":1535,\"caption\":\"Lecturas ret\u00f3ricas de la sociedad\"},{\"@type\":\"BreadcrumbList\",\"@id\":\"https:\\\/\\\/booksfrommexico.com\\\/es\\\/producto\\\/lecturas-retoricas-de-la-sociedad\\\/#breadcrumb\",\"itemListElement\":[{\"@type\":\"ListItem\",\"position\":1,\"name\":\"Home\",\"item\":\"https:\\\/\\\/booksfrommexico.com\\\/es\\\/\"},{\"@type\":\"ListItem\",\"position\":2,\"name\":\"Libros\",\"item\":\"https:\\\/\\\/booksfrommexico.com\\\/es\\\/libros\\\/\"},{\"@type\":\"ListItem\",\"position\":3,\"name\":\"Lecturas ret\u00f3ricas de la sociedad\"}]},{\"@type\":\"WebSite\",\"@id\":\"https:\\\/\\\/booksfrommexico.com\\\/#website\",\"url\":\"https:\\\/\\\/booksfrommexico.com\\\/\",\"name\":\"Books From Mexico\",\"description\":\"\",\"publisher\":{\"@id\":\"https:\\\/\\\/booksfrommexico.com\\\/#organization\"},\"potentialAction\":[{\"@type\":\"SearchAction\",\"target\":{\"@type\":\"EntryPoint\",\"urlTemplate\":\"https:\\\/\\\/booksfrommexico.com\\\/?s={search_term_string}\"},\"query-input\":{\"@type\":\"PropertyValueSpecification\",\"valueRequired\":true,\"valueName\":\"search_term_string\"}}],\"inLanguage\":\"es\"},{\"@type\":\"Organization\",\"@id\":\"https:\\\/\\\/booksfrommexico.com\\\/#organization\",\"name\":\"Books From Mexico\",\"url\":\"https:\\\/\\\/booksfrommexico.com\\\/\",\"logo\":{\"@type\":\"ImageObject\",\"inLanguage\":\"es\",\"@id\":\"https:\\\/\\\/booksfrommexico.com\\\/#\\\/schema\\\/logo\\\/image\\\/\",\"url\":\"https:\\\/\\\/booksfrommexico.com\\\/app\\\/uploads\\\/2023\\\/05\\\/logo-booksfrommexico.svg\",\"contentUrl\":\"https:\\\/\\\/booksfrommexico.com\\\/app\\\/uploads\\\/2023\\\/05\\\/logo-booksfrommexico.svg\",\"width\":86,\"height\":56,\"caption\":\"Books From Mexico\"},\"image\":{\"@id\":\"https:\\\/\\\/booksfrommexico.com\\\/#\\\/schema\\\/logo\\\/image\\\/\"}}]}<\/script>\n<!-- \/ Yoast SEO plugin. -->","yoast_head_json":{"title":"Lecturas ret\u00f3ricas de la sociedad","description":"LECTURAS RET\u00d3RICAS DE LA SOCIEDAD. \/ Helena Berist\u00e1in (compilator). UNAM , Instituto de Investigaciones Filol\u00f3gicas, 2002. (Colecci\u00f3n Bit\u00e1cora de Ret\u00f3rica).","robots":{"index":"index","follow":"follow","max-snippet":"max-snippet:-1","max-image-preview":"max-image-preview:large","max-video-preview":"max-video-preview:-1"},"canonical":"https:\/\/booksfrommexico.com\/es\/producto\/lecturas-retoricas-de-la-sociedad\/","og_locale":"es_ES","og_type":"article","og_title":"Lecturas ret\u00f3ricas de la sociedad","og_description":"LECTURAS RET\u00d3RICAS DE LA SOCIEDAD. \/ Helena Berist\u00e1in (compilator). UNAM , Instituto de Investigaciones Filol\u00f3gicas, 2002. (Colecci\u00f3n Bit\u00e1cora de Ret\u00f3rica).","og_url":"https:\/\/booksfrommexico.com\/es\/producto\/lecturas-retoricas-de-la-sociedad\/","og_site_name":"Books From Mexico","article_modified_time":"2024-10-02T23:19:56+00:00","og_image":[{"width":979,"height":1535,"url":"http:\/\/booksfrommexico.com\/app\/uploads\/2023\/05\/120420.jpeg","type":"image\/jpeg"}],"twitter_card":"summary_large_image","twitter_misc":{"Tiempo de lectura":"1 minuto"},"schema":{"@context":"https:\/\/schema.org","@graph":[{"@type":"WebPage","@id":"https:\/\/booksfrommexico.com\/es\/producto\/lecturas-retoricas-de-la-sociedad\/","url":"https:\/\/booksfrommexico.com\/es\/producto\/lecturas-retoricas-de-la-sociedad\/","name":"Lecturas ret\u00f3ricas de la sociedad","isPartOf":{"@id":"https:\/\/booksfrommexico.com\/#website"},"primaryImageOfPage":{"@id":"https:\/\/booksfrommexico.com\/es\/producto\/lecturas-retoricas-de-la-sociedad\/#primaryimage"},"image":{"@id":"https:\/\/booksfrommexico.com\/es\/producto\/lecturas-retoricas-de-la-sociedad\/#primaryimage"},"thumbnailUrl":"https:\/\/booksfrommexico.com\/app\/uploads\/2023\/05\/120420.jpeg","datePublished":"2023-05-08T16:58:40+00:00","dateModified":"2024-10-02T23:19:56+00:00","description":"LECTURAS RET\u00d3RICAS DE LA SOCIEDAD. \/ Helena Berist\u00e1in (compilator). UNAM , Instituto de Investigaciones Filol\u00f3gicas, 2002. (Colecci\u00f3n Bit\u00e1cora de Ret\u00f3rica).","breadcrumb":{"@id":"https:\/\/booksfrommexico.com\/es\/producto\/lecturas-retoricas-de-la-sociedad\/#breadcrumb"},"inLanguage":"es","potentialAction":[{"@type":"ReadAction","target":["https:\/\/booksfrommexico.com\/es\/producto\/lecturas-retoricas-de-la-sociedad\/"]}]},{"@type":"ImageObject","inLanguage":"es","@id":"https:\/\/booksfrommexico.com\/es\/producto\/lecturas-retoricas-de-la-sociedad\/#primaryimage","url":"https:\/\/booksfrommexico.com\/app\/uploads\/2023\/05\/120420.jpeg","contentUrl":"https:\/\/booksfrommexico.com\/app\/uploads\/2023\/05\/120420.jpeg","width":979,"height":1535,"caption":"Lecturas ret\u00f3ricas de la sociedad"},{"@type":"BreadcrumbList","@id":"https:\/\/booksfrommexico.com\/es\/producto\/lecturas-retoricas-de-la-sociedad\/#breadcrumb","itemListElement":[{"@type":"ListItem","position":1,"name":"Home","item":"https:\/\/booksfrommexico.com\/es\/"},{"@type":"ListItem","position":2,"name":"Libros","item":"https:\/\/booksfrommexico.com\/es\/libros\/"},{"@type":"ListItem","position":3,"name":"Lecturas ret\u00f3ricas de la sociedad"}]},{"@type":"WebSite","@id":"https:\/\/booksfrommexico.com\/#website","url":"https:\/\/booksfrommexico.com\/","name":"Books From Mexico","description":"","publisher":{"@id":"https:\/\/booksfrommexico.com\/#organization"},"potentialAction":[{"@type":"SearchAction","target":{"@type":"EntryPoint","urlTemplate":"https:\/\/booksfrommexico.com\/?s={search_term_string}"},"query-input":{"@type":"PropertyValueSpecification","valueRequired":true,"valueName":"search_term_string"}}],"inLanguage":"es"},{"@type":"Organization","@id":"https:\/\/booksfrommexico.com\/#organization","name":"Books From Mexico","url":"https:\/\/booksfrommexico.com\/","logo":{"@type":"ImageObject","inLanguage":"es","@id":"https:\/\/booksfrommexico.com\/#\/schema\/logo\/image\/","url":"https:\/\/booksfrommexico.com\/app\/uploads\/2023\/05\/logo-booksfrommexico.svg","contentUrl":"https:\/\/booksfrommexico.com\/app\/uploads\/2023\/05\/logo-booksfrommexico.svg","width":86,"height":56,"caption":"Books From Mexico"},"image":{"@id":"https:\/\/booksfrommexico.com\/#\/schema\/logo\/image\/"}}]}},"_links":{"self":[{"href":"https:\/\/booksfrommexico.com\/es\/wp-json\/wp\/v2\/product\/218","targetHints":{"allow":["GET"]}}],"collection":[{"href":"https:\/\/booksfrommexico.com\/es\/wp-json\/wp\/v2\/product"}],"about":[{"href":"https:\/\/booksfrommexico.com\/es\/wp-json\/wp\/v2\/types\/product"}],"wp:featuredmedia":[{"embeddable":true,"href":"https:\/\/booksfrommexico.com\/es\/wp-json\/wp\/v2\/media\/217"}],"wp:attachment":[{"href":"https:\/\/booksfrommexico.com\/es\/wp-json\/wp\/v2\/media?parent=218"}],"wp:term":[{"taxonomy":"product_brand","embeddable":true,"href":"https:\/\/booksfrommexico.com\/es\/wp-json\/wp\/v2\/product_brand?post=218"},{"taxonomy":"product_cat","embeddable":true,"href":"https:\/\/booksfrommexico.com\/es\/wp-json\/wp\/v2\/product_cat?post=218"},{"taxonomy":"product_tag","embeddable":true,"href":"https:\/\/booksfrommexico.com\/es\/wp-json\/wp\/v2\/product_tag?post=218"}],"curies":[{"name":"wp","href":"https:\/\/api.w.org\/{rel}","templated":true}]}}