{"id":222,"date":"2023-05-08T16:58:48","date_gmt":"2023-05-08T16:58:48","guid":{"rendered":"http:\/\/booksfrommexico.com\/product\/aprendamos-tseltal\/"},"modified":"2023-12-14T22:46:59","modified_gmt":"2023-12-14T22:46:59","slug":"aprendamos-tseltal","status":"publish","type":"product","link":"https:\/\/booksfrommexico.com\/es\/producto\/aprendamos-tseltal\/","title":{"rendered":"Aprendamos tseltal"},"content":{"rendered":"","protected":false},"excerpt":{"rendered":"<p>Teara Plores, Ankel Kiyermo. APRENDAMOS TSELTAL. \/ Ankel Kiyermo Teara Plores. Tuxtla Guti\u00e9rrez, Chiapas : Centro Estatal de Lenguas, Arte y Literatura Ind\u00edgenas, 2002. 186 pages : 21 cm.<\/p>\n","protected":false},"featured_media":221,"template":"","meta":{"_acf_changed":false,"inline_featured_image":false},"product_brand":[],"product_cat":[169,3166],"product_tag":[3711,3714,3750],"class_list":{"0":"post-222","1":"product","2":"type-product","3":"status-publish","4":"has-post-thumbnail","6":"product_cat-lengua-y-linguistica","7":"product_cat-lenguas-y-linguisticas-indigenas-lengua-y-linguistica","8":"product_tag-estudio-y-ensenanza","9":"product_tag-gramatica","10":"product_tag-lenguaje-tseltal","12":"first","13":"outofstock","14":"taxable","15":"shipping-taxable","16":"purchasable","17":"product-type-simple"},"acf":[],"yoast_head":"<!-- This site is optimized with the Yoast SEO plugin v27.3 - https:\/\/yoast.com\/product\/yoast-seo-wordpress\/ -->\n<title>Aprendamos tseltal - Books From Mexico<\/title>\n<meta name=\"description\" content=\"APRENDAMOS TSELTAL. \/ Teara Plores, Ankel Kiyermo. Tuxtla Guti\u00e9rrez, Chiapas, 2002. El Habla de Chetumal Fon\u00e9tica, gram\u00e1tica, l\u00e9xico ind\u00edgena.\" \/>\n<meta name=\"robots\" content=\"index, follow, max-snippet:-1, max-image-preview:large, max-video-preview:-1\" \/>\n<link rel=\"canonical\" href=\"https:\/\/booksfrommexico.com\/es\/producto\/aprendamos-tseltal\/\" \/>\n<meta property=\"og:locale\" content=\"es_ES\" \/>\n<meta property=\"og:type\" content=\"article\" \/>\n<meta property=\"og:title\" content=\"Aprendamos tseltal - Books From Mexico\" \/>\n<meta property=\"og:description\" content=\"APRENDAMOS TSELTAL. \/ Teara Plores, Ankel Kiyermo. Tuxtla Guti\u00e9rrez, Chiapas, 2002. El Habla de Chetumal Fon\u00e9tica, gram\u00e1tica, l\u00e9xico ind\u00edgena.\" \/>\n<meta property=\"og:url\" content=\"https:\/\/booksfrommexico.com\/es\/producto\/aprendamos-tseltal\/\" \/>\n<meta property=\"og:site_name\" content=\"Books From Mexico\" \/>\n<meta property=\"article:modified_time\" content=\"2023-12-14T22:46:59+00:00\" \/>\n<meta property=\"og:image\" content=\"http:\/\/booksfrommexico.com\/app\/uploads\/2023\/05\/120463.jpeg\" \/>\n\t<meta property=\"og:image:width\" content=\"1260\" \/>\n\t<meta property=\"og:image:height\" content=\"1616\" \/>\n\t<meta property=\"og:image:type\" content=\"image\/jpeg\" \/>\n<meta name=\"twitter:card\" content=\"summary_large_image\" \/>\n<script type=\"application\/ld+json\" class=\"yoast-schema-graph\">{\"@context\":\"https:\\\/\\\/schema.org\",\"@graph\":[{\"@type\":\"WebPage\",\"@id\":\"https:\\\/\\\/booksfrommexico.com\\\/es\\\/producto\\\/aprendamos-tseltal\\\/\",\"url\":\"https:\\\/\\\/booksfrommexico.com\\\/es\\\/producto\\\/aprendamos-tseltal\\\/\",\"name\":\"Aprendamos tseltal - Books From Mexico\",\"isPartOf\":{\"@id\":\"https:\\\/\\\/booksfrommexico.com\\\/#website\"},\"primaryImageOfPage\":{\"@id\":\"https:\\\/\\\/booksfrommexico.com\\\/es\\\/producto\\\/aprendamos-tseltal\\\/#primaryimage\"},\"image\":{\"@id\":\"https:\\\/\\\/booksfrommexico.com\\\/es\\\/producto\\\/aprendamos-tseltal\\\/#primaryimage\"},\"thumbnailUrl\":\"https:\\\/\\\/booksfrommexico.com\\\/app\\\/uploads\\\/2023\\\/05\\\/120463.jpeg\",\"datePublished\":\"2023-05-08T16:58:48+00:00\",\"dateModified\":\"2023-12-14T22:46:59+00:00\",\"description\":\"APRENDAMOS TSELTAL. \\\/ Teara Plores, Ankel Kiyermo. Tuxtla Guti\u00e9rrez, Chiapas, 2002. El Habla de Chetumal Fon\u00e9tica, gram\u00e1tica, l\u00e9xico ind\u00edgena.\",\"breadcrumb\":{\"@id\":\"https:\\\/\\\/booksfrommexico.com\\\/es\\\/producto\\\/aprendamos-tseltal\\\/#breadcrumb\"},\"inLanguage\":\"es\",\"potentialAction\":[{\"@type\":\"ReadAction\",\"target\":[\"https:\\\/\\\/booksfrommexico.com\\\/es\\\/producto\\\/aprendamos-tseltal\\\/\"]}]},{\"@type\":\"ImageObject\",\"inLanguage\":\"es\",\"@id\":\"https:\\\/\\\/booksfrommexico.com\\\/es\\\/producto\\\/aprendamos-tseltal\\\/#primaryimage\",\"url\":\"https:\\\/\\\/booksfrommexico.com\\\/app\\\/uploads\\\/2023\\\/05\\\/120463.jpeg\",\"contentUrl\":\"https:\\\/\\\/booksfrommexico.com\\\/app\\\/uploads\\\/2023\\\/05\\\/120463.jpeg\",\"width\":1260,\"height\":1616,\"caption\":\"Aprendamos tseltal\"},{\"@type\":\"BreadcrumbList\",\"@id\":\"https:\\\/\\\/booksfrommexico.com\\\/es\\\/producto\\\/aprendamos-tseltal\\\/#breadcrumb\",\"itemListElement\":[{\"@type\":\"ListItem\",\"position\":1,\"name\":\"Home\",\"item\":\"https:\\\/\\\/booksfrommexico.com\\\/es\\\/\"},{\"@type\":\"ListItem\",\"position\":2,\"name\":\"Libros\",\"item\":\"https:\\\/\\\/booksfrommexico.com\\\/es\\\/libros\\\/\"},{\"@type\":\"ListItem\",\"position\":3,\"name\":\"Aprendamos tseltal\"}]},{\"@type\":\"WebSite\",\"@id\":\"https:\\\/\\\/booksfrommexico.com\\\/#website\",\"url\":\"https:\\\/\\\/booksfrommexico.com\\\/\",\"name\":\"Books From Mexico\",\"description\":\"\",\"publisher\":{\"@id\":\"https:\\\/\\\/booksfrommexico.com\\\/#organization\"},\"potentialAction\":[{\"@type\":\"SearchAction\",\"target\":{\"@type\":\"EntryPoint\",\"urlTemplate\":\"https:\\\/\\\/booksfrommexico.com\\\/?s={search_term_string}\"},\"query-input\":{\"@type\":\"PropertyValueSpecification\",\"valueRequired\":true,\"valueName\":\"search_term_string\"}}],\"inLanguage\":\"es\"},{\"@type\":\"Organization\",\"@id\":\"https:\\\/\\\/booksfrommexico.com\\\/#organization\",\"name\":\"Books From Mexico\",\"url\":\"https:\\\/\\\/booksfrommexico.com\\\/\",\"logo\":{\"@type\":\"ImageObject\",\"inLanguage\":\"es\",\"@id\":\"https:\\\/\\\/booksfrommexico.com\\\/#\\\/schema\\\/logo\\\/image\\\/\",\"url\":\"https:\\\/\\\/booksfrommexico.com\\\/app\\\/uploads\\\/2023\\\/05\\\/logo-booksfrommexico.svg\",\"contentUrl\":\"https:\\\/\\\/booksfrommexico.com\\\/app\\\/uploads\\\/2023\\\/05\\\/logo-booksfrommexico.svg\",\"width\":86,\"height\":56,\"caption\":\"Books From Mexico\"},\"image\":{\"@id\":\"https:\\\/\\\/booksfrommexico.com\\\/#\\\/schema\\\/logo\\\/image\\\/\"}}]}<\/script>\n<!-- \/ Yoast SEO plugin. -->","yoast_head_json":{"title":"Aprendamos tseltal - Books From Mexico","description":"APRENDAMOS TSELTAL. \/ Teara Plores, Ankel Kiyermo. Tuxtla Guti\u00e9rrez, Chiapas, 2002. El Habla de Chetumal Fon\u00e9tica, gram\u00e1tica, l\u00e9xico ind\u00edgena.","robots":{"index":"index","follow":"follow","max-snippet":"max-snippet:-1","max-image-preview":"max-image-preview:large","max-video-preview":"max-video-preview:-1"},"canonical":"https:\/\/booksfrommexico.com\/es\/producto\/aprendamos-tseltal\/","og_locale":"es_ES","og_type":"article","og_title":"Aprendamos tseltal - Books From Mexico","og_description":"APRENDAMOS TSELTAL. \/ Teara Plores, Ankel Kiyermo. Tuxtla Guti\u00e9rrez, Chiapas, 2002. El Habla de Chetumal Fon\u00e9tica, gram\u00e1tica, l\u00e9xico ind\u00edgena.","og_url":"https:\/\/booksfrommexico.com\/es\/producto\/aprendamos-tseltal\/","og_site_name":"Books From Mexico","article_modified_time":"2023-12-14T22:46:59+00:00","og_image":[{"width":1260,"height":1616,"url":"http:\/\/booksfrommexico.com\/app\/uploads\/2023\/05\/120463.jpeg","type":"image\/jpeg"}],"twitter_card":"summary_large_image","schema":{"@context":"https:\/\/schema.org","@graph":[{"@type":"WebPage","@id":"https:\/\/booksfrommexico.com\/es\/producto\/aprendamos-tseltal\/","url":"https:\/\/booksfrommexico.com\/es\/producto\/aprendamos-tseltal\/","name":"Aprendamos tseltal - Books From Mexico","isPartOf":{"@id":"https:\/\/booksfrommexico.com\/#website"},"primaryImageOfPage":{"@id":"https:\/\/booksfrommexico.com\/es\/producto\/aprendamos-tseltal\/#primaryimage"},"image":{"@id":"https:\/\/booksfrommexico.com\/es\/producto\/aprendamos-tseltal\/#primaryimage"},"thumbnailUrl":"https:\/\/booksfrommexico.com\/app\/uploads\/2023\/05\/120463.jpeg","datePublished":"2023-05-08T16:58:48+00:00","dateModified":"2023-12-14T22:46:59+00:00","description":"APRENDAMOS TSELTAL. \/ Teara Plores, Ankel Kiyermo. Tuxtla Guti\u00e9rrez, Chiapas, 2002. El Habla de Chetumal Fon\u00e9tica, gram\u00e1tica, l\u00e9xico ind\u00edgena.","breadcrumb":{"@id":"https:\/\/booksfrommexico.com\/es\/producto\/aprendamos-tseltal\/#breadcrumb"},"inLanguage":"es","potentialAction":[{"@type":"ReadAction","target":["https:\/\/booksfrommexico.com\/es\/producto\/aprendamos-tseltal\/"]}]},{"@type":"ImageObject","inLanguage":"es","@id":"https:\/\/booksfrommexico.com\/es\/producto\/aprendamos-tseltal\/#primaryimage","url":"https:\/\/booksfrommexico.com\/app\/uploads\/2023\/05\/120463.jpeg","contentUrl":"https:\/\/booksfrommexico.com\/app\/uploads\/2023\/05\/120463.jpeg","width":1260,"height":1616,"caption":"Aprendamos tseltal"},{"@type":"BreadcrumbList","@id":"https:\/\/booksfrommexico.com\/es\/producto\/aprendamos-tseltal\/#breadcrumb","itemListElement":[{"@type":"ListItem","position":1,"name":"Home","item":"https:\/\/booksfrommexico.com\/es\/"},{"@type":"ListItem","position":2,"name":"Libros","item":"https:\/\/booksfrommexico.com\/es\/libros\/"},{"@type":"ListItem","position":3,"name":"Aprendamos tseltal"}]},{"@type":"WebSite","@id":"https:\/\/booksfrommexico.com\/#website","url":"https:\/\/booksfrommexico.com\/","name":"Books From Mexico","description":"","publisher":{"@id":"https:\/\/booksfrommexico.com\/#organization"},"potentialAction":[{"@type":"SearchAction","target":{"@type":"EntryPoint","urlTemplate":"https:\/\/booksfrommexico.com\/?s={search_term_string}"},"query-input":{"@type":"PropertyValueSpecification","valueRequired":true,"valueName":"search_term_string"}}],"inLanguage":"es"},{"@type":"Organization","@id":"https:\/\/booksfrommexico.com\/#organization","name":"Books From Mexico","url":"https:\/\/booksfrommexico.com\/","logo":{"@type":"ImageObject","inLanguage":"es","@id":"https:\/\/booksfrommexico.com\/#\/schema\/logo\/image\/","url":"https:\/\/booksfrommexico.com\/app\/uploads\/2023\/05\/logo-booksfrommexico.svg","contentUrl":"https:\/\/booksfrommexico.com\/app\/uploads\/2023\/05\/logo-booksfrommexico.svg","width":86,"height":56,"caption":"Books From Mexico"},"image":{"@id":"https:\/\/booksfrommexico.com\/#\/schema\/logo\/image\/"}}]}},"_links":{"self":[{"href":"https:\/\/booksfrommexico.com\/es\/wp-json\/wp\/v2\/product\/222","targetHints":{"allow":["GET"]}}],"collection":[{"href":"https:\/\/booksfrommexico.com\/es\/wp-json\/wp\/v2\/product"}],"about":[{"href":"https:\/\/booksfrommexico.com\/es\/wp-json\/wp\/v2\/types\/product"}],"wp:featuredmedia":[{"embeddable":true,"href":"https:\/\/booksfrommexico.com\/es\/wp-json\/wp\/v2\/media\/221"}],"wp:attachment":[{"href":"https:\/\/booksfrommexico.com\/es\/wp-json\/wp\/v2\/media?parent=222"}],"wp:term":[{"taxonomy":"product_brand","embeddable":true,"href":"https:\/\/booksfrommexico.com\/es\/wp-json\/wp\/v2\/product_brand?post=222"},{"taxonomy":"product_cat","embeddable":true,"href":"https:\/\/booksfrommexico.com\/es\/wp-json\/wp\/v2\/product_cat?post=222"},{"taxonomy":"product_tag","embeddable":true,"href":"https:\/\/booksfrommexico.com\/es\/wp-json\/wp\/v2\/product_tag?post=222"}],"curies":[{"name":"wp","href":"https:\/\/api.w.org\/{rel}","templated":true}]}}