{"id":224,"date":"2023-05-08T16:58:50","date_gmt":"2023-05-08T16:58:50","guid":{"rendered":"http:\/\/booksfrommexico.com\/product\/figurillas-antropomorfas-y-zoomorfas-del-juego-de-pelota-de-lagartero-chiapas\/"},"modified":"2024-10-02T23:20:19","modified_gmt":"2024-10-02T23:20:19","slug":"figurillas-antropomorfas-y-zoomorfas-del-juego-de-pelota-de-lagartero-chiapas","status":"publish","type":"product","link":"https:\/\/booksfrommexico.com\/es\/producto\/figurillas-antropomorfas-y-zoomorfas-del-juego-de-pelota-de-lagartero-chiapas\/","title":{"rendered":"Figurillas antropomorfas y zoomorfas del juego de pelota de Lagartero, Chiapas"},"content":{"rendered":"<p id=\"tw-target-text\" class=\"tw-data-text tw-text-large tw-ta\" dir=\"ltr\" data-placeholder=\"Traducci\u00f3n\" data-ved=\"2ahUKEwiAopHpgZCDAxXFJ0QIHTisB_cQ3ewLegQIBRAQ\"><span style=\"font-weight: 400;\">La importancia de este estudio yace en el tama\u00f1o de la muestra analizada \u2013el cual representa una gran variedad de tipos de figurillas antropomorfas y zoomorfas\u2013, pero tambi\u00e9n de su estado de conservaci\u00f3n a la presencia de algunas caracter\u00edsticas no comunes en el resto del \u00e1rea maya. Las figuras de Lagartero conforman un estilo local por medio de una combinaci\u00f3n particular de rasgos que no est\u00e1n presentes en otra \u00e1rea, adem\u00e1s de los rasgos espec\u00edficos de ciertos tipos de figurillas. Las figurillas que se presentan aqu\u00ed mediante fotograf\u00edas provienen de las excavaciones realizadas en el proceso de liberaci\u00f3n y consolidaci\u00f3n del Juego de Pelota, localizado en la isla\u00a0 m\u00e1s grande: El Limonal.<\/span><\/p>\n","protected":false},"excerpt":{"rendered":"<p>FIGURILLAS ANTROPOMORFAS Y ZOOMORFAS DEL JUEGO DE PELOTA DE LAGARTERO, CHIAPAS<span style=\"font-weight: 400;\">. \/ Sonia Rivero Torres. Tuxtla Guti\u00e9rrez, Chiapas, M\u00e9xico : Universidad de Ciencias y Artes del Estado de Chiapas, 2002. 121 pages : includes photos, illustrations, bibliography ; 22 cm. (Serie Ciencias Sociales y Humanidades 2002). ISBN : 9685149240. <\/span><\/p>\n","protected":false},"featured_media":223,"template":"","meta":{"_acf_changed":false,"inline_featured_image":false},"product_brand":[],"product_cat":[19,386],"product_tag":[3777,3700,3781,3878,4475],"class_list":{"0":"post-224","1":"product","2":"type-product","3":"status-publish","4":"has-post-thumbnail","6":"product_cat-antropologia","7":"product_cat-arqueologia","8":"product_tag-arte-indigena","9":"product_tag-chiapas-mexico","10":"product_tag-cultura-maya","11":"product_tag-iconografia","12":"product_tag-restos-arqueologicos","14":"first","15":"instock","16":"sale","17":"taxable","18":"shipping-taxable","19":"purchasable","20":"product-type-simple"},"acf":[],"yoast_head":"<!-- This site is optimized with the Yoast SEO plugin v27.3 - https:\/\/yoast.com\/product\/yoast-seo-wordpress\/ -->\n<title>Figurillas antropomorfas y zoomorfas del juego de pelota...<\/title>\n<meta name=\"description\" content=\"FIGURILLAS ANTROPOMORFAS Y ZOOMORFAS DEL JUEGO DE PELOTA DE LAGARTERO, CHIAPAS. \/ Sonia Rivero Torres. (Serie Ciencias Sociales y Humanidades 2002).\" \/>\n<meta name=\"robots\" content=\"index, follow, max-snippet:-1, max-image-preview:large, max-video-preview:-1\" \/>\n<link rel=\"canonical\" href=\"https:\/\/booksfrommexico.com\/es\/producto\/figurillas-antropomorfas-y-zoomorfas-del-juego-de-pelota-de-lagartero-chiapas\/\" \/>\n<meta property=\"og:locale\" content=\"es_ES\" \/>\n<meta property=\"og:type\" content=\"article\" \/>\n<meta property=\"og:title\" content=\"Figurillas antropomorfas y zoomorfas del juego de pelota...\" \/>\n<meta property=\"og:description\" content=\"FIGURILLAS ANTROPOMORFAS Y ZOOMORFAS DEL JUEGO DE PELOTA DE LAGARTERO, CHIAPAS. \/ Sonia Rivero Torres. (Serie Ciencias Sociales y Humanidades 2002).\" \/>\n<meta property=\"og:url\" content=\"https:\/\/booksfrommexico.com\/es\/producto\/figurillas-antropomorfas-y-zoomorfas-del-juego-de-pelota-de-lagartero-chiapas\/\" \/>\n<meta property=\"og:site_name\" content=\"Books From Mexico\" \/>\n<meta property=\"article:modified_time\" content=\"2024-10-02T23:20:19+00:00\" \/>\n<meta property=\"og:image\" content=\"http:\/\/booksfrommexico.com\/app\/uploads\/2023\/05\/120469.jpeg\" \/>\n\t<meta property=\"og:image:width\" content=\"1292\" \/>\n\t<meta property=\"og:image:height\" content=\"1655\" \/>\n\t<meta property=\"og:image:type\" content=\"image\/jpeg\" \/>\n<meta name=\"twitter:card\" content=\"summary_large_image\" \/>\n<meta name=\"twitter:label1\" content=\"Tiempo de lectura\" \/>\n\t<meta name=\"twitter:data1\" content=\"1 minuto\" \/>\n<script type=\"application\/ld+json\" class=\"yoast-schema-graph\">{\"@context\":\"https:\\\/\\\/schema.org\",\"@graph\":[{\"@type\":\"WebPage\",\"@id\":\"https:\\\/\\\/booksfrommexico.com\\\/es\\\/producto\\\/figurillas-antropomorfas-y-zoomorfas-del-juego-de-pelota-de-lagartero-chiapas\\\/\",\"url\":\"https:\\\/\\\/booksfrommexico.com\\\/es\\\/producto\\\/figurillas-antropomorfas-y-zoomorfas-del-juego-de-pelota-de-lagartero-chiapas\\\/\",\"name\":\"Figurillas antropomorfas y zoomorfas del juego de pelota...\",\"isPartOf\":{\"@id\":\"https:\\\/\\\/booksfrommexico.com\\\/#website\"},\"primaryImageOfPage\":{\"@id\":\"https:\\\/\\\/booksfrommexico.com\\\/es\\\/producto\\\/figurillas-antropomorfas-y-zoomorfas-del-juego-de-pelota-de-lagartero-chiapas\\\/#primaryimage\"},\"image\":{\"@id\":\"https:\\\/\\\/booksfrommexico.com\\\/es\\\/producto\\\/figurillas-antropomorfas-y-zoomorfas-del-juego-de-pelota-de-lagartero-chiapas\\\/#primaryimage\"},\"thumbnailUrl\":\"https:\\\/\\\/booksfrommexico.com\\\/app\\\/uploads\\\/2023\\\/05\\\/120469.jpeg\",\"datePublished\":\"2023-05-08T16:58:50+00:00\",\"dateModified\":\"2024-10-02T23:20:19+00:00\",\"description\":\"FIGURILLAS ANTROPOMORFAS Y ZOOMORFAS DEL JUEGO DE PELOTA DE LAGARTERO, CHIAPAS. \\\/ Sonia Rivero Torres. (Serie Ciencias Sociales y Humanidades 2002).\",\"breadcrumb\":{\"@id\":\"https:\\\/\\\/booksfrommexico.com\\\/es\\\/producto\\\/figurillas-antropomorfas-y-zoomorfas-del-juego-de-pelota-de-lagartero-chiapas\\\/#breadcrumb\"},\"inLanguage\":\"es\",\"potentialAction\":[{\"@type\":\"ReadAction\",\"target\":[\"https:\\\/\\\/booksfrommexico.com\\\/es\\\/producto\\\/figurillas-antropomorfas-y-zoomorfas-del-juego-de-pelota-de-lagartero-chiapas\\\/\"]}]},{\"@type\":\"ImageObject\",\"inLanguage\":\"es\",\"@id\":\"https:\\\/\\\/booksfrommexico.com\\\/es\\\/producto\\\/figurillas-antropomorfas-y-zoomorfas-del-juego-de-pelota-de-lagartero-chiapas\\\/#primaryimage\",\"url\":\"https:\\\/\\\/booksfrommexico.com\\\/app\\\/uploads\\\/2023\\\/05\\\/120469.jpeg\",\"contentUrl\":\"https:\\\/\\\/booksfrommexico.com\\\/app\\\/uploads\\\/2023\\\/05\\\/120469.jpeg\",\"width\":1292,\"height\":1655,\"caption\":\"Figurillas antropomorfas y zoomorfas del juego de pelota de Lagartero, Chiapas\"},{\"@type\":\"BreadcrumbList\",\"@id\":\"https:\\\/\\\/booksfrommexico.com\\\/es\\\/producto\\\/figurillas-antropomorfas-y-zoomorfas-del-juego-de-pelota-de-lagartero-chiapas\\\/#breadcrumb\",\"itemListElement\":[{\"@type\":\"ListItem\",\"position\":1,\"name\":\"Home\",\"item\":\"https:\\\/\\\/booksfrommexico.com\\\/es\\\/\"},{\"@type\":\"ListItem\",\"position\":2,\"name\":\"Libros\",\"item\":\"https:\\\/\\\/booksfrommexico.com\\\/es\\\/libros\\\/\"},{\"@type\":\"ListItem\",\"position\":3,\"name\":\"Figurillas antropomorfas y zoomorfas del juego de pelota de Lagartero, Chiapas\"}]},{\"@type\":\"WebSite\",\"@id\":\"https:\\\/\\\/booksfrommexico.com\\\/#website\",\"url\":\"https:\\\/\\\/booksfrommexico.com\\\/\",\"name\":\"Books From Mexico\",\"description\":\"\",\"publisher\":{\"@id\":\"https:\\\/\\\/booksfrommexico.com\\\/#organization\"},\"potentialAction\":[{\"@type\":\"SearchAction\",\"target\":{\"@type\":\"EntryPoint\",\"urlTemplate\":\"https:\\\/\\\/booksfrommexico.com\\\/?s={search_term_string}\"},\"query-input\":{\"@type\":\"PropertyValueSpecification\",\"valueRequired\":true,\"valueName\":\"search_term_string\"}}],\"inLanguage\":\"es\"},{\"@type\":\"Organization\",\"@id\":\"https:\\\/\\\/booksfrommexico.com\\\/#organization\",\"name\":\"Books From Mexico\",\"url\":\"https:\\\/\\\/booksfrommexico.com\\\/\",\"logo\":{\"@type\":\"ImageObject\",\"inLanguage\":\"es\",\"@id\":\"https:\\\/\\\/booksfrommexico.com\\\/#\\\/schema\\\/logo\\\/image\\\/\",\"url\":\"https:\\\/\\\/booksfrommexico.com\\\/app\\\/uploads\\\/2023\\\/05\\\/logo-booksfrommexico.svg\",\"contentUrl\":\"https:\\\/\\\/booksfrommexico.com\\\/app\\\/uploads\\\/2023\\\/05\\\/logo-booksfrommexico.svg\",\"width\":86,\"height\":56,\"caption\":\"Books From Mexico\"},\"image\":{\"@id\":\"https:\\\/\\\/booksfrommexico.com\\\/#\\\/schema\\\/logo\\\/image\\\/\"}}]}<\/script>\n<!-- \/ Yoast SEO plugin. -->","yoast_head_json":{"title":"Figurillas antropomorfas y zoomorfas del juego de pelota...","description":"FIGURILLAS ANTROPOMORFAS Y ZOOMORFAS DEL JUEGO DE PELOTA DE LAGARTERO, CHIAPAS. \/ Sonia Rivero Torres. (Serie Ciencias Sociales y Humanidades 2002).","robots":{"index":"index","follow":"follow","max-snippet":"max-snippet:-1","max-image-preview":"max-image-preview:large","max-video-preview":"max-video-preview:-1"},"canonical":"https:\/\/booksfrommexico.com\/es\/producto\/figurillas-antropomorfas-y-zoomorfas-del-juego-de-pelota-de-lagartero-chiapas\/","og_locale":"es_ES","og_type":"article","og_title":"Figurillas antropomorfas y zoomorfas del juego de pelota...","og_description":"FIGURILLAS ANTROPOMORFAS Y ZOOMORFAS DEL JUEGO DE PELOTA DE LAGARTERO, CHIAPAS. \/ Sonia Rivero Torres. (Serie Ciencias Sociales y Humanidades 2002).","og_url":"https:\/\/booksfrommexico.com\/es\/producto\/figurillas-antropomorfas-y-zoomorfas-del-juego-de-pelota-de-lagartero-chiapas\/","og_site_name":"Books From Mexico","article_modified_time":"2024-10-02T23:20:19+00:00","og_image":[{"width":1292,"height":1655,"url":"http:\/\/booksfrommexico.com\/app\/uploads\/2023\/05\/120469.jpeg","type":"image\/jpeg"}],"twitter_card":"summary_large_image","twitter_misc":{"Tiempo de lectura":"1 minuto"},"schema":{"@context":"https:\/\/schema.org","@graph":[{"@type":"WebPage","@id":"https:\/\/booksfrommexico.com\/es\/producto\/figurillas-antropomorfas-y-zoomorfas-del-juego-de-pelota-de-lagartero-chiapas\/","url":"https:\/\/booksfrommexico.com\/es\/producto\/figurillas-antropomorfas-y-zoomorfas-del-juego-de-pelota-de-lagartero-chiapas\/","name":"Figurillas antropomorfas y zoomorfas del juego de pelota...","isPartOf":{"@id":"https:\/\/booksfrommexico.com\/#website"},"primaryImageOfPage":{"@id":"https:\/\/booksfrommexico.com\/es\/producto\/figurillas-antropomorfas-y-zoomorfas-del-juego-de-pelota-de-lagartero-chiapas\/#primaryimage"},"image":{"@id":"https:\/\/booksfrommexico.com\/es\/producto\/figurillas-antropomorfas-y-zoomorfas-del-juego-de-pelota-de-lagartero-chiapas\/#primaryimage"},"thumbnailUrl":"https:\/\/booksfrommexico.com\/app\/uploads\/2023\/05\/120469.jpeg","datePublished":"2023-05-08T16:58:50+00:00","dateModified":"2024-10-02T23:20:19+00:00","description":"FIGURILLAS ANTROPOMORFAS Y ZOOMORFAS DEL JUEGO DE PELOTA DE LAGARTERO, CHIAPAS. \/ Sonia Rivero Torres. (Serie Ciencias Sociales y Humanidades 2002).","breadcrumb":{"@id":"https:\/\/booksfrommexico.com\/es\/producto\/figurillas-antropomorfas-y-zoomorfas-del-juego-de-pelota-de-lagartero-chiapas\/#breadcrumb"},"inLanguage":"es","potentialAction":[{"@type":"ReadAction","target":["https:\/\/booksfrommexico.com\/es\/producto\/figurillas-antropomorfas-y-zoomorfas-del-juego-de-pelota-de-lagartero-chiapas\/"]}]},{"@type":"ImageObject","inLanguage":"es","@id":"https:\/\/booksfrommexico.com\/es\/producto\/figurillas-antropomorfas-y-zoomorfas-del-juego-de-pelota-de-lagartero-chiapas\/#primaryimage","url":"https:\/\/booksfrommexico.com\/app\/uploads\/2023\/05\/120469.jpeg","contentUrl":"https:\/\/booksfrommexico.com\/app\/uploads\/2023\/05\/120469.jpeg","width":1292,"height":1655,"caption":"Figurillas antropomorfas y zoomorfas del juego de pelota de Lagartero, Chiapas"},{"@type":"BreadcrumbList","@id":"https:\/\/booksfrommexico.com\/es\/producto\/figurillas-antropomorfas-y-zoomorfas-del-juego-de-pelota-de-lagartero-chiapas\/#breadcrumb","itemListElement":[{"@type":"ListItem","position":1,"name":"Home","item":"https:\/\/booksfrommexico.com\/es\/"},{"@type":"ListItem","position":2,"name":"Libros","item":"https:\/\/booksfrommexico.com\/es\/libros\/"},{"@type":"ListItem","position":3,"name":"Figurillas antropomorfas y zoomorfas del juego de pelota de Lagartero, Chiapas"}]},{"@type":"WebSite","@id":"https:\/\/booksfrommexico.com\/#website","url":"https:\/\/booksfrommexico.com\/","name":"Books From Mexico","description":"","publisher":{"@id":"https:\/\/booksfrommexico.com\/#organization"},"potentialAction":[{"@type":"SearchAction","target":{"@type":"EntryPoint","urlTemplate":"https:\/\/booksfrommexico.com\/?s={search_term_string}"},"query-input":{"@type":"PropertyValueSpecification","valueRequired":true,"valueName":"search_term_string"}}],"inLanguage":"es"},{"@type":"Organization","@id":"https:\/\/booksfrommexico.com\/#organization","name":"Books From Mexico","url":"https:\/\/booksfrommexico.com\/","logo":{"@type":"ImageObject","inLanguage":"es","@id":"https:\/\/booksfrommexico.com\/#\/schema\/logo\/image\/","url":"https:\/\/booksfrommexico.com\/app\/uploads\/2023\/05\/logo-booksfrommexico.svg","contentUrl":"https:\/\/booksfrommexico.com\/app\/uploads\/2023\/05\/logo-booksfrommexico.svg","width":86,"height":56,"caption":"Books From Mexico"},"image":{"@id":"https:\/\/booksfrommexico.com\/#\/schema\/logo\/image\/"}}]}},"_links":{"self":[{"href":"https:\/\/booksfrommexico.com\/es\/wp-json\/wp\/v2\/product\/224","targetHints":{"allow":["GET"]}}],"collection":[{"href":"https:\/\/booksfrommexico.com\/es\/wp-json\/wp\/v2\/product"}],"about":[{"href":"https:\/\/booksfrommexico.com\/es\/wp-json\/wp\/v2\/types\/product"}],"wp:featuredmedia":[{"embeddable":true,"href":"https:\/\/booksfrommexico.com\/es\/wp-json\/wp\/v2\/media\/223"}],"wp:attachment":[{"href":"https:\/\/booksfrommexico.com\/es\/wp-json\/wp\/v2\/media?parent=224"}],"wp:term":[{"taxonomy":"product_brand","embeddable":true,"href":"https:\/\/booksfrommexico.com\/es\/wp-json\/wp\/v2\/product_brand?post=224"},{"taxonomy":"product_cat","embeddable":true,"href":"https:\/\/booksfrommexico.com\/es\/wp-json\/wp\/v2\/product_cat?post=224"},{"taxonomy":"product_tag","embeddable":true,"href":"https:\/\/booksfrommexico.com\/es\/wp-json\/wp\/v2\/product_tag?post=224"}],"curies":[{"name":"wp","href":"https:\/\/api.w.org\/{rel}","templated":true}]}}