{"id":226,"date":"2023-05-08T16:58:55","date_gmt":"2023-05-08T16:58:55","guid":{"rendered":"http:\/\/booksfrommexico.com\/product\/espacios-mayas-representaciones-usos-creencias\/"},"modified":"2024-10-02T23:20:31","modified_gmt":"2024-10-02T23:20:31","slug":"espacios-mayas-representaciones-usos-creencias","status":"publish","type":"product","link":"https:\/\/booksfrommexico.com\/es\/producto\/espacios-mayas-representaciones-usos-creencias\/","title":{"rendered":"Espacios mayas: Usos, representaciones, creencias"},"content":{"rendered":"<p><span style=\"font-weight: 400;\">El coloquio <\/span><i><span style=\"font-weight: 400;\">Les espaces mayas: repr\u00e9sentations, utilisations, croyances <\/span><\/i><span style=\"font-weight: 400;\">se celebr\u00f3 del 6 al 8 de diciembre del a\u00f1o 2000 en Nanterre, siendo el primer encuentro cient\u00edfico internacional dedicado a los mayas (M\u00e9xico, Guatemala, Belice) organizado en Francia. Concebido como una prolongaci\u00f3n de las reflexiones presentadas, este coloquio ha sido pluridisciplinar y ha agrupado, alrededor de los temas seleccionados, a especialistas en arqueolog\u00eda, etnohistoria, ling\u00fc\u00edstica, etnolog\u00eda y antropolog\u00eda cognitiva. Los temas giran en torno a 3 principios: <\/span><i><span style=\"font-weight: 400;\">El paisaje maya y su historia, Lo natural y lo social: marcadores y categor\u00edas del paisaje <\/span><\/i><span style=\"font-weight: 400;\">y<\/span><i><span style=\"font-weight: 400;\"> Los habitantes del paisaje. <\/span><\/i><span style=\"font-weight: 400;\">Estos textos se presentan en su idioma original espa\u00f1ol e ingl\u00e9s.<\/span><\/p>\n","protected":false},"excerpt":{"rendered":"<p>ESPACIOS MAYAS : USOS, REPRESENTACIONES, CREENCIAS<span style=\"font-weight: 400;\">. \/ Alain Breton, Aurore Monod BecqueliN, Mario Humberto Ruz (editors). M\u00e9xico, D.F. : Universidad Nacional Aut\u00f3noma de M\u00e9xico , Instituto de Investigaciones Filol\u00f3gicas ; Centro Franc\u00e9s de Estudios Mexicanos y Centroamericanos, 2003. 685 pages : includes references, photos, tables, graphs, illustrations, bibliography at the end of each chapter ; 23 cm. ISBN : 9703206999. <\/span><\/p>\n","protected":false},"featured_media":225,"template":"","meta":{"_acf_changed":false,"inline_featured_image":false},"product_brand":[],"product_cat":[66,372],"product_tag":[4235,3781,4383,3880,4333,3795,4003],"class_list":{"0":"post-226","1":"product","2":"type-product","3":"status-publish","4":"has-post-thumbnail","6":"product_cat-sociocultural","7":"product_cat-tradiciones-culturales","8":"product_tag-coloquios","9":"product_tag-cultura-maya","10":"product_tag-edicion-multilingue","11":"product_tag-identidad-cultural","12":"product_tag-mayas","13":"product_tag-ritos-y-ceremonias","14":"product_tag-seminarios-y-congresos","16":"first","17":"instock","18":"sale","19":"taxable","20":"shipping-taxable","21":"purchasable","22":"product-type-simple"},"acf":[],"yoast_head":"<!-- This site is optimized with the Yoast SEO plugin v27.3 - https:\/\/yoast.com\/product\/yoast-seo-wordpress\/ -->\n<title>Espacios mayas: Usos, representaciones, creencias<\/title>\n<meta name=\"description\" content=\"ESPACIOS MAYAS : USOS, REPRESENTACIONES, CREENCIAS. \/ Alain Breton, Aurore Monod BecqueliN, Mario Humberto Ruz (editors). M\u00e9xico, D.F. : UNAM, 2003.\" \/>\n<meta name=\"robots\" content=\"index, follow, max-snippet:-1, max-image-preview:large, max-video-preview:-1\" \/>\n<link rel=\"canonical\" href=\"https:\/\/booksfrommexico.com\/es\/producto\/espacios-mayas-representaciones-usos-creencias\/\" \/>\n<meta property=\"og:locale\" content=\"es_ES\" \/>\n<meta property=\"og:type\" content=\"article\" \/>\n<meta property=\"og:title\" content=\"Espacios mayas: Usos, representaciones, creencias\" \/>\n<meta property=\"og:description\" content=\"ESPACIOS MAYAS : USOS, REPRESENTACIONES, CREENCIAS. \/ Alain Breton, Aurore Monod BecqueliN, Mario Humberto Ruz (editors). M\u00e9xico, D.F. : UNAM, 2003.\" \/>\n<meta property=\"og:url\" content=\"https:\/\/booksfrommexico.com\/es\/producto\/espacios-mayas-representaciones-usos-creencias\/\" \/>\n<meta property=\"og:site_name\" content=\"Books From Mexico\" \/>\n<meta property=\"article:modified_time\" content=\"2024-10-02T23:20:31+00:00\" \/>\n<meta property=\"og:image\" content=\"http:\/\/booksfrommexico.com\/app\/uploads\/2023\/05\/120485.jpeg\" \/>\n\t<meta property=\"og:image:width\" content=\"1265\" \/>\n\t<meta property=\"og:image:height\" content=\"1734\" \/>\n\t<meta property=\"og:image:type\" content=\"image\/jpeg\" \/>\n<meta name=\"twitter:card\" content=\"summary_large_image\" \/>\n<meta name=\"twitter:label1\" content=\"Tiempo de lectura\" \/>\n\t<meta name=\"twitter:data1\" content=\"1 minuto\" \/>\n<script type=\"application\/ld+json\" class=\"yoast-schema-graph\">{\"@context\":\"https:\\\/\\\/schema.org\",\"@graph\":[{\"@type\":\"WebPage\",\"@id\":\"https:\\\/\\\/booksfrommexico.com\\\/es\\\/producto\\\/espacios-mayas-representaciones-usos-creencias\\\/\",\"url\":\"https:\\\/\\\/booksfrommexico.com\\\/es\\\/producto\\\/espacios-mayas-representaciones-usos-creencias\\\/\",\"name\":\"Espacios mayas: Usos, representaciones, creencias\",\"isPartOf\":{\"@id\":\"https:\\\/\\\/booksfrommexico.com\\\/#website\"},\"primaryImageOfPage\":{\"@id\":\"https:\\\/\\\/booksfrommexico.com\\\/es\\\/producto\\\/espacios-mayas-representaciones-usos-creencias\\\/#primaryimage\"},\"image\":{\"@id\":\"https:\\\/\\\/booksfrommexico.com\\\/es\\\/producto\\\/espacios-mayas-representaciones-usos-creencias\\\/#primaryimage\"},\"thumbnailUrl\":\"https:\\\/\\\/booksfrommexico.com\\\/app\\\/uploads\\\/2023\\\/05\\\/120485.jpeg\",\"datePublished\":\"2023-05-08T16:58:55+00:00\",\"dateModified\":\"2024-10-02T23:20:31+00:00\",\"description\":\"ESPACIOS MAYAS : USOS, REPRESENTACIONES, CREENCIAS. \\\/ Alain Breton, Aurore Monod BecqueliN, Mario Humberto Ruz (editors). M\u00e9xico, D.F. : UNAM, 2003.\",\"breadcrumb\":{\"@id\":\"https:\\\/\\\/booksfrommexico.com\\\/es\\\/producto\\\/espacios-mayas-representaciones-usos-creencias\\\/#breadcrumb\"},\"inLanguage\":\"es\",\"potentialAction\":[{\"@type\":\"ReadAction\",\"target\":[\"https:\\\/\\\/booksfrommexico.com\\\/es\\\/producto\\\/espacios-mayas-representaciones-usos-creencias\\\/\"]}]},{\"@type\":\"ImageObject\",\"inLanguage\":\"es\",\"@id\":\"https:\\\/\\\/booksfrommexico.com\\\/es\\\/producto\\\/espacios-mayas-representaciones-usos-creencias\\\/#primaryimage\",\"url\":\"https:\\\/\\\/booksfrommexico.com\\\/app\\\/uploads\\\/2023\\\/05\\\/120485.jpeg\",\"contentUrl\":\"https:\\\/\\\/booksfrommexico.com\\\/app\\\/uploads\\\/2023\\\/05\\\/120485.jpeg\",\"width\":1265,\"height\":1734,\"caption\":\"Espacios mayas Representaciones, usos, creencias\"},{\"@type\":\"BreadcrumbList\",\"@id\":\"https:\\\/\\\/booksfrommexico.com\\\/es\\\/producto\\\/espacios-mayas-representaciones-usos-creencias\\\/#breadcrumb\",\"itemListElement\":[{\"@type\":\"ListItem\",\"position\":1,\"name\":\"Home\",\"item\":\"https:\\\/\\\/booksfrommexico.com\\\/es\\\/\"},{\"@type\":\"ListItem\",\"position\":2,\"name\":\"Libros\",\"item\":\"https:\\\/\\\/booksfrommexico.com\\\/es\\\/libros\\\/\"},{\"@type\":\"ListItem\",\"position\":3,\"name\":\"Espacios mayas: Usos, representaciones, creencias\"}]},{\"@type\":\"WebSite\",\"@id\":\"https:\\\/\\\/booksfrommexico.com\\\/#website\",\"url\":\"https:\\\/\\\/booksfrommexico.com\\\/\",\"name\":\"Books From Mexico\",\"description\":\"\",\"publisher\":{\"@id\":\"https:\\\/\\\/booksfrommexico.com\\\/#organization\"},\"potentialAction\":[{\"@type\":\"SearchAction\",\"target\":{\"@type\":\"EntryPoint\",\"urlTemplate\":\"https:\\\/\\\/booksfrommexico.com\\\/?s={search_term_string}\"},\"query-input\":{\"@type\":\"PropertyValueSpecification\",\"valueRequired\":true,\"valueName\":\"search_term_string\"}}],\"inLanguage\":\"es\"},{\"@type\":\"Organization\",\"@id\":\"https:\\\/\\\/booksfrommexico.com\\\/#organization\",\"name\":\"Books From Mexico\",\"url\":\"https:\\\/\\\/booksfrommexico.com\\\/\",\"logo\":{\"@type\":\"ImageObject\",\"inLanguage\":\"es\",\"@id\":\"https:\\\/\\\/booksfrommexico.com\\\/#\\\/schema\\\/logo\\\/image\\\/\",\"url\":\"https:\\\/\\\/booksfrommexico.com\\\/app\\\/uploads\\\/2023\\\/05\\\/logo-booksfrommexico.svg\",\"contentUrl\":\"https:\\\/\\\/booksfrommexico.com\\\/app\\\/uploads\\\/2023\\\/05\\\/logo-booksfrommexico.svg\",\"width\":86,\"height\":56,\"caption\":\"Books From Mexico\"},\"image\":{\"@id\":\"https:\\\/\\\/booksfrommexico.com\\\/#\\\/schema\\\/logo\\\/image\\\/\"}}]}<\/script>\n<!-- \/ Yoast SEO plugin. -->","yoast_head_json":{"title":"Espacios mayas: Usos, representaciones, creencias","description":"ESPACIOS MAYAS : USOS, REPRESENTACIONES, CREENCIAS. \/ Alain Breton, Aurore Monod BecqueliN, Mario Humberto Ruz (editors). M\u00e9xico, D.F. : UNAM, 2003.","robots":{"index":"index","follow":"follow","max-snippet":"max-snippet:-1","max-image-preview":"max-image-preview:large","max-video-preview":"max-video-preview:-1"},"canonical":"https:\/\/booksfrommexico.com\/es\/producto\/espacios-mayas-representaciones-usos-creencias\/","og_locale":"es_ES","og_type":"article","og_title":"Espacios mayas: Usos, representaciones, creencias","og_description":"ESPACIOS MAYAS : USOS, REPRESENTACIONES, CREENCIAS. \/ Alain Breton, Aurore Monod BecqueliN, Mario Humberto Ruz (editors). M\u00e9xico, D.F. : UNAM, 2003.","og_url":"https:\/\/booksfrommexico.com\/es\/producto\/espacios-mayas-representaciones-usos-creencias\/","og_site_name":"Books From Mexico","article_modified_time":"2024-10-02T23:20:31+00:00","og_image":[{"width":1265,"height":1734,"url":"http:\/\/booksfrommexico.com\/app\/uploads\/2023\/05\/120485.jpeg","type":"image\/jpeg"}],"twitter_card":"summary_large_image","twitter_misc":{"Tiempo de lectura":"1 minuto"},"schema":{"@context":"https:\/\/schema.org","@graph":[{"@type":"WebPage","@id":"https:\/\/booksfrommexico.com\/es\/producto\/espacios-mayas-representaciones-usos-creencias\/","url":"https:\/\/booksfrommexico.com\/es\/producto\/espacios-mayas-representaciones-usos-creencias\/","name":"Espacios mayas: Usos, representaciones, creencias","isPartOf":{"@id":"https:\/\/booksfrommexico.com\/#website"},"primaryImageOfPage":{"@id":"https:\/\/booksfrommexico.com\/es\/producto\/espacios-mayas-representaciones-usos-creencias\/#primaryimage"},"image":{"@id":"https:\/\/booksfrommexico.com\/es\/producto\/espacios-mayas-representaciones-usos-creencias\/#primaryimage"},"thumbnailUrl":"https:\/\/booksfrommexico.com\/app\/uploads\/2023\/05\/120485.jpeg","datePublished":"2023-05-08T16:58:55+00:00","dateModified":"2024-10-02T23:20:31+00:00","description":"ESPACIOS MAYAS : USOS, REPRESENTACIONES, CREENCIAS. \/ Alain Breton, Aurore Monod BecqueliN, Mario Humberto Ruz (editors). M\u00e9xico, D.F. : UNAM, 2003.","breadcrumb":{"@id":"https:\/\/booksfrommexico.com\/es\/producto\/espacios-mayas-representaciones-usos-creencias\/#breadcrumb"},"inLanguage":"es","potentialAction":[{"@type":"ReadAction","target":["https:\/\/booksfrommexico.com\/es\/producto\/espacios-mayas-representaciones-usos-creencias\/"]}]},{"@type":"ImageObject","inLanguage":"es","@id":"https:\/\/booksfrommexico.com\/es\/producto\/espacios-mayas-representaciones-usos-creencias\/#primaryimage","url":"https:\/\/booksfrommexico.com\/app\/uploads\/2023\/05\/120485.jpeg","contentUrl":"https:\/\/booksfrommexico.com\/app\/uploads\/2023\/05\/120485.jpeg","width":1265,"height":1734,"caption":"Espacios mayas Representaciones, usos, creencias"},{"@type":"BreadcrumbList","@id":"https:\/\/booksfrommexico.com\/es\/producto\/espacios-mayas-representaciones-usos-creencias\/#breadcrumb","itemListElement":[{"@type":"ListItem","position":1,"name":"Home","item":"https:\/\/booksfrommexico.com\/es\/"},{"@type":"ListItem","position":2,"name":"Libros","item":"https:\/\/booksfrommexico.com\/es\/libros\/"},{"@type":"ListItem","position":3,"name":"Espacios mayas: Usos, representaciones, creencias"}]},{"@type":"WebSite","@id":"https:\/\/booksfrommexico.com\/#website","url":"https:\/\/booksfrommexico.com\/","name":"Books From Mexico","description":"","publisher":{"@id":"https:\/\/booksfrommexico.com\/#organization"},"potentialAction":[{"@type":"SearchAction","target":{"@type":"EntryPoint","urlTemplate":"https:\/\/booksfrommexico.com\/?s={search_term_string}"},"query-input":{"@type":"PropertyValueSpecification","valueRequired":true,"valueName":"search_term_string"}}],"inLanguage":"es"},{"@type":"Organization","@id":"https:\/\/booksfrommexico.com\/#organization","name":"Books From Mexico","url":"https:\/\/booksfrommexico.com\/","logo":{"@type":"ImageObject","inLanguage":"es","@id":"https:\/\/booksfrommexico.com\/#\/schema\/logo\/image\/","url":"https:\/\/booksfrommexico.com\/app\/uploads\/2023\/05\/logo-booksfrommexico.svg","contentUrl":"https:\/\/booksfrommexico.com\/app\/uploads\/2023\/05\/logo-booksfrommexico.svg","width":86,"height":56,"caption":"Books From Mexico"},"image":{"@id":"https:\/\/booksfrommexico.com\/#\/schema\/logo\/image\/"}}]}},"_links":{"self":[{"href":"https:\/\/booksfrommexico.com\/es\/wp-json\/wp\/v2\/product\/226","targetHints":{"allow":["GET"]}}],"collection":[{"href":"https:\/\/booksfrommexico.com\/es\/wp-json\/wp\/v2\/product"}],"about":[{"href":"https:\/\/booksfrommexico.com\/es\/wp-json\/wp\/v2\/types\/product"}],"wp:featuredmedia":[{"embeddable":true,"href":"https:\/\/booksfrommexico.com\/es\/wp-json\/wp\/v2\/media\/225"}],"wp:attachment":[{"href":"https:\/\/booksfrommexico.com\/es\/wp-json\/wp\/v2\/media?parent=226"}],"wp:term":[{"taxonomy":"product_brand","embeddable":true,"href":"https:\/\/booksfrommexico.com\/es\/wp-json\/wp\/v2\/product_brand?post=226"},{"taxonomy":"product_cat","embeddable":true,"href":"https:\/\/booksfrommexico.com\/es\/wp-json\/wp\/v2\/product_cat?post=226"},{"taxonomy":"product_tag","embeddable":true,"href":"https:\/\/booksfrommexico.com\/es\/wp-json\/wp\/v2\/product_tag?post=226"}],"curies":[{"name":"wp","href":"https:\/\/api.w.org\/{rel}","templated":true}]}}