{"id":236,"date":"2023-05-08T16:59:11","date_gmt":"2023-05-08T16:59:11","guid":{"rendered":"http:\/\/booksfrommexico.com\/product\/envejecer-en-chiapas-etnogerontologia-zoque\/"},"modified":"2024-10-02T23:20:54","modified_gmt":"2024-10-02T23:20:54","slug":"envejecer-en-chiapas-etnogerontologia-zoque","status":"publish","type":"product","link":"https:\/\/booksfrommexico.com\/es\/producto\/envejecer-en-chiapas-etnogerontologia-zoque\/","title":{"rendered":"Envejecer en Chiapas"},"content":{"rendered":"<p><span style=\"font-weight: 400;\">Los zoques son un grupo ind\u00edgena que habita en Oaxaca, Tabasco y Chiapas. En este modelo social la vejez hab\u00eda sido considerada, durante generaciones, una edad que brindaba poder y estatus para regir con autoridad y los conocimientos tradicionales; esto haciendo una diferencia entre la vejez femenina y masculina, privilegiando a esta \u00faltima. Esto era as\u00ed hasta que recientemente, j\u00f3venes y adultos maduros m\u00e1s instruidos escolarmente, biling\u00fces y con mayores y mejores relaciones con el exterior de sus grupos, han comenzado a mirar distinto y a cuestionar a los miembros mayores de su comunidad, llegando incluso a marginarlos.<\/span><\/p>\n","protected":false},"excerpt":{"rendered":"<p>ENVEJECER EN CHIAPAS : ETNOGERONTOLOG\u00cdA ZOQUE. <span style=\"font-weight: 400;\">\/ Laureano Reyes G\u00f3mez. Chiapas, M\u00e9xico\u00a0 : Universidad Aut\u00f3noma de Chiapas , Instituto de Estudios Ind\u00edgenas ; Ciudad de M\u00e9xico, M\u00e9xico : Universidad Nacional Aut\u00f3noma de M\u00e9xico, Instituto de Investigaciones Multidisciplinarias sobre Mesoam\u00e9rica y el Sureste ; Cient\u00edfica 8, 2002. 274 pages : includes tables, bibliography ; 23 cm. ISBN : 9683683215 (Cient\u00edfica) ; 9683698492 (Envejecer en Chiapas. Etnogerontolog\u00eda zoque).<\/span><\/p>\n","protected":false},"featured_media":235,"template":"","meta":{"_acf_changed":false,"inline_featured_image":false},"product_brand":[],"product_cat":[117,66],"product_tag":[3888,3659,3886],"class_list":{"0":"post-236","1":"product","2":"type-product","3":"status-publish","4":"has-post-thumbnail","6":"product_cat-etnoantropolgia","7":"product_cat-sociocultural","8":"product_tag-ancianos","9":"product_tag-condiciones-sociales","10":"product_tag-zoques","12":"first","13":"instock","14":"sale","15":"taxable","16":"shipping-taxable","17":"purchasable","18":"product-type-simple"},"acf":[],"yoast_head":"<!-- This site is optimized with the Yoast SEO plugin v27.3 - https:\/\/yoast.com\/product\/yoast-seo-wordpress\/ -->\n<title>Envejecer en Chiapas<\/title>\n<meta name=\"description\" content=\"Envejecer en Chiapas: Etnogerontolog\u00eda zoque. \/ Laureano Reyes G\u00f3mez. M\u00e9xico, Chiapas. 2002. ISBN : 9683683215 (Cient\u00edfica); 9683698492..\" \/>\n<meta name=\"robots\" content=\"index, follow, max-snippet:-1, max-image-preview:large, max-video-preview:-1\" \/>\n<link rel=\"canonical\" href=\"https:\/\/booksfrommexico.com\/es\/producto\/envejecer-en-chiapas-etnogerontologia-zoque\/\" \/>\n<meta property=\"og:locale\" content=\"es_ES\" \/>\n<meta property=\"og:type\" content=\"article\" \/>\n<meta property=\"og:title\" content=\"Envejecer en Chiapas\" \/>\n<meta property=\"og:description\" content=\"Envejecer en Chiapas: Etnogerontolog\u00eda zoque. \/ Laureano Reyes G\u00f3mez. M\u00e9xico, Chiapas. 2002. ISBN : 9683683215 (Cient\u00edfica); 9683698492..\" \/>\n<meta property=\"og:url\" content=\"https:\/\/booksfrommexico.com\/es\/producto\/envejecer-en-chiapas-etnogerontologia-zoque\/\" \/>\n<meta property=\"og:site_name\" content=\"Books From Mexico\" \/>\n<meta property=\"article:modified_time\" content=\"2024-10-02T23:20:54+00:00\" \/>\n<meta property=\"og:image\" content=\"http:\/\/booksfrommexico.com\/app\/uploads\/2023\/05\/120623.jpeg\" \/>\n\t<meta property=\"og:image:width\" content=\"1187\" \/>\n\t<meta property=\"og:image:height\" content=\"1700\" \/>\n\t<meta property=\"og:image:type\" content=\"image\/jpeg\" \/>\n<meta name=\"twitter:card\" content=\"summary_large_image\" \/>\n<meta name=\"twitter:label1\" content=\"Tiempo de lectura\" \/>\n\t<meta name=\"twitter:data1\" content=\"1 minuto\" \/>\n<script type=\"application\/ld+json\" class=\"yoast-schema-graph\">{\"@context\":\"https:\\\/\\\/schema.org\",\"@graph\":[{\"@type\":\"WebPage\",\"@id\":\"https:\\\/\\\/booksfrommexico.com\\\/es\\\/producto\\\/envejecer-en-chiapas-etnogerontologia-zoque\\\/\",\"url\":\"https:\\\/\\\/booksfrommexico.com\\\/es\\\/producto\\\/envejecer-en-chiapas-etnogerontologia-zoque\\\/\",\"name\":\"Envejecer en Chiapas\",\"isPartOf\":{\"@id\":\"https:\\\/\\\/booksfrommexico.com\\\/#website\"},\"primaryImageOfPage\":{\"@id\":\"https:\\\/\\\/booksfrommexico.com\\\/es\\\/producto\\\/envejecer-en-chiapas-etnogerontologia-zoque\\\/#primaryimage\"},\"image\":{\"@id\":\"https:\\\/\\\/booksfrommexico.com\\\/es\\\/producto\\\/envejecer-en-chiapas-etnogerontologia-zoque\\\/#primaryimage\"},\"thumbnailUrl\":\"https:\\\/\\\/booksfrommexico.com\\\/app\\\/uploads\\\/2023\\\/05\\\/120623.jpeg\",\"datePublished\":\"2023-05-08T16:59:11+00:00\",\"dateModified\":\"2024-10-02T23:20:54+00:00\",\"description\":\"Envejecer en Chiapas: Etnogerontolog\u00eda zoque. \\\/ Laureano Reyes G\u00f3mez. M\u00e9xico, Chiapas. 2002. ISBN : 9683683215 (Cient\u00edfica); 9683698492..\",\"breadcrumb\":{\"@id\":\"https:\\\/\\\/booksfrommexico.com\\\/es\\\/producto\\\/envejecer-en-chiapas-etnogerontologia-zoque\\\/#breadcrumb\"},\"inLanguage\":\"es\",\"potentialAction\":[{\"@type\":\"ReadAction\",\"target\":[\"https:\\\/\\\/booksfrommexico.com\\\/es\\\/producto\\\/envejecer-en-chiapas-etnogerontologia-zoque\\\/\"]}]},{\"@type\":\"ImageObject\",\"inLanguage\":\"es\",\"@id\":\"https:\\\/\\\/booksfrommexico.com\\\/es\\\/producto\\\/envejecer-en-chiapas-etnogerontologia-zoque\\\/#primaryimage\",\"url\":\"https:\\\/\\\/booksfrommexico.com\\\/app\\\/uploads\\\/2023\\\/05\\\/120623.jpeg\",\"contentUrl\":\"https:\\\/\\\/booksfrommexico.com\\\/app\\\/uploads\\\/2023\\\/05\\\/120623.jpeg\",\"width\":1187,\"height\":1700,\"caption\":\"Envejecer en Chiapas Etnogerontolog\u00eda Zoque\"},{\"@type\":\"BreadcrumbList\",\"@id\":\"https:\\\/\\\/booksfrommexico.com\\\/es\\\/producto\\\/envejecer-en-chiapas-etnogerontologia-zoque\\\/#breadcrumb\",\"itemListElement\":[{\"@type\":\"ListItem\",\"position\":1,\"name\":\"Home\",\"item\":\"https:\\\/\\\/booksfrommexico.com\\\/es\\\/\"},{\"@type\":\"ListItem\",\"position\":2,\"name\":\"Libros\",\"item\":\"https:\\\/\\\/booksfrommexico.com\\\/es\\\/libros\\\/\"},{\"@type\":\"ListItem\",\"position\":3,\"name\":\"Envejecer en Chiapas\"}]},{\"@type\":\"WebSite\",\"@id\":\"https:\\\/\\\/booksfrommexico.com\\\/#website\",\"url\":\"https:\\\/\\\/booksfrommexico.com\\\/\",\"name\":\"Books From Mexico\",\"description\":\"\",\"publisher\":{\"@id\":\"https:\\\/\\\/booksfrommexico.com\\\/#organization\"},\"potentialAction\":[{\"@type\":\"SearchAction\",\"target\":{\"@type\":\"EntryPoint\",\"urlTemplate\":\"https:\\\/\\\/booksfrommexico.com\\\/?s={search_term_string}\"},\"query-input\":{\"@type\":\"PropertyValueSpecification\",\"valueRequired\":true,\"valueName\":\"search_term_string\"}}],\"inLanguage\":\"es\"},{\"@type\":\"Organization\",\"@id\":\"https:\\\/\\\/booksfrommexico.com\\\/#organization\",\"name\":\"Books From Mexico\",\"url\":\"https:\\\/\\\/booksfrommexico.com\\\/\",\"logo\":{\"@type\":\"ImageObject\",\"inLanguage\":\"es\",\"@id\":\"https:\\\/\\\/booksfrommexico.com\\\/#\\\/schema\\\/logo\\\/image\\\/\",\"url\":\"https:\\\/\\\/booksfrommexico.com\\\/app\\\/uploads\\\/2023\\\/05\\\/logo-booksfrommexico.svg\",\"contentUrl\":\"https:\\\/\\\/booksfrommexico.com\\\/app\\\/uploads\\\/2023\\\/05\\\/logo-booksfrommexico.svg\",\"width\":86,\"height\":56,\"caption\":\"Books From Mexico\"},\"image\":{\"@id\":\"https:\\\/\\\/booksfrommexico.com\\\/#\\\/schema\\\/logo\\\/image\\\/\"}}]}<\/script>\n<!-- \/ Yoast SEO plugin. -->","yoast_head_json":{"title":"Envejecer en Chiapas","description":"Envejecer en Chiapas: Etnogerontolog\u00eda zoque. \/ Laureano Reyes G\u00f3mez. M\u00e9xico, Chiapas. 2002. ISBN : 9683683215 (Cient\u00edfica); 9683698492..","robots":{"index":"index","follow":"follow","max-snippet":"max-snippet:-1","max-image-preview":"max-image-preview:large","max-video-preview":"max-video-preview:-1"},"canonical":"https:\/\/booksfrommexico.com\/es\/producto\/envejecer-en-chiapas-etnogerontologia-zoque\/","og_locale":"es_ES","og_type":"article","og_title":"Envejecer en Chiapas","og_description":"Envejecer en Chiapas: Etnogerontolog\u00eda zoque. \/ Laureano Reyes G\u00f3mez. M\u00e9xico, Chiapas. 2002. ISBN : 9683683215 (Cient\u00edfica); 9683698492..","og_url":"https:\/\/booksfrommexico.com\/es\/producto\/envejecer-en-chiapas-etnogerontologia-zoque\/","og_site_name":"Books From Mexico","article_modified_time":"2024-10-02T23:20:54+00:00","og_image":[{"width":1187,"height":1700,"url":"http:\/\/booksfrommexico.com\/app\/uploads\/2023\/05\/120623.jpeg","type":"image\/jpeg"}],"twitter_card":"summary_large_image","twitter_misc":{"Tiempo de lectura":"1 minuto"},"schema":{"@context":"https:\/\/schema.org","@graph":[{"@type":"WebPage","@id":"https:\/\/booksfrommexico.com\/es\/producto\/envejecer-en-chiapas-etnogerontologia-zoque\/","url":"https:\/\/booksfrommexico.com\/es\/producto\/envejecer-en-chiapas-etnogerontologia-zoque\/","name":"Envejecer en Chiapas","isPartOf":{"@id":"https:\/\/booksfrommexico.com\/#website"},"primaryImageOfPage":{"@id":"https:\/\/booksfrommexico.com\/es\/producto\/envejecer-en-chiapas-etnogerontologia-zoque\/#primaryimage"},"image":{"@id":"https:\/\/booksfrommexico.com\/es\/producto\/envejecer-en-chiapas-etnogerontologia-zoque\/#primaryimage"},"thumbnailUrl":"https:\/\/booksfrommexico.com\/app\/uploads\/2023\/05\/120623.jpeg","datePublished":"2023-05-08T16:59:11+00:00","dateModified":"2024-10-02T23:20:54+00:00","description":"Envejecer en Chiapas: Etnogerontolog\u00eda zoque. \/ Laureano Reyes G\u00f3mez. M\u00e9xico, Chiapas. 2002. ISBN : 9683683215 (Cient\u00edfica); 9683698492..","breadcrumb":{"@id":"https:\/\/booksfrommexico.com\/es\/producto\/envejecer-en-chiapas-etnogerontologia-zoque\/#breadcrumb"},"inLanguage":"es","potentialAction":[{"@type":"ReadAction","target":["https:\/\/booksfrommexico.com\/es\/producto\/envejecer-en-chiapas-etnogerontologia-zoque\/"]}]},{"@type":"ImageObject","inLanguage":"es","@id":"https:\/\/booksfrommexico.com\/es\/producto\/envejecer-en-chiapas-etnogerontologia-zoque\/#primaryimage","url":"https:\/\/booksfrommexico.com\/app\/uploads\/2023\/05\/120623.jpeg","contentUrl":"https:\/\/booksfrommexico.com\/app\/uploads\/2023\/05\/120623.jpeg","width":1187,"height":1700,"caption":"Envejecer en Chiapas Etnogerontolog\u00eda Zoque"},{"@type":"BreadcrumbList","@id":"https:\/\/booksfrommexico.com\/es\/producto\/envejecer-en-chiapas-etnogerontologia-zoque\/#breadcrumb","itemListElement":[{"@type":"ListItem","position":1,"name":"Home","item":"https:\/\/booksfrommexico.com\/es\/"},{"@type":"ListItem","position":2,"name":"Libros","item":"https:\/\/booksfrommexico.com\/es\/libros\/"},{"@type":"ListItem","position":3,"name":"Envejecer en Chiapas"}]},{"@type":"WebSite","@id":"https:\/\/booksfrommexico.com\/#website","url":"https:\/\/booksfrommexico.com\/","name":"Books From Mexico","description":"","publisher":{"@id":"https:\/\/booksfrommexico.com\/#organization"},"potentialAction":[{"@type":"SearchAction","target":{"@type":"EntryPoint","urlTemplate":"https:\/\/booksfrommexico.com\/?s={search_term_string}"},"query-input":{"@type":"PropertyValueSpecification","valueRequired":true,"valueName":"search_term_string"}}],"inLanguage":"es"},{"@type":"Organization","@id":"https:\/\/booksfrommexico.com\/#organization","name":"Books From Mexico","url":"https:\/\/booksfrommexico.com\/","logo":{"@type":"ImageObject","inLanguage":"es","@id":"https:\/\/booksfrommexico.com\/#\/schema\/logo\/image\/","url":"https:\/\/booksfrommexico.com\/app\/uploads\/2023\/05\/logo-booksfrommexico.svg","contentUrl":"https:\/\/booksfrommexico.com\/app\/uploads\/2023\/05\/logo-booksfrommexico.svg","width":86,"height":56,"caption":"Books From Mexico"},"image":{"@id":"https:\/\/booksfrommexico.com\/#\/schema\/logo\/image\/"}}]}},"_links":{"self":[{"href":"https:\/\/booksfrommexico.com\/es\/wp-json\/wp\/v2\/product\/236","targetHints":{"allow":["GET"]}}],"collection":[{"href":"https:\/\/booksfrommexico.com\/es\/wp-json\/wp\/v2\/product"}],"about":[{"href":"https:\/\/booksfrommexico.com\/es\/wp-json\/wp\/v2\/types\/product"}],"wp:featuredmedia":[{"embeddable":true,"href":"https:\/\/booksfrommexico.com\/es\/wp-json\/wp\/v2\/media\/235"}],"wp:attachment":[{"href":"https:\/\/booksfrommexico.com\/es\/wp-json\/wp\/v2\/media?parent=236"}],"wp:term":[{"taxonomy":"product_brand","embeddable":true,"href":"https:\/\/booksfrommexico.com\/es\/wp-json\/wp\/v2\/product_brand?post=236"},{"taxonomy":"product_cat","embeddable":true,"href":"https:\/\/booksfrommexico.com\/es\/wp-json\/wp\/v2\/product_cat?post=236"},{"taxonomy":"product_tag","embeddable":true,"href":"https:\/\/booksfrommexico.com\/es\/wp-json\/wp\/v2\/product_tag?post=236"}],"curies":[{"name":"wp","href":"https:\/\/api.w.org\/{rel}","templated":true}]}}