{"id":238,"date":"2023-05-08T16:59:13","date_gmt":"2023-05-08T16:59:13","guid":{"rendered":"http:\/\/booksfrommexico.com\/product\/semblanzas-de-artistas-plasticos-mayas-zoques-de-chiapas\/"},"modified":"2024-10-02T23:21:20","modified_gmt":"2024-10-02T23:21:20","slug":"semblanzas-de-artistas-plasticos-mayas-zoques-de-chiapas","status":"publish","type":"product","link":"https:\/\/booksfrommexico.com\/es\/producto\/semblanzas-de-artistas-plasticos-mayas-zoques-de-chiapas\/","title":{"rendered":"Semblanzas de artistas pl\u00e1sticos mayas-zoques de Chiapas"},"content":{"rendered":"<p id=\"tw-target-text\" class=\"tw-data-text tw-text-large tw-ta\" dir=\"ltr\" data-placeholder=\"Traducci\u00f3n\" data-ved=\"2ahUKEwjKteOkrJmDAxWTBEQIHZdlCZEQ3ewLegQIBRAQ\"><span style=\"font-weight: 400;\">El cultivo de las artes pl\u00e1sticas en Chiapas ha sido un paso fundamental en el devenir de los pueblos originarios, ah\u00ed se han reflejado su cosmovisi\u00f3n, cotidianeidad, acontecimientos pol\u00edticos y sociales.Con el objetivo de conocer m\u00e1s de cerca a los escritores, pintores, escultores, lauderos, artesanos y alfareros ind\u00edgenas, el Centro Estatal de Lenguas, Arte y Literatura Ind\u00edgenas desarroll\u00f3 este proyecto llamado<\/span><i><span style=\"font-weight: 400;\"> Ijtkutya\u2019b: Formas de vida. <\/span><\/i><span style=\"font-weight: 400;\">En este volumen convergen semblanzas de artistas pl\u00e1sticos de las etnias maya y zoque, lo que ilustra la situaci\u00f3n que enfrentan para desarrollar su creatividad; que con un sinn\u00famero de dificultades y escasos recursos, dan vida y recrean el legado art\u00edstico de sus pueblos. <\/span><\/p>\n","protected":false},"excerpt":{"rendered":"<p>SEMBLANZAS DE ARTISTAS PL\u00c1STICOS MAYAS-ZOQUES DE CHIAPAS<span style=\"font-weight: 400;\">. \/ Pedro Antonio Mart\u00ednez G\u00f3mez. Chiapas, M\u00e9xico : Gobierno del Estado de Chiapas, 2002. 55 pages : includes photos, bibliography ; 19 cm. (Serie Ijtkutya\u2019b: Formas de vida). ISBN : 9706970827.<\/span><\/p>\n","protected":false},"featured_media":237,"template":"","meta":{"_acf_changed":false,"inline_featured_image":false},"product_brand":[],"product_cat":[87,790,390],"product_tag":[4044,3777,3630,3700,4341,4333,3886],"class_list":{"0":"post-238","1":"product","2":"type-product","3":"status-publish","4":"has-post-thumbnail","6":"product_cat-arte","7":"product_cat-arte-y-sociedad-arte","8":"product_cat-biografias-de-artistas-arte","9":"product_tag-arte","10":"product_tag-arte-indigena","11":"product_tag-biografia","12":"product_tag-chiapas-mexico","13":"product_tag-cultura","14":"product_tag-mayas","15":"product_tag-zoques","17":"first","18":"instock","19":"sale","20":"taxable","21":"shipping-taxable","22":"purchasable","23":"product-type-simple"},"acf":[],"yoast_head":"<!-- This site is optimized with the Yoast SEO plugin v27.2 - https:\/\/yoast.com\/product\/yoast-seo-wordpress\/ -->\n<title>Semblanzas de artistas pl\u00e1sticos mayas-zoques de Chiapas<\/title>\n<meta name=\"description\" content=\"SEMBLANZAS DE ARTISTAS PL\u00c1STICOS MAYAS-ZOQUES DE CHIAPAS. \/ Pedro Antonio Mart\u00ednez G\u00f3mez. 2002. (Serie Ijtkutya\u2019b Formas de vida). ISBN : 9706970827.\" \/>\n<meta name=\"robots\" content=\"index, follow, max-snippet:-1, max-image-preview:large, max-video-preview:-1\" \/>\n<link rel=\"canonical\" href=\"https:\/\/booksfrommexico.com\/es\/producto\/semblanzas-de-artistas-plasticos-mayas-zoques-de-chiapas\/\" \/>\n<meta property=\"og:locale\" content=\"es_ES\" \/>\n<meta property=\"og:type\" content=\"article\" \/>\n<meta property=\"og:title\" content=\"Semblanzas de artistas pl\u00e1sticos mayas-zoques de Chiapas\" \/>\n<meta property=\"og:description\" content=\"SEMBLANZAS DE ARTISTAS PL\u00c1STICOS MAYAS-ZOQUES DE CHIAPAS. \/ Pedro Antonio Mart\u00ednez G\u00f3mez. 2002. (Serie Ijtkutya\u2019b Formas de vida). ISBN : 9706970827.\" \/>\n<meta property=\"og:url\" content=\"https:\/\/booksfrommexico.com\/es\/producto\/semblanzas-de-artistas-plasticos-mayas-zoques-de-chiapas\/\" \/>\n<meta property=\"og:site_name\" content=\"Books From Mexico\" \/>\n<meta property=\"article:modified_time\" content=\"2024-10-02T23:21:20+00:00\" \/>\n<meta property=\"og:image\" content=\"http:\/\/booksfrommexico.com\/app\/uploads\/2023\/05\/120635.jpeg\" \/>\n\t<meta property=\"og:image:width\" content=\"998\" \/>\n\t<meta property=\"og:image:height\" content=\"1446\" \/>\n\t<meta property=\"og:image:type\" content=\"image\/jpeg\" \/>\n<meta name=\"twitter:card\" content=\"summary_large_image\" \/>\n<meta name=\"twitter:label1\" content=\"Tiempo de lectura\" \/>\n\t<meta name=\"twitter:data1\" content=\"1 minuto\" \/>\n<script type=\"application\/ld+json\" class=\"yoast-schema-graph\">{\"@context\":\"https:\/\/schema.org\",\"@graph\":[{\"@type\":\"WebPage\",\"@id\":\"https:\/\/booksfrommexico.com\/es\/producto\/semblanzas-de-artistas-plasticos-mayas-zoques-de-chiapas\/\",\"url\":\"https:\/\/booksfrommexico.com\/es\/producto\/semblanzas-de-artistas-plasticos-mayas-zoques-de-chiapas\/\",\"name\":\"Semblanzas de artistas pl\u00e1sticos mayas-zoques de Chiapas\",\"isPartOf\":{\"@id\":\"https:\/\/booksfrommexico.com\/#website\"},\"primaryImageOfPage\":{\"@id\":\"https:\/\/booksfrommexico.com\/es\/producto\/semblanzas-de-artistas-plasticos-mayas-zoques-de-chiapas\/#primaryimage\"},\"image\":{\"@id\":\"https:\/\/booksfrommexico.com\/es\/producto\/semblanzas-de-artistas-plasticos-mayas-zoques-de-chiapas\/#primaryimage\"},\"thumbnailUrl\":\"https:\/\/booksfrommexico.com\/app\/uploads\/2023\/05\/120635.jpeg\",\"datePublished\":\"2023-05-08T16:59:13+00:00\",\"dateModified\":\"2024-10-02T23:21:20+00:00\",\"description\":\"SEMBLANZAS DE ARTISTAS PL\u00c1STICOS MAYAS-ZOQUES DE CHIAPAS. \/ Pedro Antonio Mart\u00ednez G\u00f3mez. 2002. (Serie Ijtkutya\u2019b Formas de vida). ISBN : 9706970827.\",\"breadcrumb\":{\"@id\":\"https:\/\/booksfrommexico.com\/es\/producto\/semblanzas-de-artistas-plasticos-mayas-zoques-de-chiapas\/#breadcrumb\"},\"inLanguage\":\"es\",\"potentialAction\":[{\"@type\":\"ReadAction\",\"target\":[\"https:\/\/booksfrommexico.com\/es\/producto\/semblanzas-de-artistas-plasticos-mayas-zoques-de-chiapas\/\"]}]},{\"@type\":\"ImageObject\",\"inLanguage\":\"es\",\"@id\":\"https:\/\/booksfrommexico.com\/es\/producto\/semblanzas-de-artistas-plasticos-mayas-zoques-de-chiapas\/#primaryimage\",\"url\":\"https:\/\/booksfrommexico.com\/app\/uploads\/2023\/05\/120635.jpeg\",\"contentUrl\":\"https:\/\/booksfrommexico.com\/app\/uploads\/2023\/05\/120635.jpeg\",\"width\":998,\"height\":1446,\"caption\":\"Semblanzas de artistas pl\u00e1sticos mayas-zoques de Chiapas\"},{\"@type\":\"BreadcrumbList\",\"@id\":\"https:\/\/booksfrommexico.com\/es\/producto\/semblanzas-de-artistas-plasticos-mayas-zoques-de-chiapas\/#breadcrumb\",\"itemListElement\":[{\"@type\":\"ListItem\",\"position\":1,\"name\":\"Home\",\"item\":\"https:\/\/booksfrommexico.com\/es\/\"},{\"@type\":\"ListItem\",\"position\":2,\"name\":\"Libros\",\"item\":\"https:\/\/booksfrommexico.com\/es\/libros\/\"},{\"@type\":\"ListItem\",\"position\":3,\"name\":\"Semblanzas de artistas pl\u00e1sticos mayas-zoques de Chiapas\"}]},{\"@type\":\"WebSite\",\"@id\":\"https:\/\/booksfrommexico.com\/#website\",\"url\":\"https:\/\/booksfrommexico.com\/\",\"name\":\"Books From Mexico\",\"description\":\"\",\"publisher\":{\"@id\":\"https:\/\/booksfrommexico.com\/#organization\"},\"potentialAction\":[{\"@type\":\"SearchAction\",\"target\":{\"@type\":\"EntryPoint\",\"urlTemplate\":\"https:\/\/booksfrommexico.com\/?s={search_term_string}\"},\"query-input\":{\"@type\":\"PropertyValueSpecification\",\"valueRequired\":true,\"valueName\":\"search_term_string\"}}],\"inLanguage\":\"es\"},{\"@type\":\"Organization\",\"@id\":\"https:\/\/booksfrommexico.com\/#organization\",\"name\":\"Books From Mexico\",\"url\":\"https:\/\/booksfrommexico.com\/\",\"logo\":{\"@type\":\"ImageObject\",\"inLanguage\":\"es\",\"@id\":\"https:\/\/booksfrommexico.com\/#\/schema\/logo\/image\/\",\"url\":\"https:\/\/booksfrommexico.com\/app\/uploads\/2023\/05\/logo-booksfrommexico.svg\",\"contentUrl\":\"https:\/\/booksfrommexico.com\/app\/uploads\/2023\/05\/logo-booksfrommexico.svg\",\"width\":86,\"height\":56,\"caption\":\"Books From Mexico\"},\"image\":{\"@id\":\"https:\/\/booksfrommexico.com\/#\/schema\/logo\/image\/\"}}]}<\/script>\n<!-- \/ Yoast SEO plugin. -->","yoast_head_json":{"title":"Semblanzas de artistas pl\u00e1sticos mayas-zoques de Chiapas","description":"SEMBLANZAS DE ARTISTAS PL\u00c1STICOS MAYAS-ZOQUES DE CHIAPAS. \/ Pedro Antonio Mart\u00ednez G\u00f3mez. 2002. (Serie Ijtkutya\u2019b Formas de vida). ISBN : 9706970827.","robots":{"index":"index","follow":"follow","max-snippet":"max-snippet:-1","max-image-preview":"max-image-preview:large","max-video-preview":"max-video-preview:-1"},"canonical":"https:\/\/booksfrommexico.com\/es\/producto\/semblanzas-de-artistas-plasticos-mayas-zoques-de-chiapas\/","og_locale":"es_ES","og_type":"article","og_title":"Semblanzas de artistas pl\u00e1sticos mayas-zoques de Chiapas","og_description":"SEMBLANZAS DE ARTISTAS PL\u00c1STICOS MAYAS-ZOQUES DE CHIAPAS. \/ Pedro Antonio Mart\u00ednez G\u00f3mez. 2002. (Serie Ijtkutya\u2019b Formas de vida). ISBN : 9706970827.","og_url":"https:\/\/booksfrommexico.com\/es\/producto\/semblanzas-de-artistas-plasticos-mayas-zoques-de-chiapas\/","og_site_name":"Books From Mexico","article_modified_time":"2024-10-02T23:21:20+00:00","og_image":[{"width":998,"height":1446,"url":"http:\/\/booksfrommexico.com\/app\/uploads\/2023\/05\/120635.jpeg","type":"image\/jpeg"}],"twitter_card":"summary_large_image","twitter_misc":{"Tiempo de lectura":"1 minuto"},"schema":{"@context":"https:\/\/schema.org","@graph":[{"@type":"WebPage","@id":"https:\/\/booksfrommexico.com\/es\/producto\/semblanzas-de-artistas-plasticos-mayas-zoques-de-chiapas\/","url":"https:\/\/booksfrommexico.com\/es\/producto\/semblanzas-de-artistas-plasticos-mayas-zoques-de-chiapas\/","name":"Semblanzas de artistas pl\u00e1sticos mayas-zoques de Chiapas","isPartOf":{"@id":"https:\/\/booksfrommexico.com\/#website"},"primaryImageOfPage":{"@id":"https:\/\/booksfrommexico.com\/es\/producto\/semblanzas-de-artistas-plasticos-mayas-zoques-de-chiapas\/#primaryimage"},"image":{"@id":"https:\/\/booksfrommexico.com\/es\/producto\/semblanzas-de-artistas-plasticos-mayas-zoques-de-chiapas\/#primaryimage"},"thumbnailUrl":"https:\/\/booksfrommexico.com\/app\/uploads\/2023\/05\/120635.jpeg","datePublished":"2023-05-08T16:59:13+00:00","dateModified":"2024-10-02T23:21:20+00:00","description":"SEMBLANZAS DE ARTISTAS PL\u00c1STICOS MAYAS-ZOQUES DE CHIAPAS. \/ Pedro Antonio Mart\u00ednez G\u00f3mez. 2002. (Serie Ijtkutya\u2019b Formas de vida). ISBN : 9706970827.","breadcrumb":{"@id":"https:\/\/booksfrommexico.com\/es\/producto\/semblanzas-de-artistas-plasticos-mayas-zoques-de-chiapas\/#breadcrumb"},"inLanguage":"es","potentialAction":[{"@type":"ReadAction","target":["https:\/\/booksfrommexico.com\/es\/producto\/semblanzas-de-artistas-plasticos-mayas-zoques-de-chiapas\/"]}]},{"@type":"ImageObject","inLanguage":"es","@id":"https:\/\/booksfrommexico.com\/es\/producto\/semblanzas-de-artistas-plasticos-mayas-zoques-de-chiapas\/#primaryimage","url":"https:\/\/booksfrommexico.com\/app\/uploads\/2023\/05\/120635.jpeg","contentUrl":"https:\/\/booksfrommexico.com\/app\/uploads\/2023\/05\/120635.jpeg","width":998,"height":1446,"caption":"Semblanzas de artistas pl\u00e1sticos mayas-zoques de Chiapas"},{"@type":"BreadcrumbList","@id":"https:\/\/booksfrommexico.com\/es\/producto\/semblanzas-de-artistas-plasticos-mayas-zoques-de-chiapas\/#breadcrumb","itemListElement":[{"@type":"ListItem","position":1,"name":"Home","item":"https:\/\/booksfrommexico.com\/es\/"},{"@type":"ListItem","position":2,"name":"Libros","item":"https:\/\/booksfrommexico.com\/es\/libros\/"},{"@type":"ListItem","position":3,"name":"Semblanzas de artistas pl\u00e1sticos mayas-zoques de Chiapas"}]},{"@type":"WebSite","@id":"https:\/\/booksfrommexico.com\/#website","url":"https:\/\/booksfrommexico.com\/","name":"Books From Mexico","description":"","publisher":{"@id":"https:\/\/booksfrommexico.com\/#organization"},"potentialAction":[{"@type":"SearchAction","target":{"@type":"EntryPoint","urlTemplate":"https:\/\/booksfrommexico.com\/?s={search_term_string}"},"query-input":{"@type":"PropertyValueSpecification","valueRequired":true,"valueName":"search_term_string"}}],"inLanguage":"es"},{"@type":"Organization","@id":"https:\/\/booksfrommexico.com\/#organization","name":"Books From Mexico","url":"https:\/\/booksfrommexico.com\/","logo":{"@type":"ImageObject","inLanguage":"es","@id":"https:\/\/booksfrommexico.com\/#\/schema\/logo\/image\/","url":"https:\/\/booksfrommexico.com\/app\/uploads\/2023\/05\/logo-booksfrommexico.svg","contentUrl":"https:\/\/booksfrommexico.com\/app\/uploads\/2023\/05\/logo-booksfrommexico.svg","width":86,"height":56,"caption":"Books From Mexico"},"image":{"@id":"https:\/\/booksfrommexico.com\/#\/schema\/logo\/image\/"}}]}},"_links":{"self":[{"href":"https:\/\/booksfrommexico.com\/es\/wp-json\/wp\/v2\/product\/238","targetHints":{"allow":["GET"]}}],"collection":[{"href":"https:\/\/booksfrommexico.com\/es\/wp-json\/wp\/v2\/product"}],"about":[{"href":"https:\/\/booksfrommexico.com\/es\/wp-json\/wp\/v2\/types\/product"}],"wp:featuredmedia":[{"embeddable":true,"href":"https:\/\/booksfrommexico.com\/es\/wp-json\/wp\/v2\/media\/237"}],"wp:attachment":[{"href":"https:\/\/booksfrommexico.com\/es\/wp-json\/wp\/v2\/media?parent=238"}],"wp:term":[{"taxonomy":"product_brand","embeddable":true,"href":"https:\/\/booksfrommexico.com\/es\/wp-json\/wp\/v2\/product_brand?post=238"},{"taxonomy":"product_cat","embeddable":true,"href":"https:\/\/booksfrommexico.com\/es\/wp-json\/wp\/v2\/product_cat?post=238"},{"taxonomy":"product_tag","embeddable":true,"href":"https:\/\/booksfrommexico.com\/es\/wp-json\/wp\/v2\/product_tag?post=238"}],"curies":[{"name":"wp","href":"https:\/\/api.w.org\/{rel}","templated":true}]}}