{"id":240,"date":"2023-05-08T16:59:16","date_gmt":"2023-05-08T16:59:16","guid":{"rendered":"http:\/\/booksfrommexico.com\/product\/semblanzas-de-escritores-mayas-zoques-de-chiapas\/"},"modified":"2024-10-02T23:21:28","modified_gmt":"2024-10-02T23:21:28","slug":"semblanzas-de-escritores-mayas-zoques-de-chiapas","status":"publish","type":"product","link":"https:\/\/booksfrommexico.com\/es\/producto\/semblanzas-de-escritores-mayas-zoques-de-chiapas\/","title":{"rendered":"Semblanzas de escritores mayas-zoques de Chiapas"},"content":{"rendered":"<p id=\"tw-target-text\" class=\"tw-data-text tw-text-large tw-ta\" dir=\"ltr\" data-placeholder=\"Traducci\u00f3n\" data-ved=\"2ahUKEwjKteOkrJmDAxWTBEQIHZdlCZEQ3ewLegQIBRAQ\"><span style=\"font-weight: 400;\">La lucha por la reivindicaci\u00f3n social de los pueblos ind\u00edgenas ha sido una constante en el devenir de su proceso hist\u00f3rico que, al estar inmerso en el cultivo de las artes y diferentes circunstancias sociales, econ\u00f3micas y pol\u00edticas, ha sembrado con el paso del tiempo un movimiento literario ind\u00edgena chiapaneco. Con el objetivo de conocer m\u00e1s de cerca a los escritores, pintores, escultores, lauderos, artesanos y alfareros ind\u00edgenas, el Centro Estatal de Lenguas, Arte y Literatura Ind\u00edgenas desarroll\u00f3 este proyecto llamado<\/span><i><span style=\"font-weight: 400;\"> Ijtkutya\u2019b: Formas de vida. <\/span><\/i><span style=\"font-weight: 400;\">En este volumen se presentan veintiocho semblanzas de autores que pueden tomarse como resumen de una visi\u00f3n de la literatura ind\u00edgena actual.\u00a0 <\/span><\/p>\n","protected":false},"excerpt":{"rendered":"<p>SEMBLANZAS DE ESCRITORES MAYAS-ZOQUES DE CHIAPAS<span style=\"font-weight: 400;\">. \/ Pedro Antonio Mart\u00ednez G\u00f3mez. Chiapas, M\u00e9xico : Gobierno del Estado de Chiapas, 2002. 125 pages : includes photos,\u00a0 references, bibliography ; 19 cm. (Serie Ijtkutya\u2019b: Formas de vida). ISBN : 9706970843. <\/span><\/p>\n","protected":false},"featured_media":239,"template":"","meta":{"_acf_changed":false,"inline_featured_image":false},"product_brand":[],"product_cat":[4106,25],"product_tag":[3777,3891,3630,3700,4124,4503],"class_list":{"0":"post-240","1":"product","2":"type-product","3":"status-publish","4":"has-post-thumbnail","6":"product_cat-biografia","7":"product_cat-literatura","8":"product_tag-arte-indigena","9":"product_tag-autores-indigenas","10":"product_tag-biografia","11":"product_tag-chiapas-mexico","12":"product_tag-literatura-es","13":"product_tag-literatura-indigena","15":"first","16":"instock","17":"sale","18":"taxable","19":"shipping-taxable","20":"purchasable","21":"product-type-simple"},"acf":[],"yoast_head":"<!-- This site is optimized with the Yoast SEO plugin v27.3 - https:\/\/yoast.com\/product\/yoast-seo-wordpress\/ -->\n<title>Semblanzas de escritores mayas-zoques de Chiapas<\/title>\n<meta name=\"description\" content=\"SEMBLANZAS DE ESCRITORES MAYAS-ZOQUES DE CHIAPAS. \/ Pedro Antonio Mart\u00ednez G\u00f3mez. 2002. (Serie Ijtkutya\u2019b: Formas de vida). ISBN : 9706970843.\" \/>\n<meta name=\"robots\" content=\"index, follow, max-snippet:-1, max-image-preview:large, max-video-preview:-1\" \/>\n<link rel=\"canonical\" href=\"https:\/\/booksfrommexico.com\/es\/producto\/semblanzas-de-escritores-mayas-zoques-de-chiapas\/\" \/>\n<meta property=\"og:locale\" content=\"es_ES\" \/>\n<meta property=\"og:type\" content=\"article\" \/>\n<meta property=\"og:title\" content=\"Semblanzas de escritores mayas-zoques de Chiapas\" \/>\n<meta property=\"og:description\" content=\"SEMBLANZAS DE ESCRITORES MAYAS-ZOQUES DE CHIAPAS. \/ Pedro Antonio Mart\u00ednez G\u00f3mez. 2002. (Serie Ijtkutya\u2019b: Formas de vida). ISBN : 9706970843.\" \/>\n<meta property=\"og:url\" content=\"https:\/\/booksfrommexico.com\/es\/producto\/semblanzas-de-escritores-mayas-zoques-de-chiapas\/\" \/>\n<meta property=\"og:site_name\" content=\"Books From Mexico\" \/>\n<meta property=\"article:modified_time\" content=\"2024-10-02T23:21:28+00:00\" \/>\n<meta property=\"og:image\" content=\"http:\/\/booksfrommexico.com\/app\/uploads\/2023\/05\/120636.jpeg\" \/>\n\t<meta property=\"og:image:width\" content=\"998\" \/>\n\t<meta property=\"og:image:height\" content=\"1446\" \/>\n\t<meta property=\"og:image:type\" content=\"image\/jpeg\" \/>\n<meta name=\"twitter:card\" content=\"summary_large_image\" \/>\n<meta name=\"twitter:label1\" content=\"Tiempo de lectura\" \/>\n\t<meta name=\"twitter:data1\" content=\"1 minuto\" \/>\n<script type=\"application\/ld+json\" class=\"yoast-schema-graph\">{\"@context\":\"https:\\\/\\\/schema.org\",\"@graph\":[{\"@type\":\"WebPage\",\"@id\":\"https:\\\/\\\/booksfrommexico.com\\\/es\\\/producto\\\/semblanzas-de-escritores-mayas-zoques-de-chiapas\\\/\",\"url\":\"https:\\\/\\\/booksfrommexico.com\\\/es\\\/producto\\\/semblanzas-de-escritores-mayas-zoques-de-chiapas\\\/\",\"name\":\"Semblanzas de escritores mayas-zoques de Chiapas\",\"isPartOf\":{\"@id\":\"https:\\\/\\\/booksfrommexico.com\\\/#website\"},\"primaryImageOfPage\":{\"@id\":\"https:\\\/\\\/booksfrommexico.com\\\/es\\\/producto\\\/semblanzas-de-escritores-mayas-zoques-de-chiapas\\\/#primaryimage\"},\"image\":{\"@id\":\"https:\\\/\\\/booksfrommexico.com\\\/es\\\/producto\\\/semblanzas-de-escritores-mayas-zoques-de-chiapas\\\/#primaryimage\"},\"thumbnailUrl\":\"https:\\\/\\\/booksfrommexico.com\\\/app\\\/uploads\\\/2023\\\/05\\\/120636.jpeg\",\"datePublished\":\"2023-05-08T16:59:16+00:00\",\"dateModified\":\"2024-10-02T23:21:28+00:00\",\"description\":\"SEMBLANZAS DE ESCRITORES MAYAS-ZOQUES DE CHIAPAS. \\\/ Pedro Antonio Mart\u00ednez G\u00f3mez. 2002. (Serie Ijtkutya\u2019b: Formas de vida). ISBN : 9706970843.\",\"breadcrumb\":{\"@id\":\"https:\\\/\\\/booksfrommexico.com\\\/es\\\/producto\\\/semblanzas-de-escritores-mayas-zoques-de-chiapas\\\/#breadcrumb\"},\"inLanguage\":\"es\",\"potentialAction\":[{\"@type\":\"ReadAction\",\"target\":[\"https:\\\/\\\/booksfrommexico.com\\\/es\\\/producto\\\/semblanzas-de-escritores-mayas-zoques-de-chiapas\\\/\"]}]},{\"@type\":\"ImageObject\",\"inLanguage\":\"es\",\"@id\":\"https:\\\/\\\/booksfrommexico.com\\\/es\\\/producto\\\/semblanzas-de-escritores-mayas-zoques-de-chiapas\\\/#primaryimage\",\"url\":\"https:\\\/\\\/booksfrommexico.com\\\/app\\\/uploads\\\/2023\\\/05\\\/120636.jpeg\",\"contentUrl\":\"https:\\\/\\\/booksfrommexico.com\\\/app\\\/uploads\\\/2023\\\/05\\\/120636.jpeg\",\"width\":998,\"height\":1446,\"caption\":\"SEMBLANZAS DE ESCRITORES MAYAS-ZOQUES DE CHIAPAS\"},{\"@type\":\"BreadcrumbList\",\"@id\":\"https:\\\/\\\/booksfrommexico.com\\\/es\\\/producto\\\/semblanzas-de-escritores-mayas-zoques-de-chiapas\\\/#breadcrumb\",\"itemListElement\":[{\"@type\":\"ListItem\",\"position\":1,\"name\":\"Home\",\"item\":\"https:\\\/\\\/booksfrommexico.com\\\/es\\\/\"},{\"@type\":\"ListItem\",\"position\":2,\"name\":\"Libros\",\"item\":\"https:\\\/\\\/booksfrommexico.com\\\/es\\\/libros\\\/\"},{\"@type\":\"ListItem\",\"position\":3,\"name\":\"Semblanzas de escritores mayas-zoques de Chiapas\"}]},{\"@type\":\"WebSite\",\"@id\":\"https:\\\/\\\/booksfrommexico.com\\\/#website\",\"url\":\"https:\\\/\\\/booksfrommexico.com\\\/\",\"name\":\"Books From Mexico\",\"description\":\"\",\"publisher\":{\"@id\":\"https:\\\/\\\/booksfrommexico.com\\\/#organization\"},\"potentialAction\":[{\"@type\":\"SearchAction\",\"target\":{\"@type\":\"EntryPoint\",\"urlTemplate\":\"https:\\\/\\\/booksfrommexico.com\\\/?s={search_term_string}\"},\"query-input\":{\"@type\":\"PropertyValueSpecification\",\"valueRequired\":true,\"valueName\":\"search_term_string\"}}],\"inLanguage\":\"es\"},{\"@type\":\"Organization\",\"@id\":\"https:\\\/\\\/booksfrommexico.com\\\/#organization\",\"name\":\"Books From Mexico\",\"url\":\"https:\\\/\\\/booksfrommexico.com\\\/\",\"logo\":{\"@type\":\"ImageObject\",\"inLanguage\":\"es\",\"@id\":\"https:\\\/\\\/booksfrommexico.com\\\/#\\\/schema\\\/logo\\\/image\\\/\",\"url\":\"https:\\\/\\\/booksfrommexico.com\\\/app\\\/uploads\\\/2023\\\/05\\\/logo-booksfrommexico.svg\",\"contentUrl\":\"https:\\\/\\\/booksfrommexico.com\\\/app\\\/uploads\\\/2023\\\/05\\\/logo-booksfrommexico.svg\",\"width\":86,\"height\":56,\"caption\":\"Books From Mexico\"},\"image\":{\"@id\":\"https:\\\/\\\/booksfrommexico.com\\\/#\\\/schema\\\/logo\\\/image\\\/\"}}]}<\/script>\n<!-- \/ Yoast SEO plugin. -->","yoast_head_json":{"title":"Semblanzas de escritores mayas-zoques de Chiapas","description":"SEMBLANZAS DE ESCRITORES MAYAS-ZOQUES DE CHIAPAS. \/ Pedro Antonio Mart\u00ednez G\u00f3mez. 2002. (Serie Ijtkutya\u2019b: Formas de vida). ISBN : 9706970843.","robots":{"index":"index","follow":"follow","max-snippet":"max-snippet:-1","max-image-preview":"max-image-preview:large","max-video-preview":"max-video-preview:-1"},"canonical":"https:\/\/booksfrommexico.com\/es\/producto\/semblanzas-de-escritores-mayas-zoques-de-chiapas\/","og_locale":"es_ES","og_type":"article","og_title":"Semblanzas de escritores mayas-zoques de Chiapas","og_description":"SEMBLANZAS DE ESCRITORES MAYAS-ZOQUES DE CHIAPAS. \/ Pedro Antonio Mart\u00ednez G\u00f3mez. 2002. (Serie Ijtkutya\u2019b: Formas de vida). ISBN : 9706970843.","og_url":"https:\/\/booksfrommexico.com\/es\/producto\/semblanzas-de-escritores-mayas-zoques-de-chiapas\/","og_site_name":"Books From Mexico","article_modified_time":"2024-10-02T23:21:28+00:00","og_image":[{"width":998,"height":1446,"url":"http:\/\/booksfrommexico.com\/app\/uploads\/2023\/05\/120636.jpeg","type":"image\/jpeg"}],"twitter_card":"summary_large_image","twitter_misc":{"Tiempo de lectura":"1 minuto"},"schema":{"@context":"https:\/\/schema.org","@graph":[{"@type":"WebPage","@id":"https:\/\/booksfrommexico.com\/es\/producto\/semblanzas-de-escritores-mayas-zoques-de-chiapas\/","url":"https:\/\/booksfrommexico.com\/es\/producto\/semblanzas-de-escritores-mayas-zoques-de-chiapas\/","name":"Semblanzas de escritores mayas-zoques de Chiapas","isPartOf":{"@id":"https:\/\/booksfrommexico.com\/#website"},"primaryImageOfPage":{"@id":"https:\/\/booksfrommexico.com\/es\/producto\/semblanzas-de-escritores-mayas-zoques-de-chiapas\/#primaryimage"},"image":{"@id":"https:\/\/booksfrommexico.com\/es\/producto\/semblanzas-de-escritores-mayas-zoques-de-chiapas\/#primaryimage"},"thumbnailUrl":"https:\/\/booksfrommexico.com\/app\/uploads\/2023\/05\/120636.jpeg","datePublished":"2023-05-08T16:59:16+00:00","dateModified":"2024-10-02T23:21:28+00:00","description":"SEMBLANZAS DE ESCRITORES MAYAS-ZOQUES DE CHIAPAS. \/ Pedro Antonio Mart\u00ednez G\u00f3mez. 2002. (Serie Ijtkutya\u2019b: Formas de vida). ISBN : 9706970843.","breadcrumb":{"@id":"https:\/\/booksfrommexico.com\/es\/producto\/semblanzas-de-escritores-mayas-zoques-de-chiapas\/#breadcrumb"},"inLanguage":"es","potentialAction":[{"@type":"ReadAction","target":["https:\/\/booksfrommexico.com\/es\/producto\/semblanzas-de-escritores-mayas-zoques-de-chiapas\/"]}]},{"@type":"ImageObject","inLanguage":"es","@id":"https:\/\/booksfrommexico.com\/es\/producto\/semblanzas-de-escritores-mayas-zoques-de-chiapas\/#primaryimage","url":"https:\/\/booksfrommexico.com\/app\/uploads\/2023\/05\/120636.jpeg","contentUrl":"https:\/\/booksfrommexico.com\/app\/uploads\/2023\/05\/120636.jpeg","width":998,"height":1446,"caption":"SEMBLANZAS DE ESCRITORES MAYAS-ZOQUES DE CHIAPAS"},{"@type":"BreadcrumbList","@id":"https:\/\/booksfrommexico.com\/es\/producto\/semblanzas-de-escritores-mayas-zoques-de-chiapas\/#breadcrumb","itemListElement":[{"@type":"ListItem","position":1,"name":"Home","item":"https:\/\/booksfrommexico.com\/es\/"},{"@type":"ListItem","position":2,"name":"Libros","item":"https:\/\/booksfrommexico.com\/es\/libros\/"},{"@type":"ListItem","position":3,"name":"Semblanzas de escritores mayas-zoques de Chiapas"}]},{"@type":"WebSite","@id":"https:\/\/booksfrommexico.com\/#website","url":"https:\/\/booksfrommexico.com\/","name":"Books From Mexico","description":"","publisher":{"@id":"https:\/\/booksfrommexico.com\/#organization"},"potentialAction":[{"@type":"SearchAction","target":{"@type":"EntryPoint","urlTemplate":"https:\/\/booksfrommexico.com\/?s={search_term_string}"},"query-input":{"@type":"PropertyValueSpecification","valueRequired":true,"valueName":"search_term_string"}}],"inLanguage":"es"},{"@type":"Organization","@id":"https:\/\/booksfrommexico.com\/#organization","name":"Books From Mexico","url":"https:\/\/booksfrommexico.com\/","logo":{"@type":"ImageObject","inLanguage":"es","@id":"https:\/\/booksfrommexico.com\/#\/schema\/logo\/image\/","url":"https:\/\/booksfrommexico.com\/app\/uploads\/2023\/05\/logo-booksfrommexico.svg","contentUrl":"https:\/\/booksfrommexico.com\/app\/uploads\/2023\/05\/logo-booksfrommexico.svg","width":86,"height":56,"caption":"Books From Mexico"},"image":{"@id":"https:\/\/booksfrommexico.com\/#\/schema\/logo\/image\/"}}]}},"_links":{"self":[{"href":"https:\/\/booksfrommexico.com\/es\/wp-json\/wp\/v2\/product\/240","targetHints":{"allow":["GET"]}}],"collection":[{"href":"https:\/\/booksfrommexico.com\/es\/wp-json\/wp\/v2\/product"}],"about":[{"href":"https:\/\/booksfrommexico.com\/es\/wp-json\/wp\/v2\/types\/product"}],"wp:featuredmedia":[{"embeddable":true,"href":"https:\/\/booksfrommexico.com\/es\/wp-json\/wp\/v2\/media\/239"}],"wp:attachment":[{"href":"https:\/\/booksfrommexico.com\/es\/wp-json\/wp\/v2\/media?parent=240"}],"wp:term":[{"taxonomy":"product_brand","embeddable":true,"href":"https:\/\/booksfrommexico.com\/es\/wp-json\/wp\/v2\/product_brand?post=240"},{"taxonomy":"product_cat","embeddable":true,"href":"https:\/\/booksfrommexico.com\/es\/wp-json\/wp\/v2\/product_cat?post=240"},{"taxonomy":"product_tag","embeddable":true,"href":"https:\/\/booksfrommexico.com\/es\/wp-json\/wp\/v2\/product_tag?post=240"}],"curies":[{"name":"wp","href":"https:\/\/api.w.org\/{rel}","templated":true}]}}