{"id":242,"date":"2023-05-08T16:59:18","date_gmt":"2023-05-08T16:59:18","guid":{"rendered":"http:\/\/booksfrommexico.com\/product\/sbe-jol-koontik-ta-lum-achel-la-sabiduria-a-traves-del-barro\/"},"modified":"2024-10-02T23:21:37","modified_gmt":"2024-10-02T23:21:37","slug":"sbe-jol-koontik-ta-lum-achel-la-sabiduria-a-traves-del-barro","status":"publish","type":"product","link":"https:\/\/booksfrommexico.com\/es\/producto\/sbe-jol-koontik-ta-lum-achel-la-sabiduria-a-traves-del-barro\/","title":{"rendered":"Sbe jol ko&#8217;ontik ta lum ach&#8217;el: La sabidur\u00eda a trav\u00e9s del barro"},"content":{"rendered":"<p id=\"tw-target-text\" class=\"tw-data-text tw-text-large tw-ta\" dir=\"ltr\" data-placeholder=\"Traducci\u00f3n\" data-ved=\"2ahUKEwjKteOkrJmDAxWTBEQIHZdlCZEQ3ewLegQIBRAQ\"><span style=\"font-weight: 400;\">Con el objetivo de conocer m\u00e1s de cerca a los escritores, pintores, escultores, lauderos, artesanos y alfareros ind\u00edgenas, el Centro Estatal de Lenguas, Arte y Literatura Ind\u00edgenas desarroll\u00f3 este proyecto llamado<\/span><i><span style=\"font-weight: 400;\"> Ijtkutya\u2019b: Formas de vida. <\/span><\/i><span style=\"font-weight: 400;\">En este volumen se recopilan semblanzas de alfareros ind\u00edgenas de varios grupos ling\u00fc\u00edsticos del estado de Chiapas, en donde se puede apreciar el aprendizaje, las herramientas, as\u00ed como el proceso de su actividad en esta rama art\u00edstica. Problem\u00e1ticas, procesos creativos y diversas cuestiones se abordan aqu\u00ed en voz de los propios artistas, quienes diariamente recrean y difunden su pensamiento.<\/span><\/p>\n","protected":false},"excerpt":{"rendered":"<p>SBE JOL KO&#8217;ONTIK TA LUM ACH&#8217;EL: LA SABIDUR\u00cdA A TRAV\u00c9S DEL BARRO<span style=\"font-weight: 400;\">. \/ Oscar P\u00e9rez P\u00e9rez. Chiapas, M\u00e9xico : Gobierno del Estado de Chiapas, 2002. 64 pages : includes notes, photos, bibliography ; 16 cm. (Serie Ijtkutya\u2019b: Formas de vida). ISBN : 9706970851. <\/span><\/p>\n","protected":false},"featured_media":241,"template":"","meta":{"_acf_changed":false,"inline_featured_image":false},"product_brand":[],"product_cat":[87,790],"product_tag":[4044,3777,3630,3700,4341],"class_list":{"0":"post-242","1":"product","2":"type-product","3":"status-publish","4":"has-post-thumbnail","6":"product_cat-arte","7":"product_cat-arte-y-sociedad-arte","8":"product_tag-arte","9":"product_tag-arte-indigena","10":"product_tag-biografia","11":"product_tag-chiapas-mexico","12":"product_tag-cultura","14":"first","15":"instock","16":"sale","17":"taxable","18":"shipping-taxable","19":"purchasable","20":"product-type-simple"},"acf":[],"yoast_head":"<!-- This site is optimized with the Yoast SEO plugin v27.3 - https:\/\/yoast.com\/product\/yoast-seo-wordpress\/ -->\n<title>Sbe jol ko&#039;ontik ta lum ach&#039;el: La sabidur\u00eda a trav\u00e9s del barro<\/title>\n<meta name=\"description\" content=\"SBE JOL KO&#039;ONTIK TA LUM ACH&#039;EL: LA SABIDUR\u00cdA A TRAV\u00c9S DEL BARRO. \/ Oscar P\u00e9rez P\u00e9rez. 2002. (Serie Ijtkutya\u2019b: Formas de vida). ISBN : 9706970851.\" \/>\n<meta name=\"robots\" content=\"index, follow, max-snippet:-1, max-image-preview:large, max-video-preview:-1\" \/>\n<link rel=\"canonical\" href=\"https:\/\/booksfrommexico.com\/es\/producto\/sbe-jol-koontik-ta-lum-achel-la-sabiduria-a-traves-del-barro\/\" \/>\n<meta property=\"og:locale\" content=\"es_ES\" \/>\n<meta property=\"og:type\" content=\"article\" \/>\n<meta property=\"og:title\" content=\"Sbe jol ko&#039;ontik ta lum ach&#039;el: La sabidur\u00eda a trav\u00e9s del barro\" \/>\n<meta property=\"og:description\" content=\"SBE JOL KO&#039;ONTIK TA LUM ACH&#039;EL: LA SABIDUR\u00cdA A TRAV\u00c9S DEL BARRO. \/ Oscar P\u00e9rez P\u00e9rez. 2002. (Serie Ijtkutya\u2019b: Formas de vida). ISBN : 9706970851.\" \/>\n<meta property=\"og:url\" content=\"https:\/\/booksfrommexico.com\/es\/producto\/sbe-jol-koontik-ta-lum-achel-la-sabiduria-a-traves-del-barro\/\" \/>\n<meta property=\"og:site_name\" content=\"Books From Mexico\" \/>\n<meta property=\"article:modified_time\" content=\"2024-10-02T23:21:37+00:00\" \/>\n<meta property=\"og:image\" content=\"http:\/\/booksfrommexico.com\/app\/uploads\/2023\/05\/120637.jpeg\" \/>\n\t<meta property=\"og:image:width\" content=\"1019\" \/>\n\t<meta property=\"og:image:height\" content=\"1476\" \/>\n\t<meta property=\"og:image:type\" content=\"image\/jpeg\" \/>\n<meta name=\"twitter:card\" content=\"summary_large_image\" \/>\n<meta name=\"twitter:label1\" content=\"Tiempo de lectura\" \/>\n\t<meta name=\"twitter:data1\" content=\"1 minuto\" \/>\n<script type=\"application\/ld+json\" class=\"yoast-schema-graph\">{\"@context\":\"https:\\\/\\\/schema.org\",\"@graph\":[{\"@type\":\"WebPage\",\"@id\":\"https:\\\/\\\/booksfrommexico.com\\\/es\\\/producto\\\/sbe-jol-koontik-ta-lum-achel-la-sabiduria-a-traves-del-barro\\\/\",\"url\":\"https:\\\/\\\/booksfrommexico.com\\\/es\\\/producto\\\/sbe-jol-koontik-ta-lum-achel-la-sabiduria-a-traves-del-barro\\\/\",\"name\":\"Sbe jol ko'ontik ta lum ach'el: La sabidur\u00eda a trav\u00e9s del barro\",\"isPartOf\":{\"@id\":\"https:\\\/\\\/booksfrommexico.com\\\/#website\"},\"primaryImageOfPage\":{\"@id\":\"https:\\\/\\\/booksfrommexico.com\\\/es\\\/producto\\\/sbe-jol-koontik-ta-lum-achel-la-sabiduria-a-traves-del-barro\\\/#primaryimage\"},\"image\":{\"@id\":\"https:\\\/\\\/booksfrommexico.com\\\/es\\\/producto\\\/sbe-jol-koontik-ta-lum-achel-la-sabiduria-a-traves-del-barro\\\/#primaryimage\"},\"thumbnailUrl\":\"https:\\\/\\\/booksfrommexico.com\\\/app\\\/uploads\\\/2023\\\/05\\\/120637.jpeg\",\"datePublished\":\"2023-05-08T16:59:18+00:00\",\"dateModified\":\"2024-10-02T23:21:37+00:00\",\"description\":\"SBE JOL KO'ONTIK TA LUM ACH'EL: LA SABIDUR\u00cdA A TRAV\u00c9S DEL BARRO. \\\/ Oscar P\u00e9rez P\u00e9rez. 2002. (Serie Ijtkutya\u2019b: Formas de vida). ISBN : 9706970851.\",\"breadcrumb\":{\"@id\":\"https:\\\/\\\/booksfrommexico.com\\\/es\\\/producto\\\/sbe-jol-koontik-ta-lum-achel-la-sabiduria-a-traves-del-barro\\\/#breadcrumb\"},\"inLanguage\":\"es\",\"potentialAction\":[{\"@type\":\"ReadAction\",\"target\":[\"https:\\\/\\\/booksfrommexico.com\\\/es\\\/producto\\\/sbe-jol-koontik-ta-lum-achel-la-sabiduria-a-traves-del-barro\\\/\"]}]},{\"@type\":\"ImageObject\",\"inLanguage\":\"es\",\"@id\":\"https:\\\/\\\/booksfrommexico.com\\\/es\\\/producto\\\/sbe-jol-koontik-ta-lum-achel-la-sabiduria-a-traves-del-barro\\\/#primaryimage\",\"url\":\"https:\\\/\\\/booksfrommexico.com\\\/app\\\/uploads\\\/2023\\\/05\\\/120637.jpeg\",\"contentUrl\":\"https:\\\/\\\/booksfrommexico.com\\\/app\\\/uploads\\\/2023\\\/05\\\/120637.jpeg\",\"width\":1019,\"height\":1476,\"caption\":\"Sbe jol ko'ontik ta lum ach'el La sabidur\u00eda a trav\u00e9s del barro\"},{\"@type\":\"BreadcrumbList\",\"@id\":\"https:\\\/\\\/booksfrommexico.com\\\/es\\\/producto\\\/sbe-jol-koontik-ta-lum-achel-la-sabiduria-a-traves-del-barro\\\/#breadcrumb\",\"itemListElement\":[{\"@type\":\"ListItem\",\"position\":1,\"name\":\"Home\",\"item\":\"https:\\\/\\\/booksfrommexico.com\\\/es\\\/\"},{\"@type\":\"ListItem\",\"position\":2,\"name\":\"Libros\",\"item\":\"https:\\\/\\\/booksfrommexico.com\\\/es\\\/libros\\\/\"},{\"@type\":\"ListItem\",\"position\":3,\"name\":\"Sbe jol ko&#8217;ontik ta lum ach&#8217;el: La sabidur\u00eda a trav\u00e9s del barro\"}]},{\"@type\":\"WebSite\",\"@id\":\"https:\\\/\\\/booksfrommexico.com\\\/#website\",\"url\":\"https:\\\/\\\/booksfrommexico.com\\\/\",\"name\":\"Books From Mexico\",\"description\":\"\",\"publisher\":{\"@id\":\"https:\\\/\\\/booksfrommexico.com\\\/#organization\"},\"potentialAction\":[{\"@type\":\"SearchAction\",\"target\":{\"@type\":\"EntryPoint\",\"urlTemplate\":\"https:\\\/\\\/booksfrommexico.com\\\/?s={search_term_string}\"},\"query-input\":{\"@type\":\"PropertyValueSpecification\",\"valueRequired\":true,\"valueName\":\"search_term_string\"}}],\"inLanguage\":\"es\"},{\"@type\":\"Organization\",\"@id\":\"https:\\\/\\\/booksfrommexico.com\\\/#organization\",\"name\":\"Books From Mexico\",\"url\":\"https:\\\/\\\/booksfrommexico.com\\\/\",\"logo\":{\"@type\":\"ImageObject\",\"inLanguage\":\"es\",\"@id\":\"https:\\\/\\\/booksfrommexico.com\\\/#\\\/schema\\\/logo\\\/image\\\/\",\"url\":\"https:\\\/\\\/booksfrommexico.com\\\/app\\\/uploads\\\/2023\\\/05\\\/logo-booksfrommexico.svg\",\"contentUrl\":\"https:\\\/\\\/booksfrommexico.com\\\/app\\\/uploads\\\/2023\\\/05\\\/logo-booksfrommexico.svg\",\"width\":86,\"height\":56,\"caption\":\"Books From Mexico\"},\"image\":{\"@id\":\"https:\\\/\\\/booksfrommexico.com\\\/#\\\/schema\\\/logo\\\/image\\\/\"}}]}<\/script>\n<!-- \/ Yoast SEO plugin. -->","yoast_head_json":{"title":"Sbe jol ko'ontik ta lum ach'el: La sabidur\u00eda a trav\u00e9s del barro","description":"SBE JOL KO'ONTIK TA LUM ACH'EL: LA SABIDUR\u00cdA A TRAV\u00c9S DEL BARRO. \/ Oscar P\u00e9rez P\u00e9rez. 2002. (Serie Ijtkutya\u2019b: Formas de vida). ISBN : 9706970851.","robots":{"index":"index","follow":"follow","max-snippet":"max-snippet:-1","max-image-preview":"max-image-preview:large","max-video-preview":"max-video-preview:-1"},"canonical":"https:\/\/booksfrommexico.com\/es\/producto\/sbe-jol-koontik-ta-lum-achel-la-sabiduria-a-traves-del-barro\/","og_locale":"es_ES","og_type":"article","og_title":"Sbe jol ko'ontik ta lum ach'el: La sabidur\u00eda a trav\u00e9s del barro","og_description":"SBE JOL KO'ONTIK TA LUM ACH'EL: LA SABIDUR\u00cdA A TRAV\u00c9S DEL BARRO. \/ Oscar P\u00e9rez P\u00e9rez. 2002. (Serie Ijtkutya\u2019b: Formas de vida). ISBN : 9706970851.","og_url":"https:\/\/booksfrommexico.com\/es\/producto\/sbe-jol-koontik-ta-lum-achel-la-sabiduria-a-traves-del-barro\/","og_site_name":"Books From Mexico","article_modified_time":"2024-10-02T23:21:37+00:00","og_image":[{"width":1019,"height":1476,"url":"http:\/\/booksfrommexico.com\/app\/uploads\/2023\/05\/120637.jpeg","type":"image\/jpeg"}],"twitter_card":"summary_large_image","twitter_misc":{"Tiempo de lectura":"1 minuto"},"schema":{"@context":"https:\/\/schema.org","@graph":[{"@type":"WebPage","@id":"https:\/\/booksfrommexico.com\/es\/producto\/sbe-jol-koontik-ta-lum-achel-la-sabiduria-a-traves-del-barro\/","url":"https:\/\/booksfrommexico.com\/es\/producto\/sbe-jol-koontik-ta-lum-achel-la-sabiduria-a-traves-del-barro\/","name":"Sbe jol ko'ontik ta lum ach'el: La sabidur\u00eda a trav\u00e9s del barro","isPartOf":{"@id":"https:\/\/booksfrommexico.com\/#website"},"primaryImageOfPage":{"@id":"https:\/\/booksfrommexico.com\/es\/producto\/sbe-jol-koontik-ta-lum-achel-la-sabiduria-a-traves-del-barro\/#primaryimage"},"image":{"@id":"https:\/\/booksfrommexico.com\/es\/producto\/sbe-jol-koontik-ta-lum-achel-la-sabiduria-a-traves-del-barro\/#primaryimage"},"thumbnailUrl":"https:\/\/booksfrommexico.com\/app\/uploads\/2023\/05\/120637.jpeg","datePublished":"2023-05-08T16:59:18+00:00","dateModified":"2024-10-02T23:21:37+00:00","description":"SBE JOL KO'ONTIK TA LUM ACH'EL: LA SABIDUR\u00cdA A TRAV\u00c9S DEL BARRO. \/ Oscar P\u00e9rez P\u00e9rez. 2002. (Serie Ijtkutya\u2019b: Formas de vida). ISBN : 9706970851.","breadcrumb":{"@id":"https:\/\/booksfrommexico.com\/es\/producto\/sbe-jol-koontik-ta-lum-achel-la-sabiduria-a-traves-del-barro\/#breadcrumb"},"inLanguage":"es","potentialAction":[{"@type":"ReadAction","target":["https:\/\/booksfrommexico.com\/es\/producto\/sbe-jol-koontik-ta-lum-achel-la-sabiduria-a-traves-del-barro\/"]}]},{"@type":"ImageObject","inLanguage":"es","@id":"https:\/\/booksfrommexico.com\/es\/producto\/sbe-jol-koontik-ta-lum-achel-la-sabiduria-a-traves-del-barro\/#primaryimage","url":"https:\/\/booksfrommexico.com\/app\/uploads\/2023\/05\/120637.jpeg","contentUrl":"https:\/\/booksfrommexico.com\/app\/uploads\/2023\/05\/120637.jpeg","width":1019,"height":1476,"caption":"Sbe jol ko'ontik ta lum ach'el La sabidur\u00eda a trav\u00e9s del barro"},{"@type":"BreadcrumbList","@id":"https:\/\/booksfrommexico.com\/es\/producto\/sbe-jol-koontik-ta-lum-achel-la-sabiduria-a-traves-del-barro\/#breadcrumb","itemListElement":[{"@type":"ListItem","position":1,"name":"Home","item":"https:\/\/booksfrommexico.com\/es\/"},{"@type":"ListItem","position":2,"name":"Libros","item":"https:\/\/booksfrommexico.com\/es\/libros\/"},{"@type":"ListItem","position":3,"name":"Sbe jol ko&#8217;ontik ta lum ach&#8217;el: La sabidur\u00eda a trav\u00e9s del barro"}]},{"@type":"WebSite","@id":"https:\/\/booksfrommexico.com\/#website","url":"https:\/\/booksfrommexico.com\/","name":"Books From Mexico","description":"","publisher":{"@id":"https:\/\/booksfrommexico.com\/#organization"},"potentialAction":[{"@type":"SearchAction","target":{"@type":"EntryPoint","urlTemplate":"https:\/\/booksfrommexico.com\/?s={search_term_string}"},"query-input":{"@type":"PropertyValueSpecification","valueRequired":true,"valueName":"search_term_string"}}],"inLanguage":"es"},{"@type":"Organization","@id":"https:\/\/booksfrommexico.com\/#organization","name":"Books From Mexico","url":"https:\/\/booksfrommexico.com\/","logo":{"@type":"ImageObject","inLanguage":"es","@id":"https:\/\/booksfrommexico.com\/#\/schema\/logo\/image\/","url":"https:\/\/booksfrommexico.com\/app\/uploads\/2023\/05\/logo-booksfrommexico.svg","contentUrl":"https:\/\/booksfrommexico.com\/app\/uploads\/2023\/05\/logo-booksfrommexico.svg","width":86,"height":56,"caption":"Books From Mexico"},"image":{"@id":"https:\/\/booksfrommexico.com\/#\/schema\/logo\/image\/"}}]}},"_links":{"self":[{"href":"https:\/\/booksfrommexico.com\/es\/wp-json\/wp\/v2\/product\/242","targetHints":{"allow":["GET"]}}],"collection":[{"href":"https:\/\/booksfrommexico.com\/es\/wp-json\/wp\/v2\/product"}],"about":[{"href":"https:\/\/booksfrommexico.com\/es\/wp-json\/wp\/v2\/types\/product"}],"wp:featuredmedia":[{"embeddable":true,"href":"https:\/\/booksfrommexico.com\/es\/wp-json\/wp\/v2\/media\/241"}],"wp:attachment":[{"href":"https:\/\/booksfrommexico.com\/es\/wp-json\/wp\/v2\/media?parent=242"}],"wp:term":[{"taxonomy":"product_brand","embeddable":true,"href":"https:\/\/booksfrommexico.com\/es\/wp-json\/wp\/v2\/product_brand?post=242"},{"taxonomy":"product_cat","embeddable":true,"href":"https:\/\/booksfrommexico.com\/es\/wp-json\/wp\/v2\/product_cat?post=242"},{"taxonomy":"product_tag","embeddable":true,"href":"https:\/\/booksfrommexico.com\/es\/wp-json\/wp\/v2\/product_tag?post=242"}],"curies":[{"name":"wp","href":"https:\/\/api.w.org\/{rel}","templated":true}]}}