{"id":244,"date":"2023-05-08T16:59:21","date_gmt":"2023-05-08T16:59:21","guid":{"rendered":"http:\/\/booksfrommexico.com\/product\/sjalel-stalel-jchielaltik-tejer-nuestra-historia\/"},"modified":"2024-10-02T23:21:43","modified_gmt":"2024-10-02T23:21:43","slug":"sjalel-stalel-jchielaltik-tejer-nuestra-historia","status":"publish","type":"product","link":"https:\/\/booksfrommexico.com\/es\/producto\/sjalel-stalel-jchielaltik-tejer-nuestra-historia\/","title":{"rendered":"Sjalel stalel jch&#8217;ielaltik: Tejer nuestra historia"},"content":{"rendered":"<p id=\"tw-target-text\" class=\"tw-data-text tw-text-large tw-ta\" dir=\"ltr\" data-placeholder=\"Traducci\u00f3n\" data-ved=\"2ahUKEwjKteOkrJmDAxWTBEQIHZdlCZEQ3ewLegQIBRAQ\"><span style=\"font-weight: 400;\">La confecci\u00f3n de la vestimenta en telares de cintura sigue siendo una de las actividades fundamentales de las mujeres ind\u00edgenas de la regi\u00f3n de Los Altos de Chiapas, donde se entretejen historia, tradici\u00f3n y cosmovisi\u00f3n; aunado a lo anterior, esta pr\u00e1ctica fortalece el sentido de pertenencia de los pueblos mayas y zoques. Con el objetivo de conocer m\u00e1s de cerca a los escritores, pintores, escultores, lauderos, artesanos y alfareros ind\u00edgenas, el Centro Estatal de Lenguas, Arte y Literatura Ind\u00edgenas desarroll\u00f3 este proyecto llamado<\/span><i><span style=\"font-weight: 400;\"> Ijtkutya\u2019b: Formas de vida. <\/span><\/i><span style=\"font-weight: 400;\">En este volumen se recogen los pensamientos y sentires de las tejedoras ind\u00edgenas del estado de Chiapas.<\/span><\/p>\n","protected":false},"excerpt":{"rendered":"<p>SJALEL STALEL JCH&#8217;IELALTIK : TEJER NUESTRA HISTORIA<span style=\"font-weight: 400;\">. \/ Oscar P\u00e9rez P\u00e9rez. Chiapas, M\u00e9xico : Gobierno del Estado de Chiapas, 2002. 61 pages : includes photos, notes, bibliography ; 19 cm.\u00a0 (Serie Ijtkutya\u2019b: Formas de vida). ISBN : 9706970851. <\/span><\/p>\n","protected":false},"featured_media":243,"template":"","meta":{"_acf_changed":false,"inline_featured_image":false},"product_brand":[],"product_cat":[182,78],"product_tag":[3630,3700,4341,3863,3978],"class_list":{"0":"post-244","1":"product","2":"type-product","3":"status-publish","4":"has-post-thumbnail","6":"product_cat-estudios-culturales-y-de-identidad-sociologia","7":"product_cat-sociologia","8":"product_tag-biografia","9":"product_tag-chiapas-mexico","10":"product_tag-cultura","11":"product_tag-mujeres-indigenas","12":"product_tag-mujeres-trabajadoras","14":"first","15":"instock","16":"sale","17":"taxable","18":"shipping-taxable","19":"purchasable","20":"product-type-simple"},"acf":[],"yoast_head":"<!-- This site is optimized with the Yoast SEO plugin v27.3 - https:\/\/yoast.com\/product\/yoast-seo-wordpress\/ -->\n<title>Sjalel stalel jch&#039;ielaltik: Tejer nuestra historia<\/title>\n<meta name=\"description\" content=\"SJALEL STALEL JCH&#039;IELALTIK : TEJER NUESTRA HISTORIA. \/ Oscar P\u00e9rez P\u00e9rez. 2002. (Serie Ijtkutya\u2019b Formas de vida). ISBN : 9706970851.\" \/>\n<meta name=\"robots\" content=\"index, follow, max-snippet:-1, max-image-preview:large, max-video-preview:-1\" \/>\n<link rel=\"canonical\" href=\"https:\/\/booksfrommexico.com\/es\/producto\/sjalel-stalel-jchielaltik-tejer-nuestra-historia\/\" \/>\n<meta property=\"og:locale\" content=\"es_ES\" \/>\n<meta property=\"og:type\" content=\"article\" \/>\n<meta property=\"og:title\" content=\"Sjalel stalel jch&#039;ielaltik: Tejer nuestra historia\" \/>\n<meta property=\"og:description\" content=\"SJALEL STALEL JCH&#039;IELALTIK : TEJER NUESTRA HISTORIA. \/ Oscar P\u00e9rez P\u00e9rez. 2002. (Serie Ijtkutya\u2019b Formas de vida). ISBN : 9706970851.\" \/>\n<meta property=\"og:url\" content=\"https:\/\/booksfrommexico.com\/es\/producto\/sjalel-stalel-jchielaltik-tejer-nuestra-historia\/\" \/>\n<meta property=\"og:site_name\" content=\"Books From Mexico\" \/>\n<meta property=\"article:modified_time\" content=\"2024-10-02T23:21:43+00:00\" \/>\n<meta property=\"og:image\" content=\"http:\/\/booksfrommexico.com\/app\/uploads\/2023\/05\/120638.jpeg\" \/>\n\t<meta property=\"og:image:width\" content=\"998\" \/>\n\t<meta property=\"og:image:height\" content=\"1446\" \/>\n\t<meta property=\"og:image:type\" content=\"image\/jpeg\" \/>\n<meta name=\"twitter:card\" content=\"summary_large_image\" \/>\n<meta name=\"twitter:label1\" content=\"Tiempo de lectura\" \/>\n\t<meta name=\"twitter:data1\" content=\"1 minuto\" \/>\n<script type=\"application\/ld+json\" class=\"yoast-schema-graph\">{\"@context\":\"https:\\\/\\\/schema.org\",\"@graph\":[{\"@type\":\"WebPage\",\"@id\":\"https:\\\/\\\/booksfrommexico.com\\\/es\\\/producto\\\/sjalel-stalel-jchielaltik-tejer-nuestra-historia\\\/\",\"url\":\"https:\\\/\\\/booksfrommexico.com\\\/es\\\/producto\\\/sjalel-stalel-jchielaltik-tejer-nuestra-historia\\\/\",\"name\":\"Sjalel stalel jch'ielaltik: Tejer nuestra historia\",\"isPartOf\":{\"@id\":\"https:\\\/\\\/booksfrommexico.com\\\/#website\"},\"primaryImageOfPage\":{\"@id\":\"https:\\\/\\\/booksfrommexico.com\\\/es\\\/producto\\\/sjalel-stalel-jchielaltik-tejer-nuestra-historia\\\/#primaryimage\"},\"image\":{\"@id\":\"https:\\\/\\\/booksfrommexico.com\\\/es\\\/producto\\\/sjalel-stalel-jchielaltik-tejer-nuestra-historia\\\/#primaryimage\"},\"thumbnailUrl\":\"https:\\\/\\\/booksfrommexico.com\\\/app\\\/uploads\\\/2023\\\/05\\\/120638.jpeg\",\"datePublished\":\"2023-05-08T16:59:21+00:00\",\"dateModified\":\"2024-10-02T23:21:43+00:00\",\"description\":\"SJALEL STALEL JCH'IELALTIK : TEJER NUESTRA HISTORIA. \\\/ Oscar P\u00e9rez P\u00e9rez. 2002. (Serie Ijtkutya\u2019b Formas de vida). ISBN : 9706970851.\",\"breadcrumb\":{\"@id\":\"https:\\\/\\\/booksfrommexico.com\\\/es\\\/producto\\\/sjalel-stalel-jchielaltik-tejer-nuestra-historia\\\/#breadcrumb\"},\"inLanguage\":\"es\",\"potentialAction\":[{\"@type\":\"ReadAction\",\"target\":[\"https:\\\/\\\/booksfrommexico.com\\\/es\\\/producto\\\/sjalel-stalel-jchielaltik-tejer-nuestra-historia\\\/\"]}]},{\"@type\":\"ImageObject\",\"inLanguage\":\"es\",\"@id\":\"https:\\\/\\\/booksfrommexico.com\\\/es\\\/producto\\\/sjalel-stalel-jchielaltik-tejer-nuestra-historia\\\/#primaryimage\",\"url\":\"https:\\\/\\\/booksfrommexico.com\\\/app\\\/uploads\\\/2023\\\/05\\\/120638.jpeg\",\"contentUrl\":\"https:\\\/\\\/booksfrommexico.com\\\/app\\\/uploads\\\/2023\\\/05\\\/120638.jpeg\",\"width\":998,\"height\":1446,\"caption\":\"SJALEL STALEL JCH'IELALTIK : TEJER NUESTRA HISTORIA\"},{\"@type\":\"BreadcrumbList\",\"@id\":\"https:\\\/\\\/booksfrommexico.com\\\/es\\\/producto\\\/sjalel-stalel-jchielaltik-tejer-nuestra-historia\\\/#breadcrumb\",\"itemListElement\":[{\"@type\":\"ListItem\",\"position\":1,\"name\":\"Home\",\"item\":\"https:\\\/\\\/booksfrommexico.com\\\/es\\\/\"},{\"@type\":\"ListItem\",\"position\":2,\"name\":\"Libros\",\"item\":\"https:\\\/\\\/booksfrommexico.com\\\/es\\\/libros\\\/\"},{\"@type\":\"ListItem\",\"position\":3,\"name\":\"Sjalel stalel jch&#8217;ielaltik: Tejer nuestra historia\"}]},{\"@type\":\"WebSite\",\"@id\":\"https:\\\/\\\/booksfrommexico.com\\\/#website\",\"url\":\"https:\\\/\\\/booksfrommexico.com\\\/\",\"name\":\"Books From Mexico\",\"description\":\"\",\"publisher\":{\"@id\":\"https:\\\/\\\/booksfrommexico.com\\\/#organization\"},\"potentialAction\":[{\"@type\":\"SearchAction\",\"target\":{\"@type\":\"EntryPoint\",\"urlTemplate\":\"https:\\\/\\\/booksfrommexico.com\\\/?s={search_term_string}\"},\"query-input\":{\"@type\":\"PropertyValueSpecification\",\"valueRequired\":true,\"valueName\":\"search_term_string\"}}],\"inLanguage\":\"es\"},{\"@type\":\"Organization\",\"@id\":\"https:\\\/\\\/booksfrommexico.com\\\/#organization\",\"name\":\"Books From Mexico\",\"url\":\"https:\\\/\\\/booksfrommexico.com\\\/\",\"logo\":{\"@type\":\"ImageObject\",\"inLanguage\":\"es\",\"@id\":\"https:\\\/\\\/booksfrommexico.com\\\/#\\\/schema\\\/logo\\\/image\\\/\",\"url\":\"https:\\\/\\\/booksfrommexico.com\\\/app\\\/uploads\\\/2023\\\/05\\\/logo-booksfrommexico.svg\",\"contentUrl\":\"https:\\\/\\\/booksfrommexico.com\\\/app\\\/uploads\\\/2023\\\/05\\\/logo-booksfrommexico.svg\",\"width\":86,\"height\":56,\"caption\":\"Books From Mexico\"},\"image\":{\"@id\":\"https:\\\/\\\/booksfrommexico.com\\\/#\\\/schema\\\/logo\\\/image\\\/\"}}]}<\/script>\n<!-- \/ Yoast SEO plugin. -->","yoast_head_json":{"title":"Sjalel stalel jch'ielaltik: Tejer nuestra historia","description":"SJALEL STALEL JCH'IELALTIK : TEJER NUESTRA HISTORIA. \/ Oscar P\u00e9rez P\u00e9rez. 2002. (Serie Ijtkutya\u2019b Formas de vida). ISBN : 9706970851.","robots":{"index":"index","follow":"follow","max-snippet":"max-snippet:-1","max-image-preview":"max-image-preview:large","max-video-preview":"max-video-preview:-1"},"canonical":"https:\/\/booksfrommexico.com\/es\/producto\/sjalel-stalel-jchielaltik-tejer-nuestra-historia\/","og_locale":"es_ES","og_type":"article","og_title":"Sjalel stalel jch'ielaltik: Tejer nuestra historia","og_description":"SJALEL STALEL JCH'IELALTIK : TEJER NUESTRA HISTORIA. \/ Oscar P\u00e9rez P\u00e9rez. 2002. (Serie Ijtkutya\u2019b Formas de vida). ISBN : 9706970851.","og_url":"https:\/\/booksfrommexico.com\/es\/producto\/sjalel-stalel-jchielaltik-tejer-nuestra-historia\/","og_site_name":"Books From Mexico","article_modified_time":"2024-10-02T23:21:43+00:00","og_image":[{"width":998,"height":1446,"url":"http:\/\/booksfrommexico.com\/app\/uploads\/2023\/05\/120638.jpeg","type":"image\/jpeg"}],"twitter_card":"summary_large_image","twitter_misc":{"Tiempo de lectura":"1 minuto"},"schema":{"@context":"https:\/\/schema.org","@graph":[{"@type":"WebPage","@id":"https:\/\/booksfrommexico.com\/es\/producto\/sjalel-stalel-jchielaltik-tejer-nuestra-historia\/","url":"https:\/\/booksfrommexico.com\/es\/producto\/sjalel-stalel-jchielaltik-tejer-nuestra-historia\/","name":"Sjalel stalel jch'ielaltik: Tejer nuestra historia","isPartOf":{"@id":"https:\/\/booksfrommexico.com\/#website"},"primaryImageOfPage":{"@id":"https:\/\/booksfrommexico.com\/es\/producto\/sjalel-stalel-jchielaltik-tejer-nuestra-historia\/#primaryimage"},"image":{"@id":"https:\/\/booksfrommexico.com\/es\/producto\/sjalel-stalel-jchielaltik-tejer-nuestra-historia\/#primaryimage"},"thumbnailUrl":"https:\/\/booksfrommexico.com\/app\/uploads\/2023\/05\/120638.jpeg","datePublished":"2023-05-08T16:59:21+00:00","dateModified":"2024-10-02T23:21:43+00:00","description":"SJALEL STALEL JCH'IELALTIK : TEJER NUESTRA HISTORIA. \/ Oscar P\u00e9rez P\u00e9rez. 2002. (Serie Ijtkutya\u2019b Formas de vida). ISBN : 9706970851.","breadcrumb":{"@id":"https:\/\/booksfrommexico.com\/es\/producto\/sjalel-stalel-jchielaltik-tejer-nuestra-historia\/#breadcrumb"},"inLanguage":"es","potentialAction":[{"@type":"ReadAction","target":["https:\/\/booksfrommexico.com\/es\/producto\/sjalel-stalel-jchielaltik-tejer-nuestra-historia\/"]}]},{"@type":"ImageObject","inLanguage":"es","@id":"https:\/\/booksfrommexico.com\/es\/producto\/sjalel-stalel-jchielaltik-tejer-nuestra-historia\/#primaryimage","url":"https:\/\/booksfrommexico.com\/app\/uploads\/2023\/05\/120638.jpeg","contentUrl":"https:\/\/booksfrommexico.com\/app\/uploads\/2023\/05\/120638.jpeg","width":998,"height":1446,"caption":"SJALEL STALEL JCH'IELALTIK : TEJER NUESTRA HISTORIA"},{"@type":"BreadcrumbList","@id":"https:\/\/booksfrommexico.com\/es\/producto\/sjalel-stalel-jchielaltik-tejer-nuestra-historia\/#breadcrumb","itemListElement":[{"@type":"ListItem","position":1,"name":"Home","item":"https:\/\/booksfrommexico.com\/es\/"},{"@type":"ListItem","position":2,"name":"Libros","item":"https:\/\/booksfrommexico.com\/es\/libros\/"},{"@type":"ListItem","position":3,"name":"Sjalel stalel jch&#8217;ielaltik: Tejer nuestra historia"}]},{"@type":"WebSite","@id":"https:\/\/booksfrommexico.com\/#website","url":"https:\/\/booksfrommexico.com\/","name":"Books From Mexico","description":"","publisher":{"@id":"https:\/\/booksfrommexico.com\/#organization"},"potentialAction":[{"@type":"SearchAction","target":{"@type":"EntryPoint","urlTemplate":"https:\/\/booksfrommexico.com\/?s={search_term_string}"},"query-input":{"@type":"PropertyValueSpecification","valueRequired":true,"valueName":"search_term_string"}}],"inLanguage":"es"},{"@type":"Organization","@id":"https:\/\/booksfrommexico.com\/#organization","name":"Books From Mexico","url":"https:\/\/booksfrommexico.com\/","logo":{"@type":"ImageObject","inLanguage":"es","@id":"https:\/\/booksfrommexico.com\/#\/schema\/logo\/image\/","url":"https:\/\/booksfrommexico.com\/app\/uploads\/2023\/05\/logo-booksfrommexico.svg","contentUrl":"https:\/\/booksfrommexico.com\/app\/uploads\/2023\/05\/logo-booksfrommexico.svg","width":86,"height":56,"caption":"Books From Mexico"},"image":{"@id":"https:\/\/booksfrommexico.com\/#\/schema\/logo\/image\/"}}]}},"_links":{"self":[{"href":"https:\/\/booksfrommexico.com\/es\/wp-json\/wp\/v2\/product\/244","targetHints":{"allow":["GET"]}}],"collection":[{"href":"https:\/\/booksfrommexico.com\/es\/wp-json\/wp\/v2\/product"}],"about":[{"href":"https:\/\/booksfrommexico.com\/es\/wp-json\/wp\/v2\/types\/product"}],"wp:featuredmedia":[{"embeddable":true,"href":"https:\/\/booksfrommexico.com\/es\/wp-json\/wp\/v2\/media\/243"}],"wp:attachment":[{"href":"https:\/\/booksfrommexico.com\/es\/wp-json\/wp\/v2\/media?parent=244"}],"wp:term":[{"taxonomy":"product_brand","embeddable":true,"href":"https:\/\/booksfrommexico.com\/es\/wp-json\/wp\/v2\/product_brand?post=244"},{"taxonomy":"product_cat","embeddable":true,"href":"https:\/\/booksfrommexico.com\/es\/wp-json\/wp\/v2\/product_cat?post=244"},{"taxonomy":"product_tag","embeddable":true,"href":"https:\/\/booksfrommexico.com\/es\/wp-json\/wp\/v2\/product_tag?post=244"}],"curies":[{"name":"wp","href":"https:\/\/api.w.org\/{rel}","templated":true}]}}