{"id":246,"date":"2023-05-08T16:59:23","date_gmt":"2023-05-08T16:59:23","guid":{"rendered":"http:\/\/booksfrommexico.com\/product\/la-defensa-del-petroleo-mexicano-al-trazarse-la-frontera-submarina-con-estados-unidos\/"},"modified":"2024-10-02T23:21:54","modified_gmt":"2024-10-02T23:21:54","slug":"la-defensa-del-petroleo-mexicano-al-trazarse-la-frontera-submarina-con-estados-unidos","status":"publish","type":"product","link":"https:\/\/booksfrommexico.com\/es\/producto\/la-defensa-del-petroleo-mexicano-al-trazarse-la-frontera-submarina-con-estados-unidos\/","title":{"rendered":"La defensa del petr\u00f3leo mexicano al trazarse la frontera submarina con Estados Unidos"},"content":{"rendered":"<p id=\"tw-target-text\" class=\"tw-data-text tw-text-large tw-ta\" dir=\"ltr\" data-placeholder=\"Traducci\u00f3n\" data-ved=\"2ahUKEwjKteOkrJmDAxWTBEQIHZdlCZEQ3ewLegQIBRAQ\"><span style=\"font-weight: 400;\">En la agenda entre M\u00e9xico y Estados Unidos, los norteamericanos insisten en la apertura de abrir a la inversi\u00f3n extranjera la industria del petr\u00f3leo; esto es ante la volatilidad del Medio Oriente, ya que EUA considera prioritario contar con proveedores estables y seguros del crudo que le permitan garantizar su crecimiento, siendo M\u00e9xico su estrategia. Sin embargo, M\u00e9xico corre el peligro de perder parte de su crudo transfronterizo si no se act\u00faa con visi\u00f3n y eficacia. En este estudio, Palacios Trevi\u00f1o \u2013servidor p\u00fablico, jurista y parte del equipo negociador del Tratado\u2013 ahonda en una perspectiva del panorama: el del patrimonio cultural. <\/span><\/p>\n","protected":false},"excerpt":{"rendered":"<p>LA DEFENSA DEL PETR\u00d3LEO MEXICANO AL TRAZARSE LA FRONTERA SUBMARINA CON ESTADOS UNIDOS<span style=\"font-weight: 400;\">. \/ Jorge Palacios Trevi\u00f1o. M\u00e9xico, D.F. : Universidad Iberoamericana, 2003. 152 pages : includes notes, maps, exhibit, bibliographic references, bibliography ; 21 cm. ISBN : 9688594970. <\/span><\/p>\n","protected":false},"featured_media":245,"template":"","meta":{"_acf_changed":false,"inline_featured_image":false},"product_brand":[],"product_cat":[279,83,47],"product_tag":[3893,4075,4404,4129,3594,3895,3627],"class_list":{"0":"post-246","1":"product","2":"type-product","3":"status-publish","4":"has-post-thumbnail","6":"product_cat-analisis-sectorial-regionales-economia","7":"product_cat-ecologia-y-cuestiones-ambientales","8":"product_cat-economia","9":"product_tag-derecho-maritimo","10":"product_tag-ecologia","11":"product_tag-economia","12":"product_tag-medio-anbiente","13":"product_tag-mexico","14":"product_tag-plataforma-continental","15":"product_tag-politica-y-gobierno","17":"first","18":"instock","19":"sale","20":"taxable","21":"shipping-taxable","22":"purchasable","23":"product-type-simple"},"acf":[],"yoast_head":"<!-- This site is optimized with the Yoast SEO plugin v27.3 - https:\/\/yoast.com\/product\/yoast-seo-wordpress\/ -->\n<title>La defensa del petr\u00f3leo mexicano al trazarse la frontera submarina<\/title>\n<meta name=\"description\" content=\"LA DEFENSA DEL PETR\u00d3LEO MEXICANO AL TRAZARSE LA FRONTERA SUBMARINA CON ESTADOS UNIDOS. \/ Jorge Palacios Trevi\u00f1o. Universidad Iberoamericana, 2003.\" \/>\n<meta name=\"robots\" content=\"index, follow, max-snippet:-1, max-image-preview:large, max-video-preview:-1\" \/>\n<link rel=\"canonical\" href=\"https:\/\/booksfrommexico.com\/es\/producto\/la-defensa-del-petroleo-mexicano-al-trazarse-la-frontera-submarina-con-estados-unidos\/\" \/>\n<meta property=\"og:locale\" content=\"es_ES\" \/>\n<meta property=\"og:type\" content=\"article\" \/>\n<meta property=\"og:title\" content=\"La defensa del petr\u00f3leo mexicano al trazarse la frontera submarina\" \/>\n<meta property=\"og:description\" content=\"LA DEFENSA DEL PETR\u00d3LEO MEXICANO AL TRAZARSE LA FRONTERA SUBMARINA CON ESTADOS UNIDOS. \/ Jorge Palacios Trevi\u00f1o. Universidad Iberoamericana, 2003.\" \/>\n<meta property=\"og:url\" content=\"https:\/\/booksfrommexico.com\/es\/producto\/la-defensa-del-petroleo-mexicano-al-trazarse-la-frontera-submarina-con-estados-unidos\/\" \/>\n<meta property=\"og:site_name\" content=\"Books From Mexico\" \/>\n<meta property=\"article:modified_time\" content=\"2024-10-02T23:21:54+00:00\" \/>\n<meta property=\"og:image\" content=\"http:\/\/booksfrommexico.com\/app\/uploads\/2023\/05\/120674.jpeg\" \/>\n\t<meta property=\"og:image:width\" content=\"1022\" \/>\n\t<meta property=\"og:image:height\" content=\"1612\" \/>\n\t<meta property=\"og:image:type\" content=\"image\/jpeg\" \/>\n<meta name=\"twitter:card\" content=\"summary_large_image\" \/>\n<meta name=\"twitter:label1\" content=\"Tiempo de lectura\" \/>\n\t<meta name=\"twitter:data1\" content=\"1 minuto\" \/>\n<script type=\"application\/ld+json\" class=\"yoast-schema-graph\">{\"@context\":\"https:\\\/\\\/schema.org\",\"@graph\":[{\"@type\":\"WebPage\",\"@id\":\"https:\\\/\\\/booksfrommexico.com\\\/es\\\/producto\\\/la-defensa-del-petroleo-mexicano-al-trazarse-la-frontera-submarina-con-estados-unidos\\\/\",\"url\":\"https:\\\/\\\/booksfrommexico.com\\\/es\\\/producto\\\/la-defensa-del-petroleo-mexicano-al-trazarse-la-frontera-submarina-con-estados-unidos\\\/\",\"name\":\"La defensa del petr\u00f3leo mexicano al trazarse la frontera submarina\",\"isPartOf\":{\"@id\":\"https:\\\/\\\/booksfrommexico.com\\\/#website\"},\"primaryImageOfPage\":{\"@id\":\"https:\\\/\\\/booksfrommexico.com\\\/es\\\/producto\\\/la-defensa-del-petroleo-mexicano-al-trazarse-la-frontera-submarina-con-estados-unidos\\\/#primaryimage\"},\"image\":{\"@id\":\"https:\\\/\\\/booksfrommexico.com\\\/es\\\/producto\\\/la-defensa-del-petroleo-mexicano-al-trazarse-la-frontera-submarina-con-estados-unidos\\\/#primaryimage\"},\"thumbnailUrl\":\"https:\\\/\\\/booksfrommexico.com\\\/app\\\/uploads\\\/2023\\\/05\\\/120674.jpeg\",\"datePublished\":\"2023-05-08T16:59:23+00:00\",\"dateModified\":\"2024-10-02T23:21:54+00:00\",\"description\":\"LA DEFENSA DEL PETR\u00d3LEO MEXICANO AL TRAZARSE LA FRONTERA SUBMARINA CON ESTADOS UNIDOS. \\\/ Jorge Palacios Trevi\u00f1o. Universidad Iberoamericana, 2003.\",\"breadcrumb\":{\"@id\":\"https:\\\/\\\/booksfrommexico.com\\\/es\\\/producto\\\/la-defensa-del-petroleo-mexicano-al-trazarse-la-frontera-submarina-con-estados-unidos\\\/#breadcrumb\"},\"inLanguage\":\"es\",\"potentialAction\":[{\"@type\":\"ReadAction\",\"target\":[\"https:\\\/\\\/booksfrommexico.com\\\/es\\\/producto\\\/la-defensa-del-petroleo-mexicano-al-trazarse-la-frontera-submarina-con-estados-unidos\\\/\"]}]},{\"@type\":\"ImageObject\",\"inLanguage\":\"es\",\"@id\":\"https:\\\/\\\/booksfrommexico.com\\\/es\\\/producto\\\/la-defensa-del-petroleo-mexicano-al-trazarse-la-frontera-submarina-con-estados-unidos\\\/#primaryimage\",\"url\":\"https:\\\/\\\/booksfrommexico.com\\\/app\\\/uploads\\\/2023\\\/05\\\/120674.jpeg\",\"contentUrl\":\"https:\\\/\\\/booksfrommexico.com\\\/app\\\/uploads\\\/2023\\\/05\\\/120674.jpeg\",\"width\":1022,\"height\":1612,\"caption\":\"La Defensa del petr\u00f3leo mexicano al trazarse la frontera submarina con Estados Unidos\"},{\"@type\":\"BreadcrumbList\",\"@id\":\"https:\\\/\\\/booksfrommexico.com\\\/es\\\/producto\\\/la-defensa-del-petroleo-mexicano-al-trazarse-la-frontera-submarina-con-estados-unidos\\\/#breadcrumb\",\"itemListElement\":[{\"@type\":\"ListItem\",\"position\":1,\"name\":\"Home\",\"item\":\"https:\\\/\\\/booksfrommexico.com\\\/es\\\/\"},{\"@type\":\"ListItem\",\"position\":2,\"name\":\"Libros\",\"item\":\"https:\\\/\\\/booksfrommexico.com\\\/es\\\/libros\\\/\"},{\"@type\":\"ListItem\",\"position\":3,\"name\":\"La defensa del petr\u00f3leo mexicano al trazarse la frontera submarina con Estados Unidos\"}]},{\"@type\":\"WebSite\",\"@id\":\"https:\\\/\\\/booksfrommexico.com\\\/#website\",\"url\":\"https:\\\/\\\/booksfrommexico.com\\\/\",\"name\":\"Books From Mexico\",\"description\":\"\",\"publisher\":{\"@id\":\"https:\\\/\\\/booksfrommexico.com\\\/#organization\"},\"potentialAction\":[{\"@type\":\"SearchAction\",\"target\":{\"@type\":\"EntryPoint\",\"urlTemplate\":\"https:\\\/\\\/booksfrommexico.com\\\/?s={search_term_string}\"},\"query-input\":{\"@type\":\"PropertyValueSpecification\",\"valueRequired\":true,\"valueName\":\"search_term_string\"}}],\"inLanguage\":\"es\"},{\"@type\":\"Organization\",\"@id\":\"https:\\\/\\\/booksfrommexico.com\\\/#organization\",\"name\":\"Books From Mexico\",\"url\":\"https:\\\/\\\/booksfrommexico.com\\\/\",\"logo\":{\"@type\":\"ImageObject\",\"inLanguage\":\"es\",\"@id\":\"https:\\\/\\\/booksfrommexico.com\\\/#\\\/schema\\\/logo\\\/image\\\/\",\"url\":\"https:\\\/\\\/booksfrommexico.com\\\/app\\\/uploads\\\/2023\\\/05\\\/logo-booksfrommexico.svg\",\"contentUrl\":\"https:\\\/\\\/booksfrommexico.com\\\/app\\\/uploads\\\/2023\\\/05\\\/logo-booksfrommexico.svg\",\"width\":86,\"height\":56,\"caption\":\"Books From Mexico\"},\"image\":{\"@id\":\"https:\\\/\\\/booksfrommexico.com\\\/#\\\/schema\\\/logo\\\/image\\\/\"}}]}<\/script>\n<!-- \/ Yoast SEO plugin. -->","yoast_head_json":{"title":"La defensa del petr\u00f3leo mexicano al trazarse la frontera submarina","description":"LA DEFENSA DEL PETR\u00d3LEO MEXICANO AL TRAZARSE LA FRONTERA SUBMARINA CON ESTADOS UNIDOS. \/ Jorge Palacios Trevi\u00f1o. Universidad Iberoamericana, 2003.","robots":{"index":"index","follow":"follow","max-snippet":"max-snippet:-1","max-image-preview":"max-image-preview:large","max-video-preview":"max-video-preview:-1"},"canonical":"https:\/\/booksfrommexico.com\/es\/producto\/la-defensa-del-petroleo-mexicano-al-trazarse-la-frontera-submarina-con-estados-unidos\/","og_locale":"es_ES","og_type":"article","og_title":"La defensa del petr\u00f3leo mexicano al trazarse la frontera submarina","og_description":"LA DEFENSA DEL PETR\u00d3LEO MEXICANO AL TRAZARSE LA FRONTERA SUBMARINA CON ESTADOS UNIDOS. \/ Jorge Palacios Trevi\u00f1o. Universidad Iberoamericana, 2003.","og_url":"https:\/\/booksfrommexico.com\/es\/producto\/la-defensa-del-petroleo-mexicano-al-trazarse-la-frontera-submarina-con-estados-unidos\/","og_site_name":"Books From Mexico","article_modified_time":"2024-10-02T23:21:54+00:00","og_image":[{"width":1022,"height":1612,"url":"http:\/\/booksfrommexico.com\/app\/uploads\/2023\/05\/120674.jpeg","type":"image\/jpeg"}],"twitter_card":"summary_large_image","twitter_misc":{"Tiempo de lectura":"1 minuto"},"schema":{"@context":"https:\/\/schema.org","@graph":[{"@type":"WebPage","@id":"https:\/\/booksfrommexico.com\/es\/producto\/la-defensa-del-petroleo-mexicano-al-trazarse-la-frontera-submarina-con-estados-unidos\/","url":"https:\/\/booksfrommexico.com\/es\/producto\/la-defensa-del-petroleo-mexicano-al-trazarse-la-frontera-submarina-con-estados-unidos\/","name":"La defensa del petr\u00f3leo mexicano al trazarse la frontera submarina","isPartOf":{"@id":"https:\/\/booksfrommexico.com\/#website"},"primaryImageOfPage":{"@id":"https:\/\/booksfrommexico.com\/es\/producto\/la-defensa-del-petroleo-mexicano-al-trazarse-la-frontera-submarina-con-estados-unidos\/#primaryimage"},"image":{"@id":"https:\/\/booksfrommexico.com\/es\/producto\/la-defensa-del-petroleo-mexicano-al-trazarse-la-frontera-submarina-con-estados-unidos\/#primaryimage"},"thumbnailUrl":"https:\/\/booksfrommexico.com\/app\/uploads\/2023\/05\/120674.jpeg","datePublished":"2023-05-08T16:59:23+00:00","dateModified":"2024-10-02T23:21:54+00:00","description":"LA DEFENSA DEL PETR\u00d3LEO MEXICANO AL TRAZARSE LA FRONTERA SUBMARINA CON ESTADOS UNIDOS. \/ Jorge Palacios Trevi\u00f1o. Universidad Iberoamericana, 2003.","breadcrumb":{"@id":"https:\/\/booksfrommexico.com\/es\/producto\/la-defensa-del-petroleo-mexicano-al-trazarse-la-frontera-submarina-con-estados-unidos\/#breadcrumb"},"inLanguage":"es","potentialAction":[{"@type":"ReadAction","target":["https:\/\/booksfrommexico.com\/es\/producto\/la-defensa-del-petroleo-mexicano-al-trazarse-la-frontera-submarina-con-estados-unidos\/"]}]},{"@type":"ImageObject","inLanguage":"es","@id":"https:\/\/booksfrommexico.com\/es\/producto\/la-defensa-del-petroleo-mexicano-al-trazarse-la-frontera-submarina-con-estados-unidos\/#primaryimage","url":"https:\/\/booksfrommexico.com\/app\/uploads\/2023\/05\/120674.jpeg","contentUrl":"https:\/\/booksfrommexico.com\/app\/uploads\/2023\/05\/120674.jpeg","width":1022,"height":1612,"caption":"La Defensa del petr\u00f3leo mexicano al trazarse la frontera submarina con Estados Unidos"},{"@type":"BreadcrumbList","@id":"https:\/\/booksfrommexico.com\/es\/producto\/la-defensa-del-petroleo-mexicano-al-trazarse-la-frontera-submarina-con-estados-unidos\/#breadcrumb","itemListElement":[{"@type":"ListItem","position":1,"name":"Home","item":"https:\/\/booksfrommexico.com\/es\/"},{"@type":"ListItem","position":2,"name":"Libros","item":"https:\/\/booksfrommexico.com\/es\/libros\/"},{"@type":"ListItem","position":3,"name":"La defensa del petr\u00f3leo mexicano al trazarse la frontera submarina con Estados Unidos"}]},{"@type":"WebSite","@id":"https:\/\/booksfrommexico.com\/#website","url":"https:\/\/booksfrommexico.com\/","name":"Books From Mexico","description":"","publisher":{"@id":"https:\/\/booksfrommexico.com\/#organization"},"potentialAction":[{"@type":"SearchAction","target":{"@type":"EntryPoint","urlTemplate":"https:\/\/booksfrommexico.com\/?s={search_term_string}"},"query-input":{"@type":"PropertyValueSpecification","valueRequired":true,"valueName":"search_term_string"}}],"inLanguage":"es"},{"@type":"Organization","@id":"https:\/\/booksfrommexico.com\/#organization","name":"Books From Mexico","url":"https:\/\/booksfrommexico.com\/","logo":{"@type":"ImageObject","inLanguage":"es","@id":"https:\/\/booksfrommexico.com\/#\/schema\/logo\/image\/","url":"https:\/\/booksfrommexico.com\/app\/uploads\/2023\/05\/logo-booksfrommexico.svg","contentUrl":"https:\/\/booksfrommexico.com\/app\/uploads\/2023\/05\/logo-booksfrommexico.svg","width":86,"height":56,"caption":"Books From Mexico"},"image":{"@id":"https:\/\/booksfrommexico.com\/#\/schema\/logo\/image\/"}}]}},"_links":{"self":[{"href":"https:\/\/booksfrommexico.com\/es\/wp-json\/wp\/v2\/product\/246","targetHints":{"allow":["GET"]}}],"collection":[{"href":"https:\/\/booksfrommexico.com\/es\/wp-json\/wp\/v2\/product"}],"about":[{"href":"https:\/\/booksfrommexico.com\/es\/wp-json\/wp\/v2\/types\/product"}],"wp:featuredmedia":[{"embeddable":true,"href":"https:\/\/booksfrommexico.com\/es\/wp-json\/wp\/v2\/media\/245"}],"wp:attachment":[{"href":"https:\/\/booksfrommexico.com\/es\/wp-json\/wp\/v2\/media?parent=246"}],"wp:term":[{"taxonomy":"product_brand","embeddable":true,"href":"https:\/\/booksfrommexico.com\/es\/wp-json\/wp\/v2\/product_brand?post=246"},{"taxonomy":"product_cat","embeddable":true,"href":"https:\/\/booksfrommexico.com\/es\/wp-json\/wp\/v2\/product_cat?post=246"},{"taxonomy":"product_tag","embeddable":true,"href":"https:\/\/booksfrommexico.com\/es\/wp-json\/wp\/v2\/product_tag?post=246"}],"curies":[{"name":"wp","href":"https:\/\/api.w.org\/{rel}","templated":true}]}}