{"id":248,"date":"2023-05-08T16:59:25","date_gmt":"2023-05-08T16:59:25","guid":{"rendered":"http:\/\/booksfrommexico.com\/product\/estampas-costenas-origenes-de-puerto-escondido\/"},"modified":"2024-11-06T15:33:52","modified_gmt":"2024-11-06T15:33:52","slug":"estampas-costenas-origenes-de-puerto-escondido","status":"publish","type":"product","link":"https:\/\/booksfrommexico.com\/es\/producto\/estampas-costenas-origenes-de-puerto-escondido\/","title":{"rendered":"Estampas coste\u00f1as: Or\u00edgenes de Puerto Escondido"},"content":{"rendered":"<p id=\"tw-target-text\" class=\"tw-data-text tw-text-large tw-ta\" dir=\"ltr\" data-placeholder=\"Traducci\u00f3n\" data-ved=\"2ahUKEwjKteOkrJmDAxWTBEQIHZdlCZEQ3ewLegQIBRAQ\"><span style=\"font-weight: 400;\">En este t\u00edtulo se recaba informaci\u00f3n seria, veraz y bien documentada que permite ahondar en el conocimiento de los pueblos de la faja costera de Puerto Escondido, en el Estado de Oaxaca. Aqu\u00ed se presenta una investigaci\u00f3n que busca recuperar los verdaderos antecedentes hist\u00f3ricos de la poblaci\u00f3n, \u2013encontrando por primera vez el nombre \u201cPuerto Escondido\u201d en 1930\u2013, as\u00ed como su cultura con historias, poemas, museos; y cuestiones sociales como el afromestizaje en la zona y el desarrollo de la medicina. El texto se encuentra acompa\u00f1ado de ilustraciones y fotograf\u00edas de sus lugares emblem\u00e1ticos.<\/span><\/p>\n","protected":false},"excerpt":{"rendered":"<p>ESTAMPAS COSTE\u00d1AS : OR\u00cdGENES DE PUERTO ESCONDIDO<span style=\"font-weight: 400;\">. \/ Rafael Guzm\u00e1n Calvo. Oaxaca, M\u00e9xico : Consejo Nacional para la Cultura y las Artes , Culturas Populares e Ind\u00edgenas , Fondo Editorial Tierra Adentro; Instituto Oaxaque\u00f1o de las Culturas , Unidad Regional Costa, 2002. 105 pages : includes photos, illustrations, bibliography ; 22 cm.<\/span><\/p>\n","protected":false},"featured_media":247,"template":"","meta":{"_acf_changed":false,"inline_featured_image":false},"product_brand":[],"product_cat":[182,78],"product_tag":[4341,3607,3880,3797,3608],"class_list":{"0":"post-248","1":"product","2":"type-product","3":"status-publish","4":"has-post-thumbnail","6":"product_cat-estudios-culturales-y-de-identidad-sociologia","7":"product_cat-sociologia","8":"product_tag-cultura","9":"product_tag-historia-local","10":"product_tag-identidad-cultural","11":"product_tag-oaxaca-mexico","12":"product_tag-vida-social-y-costumbres","14":"first","15":"outofstock","16":"sale","17":"taxable","18":"shipping-taxable","19":"purchasable","20":"product-type-simple"},"acf":[],"yoast_head":"<!-- This site is optimized with the Yoast SEO plugin v27.3 - https:\/\/yoast.com\/product\/yoast-seo-wordpress\/ -->\n<title>Estampas coste\u00f1as: Or\u00edgenes de Puerto Escondido<\/title>\n<meta name=\"description\" content=\"ESTAMPAS COSTE\u00d1AS : OR\u00cdGENES DE PUERTO ESCONDIDO. \/ Rafael Guzm\u00e1n Calvo. Oaxaca, M\u00e9xico : CONACULTA ; Instituto Oaxaque\u00f1o de las Culturas, 2002.\" \/>\n<meta name=\"robots\" content=\"index, follow, max-snippet:-1, max-image-preview:large, max-video-preview:-1\" \/>\n<link rel=\"canonical\" href=\"https:\/\/booksfrommexico.com\/es\/producto\/estampas-costenas-origenes-de-puerto-escondido\/\" \/>\n<meta property=\"og:locale\" content=\"es_ES\" \/>\n<meta property=\"og:type\" content=\"article\" \/>\n<meta property=\"og:title\" content=\"Estampas coste\u00f1as: Or\u00edgenes de Puerto Escondido\" \/>\n<meta property=\"og:description\" content=\"ESTAMPAS COSTE\u00d1AS : OR\u00cdGENES DE PUERTO ESCONDIDO. \/ Rafael Guzm\u00e1n Calvo. Oaxaca, M\u00e9xico : CONACULTA ; Instituto Oaxaque\u00f1o de las Culturas, 2002.\" \/>\n<meta property=\"og:url\" content=\"https:\/\/booksfrommexico.com\/es\/producto\/estampas-costenas-origenes-de-puerto-escondido\/\" \/>\n<meta property=\"og:site_name\" content=\"Books From Mexico\" \/>\n<meta property=\"article:modified_time\" content=\"2024-11-06T15:33:52+00:00\" \/>\n<meta property=\"og:image\" content=\"http:\/\/booksfrommexico.com\/app\/uploads\/2023\/05\/120869.jpeg\" \/>\n\t<meta property=\"og:image:width\" content=\"1255\" \/>\n\t<meta property=\"og:image:height\" content=\"1648\" \/>\n\t<meta property=\"og:image:type\" content=\"image\/jpeg\" \/>\n<meta name=\"twitter:card\" content=\"summary_large_image\" \/>\n<meta name=\"twitter:label1\" content=\"Tiempo de lectura\" \/>\n\t<meta name=\"twitter:data1\" content=\"1 minuto\" \/>\n<script type=\"application\/ld+json\" class=\"yoast-schema-graph\">{\"@context\":\"https:\\\/\\\/schema.org\",\"@graph\":[{\"@type\":\"WebPage\",\"@id\":\"https:\\\/\\\/booksfrommexico.com\\\/es\\\/producto\\\/estampas-costenas-origenes-de-puerto-escondido\\\/\",\"url\":\"https:\\\/\\\/booksfrommexico.com\\\/es\\\/producto\\\/estampas-costenas-origenes-de-puerto-escondido\\\/\",\"name\":\"Estampas coste\u00f1as: Or\u00edgenes de Puerto Escondido\",\"isPartOf\":{\"@id\":\"https:\\\/\\\/booksfrommexico.com\\\/#website\"},\"primaryImageOfPage\":{\"@id\":\"https:\\\/\\\/booksfrommexico.com\\\/es\\\/producto\\\/estampas-costenas-origenes-de-puerto-escondido\\\/#primaryimage\"},\"image\":{\"@id\":\"https:\\\/\\\/booksfrommexico.com\\\/es\\\/producto\\\/estampas-costenas-origenes-de-puerto-escondido\\\/#primaryimage\"},\"thumbnailUrl\":\"https:\\\/\\\/booksfrommexico.com\\\/app\\\/uploads\\\/2023\\\/05\\\/120869.jpeg\",\"datePublished\":\"2023-05-08T16:59:25+00:00\",\"dateModified\":\"2024-11-06T15:33:52+00:00\",\"description\":\"ESTAMPAS COSTE\u00d1AS : OR\u00cdGENES DE PUERTO ESCONDIDO. \\\/ Rafael Guzm\u00e1n Calvo. Oaxaca, M\u00e9xico : CONACULTA ; Instituto Oaxaque\u00f1o de las Culturas, 2002.\",\"breadcrumb\":{\"@id\":\"https:\\\/\\\/booksfrommexico.com\\\/es\\\/producto\\\/estampas-costenas-origenes-de-puerto-escondido\\\/#breadcrumb\"},\"inLanguage\":\"es\",\"potentialAction\":[{\"@type\":\"ReadAction\",\"target\":[\"https:\\\/\\\/booksfrommexico.com\\\/es\\\/producto\\\/estampas-costenas-origenes-de-puerto-escondido\\\/\"]}]},{\"@type\":\"ImageObject\",\"inLanguage\":\"es\",\"@id\":\"https:\\\/\\\/booksfrommexico.com\\\/es\\\/producto\\\/estampas-costenas-origenes-de-puerto-escondido\\\/#primaryimage\",\"url\":\"https:\\\/\\\/booksfrommexico.com\\\/app\\\/uploads\\\/2023\\\/05\\\/120869.jpeg\",\"contentUrl\":\"https:\\\/\\\/booksfrommexico.com\\\/app\\\/uploads\\\/2023\\\/05\\\/120869.jpeg\",\"width\":1255,\"height\":1648,\"caption\":\"Estampas coste\u00f1as Origenes de Puerto Escondido\"},{\"@type\":\"BreadcrumbList\",\"@id\":\"https:\\\/\\\/booksfrommexico.com\\\/es\\\/producto\\\/estampas-costenas-origenes-de-puerto-escondido\\\/#breadcrumb\",\"itemListElement\":[{\"@type\":\"ListItem\",\"position\":1,\"name\":\"Home\",\"item\":\"https:\\\/\\\/booksfrommexico.com\\\/es\\\/\"},{\"@type\":\"ListItem\",\"position\":2,\"name\":\"Libros\",\"item\":\"https:\\\/\\\/booksfrommexico.com\\\/es\\\/libros\\\/\"},{\"@type\":\"ListItem\",\"position\":3,\"name\":\"Estampas coste\u00f1as: Or\u00edgenes de Puerto Escondido\"}]},{\"@type\":\"WebSite\",\"@id\":\"https:\\\/\\\/booksfrommexico.com\\\/#website\",\"url\":\"https:\\\/\\\/booksfrommexico.com\\\/\",\"name\":\"Books From Mexico\",\"description\":\"\",\"publisher\":{\"@id\":\"https:\\\/\\\/booksfrommexico.com\\\/#organization\"},\"potentialAction\":[{\"@type\":\"SearchAction\",\"target\":{\"@type\":\"EntryPoint\",\"urlTemplate\":\"https:\\\/\\\/booksfrommexico.com\\\/?s={search_term_string}\"},\"query-input\":{\"@type\":\"PropertyValueSpecification\",\"valueRequired\":true,\"valueName\":\"search_term_string\"}}],\"inLanguage\":\"es\"},{\"@type\":\"Organization\",\"@id\":\"https:\\\/\\\/booksfrommexico.com\\\/#organization\",\"name\":\"Books From Mexico\",\"url\":\"https:\\\/\\\/booksfrommexico.com\\\/\",\"logo\":{\"@type\":\"ImageObject\",\"inLanguage\":\"es\",\"@id\":\"https:\\\/\\\/booksfrommexico.com\\\/#\\\/schema\\\/logo\\\/image\\\/\",\"url\":\"https:\\\/\\\/booksfrommexico.com\\\/app\\\/uploads\\\/2023\\\/05\\\/logo-booksfrommexico.svg\",\"contentUrl\":\"https:\\\/\\\/booksfrommexico.com\\\/app\\\/uploads\\\/2023\\\/05\\\/logo-booksfrommexico.svg\",\"width\":86,\"height\":56,\"caption\":\"Books From Mexico\"},\"image\":{\"@id\":\"https:\\\/\\\/booksfrommexico.com\\\/#\\\/schema\\\/logo\\\/image\\\/\"}}]}<\/script>\n<!-- \/ Yoast SEO plugin. -->","yoast_head_json":{"title":"Estampas coste\u00f1as: Or\u00edgenes de Puerto Escondido","description":"ESTAMPAS COSTE\u00d1AS : OR\u00cdGENES DE PUERTO ESCONDIDO. \/ Rafael Guzm\u00e1n Calvo. Oaxaca, M\u00e9xico : CONACULTA ; Instituto Oaxaque\u00f1o de las Culturas, 2002.","robots":{"index":"index","follow":"follow","max-snippet":"max-snippet:-1","max-image-preview":"max-image-preview:large","max-video-preview":"max-video-preview:-1"},"canonical":"https:\/\/booksfrommexico.com\/es\/producto\/estampas-costenas-origenes-de-puerto-escondido\/","og_locale":"es_ES","og_type":"article","og_title":"Estampas coste\u00f1as: Or\u00edgenes de Puerto Escondido","og_description":"ESTAMPAS COSTE\u00d1AS : OR\u00cdGENES DE PUERTO ESCONDIDO. \/ Rafael Guzm\u00e1n Calvo. Oaxaca, M\u00e9xico : CONACULTA ; Instituto Oaxaque\u00f1o de las Culturas, 2002.","og_url":"https:\/\/booksfrommexico.com\/es\/producto\/estampas-costenas-origenes-de-puerto-escondido\/","og_site_name":"Books From Mexico","article_modified_time":"2024-11-06T15:33:52+00:00","og_image":[{"width":1255,"height":1648,"url":"http:\/\/booksfrommexico.com\/app\/uploads\/2023\/05\/120869.jpeg","type":"image\/jpeg"}],"twitter_card":"summary_large_image","twitter_misc":{"Tiempo de lectura":"1 minuto"},"schema":{"@context":"https:\/\/schema.org","@graph":[{"@type":"WebPage","@id":"https:\/\/booksfrommexico.com\/es\/producto\/estampas-costenas-origenes-de-puerto-escondido\/","url":"https:\/\/booksfrommexico.com\/es\/producto\/estampas-costenas-origenes-de-puerto-escondido\/","name":"Estampas coste\u00f1as: Or\u00edgenes de Puerto Escondido","isPartOf":{"@id":"https:\/\/booksfrommexico.com\/#website"},"primaryImageOfPage":{"@id":"https:\/\/booksfrommexico.com\/es\/producto\/estampas-costenas-origenes-de-puerto-escondido\/#primaryimage"},"image":{"@id":"https:\/\/booksfrommexico.com\/es\/producto\/estampas-costenas-origenes-de-puerto-escondido\/#primaryimage"},"thumbnailUrl":"https:\/\/booksfrommexico.com\/app\/uploads\/2023\/05\/120869.jpeg","datePublished":"2023-05-08T16:59:25+00:00","dateModified":"2024-11-06T15:33:52+00:00","description":"ESTAMPAS COSTE\u00d1AS : OR\u00cdGENES DE PUERTO ESCONDIDO. \/ Rafael Guzm\u00e1n Calvo. Oaxaca, M\u00e9xico : CONACULTA ; Instituto Oaxaque\u00f1o de las Culturas, 2002.","breadcrumb":{"@id":"https:\/\/booksfrommexico.com\/es\/producto\/estampas-costenas-origenes-de-puerto-escondido\/#breadcrumb"},"inLanguage":"es","potentialAction":[{"@type":"ReadAction","target":["https:\/\/booksfrommexico.com\/es\/producto\/estampas-costenas-origenes-de-puerto-escondido\/"]}]},{"@type":"ImageObject","inLanguage":"es","@id":"https:\/\/booksfrommexico.com\/es\/producto\/estampas-costenas-origenes-de-puerto-escondido\/#primaryimage","url":"https:\/\/booksfrommexico.com\/app\/uploads\/2023\/05\/120869.jpeg","contentUrl":"https:\/\/booksfrommexico.com\/app\/uploads\/2023\/05\/120869.jpeg","width":1255,"height":1648,"caption":"Estampas coste\u00f1as Origenes de Puerto Escondido"},{"@type":"BreadcrumbList","@id":"https:\/\/booksfrommexico.com\/es\/producto\/estampas-costenas-origenes-de-puerto-escondido\/#breadcrumb","itemListElement":[{"@type":"ListItem","position":1,"name":"Home","item":"https:\/\/booksfrommexico.com\/es\/"},{"@type":"ListItem","position":2,"name":"Libros","item":"https:\/\/booksfrommexico.com\/es\/libros\/"},{"@type":"ListItem","position":3,"name":"Estampas coste\u00f1as: Or\u00edgenes de Puerto Escondido"}]},{"@type":"WebSite","@id":"https:\/\/booksfrommexico.com\/#website","url":"https:\/\/booksfrommexico.com\/","name":"Books From Mexico","description":"","publisher":{"@id":"https:\/\/booksfrommexico.com\/#organization"},"potentialAction":[{"@type":"SearchAction","target":{"@type":"EntryPoint","urlTemplate":"https:\/\/booksfrommexico.com\/?s={search_term_string}"},"query-input":{"@type":"PropertyValueSpecification","valueRequired":true,"valueName":"search_term_string"}}],"inLanguage":"es"},{"@type":"Organization","@id":"https:\/\/booksfrommexico.com\/#organization","name":"Books From Mexico","url":"https:\/\/booksfrommexico.com\/","logo":{"@type":"ImageObject","inLanguage":"es","@id":"https:\/\/booksfrommexico.com\/#\/schema\/logo\/image\/","url":"https:\/\/booksfrommexico.com\/app\/uploads\/2023\/05\/logo-booksfrommexico.svg","contentUrl":"https:\/\/booksfrommexico.com\/app\/uploads\/2023\/05\/logo-booksfrommexico.svg","width":86,"height":56,"caption":"Books From Mexico"},"image":{"@id":"https:\/\/booksfrommexico.com\/#\/schema\/logo\/image\/"}}]}},"_links":{"self":[{"href":"https:\/\/booksfrommexico.com\/es\/wp-json\/wp\/v2\/product\/248","targetHints":{"allow":["GET"]}}],"collection":[{"href":"https:\/\/booksfrommexico.com\/es\/wp-json\/wp\/v2\/product"}],"about":[{"href":"https:\/\/booksfrommexico.com\/es\/wp-json\/wp\/v2\/types\/product"}],"wp:featuredmedia":[{"embeddable":true,"href":"https:\/\/booksfrommexico.com\/es\/wp-json\/wp\/v2\/media\/247"}],"wp:attachment":[{"href":"https:\/\/booksfrommexico.com\/es\/wp-json\/wp\/v2\/media?parent=248"}],"wp:term":[{"taxonomy":"product_brand","embeddable":true,"href":"https:\/\/booksfrommexico.com\/es\/wp-json\/wp\/v2\/product_brand?post=248"},{"taxonomy":"product_cat","embeddable":true,"href":"https:\/\/booksfrommexico.com\/es\/wp-json\/wp\/v2\/product_cat?post=248"},{"taxonomy":"product_tag","embeddable":true,"href":"https:\/\/booksfrommexico.com\/es\/wp-json\/wp\/v2\/product_tag?post=248"}],"curies":[{"name":"wp","href":"https:\/\/api.w.org\/{rel}","templated":true}]}}