{"id":250,"date":"2023-05-08T16:59:31","date_gmt":"2023-05-08T16:59:31","guid":{"rendered":"http:\/\/booksfrommexico.com\/product\/matrices-de-insumo-producto-de-los-estados-fronterizos-del-norte-de-mexico\/"},"modified":"2024-10-02T23:22:40","modified_gmt":"2024-10-02T23:22:40","slug":"matrices-de-insumo-producto-de-los-estados-fronterizos-del-norte-de-mexico","status":"publish","type":"product","link":"https:\/\/booksfrommexico.com\/es\/producto\/matrices-de-insumo-producto-de-los-estados-fronterizos-del-norte-de-mexico\/","title":{"rendered":"Matrices de insumo-producto en estados del norte de M\u00e9xico"},"content":{"rendered":"<p><span style=\"font-weight: 400;\">Estudio anal\u00edtico sobre estimaciones de la matriz Insumo-Producto (MIP) en estados de la frontera norte de M\u00e9xico. Presenta diversos resultados regionales y la participaci\u00f3n de diversos grupos poblacionales en la creaci\u00f3n de herramientas regionales para la planificaci\u00f3n. Los objetivos de este t\u00edtulo son dar a conocer las estimaciones de las matrices, difundir los resultados de la aplicaci\u00f3n emp\u00edrica del sistema de insumo-producto en el \u00e1mbito regional y facilitar la participaci\u00f3n de grupos m\u00e1s amplios en la discusi\u00f3n sobre la creaci\u00f3n de instrumentos regionales de planeaci\u00f3n.<\/span><\/p>\n","protected":false},"excerpt":{"rendered":"<p>MATRICES DE INSUMO-PRODUCTO DE LOS ESTADOS FRONTERIZOS DEL NORTE DE M\u00c9XICO<span style=\"font-weight: 400;\">. \/ No\u00e9 Ar\u00f3n Fuentes Flores. M\u00e9xico, D.F. : Plaza y Vald\u00e9s Editores ; Baja California, M\u00e9xico : Universidad Aut\u00f3noma de Baja California, 2002. 168 pages : includes tables, charts, graphics ; 22 cm. ISBN : 9707222018.\u00a0<\/span><\/p>\n","protected":false},"featured_media":249,"template":"","meta":{"_acf_changed":false,"inline_featured_image":false},"product_brand":[],"product_cat":[279,47],"product_tag":[4404,3899,3897,4122,3594],"class_list":{"0":"post-250","1":"product","2":"type-product","3":"status-publish","4":"has-post-thumbnail","6":"product_cat-analisis-sectorial-regionales-economia","7":"product_cat-economia","8":"product_tag-economia","9":"product_tag-industrias","10":"product_tag-insumo-producto","11":"product_tag-investigacion","12":"product_tag-mexico","14":"first","15":"instock","16":"sale","17":"taxable","18":"shipping-taxable","19":"purchasable","20":"product-type-simple"},"acf":[],"yoast_head":"<!-- This site is optimized with the Yoast SEO plugin v27.3 - https:\/\/yoast.com\/product\/yoast-seo-wordpress\/ -->\n<title>Matrices de insumo-producto en estados del norte de M\u00e9xico<\/title>\n<meta name=\"description\" content=\"MATRICES DE INSUMO-PRODUCTO DE LOS ESTADOS FRONTERIZOS DEL NORTE DE M\u00c9XICO. \/ No\u00e9 Ar\u00f3n Fuentes Flores. UABC ; Plaza y Vald\u00e9s Editores 2002.\" \/>\n<meta name=\"robots\" content=\"index, follow, max-snippet:-1, max-image-preview:large, max-video-preview:-1\" \/>\n<link rel=\"canonical\" href=\"https:\/\/booksfrommexico.com\/es\/producto\/matrices-de-insumo-producto-de-los-estados-fronterizos-del-norte-de-mexico\/\" \/>\n<meta property=\"og:locale\" content=\"es_ES\" \/>\n<meta property=\"og:type\" content=\"article\" \/>\n<meta property=\"og:title\" content=\"Matrices de insumo-producto en estados del norte de M\u00e9xico\" \/>\n<meta property=\"og:description\" content=\"MATRICES DE INSUMO-PRODUCTO DE LOS ESTADOS FRONTERIZOS DEL NORTE DE M\u00c9XICO. \/ No\u00e9 Ar\u00f3n Fuentes Flores. UABC ; Plaza y Vald\u00e9s Editores 2002.\" \/>\n<meta property=\"og:url\" content=\"https:\/\/booksfrommexico.com\/es\/producto\/matrices-de-insumo-producto-de-los-estados-fronterizos-del-norte-de-mexico\/\" \/>\n<meta property=\"og:site_name\" content=\"Books From Mexico\" \/>\n<meta property=\"article:modified_time\" content=\"2024-10-02T23:22:40+00:00\" \/>\n<meta property=\"og:image\" content=\"http:\/\/booksfrommexico.com\/app\/uploads\/2023\/05\/120932.jpeg\" \/>\n\t<meta property=\"og:image:width\" content=\"1279\" \/>\n\t<meta property=\"og:image:height\" content=\"1750\" \/>\n\t<meta property=\"og:image:type\" content=\"image\/jpeg\" \/>\n<meta name=\"twitter:card\" content=\"summary_large_image\" \/>\n<meta name=\"twitter:label1\" content=\"Tiempo de lectura\" \/>\n\t<meta name=\"twitter:data1\" content=\"1 minuto\" \/>\n<script type=\"application\/ld+json\" class=\"yoast-schema-graph\">{\"@context\":\"https:\\\/\\\/schema.org\",\"@graph\":[{\"@type\":\"WebPage\",\"@id\":\"https:\\\/\\\/booksfrommexico.com\\\/es\\\/producto\\\/matrices-de-insumo-producto-de-los-estados-fronterizos-del-norte-de-mexico\\\/\",\"url\":\"https:\\\/\\\/booksfrommexico.com\\\/es\\\/producto\\\/matrices-de-insumo-producto-de-los-estados-fronterizos-del-norte-de-mexico\\\/\",\"name\":\"Matrices de insumo-producto en estados del norte de M\u00e9xico\",\"isPartOf\":{\"@id\":\"https:\\\/\\\/booksfrommexico.com\\\/#website\"},\"primaryImageOfPage\":{\"@id\":\"https:\\\/\\\/booksfrommexico.com\\\/es\\\/producto\\\/matrices-de-insumo-producto-de-los-estados-fronterizos-del-norte-de-mexico\\\/#primaryimage\"},\"image\":{\"@id\":\"https:\\\/\\\/booksfrommexico.com\\\/es\\\/producto\\\/matrices-de-insumo-producto-de-los-estados-fronterizos-del-norte-de-mexico\\\/#primaryimage\"},\"thumbnailUrl\":\"https:\\\/\\\/booksfrommexico.com\\\/app\\\/uploads\\\/2023\\\/05\\\/120932.jpeg\",\"datePublished\":\"2023-05-08T16:59:31+00:00\",\"dateModified\":\"2024-10-02T23:22:40+00:00\",\"description\":\"MATRICES DE INSUMO-PRODUCTO DE LOS ESTADOS FRONTERIZOS DEL NORTE DE M\u00c9XICO. \\\/ No\u00e9 Ar\u00f3n Fuentes Flores. UABC ; Plaza y Vald\u00e9s Editores 2002.\",\"breadcrumb\":{\"@id\":\"https:\\\/\\\/booksfrommexico.com\\\/es\\\/producto\\\/matrices-de-insumo-producto-de-los-estados-fronterizos-del-norte-de-mexico\\\/#breadcrumb\"},\"inLanguage\":\"es\",\"potentialAction\":[{\"@type\":\"ReadAction\",\"target\":[\"https:\\\/\\\/booksfrommexico.com\\\/es\\\/producto\\\/matrices-de-insumo-producto-de-los-estados-fronterizos-del-norte-de-mexico\\\/\"]}]},{\"@type\":\"ImageObject\",\"inLanguage\":\"es\",\"@id\":\"https:\\\/\\\/booksfrommexico.com\\\/es\\\/producto\\\/matrices-de-insumo-producto-de-los-estados-fronterizos-del-norte-de-mexico\\\/#primaryimage\",\"url\":\"https:\\\/\\\/booksfrommexico.com\\\/app\\\/uploads\\\/2023\\\/05\\\/120932.jpeg\",\"contentUrl\":\"https:\\\/\\\/booksfrommexico.com\\\/app\\\/uploads\\\/2023\\\/05\\\/120932.jpeg\",\"width\":1279,\"height\":1750,\"caption\":\"Matrices de insumo-producto de los estados fronterizos del norte de M\u00e9xico\"},{\"@type\":\"BreadcrumbList\",\"@id\":\"https:\\\/\\\/booksfrommexico.com\\\/es\\\/producto\\\/matrices-de-insumo-producto-de-los-estados-fronterizos-del-norte-de-mexico\\\/#breadcrumb\",\"itemListElement\":[{\"@type\":\"ListItem\",\"position\":1,\"name\":\"Home\",\"item\":\"https:\\\/\\\/booksfrommexico.com\\\/es\\\/\"},{\"@type\":\"ListItem\",\"position\":2,\"name\":\"Libros\",\"item\":\"https:\\\/\\\/booksfrommexico.com\\\/es\\\/libros\\\/\"},{\"@type\":\"ListItem\",\"position\":3,\"name\":\"Matrices de insumo-producto en estados del norte de M\u00e9xico\"}]},{\"@type\":\"WebSite\",\"@id\":\"https:\\\/\\\/booksfrommexico.com\\\/#website\",\"url\":\"https:\\\/\\\/booksfrommexico.com\\\/\",\"name\":\"Books From Mexico\",\"description\":\"\",\"publisher\":{\"@id\":\"https:\\\/\\\/booksfrommexico.com\\\/#organization\"},\"potentialAction\":[{\"@type\":\"SearchAction\",\"target\":{\"@type\":\"EntryPoint\",\"urlTemplate\":\"https:\\\/\\\/booksfrommexico.com\\\/?s={search_term_string}\"},\"query-input\":{\"@type\":\"PropertyValueSpecification\",\"valueRequired\":true,\"valueName\":\"search_term_string\"}}],\"inLanguage\":\"es\"},{\"@type\":\"Organization\",\"@id\":\"https:\\\/\\\/booksfrommexico.com\\\/#organization\",\"name\":\"Books From Mexico\",\"url\":\"https:\\\/\\\/booksfrommexico.com\\\/\",\"logo\":{\"@type\":\"ImageObject\",\"inLanguage\":\"es\",\"@id\":\"https:\\\/\\\/booksfrommexico.com\\\/#\\\/schema\\\/logo\\\/image\\\/\",\"url\":\"https:\\\/\\\/booksfrommexico.com\\\/app\\\/uploads\\\/2023\\\/05\\\/logo-booksfrommexico.svg\",\"contentUrl\":\"https:\\\/\\\/booksfrommexico.com\\\/app\\\/uploads\\\/2023\\\/05\\\/logo-booksfrommexico.svg\",\"width\":86,\"height\":56,\"caption\":\"Books From Mexico\"},\"image\":{\"@id\":\"https:\\\/\\\/booksfrommexico.com\\\/#\\\/schema\\\/logo\\\/image\\\/\"}}]}<\/script>\n<!-- \/ Yoast SEO plugin. -->","yoast_head_json":{"title":"Matrices de insumo-producto en estados del norte de M\u00e9xico","description":"MATRICES DE INSUMO-PRODUCTO DE LOS ESTADOS FRONTERIZOS DEL NORTE DE M\u00c9XICO. \/ No\u00e9 Ar\u00f3n Fuentes Flores. UABC ; Plaza y Vald\u00e9s Editores 2002.","robots":{"index":"index","follow":"follow","max-snippet":"max-snippet:-1","max-image-preview":"max-image-preview:large","max-video-preview":"max-video-preview:-1"},"canonical":"https:\/\/booksfrommexico.com\/es\/producto\/matrices-de-insumo-producto-de-los-estados-fronterizos-del-norte-de-mexico\/","og_locale":"es_ES","og_type":"article","og_title":"Matrices de insumo-producto en estados del norte de M\u00e9xico","og_description":"MATRICES DE INSUMO-PRODUCTO DE LOS ESTADOS FRONTERIZOS DEL NORTE DE M\u00c9XICO. \/ No\u00e9 Ar\u00f3n Fuentes Flores. UABC ; Plaza y Vald\u00e9s Editores 2002.","og_url":"https:\/\/booksfrommexico.com\/es\/producto\/matrices-de-insumo-producto-de-los-estados-fronterizos-del-norte-de-mexico\/","og_site_name":"Books From Mexico","article_modified_time":"2024-10-02T23:22:40+00:00","og_image":[{"width":1279,"height":1750,"url":"http:\/\/booksfrommexico.com\/app\/uploads\/2023\/05\/120932.jpeg","type":"image\/jpeg"}],"twitter_card":"summary_large_image","twitter_misc":{"Tiempo de lectura":"1 minuto"},"schema":{"@context":"https:\/\/schema.org","@graph":[{"@type":"WebPage","@id":"https:\/\/booksfrommexico.com\/es\/producto\/matrices-de-insumo-producto-de-los-estados-fronterizos-del-norte-de-mexico\/","url":"https:\/\/booksfrommexico.com\/es\/producto\/matrices-de-insumo-producto-de-los-estados-fronterizos-del-norte-de-mexico\/","name":"Matrices de insumo-producto en estados del norte de M\u00e9xico","isPartOf":{"@id":"https:\/\/booksfrommexico.com\/#website"},"primaryImageOfPage":{"@id":"https:\/\/booksfrommexico.com\/es\/producto\/matrices-de-insumo-producto-de-los-estados-fronterizos-del-norte-de-mexico\/#primaryimage"},"image":{"@id":"https:\/\/booksfrommexico.com\/es\/producto\/matrices-de-insumo-producto-de-los-estados-fronterizos-del-norte-de-mexico\/#primaryimage"},"thumbnailUrl":"https:\/\/booksfrommexico.com\/app\/uploads\/2023\/05\/120932.jpeg","datePublished":"2023-05-08T16:59:31+00:00","dateModified":"2024-10-02T23:22:40+00:00","description":"MATRICES DE INSUMO-PRODUCTO DE LOS ESTADOS FRONTERIZOS DEL NORTE DE M\u00c9XICO. \/ No\u00e9 Ar\u00f3n Fuentes Flores. UABC ; Plaza y Vald\u00e9s Editores 2002.","breadcrumb":{"@id":"https:\/\/booksfrommexico.com\/es\/producto\/matrices-de-insumo-producto-de-los-estados-fronterizos-del-norte-de-mexico\/#breadcrumb"},"inLanguage":"es","potentialAction":[{"@type":"ReadAction","target":["https:\/\/booksfrommexico.com\/es\/producto\/matrices-de-insumo-producto-de-los-estados-fronterizos-del-norte-de-mexico\/"]}]},{"@type":"ImageObject","inLanguage":"es","@id":"https:\/\/booksfrommexico.com\/es\/producto\/matrices-de-insumo-producto-de-los-estados-fronterizos-del-norte-de-mexico\/#primaryimage","url":"https:\/\/booksfrommexico.com\/app\/uploads\/2023\/05\/120932.jpeg","contentUrl":"https:\/\/booksfrommexico.com\/app\/uploads\/2023\/05\/120932.jpeg","width":1279,"height":1750,"caption":"Matrices de insumo-producto de los estados fronterizos del norte de M\u00e9xico"},{"@type":"BreadcrumbList","@id":"https:\/\/booksfrommexico.com\/es\/producto\/matrices-de-insumo-producto-de-los-estados-fronterizos-del-norte-de-mexico\/#breadcrumb","itemListElement":[{"@type":"ListItem","position":1,"name":"Home","item":"https:\/\/booksfrommexico.com\/es\/"},{"@type":"ListItem","position":2,"name":"Libros","item":"https:\/\/booksfrommexico.com\/es\/libros\/"},{"@type":"ListItem","position":3,"name":"Matrices de insumo-producto en estados del norte de M\u00e9xico"}]},{"@type":"WebSite","@id":"https:\/\/booksfrommexico.com\/#website","url":"https:\/\/booksfrommexico.com\/","name":"Books From Mexico","description":"","publisher":{"@id":"https:\/\/booksfrommexico.com\/#organization"},"potentialAction":[{"@type":"SearchAction","target":{"@type":"EntryPoint","urlTemplate":"https:\/\/booksfrommexico.com\/?s={search_term_string}"},"query-input":{"@type":"PropertyValueSpecification","valueRequired":true,"valueName":"search_term_string"}}],"inLanguage":"es"},{"@type":"Organization","@id":"https:\/\/booksfrommexico.com\/#organization","name":"Books From Mexico","url":"https:\/\/booksfrommexico.com\/","logo":{"@type":"ImageObject","inLanguage":"es","@id":"https:\/\/booksfrommexico.com\/#\/schema\/logo\/image\/","url":"https:\/\/booksfrommexico.com\/app\/uploads\/2023\/05\/logo-booksfrommexico.svg","contentUrl":"https:\/\/booksfrommexico.com\/app\/uploads\/2023\/05\/logo-booksfrommexico.svg","width":86,"height":56,"caption":"Books From Mexico"},"image":{"@id":"https:\/\/booksfrommexico.com\/#\/schema\/logo\/image\/"}}]}},"_links":{"self":[{"href":"https:\/\/booksfrommexico.com\/es\/wp-json\/wp\/v2\/product\/250","targetHints":{"allow":["GET"]}}],"collection":[{"href":"https:\/\/booksfrommexico.com\/es\/wp-json\/wp\/v2\/product"}],"about":[{"href":"https:\/\/booksfrommexico.com\/es\/wp-json\/wp\/v2\/types\/product"}],"wp:featuredmedia":[{"embeddable":true,"href":"https:\/\/booksfrommexico.com\/es\/wp-json\/wp\/v2\/media\/249"}],"wp:attachment":[{"href":"https:\/\/booksfrommexico.com\/es\/wp-json\/wp\/v2\/media?parent=250"}],"wp:term":[{"taxonomy":"product_brand","embeddable":true,"href":"https:\/\/booksfrommexico.com\/es\/wp-json\/wp\/v2\/product_brand?post=250"},{"taxonomy":"product_cat","embeddable":true,"href":"https:\/\/booksfrommexico.com\/es\/wp-json\/wp\/v2\/product_cat?post=250"},{"taxonomy":"product_tag","embeddable":true,"href":"https:\/\/booksfrommexico.com\/es\/wp-json\/wp\/v2\/product_tag?post=250"}],"curies":[{"name":"wp","href":"https:\/\/api.w.org\/{rel}","templated":true}]}}