{"id":252,"date":"2023-05-08T16:59:34","date_gmt":"2023-05-08T16:59:34","guid":{"rendered":"http:\/\/booksfrommexico.com\/product\/la-ninez-jornalera\/"},"modified":"2024-10-02T23:22:48","modified_gmt":"2024-10-02T23:22:48","slug":"la-ninez-jornalera","status":"publish","type":"product","link":"https:\/\/booksfrommexico.com\/es\/producto\/la-ninez-jornalera\/","title":{"rendered":"La ni\u00f1ez jornalera: Y el dilema de la educaci\u00f3n"},"content":{"rendered":"<p id=\"tw-target-text\" class=\"tw-data-text tw-text-large tw-ta\" dir=\"ltr\" data-placeholder=\"Traducci\u00f3n\" data-ved=\"2ahUKEwjKteOkrJmDAxWTBEQIHZdlCZEQ3ewLegQIBRAQ\"><span style=\"font-weight: 400;\">Centr\u00e1ndose en el caso de Oaxaca, la autora abre un estudio que abarca las condiciones estructurales, familiares y socioculturales que obligan a los ni\u00f1os a trabajar, propocionando un contexto global del trabajo infantil. Este an\u00e1lisis es acompa\u00f1ado con testimonios, datos e historias de ni\u00f1as y ni\u00f1os jornaleros agr\u00edcolas, quienes adem\u00e1s representan la tercera parte de los migrantes del Estado de Oaxaca. El fen\u00f3meno que representa esta migraci\u00f3n es trascendente ya que provoca cambios en el \u00e1mbito cultural, demogr\u00e1fico, social y econ\u00f3mico no s\u00f3lo del estado, sino tambi\u00e9n del pa\u00eds.\u00a0 Las fotograf\u00edas incluidas son de Guillermo Castrej\u00f3n y reflejan la realidad social del desarrollo de estas infancias. <\/span><\/p>\n","protected":false},"excerpt":{"rendered":"<p>LA NI\u00d1EZ JORNALERA : Y EL DILEMA DE LA EDUCACI\u00d3N<span style=\"font-weight: 400;\">. \/ Virginia Guadalupe Reyes de la Cruz. Oaxaca, M\u00e9xico : Secretar\u00eda de Desarrollo Social ; Jornaleros Agr\u00edcolas Oaxaca ; Armadillo Ediciones ; Universidad Aut\u00f3noma de Benito Ju\u00e1rez de Oaxaca, 2003. 45 pages : includes photos, notes, bibliography ; 15 cm. (Colecci\u00f3n Migrantes somos y en el camino andamos).<\/span><\/p>\n","protected":false},"featured_media":251,"template":"","meta":{"_acf_changed":false,"inline_featured_image":false},"product_brand":[],"product_cat":[79,78],"product_tag":[3659,4376,4118,3797,3905],"class_list":{"0":"post-252","1":"product","2":"type-product","3":"status-publish","4":"has-post-thumbnail","6":"product_cat-pobreza-sociologia","7":"product_cat-sociologia","8":"product_tag-condiciones-sociales","9":"product_tag-derechos-de-los-ninos","10":"product_tag-juventud-infancia","11":"product_tag-oaxaca-mexico","12":"product_tag-trabajo-infantil","14":"first","15":"instock","16":"sale","17":"taxable","18":"shipping-taxable","19":"purchasable","20":"product-type-simple"},"acf":[],"yoast_head":"<!-- This site is optimized with the Yoast SEO plugin v27.3 - https:\/\/yoast.com\/product\/yoast-seo-wordpress\/ -->\n<title>La ni\u00f1ez jornalera: Y el dilema de la educaci\u00f3n<\/title>\n<meta name=\"description\" content=\"LA NI\u00d1EZ JORNALERA: Y EL DILEMA DE LA EDUCACI\u00d3N. \/ Virginia Guadalupe Reyes de la Cruz. SEDESOL ; Jornaleros Agr\u00edcolas Oaxaca ; Armadillo Ediciones ; UABJO.\" \/>\n<meta name=\"robots\" content=\"index, follow, max-snippet:-1, max-image-preview:large, max-video-preview:-1\" \/>\n<link rel=\"canonical\" href=\"https:\/\/booksfrommexico.com\/es\/producto\/la-ninez-jornalera\/\" \/>\n<meta property=\"og:locale\" content=\"es_ES\" \/>\n<meta property=\"og:type\" content=\"article\" \/>\n<meta property=\"og:title\" content=\"La ni\u00f1ez jornalera: Y el dilema de la educaci\u00f3n\" \/>\n<meta property=\"og:description\" content=\"LA NI\u00d1EZ JORNALERA: Y EL DILEMA DE LA EDUCACI\u00d3N. \/ Virginia Guadalupe Reyes de la Cruz. SEDESOL ; Jornaleros Agr\u00edcolas Oaxaca ; Armadillo Ediciones ; UABJO.\" \/>\n<meta property=\"og:url\" content=\"https:\/\/booksfrommexico.com\/es\/producto\/la-ninez-jornalera\/\" \/>\n<meta property=\"og:site_name\" content=\"Books From Mexico\" \/>\n<meta property=\"article:modified_time\" content=\"2024-10-02T23:22:48+00:00\" \/>\n<meta property=\"og:image\" content=\"http:\/\/booksfrommexico.com\/app\/uploads\/2023\/05\/121000.jpeg\" \/>\n\t<meta property=\"og:image:width\" content=\"1386\" \/>\n\t<meta property=\"og:image:height\" content=\"1117\" \/>\n\t<meta property=\"og:image:type\" content=\"image\/jpeg\" \/>\n<meta name=\"twitter:card\" content=\"summary_large_image\" \/>\n<meta name=\"twitter:label1\" content=\"Tiempo de lectura\" \/>\n\t<meta name=\"twitter:data1\" content=\"1 minuto\" \/>\n<script type=\"application\/ld+json\" class=\"yoast-schema-graph\">{\"@context\":\"https:\\\/\\\/schema.org\",\"@graph\":[{\"@type\":\"WebPage\",\"@id\":\"https:\\\/\\\/booksfrommexico.com\\\/es\\\/producto\\\/la-ninez-jornalera\\\/\",\"url\":\"https:\\\/\\\/booksfrommexico.com\\\/es\\\/producto\\\/la-ninez-jornalera\\\/\",\"name\":\"La ni\u00f1ez jornalera: Y el dilema de la educaci\u00f3n\",\"isPartOf\":{\"@id\":\"https:\\\/\\\/booksfrommexico.com\\\/#website\"},\"primaryImageOfPage\":{\"@id\":\"https:\\\/\\\/booksfrommexico.com\\\/es\\\/producto\\\/la-ninez-jornalera\\\/#primaryimage\"},\"image\":{\"@id\":\"https:\\\/\\\/booksfrommexico.com\\\/es\\\/producto\\\/la-ninez-jornalera\\\/#primaryimage\"},\"thumbnailUrl\":\"https:\\\/\\\/booksfrommexico.com\\\/app\\\/uploads\\\/2023\\\/05\\\/121000.jpeg\",\"datePublished\":\"2023-05-08T16:59:34+00:00\",\"dateModified\":\"2024-10-02T23:22:48+00:00\",\"description\":\"LA NI\u00d1EZ JORNALERA: Y EL DILEMA DE LA EDUCACI\u00d3N. \\\/ Virginia Guadalupe Reyes de la Cruz. SEDESOL ; Jornaleros Agr\u00edcolas Oaxaca ; Armadillo Ediciones ; UABJO.\",\"breadcrumb\":{\"@id\":\"https:\\\/\\\/booksfrommexico.com\\\/es\\\/producto\\\/la-ninez-jornalera\\\/#breadcrumb\"},\"inLanguage\":\"es\",\"potentialAction\":[{\"@type\":\"ReadAction\",\"target\":[\"https:\\\/\\\/booksfrommexico.com\\\/es\\\/producto\\\/la-ninez-jornalera\\\/\"]}]},{\"@type\":\"ImageObject\",\"inLanguage\":\"es\",\"@id\":\"https:\\\/\\\/booksfrommexico.com\\\/es\\\/producto\\\/la-ninez-jornalera\\\/#primaryimage\",\"url\":\"https:\\\/\\\/booksfrommexico.com\\\/app\\\/uploads\\\/2023\\\/05\\\/121000.jpeg\",\"contentUrl\":\"https:\\\/\\\/booksfrommexico.com\\\/app\\\/uploads\\\/2023\\\/05\\\/121000.jpeg\",\"width\":1386,\"height\":1117,\"caption\":\"La Ni\u00f1ez Jornalera\"},{\"@type\":\"BreadcrumbList\",\"@id\":\"https:\\\/\\\/booksfrommexico.com\\\/es\\\/producto\\\/la-ninez-jornalera\\\/#breadcrumb\",\"itemListElement\":[{\"@type\":\"ListItem\",\"position\":1,\"name\":\"Home\",\"item\":\"https:\\\/\\\/booksfrommexico.com\\\/es\\\/\"},{\"@type\":\"ListItem\",\"position\":2,\"name\":\"Libros\",\"item\":\"https:\\\/\\\/booksfrommexico.com\\\/es\\\/libros\\\/\"},{\"@type\":\"ListItem\",\"position\":3,\"name\":\"La ni\u00f1ez jornalera: Y el dilema de la educaci\u00f3n\"}]},{\"@type\":\"WebSite\",\"@id\":\"https:\\\/\\\/booksfrommexico.com\\\/#website\",\"url\":\"https:\\\/\\\/booksfrommexico.com\\\/\",\"name\":\"Books From Mexico\",\"description\":\"\",\"publisher\":{\"@id\":\"https:\\\/\\\/booksfrommexico.com\\\/#organization\"},\"potentialAction\":[{\"@type\":\"SearchAction\",\"target\":{\"@type\":\"EntryPoint\",\"urlTemplate\":\"https:\\\/\\\/booksfrommexico.com\\\/?s={search_term_string}\"},\"query-input\":{\"@type\":\"PropertyValueSpecification\",\"valueRequired\":true,\"valueName\":\"search_term_string\"}}],\"inLanguage\":\"es\"},{\"@type\":\"Organization\",\"@id\":\"https:\\\/\\\/booksfrommexico.com\\\/#organization\",\"name\":\"Books From Mexico\",\"url\":\"https:\\\/\\\/booksfrommexico.com\\\/\",\"logo\":{\"@type\":\"ImageObject\",\"inLanguage\":\"es\",\"@id\":\"https:\\\/\\\/booksfrommexico.com\\\/#\\\/schema\\\/logo\\\/image\\\/\",\"url\":\"https:\\\/\\\/booksfrommexico.com\\\/app\\\/uploads\\\/2023\\\/05\\\/logo-booksfrommexico.svg\",\"contentUrl\":\"https:\\\/\\\/booksfrommexico.com\\\/app\\\/uploads\\\/2023\\\/05\\\/logo-booksfrommexico.svg\",\"width\":86,\"height\":56,\"caption\":\"Books From Mexico\"},\"image\":{\"@id\":\"https:\\\/\\\/booksfrommexico.com\\\/#\\\/schema\\\/logo\\\/image\\\/\"}}]}<\/script>\n<!-- \/ Yoast SEO plugin. -->","yoast_head_json":{"title":"La ni\u00f1ez jornalera: Y el dilema de la educaci\u00f3n","description":"LA NI\u00d1EZ JORNALERA: Y EL DILEMA DE LA EDUCACI\u00d3N. \/ Virginia Guadalupe Reyes de la Cruz. SEDESOL ; Jornaleros Agr\u00edcolas Oaxaca ; Armadillo Ediciones ; UABJO.","robots":{"index":"index","follow":"follow","max-snippet":"max-snippet:-1","max-image-preview":"max-image-preview:large","max-video-preview":"max-video-preview:-1"},"canonical":"https:\/\/booksfrommexico.com\/es\/producto\/la-ninez-jornalera\/","og_locale":"es_ES","og_type":"article","og_title":"La ni\u00f1ez jornalera: Y el dilema de la educaci\u00f3n","og_description":"LA NI\u00d1EZ JORNALERA: Y EL DILEMA DE LA EDUCACI\u00d3N. \/ Virginia Guadalupe Reyes de la Cruz. SEDESOL ; Jornaleros Agr\u00edcolas Oaxaca ; Armadillo Ediciones ; UABJO.","og_url":"https:\/\/booksfrommexico.com\/es\/producto\/la-ninez-jornalera\/","og_site_name":"Books From Mexico","article_modified_time":"2024-10-02T23:22:48+00:00","og_image":[{"width":1386,"height":1117,"url":"http:\/\/booksfrommexico.com\/app\/uploads\/2023\/05\/121000.jpeg","type":"image\/jpeg"}],"twitter_card":"summary_large_image","twitter_misc":{"Tiempo de lectura":"1 minuto"},"schema":{"@context":"https:\/\/schema.org","@graph":[{"@type":"WebPage","@id":"https:\/\/booksfrommexico.com\/es\/producto\/la-ninez-jornalera\/","url":"https:\/\/booksfrommexico.com\/es\/producto\/la-ninez-jornalera\/","name":"La ni\u00f1ez jornalera: Y el dilema de la educaci\u00f3n","isPartOf":{"@id":"https:\/\/booksfrommexico.com\/#website"},"primaryImageOfPage":{"@id":"https:\/\/booksfrommexico.com\/es\/producto\/la-ninez-jornalera\/#primaryimage"},"image":{"@id":"https:\/\/booksfrommexico.com\/es\/producto\/la-ninez-jornalera\/#primaryimage"},"thumbnailUrl":"https:\/\/booksfrommexico.com\/app\/uploads\/2023\/05\/121000.jpeg","datePublished":"2023-05-08T16:59:34+00:00","dateModified":"2024-10-02T23:22:48+00:00","description":"LA NI\u00d1EZ JORNALERA: Y EL DILEMA DE LA EDUCACI\u00d3N. \/ Virginia Guadalupe Reyes de la Cruz. SEDESOL ; Jornaleros Agr\u00edcolas Oaxaca ; Armadillo Ediciones ; UABJO.","breadcrumb":{"@id":"https:\/\/booksfrommexico.com\/es\/producto\/la-ninez-jornalera\/#breadcrumb"},"inLanguage":"es","potentialAction":[{"@type":"ReadAction","target":["https:\/\/booksfrommexico.com\/es\/producto\/la-ninez-jornalera\/"]}]},{"@type":"ImageObject","inLanguage":"es","@id":"https:\/\/booksfrommexico.com\/es\/producto\/la-ninez-jornalera\/#primaryimage","url":"https:\/\/booksfrommexico.com\/app\/uploads\/2023\/05\/121000.jpeg","contentUrl":"https:\/\/booksfrommexico.com\/app\/uploads\/2023\/05\/121000.jpeg","width":1386,"height":1117,"caption":"La Ni\u00f1ez Jornalera"},{"@type":"BreadcrumbList","@id":"https:\/\/booksfrommexico.com\/es\/producto\/la-ninez-jornalera\/#breadcrumb","itemListElement":[{"@type":"ListItem","position":1,"name":"Home","item":"https:\/\/booksfrommexico.com\/es\/"},{"@type":"ListItem","position":2,"name":"Libros","item":"https:\/\/booksfrommexico.com\/es\/libros\/"},{"@type":"ListItem","position":3,"name":"La ni\u00f1ez jornalera: Y el dilema de la educaci\u00f3n"}]},{"@type":"WebSite","@id":"https:\/\/booksfrommexico.com\/#website","url":"https:\/\/booksfrommexico.com\/","name":"Books From Mexico","description":"","publisher":{"@id":"https:\/\/booksfrommexico.com\/#organization"},"potentialAction":[{"@type":"SearchAction","target":{"@type":"EntryPoint","urlTemplate":"https:\/\/booksfrommexico.com\/?s={search_term_string}"},"query-input":{"@type":"PropertyValueSpecification","valueRequired":true,"valueName":"search_term_string"}}],"inLanguage":"es"},{"@type":"Organization","@id":"https:\/\/booksfrommexico.com\/#organization","name":"Books From Mexico","url":"https:\/\/booksfrommexico.com\/","logo":{"@type":"ImageObject","inLanguage":"es","@id":"https:\/\/booksfrommexico.com\/#\/schema\/logo\/image\/","url":"https:\/\/booksfrommexico.com\/app\/uploads\/2023\/05\/logo-booksfrommexico.svg","contentUrl":"https:\/\/booksfrommexico.com\/app\/uploads\/2023\/05\/logo-booksfrommexico.svg","width":86,"height":56,"caption":"Books From Mexico"},"image":{"@id":"https:\/\/booksfrommexico.com\/#\/schema\/logo\/image\/"}}]}},"_links":{"self":[{"href":"https:\/\/booksfrommexico.com\/es\/wp-json\/wp\/v2\/product\/252","targetHints":{"allow":["GET"]}}],"collection":[{"href":"https:\/\/booksfrommexico.com\/es\/wp-json\/wp\/v2\/product"}],"about":[{"href":"https:\/\/booksfrommexico.com\/es\/wp-json\/wp\/v2\/types\/product"}],"wp:featuredmedia":[{"embeddable":true,"href":"https:\/\/booksfrommexico.com\/es\/wp-json\/wp\/v2\/media\/251"}],"wp:attachment":[{"href":"https:\/\/booksfrommexico.com\/es\/wp-json\/wp\/v2\/media?parent=252"}],"wp:term":[{"taxonomy":"product_brand","embeddable":true,"href":"https:\/\/booksfrommexico.com\/es\/wp-json\/wp\/v2\/product_brand?post=252"},{"taxonomy":"product_cat","embeddable":true,"href":"https:\/\/booksfrommexico.com\/es\/wp-json\/wp\/v2\/product_cat?post=252"},{"taxonomy":"product_tag","embeddable":true,"href":"https:\/\/booksfrommexico.com\/es\/wp-json\/wp\/v2\/product_tag?post=252"}],"curies":[{"name":"wp","href":"https:\/\/api.w.org\/{rel}","templated":true}]}}