{"id":254,"date":"2023-05-08T16:59:39","date_gmt":"2023-05-08T16:59:39","guid":{"rendered":"http:\/\/booksfrommexico.com\/product\/los-codices-de-cutzio-y-huetamo-encomienda-y-tributo-en-la-tierra-caliente-de-michoacan-siglo-xvi\/"},"modified":"2023-12-19T16:43:52","modified_gmt":"2023-12-19T16:43:52","slug":"los-codices-de-cutzio-y-huetamo-encomienda-y-tributo-en-la-tierra-caliente-de-michoacan-siglo-xvi","status":"publish","type":"product","link":"https:\/\/booksfrommexico.com\/es\/producto\/los-codices-de-cutzio-y-huetamo-encomienda-y-tributo-en-la-tierra-caliente-de-michoacan-siglo-xvi\/","title":{"rendered":"C\u00f3dices de Cutzio y Huetamo en la Tierra Caliente de Michoac\u00e1n"},"content":{"rendered":"<p id=\"tw-target-text\" class=\"tw-data-text tw-text-large tw-ta\" dir=\"ltr\" data-placeholder=\"Traducci\u00f3n\" data-ved=\"2ahUKEwij3ubN9ZuDAxVzIEQIHaoqAHoQ3ewLegQIBRAQ\"><span class=\"Y2IQFc\" lang=\"es\">Analiza dos c\u00f3dices tributarios de Cutzio en Tierra Caliente, Michoac\u00e1n, que datan del siglo XVI. Estudio historiogr\u00e1fico sobre el origen de los documentos, interpretaci\u00f3n detallada de su significado, implicaciones pol\u00edticas y sociales, y descripci\u00f3n hist\u00f3rica de la figura protag\u00f3nica del encomendero Gonzalo Ruiz. Incluye fotocopia a color del C\u00f3dice Huetamo.<\/span><\/p>\n","protected":false},"excerpt":{"rendered":"<p>Roskamp, Hans. LOS C\u00d3DICES DE CUTZIO Y HUETAMO : ENCOMIENDA Y TRIBUTO EN LA TIERRA CALIENTE DE MICHOAC\u00c1N, SIGLO XVI. \/ Hans Roskamp. Zamora, Michoac\u00e1n: El Colegio de Michoac\u00e1n; Zinacantepec, Estado de M\u00e9xico: El Colegio Mexiquense, 2003. 180 pages: 21 cm. Bibliography: pages 153-168., index. (Colecci\u00f3n Fuentes). ISBN 9706791035.<\/p>\n","protected":false},"featured_media":253,"template":"","meta":{"_acf_changed":false,"inline_featured_image":false},"product_brand":[],"product_cat":[19,117],"product_tag":[3909,3907,3705],"class_list":{"0":"post-254","1":"product","2":"type-product","3":"status-publish","4":"has-post-thumbnail","6":"product_cat-antropologia","7":"product_cat-etnoantropolgia","8":"product_tag-impuestos","9":"product_tag-manuscritos-mexicanos","10":"product_tag-michoacan-mexico","12":"first","13":"outofstock","14":"taxable","15":"shipping-taxable","16":"purchasable","17":"product-type-simple"},"acf":[],"yoast_head":"<!-- This site is optimized with the Yoast SEO plugin v27.3 - https:\/\/yoast.com\/product\/yoast-seo-wordpress\/ -->\n<title>C\u00f3dices de Cutzio y Huetamo en la Tierra Caliente de Michoac\u00e1n - Books From Mexico<\/title>\n<meta name=\"description\" content=\"Hans Roskamp. Zamora, Michoac\u00e1n: El Colegio de Michoac\u00e1n, 2003. ISBN 9706791035. Estudio historiogr\u00e1fico sobre dos c\u00f3dices tributarios de Cutzio.\" \/>\n<meta name=\"robots\" content=\"index, follow, max-snippet:-1, max-image-preview:large, max-video-preview:-1\" \/>\n<link rel=\"canonical\" href=\"https:\/\/booksfrommexico.com\/es\/producto\/los-codices-de-cutzio-y-huetamo-encomienda-y-tributo-en-la-tierra-caliente-de-michoacan-siglo-xvi\/\" \/>\n<meta property=\"og:locale\" content=\"es_ES\" \/>\n<meta property=\"og:type\" content=\"article\" \/>\n<meta property=\"og:title\" content=\"C\u00f3dices de Cutzio y Huetamo en la Tierra Caliente de Michoac\u00e1n - Books From Mexico\" \/>\n<meta property=\"og:description\" content=\"Hans Roskamp. Zamora, Michoac\u00e1n: El Colegio de Michoac\u00e1n, 2003. ISBN 9706791035. Estudio historiogr\u00e1fico sobre dos c\u00f3dices tributarios de Cutzio.\" \/>\n<meta property=\"og:url\" content=\"https:\/\/booksfrommexico.com\/es\/producto\/los-codices-de-cutzio-y-huetamo-encomienda-y-tributo-en-la-tierra-caliente-de-michoacan-siglo-xvi\/\" \/>\n<meta property=\"og:site_name\" content=\"Books From Mexico\" \/>\n<meta property=\"article:modified_time\" content=\"2023-12-19T16:43:52+00:00\" \/>\n<meta property=\"og:image\" content=\"http:\/\/booksfrommexico.com\/app\/uploads\/2023\/05\/121546.jpeg\" \/>\n\t<meta property=\"og:image:width\" content=\"1134\" \/>\n\t<meta property=\"og:image:height\" content=\"1783\" \/>\n\t<meta property=\"og:image:type\" content=\"image\/jpeg\" \/>\n<meta name=\"twitter:card\" content=\"summary_large_image\" \/>\n<meta name=\"twitter:label1\" content=\"Tiempo de lectura\" \/>\n\t<meta name=\"twitter:data1\" content=\"1 minuto\" \/>\n<script type=\"application\/ld+json\" class=\"yoast-schema-graph\">{\"@context\":\"https:\\\/\\\/schema.org\",\"@graph\":[{\"@type\":\"WebPage\",\"@id\":\"https:\\\/\\\/booksfrommexico.com\\\/es\\\/producto\\\/los-codices-de-cutzio-y-huetamo-encomienda-y-tributo-en-la-tierra-caliente-de-michoacan-siglo-xvi\\\/\",\"url\":\"https:\\\/\\\/booksfrommexico.com\\\/es\\\/producto\\\/los-codices-de-cutzio-y-huetamo-encomienda-y-tributo-en-la-tierra-caliente-de-michoacan-siglo-xvi\\\/\",\"name\":\"C\u00f3dices de Cutzio y Huetamo en la Tierra Caliente de Michoac\u00e1n - Books From Mexico\",\"isPartOf\":{\"@id\":\"https:\\\/\\\/booksfrommexico.com\\\/#website\"},\"primaryImageOfPage\":{\"@id\":\"https:\\\/\\\/booksfrommexico.com\\\/es\\\/producto\\\/los-codices-de-cutzio-y-huetamo-encomienda-y-tributo-en-la-tierra-caliente-de-michoacan-siglo-xvi\\\/#primaryimage\"},\"image\":{\"@id\":\"https:\\\/\\\/booksfrommexico.com\\\/es\\\/producto\\\/los-codices-de-cutzio-y-huetamo-encomienda-y-tributo-en-la-tierra-caliente-de-michoacan-siglo-xvi\\\/#primaryimage\"},\"thumbnailUrl\":\"https:\\\/\\\/booksfrommexico.com\\\/app\\\/uploads\\\/2023\\\/05\\\/121546.jpeg\",\"datePublished\":\"2023-05-08T16:59:39+00:00\",\"dateModified\":\"2023-12-19T16:43:52+00:00\",\"description\":\"Hans Roskamp. Zamora, Michoac\u00e1n: El Colegio de Michoac\u00e1n, 2003. ISBN 9706791035. Estudio historiogr\u00e1fico sobre dos c\u00f3dices tributarios de Cutzio.\",\"breadcrumb\":{\"@id\":\"https:\\\/\\\/booksfrommexico.com\\\/es\\\/producto\\\/los-codices-de-cutzio-y-huetamo-encomienda-y-tributo-en-la-tierra-caliente-de-michoacan-siglo-xvi\\\/#breadcrumb\"},\"inLanguage\":\"es\",\"potentialAction\":[{\"@type\":\"ReadAction\",\"target\":[\"https:\\\/\\\/booksfrommexico.com\\\/es\\\/producto\\\/los-codices-de-cutzio-y-huetamo-encomienda-y-tributo-en-la-tierra-caliente-de-michoacan-siglo-xvi\\\/\"]}]},{\"@type\":\"ImageObject\",\"inLanguage\":\"es\",\"@id\":\"https:\\\/\\\/booksfrommexico.com\\\/es\\\/producto\\\/los-codices-de-cutzio-y-huetamo-encomienda-y-tributo-en-la-tierra-caliente-de-michoacan-siglo-xvi\\\/#primaryimage\",\"url\":\"https:\\\/\\\/booksfrommexico.com\\\/app\\\/uploads\\\/2023\\\/05\\\/121546.jpeg\",\"contentUrl\":\"https:\\\/\\\/booksfrommexico.com\\\/app\\\/uploads\\\/2023\\\/05\\\/121546.jpeg\",\"width\":1134,\"height\":1783},{\"@type\":\"BreadcrumbList\",\"@id\":\"https:\\\/\\\/booksfrommexico.com\\\/es\\\/producto\\\/los-codices-de-cutzio-y-huetamo-encomienda-y-tributo-en-la-tierra-caliente-de-michoacan-siglo-xvi\\\/#breadcrumb\",\"itemListElement\":[{\"@type\":\"ListItem\",\"position\":1,\"name\":\"Home\",\"item\":\"https:\\\/\\\/booksfrommexico.com\\\/es\\\/\"},{\"@type\":\"ListItem\",\"position\":2,\"name\":\"Libros\",\"item\":\"https:\\\/\\\/booksfrommexico.com\\\/es\\\/libros\\\/\"},{\"@type\":\"ListItem\",\"position\":3,\"name\":\"C\u00f3dices de Cutzio y Huetamo en la Tierra Caliente de Michoac\u00e1n\"}]},{\"@type\":\"WebSite\",\"@id\":\"https:\\\/\\\/booksfrommexico.com\\\/#website\",\"url\":\"https:\\\/\\\/booksfrommexico.com\\\/\",\"name\":\"Books From Mexico\",\"description\":\"\",\"publisher\":{\"@id\":\"https:\\\/\\\/booksfrommexico.com\\\/#organization\"},\"potentialAction\":[{\"@type\":\"SearchAction\",\"target\":{\"@type\":\"EntryPoint\",\"urlTemplate\":\"https:\\\/\\\/booksfrommexico.com\\\/?s={search_term_string}\"},\"query-input\":{\"@type\":\"PropertyValueSpecification\",\"valueRequired\":true,\"valueName\":\"search_term_string\"}}],\"inLanguage\":\"es\"},{\"@type\":\"Organization\",\"@id\":\"https:\\\/\\\/booksfrommexico.com\\\/#organization\",\"name\":\"Books From Mexico\",\"url\":\"https:\\\/\\\/booksfrommexico.com\\\/\",\"logo\":{\"@type\":\"ImageObject\",\"inLanguage\":\"es\",\"@id\":\"https:\\\/\\\/booksfrommexico.com\\\/#\\\/schema\\\/logo\\\/image\\\/\",\"url\":\"https:\\\/\\\/booksfrommexico.com\\\/app\\\/uploads\\\/2023\\\/05\\\/logo-booksfrommexico.svg\",\"contentUrl\":\"https:\\\/\\\/booksfrommexico.com\\\/app\\\/uploads\\\/2023\\\/05\\\/logo-booksfrommexico.svg\",\"width\":86,\"height\":56,\"caption\":\"Books From Mexico\"},\"image\":{\"@id\":\"https:\\\/\\\/booksfrommexico.com\\\/#\\\/schema\\\/logo\\\/image\\\/\"}}]}<\/script>\n<!-- \/ Yoast SEO plugin. -->","yoast_head_json":{"title":"C\u00f3dices de Cutzio y Huetamo en la Tierra Caliente de Michoac\u00e1n - Books From Mexico","description":"Hans Roskamp. Zamora, Michoac\u00e1n: El Colegio de Michoac\u00e1n, 2003. ISBN 9706791035. Estudio historiogr\u00e1fico sobre dos c\u00f3dices tributarios de Cutzio.","robots":{"index":"index","follow":"follow","max-snippet":"max-snippet:-1","max-image-preview":"max-image-preview:large","max-video-preview":"max-video-preview:-1"},"canonical":"https:\/\/booksfrommexico.com\/es\/producto\/los-codices-de-cutzio-y-huetamo-encomienda-y-tributo-en-la-tierra-caliente-de-michoacan-siglo-xvi\/","og_locale":"es_ES","og_type":"article","og_title":"C\u00f3dices de Cutzio y Huetamo en la Tierra Caliente de Michoac\u00e1n - Books From Mexico","og_description":"Hans Roskamp. Zamora, Michoac\u00e1n: El Colegio de Michoac\u00e1n, 2003. ISBN 9706791035. Estudio historiogr\u00e1fico sobre dos c\u00f3dices tributarios de Cutzio.","og_url":"https:\/\/booksfrommexico.com\/es\/producto\/los-codices-de-cutzio-y-huetamo-encomienda-y-tributo-en-la-tierra-caliente-de-michoacan-siglo-xvi\/","og_site_name":"Books From Mexico","article_modified_time":"2023-12-19T16:43:52+00:00","og_image":[{"width":1134,"height":1783,"url":"http:\/\/booksfrommexico.com\/app\/uploads\/2023\/05\/121546.jpeg","type":"image\/jpeg"}],"twitter_card":"summary_large_image","twitter_misc":{"Tiempo de lectura":"1 minuto"},"schema":{"@context":"https:\/\/schema.org","@graph":[{"@type":"WebPage","@id":"https:\/\/booksfrommexico.com\/es\/producto\/los-codices-de-cutzio-y-huetamo-encomienda-y-tributo-en-la-tierra-caliente-de-michoacan-siglo-xvi\/","url":"https:\/\/booksfrommexico.com\/es\/producto\/los-codices-de-cutzio-y-huetamo-encomienda-y-tributo-en-la-tierra-caliente-de-michoacan-siglo-xvi\/","name":"C\u00f3dices de Cutzio y Huetamo en la Tierra Caliente de Michoac\u00e1n - Books From Mexico","isPartOf":{"@id":"https:\/\/booksfrommexico.com\/#website"},"primaryImageOfPage":{"@id":"https:\/\/booksfrommexico.com\/es\/producto\/los-codices-de-cutzio-y-huetamo-encomienda-y-tributo-en-la-tierra-caliente-de-michoacan-siglo-xvi\/#primaryimage"},"image":{"@id":"https:\/\/booksfrommexico.com\/es\/producto\/los-codices-de-cutzio-y-huetamo-encomienda-y-tributo-en-la-tierra-caliente-de-michoacan-siglo-xvi\/#primaryimage"},"thumbnailUrl":"https:\/\/booksfrommexico.com\/app\/uploads\/2023\/05\/121546.jpeg","datePublished":"2023-05-08T16:59:39+00:00","dateModified":"2023-12-19T16:43:52+00:00","description":"Hans Roskamp. Zamora, Michoac\u00e1n: El Colegio de Michoac\u00e1n, 2003. ISBN 9706791035. Estudio historiogr\u00e1fico sobre dos c\u00f3dices tributarios de Cutzio.","breadcrumb":{"@id":"https:\/\/booksfrommexico.com\/es\/producto\/los-codices-de-cutzio-y-huetamo-encomienda-y-tributo-en-la-tierra-caliente-de-michoacan-siglo-xvi\/#breadcrumb"},"inLanguage":"es","potentialAction":[{"@type":"ReadAction","target":["https:\/\/booksfrommexico.com\/es\/producto\/los-codices-de-cutzio-y-huetamo-encomienda-y-tributo-en-la-tierra-caliente-de-michoacan-siglo-xvi\/"]}]},{"@type":"ImageObject","inLanguage":"es","@id":"https:\/\/booksfrommexico.com\/es\/producto\/los-codices-de-cutzio-y-huetamo-encomienda-y-tributo-en-la-tierra-caliente-de-michoacan-siglo-xvi\/#primaryimage","url":"https:\/\/booksfrommexico.com\/app\/uploads\/2023\/05\/121546.jpeg","contentUrl":"https:\/\/booksfrommexico.com\/app\/uploads\/2023\/05\/121546.jpeg","width":1134,"height":1783},{"@type":"BreadcrumbList","@id":"https:\/\/booksfrommexico.com\/es\/producto\/los-codices-de-cutzio-y-huetamo-encomienda-y-tributo-en-la-tierra-caliente-de-michoacan-siglo-xvi\/#breadcrumb","itemListElement":[{"@type":"ListItem","position":1,"name":"Home","item":"https:\/\/booksfrommexico.com\/es\/"},{"@type":"ListItem","position":2,"name":"Libros","item":"https:\/\/booksfrommexico.com\/es\/libros\/"},{"@type":"ListItem","position":3,"name":"C\u00f3dices de Cutzio y Huetamo en la Tierra Caliente de Michoac\u00e1n"}]},{"@type":"WebSite","@id":"https:\/\/booksfrommexico.com\/#website","url":"https:\/\/booksfrommexico.com\/","name":"Books From Mexico","description":"","publisher":{"@id":"https:\/\/booksfrommexico.com\/#organization"},"potentialAction":[{"@type":"SearchAction","target":{"@type":"EntryPoint","urlTemplate":"https:\/\/booksfrommexico.com\/?s={search_term_string}"},"query-input":{"@type":"PropertyValueSpecification","valueRequired":true,"valueName":"search_term_string"}}],"inLanguage":"es"},{"@type":"Organization","@id":"https:\/\/booksfrommexico.com\/#organization","name":"Books From Mexico","url":"https:\/\/booksfrommexico.com\/","logo":{"@type":"ImageObject","inLanguage":"es","@id":"https:\/\/booksfrommexico.com\/#\/schema\/logo\/image\/","url":"https:\/\/booksfrommexico.com\/app\/uploads\/2023\/05\/logo-booksfrommexico.svg","contentUrl":"https:\/\/booksfrommexico.com\/app\/uploads\/2023\/05\/logo-booksfrommexico.svg","width":86,"height":56,"caption":"Books From Mexico"},"image":{"@id":"https:\/\/booksfrommexico.com\/#\/schema\/logo\/image\/"}}]}},"_links":{"self":[{"href":"https:\/\/booksfrommexico.com\/es\/wp-json\/wp\/v2\/product\/254","targetHints":{"allow":["GET"]}}],"collection":[{"href":"https:\/\/booksfrommexico.com\/es\/wp-json\/wp\/v2\/product"}],"about":[{"href":"https:\/\/booksfrommexico.com\/es\/wp-json\/wp\/v2\/types\/product"}],"wp:featuredmedia":[{"embeddable":true,"href":"https:\/\/booksfrommexico.com\/es\/wp-json\/wp\/v2\/media\/253"}],"wp:attachment":[{"href":"https:\/\/booksfrommexico.com\/es\/wp-json\/wp\/v2\/media?parent=254"}],"wp:term":[{"taxonomy":"product_brand","embeddable":true,"href":"https:\/\/booksfrommexico.com\/es\/wp-json\/wp\/v2\/product_brand?post=254"},{"taxonomy":"product_cat","embeddable":true,"href":"https:\/\/booksfrommexico.com\/es\/wp-json\/wp\/v2\/product_cat?post=254"},{"taxonomy":"product_tag","embeddable":true,"href":"https:\/\/booksfrommexico.com\/es\/wp-json\/wp\/v2\/product_tag?post=254"}],"curies":[{"name":"wp","href":"https:\/\/api.w.org\/{rel}","templated":true}]}}