{"id":260,"date":"2023-05-08T16:59:47","date_gmt":"2023-05-08T16:59:47","guid":{"rendered":"http:\/\/booksfrommexico.com\/product\/pancho-villa-retrato-autobiografico-1894-1914\/"},"modified":"2024-10-02T23:23:15","modified_gmt":"2024-10-02T23:23:15","slug":"pancho-villa-retrato-autobiografico-1894-1914","status":"publish","type":"product","link":"https:\/\/booksfrommexico.com\/es\/producto\/pancho-villa-retrato-autobiografico-1894-1914\/","title":{"rendered":"Pancho Villa: Retrato autobiogr\u00e1fico, 1894-1914"},"content":{"rendered":"<p id=\"tw-target-text\" class=\"tw-data-text tw-text-large tw-ta\" dir=\"ltr\" data-placeholder=\"Traducci\u00f3n\" data-ved=\"2ahUKEwij3ubN9ZuDAxVzIEQIHaoqAHoQ3ewLegQIBRAQ\"><span style=\"font-weight: 400;\">Los cinco cuadernos dictados por el general Francisco Villa al coronel Manuel Bauche Alcalde, su asistente, son recopilados y publicados por primera vez aqu\u00ed de manera \u00edntegra y facsimilar; en ellos se narran recuerdos de su vida que abarcan de 1894 a noviembre de 1913. Para complementar esta obra se agrega una transcripci\u00f3n de documentos, un pr\u00f3logo de Juan Ram\u00f3n de la Fuente, fotograf\u00edas poco conocidas o in\u00e9ditas del personaje y de la \u00e9poca, as\u00ed como textos introductorios de Guadalupe y Helia Villa Guerrero, estudiosas y nietas del general. <\/span><\/p>\n","protected":false},"excerpt":{"rendered":"<p>PANCHO VILLA : RETRATO AUTOBIOGR\u00c1FICO, 1894-1914<span style=\"font-weight: 400;\">. \/ Guadalupe Villa, Rosa Helia Villa (editors). M\u00e9xico, D.F. : Santillana Ediciones Generales ; Universidad Nacional Aut\u00f3noma de M\u00e9xico, 2003. 548 pages : includes notes, photos ; 25 cm. ISBN : 9681913116. <\/span><\/p>\n","protected":false},"featured_media":259,"template":"","meta":{"_acf_changed":false,"inline_featured_image":false},"product_brand":[],"product_cat":[4106,27,73],"product_tag":[4519,3630,4398,4518,4092],"class_list":{"0":"post-260","1":"product","2":"type-product","3":"status-publish","4":"has-post-thumbnail","6":"product_cat-biografia","7":"product_cat-historia","8":"product_cat-revolucion-historia","9":"product_tag-autobiografia","10":"product_tag-biografia","11":"product_tag-historia-mexico","12":"product_tag-revolucion-es","13":"product_tag-revolucion-mexicana","15":"first","16":"instock","17":"sale","18":"taxable","19":"shipping-taxable","20":"purchasable","21":"product-type-simple"},"acf":[],"yoast_head":"<!-- This site is optimized with the Yoast SEO plugin v27.3 - https:\/\/yoast.com\/product\/yoast-seo-wordpress\/ -->\n<title>Pancho Villa: Retrato autobiogr\u00e1fico, 1894-1914<\/title>\n<meta name=\"description\" content=\"PANCHO VILLA : RETRATO AUTOBIOGR\u00c1FICO, 1894-1914. \/ Guadalupe Villa, Rosa Helia Villa (editors). Santillana Ediciones Generales ; UNAM, 2003.\" \/>\n<meta name=\"robots\" content=\"index, follow, max-snippet:-1, max-image-preview:large, max-video-preview:-1\" \/>\n<link rel=\"canonical\" href=\"https:\/\/booksfrommexico.com\/es\/producto\/pancho-villa-retrato-autobiografico-1894-1914\/\" \/>\n<meta property=\"og:locale\" content=\"es_ES\" \/>\n<meta property=\"og:type\" content=\"article\" \/>\n<meta property=\"og:title\" content=\"Pancho Villa: Retrato autobiogr\u00e1fico, 1894-1914\" \/>\n<meta property=\"og:description\" content=\"PANCHO VILLA : RETRATO AUTOBIOGR\u00c1FICO, 1894-1914. \/ Guadalupe Villa, Rosa Helia Villa (editors). Santillana Ediciones Generales ; UNAM, 2003.\" \/>\n<meta property=\"og:url\" content=\"https:\/\/booksfrommexico.com\/es\/producto\/pancho-villa-retrato-autobiografico-1894-1914\/\" \/>\n<meta property=\"og:site_name\" content=\"Books From Mexico\" \/>\n<meta property=\"article:modified_time\" content=\"2024-10-02T23:23:15+00:00\" \/>\n<meta property=\"og:image\" content=\"http:\/\/booksfrommexico.com\/app\/uploads\/2023\/05\/121693.jpeg\" \/>\n\t<meta property=\"og:image:width\" content=\"1302\" \/>\n\t<meta property=\"og:image:height\" content=\"1892\" \/>\n\t<meta property=\"og:image:type\" content=\"image\/jpeg\" \/>\n<meta name=\"twitter:card\" content=\"summary_large_image\" \/>\n<meta name=\"twitter:label1\" content=\"Tiempo de lectura\" \/>\n\t<meta name=\"twitter:data1\" content=\"1 minuto\" \/>\n<script type=\"application\/ld+json\" class=\"yoast-schema-graph\">{\"@context\":\"https:\\\/\\\/schema.org\",\"@graph\":[{\"@type\":\"WebPage\",\"@id\":\"https:\\\/\\\/booksfrommexico.com\\\/es\\\/producto\\\/pancho-villa-retrato-autobiografico-1894-1914\\\/\",\"url\":\"https:\\\/\\\/booksfrommexico.com\\\/es\\\/producto\\\/pancho-villa-retrato-autobiografico-1894-1914\\\/\",\"name\":\"Pancho Villa: Retrato autobiogr\u00e1fico, 1894-1914\",\"isPartOf\":{\"@id\":\"https:\\\/\\\/booksfrommexico.com\\\/#website\"},\"primaryImageOfPage\":{\"@id\":\"https:\\\/\\\/booksfrommexico.com\\\/es\\\/producto\\\/pancho-villa-retrato-autobiografico-1894-1914\\\/#primaryimage\"},\"image\":{\"@id\":\"https:\\\/\\\/booksfrommexico.com\\\/es\\\/producto\\\/pancho-villa-retrato-autobiografico-1894-1914\\\/#primaryimage\"},\"thumbnailUrl\":\"https:\\\/\\\/booksfrommexico.com\\\/app\\\/uploads\\\/2023\\\/05\\\/121693.jpeg\",\"datePublished\":\"2023-05-08T16:59:47+00:00\",\"dateModified\":\"2024-10-02T23:23:15+00:00\",\"description\":\"PANCHO VILLA : RETRATO AUTOBIOGR\u00c1FICO, 1894-1914. \\\/ Guadalupe Villa, Rosa Helia Villa (editors). Santillana Ediciones Generales ; UNAM, 2003.\",\"breadcrumb\":{\"@id\":\"https:\\\/\\\/booksfrommexico.com\\\/es\\\/producto\\\/pancho-villa-retrato-autobiografico-1894-1914\\\/#breadcrumb\"},\"inLanguage\":\"es\",\"potentialAction\":[{\"@type\":\"ReadAction\",\"target\":[\"https:\\\/\\\/booksfrommexico.com\\\/es\\\/producto\\\/pancho-villa-retrato-autobiografico-1894-1914\\\/\"]}]},{\"@type\":\"ImageObject\",\"inLanguage\":\"es\",\"@id\":\"https:\\\/\\\/booksfrommexico.com\\\/es\\\/producto\\\/pancho-villa-retrato-autobiografico-1894-1914\\\/#primaryimage\",\"url\":\"https:\\\/\\\/booksfrommexico.com\\\/app\\\/uploads\\\/2023\\\/05\\\/121693.jpeg\",\"contentUrl\":\"https:\\\/\\\/booksfrommexico.com\\\/app\\\/uploads\\\/2023\\\/05\\\/121693.jpeg\",\"width\":1302,\"height\":1892,\"caption\":\"Pancho Villa Retrato autobiogr\u00e1fico\"},{\"@type\":\"BreadcrumbList\",\"@id\":\"https:\\\/\\\/booksfrommexico.com\\\/es\\\/producto\\\/pancho-villa-retrato-autobiografico-1894-1914\\\/#breadcrumb\",\"itemListElement\":[{\"@type\":\"ListItem\",\"position\":1,\"name\":\"Home\",\"item\":\"https:\\\/\\\/booksfrommexico.com\\\/es\\\/\"},{\"@type\":\"ListItem\",\"position\":2,\"name\":\"Libros\",\"item\":\"https:\\\/\\\/booksfrommexico.com\\\/es\\\/libros\\\/\"},{\"@type\":\"ListItem\",\"position\":3,\"name\":\"Pancho Villa: Retrato autobiogr\u00e1fico, 1894-1914\"}]},{\"@type\":\"WebSite\",\"@id\":\"https:\\\/\\\/booksfrommexico.com\\\/#website\",\"url\":\"https:\\\/\\\/booksfrommexico.com\\\/\",\"name\":\"Books From Mexico\",\"description\":\"\",\"publisher\":{\"@id\":\"https:\\\/\\\/booksfrommexico.com\\\/#organization\"},\"potentialAction\":[{\"@type\":\"SearchAction\",\"target\":{\"@type\":\"EntryPoint\",\"urlTemplate\":\"https:\\\/\\\/booksfrommexico.com\\\/?s={search_term_string}\"},\"query-input\":{\"@type\":\"PropertyValueSpecification\",\"valueRequired\":true,\"valueName\":\"search_term_string\"}}],\"inLanguage\":\"es\"},{\"@type\":\"Organization\",\"@id\":\"https:\\\/\\\/booksfrommexico.com\\\/#organization\",\"name\":\"Books From Mexico\",\"url\":\"https:\\\/\\\/booksfrommexico.com\\\/\",\"logo\":{\"@type\":\"ImageObject\",\"inLanguage\":\"es\",\"@id\":\"https:\\\/\\\/booksfrommexico.com\\\/#\\\/schema\\\/logo\\\/image\\\/\",\"url\":\"https:\\\/\\\/booksfrommexico.com\\\/app\\\/uploads\\\/2023\\\/05\\\/logo-booksfrommexico.svg\",\"contentUrl\":\"https:\\\/\\\/booksfrommexico.com\\\/app\\\/uploads\\\/2023\\\/05\\\/logo-booksfrommexico.svg\",\"width\":86,\"height\":56,\"caption\":\"Books From Mexico\"},\"image\":{\"@id\":\"https:\\\/\\\/booksfrommexico.com\\\/#\\\/schema\\\/logo\\\/image\\\/\"}}]}<\/script>\n<!-- \/ Yoast SEO plugin. -->","yoast_head_json":{"title":"Pancho Villa: Retrato autobiogr\u00e1fico, 1894-1914","description":"PANCHO VILLA : RETRATO AUTOBIOGR\u00c1FICO, 1894-1914. \/ Guadalupe Villa, Rosa Helia Villa (editors). Santillana Ediciones Generales ; UNAM, 2003.","robots":{"index":"index","follow":"follow","max-snippet":"max-snippet:-1","max-image-preview":"max-image-preview:large","max-video-preview":"max-video-preview:-1"},"canonical":"https:\/\/booksfrommexico.com\/es\/producto\/pancho-villa-retrato-autobiografico-1894-1914\/","og_locale":"es_ES","og_type":"article","og_title":"Pancho Villa: Retrato autobiogr\u00e1fico, 1894-1914","og_description":"PANCHO VILLA : RETRATO AUTOBIOGR\u00c1FICO, 1894-1914. \/ Guadalupe Villa, Rosa Helia Villa (editors). Santillana Ediciones Generales ; UNAM, 2003.","og_url":"https:\/\/booksfrommexico.com\/es\/producto\/pancho-villa-retrato-autobiografico-1894-1914\/","og_site_name":"Books From Mexico","article_modified_time":"2024-10-02T23:23:15+00:00","og_image":[{"width":1302,"height":1892,"url":"http:\/\/booksfrommexico.com\/app\/uploads\/2023\/05\/121693.jpeg","type":"image\/jpeg"}],"twitter_card":"summary_large_image","twitter_misc":{"Tiempo de lectura":"1 minuto"},"schema":{"@context":"https:\/\/schema.org","@graph":[{"@type":"WebPage","@id":"https:\/\/booksfrommexico.com\/es\/producto\/pancho-villa-retrato-autobiografico-1894-1914\/","url":"https:\/\/booksfrommexico.com\/es\/producto\/pancho-villa-retrato-autobiografico-1894-1914\/","name":"Pancho Villa: Retrato autobiogr\u00e1fico, 1894-1914","isPartOf":{"@id":"https:\/\/booksfrommexico.com\/#website"},"primaryImageOfPage":{"@id":"https:\/\/booksfrommexico.com\/es\/producto\/pancho-villa-retrato-autobiografico-1894-1914\/#primaryimage"},"image":{"@id":"https:\/\/booksfrommexico.com\/es\/producto\/pancho-villa-retrato-autobiografico-1894-1914\/#primaryimage"},"thumbnailUrl":"https:\/\/booksfrommexico.com\/app\/uploads\/2023\/05\/121693.jpeg","datePublished":"2023-05-08T16:59:47+00:00","dateModified":"2024-10-02T23:23:15+00:00","description":"PANCHO VILLA : RETRATO AUTOBIOGR\u00c1FICO, 1894-1914. \/ Guadalupe Villa, Rosa Helia Villa (editors). Santillana Ediciones Generales ; UNAM, 2003.","breadcrumb":{"@id":"https:\/\/booksfrommexico.com\/es\/producto\/pancho-villa-retrato-autobiografico-1894-1914\/#breadcrumb"},"inLanguage":"es","potentialAction":[{"@type":"ReadAction","target":["https:\/\/booksfrommexico.com\/es\/producto\/pancho-villa-retrato-autobiografico-1894-1914\/"]}]},{"@type":"ImageObject","inLanguage":"es","@id":"https:\/\/booksfrommexico.com\/es\/producto\/pancho-villa-retrato-autobiografico-1894-1914\/#primaryimage","url":"https:\/\/booksfrommexico.com\/app\/uploads\/2023\/05\/121693.jpeg","contentUrl":"https:\/\/booksfrommexico.com\/app\/uploads\/2023\/05\/121693.jpeg","width":1302,"height":1892,"caption":"Pancho Villa Retrato autobiogr\u00e1fico"},{"@type":"BreadcrumbList","@id":"https:\/\/booksfrommexico.com\/es\/producto\/pancho-villa-retrato-autobiografico-1894-1914\/#breadcrumb","itemListElement":[{"@type":"ListItem","position":1,"name":"Home","item":"https:\/\/booksfrommexico.com\/es\/"},{"@type":"ListItem","position":2,"name":"Libros","item":"https:\/\/booksfrommexico.com\/es\/libros\/"},{"@type":"ListItem","position":3,"name":"Pancho Villa: Retrato autobiogr\u00e1fico, 1894-1914"}]},{"@type":"WebSite","@id":"https:\/\/booksfrommexico.com\/#website","url":"https:\/\/booksfrommexico.com\/","name":"Books From Mexico","description":"","publisher":{"@id":"https:\/\/booksfrommexico.com\/#organization"},"potentialAction":[{"@type":"SearchAction","target":{"@type":"EntryPoint","urlTemplate":"https:\/\/booksfrommexico.com\/?s={search_term_string}"},"query-input":{"@type":"PropertyValueSpecification","valueRequired":true,"valueName":"search_term_string"}}],"inLanguage":"es"},{"@type":"Organization","@id":"https:\/\/booksfrommexico.com\/#organization","name":"Books From Mexico","url":"https:\/\/booksfrommexico.com\/","logo":{"@type":"ImageObject","inLanguage":"es","@id":"https:\/\/booksfrommexico.com\/#\/schema\/logo\/image\/","url":"https:\/\/booksfrommexico.com\/app\/uploads\/2023\/05\/logo-booksfrommexico.svg","contentUrl":"https:\/\/booksfrommexico.com\/app\/uploads\/2023\/05\/logo-booksfrommexico.svg","width":86,"height":56,"caption":"Books From Mexico"},"image":{"@id":"https:\/\/booksfrommexico.com\/#\/schema\/logo\/image\/"}}]}},"_links":{"self":[{"href":"https:\/\/booksfrommexico.com\/es\/wp-json\/wp\/v2\/product\/260","targetHints":{"allow":["GET"]}}],"collection":[{"href":"https:\/\/booksfrommexico.com\/es\/wp-json\/wp\/v2\/product"}],"about":[{"href":"https:\/\/booksfrommexico.com\/es\/wp-json\/wp\/v2\/types\/product"}],"wp:featuredmedia":[{"embeddable":true,"href":"https:\/\/booksfrommexico.com\/es\/wp-json\/wp\/v2\/media\/259"}],"wp:attachment":[{"href":"https:\/\/booksfrommexico.com\/es\/wp-json\/wp\/v2\/media?parent=260"}],"wp:term":[{"taxonomy":"product_brand","embeddable":true,"href":"https:\/\/booksfrommexico.com\/es\/wp-json\/wp\/v2\/product_brand?post=260"},{"taxonomy":"product_cat","embeddable":true,"href":"https:\/\/booksfrommexico.com\/es\/wp-json\/wp\/v2\/product_cat?post=260"},{"taxonomy":"product_tag","embeddable":true,"href":"https:\/\/booksfrommexico.com\/es\/wp-json\/wp\/v2\/product_tag?post=260"}],"curies":[{"name":"wp","href":"https:\/\/api.w.org\/{rel}","templated":true}]}}