{"id":264,"date":"2023-05-08T16:59:52","date_gmt":"2023-05-08T16:59:52","guid":{"rendered":"http:\/\/booksfrommexico.com\/product\/cartas-a-rosario-de-la-pena\/"},"modified":"2024-10-02T23:24:14","modified_gmt":"2024-10-02T23:24:14","slug":"cartas-a-rosario-de-la-pena","status":"publish","type":"product","link":"https:\/\/booksfrommexico.com\/es\/producto\/cartas-a-rosario-de-la-pena\/","title":{"rendered":"Cartas a Rosario de la Pe\u00f1a"},"content":{"rendered":"<p id=\"tw-target-text\" class=\"tw-data-text tw-text-large tw-ta\" dir=\"ltr\" data-placeholder=\"Traducci\u00f3n\" data-ved=\"2ahUKEwij3ubN9ZuDAxVzIEQIHaoqAHoQ3ewLegQIBRAQ\"><span style=\"font-weight: 400;\">Marco Antonio Campos, con apoyo de Fernando Tola y Mariana Mend\u00eda, recab\u00f3 y transcribi\u00f3 la correspondencia entre Manuel M. Flores y Rosario de la Pe\u00f1a. Las cartas que aqu\u00ed se re\u00fanen y se publican por primera vez en conjunto \u2013las que pudieron ser recuperadas\u2013, revelan la pasi\u00f3n del poeta poblano por la denominada musa decimon\u00f3nica Rosario de la Pe\u00f1a. Esta relaci\u00f3n fue tr\u00e1gica y dolorosa para sus implicados, ya que ella viv\u00eda rodeada por admiradores, aunque reclamando la presencia de su amado; y \u00e9l viviendo encerrado en los l\u00edmites impuestos por la s\u00edfilis y por una progresiva ceguera. <\/span><\/p>\n","protected":false},"excerpt":{"rendered":"<p>CARTAS A ROSARIO DE LA PE\u00d1A<span style=\"font-weight: 400;\">. \/ Manuel M. Flores ; Marco Antonio Campos (editor). Puebla, M\u00e9xico:\u00a0 Gobierno del Estado de Puebla , Secretar\u00eda de Cultura ; Factor\u00eda Ediciones, 2002. 172 pages : includes photos ; 21 cm. (Colecci\u00f3n La Serpiente Emplumada). ISBN : 968687173X. <\/span><\/p>\n","protected":false},"featured_media":263,"template":"","meta":{"_acf_changed":false,"inline_featured_image":false},"product_brand":[],"product_cat":[25],"product_tag":[3913,4124,3598,3739],"class_list":{"0":"post-264","1":"product","2":"type-product","3":"status-publish","4":"has-post-thumbnail","6":"product_cat-literatura","7":"product_tag-correspondencia","8":"product_tag-literatura-es","9":"product_tag-poesia-mexicana","10":"product_tag-siglo-xix","12":"first","13":"instock","14":"sale","15":"taxable","16":"shipping-taxable","17":"purchasable","18":"product-type-simple"},"acf":[],"yoast_head":"<!-- This site is optimized with the Yoast SEO plugin v27.3 - https:\/\/yoast.com\/product\/yoast-seo-wordpress\/ -->\n<title>Cartas a Rosario de la Pe\u00f1a<\/title>\n<meta name=\"description\" content=\"CARTAS A ROSARIO DE LA PE\u00d1A. \/ Manuel M. Flores ; Marco Antonio Campos (editor). Gobierno del Estado de Puebla , Secretar\u00eda de Cultura ; Factor\u00eda Ediciones.\" \/>\n<meta name=\"robots\" content=\"index, follow, max-snippet:-1, max-image-preview:large, max-video-preview:-1\" \/>\n<link rel=\"canonical\" href=\"https:\/\/booksfrommexico.com\/es\/producto\/cartas-a-rosario-de-la-pena\/\" \/>\n<meta property=\"og:locale\" content=\"es_ES\" \/>\n<meta property=\"og:type\" content=\"article\" \/>\n<meta property=\"og:title\" content=\"Cartas a Rosario de la Pe\u00f1a\" \/>\n<meta property=\"og:description\" content=\"CARTAS A ROSARIO DE LA PE\u00d1A. \/ Manuel M. Flores ; Marco Antonio Campos (editor). Gobierno del Estado de Puebla , Secretar\u00eda de Cultura ; Factor\u00eda Ediciones.\" \/>\n<meta property=\"og:url\" content=\"https:\/\/booksfrommexico.com\/es\/producto\/cartas-a-rosario-de-la-pena\/\" \/>\n<meta property=\"og:site_name\" content=\"Books From Mexico\" \/>\n<meta property=\"article:modified_time\" content=\"2024-10-02T23:24:14+00:00\" \/>\n<meta property=\"og:image\" content=\"http:\/\/booksfrommexico.com\/app\/uploads\/2023\/05\/122017.jpeg\" \/>\n\t<meta property=\"og:image:width\" content=\"959\" \/>\n\t<meta property=\"og:image:height\" content=\"1623\" \/>\n\t<meta property=\"og:image:type\" content=\"image\/jpeg\" \/>\n<meta name=\"twitter:card\" content=\"summary_large_image\" \/>\n<meta name=\"twitter:label1\" content=\"Tiempo de lectura\" \/>\n\t<meta name=\"twitter:data1\" content=\"1 minuto\" \/>\n<script type=\"application\/ld+json\" class=\"yoast-schema-graph\">{\"@context\":\"https:\\\/\\\/schema.org\",\"@graph\":[{\"@type\":\"WebPage\",\"@id\":\"https:\\\/\\\/booksfrommexico.com\\\/es\\\/producto\\\/cartas-a-rosario-de-la-pena\\\/\",\"url\":\"https:\\\/\\\/booksfrommexico.com\\\/es\\\/producto\\\/cartas-a-rosario-de-la-pena\\\/\",\"name\":\"Cartas a Rosario de la Pe\u00f1a\",\"isPartOf\":{\"@id\":\"https:\\\/\\\/booksfrommexico.com\\\/#website\"},\"primaryImageOfPage\":{\"@id\":\"https:\\\/\\\/booksfrommexico.com\\\/es\\\/producto\\\/cartas-a-rosario-de-la-pena\\\/#primaryimage\"},\"image\":{\"@id\":\"https:\\\/\\\/booksfrommexico.com\\\/es\\\/producto\\\/cartas-a-rosario-de-la-pena\\\/#primaryimage\"},\"thumbnailUrl\":\"https:\\\/\\\/booksfrommexico.com\\\/app\\\/uploads\\\/2023\\\/05\\\/122017.jpeg\",\"datePublished\":\"2023-05-08T16:59:52+00:00\",\"dateModified\":\"2024-10-02T23:24:14+00:00\",\"description\":\"CARTAS A ROSARIO DE LA PE\u00d1A. \\\/ Manuel M. Flores ; Marco Antonio Campos (editor). Gobierno del Estado de Puebla , Secretar\u00eda de Cultura ; Factor\u00eda Ediciones.\",\"breadcrumb\":{\"@id\":\"https:\\\/\\\/booksfrommexico.com\\\/es\\\/producto\\\/cartas-a-rosario-de-la-pena\\\/#breadcrumb\"},\"inLanguage\":\"es\",\"potentialAction\":[{\"@type\":\"ReadAction\",\"target\":[\"https:\\\/\\\/booksfrommexico.com\\\/es\\\/producto\\\/cartas-a-rosario-de-la-pena\\\/\"]}]},{\"@type\":\"ImageObject\",\"inLanguage\":\"es\",\"@id\":\"https:\\\/\\\/booksfrommexico.com\\\/es\\\/producto\\\/cartas-a-rosario-de-la-pena\\\/#primaryimage\",\"url\":\"https:\\\/\\\/booksfrommexico.com\\\/app\\\/uploads\\\/2023\\\/05\\\/122017.jpeg\",\"contentUrl\":\"https:\\\/\\\/booksfrommexico.com\\\/app\\\/uploads\\\/2023\\\/05\\\/122017.jpeg\",\"width\":959,\"height\":1623},{\"@type\":\"BreadcrumbList\",\"@id\":\"https:\\\/\\\/booksfrommexico.com\\\/es\\\/producto\\\/cartas-a-rosario-de-la-pena\\\/#breadcrumb\",\"itemListElement\":[{\"@type\":\"ListItem\",\"position\":1,\"name\":\"Home\",\"item\":\"https:\\\/\\\/booksfrommexico.com\\\/es\\\/\"},{\"@type\":\"ListItem\",\"position\":2,\"name\":\"Libros\",\"item\":\"https:\\\/\\\/booksfrommexico.com\\\/es\\\/libros\\\/\"},{\"@type\":\"ListItem\",\"position\":3,\"name\":\"Cartas a Rosario de la Pe\u00f1a\"}]},{\"@type\":\"WebSite\",\"@id\":\"https:\\\/\\\/booksfrommexico.com\\\/#website\",\"url\":\"https:\\\/\\\/booksfrommexico.com\\\/\",\"name\":\"Books From Mexico\",\"description\":\"\",\"publisher\":{\"@id\":\"https:\\\/\\\/booksfrommexico.com\\\/#organization\"},\"potentialAction\":[{\"@type\":\"SearchAction\",\"target\":{\"@type\":\"EntryPoint\",\"urlTemplate\":\"https:\\\/\\\/booksfrommexico.com\\\/?s={search_term_string}\"},\"query-input\":{\"@type\":\"PropertyValueSpecification\",\"valueRequired\":true,\"valueName\":\"search_term_string\"}}],\"inLanguage\":\"es\"},{\"@type\":\"Organization\",\"@id\":\"https:\\\/\\\/booksfrommexico.com\\\/#organization\",\"name\":\"Books From Mexico\",\"url\":\"https:\\\/\\\/booksfrommexico.com\\\/\",\"logo\":{\"@type\":\"ImageObject\",\"inLanguage\":\"es\",\"@id\":\"https:\\\/\\\/booksfrommexico.com\\\/#\\\/schema\\\/logo\\\/image\\\/\",\"url\":\"https:\\\/\\\/booksfrommexico.com\\\/app\\\/uploads\\\/2023\\\/05\\\/logo-booksfrommexico.svg\",\"contentUrl\":\"https:\\\/\\\/booksfrommexico.com\\\/app\\\/uploads\\\/2023\\\/05\\\/logo-booksfrommexico.svg\",\"width\":86,\"height\":56,\"caption\":\"Books From Mexico\"},\"image\":{\"@id\":\"https:\\\/\\\/booksfrommexico.com\\\/#\\\/schema\\\/logo\\\/image\\\/\"}}]}<\/script>\n<!-- \/ Yoast SEO plugin. -->","yoast_head_json":{"title":"Cartas a Rosario de la Pe\u00f1a","description":"CARTAS A ROSARIO DE LA PE\u00d1A. \/ Manuel M. Flores ; Marco Antonio Campos (editor). Gobierno del Estado de Puebla , Secretar\u00eda de Cultura ; Factor\u00eda Ediciones.","robots":{"index":"index","follow":"follow","max-snippet":"max-snippet:-1","max-image-preview":"max-image-preview:large","max-video-preview":"max-video-preview:-1"},"canonical":"https:\/\/booksfrommexico.com\/es\/producto\/cartas-a-rosario-de-la-pena\/","og_locale":"es_ES","og_type":"article","og_title":"Cartas a Rosario de la Pe\u00f1a","og_description":"CARTAS A ROSARIO DE LA PE\u00d1A. \/ Manuel M. Flores ; Marco Antonio Campos (editor). Gobierno del Estado de Puebla , Secretar\u00eda de Cultura ; Factor\u00eda Ediciones.","og_url":"https:\/\/booksfrommexico.com\/es\/producto\/cartas-a-rosario-de-la-pena\/","og_site_name":"Books From Mexico","article_modified_time":"2024-10-02T23:24:14+00:00","og_image":[{"width":959,"height":1623,"url":"http:\/\/booksfrommexico.com\/app\/uploads\/2023\/05\/122017.jpeg","type":"image\/jpeg"}],"twitter_card":"summary_large_image","twitter_misc":{"Tiempo de lectura":"1 minuto"},"schema":{"@context":"https:\/\/schema.org","@graph":[{"@type":"WebPage","@id":"https:\/\/booksfrommexico.com\/es\/producto\/cartas-a-rosario-de-la-pena\/","url":"https:\/\/booksfrommexico.com\/es\/producto\/cartas-a-rosario-de-la-pena\/","name":"Cartas a Rosario de la Pe\u00f1a","isPartOf":{"@id":"https:\/\/booksfrommexico.com\/#website"},"primaryImageOfPage":{"@id":"https:\/\/booksfrommexico.com\/es\/producto\/cartas-a-rosario-de-la-pena\/#primaryimage"},"image":{"@id":"https:\/\/booksfrommexico.com\/es\/producto\/cartas-a-rosario-de-la-pena\/#primaryimage"},"thumbnailUrl":"https:\/\/booksfrommexico.com\/app\/uploads\/2023\/05\/122017.jpeg","datePublished":"2023-05-08T16:59:52+00:00","dateModified":"2024-10-02T23:24:14+00:00","description":"CARTAS A ROSARIO DE LA PE\u00d1A. \/ Manuel M. Flores ; Marco Antonio Campos (editor). Gobierno del Estado de Puebla , Secretar\u00eda de Cultura ; Factor\u00eda Ediciones.","breadcrumb":{"@id":"https:\/\/booksfrommexico.com\/es\/producto\/cartas-a-rosario-de-la-pena\/#breadcrumb"},"inLanguage":"es","potentialAction":[{"@type":"ReadAction","target":["https:\/\/booksfrommexico.com\/es\/producto\/cartas-a-rosario-de-la-pena\/"]}]},{"@type":"ImageObject","inLanguage":"es","@id":"https:\/\/booksfrommexico.com\/es\/producto\/cartas-a-rosario-de-la-pena\/#primaryimage","url":"https:\/\/booksfrommexico.com\/app\/uploads\/2023\/05\/122017.jpeg","contentUrl":"https:\/\/booksfrommexico.com\/app\/uploads\/2023\/05\/122017.jpeg","width":959,"height":1623},{"@type":"BreadcrumbList","@id":"https:\/\/booksfrommexico.com\/es\/producto\/cartas-a-rosario-de-la-pena\/#breadcrumb","itemListElement":[{"@type":"ListItem","position":1,"name":"Home","item":"https:\/\/booksfrommexico.com\/es\/"},{"@type":"ListItem","position":2,"name":"Libros","item":"https:\/\/booksfrommexico.com\/es\/libros\/"},{"@type":"ListItem","position":3,"name":"Cartas a Rosario de la Pe\u00f1a"}]},{"@type":"WebSite","@id":"https:\/\/booksfrommexico.com\/#website","url":"https:\/\/booksfrommexico.com\/","name":"Books From Mexico","description":"","publisher":{"@id":"https:\/\/booksfrommexico.com\/#organization"},"potentialAction":[{"@type":"SearchAction","target":{"@type":"EntryPoint","urlTemplate":"https:\/\/booksfrommexico.com\/?s={search_term_string}"},"query-input":{"@type":"PropertyValueSpecification","valueRequired":true,"valueName":"search_term_string"}}],"inLanguage":"es"},{"@type":"Organization","@id":"https:\/\/booksfrommexico.com\/#organization","name":"Books From Mexico","url":"https:\/\/booksfrommexico.com\/","logo":{"@type":"ImageObject","inLanguage":"es","@id":"https:\/\/booksfrommexico.com\/#\/schema\/logo\/image\/","url":"https:\/\/booksfrommexico.com\/app\/uploads\/2023\/05\/logo-booksfrommexico.svg","contentUrl":"https:\/\/booksfrommexico.com\/app\/uploads\/2023\/05\/logo-booksfrommexico.svg","width":86,"height":56,"caption":"Books From Mexico"},"image":{"@id":"https:\/\/booksfrommexico.com\/#\/schema\/logo\/image\/"}}]}},"_links":{"self":[{"href":"https:\/\/booksfrommexico.com\/es\/wp-json\/wp\/v2\/product\/264","targetHints":{"allow":["GET"]}}],"collection":[{"href":"https:\/\/booksfrommexico.com\/es\/wp-json\/wp\/v2\/product"}],"about":[{"href":"https:\/\/booksfrommexico.com\/es\/wp-json\/wp\/v2\/types\/product"}],"wp:featuredmedia":[{"embeddable":true,"href":"https:\/\/booksfrommexico.com\/es\/wp-json\/wp\/v2\/media\/263"}],"wp:attachment":[{"href":"https:\/\/booksfrommexico.com\/es\/wp-json\/wp\/v2\/media?parent=264"}],"wp:term":[{"taxonomy":"product_brand","embeddable":true,"href":"https:\/\/booksfrommexico.com\/es\/wp-json\/wp\/v2\/product_brand?post=264"},{"taxonomy":"product_cat","embeddable":true,"href":"https:\/\/booksfrommexico.com\/es\/wp-json\/wp\/v2\/product_cat?post=264"},{"taxonomy":"product_tag","embeddable":true,"href":"https:\/\/booksfrommexico.com\/es\/wp-json\/wp\/v2\/product_tag?post=264"}],"curies":[{"name":"wp","href":"https:\/\/api.w.org\/{rel}","templated":true}]}}