{"id":266,"date":"2023-05-08T16:59:57","date_gmt":"2023-05-08T16:59:57","guid":{"rendered":"http:\/\/booksfrommexico.com\/product\/los-popolocas-de-tecamachalco-quecholac-historia-cultura-y-sociedad-de-un-senorio-prehispanico\/"},"modified":"2025-03-01T00:05:34","modified_gmt":"2025-03-01T00:05:34","slug":"los-popolocas-de-tecamachalco-quecholac-historia-cultura-y-sociedad-de-un-senorio-prehispanico","status":"publish","type":"product","link":"https:\/\/booksfrommexico.com\/es\/producto\/los-popolocas-de-tecamachalco-quecholac-historia-cultura-y-sociedad-de-un-senorio-prehispanico\/","title":{"rendered":"Los popolocas de Tecamachalco-Quecholac: Historia, cultura y sociedad de un se\u00f1or\u00edo prehisp\u00e1nico"},"content":{"rendered":"<p id=\"tw-target-text\" class=\"tw-data-text tw-text-large tw-ta\" dir=\"ltr\" data-placeholder=\"Traducci\u00f3n\" data-ved=\"2ahUKEwij3ubN9ZuDAxVzIEQIHaoqAHoQ3ewLegQIBRAQ\"><span style=\"font-weight: 400;\">En este t\u00edtulo se ofrece un trabajo integrador donde confluyen diversas fuentes de informaci\u00f3n sobre el se\u00f1or\u00edo de Tecamachalco-Quecholac, resultado de un detenido acopio documental en el que coinciden archivos nacionales, estatales y locales; bibliograf\u00eda y hemerograf\u00eda. Aqu\u00ed c\u00f3dices, relieves, escultura y testimonios precolombinos convergen con los estudios contempor\u00e1neos.\u00a0 La autora muestra los elementos con los que se puede esbozar la imagen de una regi\u00f3n entre los siglos XII y XVI \u2013sociolog\u00eda, econom\u00eda, antropolog\u00eda, historia y geograf\u00eda\u2013, en donde nobles popolocas de las casas reinantes de los diversos se\u00f1or\u00edos manten\u00edan el control y el poder pol\u00edtico-econ\u00f3mico a trav\u00e9s de alianzas matrimoniales. <\/span><\/p>\n","protected":false},"excerpt":{"rendered":"<p>LOS POPOLOCAS DE TECAMACHALCO-QUECHOLAC : HISTORIA, CULTURA Y SOCIEDAD DE UN SE\u00f1OR\u00cdO PREHISP\u00c1NICO<span style=\"font-weight: 400;\">. \/ Alejandra G\u00e1mez. Puebla, M\u00e9xico : Benem\u00e9rita Universidad Aut\u00f3noma de Puebla , Facultad de Filosof\u00eda y Letras , Direcci\u00f3n de Regionalizaci\u00f3n , Direcci\u00f3n General de Fomento Editorial, 2003. 315 pages : includes photos, illustrations, maps, references, bibliography ; 21 cm. ISBN : 9688635804.<\/span><\/p>\n","protected":false},"featured_media":265,"template":"","meta":{"_acf_changed":false,"inline_featured_image":false},"product_brand":[],"product_cat":[117,372],"product_tag":[4262,3916,3587,3760,3608],"class_list":{"0":"post-266","1":"product","2":"type-product","3":"status-publish","4":"has-post-thumbnail","6":"product_cat-etnoantropolgia","7":"product_cat-tradiciones-culturales","8":"product_tag-cultura-prehispanica","9":"product_tag-popolocas","10":"product_tag-prehispanico","11":"product_tag-puebla-mexico","12":"product_tag-vida-social-y-costumbres","14":"first","15":"outofstock","16":"sale","17":"taxable","18":"shipping-taxable","19":"purchasable","20":"product-type-simple"},"acf":[],"yoast_head":"<!-- This site is optimized with the Yoast SEO plugin v27.3 - https:\/\/yoast.com\/product\/yoast-seo-wordpress\/ -->\n<title>Los popolocas de Tecamachalco-Quecholac<\/title>\n<meta name=\"description\" content=\"LOS POPOLOCAS DE TECAMACHALCO-QUECHOLAC : HISTORIA, CULTURA Y SOCIEDAD DE UN SE\u00d1OR\u00cdO PREHISP\u00c1NICO. \/ Alejandra G\u00e1mez. Puebla, M\u00e9xico : BUAP, 2003.\" \/>\n<meta name=\"robots\" content=\"index, follow, max-snippet:-1, max-image-preview:large, max-video-preview:-1\" \/>\n<link rel=\"canonical\" href=\"https:\/\/booksfrommexico.com\/es\/producto\/los-popolocas-de-tecamachalco-quecholac-historia-cultura-y-sociedad-de-un-senorio-prehispanico\/\" \/>\n<meta property=\"og:locale\" content=\"es_ES\" \/>\n<meta property=\"og:type\" content=\"article\" \/>\n<meta property=\"og:title\" content=\"Los popolocas de Tecamachalco-Quecholac\" \/>\n<meta property=\"og:description\" content=\"LOS POPOLOCAS DE TECAMACHALCO-QUECHOLAC : HISTORIA, CULTURA Y SOCIEDAD DE UN SE\u00d1OR\u00cdO PREHISP\u00c1NICO. \/ Alejandra G\u00e1mez. Puebla, M\u00e9xico : BUAP, 2003.\" \/>\n<meta property=\"og:url\" content=\"https:\/\/booksfrommexico.com\/es\/producto\/los-popolocas-de-tecamachalco-quecholac-historia-cultura-y-sociedad-de-un-senorio-prehispanico\/\" \/>\n<meta property=\"og:site_name\" content=\"Books From Mexico\" \/>\n<meta property=\"article:modified_time\" content=\"2025-03-01T00:05:34+00:00\" \/>\n<meta property=\"og:image\" content=\"http:\/\/booksfrommexico.com\/app\/uploads\/2023\/05\/122037.jpeg\" \/>\n\t<meta property=\"og:image:width\" content=\"1025\" \/>\n\t<meta property=\"og:image:height\" content=\"1620\" \/>\n\t<meta property=\"og:image:type\" content=\"image\/jpeg\" \/>\n<meta name=\"twitter:card\" content=\"summary_large_image\" \/>\n<meta name=\"twitter:label1\" content=\"Tiempo de lectura\" \/>\n\t<meta name=\"twitter:data1\" content=\"1 minuto\" \/>\n<script type=\"application\/ld+json\" class=\"yoast-schema-graph\">{\"@context\":\"https:\\\/\\\/schema.org\",\"@graph\":[{\"@type\":\"WebPage\",\"@id\":\"https:\\\/\\\/booksfrommexico.com\\\/es\\\/producto\\\/los-popolocas-de-tecamachalco-quecholac-historia-cultura-y-sociedad-de-un-senorio-prehispanico\\\/\",\"url\":\"https:\\\/\\\/booksfrommexico.com\\\/es\\\/producto\\\/los-popolocas-de-tecamachalco-quecholac-historia-cultura-y-sociedad-de-un-senorio-prehispanico\\\/\",\"name\":\"Los popolocas de Tecamachalco-Quecholac\",\"isPartOf\":{\"@id\":\"https:\\\/\\\/booksfrommexico.com\\\/#website\"},\"primaryImageOfPage\":{\"@id\":\"https:\\\/\\\/booksfrommexico.com\\\/es\\\/producto\\\/los-popolocas-de-tecamachalco-quecholac-historia-cultura-y-sociedad-de-un-senorio-prehispanico\\\/#primaryimage\"},\"image\":{\"@id\":\"https:\\\/\\\/booksfrommexico.com\\\/es\\\/producto\\\/los-popolocas-de-tecamachalco-quecholac-historia-cultura-y-sociedad-de-un-senorio-prehispanico\\\/#primaryimage\"},\"thumbnailUrl\":\"https:\\\/\\\/booksfrommexico.com\\\/app\\\/uploads\\\/2023\\\/05\\\/122037.jpeg\",\"datePublished\":\"2023-05-08T16:59:57+00:00\",\"dateModified\":\"2025-03-01T00:05:34+00:00\",\"description\":\"LOS POPOLOCAS DE TECAMACHALCO-QUECHOLAC : HISTORIA, CULTURA Y SOCIEDAD DE UN SE\u00d1OR\u00cdO PREHISP\u00c1NICO. \\\/ Alejandra G\u00e1mez. Puebla, M\u00e9xico : BUAP, 2003.\",\"breadcrumb\":{\"@id\":\"https:\\\/\\\/booksfrommexico.com\\\/es\\\/producto\\\/los-popolocas-de-tecamachalco-quecholac-historia-cultura-y-sociedad-de-un-senorio-prehispanico\\\/#breadcrumb\"},\"inLanguage\":\"es\",\"potentialAction\":[{\"@type\":\"ReadAction\",\"target\":[\"https:\\\/\\\/booksfrommexico.com\\\/es\\\/producto\\\/los-popolocas-de-tecamachalco-quecholac-historia-cultura-y-sociedad-de-un-senorio-prehispanico\\\/\"]}]},{\"@type\":\"ImageObject\",\"inLanguage\":\"es\",\"@id\":\"https:\\\/\\\/booksfrommexico.com\\\/es\\\/producto\\\/los-popolocas-de-tecamachalco-quecholac-historia-cultura-y-sociedad-de-un-senorio-prehispanico\\\/#primaryimage\",\"url\":\"https:\\\/\\\/booksfrommexico.com\\\/app\\\/uploads\\\/2023\\\/05\\\/122037.jpeg\",\"contentUrl\":\"https:\\\/\\\/booksfrommexico.com\\\/app\\\/uploads\\\/2023\\\/05\\\/122037.jpeg\",\"width\":1025,\"height\":1620},{\"@type\":\"BreadcrumbList\",\"@id\":\"https:\\\/\\\/booksfrommexico.com\\\/es\\\/producto\\\/los-popolocas-de-tecamachalco-quecholac-historia-cultura-y-sociedad-de-un-senorio-prehispanico\\\/#breadcrumb\",\"itemListElement\":[{\"@type\":\"ListItem\",\"position\":1,\"name\":\"Home\",\"item\":\"https:\\\/\\\/booksfrommexico.com\\\/es\\\/\"},{\"@type\":\"ListItem\",\"position\":2,\"name\":\"Libros\",\"item\":\"https:\\\/\\\/booksfrommexico.com\\\/es\\\/libros\\\/\"},{\"@type\":\"ListItem\",\"position\":3,\"name\":\"Los popolocas de Tecamachalco-Quecholac: Historia, cultura y sociedad de un se\u00f1or\u00edo prehisp\u00e1nico\"}]},{\"@type\":\"WebSite\",\"@id\":\"https:\\\/\\\/booksfrommexico.com\\\/#website\",\"url\":\"https:\\\/\\\/booksfrommexico.com\\\/\",\"name\":\"Books From Mexico\",\"description\":\"\",\"publisher\":{\"@id\":\"https:\\\/\\\/booksfrommexico.com\\\/#organization\"},\"potentialAction\":[{\"@type\":\"SearchAction\",\"target\":{\"@type\":\"EntryPoint\",\"urlTemplate\":\"https:\\\/\\\/booksfrommexico.com\\\/?s={search_term_string}\"},\"query-input\":{\"@type\":\"PropertyValueSpecification\",\"valueRequired\":true,\"valueName\":\"search_term_string\"}}],\"inLanguage\":\"es\"},{\"@type\":\"Organization\",\"@id\":\"https:\\\/\\\/booksfrommexico.com\\\/#organization\",\"name\":\"Books From Mexico\",\"url\":\"https:\\\/\\\/booksfrommexico.com\\\/\",\"logo\":{\"@type\":\"ImageObject\",\"inLanguage\":\"es\",\"@id\":\"https:\\\/\\\/booksfrommexico.com\\\/#\\\/schema\\\/logo\\\/image\\\/\",\"url\":\"https:\\\/\\\/booksfrommexico.com\\\/app\\\/uploads\\\/2023\\\/05\\\/logo-booksfrommexico.svg\",\"contentUrl\":\"https:\\\/\\\/booksfrommexico.com\\\/app\\\/uploads\\\/2023\\\/05\\\/logo-booksfrommexico.svg\",\"width\":86,\"height\":56,\"caption\":\"Books From Mexico\"},\"image\":{\"@id\":\"https:\\\/\\\/booksfrommexico.com\\\/#\\\/schema\\\/logo\\\/image\\\/\"}}]}<\/script>\n<!-- \/ Yoast SEO plugin. -->","yoast_head_json":{"title":"Los popolocas de Tecamachalco-Quecholac","description":"LOS POPOLOCAS DE TECAMACHALCO-QUECHOLAC : HISTORIA, CULTURA Y SOCIEDAD DE UN SE\u00d1OR\u00cdO PREHISP\u00c1NICO. \/ Alejandra G\u00e1mez. Puebla, M\u00e9xico : BUAP, 2003.","robots":{"index":"index","follow":"follow","max-snippet":"max-snippet:-1","max-image-preview":"max-image-preview:large","max-video-preview":"max-video-preview:-1"},"canonical":"https:\/\/booksfrommexico.com\/es\/producto\/los-popolocas-de-tecamachalco-quecholac-historia-cultura-y-sociedad-de-un-senorio-prehispanico\/","og_locale":"es_ES","og_type":"article","og_title":"Los popolocas de Tecamachalco-Quecholac","og_description":"LOS POPOLOCAS DE TECAMACHALCO-QUECHOLAC : HISTORIA, CULTURA Y SOCIEDAD DE UN SE\u00d1OR\u00cdO PREHISP\u00c1NICO. \/ Alejandra G\u00e1mez. Puebla, M\u00e9xico : BUAP, 2003.","og_url":"https:\/\/booksfrommexico.com\/es\/producto\/los-popolocas-de-tecamachalco-quecholac-historia-cultura-y-sociedad-de-un-senorio-prehispanico\/","og_site_name":"Books From Mexico","article_modified_time":"2025-03-01T00:05:34+00:00","og_image":[{"width":1025,"height":1620,"url":"http:\/\/booksfrommexico.com\/app\/uploads\/2023\/05\/122037.jpeg","type":"image\/jpeg"}],"twitter_card":"summary_large_image","twitter_misc":{"Tiempo de lectura":"1 minuto"},"schema":{"@context":"https:\/\/schema.org","@graph":[{"@type":"WebPage","@id":"https:\/\/booksfrommexico.com\/es\/producto\/los-popolocas-de-tecamachalco-quecholac-historia-cultura-y-sociedad-de-un-senorio-prehispanico\/","url":"https:\/\/booksfrommexico.com\/es\/producto\/los-popolocas-de-tecamachalco-quecholac-historia-cultura-y-sociedad-de-un-senorio-prehispanico\/","name":"Los popolocas de Tecamachalco-Quecholac","isPartOf":{"@id":"https:\/\/booksfrommexico.com\/#website"},"primaryImageOfPage":{"@id":"https:\/\/booksfrommexico.com\/es\/producto\/los-popolocas-de-tecamachalco-quecholac-historia-cultura-y-sociedad-de-un-senorio-prehispanico\/#primaryimage"},"image":{"@id":"https:\/\/booksfrommexico.com\/es\/producto\/los-popolocas-de-tecamachalco-quecholac-historia-cultura-y-sociedad-de-un-senorio-prehispanico\/#primaryimage"},"thumbnailUrl":"https:\/\/booksfrommexico.com\/app\/uploads\/2023\/05\/122037.jpeg","datePublished":"2023-05-08T16:59:57+00:00","dateModified":"2025-03-01T00:05:34+00:00","description":"LOS POPOLOCAS DE TECAMACHALCO-QUECHOLAC : HISTORIA, CULTURA Y SOCIEDAD DE UN SE\u00d1OR\u00cdO PREHISP\u00c1NICO. \/ Alejandra G\u00e1mez. Puebla, M\u00e9xico : BUAP, 2003.","breadcrumb":{"@id":"https:\/\/booksfrommexico.com\/es\/producto\/los-popolocas-de-tecamachalco-quecholac-historia-cultura-y-sociedad-de-un-senorio-prehispanico\/#breadcrumb"},"inLanguage":"es","potentialAction":[{"@type":"ReadAction","target":["https:\/\/booksfrommexico.com\/es\/producto\/los-popolocas-de-tecamachalco-quecholac-historia-cultura-y-sociedad-de-un-senorio-prehispanico\/"]}]},{"@type":"ImageObject","inLanguage":"es","@id":"https:\/\/booksfrommexico.com\/es\/producto\/los-popolocas-de-tecamachalco-quecholac-historia-cultura-y-sociedad-de-un-senorio-prehispanico\/#primaryimage","url":"https:\/\/booksfrommexico.com\/app\/uploads\/2023\/05\/122037.jpeg","contentUrl":"https:\/\/booksfrommexico.com\/app\/uploads\/2023\/05\/122037.jpeg","width":1025,"height":1620},{"@type":"BreadcrumbList","@id":"https:\/\/booksfrommexico.com\/es\/producto\/los-popolocas-de-tecamachalco-quecholac-historia-cultura-y-sociedad-de-un-senorio-prehispanico\/#breadcrumb","itemListElement":[{"@type":"ListItem","position":1,"name":"Home","item":"https:\/\/booksfrommexico.com\/es\/"},{"@type":"ListItem","position":2,"name":"Libros","item":"https:\/\/booksfrommexico.com\/es\/libros\/"},{"@type":"ListItem","position":3,"name":"Los popolocas de Tecamachalco-Quecholac: Historia, cultura y sociedad de un se\u00f1or\u00edo prehisp\u00e1nico"}]},{"@type":"WebSite","@id":"https:\/\/booksfrommexico.com\/#website","url":"https:\/\/booksfrommexico.com\/","name":"Books From Mexico","description":"","publisher":{"@id":"https:\/\/booksfrommexico.com\/#organization"},"potentialAction":[{"@type":"SearchAction","target":{"@type":"EntryPoint","urlTemplate":"https:\/\/booksfrommexico.com\/?s={search_term_string}"},"query-input":{"@type":"PropertyValueSpecification","valueRequired":true,"valueName":"search_term_string"}}],"inLanguage":"es"},{"@type":"Organization","@id":"https:\/\/booksfrommexico.com\/#organization","name":"Books From Mexico","url":"https:\/\/booksfrommexico.com\/","logo":{"@type":"ImageObject","inLanguage":"es","@id":"https:\/\/booksfrommexico.com\/#\/schema\/logo\/image\/","url":"https:\/\/booksfrommexico.com\/app\/uploads\/2023\/05\/logo-booksfrommexico.svg","contentUrl":"https:\/\/booksfrommexico.com\/app\/uploads\/2023\/05\/logo-booksfrommexico.svg","width":86,"height":56,"caption":"Books From Mexico"},"image":{"@id":"https:\/\/booksfrommexico.com\/#\/schema\/logo\/image\/"}}]}},"_links":{"self":[{"href":"https:\/\/booksfrommexico.com\/es\/wp-json\/wp\/v2\/product\/266","targetHints":{"allow":["GET"]}}],"collection":[{"href":"https:\/\/booksfrommexico.com\/es\/wp-json\/wp\/v2\/product"}],"about":[{"href":"https:\/\/booksfrommexico.com\/es\/wp-json\/wp\/v2\/types\/product"}],"wp:featuredmedia":[{"embeddable":true,"href":"https:\/\/booksfrommexico.com\/es\/wp-json\/wp\/v2\/media\/265"}],"wp:attachment":[{"href":"https:\/\/booksfrommexico.com\/es\/wp-json\/wp\/v2\/media?parent=266"}],"wp:term":[{"taxonomy":"product_brand","embeddable":true,"href":"https:\/\/booksfrommexico.com\/es\/wp-json\/wp\/v2\/product_brand?post=266"},{"taxonomy":"product_cat","embeddable":true,"href":"https:\/\/booksfrommexico.com\/es\/wp-json\/wp\/v2\/product_cat?post=266"},{"taxonomy":"product_tag","embeddable":true,"href":"https:\/\/booksfrommexico.com\/es\/wp-json\/wp\/v2\/product_tag?post=266"}],"curies":[{"name":"wp","href":"https:\/\/api.w.org\/{rel}","templated":true}]}}