{"id":270,"date":"2023-05-08T17:00:03","date_gmt":"2023-05-08T17:00:03","guid":{"rendered":"http:\/\/booksfrommexico.com\/product\/un-mito-de-creacion-zapoteca-en-las-pinturas-rupestres-de-dani-guiaati-asuncion-ixtaltepec-oaxaca\/"},"modified":"2025-03-01T00:06:19","modified_gmt":"2025-03-01T00:06:19","slug":"un-mito-de-creacion-zapoteca-en-las-pinturas-rupestres-de-dani-guiaati-asuncion-ixtaltepec-oaxaca","status":"publish","type":"product","link":"https:\/\/booksfrommexico.com\/es\/producto\/un-mito-de-creacion-zapoteca-en-las-pinturas-rupestres-de-dani-guiaati-asuncion-ixtaltepec-oaxaca\/","title":{"rendered":"Un mito de creaci\u00f3n zapoteca en las pinturas rupestres de Dani Gu\u00edaati: Asunci\u00f3n Ixtaltepec Oaxaca"},"content":{"rendered":"<p id=\"tw-target-text\" class=\"tw-data-text tw-text-large tw-ta\" dir=\"ltr\" data-placeholder=\"Traducci\u00f3n\" data-ved=\"2ahUKEwjP46Sks56DAxXQKkQIHTpiBVwQ3ewLegQIBRAQ\"><span style=\"font-weight: 400;\">El estudio de pinturas rupestres en el estado de Oaxaca a\u00fan est\u00e1 en v\u00edas de sistematizarse, en pro de ello el arque\u00f3logo Roberto Z\u00e1rate presenta aqu\u00ed una importante aportaci\u00f3n a este ramo de la investigaci\u00f3n con su estudio de las pinturas rupestres de Dani Gu\u00edaati. En este minucioso an\u00e1lisis de los contenidos pictogr\u00e1ficos que dejaron pobladores zapotecos siglos antes de la llegada de los espa\u00f1oles, el autor recurre a una amplia gama de fuentes auxiliares para interpretar los s\u00edmbolos de Dani Gu\u00edaati. Esta investigaci\u00f3n presenta la\u00a0 interpretaci\u00f3n de\u00a0 s\u00edmbolos en pinturas especialmente vinculados a la cultura zapoteca actual con conceptos y materiales prehisp\u00e1nicos.<\/span><\/p>\n","protected":false},"excerpt":{"rendered":"<p>UN MITO DE CREACI\u00d3N ZAPOTECA EN LAS PINTURAS RUPESTRES DE DANI GU\u00cfAATI : ASUNCI\u00d3N IXTALTEPEC OAXACA<span style=\"font-weight: 400;\">. \/ Roberto Z\u00e1rate Mor\u00e1n. Oaxaca, M\u00e9xico : Consejo Nacional para la Cultura y las Artes ,\u00a0 Instituto Nacional de Antropolog\u00eda e Historia , Centro INAH Oaxaca ; Casa del Pueblo Centenario ; Asunci\u00f3n Ixtaltepec Oaxaca, 2003. 128 pages : includes maps, illustrations, notes, color photos, bibliography ; 22 cm.\u00a0<\/span><\/p>\n","protected":false},"featured_media":269,"template":"","meta":{"_acf_changed":false,"inline_featured_image":false},"product_brand":[],"product_cat":[19,66],"product_tag":[3777,4039,4223,3797,4523,4475],"class_list":{"0":"post-270","1":"product","2":"type-product","3":"status-publish","4":"has-post-thumbnail","6":"product_cat-antropologia","7":"product_cat-sociocultural","8":"product_tag-arte-indigena","9":"product_tag-cosmovision","10":"product_tag-mitos-y-leyendas","11":"product_tag-oaxaca-mexico","12":"product_tag-pintura-rupestre","13":"product_tag-restos-arqueologicos","15":"first","16":"outofstock","17":"sale","18":"taxable","19":"shipping-taxable","20":"purchasable","21":"product-type-simple"},"acf":[],"yoast_head":"<!-- This site is optimized with the Yoast SEO plugin v27.3 - https:\/\/yoast.com\/product\/yoast-seo-wordpress\/ -->\n<title>Un mito de creaci\u00f3n zapoteca en pinturas rupestres Dani Gu\u00edaati<\/title>\n<meta name=\"description\" content=\"UN MITO DE CREACI\u00d3N ZAPOTECA EN LAS PINTURAS RUPESTRES DE DANI GU\u00cfAATI : ASUNCI\u00d3N IXTALTEPEC OAXACA. \/ Roberto Z\u00e1rate Mor\u00e1n. Oaxaca, M\u00e9xico : INAH, 2003.\" \/>\n<meta name=\"robots\" content=\"index, follow, max-snippet:-1, max-image-preview:large, max-video-preview:-1\" \/>\n<link rel=\"canonical\" href=\"https:\/\/booksfrommexico.com\/es\/producto\/un-mito-de-creacion-zapoteca-en-las-pinturas-rupestres-de-dani-guiaati-asuncion-ixtaltepec-oaxaca\/\" \/>\n<meta property=\"og:locale\" content=\"es_ES\" \/>\n<meta property=\"og:type\" content=\"article\" \/>\n<meta property=\"og:title\" content=\"Un mito de creaci\u00f3n zapoteca en pinturas rupestres Dani Gu\u00edaati\" \/>\n<meta property=\"og:description\" content=\"UN MITO DE CREACI\u00d3N ZAPOTECA EN LAS PINTURAS RUPESTRES DE DANI GU\u00cfAATI : ASUNCI\u00d3N IXTALTEPEC OAXACA. \/ Roberto Z\u00e1rate Mor\u00e1n. Oaxaca, M\u00e9xico : INAH, 2003.\" \/>\n<meta property=\"og:url\" content=\"https:\/\/booksfrommexico.com\/es\/producto\/un-mito-de-creacion-zapoteca-en-las-pinturas-rupestres-de-dani-guiaati-asuncion-ixtaltepec-oaxaca\/\" \/>\n<meta property=\"og:site_name\" content=\"Books From Mexico\" \/>\n<meta property=\"article:modified_time\" content=\"2025-03-01T00:06:19+00:00\" \/>\n<meta property=\"og:image\" content=\"http:\/\/booksfrommexico.com\/app\/uploads\/2023\/05\/122067.jpeg\" \/>\n\t<meta property=\"og:image:width\" content=\"1025\" \/>\n\t<meta property=\"og:image:height\" content=\"1620\" \/>\n\t<meta property=\"og:image:type\" content=\"image\/jpeg\" \/>\n<meta name=\"twitter:card\" content=\"summary_large_image\" \/>\n<meta name=\"twitter:label1\" content=\"Tiempo de lectura\" \/>\n\t<meta name=\"twitter:data1\" content=\"1 minuto\" \/>\n<script type=\"application\/ld+json\" class=\"yoast-schema-graph\">{\"@context\":\"https:\\\/\\\/schema.org\",\"@graph\":[{\"@type\":\"WebPage\",\"@id\":\"https:\\\/\\\/booksfrommexico.com\\\/es\\\/producto\\\/un-mito-de-creacion-zapoteca-en-las-pinturas-rupestres-de-dani-guiaati-asuncion-ixtaltepec-oaxaca\\\/\",\"url\":\"https:\\\/\\\/booksfrommexico.com\\\/es\\\/producto\\\/un-mito-de-creacion-zapoteca-en-las-pinturas-rupestres-de-dani-guiaati-asuncion-ixtaltepec-oaxaca\\\/\",\"name\":\"Un mito de creaci\u00f3n zapoteca en pinturas rupestres Dani Gu\u00edaati\",\"isPartOf\":{\"@id\":\"https:\\\/\\\/booksfrommexico.com\\\/#website\"},\"primaryImageOfPage\":{\"@id\":\"https:\\\/\\\/booksfrommexico.com\\\/es\\\/producto\\\/un-mito-de-creacion-zapoteca-en-las-pinturas-rupestres-de-dani-guiaati-asuncion-ixtaltepec-oaxaca\\\/#primaryimage\"},\"image\":{\"@id\":\"https:\\\/\\\/booksfrommexico.com\\\/es\\\/producto\\\/un-mito-de-creacion-zapoteca-en-las-pinturas-rupestres-de-dani-guiaati-asuncion-ixtaltepec-oaxaca\\\/#primaryimage\"},\"thumbnailUrl\":\"https:\\\/\\\/booksfrommexico.com\\\/app\\\/uploads\\\/2023\\\/05\\\/122067.jpeg\",\"datePublished\":\"2023-05-08T17:00:03+00:00\",\"dateModified\":\"2025-03-01T00:06:19+00:00\",\"description\":\"UN MITO DE CREACI\u00d3N ZAPOTECA EN LAS PINTURAS RUPESTRES DE DANI GU\u00cfAATI : ASUNCI\u00d3N IXTALTEPEC OAXACA. \\\/ Roberto Z\u00e1rate Mor\u00e1n. Oaxaca, M\u00e9xico : INAH, 2003.\",\"breadcrumb\":{\"@id\":\"https:\\\/\\\/booksfrommexico.com\\\/es\\\/producto\\\/un-mito-de-creacion-zapoteca-en-las-pinturas-rupestres-de-dani-guiaati-asuncion-ixtaltepec-oaxaca\\\/#breadcrumb\"},\"inLanguage\":\"es\",\"potentialAction\":[{\"@type\":\"ReadAction\",\"target\":[\"https:\\\/\\\/booksfrommexico.com\\\/es\\\/producto\\\/un-mito-de-creacion-zapoteca-en-las-pinturas-rupestres-de-dani-guiaati-asuncion-ixtaltepec-oaxaca\\\/\"]}]},{\"@type\":\"ImageObject\",\"inLanguage\":\"es\",\"@id\":\"https:\\\/\\\/booksfrommexico.com\\\/es\\\/producto\\\/un-mito-de-creacion-zapoteca-en-las-pinturas-rupestres-de-dani-guiaati-asuncion-ixtaltepec-oaxaca\\\/#primaryimage\",\"url\":\"https:\\\/\\\/booksfrommexico.com\\\/app\\\/uploads\\\/2023\\\/05\\\/122067.jpeg\",\"contentUrl\":\"https:\\\/\\\/booksfrommexico.com\\\/app\\\/uploads\\\/2023\\\/05\\\/122067.jpeg\",\"width\":1025,\"height\":1620},{\"@type\":\"BreadcrumbList\",\"@id\":\"https:\\\/\\\/booksfrommexico.com\\\/es\\\/producto\\\/un-mito-de-creacion-zapoteca-en-las-pinturas-rupestres-de-dani-guiaati-asuncion-ixtaltepec-oaxaca\\\/#breadcrumb\",\"itemListElement\":[{\"@type\":\"ListItem\",\"position\":1,\"name\":\"Home\",\"item\":\"https:\\\/\\\/booksfrommexico.com\\\/es\\\/\"},{\"@type\":\"ListItem\",\"position\":2,\"name\":\"Libros\",\"item\":\"https:\\\/\\\/booksfrommexico.com\\\/es\\\/libros\\\/\"},{\"@type\":\"ListItem\",\"position\":3,\"name\":\"Un mito de creaci\u00f3n zapoteca en las pinturas rupestres de Dani Gu\u00edaati: Asunci\u00f3n Ixtaltepec Oaxaca\"}]},{\"@type\":\"WebSite\",\"@id\":\"https:\\\/\\\/booksfrommexico.com\\\/#website\",\"url\":\"https:\\\/\\\/booksfrommexico.com\\\/\",\"name\":\"Books From Mexico\",\"description\":\"\",\"publisher\":{\"@id\":\"https:\\\/\\\/booksfrommexico.com\\\/#organization\"},\"potentialAction\":[{\"@type\":\"SearchAction\",\"target\":{\"@type\":\"EntryPoint\",\"urlTemplate\":\"https:\\\/\\\/booksfrommexico.com\\\/?s={search_term_string}\"},\"query-input\":{\"@type\":\"PropertyValueSpecification\",\"valueRequired\":true,\"valueName\":\"search_term_string\"}}],\"inLanguage\":\"es\"},{\"@type\":\"Organization\",\"@id\":\"https:\\\/\\\/booksfrommexico.com\\\/#organization\",\"name\":\"Books From Mexico\",\"url\":\"https:\\\/\\\/booksfrommexico.com\\\/\",\"logo\":{\"@type\":\"ImageObject\",\"inLanguage\":\"es\",\"@id\":\"https:\\\/\\\/booksfrommexico.com\\\/#\\\/schema\\\/logo\\\/image\\\/\",\"url\":\"https:\\\/\\\/booksfrommexico.com\\\/app\\\/uploads\\\/2023\\\/05\\\/logo-booksfrommexico.svg\",\"contentUrl\":\"https:\\\/\\\/booksfrommexico.com\\\/app\\\/uploads\\\/2023\\\/05\\\/logo-booksfrommexico.svg\",\"width\":86,\"height\":56,\"caption\":\"Books From Mexico\"},\"image\":{\"@id\":\"https:\\\/\\\/booksfrommexico.com\\\/#\\\/schema\\\/logo\\\/image\\\/\"}}]}<\/script>\n<!-- \/ Yoast SEO plugin. -->","yoast_head_json":{"title":"Un mito de creaci\u00f3n zapoteca en pinturas rupestres Dani Gu\u00edaati","description":"UN MITO DE CREACI\u00d3N ZAPOTECA EN LAS PINTURAS RUPESTRES DE DANI GU\u00cfAATI : ASUNCI\u00d3N IXTALTEPEC OAXACA. \/ Roberto Z\u00e1rate Mor\u00e1n. Oaxaca, M\u00e9xico : INAH, 2003.","robots":{"index":"index","follow":"follow","max-snippet":"max-snippet:-1","max-image-preview":"max-image-preview:large","max-video-preview":"max-video-preview:-1"},"canonical":"https:\/\/booksfrommexico.com\/es\/producto\/un-mito-de-creacion-zapoteca-en-las-pinturas-rupestres-de-dani-guiaati-asuncion-ixtaltepec-oaxaca\/","og_locale":"es_ES","og_type":"article","og_title":"Un mito de creaci\u00f3n zapoteca en pinturas rupestres Dani Gu\u00edaati","og_description":"UN MITO DE CREACI\u00d3N ZAPOTECA EN LAS PINTURAS RUPESTRES DE DANI GU\u00cfAATI : ASUNCI\u00d3N IXTALTEPEC OAXACA. \/ Roberto Z\u00e1rate Mor\u00e1n. Oaxaca, M\u00e9xico : INAH, 2003.","og_url":"https:\/\/booksfrommexico.com\/es\/producto\/un-mito-de-creacion-zapoteca-en-las-pinturas-rupestres-de-dani-guiaati-asuncion-ixtaltepec-oaxaca\/","og_site_name":"Books From Mexico","article_modified_time":"2025-03-01T00:06:19+00:00","og_image":[{"width":1025,"height":1620,"url":"http:\/\/booksfrommexico.com\/app\/uploads\/2023\/05\/122067.jpeg","type":"image\/jpeg"}],"twitter_card":"summary_large_image","twitter_misc":{"Tiempo de lectura":"1 minuto"},"schema":{"@context":"https:\/\/schema.org","@graph":[{"@type":"WebPage","@id":"https:\/\/booksfrommexico.com\/es\/producto\/un-mito-de-creacion-zapoteca-en-las-pinturas-rupestres-de-dani-guiaati-asuncion-ixtaltepec-oaxaca\/","url":"https:\/\/booksfrommexico.com\/es\/producto\/un-mito-de-creacion-zapoteca-en-las-pinturas-rupestres-de-dani-guiaati-asuncion-ixtaltepec-oaxaca\/","name":"Un mito de creaci\u00f3n zapoteca en pinturas rupestres Dani Gu\u00edaati","isPartOf":{"@id":"https:\/\/booksfrommexico.com\/#website"},"primaryImageOfPage":{"@id":"https:\/\/booksfrommexico.com\/es\/producto\/un-mito-de-creacion-zapoteca-en-las-pinturas-rupestres-de-dani-guiaati-asuncion-ixtaltepec-oaxaca\/#primaryimage"},"image":{"@id":"https:\/\/booksfrommexico.com\/es\/producto\/un-mito-de-creacion-zapoteca-en-las-pinturas-rupestres-de-dani-guiaati-asuncion-ixtaltepec-oaxaca\/#primaryimage"},"thumbnailUrl":"https:\/\/booksfrommexico.com\/app\/uploads\/2023\/05\/122067.jpeg","datePublished":"2023-05-08T17:00:03+00:00","dateModified":"2025-03-01T00:06:19+00:00","description":"UN MITO DE CREACI\u00d3N ZAPOTECA EN LAS PINTURAS RUPESTRES DE DANI GU\u00cfAATI : ASUNCI\u00d3N IXTALTEPEC OAXACA. \/ Roberto Z\u00e1rate Mor\u00e1n. Oaxaca, M\u00e9xico : INAH, 2003.","breadcrumb":{"@id":"https:\/\/booksfrommexico.com\/es\/producto\/un-mito-de-creacion-zapoteca-en-las-pinturas-rupestres-de-dani-guiaati-asuncion-ixtaltepec-oaxaca\/#breadcrumb"},"inLanguage":"es","potentialAction":[{"@type":"ReadAction","target":["https:\/\/booksfrommexico.com\/es\/producto\/un-mito-de-creacion-zapoteca-en-las-pinturas-rupestres-de-dani-guiaati-asuncion-ixtaltepec-oaxaca\/"]}]},{"@type":"ImageObject","inLanguage":"es","@id":"https:\/\/booksfrommexico.com\/es\/producto\/un-mito-de-creacion-zapoteca-en-las-pinturas-rupestres-de-dani-guiaati-asuncion-ixtaltepec-oaxaca\/#primaryimage","url":"https:\/\/booksfrommexico.com\/app\/uploads\/2023\/05\/122067.jpeg","contentUrl":"https:\/\/booksfrommexico.com\/app\/uploads\/2023\/05\/122067.jpeg","width":1025,"height":1620},{"@type":"BreadcrumbList","@id":"https:\/\/booksfrommexico.com\/es\/producto\/un-mito-de-creacion-zapoteca-en-las-pinturas-rupestres-de-dani-guiaati-asuncion-ixtaltepec-oaxaca\/#breadcrumb","itemListElement":[{"@type":"ListItem","position":1,"name":"Home","item":"https:\/\/booksfrommexico.com\/es\/"},{"@type":"ListItem","position":2,"name":"Libros","item":"https:\/\/booksfrommexico.com\/es\/libros\/"},{"@type":"ListItem","position":3,"name":"Un mito de creaci\u00f3n zapoteca en las pinturas rupestres de Dani Gu\u00edaati: Asunci\u00f3n Ixtaltepec Oaxaca"}]},{"@type":"WebSite","@id":"https:\/\/booksfrommexico.com\/#website","url":"https:\/\/booksfrommexico.com\/","name":"Books From Mexico","description":"","publisher":{"@id":"https:\/\/booksfrommexico.com\/#organization"},"potentialAction":[{"@type":"SearchAction","target":{"@type":"EntryPoint","urlTemplate":"https:\/\/booksfrommexico.com\/?s={search_term_string}"},"query-input":{"@type":"PropertyValueSpecification","valueRequired":true,"valueName":"search_term_string"}}],"inLanguage":"es"},{"@type":"Organization","@id":"https:\/\/booksfrommexico.com\/#organization","name":"Books From Mexico","url":"https:\/\/booksfrommexico.com\/","logo":{"@type":"ImageObject","inLanguage":"es","@id":"https:\/\/booksfrommexico.com\/#\/schema\/logo\/image\/","url":"https:\/\/booksfrommexico.com\/app\/uploads\/2023\/05\/logo-booksfrommexico.svg","contentUrl":"https:\/\/booksfrommexico.com\/app\/uploads\/2023\/05\/logo-booksfrommexico.svg","width":86,"height":56,"caption":"Books From Mexico"},"image":{"@id":"https:\/\/booksfrommexico.com\/#\/schema\/logo\/image\/"}}]}},"_links":{"self":[{"href":"https:\/\/booksfrommexico.com\/es\/wp-json\/wp\/v2\/product\/270","targetHints":{"allow":["GET"]}}],"collection":[{"href":"https:\/\/booksfrommexico.com\/es\/wp-json\/wp\/v2\/product"}],"about":[{"href":"https:\/\/booksfrommexico.com\/es\/wp-json\/wp\/v2\/types\/product"}],"wp:featuredmedia":[{"embeddable":true,"href":"https:\/\/booksfrommexico.com\/es\/wp-json\/wp\/v2\/media\/269"}],"wp:attachment":[{"href":"https:\/\/booksfrommexico.com\/es\/wp-json\/wp\/v2\/media?parent=270"}],"wp:term":[{"taxonomy":"product_brand","embeddable":true,"href":"https:\/\/booksfrommexico.com\/es\/wp-json\/wp\/v2\/product_brand?post=270"},{"taxonomy":"product_cat","embeddable":true,"href":"https:\/\/booksfrommexico.com\/es\/wp-json\/wp\/v2\/product_cat?post=270"},{"taxonomy":"product_tag","embeddable":true,"href":"https:\/\/booksfrommexico.com\/es\/wp-json\/wp\/v2\/product_tag?post=270"}],"curies":[{"name":"wp","href":"https:\/\/api.w.org\/{rel}","templated":true}]}}