{"id":272,"date":"2023-05-08T17:00:06","date_gmt":"2023-05-08T17:00:06","guid":{"rendered":"http:\/\/booksfrommexico.com\/product\/proposicion-de-lectura-del-lienzo-de-zacatepec-metodo-galarziano\/"},"modified":"2024-12-03T13:11:42","modified_gmt":"2024-12-03T13:11:42","slug":"proposicion-de-lectura-del-lienzo-de-zacatepec-metodo-galarziano","status":"publish","type":"product","link":"https:\/\/booksfrommexico.com\/es\/producto\/proposicion-de-lectura-del-lienzo-de-zacatepec-metodo-galarziano\/","title":{"rendered":"Lectura del Lienzo de Zacatepec: M\u00e9todo Galarziano"},"content":{"rendered":"<p><span style=\"font-weight: 400;\">Los especialistas europeos han afirmado que s\u00f3lo los puede llamarse escritura a la que fue creada con las letras del alfabeto griego y del abecedario latino, y que otros sistemas son intentos para llegar a la escritura con letras. Sin embargo, en la cultura mexicana, los antepasados \u201cescribieron pintado\u201d, esto significa que cada figura humana, de animales, plantas o cosas, es un texto que hay que leer.\u00a0 Tradicionalmente s\u00f3lo se hab\u00eda alcanzado a interpretar los c\u00f3dices mexicanos como que una misma imagen ten\u00eda distinto significado dependiendo del especialista que la interpretara. As\u00ed fue hasta que Joaqu\u00edn Galarza cre\u00f3 un m\u00e9todo cient\u00edfico para leer estos c\u00f3dices: es este m\u00e9todo el que se aplica para estudiar aqu\u00ed el Lienzo de Zacatepec.<\/span><\/p>\n","protected":false},"excerpt":{"rendered":"<p>PROPOSICI\u00d3N DE LECTURA DEL LIENZO DE ZACATEPEC : M\u00c9TODO GALARZIANO<span style=\"font-weight: 400;\">. \/ Andr\u00e9s Fern\u00e1ndez Gatica, Jos\u00e9 Alberto Figueroa Silvestre. Puebla, M\u00e9xico : Asociaci\u00f3n Anahuacayotl de Tlaxcalancingo, 2003. 106 pages : includes photos, tables, illustrations, maps, photos ; 23 cm.<\/span><\/p>\n<p>&nbsp;<\/p>\n","protected":false},"featured_media":271,"template":"","meta":{"_acf_changed":false,"inline_featured_image":false},"product_brand":[],"product_cat":[19,27,3342],"product_tag":[4521,3707,3907,3918,3797],"class_list":{"0":"post-272","1":"product","2":"type-product","3":"status-publish","4":"has-post-thumbnail","6":"product_cat-antropologia","7":"product_cat-historia","8":"product_cat-linguistica","9":"product_tag-codices","10":"product_tag-critica-e-interpretacion","11":"product_tag-manuscritos-mexicanos","12":"product_tag-mixtecos","13":"product_tag-oaxaca-mexico","15":"first","16":"outofstock","17":"sale","18":"taxable","19":"shipping-taxable","20":"purchasable","21":"product-type-simple"},"acf":[],"yoast_head":"<!-- This site is optimized with the Yoast SEO plugin v27.3 - https:\/\/yoast.com\/product\/yoast-seo-wordpress\/ -->\n<title>Lectura del Lienzo de Zacatepec: M\u00e9todo Galarziano<\/title>\n<meta name=\"description\" content=\"PROPOSICI\u00d3N DE LECTURA DEL LIENZO DE ZACATEPEC : M\u00c9TODO GALARZIANO. \/ Fern\u00e1ndez Gatica, Figueroa Silvestre. Asociaci\u00f3n Anahuacayotl de Tlaxcalancingo, 2003.\" \/>\n<meta name=\"robots\" content=\"index, follow, max-snippet:-1, max-image-preview:large, max-video-preview:-1\" \/>\n<link rel=\"canonical\" href=\"https:\/\/booksfrommexico.com\/es\/producto\/proposicion-de-lectura-del-lienzo-de-zacatepec-metodo-galarziano\/\" \/>\n<meta property=\"og:locale\" content=\"es_ES\" \/>\n<meta property=\"og:type\" content=\"article\" \/>\n<meta property=\"og:title\" content=\"Lectura del Lienzo de Zacatepec: M\u00e9todo Galarziano\" \/>\n<meta property=\"og:description\" content=\"PROPOSICI\u00d3N DE LECTURA DEL LIENZO DE ZACATEPEC : M\u00c9TODO GALARZIANO. \/ Fern\u00e1ndez Gatica, Figueroa Silvestre. Asociaci\u00f3n Anahuacayotl de Tlaxcalancingo, 2003.\" \/>\n<meta property=\"og:url\" content=\"https:\/\/booksfrommexico.com\/es\/producto\/proposicion-de-lectura-del-lienzo-de-zacatepec-metodo-galarziano\/\" \/>\n<meta property=\"og:site_name\" content=\"Books From Mexico\" \/>\n<meta property=\"article:modified_time\" content=\"2024-12-03T13:11:42+00:00\" \/>\n<meta property=\"og:image\" content=\"http:\/\/booksfrommexico.com\/app\/uploads\/2023\/05\/122069.jpeg\" \/>\n\t<meta property=\"og:image:width\" content=\"1025\" \/>\n\t<meta property=\"og:image:height\" content=\"1620\" \/>\n\t<meta property=\"og:image:type\" content=\"image\/jpeg\" \/>\n<meta name=\"twitter:card\" content=\"summary_large_image\" \/>\n<meta name=\"twitter:label1\" content=\"Tiempo de lectura\" \/>\n\t<meta name=\"twitter:data1\" content=\"1 minuto\" \/>\n<script type=\"application\/ld+json\" class=\"yoast-schema-graph\">{\"@context\":\"https:\\\/\\\/schema.org\",\"@graph\":[{\"@type\":\"WebPage\",\"@id\":\"https:\\\/\\\/booksfrommexico.com\\\/es\\\/producto\\\/proposicion-de-lectura-del-lienzo-de-zacatepec-metodo-galarziano\\\/\",\"url\":\"https:\\\/\\\/booksfrommexico.com\\\/es\\\/producto\\\/proposicion-de-lectura-del-lienzo-de-zacatepec-metodo-galarziano\\\/\",\"name\":\"Lectura del Lienzo de Zacatepec: M\u00e9todo Galarziano\",\"isPartOf\":{\"@id\":\"https:\\\/\\\/booksfrommexico.com\\\/#website\"},\"primaryImageOfPage\":{\"@id\":\"https:\\\/\\\/booksfrommexico.com\\\/es\\\/producto\\\/proposicion-de-lectura-del-lienzo-de-zacatepec-metodo-galarziano\\\/#primaryimage\"},\"image\":{\"@id\":\"https:\\\/\\\/booksfrommexico.com\\\/es\\\/producto\\\/proposicion-de-lectura-del-lienzo-de-zacatepec-metodo-galarziano\\\/#primaryimage\"},\"thumbnailUrl\":\"https:\\\/\\\/booksfrommexico.com\\\/app\\\/uploads\\\/2023\\\/05\\\/122069.jpeg\",\"datePublished\":\"2023-05-08T17:00:06+00:00\",\"dateModified\":\"2024-12-03T13:11:42+00:00\",\"description\":\"PROPOSICI\u00d3N DE LECTURA DEL LIENZO DE ZACATEPEC : M\u00c9TODO GALARZIANO. \\\/ Fern\u00e1ndez Gatica, Figueroa Silvestre. Asociaci\u00f3n Anahuacayotl de Tlaxcalancingo, 2003.\",\"breadcrumb\":{\"@id\":\"https:\\\/\\\/booksfrommexico.com\\\/es\\\/producto\\\/proposicion-de-lectura-del-lienzo-de-zacatepec-metodo-galarziano\\\/#breadcrumb\"},\"inLanguage\":\"es\",\"potentialAction\":[{\"@type\":\"ReadAction\",\"target\":[\"https:\\\/\\\/booksfrommexico.com\\\/es\\\/producto\\\/proposicion-de-lectura-del-lienzo-de-zacatepec-metodo-galarziano\\\/\"]}]},{\"@type\":\"ImageObject\",\"inLanguage\":\"es\",\"@id\":\"https:\\\/\\\/booksfrommexico.com\\\/es\\\/producto\\\/proposicion-de-lectura-del-lienzo-de-zacatepec-metodo-galarziano\\\/#primaryimage\",\"url\":\"https:\\\/\\\/booksfrommexico.com\\\/app\\\/uploads\\\/2023\\\/05\\\/122069.jpeg\",\"contentUrl\":\"https:\\\/\\\/booksfrommexico.com\\\/app\\\/uploads\\\/2023\\\/05\\\/122069.jpeg\",\"width\":1025,\"height\":1620},{\"@type\":\"BreadcrumbList\",\"@id\":\"https:\\\/\\\/booksfrommexico.com\\\/es\\\/producto\\\/proposicion-de-lectura-del-lienzo-de-zacatepec-metodo-galarziano\\\/#breadcrumb\",\"itemListElement\":[{\"@type\":\"ListItem\",\"position\":1,\"name\":\"Home\",\"item\":\"https:\\\/\\\/booksfrommexico.com\\\/es\\\/\"},{\"@type\":\"ListItem\",\"position\":2,\"name\":\"Libros\",\"item\":\"https:\\\/\\\/booksfrommexico.com\\\/es\\\/libros\\\/\"},{\"@type\":\"ListItem\",\"position\":3,\"name\":\"Lectura del Lienzo de Zacatepec: M\u00e9todo Galarziano\"}]},{\"@type\":\"WebSite\",\"@id\":\"https:\\\/\\\/booksfrommexico.com\\\/#website\",\"url\":\"https:\\\/\\\/booksfrommexico.com\\\/\",\"name\":\"Books From Mexico\",\"description\":\"\",\"publisher\":{\"@id\":\"https:\\\/\\\/booksfrommexico.com\\\/#organization\"},\"potentialAction\":[{\"@type\":\"SearchAction\",\"target\":{\"@type\":\"EntryPoint\",\"urlTemplate\":\"https:\\\/\\\/booksfrommexico.com\\\/?s={search_term_string}\"},\"query-input\":{\"@type\":\"PropertyValueSpecification\",\"valueRequired\":true,\"valueName\":\"search_term_string\"}}],\"inLanguage\":\"es\"},{\"@type\":\"Organization\",\"@id\":\"https:\\\/\\\/booksfrommexico.com\\\/#organization\",\"name\":\"Books From Mexico\",\"url\":\"https:\\\/\\\/booksfrommexico.com\\\/\",\"logo\":{\"@type\":\"ImageObject\",\"inLanguage\":\"es\",\"@id\":\"https:\\\/\\\/booksfrommexico.com\\\/#\\\/schema\\\/logo\\\/image\\\/\",\"url\":\"https:\\\/\\\/booksfrommexico.com\\\/app\\\/uploads\\\/2023\\\/05\\\/logo-booksfrommexico.svg\",\"contentUrl\":\"https:\\\/\\\/booksfrommexico.com\\\/app\\\/uploads\\\/2023\\\/05\\\/logo-booksfrommexico.svg\",\"width\":86,\"height\":56,\"caption\":\"Books From Mexico\"},\"image\":{\"@id\":\"https:\\\/\\\/booksfrommexico.com\\\/#\\\/schema\\\/logo\\\/image\\\/\"}}]}<\/script>\n<!-- \/ Yoast SEO plugin. -->","yoast_head_json":{"title":"Lectura del Lienzo de Zacatepec: M\u00e9todo Galarziano","description":"PROPOSICI\u00d3N DE LECTURA DEL LIENZO DE ZACATEPEC : M\u00c9TODO GALARZIANO. \/ Fern\u00e1ndez Gatica, Figueroa Silvestre. Asociaci\u00f3n Anahuacayotl de Tlaxcalancingo, 2003.","robots":{"index":"index","follow":"follow","max-snippet":"max-snippet:-1","max-image-preview":"max-image-preview:large","max-video-preview":"max-video-preview:-1"},"canonical":"https:\/\/booksfrommexico.com\/es\/producto\/proposicion-de-lectura-del-lienzo-de-zacatepec-metodo-galarziano\/","og_locale":"es_ES","og_type":"article","og_title":"Lectura del Lienzo de Zacatepec: M\u00e9todo Galarziano","og_description":"PROPOSICI\u00d3N DE LECTURA DEL LIENZO DE ZACATEPEC : M\u00c9TODO GALARZIANO. \/ Fern\u00e1ndez Gatica, Figueroa Silvestre. Asociaci\u00f3n Anahuacayotl de Tlaxcalancingo, 2003.","og_url":"https:\/\/booksfrommexico.com\/es\/producto\/proposicion-de-lectura-del-lienzo-de-zacatepec-metodo-galarziano\/","og_site_name":"Books From Mexico","article_modified_time":"2024-12-03T13:11:42+00:00","og_image":[{"width":1025,"height":1620,"url":"http:\/\/booksfrommexico.com\/app\/uploads\/2023\/05\/122069.jpeg","type":"image\/jpeg"}],"twitter_card":"summary_large_image","twitter_misc":{"Tiempo de lectura":"1 minuto"},"schema":{"@context":"https:\/\/schema.org","@graph":[{"@type":"WebPage","@id":"https:\/\/booksfrommexico.com\/es\/producto\/proposicion-de-lectura-del-lienzo-de-zacatepec-metodo-galarziano\/","url":"https:\/\/booksfrommexico.com\/es\/producto\/proposicion-de-lectura-del-lienzo-de-zacatepec-metodo-galarziano\/","name":"Lectura del Lienzo de Zacatepec: M\u00e9todo Galarziano","isPartOf":{"@id":"https:\/\/booksfrommexico.com\/#website"},"primaryImageOfPage":{"@id":"https:\/\/booksfrommexico.com\/es\/producto\/proposicion-de-lectura-del-lienzo-de-zacatepec-metodo-galarziano\/#primaryimage"},"image":{"@id":"https:\/\/booksfrommexico.com\/es\/producto\/proposicion-de-lectura-del-lienzo-de-zacatepec-metodo-galarziano\/#primaryimage"},"thumbnailUrl":"https:\/\/booksfrommexico.com\/app\/uploads\/2023\/05\/122069.jpeg","datePublished":"2023-05-08T17:00:06+00:00","dateModified":"2024-12-03T13:11:42+00:00","description":"PROPOSICI\u00d3N DE LECTURA DEL LIENZO DE ZACATEPEC : M\u00c9TODO GALARZIANO. \/ Fern\u00e1ndez Gatica, Figueroa Silvestre. Asociaci\u00f3n Anahuacayotl de Tlaxcalancingo, 2003.","breadcrumb":{"@id":"https:\/\/booksfrommexico.com\/es\/producto\/proposicion-de-lectura-del-lienzo-de-zacatepec-metodo-galarziano\/#breadcrumb"},"inLanguage":"es","potentialAction":[{"@type":"ReadAction","target":["https:\/\/booksfrommexico.com\/es\/producto\/proposicion-de-lectura-del-lienzo-de-zacatepec-metodo-galarziano\/"]}]},{"@type":"ImageObject","inLanguage":"es","@id":"https:\/\/booksfrommexico.com\/es\/producto\/proposicion-de-lectura-del-lienzo-de-zacatepec-metodo-galarziano\/#primaryimage","url":"https:\/\/booksfrommexico.com\/app\/uploads\/2023\/05\/122069.jpeg","contentUrl":"https:\/\/booksfrommexico.com\/app\/uploads\/2023\/05\/122069.jpeg","width":1025,"height":1620},{"@type":"BreadcrumbList","@id":"https:\/\/booksfrommexico.com\/es\/producto\/proposicion-de-lectura-del-lienzo-de-zacatepec-metodo-galarziano\/#breadcrumb","itemListElement":[{"@type":"ListItem","position":1,"name":"Home","item":"https:\/\/booksfrommexico.com\/es\/"},{"@type":"ListItem","position":2,"name":"Libros","item":"https:\/\/booksfrommexico.com\/es\/libros\/"},{"@type":"ListItem","position":3,"name":"Lectura del Lienzo de Zacatepec: M\u00e9todo Galarziano"}]},{"@type":"WebSite","@id":"https:\/\/booksfrommexico.com\/#website","url":"https:\/\/booksfrommexico.com\/","name":"Books From Mexico","description":"","publisher":{"@id":"https:\/\/booksfrommexico.com\/#organization"},"potentialAction":[{"@type":"SearchAction","target":{"@type":"EntryPoint","urlTemplate":"https:\/\/booksfrommexico.com\/?s={search_term_string}"},"query-input":{"@type":"PropertyValueSpecification","valueRequired":true,"valueName":"search_term_string"}}],"inLanguage":"es"},{"@type":"Organization","@id":"https:\/\/booksfrommexico.com\/#organization","name":"Books From Mexico","url":"https:\/\/booksfrommexico.com\/","logo":{"@type":"ImageObject","inLanguage":"es","@id":"https:\/\/booksfrommexico.com\/#\/schema\/logo\/image\/","url":"https:\/\/booksfrommexico.com\/app\/uploads\/2023\/05\/logo-booksfrommexico.svg","contentUrl":"https:\/\/booksfrommexico.com\/app\/uploads\/2023\/05\/logo-booksfrommexico.svg","width":86,"height":56,"caption":"Books From Mexico"},"image":{"@id":"https:\/\/booksfrommexico.com\/#\/schema\/logo\/image\/"}}]}},"_links":{"self":[{"href":"https:\/\/booksfrommexico.com\/es\/wp-json\/wp\/v2\/product\/272","targetHints":{"allow":["GET"]}}],"collection":[{"href":"https:\/\/booksfrommexico.com\/es\/wp-json\/wp\/v2\/product"}],"about":[{"href":"https:\/\/booksfrommexico.com\/es\/wp-json\/wp\/v2\/types\/product"}],"wp:featuredmedia":[{"embeddable":true,"href":"https:\/\/booksfrommexico.com\/es\/wp-json\/wp\/v2\/media\/271"}],"wp:attachment":[{"href":"https:\/\/booksfrommexico.com\/es\/wp-json\/wp\/v2\/media?parent=272"}],"wp:term":[{"taxonomy":"product_brand","embeddable":true,"href":"https:\/\/booksfrommexico.com\/es\/wp-json\/wp\/v2\/product_brand?post=272"},{"taxonomy":"product_cat","embeddable":true,"href":"https:\/\/booksfrommexico.com\/es\/wp-json\/wp\/v2\/product_cat?post=272"},{"taxonomy":"product_tag","embeddable":true,"href":"https:\/\/booksfrommexico.com\/es\/wp-json\/wp\/v2\/product_tag?post=272"}],"curies":[{"name":"wp","href":"https:\/\/api.w.org\/{rel}","templated":true}]}}