{"id":278,"date":"2023-05-08T17:00:14","date_gmt":"2023-05-08T17:00:14","guid":{"rendered":"http:\/\/booksfrommexico.com\/product\/la-musica-tradicional-de-guerrero\/"},"modified":"2025-12-21T20:33:59","modified_gmt":"2025-12-21T20:33:59","slug":"la-musica-tradicional-de-guerrero","status":"publish","type":"product","link":"https:\/\/booksfrommexico.com\/es\/producto\/la-musica-tradicional-de-guerrero\/","title":{"rendered":"La m\u00fasica tradicional de Guerrero"},"content":{"rendered":"<p><span style=\"font-weight: 400;\">\u00c9ste se trata de un manual que introduce al lector en una de las manifestaciones culturales de Chilpancingo: la m\u00fasica vern\u00e1cula; que a la par con sus artesan\u00edas, ha dado un signo de identificaci\u00f3n y, al mismo tiempo, especial distinci\u00f3n. El prop\u00f3sito de este t\u00edtulo es contribuir a preservar la identidad cultural del estado, as\u00ed como se pretende dar una visi\u00f3n general de la m\u00fasica tradicional guerrerense, tomando como punto de partida algunos textos que proponen diferentes teor\u00edas sobre el origen, las influencias y la evoluci\u00f3n que ha experimentado este arte. Con este fin, se presenta un cancionero y un CD que contiene m\u00fasica tradicional guerrerense.<\/span><\/p>\n","protected":false},"excerpt":{"rendered":"<p>LA M\u00daSICA TRADICIONAL DE GUERRERO<span style=\"font-weight: 400;\">. \/ Francisco Arroyo Matus. Chilpancingo, Guerrero, M\u00e9xico : Universidad Aut\u00f3noma de Guerrero, 2002. 68 pages : includes song book, CD ; 21 cm. <\/span><\/p>\n","protected":false},"featured_media":277,"template":"","meta":{"_acf_changed":false,"inline_featured_image":false},"product_brand":[],"product_cat":[790,325,4493],"product_tag":[3920,3924,3880,3922,4496],"class_list":{"0":"post-278","1":"product","2":"type-product","3":"status-publish","4":"has-post-thumbnail","6":"product_cat-arte-y-sociedad-arte","7":"product_cat-musica","8":"product_cat-partituras-y-manuales","9":"product_tag-cultura-popular","10":"product_tag-guerrero-mexico","11":"product_tag-identidad-cultural","12":"product_tag-musica","13":"product_tag-musica-tradicional","15":"first","16":"outofstock","17":"sale","18":"taxable","19":"shipping-taxable","20":"purchasable","21":"product-type-simple"},"acf":[],"yoast_head":"<!-- This site is optimized with the Yoast SEO plugin v27.3 - https:\/\/yoast.com\/product\/yoast-seo-wordpress\/ -->\n<title>La m\u00fasica tradicional de Guerrero<\/title>\n<meta name=\"description\" content=\"LA M\u00daSICA TRADICIONAL DE GUERRERO. \/ Francisco Arroyo Matus. Chilpancingo, Guerrero, M\u00e9xico : Universidad Aut\u00f3noma de Guerrero, 2002.\" \/>\n<meta name=\"robots\" content=\"index, follow, max-snippet:-1, max-image-preview:large, max-video-preview:-1\" \/>\n<link rel=\"canonical\" href=\"https:\/\/booksfrommexico.com\/es\/producto\/la-musica-tradicional-de-guerrero\/\" \/>\n<meta property=\"og:locale\" content=\"es_ES\" \/>\n<meta property=\"og:type\" content=\"article\" \/>\n<meta property=\"og:title\" content=\"La m\u00fasica tradicional de Guerrero\" \/>\n<meta property=\"og:description\" content=\"LA M\u00daSICA TRADICIONAL DE GUERRERO. \/ Francisco Arroyo Matus. Chilpancingo, Guerrero, M\u00e9xico : Universidad Aut\u00f3noma de Guerrero, 2002.\" \/>\n<meta property=\"og:url\" content=\"https:\/\/booksfrommexico.com\/es\/producto\/la-musica-tradicional-de-guerrero\/\" \/>\n<meta property=\"og:site_name\" content=\"Books From Mexico\" \/>\n<meta property=\"article:modified_time\" content=\"2025-12-21T20:33:59+00:00\" \/>\n<meta property=\"og:image\" content=\"http:\/\/booksfrommexico.com\/app\/uploads\/2023\/05\/122593.jpeg\" \/>\n\t<meta property=\"og:image:width\" content=\"1032\" \/>\n\t<meta property=\"og:image:height\" content=\"1637\" \/>\n\t<meta property=\"og:image:type\" content=\"image\/jpeg\" \/>\n<meta name=\"twitter:card\" content=\"summary_large_image\" \/>\n<meta name=\"twitter:label1\" content=\"Tiempo de lectura\" \/>\n\t<meta name=\"twitter:data1\" content=\"1 minuto\" \/>\n<script type=\"application\/ld+json\" class=\"yoast-schema-graph\">{\"@context\":\"https:\\\/\\\/schema.org\",\"@graph\":[{\"@type\":\"WebPage\",\"@id\":\"https:\\\/\\\/booksfrommexico.com\\\/es\\\/producto\\\/la-musica-tradicional-de-guerrero\\\/\",\"url\":\"https:\\\/\\\/booksfrommexico.com\\\/es\\\/producto\\\/la-musica-tradicional-de-guerrero\\\/\",\"name\":\"La m\u00fasica tradicional de Guerrero\",\"isPartOf\":{\"@id\":\"https:\\\/\\\/booksfrommexico.com\\\/#website\"},\"primaryImageOfPage\":{\"@id\":\"https:\\\/\\\/booksfrommexico.com\\\/es\\\/producto\\\/la-musica-tradicional-de-guerrero\\\/#primaryimage\"},\"image\":{\"@id\":\"https:\\\/\\\/booksfrommexico.com\\\/es\\\/producto\\\/la-musica-tradicional-de-guerrero\\\/#primaryimage\"},\"thumbnailUrl\":\"https:\\\/\\\/booksfrommexico.com\\\/app\\\/uploads\\\/2023\\\/05\\\/122593.jpeg\",\"datePublished\":\"2023-05-08T17:00:14+00:00\",\"dateModified\":\"2025-12-21T20:33:59+00:00\",\"description\":\"LA M\u00daSICA TRADICIONAL DE GUERRERO. \\\/ Francisco Arroyo Matus. Chilpancingo, Guerrero, M\u00e9xico : Universidad Aut\u00f3noma de Guerrero, 2002.\",\"breadcrumb\":{\"@id\":\"https:\\\/\\\/booksfrommexico.com\\\/es\\\/producto\\\/la-musica-tradicional-de-guerrero\\\/#breadcrumb\"},\"inLanguage\":\"es\",\"potentialAction\":[{\"@type\":\"ReadAction\",\"target\":[\"https:\\\/\\\/booksfrommexico.com\\\/es\\\/producto\\\/la-musica-tradicional-de-guerrero\\\/\"]}]},{\"@type\":\"ImageObject\",\"inLanguage\":\"es\",\"@id\":\"https:\\\/\\\/booksfrommexico.com\\\/es\\\/producto\\\/la-musica-tradicional-de-guerrero\\\/#primaryimage\",\"url\":\"https:\\\/\\\/booksfrommexico.com\\\/app\\\/uploads\\\/2023\\\/05\\\/122593.jpeg\",\"contentUrl\":\"https:\\\/\\\/booksfrommexico.com\\\/app\\\/uploads\\\/2023\\\/05\\\/122593.jpeg\",\"width\":1032,\"height\":1637},{\"@type\":\"BreadcrumbList\",\"@id\":\"https:\\\/\\\/booksfrommexico.com\\\/es\\\/producto\\\/la-musica-tradicional-de-guerrero\\\/#breadcrumb\",\"itemListElement\":[{\"@type\":\"ListItem\",\"position\":1,\"name\":\"Home\",\"item\":\"https:\\\/\\\/booksfrommexico.com\\\/es\\\/\"},{\"@type\":\"ListItem\",\"position\":2,\"name\":\"Libros\",\"item\":\"https:\\\/\\\/booksfrommexico.com\\\/es\\\/libros\\\/\"},{\"@type\":\"ListItem\",\"position\":3,\"name\":\"La m\u00fasica tradicional de Guerrero\"}]},{\"@type\":\"WebSite\",\"@id\":\"https:\\\/\\\/booksfrommexico.com\\\/#website\",\"url\":\"https:\\\/\\\/booksfrommexico.com\\\/\",\"name\":\"Books From Mexico\",\"description\":\"\",\"publisher\":{\"@id\":\"https:\\\/\\\/booksfrommexico.com\\\/#organization\"},\"potentialAction\":[{\"@type\":\"SearchAction\",\"target\":{\"@type\":\"EntryPoint\",\"urlTemplate\":\"https:\\\/\\\/booksfrommexico.com\\\/?s={search_term_string}\"},\"query-input\":{\"@type\":\"PropertyValueSpecification\",\"valueRequired\":true,\"valueName\":\"search_term_string\"}}],\"inLanguage\":\"es\"},{\"@type\":\"Organization\",\"@id\":\"https:\\\/\\\/booksfrommexico.com\\\/#organization\",\"name\":\"Books From Mexico\",\"url\":\"https:\\\/\\\/booksfrommexico.com\\\/\",\"logo\":{\"@type\":\"ImageObject\",\"inLanguage\":\"es\",\"@id\":\"https:\\\/\\\/booksfrommexico.com\\\/#\\\/schema\\\/logo\\\/image\\\/\",\"url\":\"https:\\\/\\\/booksfrommexico.com\\\/app\\\/uploads\\\/2023\\\/05\\\/logo-booksfrommexico.svg\",\"contentUrl\":\"https:\\\/\\\/booksfrommexico.com\\\/app\\\/uploads\\\/2023\\\/05\\\/logo-booksfrommexico.svg\",\"width\":86,\"height\":56,\"caption\":\"Books From Mexico\"},\"image\":{\"@id\":\"https:\\\/\\\/booksfrommexico.com\\\/#\\\/schema\\\/logo\\\/image\\\/\"}}]}<\/script>\n<!-- \/ Yoast SEO plugin. -->","yoast_head_json":{"title":"La m\u00fasica tradicional de Guerrero","description":"LA M\u00daSICA TRADICIONAL DE GUERRERO. \/ Francisco Arroyo Matus. Chilpancingo, Guerrero, M\u00e9xico : Universidad Aut\u00f3noma de Guerrero, 2002.","robots":{"index":"index","follow":"follow","max-snippet":"max-snippet:-1","max-image-preview":"max-image-preview:large","max-video-preview":"max-video-preview:-1"},"canonical":"https:\/\/booksfrommexico.com\/es\/producto\/la-musica-tradicional-de-guerrero\/","og_locale":"es_ES","og_type":"article","og_title":"La m\u00fasica tradicional de Guerrero","og_description":"LA M\u00daSICA TRADICIONAL DE GUERRERO. \/ Francisco Arroyo Matus. Chilpancingo, Guerrero, M\u00e9xico : Universidad Aut\u00f3noma de Guerrero, 2002.","og_url":"https:\/\/booksfrommexico.com\/es\/producto\/la-musica-tradicional-de-guerrero\/","og_site_name":"Books From Mexico","article_modified_time":"2025-12-21T20:33:59+00:00","og_image":[{"width":1032,"height":1637,"url":"http:\/\/booksfrommexico.com\/app\/uploads\/2023\/05\/122593.jpeg","type":"image\/jpeg"}],"twitter_card":"summary_large_image","twitter_misc":{"Tiempo de lectura":"1 minuto"},"schema":{"@context":"https:\/\/schema.org","@graph":[{"@type":"WebPage","@id":"https:\/\/booksfrommexico.com\/es\/producto\/la-musica-tradicional-de-guerrero\/","url":"https:\/\/booksfrommexico.com\/es\/producto\/la-musica-tradicional-de-guerrero\/","name":"La m\u00fasica tradicional de Guerrero","isPartOf":{"@id":"https:\/\/booksfrommexico.com\/#website"},"primaryImageOfPage":{"@id":"https:\/\/booksfrommexico.com\/es\/producto\/la-musica-tradicional-de-guerrero\/#primaryimage"},"image":{"@id":"https:\/\/booksfrommexico.com\/es\/producto\/la-musica-tradicional-de-guerrero\/#primaryimage"},"thumbnailUrl":"https:\/\/booksfrommexico.com\/app\/uploads\/2023\/05\/122593.jpeg","datePublished":"2023-05-08T17:00:14+00:00","dateModified":"2025-12-21T20:33:59+00:00","description":"LA M\u00daSICA TRADICIONAL DE GUERRERO. \/ Francisco Arroyo Matus. Chilpancingo, Guerrero, M\u00e9xico : Universidad Aut\u00f3noma de Guerrero, 2002.","breadcrumb":{"@id":"https:\/\/booksfrommexico.com\/es\/producto\/la-musica-tradicional-de-guerrero\/#breadcrumb"},"inLanguage":"es","potentialAction":[{"@type":"ReadAction","target":["https:\/\/booksfrommexico.com\/es\/producto\/la-musica-tradicional-de-guerrero\/"]}]},{"@type":"ImageObject","inLanguage":"es","@id":"https:\/\/booksfrommexico.com\/es\/producto\/la-musica-tradicional-de-guerrero\/#primaryimage","url":"https:\/\/booksfrommexico.com\/app\/uploads\/2023\/05\/122593.jpeg","contentUrl":"https:\/\/booksfrommexico.com\/app\/uploads\/2023\/05\/122593.jpeg","width":1032,"height":1637},{"@type":"BreadcrumbList","@id":"https:\/\/booksfrommexico.com\/es\/producto\/la-musica-tradicional-de-guerrero\/#breadcrumb","itemListElement":[{"@type":"ListItem","position":1,"name":"Home","item":"https:\/\/booksfrommexico.com\/es\/"},{"@type":"ListItem","position":2,"name":"Libros","item":"https:\/\/booksfrommexico.com\/es\/libros\/"},{"@type":"ListItem","position":3,"name":"La m\u00fasica tradicional de Guerrero"}]},{"@type":"WebSite","@id":"https:\/\/booksfrommexico.com\/#website","url":"https:\/\/booksfrommexico.com\/","name":"Books From Mexico","description":"","publisher":{"@id":"https:\/\/booksfrommexico.com\/#organization"},"potentialAction":[{"@type":"SearchAction","target":{"@type":"EntryPoint","urlTemplate":"https:\/\/booksfrommexico.com\/?s={search_term_string}"},"query-input":{"@type":"PropertyValueSpecification","valueRequired":true,"valueName":"search_term_string"}}],"inLanguage":"es"},{"@type":"Organization","@id":"https:\/\/booksfrommexico.com\/#organization","name":"Books From Mexico","url":"https:\/\/booksfrommexico.com\/","logo":{"@type":"ImageObject","inLanguage":"es","@id":"https:\/\/booksfrommexico.com\/#\/schema\/logo\/image\/","url":"https:\/\/booksfrommexico.com\/app\/uploads\/2023\/05\/logo-booksfrommexico.svg","contentUrl":"https:\/\/booksfrommexico.com\/app\/uploads\/2023\/05\/logo-booksfrommexico.svg","width":86,"height":56,"caption":"Books From Mexico"},"image":{"@id":"https:\/\/booksfrommexico.com\/#\/schema\/logo\/image\/"}}]}},"_links":{"self":[{"href":"https:\/\/booksfrommexico.com\/es\/wp-json\/wp\/v2\/product\/278","targetHints":{"allow":["GET"]}}],"collection":[{"href":"https:\/\/booksfrommexico.com\/es\/wp-json\/wp\/v2\/product"}],"about":[{"href":"https:\/\/booksfrommexico.com\/es\/wp-json\/wp\/v2\/types\/product"}],"wp:featuredmedia":[{"embeddable":true,"href":"https:\/\/booksfrommexico.com\/es\/wp-json\/wp\/v2\/media\/277"}],"wp:attachment":[{"href":"https:\/\/booksfrommexico.com\/es\/wp-json\/wp\/v2\/media?parent=278"}],"wp:term":[{"taxonomy":"product_brand","embeddable":true,"href":"https:\/\/booksfrommexico.com\/es\/wp-json\/wp\/v2\/product_brand?post=278"},{"taxonomy":"product_cat","embeddable":true,"href":"https:\/\/booksfrommexico.com\/es\/wp-json\/wp\/v2\/product_cat?post=278"},{"taxonomy":"product_tag","embeddable":true,"href":"https:\/\/booksfrommexico.com\/es\/wp-json\/wp\/v2\/product_tag?post=278"}],"curies":[{"name":"wp","href":"https:\/\/api.w.org\/{rel}","templated":true}]}}