{"id":280,"date":"2023-05-08T17:00:15","date_gmt":"2023-05-08T17:00:15","guid":{"rendered":"http:\/\/booksfrommexico.com\/product\/el-tecuan-una-danza-indigena-guerrerense-autoctona-y-tradicional-convertida-en-leyenda\/"},"modified":"2024-11-14T15:55:18","modified_gmt":"2024-11-14T15:55:18","slug":"el-tecuan-una-danza-indigena-guerrerense-autoctona-y-tradicional-convertida-en-leyenda","status":"publish","type":"product","link":"https:\/\/booksfrommexico.com\/es\/producto\/el-tecuan-una-danza-indigena-guerrerense-autoctona-y-tradicional-convertida-en-leyenda\/","title":{"rendered":"El Tecuan: Una danza ind\u00edgena guerrerense aut\u00f3ctona y tradicional convertida en leyenda"},"content":{"rendered":"<p><span style=\"font-weight: 400;\">Los tecuanes o la danza del tecu\u00e1n es una danza tradicional guerrerense de origen ind\u00edgena, principalmente n\u00e1huatl o mexica, llamada tambi\u00e9n \u201cDanza del Tigre\u201d; \u00e9sta ha predominado en varias regiones del Estado de Guerrero, pero principalmente en la Regi\u00f3n Norte. A lo largo de estas p\u00e1ginas \u2013y abonando a la historia cultural de esta zona\u2013, se exponen an\u00e9cdotas, entrevistas y contexto hist\u00f3rico de esta tradici\u00f3n. Asimismo, se explica el pre\u00e1mbulo hist\u00f3rico de esta danza, la estructura de la misma y c\u00f3mo es practicada en la actualidad. Acompa\u00f1ando a esto, se encuentra un glosario n\u00e1hualt y fotograf\u00edas del proceso, de la vestimenta y sus ejecutores.\u00a0<\/span><\/p>\n","protected":false},"excerpt":{"rendered":"<p>EL TECUAN : UNA DANZA IND\u00cdGENA GUERRERENSE AUT\u00d3CTONA Y TRADICIONAL CONVERTIDA EN LEYENDA<span style=\"font-weight: 400;\">. \/ Hugo Figueroa Salgado. Apaxtla de Castrej\u00f3n, Guerrero, M\u00e9xico : [Author], 2003. 77 pages :\u00a0 includes color photos, glossary ; 21 cm.<\/span><\/p>\n","protected":false},"featured_media":279,"template":"","meta":{"_acf_changed":false,"inline_featured_image":false},"product_brand":[],"product_cat":[3347,117],"product_tag":[4341,3859,3924,3607,3880,3795],"class_list":{"0":"post-280","1":"product","2":"type-product","3":"status-publish","4":"has-post-thumbnail","6":"product_cat-drama-danza-y-teatro","7":"product_cat-etnoantropolgia","8":"product_tag-cultura","9":"product_tag-danza","10":"product_tag-guerrero-mexico","11":"product_tag-historia-local","12":"product_tag-identidad-cultural","13":"product_tag-ritos-y-ceremonias","15":"first","16":"outofstock","17":"sale","18":"taxable","19":"shipping-taxable","20":"purchasable","21":"product-type-simple"},"acf":[],"yoast_head":"<!-- This site is optimized with the Yoast SEO plugin v27.2 - https:\/\/yoast.com\/product\/yoast-seo-wordpress\/ -->\n<title>El Tecuan: Una danza ind\u00edgena guerrerense aut\u00f3ctona y tradicional<\/title>\n<meta name=\"description\" content=\"EL TECUAN : UNA DANZA IND\u00cdGENA GUERRERENSE AUT\u00d3CTONA Y TRADICIONAL CONVERTIDA EN LEYENDA. \/ Hugo Figueroa Salgado. Apaxtla de Castrej\u00f3n, Guerrero, 2003.\" \/>\n<meta name=\"robots\" content=\"index, follow, max-snippet:-1, max-image-preview:large, max-video-preview:-1\" \/>\n<link rel=\"canonical\" href=\"https:\/\/booksfrommexico.com\/es\/producto\/el-tecuan-una-danza-indigena-guerrerense-autoctona-y-tradicional-convertida-en-leyenda\/\" \/>\n<meta property=\"og:locale\" content=\"es_ES\" \/>\n<meta property=\"og:type\" content=\"article\" \/>\n<meta property=\"og:title\" content=\"El Tecuan: Una danza ind\u00edgena guerrerense aut\u00f3ctona y tradicional\" \/>\n<meta property=\"og:description\" content=\"EL TECUAN : UNA DANZA IND\u00cdGENA GUERRERENSE AUT\u00d3CTONA Y TRADICIONAL CONVERTIDA EN LEYENDA. \/ Hugo Figueroa Salgado. Apaxtla de Castrej\u00f3n, Guerrero, 2003.\" \/>\n<meta property=\"og:url\" content=\"https:\/\/booksfrommexico.com\/es\/producto\/el-tecuan-una-danza-indigena-guerrerense-autoctona-y-tradicional-convertida-en-leyenda\/\" \/>\n<meta property=\"og:site_name\" content=\"Books From Mexico\" \/>\n<meta property=\"article:modified_time\" content=\"2024-11-14T15:55:18+00:00\" \/>\n<meta property=\"og:image\" content=\"http:\/\/booksfrommexico.com\/app\/uploads\/2023\/05\/122611.jpeg\" \/>\n\t<meta property=\"og:image:width\" content=\"398\" \/>\n\t<meta property=\"og:image:height\" content=\"617\" \/>\n\t<meta property=\"og:image:type\" content=\"image\/jpeg\" \/>\n<meta name=\"twitter:card\" content=\"summary_large_image\" \/>\n<meta name=\"twitter:label1\" content=\"Tiempo de lectura\" \/>\n\t<meta name=\"twitter:data1\" content=\"1 minuto\" \/>\n<script type=\"application\/ld+json\" class=\"yoast-schema-graph\">{\"@context\":\"https:\/\/schema.org\",\"@graph\":[{\"@type\":\"WebPage\",\"@id\":\"https:\/\/booksfrommexico.com\/es\/producto\/el-tecuan-una-danza-indigena-guerrerense-autoctona-y-tradicional-convertida-en-leyenda\/\",\"url\":\"https:\/\/booksfrommexico.com\/es\/producto\/el-tecuan-una-danza-indigena-guerrerense-autoctona-y-tradicional-convertida-en-leyenda\/\",\"name\":\"El Tecuan: Una danza ind\u00edgena guerrerense aut\u00f3ctona y tradicional\",\"isPartOf\":{\"@id\":\"https:\/\/booksfrommexico.com\/#website\"},\"primaryImageOfPage\":{\"@id\":\"https:\/\/booksfrommexico.com\/es\/producto\/el-tecuan-una-danza-indigena-guerrerense-autoctona-y-tradicional-convertida-en-leyenda\/#primaryimage\"},\"image\":{\"@id\":\"https:\/\/booksfrommexico.com\/es\/producto\/el-tecuan-una-danza-indigena-guerrerense-autoctona-y-tradicional-convertida-en-leyenda\/#primaryimage\"},\"thumbnailUrl\":\"https:\/\/booksfrommexico.com\/app\/uploads\/2023\/05\/122611.jpeg\",\"datePublished\":\"2023-05-08T17:00:15+00:00\",\"dateModified\":\"2024-11-14T15:55:18+00:00\",\"description\":\"EL TECUAN : UNA DANZA IND\u00cdGENA GUERRERENSE AUT\u00d3CTONA Y TRADICIONAL CONVERTIDA EN LEYENDA. \/ Hugo Figueroa Salgado. Apaxtla de Castrej\u00f3n, Guerrero, 2003.\",\"breadcrumb\":{\"@id\":\"https:\/\/booksfrommexico.com\/es\/producto\/el-tecuan-una-danza-indigena-guerrerense-autoctona-y-tradicional-convertida-en-leyenda\/#breadcrumb\"},\"inLanguage\":\"es\",\"potentialAction\":[{\"@type\":\"ReadAction\",\"target\":[\"https:\/\/booksfrommexico.com\/es\/producto\/el-tecuan-una-danza-indigena-guerrerense-autoctona-y-tradicional-convertida-en-leyenda\/\"]}]},{\"@type\":\"ImageObject\",\"inLanguage\":\"es\",\"@id\":\"https:\/\/booksfrommexico.com\/es\/producto\/el-tecuan-una-danza-indigena-guerrerense-autoctona-y-tradicional-convertida-en-leyenda\/#primaryimage\",\"url\":\"https:\/\/booksfrommexico.com\/app\/uploads\/2023\/05\/122611.jpeg\",\"contentUrl\":\"https:\/\/booksfrommexico.com\/app\/uploads\/2023\/05\/122611.jpeg\",\"width\":398,\"height\":617},{\"@type\":\"BreadcrumbList\",\"@id\":\"https:\/\/booksfrommexico.com\/es\/producto\/el-tecuan-una-danza-indigena-guerrerense-autoctona-y-tradicional-convertida-en-leyenda\/#breadcrumb\",\"itemListElement\":[{\"@type\":\"ListItem\",\"position\":1,\"name\":\"Home\",\"item\":\"https:\/\/booksfrommexico.com\/es\/\"},{\"@type\":\"ListItem\",\"position\":2,\"name\":\"Libros\",\"item\":\"https:\/\/booksfrommexico.com\/es\/libros\/\"},{\"@type\":\"ListItem\",\"position\":3,\"name\":\"El Tecuan: Una danza ind\u00edgena guerrerense aut\u00f3ctona y tradicional convertida en leyenda\"}]},{\"@type\":\"WebSite\",\"@id\":\"https:\/\/booksfrommexico.com\/#website\",\"url\":\"https:\/\/booksfrommexico.com\/\",\"name\":\"Books From Mexico\",\"description\":\"\",\"publisher\":{\"@id\":\"https:\/\/booksfrommexico.com\/#organization\"},\"potentialAction\":[{\"@type\":\"SearchAction\",\"target\":{\"@type\":\"EntryPoint\",\"urlTemplate\":\"https:\/\/booksfrommexico.com\/?s={search_term_string}\"},\"query-input\":{\"@type\":\"PropertyValueSpecification\",\"valueRequired\":true,\"valueName\":\"search_term_string\"}}],\"inLanguage\":\"es\"},{\"@type\":\"Organization\",\"@id\":\"https:\/\/booksfrommexico.com\/#organization\",\"name\":\"Books From Mexico\",\"url\":\"https:\/\/booksfrommexico.com\/\",\"logo\":{\"@type\":\"ImageObject\",\"inLanguage\":\"es\",\"@id\":\"https:\/\/booksfrommexico.com\/#\/schema\/logo\/image\/\",\"url\":\"https:\/\/booksfrommexico.com\/app\/uploads\/2023\/05\/logo-booksfrommexico.svg\",\"contentUrl\":\"https:\/\/booksfrommexico.com\/app\/uploads\/2023\/05\/logo-booksfrommexico.svg\",\"width\":86,\"height\":56,\"caption\":\"Books From Mexico\"},\"image\":{\"@id\":\"https:\/\/booksfrommexico.com\/#\/schema\/logo\/image\/\"}}]}<\/script>\n<!-- \/ Yoast SEO plugin. -->","yoast_head_json":{"title":"El Tecuan: Una danza ind\u00edgena guerrerense aut\u00f3ctona y tradicional","description":"EL TECUAN : UNA DANZA IND\u00cdGENA GUERRERENSE AUT\u00d3CTONA Y TRADICIONAL CONVERTIDA EN LEYENDA. \/ Hugo Figueroa Salgado. Apaxtla de Castrej\u00f3n, Guerrero, 2003.","robots":{"index":"index","follow":"follow","max-snippet":"max-snippet:-1","max-image-preview":"max-image-preview:large","max-video-preview":"max-video-preview:-1"},"canonical":"https:\/\/booksfrommexico.com\/es\/producto\/el-tecuan-una-danza-indigena-guerrerense-autoctona-y-tradicional-convertida-en-leyenda\/","og_locale":"es_ES","og_type":"article","og_title":"El Tecuan: Una danza ind\u00edgena guerrerense aut\u00f3ctona y tradicional","og_description":"EL TECUAN : UNA DANZA IND\u00cdGENA GUERRERENSE AUT\u00d3CTONA Y TRADICIONAL CONVERTIDA EN LEYENDA. \/ Hugo Figueroa Salgado. Apaxtla de Castrej\u00f3n, Guerrero, 2003.","og_url":"https:\/\/booksfrommexico.com\/es\/producto\/el-tecuan-una-danza-indigena-guerrerense-autoctona-y-tradicional-convertida-en-leyenda\/","og_site_name":"Books From Mexico","article_modified_time":"2024-11-14T15:55:18+00:00","og_image":[{"width":398,"height":617,"url":"http:\/\/booksfrommexico.com\/app\/uploads\/2023\/05\/122611.jpeg","type":"image\/jpeg"}],"twitter_card":"summary_large_image","twitter_misc":{"Tiempo de lectura":"1 minuto"},"schema":{"@context":"https:\/\/schema.org","@graph":[{"@type":"WebPage","@id":"https:\/\/booksfrommexico.com\/es\/producto\/el-tecuan-una-danza-indigena-guerrerense-autoctona-y-tradicional-convertida-en-leyenda\/","url":"https:\/\/booksfrommexico.com\/es\/producto\/el-tecuan-una-danza-indigena-guerrerense-autoctona-y-tradicional-convertida-en-leyenda\/","name":"El Tecuan: Una danza ind\u00edgena guerrerense aut\u00f3ctona y tradicional","isPartOf":{"@id":"https:\/\/booksfrommexico.com\/#website"},"primaryImageOfPage":{"@id":"https:\/\/booksfrommexico.com\/es\/producto\/el-tecuan-una-danza-indigena-guerrerense-autoctona-y-tradicional-convertida-en-leyenda\/#primaryimage"},"image":{"@id":"https:\/\/booksfrommexico.com\/es\/producto\/el-tecuan-una-danza-indigena-guerrerense-autoctona-y-tradicional-convertida-en-leyenda\/#primaryimage"},"thumbnailUrl":"https:\/\/booksfrommexico.com\/app\/uploads\/2023\/05\/122611.jpeg","datePublished":"2023-05-08T17:00:15+00:00","dateModified":"2024-11-14T15:55:18+00:00","description":"EL TECUAN : UNA DANZA IND\u00cdGENA GUERRERENSE AUT\u00d3CTONA Y TRADICIONAL CONVERTIDA EN LEYENDA. \/ Hugo Figueroa Salgado. Apaxtla de Castrej\u00f3n, Guerrero, 2003.","breadcrumb":{"@id":"https:\/\/booksfrommexico.com\/es\/producto\/el-tecuan-una-danza-indigena-guerrerense-autoctona-y-tradicional-convertida-en-leyenda\/#breadcrumb"},"inLanguage":"es","potentialAction":[{"@type":"ReadAction","target":["https:\/\/booksfrommexico.com\/es\/producto\/el-tecuan-una-danza-indigena-guerrerense-autoctona-y-tradicional-convertida-en-leyenda\/"]}]},{"@type":"ImageObject","inLanguage":"es","@id":"https:\/\/booksfrommexico.com\/es\/producto\/el-tecuan-una-danza-indigena-guerrerense-autoctona-y-tradicional-convertida-en-leyenda\/#primaryimage","url":"https:\/\/booksfrommexico.com\/app\/uploads\/2023\/05\/122611.jpeg","contentUrl":"https:\/\/booksfrommexico.com\/app\/uploads\/2023\/05\/122611.jpeg","width":398,"height":617},{"@type":"BreadcrumbList","@id":"https:\/\/booksfrommexico.com\/es\/producto\/el-tecuan-una-danza-indigena-guerrerense-autoctona-y-tradicional-convertida-en-leyenda\/#breadcrumb","itemListElement":[{"@type":"ListItem","position":1,"name":"Home","item":"https:\/\/booksfrommexico.com\/es\/"},{"@type":"ListItem","position":2,"name":"Libros","item":"https:\/\/booksfrommexico.com\/es\/libros\/"},{"@type":"ListItem","position":3,"name":"El Tecuan: Una danza ind\u00edgena guerrerense aut\u00f3ctona y tradicional convertida en leyenda"}]},{"@type":"WebSite","@id":"https:\/\/booksfrommexico.com\/#website","url":"https:\/\/booksfrommexico.com\/","name":"Books From Mexico","description":"","publisher":{"@id":"https:\/\/booksfrommexico.com\/#organization"},"potentialAction":[{"@type":"SearchAction","target":{"@type":"EntryPoint","urlTemplate":"https:\/\/booksfrommexico.com\/?s={search_term_string}"},"query-input":{"@type":"PropertyValueSpecification","valueRequired":true,"valueName":"search_term_string"}}],"inLanguage":"es"},{"@type":"Organization","@id":"https:\/\/booksfrommexico.com\/#organization","name":"Books From Mexico","url":"https:\/\/booksfrommexico.com\/","logo":{"@type":"ImageObject","inLanguage":"es","@id":"https:\/\/booksfrommexico.com\/#\/schema\/logo\/image\/","url":"https:\/\/booksfrommexico.com\/app\/uploads\/2023\/05\/logo-booksfrommexico.svg","contentUrl":"https:\/\/booksfrommexico.com\/app\/uploads\/2023\/05\/logo-booksfrommexico.svg","width":86,"height":56,"caption":"Books From Mexico"},"image":{"@id":"https:\/\/booksfrommexico.com\/#\/schema\/logo\/image\/"}}]}},"_links":{"self":[{"href":"https:\/\/booksfrommexico.com\/es\/wp-json\/wp\/v2\/product\/280","targetHints":{"allow":["GET"]}}],"collection":[{"href":"https:\/\/booksfrommexico.com\/es\/wp-json\/wp\/v2\/product"}],"about":[{"href":"https:\/\/booksfrommexico.com\/es\/wp-json\/wp\/v2\/types\/product"}],"wp:featuredmedia":[{"embeddable":true,"href":"https:\/\/booksfrommexico.com\/es\/wp-json\/wp\/v2\/media\/279"}],"wp:attachment":[{"href":"https:\/\/booksfrommexico.com\/es\/wp-json\/wp\/v2\/media?parent=280"}],"wp:term":[{"taxonomy":"product_brand","embeddable":true,"href":"https:\/\/booksfrommexico.com\/es\/wp-json\/wp\/v2\/product_brand?post=280"},{"taxonomy":"product_cat","embeddable":true,"href":"https:\/\/booksfrommexico.com\/es\/wp-json\/wp\/v2\/product_cat?post=280"},{"taxonomy":"product_tag","embeddable":true,"href":"https:\/\/booksfrommexico.com\/es\/wp-json\/wp\/v2\/product_tag?post=280"}],"curies":[{"name":"wp","href":"https:\/\/api.w.org\/{rel}","templated":true}]}}