{"id":282,"date":"2023-05-08T17:00:16","date_gmt":"2023-05-08T17:00:16","guid":{"rendered":"http:\/\/booksfrommexico.com\/product\/estampas-ferrocarrileras-fotografia-y-grabado-1860-1890\/"},"modified":"2024-10-02T23:26:43","modified_gmt":"2024-10-02T23:26:43","slug":"estampas-ferrocarrileras-fotografia-y-grabado-1860-1890","status":"publish","type":"product","link":"https:\/\/booksfrommexico.com\/es\/producto\/estampas-ferrocarrileras-fotografia-y-grabado-1860-1890\/","title":{"rendered":"Estampas ferrocarrileras: Fotograf\u00eda y grabado, 1860-1890"},"content":{"rendered":"<p><span style=\"font-weight: 400;\">Este es un recuento de problemas conceptuales e historiogr\u00e1ficos que surgieron en una investigaci\u00f3n m\u00e1s amplia sobre el ferrocarril en su primera fase de construcci\u00f3n en M\u00e9xico. Se eligi\u00f3 el lapso de 1860 a 1890 ya que las piezas trabajadas reflejan el periodo de promoci\u00f3n para la adopci\u00f3n del ferrocarril y porque estas im\u00e1genes aportan elementos peculiares sobre los medios de transporte y su relaci\u00f3n con la sociedad. Desde el punto de vista de un historiador y no de un fot\u00f3grafo, aqu\u00ed se recuperan una serie de fotos, ilustraciones y mapas sobre los inicios del ferrocarril en M\u00e9xico, as\u00ed como\u00a0 publicaciones cient\u00edficas y t\u00e9cnicas de temas ferroviarios.<\/span><\/p>\n","protected":false},"excerpt":{"rendered":"<p>ESTAMPAS FERROCARRILERAS : FOTOGRAF\u00cdA Y GRABADO, 1860-1890<span style=\"font-weight: 400;\">. \/ Fernando Aguayo Hern\u00e1ndez. M\u00e9xico, D.F. : Instituto de Investigaciones Dr. Jos\u00e9 Mar\u00eda Luis Mora, 2003. 165 pages : includes photos, illustrations, color maps, bibliography ; 21 cm. (Colecci\u00f3n Historia Social y Cultural). ISBN : 9706840834. <\/span><\/p>\n","protected":false},"featured_media":281,"template":"","meta":{"_acf_changed":false,"inline_featured_image":false},"product_brand":[],"product_cat":[87,165],"product_tag":[3926,4043,3657,4398,3594],"class_list":{"0":"post-282","1":"product","2":"type-product","3":"status-publish","4":"has-post-thumbnail","6":"product_cat-arte","7":"product_cat-fotografia-arte","8":"product_tag-ferrocarriles","9":"product_tag-fotografia","10":"product_tag-historia","11":"product_tag-historia-mexico","12":"product_tag-mexico","14":"first","15":"instock","16":"sale","17":"taxable","18":"shipping-taxable","19":"purchasable","20":"product-type-simple"},"acf":[],"yoast_head":"<!-- This site is optimized with the Yoast SEO plugin v27.3 - https:\/\/yoast.com\/product\/yoast-seo-wordpress\/ -->\n<title>Estampas ferrocarrileras: Fotograf\u00eda y grabado, 1860-1890<\/title>\n<meta name=\"description\" content=\"ESTAMPAS FERROCARRILERAS : FOTOGRAF\u00cdA Y GRABADO, 1860-1890. \/ Fernando Aguayo Hern\u00e1ndez. Instituto de Investigaciones Dr. Jos\u00e9 Mar\u00eda Luis Mora, 2003.\" \/>\n<meta name=\"robots\" content=\"index, follow, max-snippet:-1, max-image-preview:large, max-video-preview:-1\" \/>\n<link rel=\"canonical\" href=\"https:\/\/booksfrommexico.com\/es\/producto\/estampas-ferrocarrileras-fotografia-y-grabado-1860-1890\/\" \/>\n<meta property=\"og:locale\" content=\"es_ES\" \/>\n<meta property=\"og:type\" content=\"article\" \/>\n<meta property=\"og:title\" content=\"Estampas ferrocarrileras: Fotograf\u00eda y grabado, 1860-1890\" \/>\n<meta property=\"og:description\" content=\"ESTAMPAS FERROCARRILERAS : FOTOGRAF\u00cdA Y GRABADO, 1860-1890. \/ Fernando Aguayo Hern\u00e1ndez. Instituto de Investigaciones Dr. Jos\u00e9 Mar\u00eda Luis Mora, 2003.\" \/>\n<meta property=\"og:url\" content=\"https:\/\/booksfrommexico.com\/es\/producto\/estampas-ferrocarrileras-fotografia-y-grabado-1860-1890\/\" \/>\n<meta property=\"og:site_name\" content=\"Books From Mexico\" \/>\n<meta property=\"article:modified_time\" content=\"2024-10-02T23:26:43+00:00\" \/>\n<meta property=\"og:image\" content=\"http:\/\/booksfrommexico.com\/app\/uploads\/2023\/05\/122637.jpeg\" \/>\n\t<meta property=\"og:image:width\" content=\"564\" \/>\n\t<meta property=\"og:image:height\" content=\"756\" \/>\n\t<meta property=\"og:image:type\" content=\"image\/jpeg\" \/>\n<meta name=\"twitter:card\" content=\"summary_large_image\" \/>\n<meta name=\"twitter:label1\" content=\"Tiempo de lectura\" \/>\n\t<meta name=\"twitter:data1\" content=\"1 minuto\" \/>\n<script type=\"application\/ld+json\" class=\"yoast-schema-graph\">{\"@context\":\"https:\\\/\\\/schema.org\",\"@graph\":[{\"@type\":\"WebPage\",\"@id\":\"https:\\\/\\\/booksfrommexico.com\\\/es\\\/producto\\\/estampas-ferrocarrileras-fotografia-y-grabado-1860-1890\\\/\",\"url\":\"https:\\\/\\\/booksfrommexico.com\\\/es\\\/producto\\\/estampas-ferrocarrileras-fotografia-y-grabado-1860-1890\\\/\",\"name\":\"Estampas ferrocarrileras: Fotograf\u00eda y grabado, 1860-1890\",\"isPartOf\":{\"@id\":\"https:\\\/\\\/booksfrommexico.com\\\/#website\"},\"primaryImageOfPage\":{\"@id\":\"https:\\\/\\\/booksfrommexico.com\\\/es\\\/producto\\\/estampas-ferrocarrileras-fotografia-y-grabado-1860-1890\\\/#primaryimage\"},\"image\":{\"@id\":\"https:\\\/\\\/booksfrommexico.com\\\/es\\\/producto\\\/estampas-ferrocarrileras-fotografia-y-grabado-1860-1890\\\/#primaryimage\"},\"thumbnailUrl\":\"https:\\\/\\\/booksfrommexico.com\\\/app\\\/uploads\\\/2023\\\/05\\\/122637.jpeg\",\"datePublished\":\"2023-05-08T17:00:16+00:00\",\"dateModified\":\"2024-10-02T23:26:43+00:00\",\"description\":\"ESTAMPAS FERROCARRILERAS : FOTOGRAF\u00cdA Y GRABADO, 1860-1890. \\\/ Fernando Aguayo Hern\u00e1ndez. Instituto de Investigaciones Dr. Jos\u00e9 Mar\u00eda Luis Mora, 2003.\",\"breadcrumb\":{\"@id\":\"https:\\\/\\\/booksfrommexico.com\\\/es\\\/producto\\\/estampas-ferrocarrileras-fotografia-y-grabado-1860-1890\\\/#breadcrumb\"},\"inLanguage\":\"es\",\"potentialAction\":[{\"@type\":\"ReadAction\",\"target\":[\"https:\\\/\\\/booksfrommexico.com\\\/es\\\/producto\\\/estampas-ferrocarrileras-fotografia-y-grabado-1860-1890\\\/\"]}]},{\"@type\":\"ImageObject\",\"inLanguage\":\"es\",\"@id\":\"https:\\\/\\\/booksfrommexico.com\\\/es\\\/producto\\\/estampas-ferrocarrileras-fotografia-y-grabado-1860-1890\\\/#primaryimage\",\"url\":\"https:\\\/\\\/booksfrommexico.com\\\/app\\\/uploads\\\/2023\\\/05\\\/122637.jpeg\",\"contentUrl\":\"https:\\\/\\\/booksfrommexico.com\\\/app\\\/uploads\\\/2023\\\/05\\\/122637.jpeg\",\"width\":564,\"height\":756},{\"@type\":\"BreadcrumbList\",\"@id\":\"https:\\\/\\\/booksfrommexico.com\\\/es\\\/producto\\\/estampas-ferrocarrileras-fotografia-y-grabado-1860-1890\\\/#breadcrumb\",\"itemListElement\":[{\"@type\":\"ListItem\",\"position\":1,\"name\":\"Home\",\"item\":\"https:\\\/\\\/booksfrommexico.com\\\/es\\\/\"},{\"@type\":\"ListItem\",\"position\":2,\"name\":\"Libros\",\"item\":\"https:\\\/\\\/booksfrommexico.com\\\/es\\\/libros\\\/\"},{\"@type\":\"ListItem\",\"position\":3,\"name\":\"Estampas ferrocarrileras: Fotograf\u00eda y grabado, 1860-1890\"}]},{\"@type\":\"WebSite\",\"@id\":\"https:\\\/\\\/booksfrommexico.com\\\/#website\",\"url\":\"https:\\\/\\\/booksfrommexico.com\\\/\",\"name\":\"Books From Mexico\",\"description\":\"\",\"publisher\":{\"@id\":\"https:\\\/\\\/booksfrommexico.com\\\/#organization\"},\"potentialAction\":[{\"@type\":\"SearchAction\",\"target\":{\"@type\":\"EntryPoint\",\"urlTemplate\":\"https:\\\/\\\/booksfrommexico.com\\\/?s={search_term_string}\"},\"query-input\":{\"@type\":\"PropertyValueSpecification\",\"valueRequired\":true,\"valueName\":\"search_term_string\"}}],\"inLanguage\":\"es\"},{\"@type\":\"Organization\",\"@id\":\"https:\\\/\\\/booksfrommexico.com\\\/#organization\",\"name\":\"Books From Mexico\",\"url\":\"https:\\\/\\\/booksfrommexico.com\\\/\",\"logo\":{\"@type\":\"ImageObject\",\"inLanguage\":\"es\",\"@id\":\"https:\\\/\\\/booksfrommexico.com\\\/#\\\/schema\\\/logo\\\/image\\\/\",\"url\":\"https:\\\/\\\/booksfrommexico.com\\\/app\\\/uploads\\\/2023\\\/05\\\/logo-booksfrommexico.svg\",\"contentUrl\":\"https:\\\/\\\/booksfrommexico.com\\\/app\\\/uploads\\\/2023\\\/05\\\/logo-booksfrommexico.svg\",\"width\":86,\"height\":56,\"caption\":\"Books From Mexico\"},\"image\":{\"@id\":\"https:\\\/\\\/booksfrommexico.com\\\/#\\\/schema\\\/logo\\\/image\\\/\"}}]}<\/script>\n<!-- \/ Yoast SEO plugin. -->","yoast_head_json":{"title":"Estampas ferrocarrileras: Fotograf\u00eda y grabado, 1860-1890","description":"ESTAMPAS FERROCARRILERAS : FOTOGRAF\u00cdA Y GRABADO, 1860-1890. \/ Fernando Aguayo Hern\u00e1ndez. Instituto de Investigaciones Dr. Jos\u00e9 Mar\u00eda Luis Mora, 2003.","robots":{"index":"index","follow":"follow","max-snippet":"max-snippet:-1","max-image-preview":"max-image-preview:large","max-video-preview":"max-video-preview:-1"},"canonical":"https:\/\/booksfrommexico.com\/es\/producto\/estampas-ferrocarrileras-fotografia-y-grabado-1860-1890\/","og_locale":"es_ES","og_type":"article","og_title":"Estampas ferrocarrileras: Fotograf\u00eda y grabado, 1860-1890","og_description":"ESTAMPAS FERROCARRILERAS : FOTOGRAF\u00cdA Y GRABADO, 1860-1890. \/ Fernando Aguayo Hern\u00e1ndez. Instituto de Investigaciones Dr. Jos\u00e9 Mar\u00eda Luis Mora, 2003.","og_url":"https:\/\/booksfrommexico.com\/es\/producto\/estampas-ferrocarrileras-fotografia-y-grabado-1860-1890\/","og_site_name":"Books From Mexico","article_modified_time":"2024-10-02T23:26:43+00:00","og_image":[{"width":564,"height":756,"url":"http:\/\/booksfrommexico.com\/app\/uploads\/2023\/05\/122637.jpeg","type":"image\/jpeg"}],"twitter_card":"summary_large_image","twitter_misc":{"Tiempo de lectura":"1 minuto"},"schema":{"@context":"https:\/\/schema.org","@graph":[{"@type":"WebPage","@id":"https:\/\/booksfrommexico.com\/es\/producto\/estampas-ferrocarrileras-fotografia-y-grabado-1860-1890\/","url":"https:\/\/booksfrommexico.com\/es\/producto\/estampas-ferrocarrileras-fotografia-y-grabado-1860-1890\/","name":"Estampas ferrocarrileras: Fotograf\u00eda y grabado, 1860-1890","isPartOf":{"@id":"https:\/\/booksfrommexico.com\/#website"},"primaryImageOfPage":{"@id":"https:\/\/booksfrommexico.com\/es\/producto\/estampas-ferrocarrileras-fotografia-y-grabado-1860-1890\/#primaryimage"},"image":{"@id":"https:\/\/booksfrommexico.com\/es\/producto\/estampas-ferrocarrileras-fotografia-y-grabado-1860-1890\/#primaryimage"},"thumbnailUrl":"https:\/\/booksfrommexico.com\/app\/uploads\/2023\/05\/122637.jpeg","datePublished":"2023-05-08T17:00:16+00:00","dateModified":"2024-10-02T23:26:43+00:00","description":"ESTAMPAS FERROCARRILERAS : FOTOGRAF\u00cdA Y GRABADO, 1860-1890. \/ Fernando Aguayo Hern\u00e1ndez. Instituto de Investigaciones Dr. Jos\u00e9 Mar\u00eda Luis Mora, 2003.","breadcrumb":{"@id":"https:\/\/booksfrommexico.com\/es\/producto\/estampas-ferrocarrileras-fotografia-y-grabado-1860-1890\/#breadcrumb"},"inLanguage":"es","potentialAction":[{"@type":"ReadAction","target":["https:\/\/booksfrommexico.com\/es\/producto\/estampas-ferrocarrileras-fotografia-y-grabado-1860-1890\/"]}]},{"@type":"ImageObject","inLanguage":"es","@id":"https:\/\/booksfrommexico.com\/es\/producto\/estampas-ferrocarrileras-fotografia-y-grabado-1860-1890\/#primaryimage","url":"https:\/\/booksfrommexico.com\/app\/uploads\/2023\/05\/122637.jpeg","contentUrl":"https:\/\/booksfrommexico.com\/app\/uploads\/2023\/05\/122637.jpeg","width":564,"height":756},{"@type":"BreadcrumbList","@id":"https:\/\/booksfrommexico.com\/es\/producto\/estampas-ferrocarrileras-fotografia-y-grabado-1860-1890\/#breadcrumb","itemListElement":[{"@type":"ListItem","position":1,"name":"Home","item":"https:\/\/booksfrommexico.com\/es\/"},{"@type":"ListItem","position":2,"name":"Libros","item":"https:\/\/booksfrommexico.com\/es\/libros\/"},{"@type":"ListItem","position":3,"name":"Estampas ferrocarrileras: Fotograf\u00eda y grabado, 1860-1890"}]},{"@type":"WebSite","@id":"https:\/\/booksfrommexico.com\/#website","url":"https:\/\/booksfrommexico.com\/","name":"Books From Mexico","description":"","publisher":{"@id":"https:\/\/booksfrommexico.com\/#organization"},"potentialAction":[{"@type":"SearchAction","target":{"@type":"EntryPoint","urlTemplate":"https:\/\/booksfrommexico.com\/?s={search_term_string}"},"query-input":{"@type":"PropertyValueSpecification","valueRequired":true,"valueName":"search_term_string"}}],"inLanguage":"es"},{"@type":"Organization","@id":"https:\/\/booksfrommexico.com\/#organization","name":"Books From Mexico","url":"https:\/\/booksfrommexico.com\/","logo":{"@type":"ImageObject","inLanguage":"es","@id":"https:\/\/booksfrommexico.com\/#\/schema\/logo\/image\/","url":"https:\/\/booksfrommexico.com\/app\/uploads\/2023\/05\/logo-booksfrommexico.svg","contentUrl":"https:\/\/booksfrommexico.com\/app\/uploads\/2023\/05\/logo-booksfrommexico.svg","width":86,"height":56,"caption":"Books From Mexico"},"image":{"@id":"https:\/\/booksfrommexico.com\/#\/schema\/logo\/image\/"}}]}},"_links":{"self":[{"href":"https:\/\/booksfrommexico.com\/es\/wp-json\/wp\/v2\/product\/282","targetHints":{"allow":["GET"]}}],"collection":[{"href":"https:\/\/booksfrommexico.com\/es\/wp-json\/wp\/v2\/product"}],"about":[{"href":"https:\/\/booksfrommexico.com\/es\/wp-json\/wp\/v2\/types\/product"}],"wp:featuredmedia":[{"embeddable":true,"href":"https:\/\/booksfrommexico.com\/es\/wp-json\/wp\/v2\/media\/281"}],"wp:attachment":[{"href":"https:\/\/booksfrommexico.com\/es\/wp-json\/wp\/v2\/media?parent=282"}],"wp:term":[{"taxonomy":"product_brand","embeddable":true,"href":"https:\/\/booksfrommexico.com\/es\/wp-json\/wp\/v2\/product_brand?post=282"},{"taxonomy":"product_cat","embeddable":true,"href":"https:\/\/booksfrommexico.com\/es\/wp-json\/wp\/v2\/product_cat?post=282"},{"taxonomy":"product_tag","embeddable":true,"href":"https:\/\/booksfrommexico.com\/es\/wp-json\/wp\/v2\/product_tag?post=282"}],"curies":[{"name":"wp","href":"https:\/\/api.w.org\/{rel}","templated":true}]}}