{"id":284,"date":"2023-05-08T17:00:18","date_gmt":"2023-05-08T17:00:18","guid":{"rendered":"http:\/\/booksfrommexico.com\/product\/el-mundo-espiritual-de-la-mascara\/"},"modified":"2024-11-14T15:56:25","modified_gmt":"2024-11-14T15:56:25","slug":"el-mundo-espiritual-de-la-mascara","status":"publish","type":"product","link":"https:\/\/booksfrommexico.com\/es\/producto\/el-mundo-espiritual-de-la-mascara\/","title":{"rendered":"Guerrero: El mundo espiritual de la m\u00e1scara"},"content":{"rendered":"<p><span style=\"font-weight: 400;\">La tradici\u00f3n mascaril en el Estado de Guerrero, M\u00e9xico es muy fuerte, siendo una fuente de trabajo que el campesino ha adoptado, existiendo escultores y artesanos que se dedican a este arte en forma sistem\u00e1tica. En este estudio de investigaci\u00f3n se presentan las entrevistas a mascareros de diversas zonas del estado, ya que ah\u00ed residen grandes creadores de m\u00e1scaras que cubren las demandas nacionales e internacionales para llenar espacios en museos y exposiciones culturales. Se presenta, adem\u00e1s, un registro gr\u00e1fico mediante fotograf\u00edas de la producci\u00f3n art\u00edstica de m\u00e1scaras religiosas y espirituales que representan tradiciones ancestrales del estado. <\/span><\/p>\n","protected":false},"excerpt":{"rendered":"<p>GUERRERO : EL MUNDO ESPIRITUAL DE LA M\u00c1SCARA<span style=\"font-weight: 400;\">. \/ Francis Pino Memije. Chilpancingo, Guerrero, M\u00e9xico : Instituto Guerrerense de Cultura ; Gobierno del Estado de Guerrero ; Sociedad de Geograf\u00eda y Estad\u00edstica del Estado de Guerrero, 2000. 171 pages : includes notes, photos, glossary ; 23 cm. <\/span><\/p>\n","protected":false},"featured_media":283,"template":"","meta":{"_acf_changed":false,"inline_featured_image":false},"product_brand":[],"product_cat":[87,790],"product_tag":[4510,4341,3920,3924,3928,3839],"class_list":{"0":"post-284","1":"product","2":"type-product","3":"status-publish","4":"has-post-thumbnail","6":"product_cat-arte","7":"product_cat-arte-y-sociedad-arte","8":"product_tag-arte-popular","9":"product_tag-cultura","10":"product_tag-cultura-popular","11":"product_tag-guerrero-mexico","12":"product_tag-mascaras","13":"product_tag-trabajadores","15":"first","16":"outofstock","17":"sale","18":"taxable","19":"shipping-taxable","20":"purchasable","21":"product-type-simple"},"acf":[],"yoast_head":"<!-- This site is optimized with the Yoast SEO plugin v27.3 - https:\/\/yoast.com\/product\/yoast-seo-wordpress\/ -->\n<title>Guerrero: El mundo espiritual de la m\u00e1scara<\/title>\n<meta name=\"description\" content=\"GUERRERO : EL MUNDO ESPIRITUAL DE LA M\u00c1SCARA. \/ Francis Pino Memije. Guerrero, M\u00e9xico : IGC ; Sociedad de Geograf\u00eda y Estad\u00edstica del Estado de Guerrero.\" \/>\n<meta name=\"robots\" content=\"index, follow, max-snippet:-1, max-image-preview:large, max-video-preview:-1\" \/>\n<link rel=\"canonical\" href=\"https:\/\/booksfrommexico.com\/es\/producto\/el-mundo-espiritual-de-la-mascara\/\" \/>\n<meta property=\"og:locale\" content=\"es_ES\" \/>\n<meta property=\"og:type\" content=\"article\" \/>\n<meta property=\"og:title\" content=\"Guerrero: El mundo espiritual de la m\u00e1scara\" \/>\n<meta property=\"og:description\" content=\"GUERRERO : EL MUNDO ESPIRITUAL DE LA M\u00c1SCARA. \/ Francis Pino Memije. Guerrero, M\u00e9xico : IGC ; Sociedad de Geograf\u00eda y Estad\u00edstica del Estado de Guerrero.\" \/>\n<meta property=\"og:url\" content=\"https:\/\/booksfrommexico.com\/es\/producto\/el-mundo-espiritual-de-la-mascara\/\" \/>\n<meta property=\"og:site_name\" content=\"Books From Mexico\" \/>\n<meta property=\"article:modified_time\" content=\"2024-11-14T15:56:25+00:00\" \/>\n<meta property=\"og:image\" content=\"http:\/\/booksfrommexico.com\/app\/uploads\/2023\/05\/122682.jpeg\" \/>\n\t<meta property=\"og:image:width\" content=\"479\" \/>\n\t<meta property=\"og:image:height\" content=\"663\" \/>\n\t<meta property=\"og:image:type\" content=\"image\/jpeg\" \/>\n<meta name=\"twitter:card\" content=\"summary_large_image\" \/>\n<meta name=\"twitter:label1\" content=\"Tiempo de lectura\" \/>\n\t<meta name=\"twitter:data1\" content=\"1 minuto\" \/>\n<script type=\"application\/ld+json\" class=\"yoast-schema-graph\">{\"@context\":\"https:\\\/\\\/schema.org\",\"@graph\":[{\"@type\":\"WebPage\",\"@id\":\"https:\\\/\\\/booksfrommexico.com\\\/es\\\/producto\\\/el-mundo-espiritual-de-la-mascara\\\/\",\"url\":\"https:\\\/\\\/booksfrommexico.com\\\/es\\\/producto\\\/el-mundo-espiritual-de-la-mascara\\\/\",\"name\":\"Guerrero: El mundo espiritual de la m\u00e1scara\",\"isPartOf\":{\"@id\":\"https:\\\/\\\/booksfrommexico.com\\\/#website\"},\"primaryImageOfPage\":{\"@id\":\"https:\\\/\\\/booksfrommexico.com\\\/es\\\/producto\\\/el-mundo-espiritual-de-la-mascara\\\/#primaryimage\"},\"image\":{\"@id\":\"https:\\\/\\\/booksfrommexico.com\\\/es\\\/producto\\\/el-mundo-espiritual-de-la-mascara\\\/#primaryimage\"},\"thumbnailUrl\":\"https:\\\/\\\/booksfrommexico.com\\\/app\\\/uploads\\\/2023\\\/05\\\/122682.jpeg\",\"datePublished\":\"2023-05-08T17:00:18+00:00\",\"dateModified\":\"2024-11-14T15:56:25+00:00\",\"description\":\"GUERRERO : EL MUNDO ESPIRITUAL DE LA M\u00c1SCARA. \\\/ Francis Pino Memije. Guerrero, M\u00e9xico : IGC ; Sociedad de Geograf\u00eda y Estad\u00edstica del Estado de Guerrero.\",\"breadcrumb\":{\"@id\":\"https:\\\/\\\/booksfrommexico.com\\\/es\\\/producto\\\/el-mundo-espiritual-de-la-mascara\\\/#breadcrumb\"},\"inLanguage\":\"es\",\"potentialAction\":[{\"@type\":\"ReadAction\",\"target\":[\"https:\\\/\\\/booksfrommexico.com\\\/es\\\/producto\\\/el-mundo-espiritual-de-la-mascara\\\/\"]}]},{\"@type\":\"ImageObject\",\"inLanguage\":\"es\",\"@id\":\"https:\\\/\\\/booksfrommexico.com\\\/es\\\/producto\\\/el-mundo-espiritual-de-la-mascara\\\/#primaryimage\",\"url\":\"https:\\\/\\\/booksfrommexico.com\\\/app\\\/uploads\\\/2023\\\/05\\\/122682.jpeg\",\"contentUrl\":\"https:\\\/\\\/booksfrommexico.com\\\/app\\\/uploads\\\/2023\\\/05\\\/122682.jpeg\",\"width\":479,\"height\":663},{\"@type\":\"BreadcrumbList\",\"@id\":\"https:\\\/\\\/booksfrommexico.com\\\/es\\\/producto\\\/el-mundo-espiritual-de-la-mascara\\\/#breadcrumb\",\"itemListElement\":[{\"@type\":\"ListItem\",\"position\":1,\"name\":\"Home\",\"item\":\"https:\\\/\\\/booksfrommexico.com\\\/es\\\/\"},{\"@type\":\"ListItem\",\"position\":2,\"name\":\"Libros\",\"item\":\"https:\\\/\\\/booksfrommexico.com\\\/es\\\/libros\\\/\"},{\"@type\":\"ListItem\",\"position\":3,\"name\":\"Guerrero: El mundo espiritual de la m\u00e1scara\"}]},{\"@type\":\"WebSite\",\"@id\":\"https:\\\/\\\/booksfrommexico.com\\\/#website\",\"url\":\"https:\\\/\\\/booksfrommexico.com\\\/\",\"name\":\"Books From Mexico\",\"description\":\"\",\"publisher\":{\"@id\":\"https:\\\/\\\/booksfrommexico.com\\\/#organization\"},\"potentialAction\":[{\"@type\":\"SearchAction\",\"target\":{\"@type\":\"EntryPoint\",\"urlTemplate\":\"https:\\\/\\\/booksfrommexico.com\\\/?s={search_term_string}\"},\"query-input\":{\"@type\":\"PropertyValueSpecification\",\"valueRequired\":true,\"valueName\":\"search_term_string\"}}],\"inLanguage\":\"es\"},{\"@type\":\"Organization\",\"@id\":\"https:\\\/\\\/booksfrommexico.com\\\/#organization\",\"name\":\"Books From Mexico\",\"url\":\"https:\\\/\\\/booksfrommexico.com\\\/\",\"logo\":{\"@type\":\"ImageObject\",\"inLanguage\":\"es\",\"@id\":\"https:\\\/\\\/booksfrommexico.com\\\/#\\\/schema\\\/logo\\\/image\\\/\",\"url\":\"https:\\\/\\\/booksfrommexico.com\\\/app\\\/uploads\\\/2023\\\/05\\\/logo-booksfrommexico.svg\",\"contentUrl\":\"https:\\\/\\\/booksfrommexico.com\\\/app\\\/uploads\\\/2023\\\/05\\\/logo-booksfrommexico.svg\",\"width\":86,\"height\":56,\"caption\":\"Books From Mexico\"},\"image\":{\"@id\":\"https:\\\/\\\/booksfrommexico.com\\\/#\\\/schema\\\/logo\\\/image\\\/\"}}]}<\/script>\n<!-- \/ Yoast SEO plugin. -->","yoast_head_json":{"title":"Guerrero: El mundo espiritual de la m\u00e1scara","description":"GUERRERO : EL MUNDO ESPIRITUAL DE LA M\u00c1SCARA. \/ Francis Pino Memije. Guerrero, M\u00e9xico : IGC ; Sociedad de Geograf\u00eda y Estad\u00edstica del Estado de Guerrero.","robots":{"index":"index","follow":"follow","max-snippet":"max-snippet:-1","max-image-preview":"max-image-preview:large","max-video-preview":"max-video-preview:-1"},"canonical":"https:\/\/booksfrommexico.com\/es\/producto\/el-mundo-espiritual-de-la-mascara\/","og_locale":"es_ES","og_type":"article","og_title":"Guerrero: El mundo espiritual de la m\u00e1scara","og_description":"GUERRERO : EL MUNDO ESPIRITUAL DE LA M\u00c1SCARA. \/ Francis Pino Memije. Guerrero, M\u00e9xico : IGC ; Sociedad de Geograf\u00eda y Estad\u00edstica del Estado de Guerrero.","og_url":"https:\/\/booksfrommexico.com\/es\/producto\/el-mundo-espiritual-de-la-mascara\/","og_site_name":"Books From Mexico","article_modified_time":"2024-11-14T15:56:25+00:00","og_image":[{"width":479,"height":663,"url":"http:\/\/booksfrommexico.com\/app\/uploads\/2023\/05\/122682.jpeg","type":"image\/jpeg"}],"twitter_card":"summary_large_image","twitter_misc":{"Tiempo de lectura":"1 minuto"},"schema":{"@context":"https:\/\/schema.org","@graph":[{"@type":"WebPage","@id":"https:\/\/booksfrommexico.com\/es\/producto\/el-mundo-espiritual-de-la-mascara\/","url":"https:\/\/booksfrommexico.com\/es\/producto\/el-mundo-espiritual-de-la-mascara\/","name":"Guerrero: El mundo espiritual de la m\u00e1scara","isPartOf":{"@id":"https:\/\/booksfrommexico.com\/#website"},"primaryImageOfPage":{"@id":"https:\/\/booksfrommexico.com\/es\/producto\/el-mundo-espiritual-de-la-mascara\/#primaryimage"},"image":{"@id":"https:\/\/booksfrommexico.com\/es\/producto\/el-mundo-espiritual-de-la-mascara\/#primaryimage"},"thumbnailUrl":"https:\/\/booksfrommexico.com\/app\/uploads\/2023\/05\/122682.jpeg","datePublished":"2023-05-08T17:00:18+00:00","dateModified":"2024-11-14T15:56:25+00:00","description":"GUERRERO : EL MUNDO ESPIRITUAL DE LA M\u00c1SCARA. \/ Francis Pino Memije. Guerrero, M\u00e9xico : IGC ; Sociedad de Geograf\u00eda y Estad\u00edstica del Estado de Guerrero.","breadcrumb":{"@id":"https:\/\/booksfrommexico.com\/es\/producto\/el-mundo-espiritual-de-la-mascara\/#breadcrumb"},"inLanguage":"es","potentialAction":[{"@type":"ReadAction","target":["https:\/\/booksfrommexico.com\/es\/producto\/el-mundo-espiritual-de-la-mascara\/"]}]},{"@type":"ImageObject","inLanguage":"es","@id":"https:\/\/booksfrommexico.com\/es\/producto\/el-mundo-espiritual-de-la-mascara\/#primaryimage","url":"https:\/\/booksfrommexico.com\/app\/uploads\/2023\/05\/122682.jpeg","contentUrl":"https:\/\/booksfrommexico.com\/app\/uploads\/2023\/05\/122682.jpeg","width":479,"height":663},{"@type":"BreadcrumbList","@id":"https:\/\/booksfrommexico.com\/es\/producto\/el-mundo-espiritual-de-la-mascara\/#breadcrumb","itemListElement":[{"@type":"ListItem","position":1,"name":"Home","item":"https:\/\/booksfrommexico.com\/es\/"},{"@type":"ListItem","position":2,"name":"Libros","item":"https:\/\/booksfrommexico.com\/es\/libros\/"},{"@type":"ListItem","position":3,"name":"Guerrero: El mundo espiritual de la m\u00e1scara"}]},{"@type":"WebSite","@id":"https:\/\/booksfrommexico.com\/#website","url":"https:\/\/booksfrommexico.com\/","name":"Books From Mexico","description":"","publisher":{"@id":"https:\/\/booksfrommexico.com\/#organization"},"potentialAction":[{"@type":"SearchAction","target":{"@type":"EntryPoint","urlTemplate":"https:\/\/booksfrommexico.com\/?s={search_term_string}"},"query-input":{"@type":"PropertyValueSpecification","valueRequired":true,"valueName":"search_term_string"}}],"inLanguage":"es"},{"@type":"Organization","@id":"https:\/\/booksfrommexico.com\/#organization","name":"Books From Mexico","url":"https:\/\/booksfrommexico.com\/","logo":{"@type":"ImageObject","inLanguage":"es","@id":"https:\/\/booksfrommexico.com\/#\/schema\/logo\/image\/","url":"https:\/\/booksfrommexico.com\/app\/uploads\/2023\/05\/logo-booksfrommexico.svg","contentUrl":"https:\/\/booksfrommexico.com\/app\/uploads\/2023\/05\/logo-booksfrommexico.svg","width":86,"height":56,"caption":"Books From Mexico"},"image":{"@id":"https:\/\/booksfrommexico.com\/#\/schema\/logo\/image\/"}}]}},"_links":{"self":[{"href":"https:\/\/booksfrommexico.com\/es\/wp-json\/wp\/v2\/product\/284","targetHints":{"allow":["GET"]}}],"collection":[{"href":"https:\/\/booksfrommexico.com\/es\/wp-json\/wp\/v2\/product"}],"about":[{"href":"https:\/\/booksfrommexico.com\/es\/wp-json\/wp\/v2\/types\/product"}],"wp:featuredmedia":[{"embeddable":true,"href":"https:\/\/booksfrommexico.com\/es\/wp-json\/wp\/v2\/media\/283"}],"wp:attachment":[{"href":"https:\/\/booksfrommexico.com\/es\/wp-json\/wp\/v2\/media?parent=284"}],"wp:term":[{"taxonomy":"product_brand","embeddable":true,"href":"https:\/\/booksfrommexico.com\/es\/wp-json\/wp\/v2\/product_brand?post=284"},{"taxonomy":"product_cat","embeddable":true,"href":"https:\/\/booksfrommexico.com\/es\/wp-json\/wp\/v2\/product_cat?post=284"},{"taxonomy":"product_tag","embeddable":true,"href":"https:\/\/booksfrommexico.com\/es\/wp-json\/wp\/v2\/product_tag?post=284"}],"curies":[{"name":"wp","href":"https:\/\/api.w.org\/{rel}","templated":true}]}}