{"id":286,"date":"2023-05-08T17:00:19","date_gmt":"2023-05-08T17:00:19","guid":{"rendered":"http:\/\/booksfrommexico.com\/product\/cartas-de-mujeres\/"},"modified":"2024-10-02T23:27:17","modified_gmt":"2024-10-02T23:27:17","slug":"cartas-de-mujeres","status":"publish","type":"product","link":"https:\/\/booksfrommexico.com\/es\/producto\/cartas-de-mujeres\/","title":{"rendered":"Cartas de mujeres"},"content":{"rendered":"<p><span style=\"font-weight: 400;\">Fue a partir del 23 de noviembre de\u00a0 1898 cuando la secci\u00f3n titulada \u201cCartas de mujeres\u201d, bajo el seud\u00f3nimo de Prevostito, se public\u00f3 en <\/span><i><span style=\"font-weight: 400;\">El Mundo: edici\u00f3n diaria<\/span><\/i><span style=\"font-weight: 400;\">, peri\u00f3dico de la empresa Rafael Reyes Sp\u00edndola. Es s\u00f3lo tras la muerte del escritor Amado Nervo, que Rafael L\u00f3pez revel\u00f3 que el mote \u201cPrevostito\u201d pertenec\u00eda al poeta mexicano reci\u00e9n fallecido. Es a lo largo de estas cartas que el autor hace demostraci\u00f3n de su entendimiento sobre las mujeres, sus contextos, emociones, problem\u00e1ticas y vivencias cotidianas; llegando a un amplio p\u00fablico gracias al uso de personajes bien construidos que representaban a las lectoras de la \u00e9poca.<\/span><\/p>\n","protected":false},"excerpt":{"rendered":"<p>CARTAS DE MUJERES<span style=\"font-weight: 400;\">. \/ Amado Nervo ; Sergio M\u00e1rquez Acevedo (compilator) ; Mar\u00eda del Carmen Ruiz Casta\u00f1eda (coordinator). M\u00e9xico, D.F. : Universidad Nacional Aut\u00f3noma de M\u00e9xico , Instituto de Investigaciones Bibliogr\u00e1ficas, 2004. 146 pages : includes bibliographic notes ; 21 cm. ISBN : 9703213065.<\/span><\/p>\n","protected":false},"featured_media":285,"template":"","meta":{"_acf_changed":false,"inline_featured_image":false},"product_brand":[],"product_cat":[25],"product_tag":[3913,3938,3932],"class_list":{"0":"post-286","1":"product","2":"type-product","3":"status-publish","4":"has-post-thumbnail","6":"product_cat-literatura","7":"product_tag-correspondencia","8":"product_tag-literatura-mexicana","9":"product_tag-textos","11":"first","12":"instock","13":"sale","14":"taxable","15":"shipping-taxable","16":"purchasable","17":"product-type-simple"},"acf":[],"yoast_head":"<!-- This site is optimized with the Yoast SEO plugin v27.3 - https:\/\/yoast.com\/product\/yoast-seo-wordpress\/ -->\n<title>Cartas de mujeres<\/title>\n<meta name=\"description\" content=\"CARTAS DE MUJERES. \/ Amado Nervo ; Sergio M\u00e1rquez Acevedo (compilator) ; Mar\u00eda del Carmen Ruiz Casta\u00f1eda (coordinator). M\u00e9xico, D.F. : UNAM, 2004.\" \/>\n<meta name=\"robots\" content=\"index, follow, max-snippet:-1, max-image-preview:large, max-video-preview:-1\" \/>\n<link rel=\"canonical\" href=\"https:\/\/booksfrommexico.com\/es\/producto\/cartas-de-mujeres\/\" \/>\n<meta property=\"og:locale\" content=\"es_ES\" \/>\n<meta property=\"og:type\" content=\"article\" \/>\n<meta property=\"og:title\" content=\"Cartas de mujeres\" \/>\n<meta property=\"og:description\" content=\"CARTAS DE MUJERES. \/ Amado Nervo ; Sergio M\u00e1rquez Acevedo (compilator) ; Mar\u00eda del Carmen Ruiz Casta\u00f1eda (coordinator). M\u00e9xico, D.F. : UNAM, 2004.\" \/>\n<meta property=\"og:url\" content=\"https:\/\/booksfrommexico.com\/es\/producto\/cartas-de-mujeres\/\" \/>\n<meta property=\"og:site_name\" content=\"Books From Mexico\" \/>\n<meta property=\"article:modified_time\" content=\"2024-10-02T23:27:17+00:00\" \/>\n<meta property=\"og:image\" content=\"http:\/\/booksfrommexico.com\/app\/uploads\/2023\/05\/122847.jpeg\" \/>\n\t<meta property=\"og:image:width\" content=\"380\" \/>\n\t<meta property=\"og:image:height\" content=\"612\" \/>\n\t<meta property=\"og:image:type\" content=\"image\/jpeg\" \/>\n<meta name=\"twitter:card\" content=\"summary_large_image\" \/>\n<meta name=\"twitter:label1\" content=\"Tiempo de lectura\" \/>\n\t<meta name=\"twitter:data1\" content=\"1 minuto\" \/>\n<script type=\"application\/ld+json\" class=\"yoast-schema-graph\">{\"@context\":\"https:\\\/\\\/schema.org\",\"@graph\":[{\"@type\":\"WebPage\",\"@id\":\"https:\\\/\\\/booksfrommexico.com\\\/es\\\/producto\\\/cartas-de-mujeres\\\/\",\"url\":\"https:\\\/\\\/booksfrommexico.com\\\/es\\\/producto\\\/cartas-de-mujeres\\\/\",\"name\":\"Cartas de mujeres\",\"isPartOf\":{\"@id\":\"https:\\\/\\\/booksfrommexico.com\\\/#website\"},\"primaryImageOfPage\":{\"@id\":\"https:\\\/\\\/booksfrommexico.com\\\/es\\\/producto\\\/cartas-de-mujeres\\\/#primaryimage\"},\"image\":{\"@id\":\"https:\\\/\\\/booksfrommexico.com\\\/es\\\/producto\\\/cartas-de-mujeres\\\/#primaryimage\"},\"thumbnailUrl\":\"https:\\\/\\\/booksfrommexico.com\\\/app\\\/uploads\\\/2023\\\/05\\\/122847.jpeg\",\"datePublished\":\"2023-05-08T17:00:19+00:00\",\"dateModified\":\"2024-10-02T23:27:17+00:00\",\"description\":\"CARTAS DE MUJERES. \\\/ Amado Nervo ; Sergio M\u00e1rquez Acevedo (compilator) ; Mar\u00eda del Carmen Ruiz Casta\u00f1eda (coordinator). M\u00e9xico, D.F. : UNAM, 2004.\",\"breadcrumb\":{\"@id\":\"https:\\\/\\\/booksfrommexico.com\\\/es\\\/producto\\\/cartas-de-mujeres\\\/#breadcrumb\"},\"inLanguage\":\"es\",\"potentialAction\":[{\"@type\":\"ReadAction\",\"target\":[\"https:\\\/\\\/booksfrommexico.com\\\/es\\\/producto\\\/cartas-de-mujeres\\\/\"]}]},{\"@type\":\"ImageObject\",\"inLanguage\":\"es\",\"@id\":\"https:\\\/\\\/booksfrommexico.com\\\/es\\\/producto\\\/cartas-de-mujeres\\\/#primaryimage\",\"url\":\"https:\\\/\\\/booksfrommexico.com\\\/app\\\/uploads\\\/2023\\\/05\\\/122847.jpeg\",\"contentUrl\":\"https:\\\/\\\/booksfrommexico.com\\\/app\\\/uploads\\\/2023\\\/05\\\/122847.jpeg\",\"width\":380,\"height\":612},{\"@type\":\"BreadcrumbList\",\"@id\":\"https:\\\/\\\/booksfrommexico.com\\\/es\\\/producto\\\/cartas-de-mujeres\\\/#breadcrumb\",\"itemListElement\":[{\"@type\":\"ListItem\",\"position\":1,\"name\":\"Home\",\"item\":\"https:\\\/\\\/booksfrommexico.com\\\/es\\\/\"},{\"@type\":\"ListItem\",\"position\":2,\"name\":\"Libros\",\"item\":\"https:\\\/\\\/booksfrommexico.com\\\/es\\\/libros\\\/\"},{\"@type\":\"ListItem\",\"position\":3,\"name\":\"Cartas de mujeres\"}]},{\"@type\":\"WebSite\",\"@id\":\"https:\\\/\\\/booksfrommexico.com\\\/#website\",\"url\":\"https:\\\/\\\/booksfrommexico.com\\\/\",\"name\":\"Books From Mexico\",\"description\":\"\",\"publisher\":{\"@id\":\"https:\\\/\\\/booksfrommexico.com\\\/#organization\"},\"potentialAction\":[{\"@type\":\"SearchAction\",\"target\":{\"@type\":\"EntryPoint\",\"urlTemplate\":\"https:\\\/\\\/booksfrommexico.com\\\/?s={search_term_string}\"},\"query-input\":{\"@type\":\"PropertyValueSpecification\",\"valueRequired\":true,\"valueName\":\"search_term_string\"}}],\"inLanguage\":\"es\"},{\"@type\":\"Organization\",\"@id\":\"https:\\\/\\\/booksfrommexico.com\\\/#organization\",\"name\":\"Books From Mexico\",\"url\":\"https:\\\/\\\/booksfrommexico.com\\\/\",\"logo\":{\"@type\":\"ImageObject\",\"inLanguage\":\"es\",\"@id\":\"https:\\\/\\\/booksfrommexico.com\\\/#\\\/schema\\\/logo\\\/image\\\/\",\"url\":\"https:\\\/\\\/booksfrommexico.com\\\/app\\\/uploads\\\/2023\\\/05\\\/logo-booksfrommexico.svg\",\"contentUrl\":\"https:\\\/\\\/booksfrommexico.com\\\/app\\\/uploads\\\/2023\\\/05\\\/logo-booksfrommexico.svg\",\"width\":86,\"height\":56,\"caption\":\"Books From Mexico\"},\"image\":{\"@id\":\"https:\\\/\\\/booksfrommexico.com\\\/#\\\/schema\\\/logo\\\/image\\\/\"}}]}<\/script>\n<!-- \/ Yoast SEO plugin. -->","yoast_head_json":{"title":"Cartas de mujeres","description":"CARTAS DE MUJERES. \/ Amado Nervo ; Sergio M\u00e1rquez Acevedo (compilator) ; Mar\u00eda del Carmen Ruiz Casta\u00f1eda (coordinator). M\u00e9xico, D.F. : UNAM, 2004.","robots":{"index":"index","follow":"follow","max-snippet":"max-snippet:-1","max-image-preview":"max-image-preview:large","max-video-preview":"max-video-preview:-1"},"canonical":"https:\/\/booksfrommexico.com\/es\/producto\/cartas-de-mujeres\/","og_locale":"es_ES","og_type":"article","og_title":"Cartas de mujeres","og_description":"CARTAS DE MUJERES. \/ Amado Nervo ; Sergio M\u00e1rquez Acevedo (compilator) ; Mar\u00eda del Carmen Ruiz Casta\u00f1eda (coordinator). M\u00e9xico, D.F. : UNAM, 2004.","og_url":"https:\/\/booksfrommexico.com\/es\/producto\/cartas-de-mujeres\/","og_site_name":"Books From Mexico","article_modified_time":"2024-10-02T23:27:17+00:00","og_image":[{"width":380,"height":612,"url":"http:\/\/booksfrommexico.com\/app\/uploads\/2023\/05\/122847.jpeg","type":"image\/jpeg"}],"twitter_card":"summary_large_image","twitter_misc":{"Tiempo de lectura":"1 minuto"},"schema":{"@context":"https:\/\/schema.org","@graph":[{"@type":"WebPage","@id":"https:\/\/booksfrommexico.com\/es\/producto\/cartas-de-mujeres\/","url":"https:\/\/booksfrommexico.com\/es\/producto\/cartas-de-mujeres\/","name":"Cartas de mujeres","isPartOf":{"@id":"https:\/\/booksfrommexico.com\/#website"},"primaryImageOfPage":{"@id":"https:\/\/booksfrommexico.com\/es\/producto\/cartas-de-mujeres\/#primaryimage"},"image":{"@id":"https:\/\/booksfrommexico.com\/es\/producto\/cartas-de-mujeres\/#primaryimage"},"thumbnailUrl":"https:\/\/booksfrommexico.com\/app\/uploads\/2023\/05\/122847.jpeg","datePublished":"2023-05-08T17:00:19+00:00","dateModified":"2024-10-02T23:27:17+00:00","description":"CARTAS DE MUJERES. \/ Amado Nervo ; Sergio M\u00e1rquez Acevedo (compilator) ; Mar\u00eda del Carmen Ruiz Casta\u00f1eda (coordinator). M\u00e9xico, D.F. : UNAM, 2004.","breadcrumb":{"@id":"https:\/\/booksfrommexico.com\/es\/producto\/cartas-de-mujeres\/#breadcrumb"},"inLanguage":"es","potentialAction":[{"@type":"ReadAction","target":["https:\/\/booksfrommexico.com\/es\/producto\/cartas-de-mujeres\/"]}]},{"@type":"ImageObject","inLanguage":"es","@id":"https:\/\/booksfrommexico.com\/es\/producto\/cartas-de-mujeres\/#primaryimage","url":"https:\/\/booksfrommexico.com\/app\/uploads\/2023\/05\/122847.jpeg","contentUrl":"https:\/\/booksfrommexico.com\/app\/uploads\/2023\/05\/122847.jpeg","width":380,"height":612},{"@type":"BreadcrumbList","@id":"https:\/\/booksfrommexico.com\/es\/producto\/cartas-de-mujeres\/#breadcrumb","itemListElement":[{"@type":"ListItem","position":1,"name":"Home","item":"https:\/\/booksfrommexico.com\/es\/"},{"@type":"ListItem","position":2,"name":"Libros","item":"https:\/\/booksfrommexico.com\/es\/libros\/"},{"@type":"ListItem","position":3,"name":"Cartas de mujeres"}]},{"@type":"WebSite","@id":"https:\/\/booksfrommexico.com\/#website","url":"https:\/\/booksfrommexico.com\/","name":"Books From Mexico","description":"","publisher":{"@id":"https:\/\/booksfrommexico.com\/#organization"},"potentialAction":[{"@type":"SearchAction","target":{"@type":"EntryPoint","urlTemplate":"https:\/\/booksfrommexico.com\/?s={search_term_string}"},"query-input":{"@type":"PropertyValueSpecification","valueRequired":true,"valueName":"search_term_string"}}],"inLanguage":"es"},{"@type":"Organization","@id":"https:\/\/booksfrommexico.com\/#organization","name":"Books From Mexico","url":"https:\/\/booksfrommexico.com\/","logo":{"@type":"ImageObject","inLanguage":"es","@id":"https:\/\/booksfrommexico.com\/#\/schema\/logo\/image\/","url":"https:\/\/booksfrommexico.com\/app\/uploads\/2023\/05\/logo-booksfrommexico.svg","contentUrl":"https:\/\/booksfrommexico.com\/app\/uploads\/2023\/05\/logo-booksfrommexico.svg","width":86,"height":56,"caption":"Books From Mexico"},"image":{"@id":"https:\/\/booksfrommexico.com\/#\/schema\/logo\/image\/"}}]}},"_links":{"self":[{"href":"https:\/\/booksfrommexico.com\/es\/wp-json\/wp\/v2\/product\/286","targetHints":{"allow":["GET"]}}],"collection":[{"href":"https:\/\/booksfrommexico.com\/es\/wp-json\/wp\/v2\/product"}],"about":[{"href":"https:\/\/booksfrommexico.com\/es\/wp-json\/wp\/v2\/types\/product"}],"wp:featuredmedia":[{"embeddable":true,"href":"https:\/\/booksfrommexico.com\/es\/wp-json\/wp\/v2\/media\/285"}],"wp:attachment":[{"href":"https:\/\/booksfrommexico.com\/es\/wp-json\/wp\/v2\/media?parent=286"}],"wp:term":[{"taxonomy":"product_brand","embeddable":true,"href":"https:\/\/booksfrommexico.com\/es\/wp-json\/wp\/v2\/product_brand?post=286"},{"taxonomy":"product_cat","embeddable":true,"href":"https:\/\/booksfrommexico.com\/es\/wp-json\/wp\/v2\/product_cat?post=286"},{"taxonomy":"product_tag","embeddable":true,"href":"https:\/\/booksfrommexico.com\/es\/wp-json\/wp\/v2\/product_tag?post=286"}],"curies":[{"name":"wp","href":"https:\/\/api.w.org\/{rel}","templated":true}]}}